{"id":47174,"date":"2025-10-01T02:04:20","date_gmt":"2025-10-01T02:04:20","guid":{"rendered":"https:\/\/lovme.pt\/?post_type=product&p=47174"},"modified":"2026-02-19T20:18:03","modified_gmt":"2026-02-19T20:18:03","slug":"leg-avenue-conjunto-curto-top-e-calas","status":"publish","type":"product","link":"https:\/\/lovme.pt\/index.php\/produto\/leg-avenue-conjunto-curto-top-e-calas\/","title":{"rendered":"LEG AVENUE &#8211; CONJUNTO CURTO TOP E CALAS"},"content":{"rendered":"<p>Sinta-se sexy da cabe\u00e7a aos p\u00e9s com este conjunto de lingerie exclusivo. Inclui um top curto com tecido de malha rendada, decote largo e mangas compridas. O conjunto de lingerie vem com meias combinando no comprimento do tornozelo. Use este conjunto durante uma noite emocionante ou roube o show em um festival. Calcinhas n\u00e3o inclu\u00eddas.<\/p>\n<p> O top curto de renda Chantilly sem costura e as meias sem p\u00e9s s\u00e3o uma combina\u00e7\u00e3o sensual e sofisticada que oferece um estilo elegante e sem esfor\u00e7o.<\/p>\n<p> A renda chantilly \u00e9 conhecida por sua delicadeza e beleza, agregando um toque de feminilidade e romantismo ao crop top. Por ser perfeito, proporciona um ajuste macio e confort\u00e1vel, sem marcas ou irrita\u00e7\u00f5es na pele, sendo perfeito para usar por longos per\u00edodos de tempo.<\/p>\n<p> Por outro lado, as meias sem p\u00e9s oferecem uma cobertura sedutora e macia, sem restri\u00e7\u00f5es ao cal\u00e7ado que pretende usar. Isso os torna vers\u00e1teis e adequados para diferentes estilos e ocasi\u00f5es.<\/p>\n<p> Esta combina\u00e7\u00e3o \u00e9 ideal para uma noite especial, uma ocasi\u00e3o rom\u00e2ntica ou simplesmente para se sentir elegante e sexy no dia a dia. Combinada com uma saia justa ou uma cal\u00e7a de cintura alta, esta roupa vai deixar voc\u00ea deslumbrante. pare\u00e7a e sinta-se incrivelmente glamoroso.<\/p>\n<\/p>\n<p> <u><strong>CARACTER\u00cdSTICAS:<\/strong><\/u><\/p>\n<ul>\n<li> Um tamanho<\/li>\n<li> Composi\u00e7\u00e3o: 92% Nylon 8% Elastano<\/li>\n<li> O pacote inclui: 2 pe\u00e7as  Top e cal\u00e7as<\/li>\n<li> Design de lingerie transparente que envolve o corpo<\/li>\n<li> Renda floral, tecido de malha.<\/li>\n<li> Top curto de manga comprida<\/li>\n<li> Lavar \u00e0 m\u00e3o com \u00e1gua fria, usar alvejante sem cloro quando necess\u00e1rio, secar na horizontal, n\u00e3o passar a ferro.<\/li>\n<\/ul>\n<p> <strong>A Leg Avenue<\/strong> tem os produtos que voc\u00ea procurava, comprometendo-se a oferecer aos clientes produtos inovadores, pre\u00e7os competitivos e muita satisfa\u00e7\u00e3o, fresquinhos do que h\u00e1 de mais fashion em Los Angeles. Ningu\u00e9m torna isso mais sexy!!<\/p>\n","protected":false},"excerpt":{"rendered":"<p>LEG AVENUE &#8211; CONJUNTO CURTO TOP E CALAS<\/p>\n","protected":false},"featured_media":94664,"template":"","meta":{"_acf_changed":false},"product_brand":[],"product_cat":[47,66],"product_tag":[],"class_list":{"0":"post-47174","1":"product","2":"type-product","3":"status-publish","4":"has-post-thumbnail","6":"product_cat-lingerie","7":"product_cat-lingerie-feminina","8":"yith_product_brand-leg-avenue","9":"yith_product_brand-leg-avenueleg-avenue-sets","11":"first","12":"instock","13":"taxable","14":"shipping-taxable","15":"purchasable","16":"product-type-simple"},"acf":[],"yoast_head":"<!-- This site is optimized with the Yoast SEO plugin v27.4 - https:\/\/yoast.com\/product\/yoast-seo-wordpress\/ -->\n<title>LEG AVENUE - CONJUNTO CURTO TOP E CALAS - Lovme<\/title>\n<meta name=\"robots\" content=\"index, follow, max-snippet:-1, max-image-preview:large, max-video-preview:-1\" \/>\n<link rel=\"canonical\" href=\"https:\/\/lovme.pt\/index.php\/produto\/leg-avenue-conjunto-curto-top-e-calas\/\" \/>\n<meta property=\"og:locale\" content=\"pt_PT\" \/>\n<meta property=\"og:type\" content=\"article\" \/>\n<meta property=\"og:title\" content=\"LEG AVENUE - CONJUNTO CURTO TOP E CALAS - Lovme\" \/>\n<meta property=\"og:description\" content=\"LEG AVENUE - CONJUNTO CURTO TOP E CALAS\" \/>\n<meta property=\"og:url\" content=\"https:\/\/lovme.pt\/index.php\/produto\/leg-avenue-conjunto-curto-top-e-calas\/\" \/>\n<meta property=\"og:site_name\" content=\"Lovme\" \/>\n<meta property=\"article:modified_time\" content=\"2026-02-19T20:18:03+00:00\" \/>\n<meta property=\"og:image\" content=\"https:\/\/erki24nd3ub.exactdn.com\/wp-content\/uploads\/dream\/img\/img_167488_25ef949d445c457b2bc1d3da4b154274_1.png?strip=all\" \/>\n\t<meta property=\"og:image:width\" content=\"800\" \/>\n\t<meta property=\"og:image:height\" content=\"800\" \/>\n\t<meta property=\"og:image:type\" content=\"image\/png\" \/>\n<meta name=\"twitter:card\" content=\"summary_large_image\" \/>\n<meta name=\"twitter:label1\" content=\"Tempo estimado de leitura\" \/>\n\t<meta name=\"twitter:data1\" content=\"2 minutos\" \/>\n<script type=\"application\/ld+json\" class=\"yoast-schema-graph\">{\"@context\":\"https:\\\/\\\/schema.org\",\"@graph\":[{\"@type\":\"WebPage\",\"@id\":\"https:\\\/\\\/lovme.pt\\\/index.php\\\/produto\\\/leg-avenue-conjunto-curto-top-e-calas\\\/\",\"url\":\"https:\\\/\\\/lovme.pt\\\/index.php\\\/produto\\\/leg-avenue-conjunto-curto-top-e-calas\\\/\",\"name\":\"LEG AVENUE - CONJUNTO CURTO TOP E CALAS - Lovme\",\"isPartOf\":{\"@id\":\"https:\\\/\\\/lovme.pt\\\/#website\"},\"primaryImageOfPage\":{\"@id\":\"https:\\\/\\\/lovme.pt\\\/index.php\\\/produto\\\/leg-avenue-conjunto-curto-top-e-calas\\\/#primaryimage\"},\"image\":{\"@id\":\"https:\\\/\\\/lovme.pt\\\/index.php\\\/produto\\\/leg-avenue-conjunto-curto-top-e-calas\\\/#primaryimage\"},\"thumbnailUrl\":\"https:\\\/\\\/erki24nd3ub.exactdn.com\\\/wp-content\\\/uploads\\\/dream\\\/img\\\/img_167488_25ef949d445c457b2bc1d3da4b154274_1.png?strip=all\",\"datePublished\":\"2025-10-01T02:04:20+00:00\",\"dateModified\":\"2026-02-19T20:18:03+00:00\",\"breadcrumb\":{\"@id\":\"https:\\\/\\\/lovme.pt\\\/index.php\\\/produto\\\/leg-avenue-conjunto-curto-top-e-calas\\\/#breadcrumb\"},\"inLanguage\":\"pt-PT\",\"potentialAction\":[{\"@type\":\"ReadAction\",\"target\":[\"https:\\\/\\\/lovme.pt\\\/index.php\\\/produto\\\/leg-avenue-conjunto-curto-top-e-calas\\\/\"]}]},{\"@type\":\"ImageObject\",\"inLanguage\":\"pt-PT\",\"@id\":\"https:\\\/\\\/lovme.pt\\\/index.php\\\/produto\\\/leg-avenue-conjunto-curto-top-e-calas\\\/#primaryimage\",\"url\":\"https:\\\/\\\/erki24nd3ub.exactdn.com\\\/wp-content\\\/uploads\\\/dream\\\/img\\\/img_167488_25ef949d445c457b2bc1d3da4b154274_1.png?strip=all\",\"contentUrl\":\"https:\\\/\\\/erki24nd3ub.exactdn.com\\\/wp-content\\\/uploads\\\/dream\\\/img\\\/img_167488_25ef949d445c457b2bc1d3da4b154274_1.png?strip=all\",\"width\":800,\"height\":800},{\"@type\":\"BreadcrumbList\",\"@id\":\"https:\\\/\\\/lovme.pt\\\/index.php\\\/produto\\\/leg-avenue-conjunto-curto-top-e-calas\\\/#breadcrumb\",\"itemListElement\":[{\"@type\":\"ListItem\",\"position\":1,\"name\":\"In\u00edcio\",\"item\":\"https:\\\/\\\/lovme.pt\\\/\"},{\"@type\":\"ListItem\",\"position\":2,\"name\":\"Loja\",\"item\":\"https:\\\/\\\/lovme.pt\\\/index.php\\\/loja\\\/\"},{\"@type\":\"ListItem\",\"position\":3,\"name\":\"LEG AVENUE &#8211; CONJUNTO CURTO TOP E CALAS\"}]},{\"@type\":\"WebSite\",\"@id\":\"https:\\\/\\\/lovme.pt\\\/#website\",\"url\":\"https:\\\/\\\/lovme.pt\\\/\",\"name\":\"Lovme Loja Er\u00f3tica N\u00ba1 em Portugal\",\"description\":\"A melhor loja er\u00f3tica de Portugal.\",\"alternateName\":\"Loja Er\u00f3tica Lovme\",\"potentialAction\":[{\"@type\":\"SearchAction\",\"target\":{\"@type\":\"EntryPoint\",\"urlTemplate\":\"https:\\\/\\\/lovme.pt\\\/?s={search_term_string}\"},\"query-input\":{\"@type\":\"PropertyValueSpecification\",\"valueRequired\":true,\"valueName\":\"search_term_string\"}}],\"inLanguage\":\"pt-PT\"}]}<\/script>\n<!-- \/ Yoast SEO plugin. -->","yoast_head_json":{"title":"LEG AVENUE - CONJUNTO CURTO TOP E CALAS - Lovme","robots":{"index":"index","follow":"follow","max-snippet":"max-snippet:-1","max-image-preview":"max-image-preview:large","max-video-preview":"max-video-preview:-1"},"canonical":"https:\/\/lovme.pt\/index.php\/produto\/leg-avenue-conjunto-curto-top-e-calas\/","og_locale":"pt_PT","og_type":"article","og_title":"LEG AVENUE - CONJUNTO CURTO TOP E CALAS - Lovme","og_description":"LEG AVENUE - CONJUNTO CURTO TOP E CALAS","og_url":"https:\/\/lovme.pt\/index.php\/produto\/leg-avenue-conjunto-curto-top-e-calas\/","og_site_name":"Lovme","article_modified_time":"2026-02-19T20:18:03+00:00","og_image":[{"width":800,"height":800,"url":"https:\/\/erki24nd3ub.exactdn.com\/wp-content\/uploads\/dream\/img\/img_167488_25ef949d445c457b2bc1d3da4b154274_1.png?strip=all","type":"image\/png"}],"twitter_card":"summary_large_image","twitter_misc":{"Tempo estimado de leitura":"2 minutos"},"schema":{"@context":"https:\/\/schema.org","@graph":[{"@type":"WebPage","@id":"https:\/\/lovme.pt\/index.php\/produto\/leg-avenue-conjunto-curto-top-e-calas\/","url":"https:\/\/lovme.pt\/index.php\/produto\/leg-avenue-conjunto-curto-top-e-calas\/","name":"LEG AVENUE - CONJUNTO CURTO TOP E CALAS - Lovme","isPartOf":{"@id":"https:\/\/lovme.pt\/#website"},"primaryImageOfPage":{"@id":"https:\/\/lovme.pt\/index.php\/produto\/leg-avenue-conjunto-curto-top-e-calas\/#primaryimage"},"image":{"@id":"https:\/\/lovme.pt\/index.php\/produto\/leg-avenue-conjunto-curto-top-e-calas\/#primaryimage"},"thumbnailUrl":"https:\/\/erki24nd3ub.exactdn.com\/wp-content\/uploads\/dream\/img\/img_167488_25ef949d445c457b2bc1d3da4b154274_1.png?strip=all","datePublished":"2025-10-01T02:04:20+00:00","dateModified":"2026-02-19T20:18:03+00:00","breadcrumb":{"@id":"https:\/\/lovme.pt\/index.php\/produto\/leg-avenue-conjunto-curto-top-e-calas\/#breadcrumb"},"inLanguage":"pt-PT","potentialAction":[{"@type":"ReadAction","target":["https:\/\/lovme.pt\/index.php\/produto\/leg-avenue-conjunto-curto-top-e-calas\/"]}]},{"@type":"ImageObject","inLanguage":"pt-PT","@id":"https:\/\/lovme.pt\/index.php\/produto\/leg-avenue-conjunto-curto-top-e-calas\/#primaryimage","url":"https:\/\/erki24nd3ub.exactdn.com\/wp-content\/uploads\/dream\/img\/img_167488_25ef949d445c457b2bc1d3da4b154274_1.png?strip=all","contentUrl":"https:\/\/erki24nd3ub.exactdn.com\/wp-content\/uploads\/dream\/img\/img_167488_25ef949d445c457b2bc1d3da4b154274_1.png?strip=all","width":800,"height":800},{"@type":"BreadcrumbList","@id":"https:\/\/lovme.pt\/index.php\/produto\/leg-avenue-conjunto-curto-top-e-calas\/#breadcrumb","itemListElement":[{"@type":"ListItem","position":1,"name":"In\u00edcio","item":"https:\/\/lovme.pt\/"},{"@type":"ListItem","position":2,"name":"Loja","item":"https:\/\/lovme.pt\/index.php\/loja\/"},{"@type":"ListItem","position":3,"name":"LEG AVENUE &#8211; CONJUNTO CURTO TOP E CALAS"}]},{"@type":"WebSite","@id":"https:\/\/lovme.pt\/#website","url":"https:\/\/lovme.pt\/","name":"Lovme Loja Er\u00f3tica N\u00ba1 em Portugal","description":"A melhor loja er\u00f3tica de Portugal.","alternateName":"Loja Er\u00f3tica Lovme","potentialAction":[{"@type":"SearchAction","target":{"@type":"EntryPoint","urlTemplate":"https:\/\/lovme.pt\/?s={search_term_string}"},"query-input":{"@type":"PropertyValueSpecification","valueRequired":true,"valueName":"search_term_string"}}],"inLanguage":"pt-PT"}]}},"_links":{"self":[{"href":"https:\/\/lovme.pt\/index.php\/wp-json\/wp\/v2\/product\/47174","targetHints":{"allow":["GET"]}}],"collection":[{"href":"https:\/\/lovme.pt\/index.php\/wp-json\/wp\/v2\/product"}],"about":[{"href":"https:\/\/lovme.pt\/index.php\/wp-json\/wp\/v2\/types\/product"}],"wp:featuredmedia":[{"embeddable":true,"href":"https:\/\/lovme.pt\/index.php\/wp-json\/wp\/v2\/media\/94664"}],"wp:attachment":[{"href":"https:\/\/lovme.pt\/index.php\/wp-json\/wp\/v2\/media?parent=47174"}],"wp:term":[{"taxonomy":"product_brand","embeddable":true,"href":"https:\/\/lovme.pt\/index.php\/wp-json\/wp\/v2\/product_brand?post=47174"},{"taxonomy":"product_cat","embeddable":true,"href":"https:\/\/lovme.pt\/index.php\/wp-json\/wp\/v2\/product_cat?post=47174"},{"taxonomy":"product_tag","embeddable":true,"href":"https:\/\/lovme.pt\/index.php\/wp-json\/wp\/v2\/product_tag?post=47174"}],"curies":[{"name":"wp","href":"https:\/\/api.w.org\/{rel}","templated":true}]}}