{"id":47153,"date":"2025-10-01T00:19:08","date_gmt":"2025-10-01T00:19:08","guid":{"rendered":"https:\/\/lovme.pt\/?post_type=product&p=47153"},"modified":"2026-02-19T20:15:01","modified_gmt":"2026-02-19T20:15:01","slug":"leg-avenue-meias-de-coxa-fishnnet-rosa","status":"publish","type":"product","link":"https:\/\/lovme.pt\/index.php\/produto\/leg-avenue-meias-de-coxa-fishnnet-rosa\/","title":{"rendered":"LEG AVENUE &#8211; MEIAS DE COXA FISHNNET ROSA"},"content":{"rendered":"<p>Eleve o seu visual com o charme atemporal das meias arrast\u00e3o de n\u00e1ilon Leg Avenues at\u00e9 a coxa.<\/p>\n<p> Feitas em nylon 100% premium, essas meias garantem um ajuste confort\u00e1vel que se adapta perfeitamente ao formato das suas pernas. Quer voc\u00ea esteja se vestindo para uma noite especial ou dando os retoques finais ao seu traje, essas meias s\u00e3o a escolha ideal para quem procura uma combina\u00e7\u00e3o de apelo sedutor e conforto pr\u00e1tico.<\/p>\n<p> Destaque suas pernas sensuais com estas meias arrast\u00e3o at\u00e9 a coxa. Estas meias s\u00e3o perfeitas para combinar com os nossos deslumbrantes conjuntos de lingerie ou fantasias. Feito de micro rede respir\u00e1vel de alta qualidade.<\/p>\n<\/p>\n<p> <u><strong>CARACTER\u00cdSTICAS:<\/strong><\/u><\/p>\n<ul>\n<li> Um tamanho<\/li>\n<li> Composi\u00e7\u00e3o: 100% n\u00e1ilon<\/li>\n<li> Esses itens t\u00eam pouco alongamento.<\/li>\n<li> Cor: Rosa<\/li>\n<li> O pacote inclui: 1 unidade<\/li>\n<li> Tecido de meias de alta qualidade para uso duradouro.<\/li>\n<li> Perfeito para todas as ocasi\u00f5es<\/li>\n<li> Estilo over-toe para maior conforto.<\/li>\n<li> Micronet respir\u00e1vel<\/li>\n<li> Lavar abaixo de 30 graus, N\u00e3o usar alvejante, N\u00e3o secar na m\u00e1quina, N\u00e3o passar a ferro, N\u00e3o lavar a seco<\/li>\n<\/ul>\n<p> <strong>A Leg Avenue<\/strong> tem os produtos que voc\u00ea procurava, comprometendo-se a oferecer aos clientes produtos inovadores, pre\u00e7os competitivos e muita satisfa\u00e7\u00e3o, fresquinhos do que h\u00e1 de mais fashion em Los Angeles. Ningu\u00e9m torna isso mais sexy!!<\/p>\n","protected":false},"excerpt":{"rendered":"<p>LEG AVENUE &#8211; MEIAS DE COXA FISHNNET ROSA<\/p>\n","protected":false},"featured_media":86566,"template":"","meta":{"_acf_changed":false},"product_brand":[],"product_cat":[47,66],"product_tag":[],"class_list":{"0":"post-47153","1":"product","2":"type-product","3":"status-publish","4":"has-post-thumbnail","6":"product_cat-lingerie","7":"product_cat-lingerie-feminina","8":"yith_product_brand-leg-avenue","9":"yith_product_brand-leg-avenueleg-avenue-hosiery","11":"first","12":"instock","13":"taxable","14":"shipping-taxable","15":"purchasable","16":"product-type-simple"},"acf":[],"yoast_head":"<!-- This site is optimized with the Yoast SEO plugin v27.4 - https:\/\/yoast.com\/product\/yoast-seo-wordpress\/ -->\n<title>LEG AVENUE - MEIAS DE COXA FISHNNET ROSA - Lovme<\/title>\n<meta name=\"robots\" content=\"index, follow, max-snippet:-1, max-image-preview:large, max-video-preview:-1\" \/>\n<link rel=\"canonical\" href=\"https:\/\/lovme.pt\/index.php\/produto\/leg-avenue-meias-de-coxa-fishnnet-rosa\/\" \/>\n<meta property=\"og:locale\" content=\"pt_PT\" \/>\n<meta property=\"og:type\" content=\"article\" \/>\n<meta property=\"og:title\" content=\"LEG AVENUE - MEIAS DE COXA FISHNNET ROSA - Lovme\" \/>\n<meta property=\"og:description\" content=\"LEG AVENUE - MEIAS DE COXA FISHNNET ROSA\" \/>\n<meta property=\"og:url\" content=\"https:\/\/lovme.pt\/index.php\/produto\/leg-avenue-meias-de-coxa-fishnnet-rosa\/\" \/>\n<meta property=\"og:site_name\" content=\"Lovme\" \/>\n<meta property=\"article:modified_time\" content=\"2026-02-19T20:15:01+00:00\" \/>\n<meta property=\"og:image\" content=\"https:\/\/erki24nd3ub.exactdn.com\/wp-content\/uploads\/dream\/img\/img_167279_c9236554e6121c6d5c6df406d648fccf_1.png?strip=all\" \/>\n\t<meta property=\"og:image:width\" content=\"800\" \/>\n\t<meta property=\"og:image:height\" content=\"800\" \/>\n\t<meta property=\"og:image:type\" content=\"image\/png\" \/>\n<meta name=\"twitter:card\" content=\"summary_large_image\" \/>\n<meta name=\"twitter:label1\" content=\"Tempo estimado de leitura\" \/>\n\t<meta name=\"twitter:data1\" content=\"1 minuto\" \/>\n<script type=\"application\/ld+json\" class=\"yoast-schema-graph\">{\"@context\":\"https:\\\/\\\/schema.org\",\"@graph\":[{\"@type\":\"WebPage\",\"@id\":\"https:\\\/\\\/lovme.pt\\\/index.php\\\/produto\\\/leg-avenue-meias-de-coxa-fishnnet-rosa\\\/\",\"url\":\"https:\\\/\\\/lovme.pt\\\/index.php\\\/produto\\\/leg-avenue-meias-de-coxa-fishnnet-rosa\\\/\",\"name\":\"LEG AVENUE - MEIAS DE COXA FISHNNET ROSA - Lovme\",\"isPartOf\":{\"@id\":\"https:\\\/\\\/lovme.pt\\\/#website\"},\"primaryImageOfPage\":{\"@id\":\"https:\\\/\\\/lovme.pt\\\/index.php\\\/produto\\\/leg-avenue-meias-de-coxa-fishnnet-rosa\\\/#primaryimage\"},\"image\":{\"@id\":\"https:\\\/\\\/lovme.pt\\\/index.php\\\/produto\\\/leg-avenue-meias-de-coxa-fishnnet-rosa\\\/#primaryimage\"},\"thumbnailUrl\":\"https:\\\/\\\/erki24nd3ub.exactdn.com\\\/wp-content\\\/uploads\\\/dream\\\/img\\\/img_167279_c9236554e6121c6d5c6df406d648fccf_1.png?strip=all\",\"datePublished\":\"2025-10-01T00:19:08+00:00\",\"dateModified\":\"2026-02-19T20:15:01+00:00\",\"breadcrumb\":{\"@id\":\"https:\\\/\\\/lovme.pt\\\/index.php\\\/produto\\\/leg-avenue-meias-de-coxa-fishnnet-rosa\\\/#breadcrumb\"},\"inLanguage\":\"pt-PT\",\"potentialAction\":[{\"@type\":\"ReadAction\",\"target\":[\"https:\\\/\\\/lovme.pt\\\/index.php\\\/produto\\\/leg-avenue-meias-de-coxa-fishnnet-rosa\\\/\"]}]},{\"@type\":\"ImageObject\",\"inLanguage\":\"pt-PT\",\"@id\":\"https:\\\/\\\/lovme.pt\\\/index.php\\\/produto\\\/leg-avenue-meias-de-coxa-fishnnet-rosa\\\/#primaryimage\",\"url\":\"https:\\\/\\\/erki24nd3ub.exactdn.com\\\/wp-content\\\/uploads\\\/dream\\\/img\\\/img_167279_c9236554e6121c6d5c6df406d648fccf_1.png?strip=all\",\"contentUrl\":\"https:\\\/\\\/erki24nd3ub.exactdn.com\\\/wp-content\\\/uploads\\\/dream\\\/img\\\/img_167279_c9236554e6121c6d5c6df406d648fccf_1.png?strip=all\",\"width\":800,\"height\":800},{\"@type\":\"BreadcrumbList\",\"@id\":\"https:\\\/\\\/lovme.pt\\\/index.php\\\/produto\\\/leg-avenue-meias-de-coxa-fishnnet-rosa\\\/#breadcrumb\",\"itemListElement\":[{\"@type\":\"ListItem\",\"position\":1,\"name\":\"In\u00edcio\",\"item\":\"https:\\\/\\\/lovme.pt\\\/\"},{\"@type\":\"ListItem\",\"position\":2,\"name\":\"Loja\",\"item\":\"https:\\\/\\\/lovme.pt\\\/index.php\\\/loja\\\/\"},{\"@type\":\"ListItem\",\"position\":3,\"name\":\"LEG AVENUE &#8211; MEIAS DE COXA FISHNNET ROSA\"}]},{\"@type\":\"WebSite\",\"@id\":\"https:\\\/\\\/lovme.pt\\\/#website\",\"url\":\"https:\\\/\\\/lovme.pt\\\/\",\"name\":\"Lovme Loja Er\u00f3tica N\u00ba1 em Portugal\",\"description\":\"A melhor loja er\u00f3tica de Portugal.\",\"alternateName\":\"Loja Er\u00f3tica Lovme\",\"potentialAction\":[{\"@type\":\"SearchAction\",\"target\":{\"@type\":\"EntryPoint\",\"urlTemplate\":\"https:\\\/\\\/lovme.pt\\\/?s={search_term_string}\"},\"query-input\":{\"@type\":\"PropertyValueSpecification\",\"valueRequired\":true,\"valueName\":\"search_term_string\"}}],\"inLanguage\":\"pt-PT\"}]}<\/script>\n<!-- \/ Yoast SEO plugin. -->","yoast_head_json":{"title":"LEG AVENUE - MEIAS DE COXA FISHNNET ROSA - Lovme","robots":{"index":"index","follow":"follow","max-snippet":"max-snippet:-1","max-image-preview":"max-image-preview:large","max-video-preview":"max-video-preview:-1"},"canonical":"https:\/\/lovme.pt\/index.php\/produto\/leg-avenue-meias-de-coxa-fishnnet-rosa\/","og_locale":"pt_PT","og_type":"article","og_title":"LEG AVENUE - MEIAS DE COXA FISHNNET ROSA - Lovme","og_description":"LEG AVENUE - MEIAS DE COXA FISHNNET ROSA","og_url":"https:\/\/lovme.pt\/index.php\/produto\/leg-avenue-meias-de-coxa-fishnnet-rosa\/","og_site_name":"Lovme","article_modified_time":"2026-02-19T20:15:01+00:00","og_image":[{"width":800,"height":800,"url":"https:\/\/erki24nd3ub.exactdn.com\/wp-content\/uploads\/dream\/img\/img_167279_c9236554e6121c6d5c6df406d648fccf_1.png?strip=all","type":"image\/png"}],"twitter_card":"summary_large_image","twitter_misc":{"Tempo estimado de leitura":"1 minuto"},"schema":{"@context":"https:\/\/schema.org","@graph":[{"@type":"WebPage","@id":"https:\/\/lovme.pt\/index.php\/produto\/leg-avenue-meias-de-coxa-fishnnet-rosa\/","url":"https:\/\/lovme.pt\/index.php\/produto\/leg-avenue-meias-de-coxa-fishnnet-rosa\/","name":"LEG AVENUE - MEIAS DE COXA FISHNNET ROSA - Lovme","isPartOf":{"@id":"https:\/\/lovme.pt\/#website"},"primaryImageOfPage":{"@id":"https:\/\/lovme.pt\/index.php\/produto\/leg-avenue-meias-de-coxa-fishnnet-rosa\/#primaryimage"},"image":{"@id":"https:\/\/lovme.pt\/index.php\/produto\/leg-avenue-meias-de-coxa-fishnnet-rosa\/#primaryimage"},"thumbnailUrl":"https:\/\/erki24nd3ub.exactdn.com\/wp-content\/uploads\/dream\/img\/img_167279_c9236554e6121c6d5c6df406d648fccf_1.png?strip=all","datePublished":"2025-10-01T00:19:08+00:00","dateModified":"2026-02-19T20:15:01+00:00","breadcrumb":{"@id":"https:\/\/lovme.pt\/index.php\/produto\/leg-avenue-meias-de-coxa-fishnnet-rosa\/#breadcrumb"},"inLanguage":"pt-PT","potentialAction":[{"@type":"ReadAction","target":["https:\/\/lovme.pt\/index.php\/produto\/leg-avenue-meias-de-coxa-fishnnet-rosa\/"]}]},{"@type":"ImageObject","inLanguage":"pt-PT","@id":"https:\/\/lovme.pt\/index.php\/produto\/leg-avenue-meias-de-coxa-fishnnet-rosa\/#primaryimage","url":"https:\/\/erki24nd3ub.exactdn.com\/wp-content\/uploads\/dream\/img\/img_167279_c9236554e6121c6d5c6df406d648fccf_1.png?strip=all","contentUrl":"https:\/\/erki24nd3ub.exactdn.com\/wp-content\/uploads\/dream\/img\/img_167279_c9236554e6121c6d5c6df406d648fccf_1.png?strip=all","width":800,"height":800},{"@type":"BreadcrumbList","@id":"https:\/\/lovme.pt\/index.php\/produto\/leg-avenue-meias-de-coxa-fishnnet-rosa\/#breadcrumb","itemListElement":[{"@type":"ListItem","position":1,"name":"In\u00edcio","item":"https:\/\/lovme.pt\/"},{"@type":"ListItem","position":2,"name":"Loja","item":"https:\/\/lovme.pt\/index.php\/loja\/"},{"@type":"ListItem","position":3,"name":"LEG AVENUE &#8211; MEIAS DE COXA FISHNNET ROSA"}]},{"@type":"WebSite","@id":"https:\/\/lovme.pt\/#website","url":"https:\/\/lovme.pt\/","name":"Lovme Loja Er\u00f3tica N\u00ba1 em Portugal","description":"A melhor loja er\u00f3tica de Portugal.","alternateName":"Loja Er\u00f3tica Lovme","potentialAction":[{"@type":"SearchAction","target":{"@type":"EntryPoint","urlTemplate":"https:\/\/lovme.pt\/?s={search_term_string}"},"query-input":{"@type":"PropertyValueSpecification","valueRequired":true,"valueName":"search_term_string"}}],"inLanguage":"pt-PT"}]}},"_links":{"self":[{"href":"https:\/\/lovme.pt\/index.php\/wp-json\/wp\/v2\/product\/47153","targetHints":{"allow":["GET"]}}],"collection":[{"href":"https:\/\/lovme.pt\/index.php\/wp-json\/wp\/v2\/product"}],"about":[{"href":"https:\/\/lovme.pt\/index.php\/wp-json\/wp\/v2\/types\/product"}],"wp:featuredmedia":[{"embeddable":true,"href":"https:\/\/lovme.pt\/index.php\/wp-json\/wp\/v2\/media\/86566"}],"wp:attachment":[{"href":"https:\/\/lovme.pt\/index.php\/wp-json\/wp\/v2\/media?parent=47153"}],"wp:term":[{"taxonomy":"product_brand","embeddable":true,"href":"https:\/\/lovme.pt\/index.php\/wp-json\/wp\/v2\/product_brand?post=47153"},{"taxonomy":"product_cat","embeddable":true,"href":"https:\/\/lovme.pt\/index.php\/wp-json\/wp\/v2\/product_cat?post=47153"},{"taxonomy":"product_tag","embeddable":true,"href":"https:\/\/lovme.pt\/index.php\/wp-json\/wp\/v2\/product_tag?post=47153"}],"curies":[{"name":"wp","href":"https:\/\/api.w.org\/{rel}","templated":true}]}}