{"id":47147,"date":"2025-10-01T00:19:02","date_gmt":"2025-10-01T00:19:02","guid":{"rendered":"https:\/\/lovme.pt\/?post_type=product&p=47147"},"modified":"2026-02-19T20:15:01","modified_gmt":"2026-02-19T20:15:01","slug":"leg-avenue-calas-de-tornozelo-pretas","status":"publish","type":"product","link":"https:\/\/lovme.pt\/index.php\/produto\/leg-avenue-calas-de-tornozelo-pretas\/","title":{"rendered":"LEG AVENUE &#8211; CALAS DE TORNOZELO PRETAS"},"content":{"rendered":"<p>As meias sem p\u00e9s de rede industrial s\u00e3o um tipo de meia de rede que n\u00e3o possui sec\u00e7\u00e3o espec\u00edfica para os p\u00e9s, tornando-as adequadas para serem usadas com qualquer tipo de cal\u00e7ado aberto ou fechado, ou mesmo com os p\u00e9s descal\u00e7os. S\u00e3o confeccionados com uma rede tecida grossa e dur\u00e1vel, conhecida como rede industrial, que confere um visual marcante e ousado \u00e0s pernas.<\/p>\n<p> Estas meias sem p\u00e9s s\u00e3o populares na moda alternativa, no mundo do entretenimento e em determinados estilos de dan\u00e7a ou dan\u00e7a, onde se procura um look mais rebelde ou provocador. Devido \u00e0 sua natureza sem p\u00e9s, podem ser facilmente combinados com qualquer tipo de cal\u00e7ado, desde salto alto a botas ou t\u00e9nis.<\/p>\n<p> A meia-cal\u00e7a industrial Net pode ser encontrada em diversas cores e estilos, desde o cl\u00e1ssico preto at\u00e9 tons mais vibrantes ou at\u00e9 estampas. S\u00e3o a escolha ideal para quem quer adicionar um toque de estilo distinto e ousado ao seu look.<\/p>\n<\/p>\n<p> <u><strong>CARACTER\u00cdSTICAS:<\/strong><\/u><\/p>\n<ul>\n<li> Um tamanho<\/li>\n<li> Composi\u00e7\u00e3o: 93% n\u00e1ilon, 7% elastano<\/li>\n<li> Este item tem muita elasticidade.<\/li>\n<li> Cor preta<\/li>\n<\/ul>\n<p> ? <strong>A Leg Avenue<\/strong> tem os produtos que voc\u00ea procurava, comprometida em oferecer aos clientes produtos inovadores, pre\u00e7os competitivos e muita satisfa\u00e7\u00e3o, frescos do bairro mais importante. moda de Los Angeles. Ningu\u00e9m torna isso mais sexy!!<\/p>\n","protected":false},"excerpt":{"rendered":"<p>LEG AVENUE &#8211; CALAS DE TORNOZELO PRETAS<\/p>\n","protected":false},"featured_media":86550,"template":"","meta":{"_acf_changed":false},"product_brand":[],"product_cat":[47,66],"product_tag":[],"class_list":{"0":"post-47147","1":"product","2":"type-product","3":"status-publish","4":"has-post-thumbnail","6":"product_cat-lingerie","7":"product_cat-lingerie-feminina","8":"yith_product_brand-leg-avenue","9":"yith_product_brand-leg-avenueleg-avenue-hosiery","11":"first","12":"instock","13":"taxable","14":"shipping-taxable","15":"purchasable","16":"product-type-simple"},"acf":[],"yoast_head":"<!-- This site is optimized with the Yoast SEO plugin v27.4 - https:\/\/yoast.com\/product\/yoast-seo-wordpress\/ -->\n<title>LEG AVENUE - CALAS DE TORNOZELO PRETAS - Lovme<\/title>\n<meta name=\"robots\" content=\"index, follow, max-snippet:-1, max-image-preview:large, max-video-preview:-1\" \/>\n<link rel=\"canonical\" href=\"https:\/\/lovme.pt\/index.php\/produto\/leg-avenue-calas-de-tornozelo-pretas\/\" \/>\n<meta property=\"og:locale\" content=\"pt_PT\" \/>\n<meta property=\"og:type\" content=\"article\" \/>\n<meta property=\"og:title\" content=\"LEG AVENUE - CALAS DE TORNOZELO PRETAS - Lovme\" \/>\n<meta property=\"og:description\" content=\"LEG AVENUE - CALAS DE TORNOZELO PRETAS\" \/>\n<meta property=\"og:url\" content=\"https:\/\/lovme.pt\/index.php\/produto\/leg-avenue-calas-de-tornozelo-pretas\/\" \/>\n<meta property=\"og:site_name\" content=\"Lovme\" \/>\n<meta property=\"article:modified_time\" content=\"2026-02-19T20:15:01+00:00\" \/>\n<meta property=\"og:image\" content=\"https:\/\/erki24nd3ub.exactdn.com\/wp-content\/uploads\/dream\/img\/img_167213_ea483836adb84ce2f9a26cbddbc5912b_1.png?strip=all\" \/>\n\t<meta property=\"og:image:width\" content=\"800\" \/>\n\t<meta property=\"og:image:height\" content=\"800\" \/>\n\t<meta property=\"og:image:type\" content=\"image\/png\" \/>\n<meta name=\"twitter:card\" content=\"summary_large_image\" \/>\n<meta name=\"twitter:label1\" content=\"Tempo estimado de leitura\" \/>\n\t<meta name=\"twitter:data1\" content=\"1 minuto\" \/>\n<script type=\"application\/ld+json\" class=\"yoast-schema-graph\">{\"@context\":\"https:\\\/\\\/schema.org\",\"@graph\":[{\"@type\":\"WebPage\",\"@id\":\"https:\\\/\\\/lovme.pt\\\/index.php\\\/produto\\\/leg-avenue-calas-de-tornozelo-pretas\\\/\",\"url\":\"https:\\\/\\\/lovme.pt\\\/index.php\\\/produto\\\/leg-avenue-calas-de-tornozelo-pretas\\\/\",\"name\":\"LEG AVENUE - CALAS DE TORNOZELO PRETAS - Lovme\",\"isPartOf\":{\"@id\":\"https:\\\/\\\/lovme.pt\\\/#website\"},\"primaryImageOfPage\":{\"@id\":\"https:\\\/\\\/lovme.pt\\\/index.php\\\/produto\\\/leg-avenue-calas-de-tornozelo-pretas\\\/#primaryimage\"},\"image\":{\"@id\":\"https:\\\/\\\/lovme.pt\\\/index.php\\\/produto\\\/leg-avenue-calas-de-tornozelo-pretas\\\/#primaryimage\"},\"thumbnailUrl\":\"https:\\\/\\\/erki24nd3ub.exactdn.com\\\/wp-content\\\/uploads\\\/dream\\\/img\\\/img_167213_ea483836adb84ce2f9a26cbddbc5912b_1.png?strip=all\",\"datePublished\":\"2025-10-01T00:19:02+00:00\",\"dateModified\":\"2026-02-19T20:15:01+00:00\",\"breadcrumb\":{\"@id\":\"https:\\\/\\\/lovme.pt\\\/index.php\\\/produto\\\/leg-avenue-calas-de-tornozelo-pretas\\\/#breadcrumb\"},\"inLanguage\":\"pt-PT\",\"potentialAction\":[{\"@type\":\"ReadAction\",\"target\":[\"https:\\\/\\\/lovme.pt\\\/index.php\\\/produto\\\/leg-avenue-calas-de-tornozelo-pretas\\\/\"]}]},{\"@type\":\"ImageObject\",\"inLanguage\":\"pt-PT\",\"@id\":\"https:\\\/\\\/lovme.pt\\\/index.php\\\/produto\\\/leg-avenue-calas-de-tornozelo-pretas\\\/#primaryimage\",\"url\":\"https:\\\/\\\/erki24nd3ub.exactdn.com\\\/wp-content\\\/uploads\\\/dream\\\/img\\\/img_167213_ea483836adb84ce2f9a26cbddbc5912b_1.png?strip=all\",\"contentUrl\":\"https:\\\/\\\/erki24nd3ub.exactdn.com\\\/wp-content\\\/uploads\\\/dream\\\/img\\\/img_167213_ea483836adb84ce2f9a26cbddbc5912b_1.png?strip=all\",\"width\":800,\"height\":800},{\"@type\":\"BreadcrumbList\",\"@id\":\"https:\\\/\\\/lovme.pt\\\/index.php\\\/produto\\\/leg-avenue-calas-de-tornozelo-pretas\\\/#breadcrumb\",\"itemListElement\":[{\"@type\":\"ListItem\",\"position\":1,\"name\":\"In\u00edcio\",\"item\":\"https:\\\/\\\/lovme.pt\\\/\"},{\"@type\":\"ListItem\",\"position\":2,\"name\":\"Loja\",\"item\":\"https:\\\/\\\/lovme.pt\\\/index.php\\\/loja\\\/\"},{\"@type\":\"ListItem\",\"position\":3,\"name\":\"LEG AVENUE &#8211; CALAS DE TORNOZELO PRETAS\"}]},{\"@type\":\"WebSite\",\"@id\":\"https:\\\/\\\/lovme.pt\\\/#website\",\"url\":\"https:\\\/\\\/lovme.pt\\\/\",\"name\":\"Lovme Loja Er\u00f3tica N\u00ba1 em Portugal\",\"description\":\"A melhor loja er\u00f3tica de Portugal.\",\"alternateName\":\"Loja Er\u00f3tica Lovme\",\"potentialAction\":[{\"@type\":\"SearchAction\",\"target\":{\"@type\":\"EntryPoint\",\"urlTemplate\":\"https:\\\/\\\/lovme.pt\\\/?s={search_term_string}\"},\"query-input\":{\"@type\":\"PropertyValueSpecification\",\"valueRequired\":true,\"valueName\":\"search_term_string\"}}],\"inLanguage\":\"pt-PT\"}]}<\/script>\n<!-- \/ Yoast SEO plugin. -->","yoast_head_json":{"title":"LEG AVENUE - CALAS DE TORNOZELO PRETAS - Lovme","robots":{"index":"index","follow":"follow","max-snippet":"max-snippet:-1","max-image-preview":"max-image-preview:large","max-video-preview":"max-video-preview:-1"},"canonical":"https:\/\/lovme.pt\/index.php\/produto\/leg-avenue-calas-de-tornozelo-pretas\/","og_locale":"pt_PT","og_type":"article","og_title":"LEG AVENUE - CALAS DE TORNOZELO PRETAS - Lovme","og_description":"LEG AVENUE - CALAS DE TORNOZELO PRETAS","og_url":"https:\/\/lovme.pt\/index.php\/produto\/leg-avenue-calas-de-tornozelo-pretas\/","og_site_name":"Lovme","article_modified_time":"2026-02-19T20:15:01+00:00","og_image":[{"width":800,"height":800,"url":"https:\/\/erki24nd3ub.exactdn.com\/wp-content\/uploads\/dream\/img\/img_167213_ea483836adb84ce2f9a26cbddbc5912b_1.png?strip=all","type":"image\/png"}],"twitter_card":"summary_large_image","twitter_misc":{"Tempo estimado de leitura":"1 minuto"},"schema":{"@context":"https:\/\/schema.org","@graph":[{"@type":"WebPage","@id":"https:\/\/lovme.pt\/index.php\/produto\/leg-avenue-calas-de-tornozelo-pretas\/","url":"https:\/\/lovme.pt\/index.php\/produto\/leg-avenue-calas-de-tornozelo-pretas\/","name":"LEG AVENUE - CALAS DE TORNOZELO PRETAS - Lovme","isPartOf":{"@id":"https:\/\/lovme.pt\/#website"},"primaryImageOfPage":{"@id":"https:\/\/lovme.pt\/index.php\/produto\/leg-avenue-calas-de-tornozelo-pretas\/#primaryimage"},"image":{"@id":"https:\/\/lovme.pt\/index.php\/produto\/leg-avenue-calas-de-tornozelo-pretas\/#primaryimage"},"thumbnailUrl":"https:\/\/erki24nd3ub.exactdn.com\/wp-content\/uploads\/dream\/img\/img_167213_ea483836adb84ce2f9a26cbddbc5912b_1.png?strip=all","datePublished":"2025-10-01T00:19:02+00:00","dateModified":"2026-02-19T20:15:01+00:00","breadcrumb":{"@id":"https:\/\/lovme.pt\/index.php\/produto\/leg-avenue-calas-de-tornozelo-pretas\/#breadcrumb"},"inLanguage":"pt-PT","potentialAction":[{"@type":"ReadAction","target":["https:\/\/lovme.pt\/index.php\/produto\/leg-avenue-calas-de-tornozelo-pretas\/"]}]},{"@type":"ImageObject","inLanguage":"pt-PT","@id":"https:\/\/lovme.pt\/index.php\/produto\/leg-avenue-calas-de-tornozelo-pretas\/#primaryimage","url":"https:\/\/erki24nd3ub.exactdn.com\/wp-content\/uploads\/dream\/img\/img_167213_ea483836adb84ce2f9a26cbddbc5912b_1.png?strip=all","contentUrl":"https:\/\/erki24nd3ub.exactdn.com\/wp-content\/uploads\/dream\/img\/img_167213_ea483836adb84ce2f9a26cbddbc5912b_1.png?strip=all","width":800,"height":800},{"@type":"BreadcrumbList","@id":"https:\/\/lovme.pt\/index.php\/produto\/leg-avenue-calas-de-tornozelo-pretas\/#breadcrumb","itemListElement":[{"@type":"ListItem","position":1,"name":"In\u00edcio","item":"https:\/\/lovme.pt\/"},{"@type":"ListItem","position":2,"name":"Loja","item":"https:\/\/lovme.pt\/index.php\/loja\/"},{"@type":"ListItem","position":3,"name":"LEG AVENUE &#8211; CALAS DE TORNOZELO PRETAS"}]},{"@type":"WebSite","@id":"https:\/\/lovme.pt\/#website","url":"https:\/\/lovme.pt\/","name":"Lovme Loja Er\u00f3tica N\u00ba1 em Portugal","description":"A melhor loja er\u00f3tica de Portugal.","alternateName":"Loja Er\u00f3tica Lovme","potentialAction":[{"@type":"SearchAction","target":{"@type":"EntryPoint","urlTemplate":"https:\/\/lovme.pt\/?s={search_term_string}"},"query-input":{"@type":"PropertyValueSpecification","valueRequired":true,"valueName":"search_term_string"}}],"inLanguage":"pt-PT"}]}},"_links":{"self":[{"href":"https:\/\/lovme.pt\/index.php\/wp-json\/wp\/v2\/product\/47147","targetHints":{"allow":["GET"]}}],"collection":[{"href":"https:\/\/lovme.pt\/index.php\/wp-json\/wp\/v2\/product"}],"about":[{"href":"https:\/\/lovme.pt\/index.php\/wp-json\/wp\/v2\/types\/product"}],"wp:featuredmedia":[{"embeddable":true,"href":"https:\/\/lovme.pt\/index.php\/wp-json\/wp\/v2\/media\/86550"}],"wp:attachment":[{"href":"https:\/\/lovme.pt\/index.php\/wp-json\/wp\/v2\/media?parent=47147"}],"wp:term":[{"taxonomy":"product_brand","embeddable":true,"href":"https:\/\/lovme.pt\/index.php\/wp-json\/wp\/v2\/product_brand?post=47147"},{"taxonomy":"product_cat","embeddable":true,"href":"https:\/\/lovme.pt\/index.php\/wp-json\/wp\/v2\/product_cat?post=47147"},{"taxonomy":"product_tag","embeddable":true,"href":"https:\/\/lovme.pt\/index.php\/wp-json\/wp\/v2\/product_tag?post=47147"}],"curies":[{"name":"wp","href":"https:\/\/api.w.org\/{rel}","templated":true}]}}