{"id":47005,"date":"2025-09-30T10:12:57","date_gmt":"2025-09-30T10:12:57","guid":{"rendered":"https:\/\/lovme.pt\/?post_type=product&p=47005"},"modified":"2026-02-19T20:06:57","modified_gmt":"2026-02-19T20:06:57","slug":"calexotics-boundless-stroker-de-motor-duplo","status":"publish","type":"product","link":"https:\/\/lovme.pt\/index.php\/produto\/calexotics-boundless-stroker-de-motor-duplo\/","title":{"rendered":"CALEXOTICS &#8211; BOUNDLESS STROKER DE MOTOR DUPLO"},"content":{"rendered":"<p>O <strong>Boundless<\/strong> Dual Motor Stroker \u00e9 um Stroker vibrat\u00f3rio \u00e0 prova d\u00e1gua com motores duplos, 10 fun\u00e7\u00f5es de vibra\u00e7\u00e3o e um design arrojado de entrada dupla feito para prazer sem fim. Uma c\u00e2mara texturizada e um design pronto para viagem tornam este masturbador estrondoso ideal. pronto para jogar por prazer a qualquer momento. A c\u00e2mara macia e texturizada aperta com for\u00e7a a cada golpe, enquanto a variedade de fun\u00e7\u00f5es de vibra\u00e7\u00e3o agrada voc\u00ea e o leva a novos patamares clim\u00e1ticos. Desfrute de um prazer totalmente personaliz\u00e1vel ao percorrer 10 fun\u00e7\u00f5es de vibra\u00e7\u00e3o com cada toque no bot\u00e3o de silicone. A manga de c\u00e2mara aberta de dupla face \u00e9 f\u00e1cil de usar, f\u00e1cil de limpar e n\u00e3o requer nenhum cuidado especial. Desfrute de at\u00e9 150 minutos de prazer vibrante e um tempo de recarga de apenas 2 horas.<\/p>\n<p>\u00a0<\/p>\n<p><strong><u>CARACTER\u00cdSTICAS:<\/u><\/strong><\/p>\n<ul>\n<li>10 fun\u00e7\u00f5es de vibra\u00e7\u00e3o, pulsa\u00e7\u00e3o e escalada<\/li>\n<li>Motores duplos<\/li>\n<li>Entrada dupla com 2 tampas remov\u00edveis para armazenamento seguro e limpo<\/li>\n<li>C\u00e2mara texturizada para maior estimula\u00e7\u00e3o<\/li>\n<li>Chip de mem\u00f3ria de \u00faltima gera\u00e7\u00e3o retoma a \u00faltima fun\u00e7\u00e3o usada<\/li>\n<li>Recurso de bloqueio de seguran\u00e7a para viagem: pressione e segure por 3 segundos para lig\u00e1-lo ou deslig\u00e1-lo<\/li>\n<li>USB recarreg\u00e1vel: cabo de carregamento inclu\u00eddo<\/li>\n<li>Carga completa em 2 horas<\/li>\n<li>Funciona por 60 minutos em alta velocidade e 150 minutos em baixa velocidade<\/li>\n<li>Dimens\u00f5es do produto: 3,75 cm de di\u00e2metro &#8211; manga  12,75 x 9,5 cm no total<\/li>\n<\/ul>\n<p>\u00a0<\/p>\n<p><strong>A CalExotics<\/strong> tem transformado constantemente \u201cfantasia em realidade\u201d h\u00e1 mais de uma d\u00e9cada. Com aten\u00e7\u00e3o incompar\u00e1vel aos detalhes, a fundadora e propriet\u00e1ria da CalExotics, Susan Colvin, tornou a marca California Exotic Novelty sin\u00f4nimo de brinquedos para adultos de qualidade. O fato de a CalExotics ser uma empresa pertencente e operada por mulheres desempenha um papel importante em sua ascens\u00e3o mete\u00f3rica ao topo da ind\u00fastria de brinquedos e novidades para adultos.<\/p>\n<p>\u00a0<\/p>\n<div>\n<p>\u00a0<\/p>\n<\/div>\n","protected":false},"excerpt":{"rendered":"<p>CALEXOTICS &#8211; BOUNDLESS STROKER DE MOTOR DUPLO<\/p>\n","protected":false},"featured_media":64165,"template":"","meta":{"_acf_changed":false},"product_brand":[],"product_cat":[17,58,60],"product_tag":[],"class_list":{"0":"post-47005","1":"product","2":"type-product","3":"status-publish","4":"has-post-thumbnail","6":"product_cat-brinquedos-de-bem-estar-sexual","7":"product_cat-masturbadores-para-penis","8":"product_cat-para-eles","9":"yith_product_brand-calexotics","11":"first","12":"instock","13":"taxable","14":"shipping-taxable","15":"purchasable","16":"product-type-simple"},"acf":[],"yoast_head":"<!-- This site is optimized with the Yoast SEO plugin v27.4 - https:\/\/yoast.com\/product\/yoast-seo-wordpress\/ -->\n<title>CALEXOTICS - BOUNDLESS STROKER DE MOTOR DUPLO - Lovme<\/title>\n<meta name=\"robots\" content=\"index, follow, max-snippet:-1, max-image-preview:large, max-video-preview:-1\" \/>\n<link rel=\"canonical\" href=\"https:\/\/lovme.pt\/index.php\/produto\/calexotics-boundless-stroker-de-motor-duplo\/\" \/>\n<meta property=\"og:locale\" content=\"pt_PT\" \/>\n<meta property=\"og:type\" content=\"article\" \/>\n<meta property=\"og:title\" content=\"CALEXOTICS - BOUNDLESS STROKER DE MOTOR DUPLO - Lovme\" \/>\n<meta property=\"og:description\" content=\"CALEXOTICS - BOUNDLESS STROKER DE MOTOR DUPLO\" \/>\n<meta property=\"og:url\" content=\"https:\/\/lovme.pt\/index.php\/produto\/calexotics-boundless-stroker-de-motor-duplo\/\" \/>\n<meta property=\"og:site_name\" content=\"Lovme\" \/>\n<meta property=\"article:modified_time\" content=\"2026-02-19T20:06:57+00:00\" \/>\n<meta property=\"og:image\" content=\"https:\/\/erki24nd3ub.exactdn.com\/wp-content\/uploads\/dream\/img\/img_166238_7fd6f9f2560d82cbdad57f0175478306_1.jpg?strip=all\" \/>\n\t<meta property=\"og:image:width\" content=\"800\" \/>\n\t<meta property=\"og:image:height\" content=\"800\" \/>\n\t<meta property=\"og:image:type\" content=\"image\/jpeg\" \/>\n<meta name=\"twitter:card\" content=\"summary_large_image\" \/>\n<meta name=\"twitter:label1\" content=\"Tempo estimado de leitura\" \/>\n\t<meta name=\"twitter:data1\" content=\"2 minutos\" \/>\n<script type=\"application\/ld+json\" class=\"yoast-schema-graph\">{\"@context\":\"https:\\\/\\\/schema.org\",\"@graph\":[{\"@type\":\"WebPage\",\"@id\":\"https:\\\/\\\/lovme.pt\\\/index.php\\\/produto\\\/calexotics-boundless-stroker-de-motor-duplo\\\/\",\"url\":\"https:\\\/\\\/lovme.pt\\\/index.php\\\/produto\\\/calexotics-boundless-stroker-de-motor-duplo\\\/\",\"name\":\"CALEXOTICS - BOUNDLESS STROKER DE MOTOR DUPLO - Lovme\",\"isPartOf\":{\"@id\":\"https:\\\/\\\/lovme.pt\\\/#website\"},\"primaryImageOfPage\":{\"@id\":\"https:\\\/\\\/lovme.pt\\\/index.php\\\/produto\\\/calexotics-boundless-stroker-de-motor-duplo\\\/#primaryimage\"},\"image\":{\"@id\":\"https:\\\/\\\/lovme.pt\\\/index.php\\\/produto\\\/calexotics-boundless-stroker-de-motor-duplo\\\/#primaryimage\"},\"thumbnailUrl\":\"https:\\\/\\\/erki24nd3ub.exactdn.com\\\/wp-content\\\/uploads\\\/dream\\\/img\\\/img_166238_7fd6f9f2560d82cbdad57f0175478306_1.jpg?strip=all\",\"datePublished\":\"2025-09-30T10:12:57+00:00\",\"dateModified\":\"2026-02-19T20:06:57+00:00\",\"breadcrumb\":{\"@id\":\"https:\\\/\\\/lovme.pt\\\/index.php\\\/produto\\\/calexotics-boundless-stroker-de-motor-duplo\\\/#breadcrumb\"},\"inLanguage\":\"pt-PT\",\"potentialAction\":[{\"@type\":\"ReadAction\",\"target\":[\"https:\\\/\\\/lovme.pt\\\/index.php\\\/produto\\\/calexotics-boundless-stroker-de-motor-duplo\\\/\"]}]},{\"@type\":\"ImageObject\",\"inLanguage\":\"pt-PT\",\"@id\":\"https:\\\/\\\/lovme.pt\\\/index.php\\\/produto\\\/calexotics-boundless-stroker-de-motor-duplo\\\/#primaryimage\",\"url\":\"https:\\\/\\\/erki24nd3ub.exactdn.com\\\/wp-content\\\/uploads\\\/dream\\\/img\\\/img_166238_7fd6f9f2560d82cbdad57f0175478306_1.jpg?strip=all\",\"contentUrl\":\"https:\\\/\\\/erki24nd3ub.exactdn.com\\\/wp-content\\\/uploads\\\/dream\\\/img\\\/img_166238_7fd6f9f2560d82cbdad57f0175478306_1.jpg?strip=all\",\"width\":800,\"height\":800},{\"@type\":\"BreadcrumbList\",\"@id\":\"https:\\\/\\\/lovme.pt\\\/index.php\\\/produto\\\/calexotics-boundless-stroker-de-motor-duplo\\\/#breadcrumb\",\"itemListElement\":[{\"@type\":\"ListItem\",\"position\":1,\"name\":\"In\u00edcio\",\"item\":\"https:\\\/\\\/lovme.pt\\\/\"},{\"@type\":\"ListItem\",\"position\":2,\"name\":\"Loja\",\"item\":\"https:\\\/\\\/lovme.pt\\\/index.php\\\/loja\\\/\"},{\"@type\":\"ListItem\",\"position\":3,\"name\":\"CALEXOTICS &#8211; BOUNDLESS STROKER DE MOTOR DUPLO\"}]},{\"@type\":\"WebSite\",\"@id\":\"https:\\\/\\\/lovme.pt\\\/#website\",\"url\":\"https:\\\/\\\/lovme.pt\\\/\",\"name\":\"Lovme Loja Er\u00f3tica N\u00ba1 em Portugal\",\"description\":\"A melhor loja er\u00f3tica de Portugal.\",\"alternateName\":\"Loja Er\u00f3tica Lovme\",\"potentialAction\":[{\"@type\":\"SearchAction\",\"target\":{\"@type\":\"EntryPoint\",\"urlTemplate\":\"https:\\\/\\\/lovme.pt\\\/?s={search_term_string}\"},\"query-input\":{\"@type\":\"PropertyValueSpecification\",\"valueRequired\":true,\"valueName\":\"search_term_string\"}}],\"inLanguage\":\"pt-PT\"}]}<\/script>\n<!-- \/ Yoast SEO plugin. -->","yoast_head_json":{"title":"CALEXOTICS - BOUNDLESS STROKER DE MOTOR DUPLO - Lovme","robots":{"index":"index","follow":"follow","max-snippet":"max-snippet:-1","max-image-preview":"max-image-preview:large","max-video-preview":"max-video-preview:-1"},"canonical":"https:\/\/lovme.pt\/index.php\/produto\/calexotics-boundless-stroker-de-motor-duplo\/","og_locale":"pt_PT","og_type":"article","og_title":"CALEXOTICS - BOUNDLESS STROKER DE MOTOR DUPLO - Lovme","og_description":"CALEXOTICS - BOUNDLESS STROKER DE MOTOR DUPLO","og_url":"https:\/\/lovme.pt\/index.php\/produto\/calexotics-boundless-stroker-de-motor-duplo\/","og_site_name":"Lovme","article_modified_time":"2026-02-19T20:06:57+00:00","og_image":[{"width":800,"height":800,"url":"https:\/\/erki24nd3ub.exactdn.com\/wp-content\/uploads\/dream\/img\/img_166238_7fd6f9f2560d82cbdad57f0175478306_1.jpg?strip=all","type":"image\/jpeg"}],"twitter_card":"summary_large_image","twitter_misc":{"Tempo estimado de leitura":"2 minutos"},"schema":{"@context":"https:\/\/schema.org","@graph":[{"@type":"WebPage","@id":"https:\/\/lovme.pt\/index.php\/produto\/calexotics-boundless-stroker-de-motor-duplo\/","url":"https:\/\/lovme.pt\/index.php\/produto\/calexotics-boundless-stroker-de-motor-duplo\/","name":"CALEXOTICS - BOUNDLESS STROKER DE MOTOR DUPLO - Lovme","isPartOf":{"@id":"https:\/\/lovme.pt\/#website"},"primaryImageOfPage":{"@id":"https:\/\/lovme.pt\/index.php\/produto\/calexotics-boundless-stroker-de-motor-duplo\/#primaryimage"},"image":{"@id":"https:\/\/lovme.pt\/index.php\/produto\/calexotics-boundless-stroker-de-motor-duplo\/#primaryimage"},"thumbnailUrl":"https:\/\/erki24nd3ub.exactdn.com\/wp-content\/uploads\/dream\/img\/img_166238_7fd6f9f2560d82cbdad57f0175478306_1.jpg?strip=all","datePublished":"2025-09-30T10:12:57+00:00","dateModified":"2026-02-19T20:06:57+00:00","breadcrumb":{"@id":"https:\/\/lovme.pt\/index.php\/produto\/calexotics-boundless-stroker-de-motor-duplo\/#breadcrumb"},"inLanguage":"pt-PT","potentialAction":[{"@type":"ReadAction","target":["https:\/\/lovme.pt\/index.php\/produto\/calexotics-boundless-stroker-de-motor-duplo\/"]}]},{"@type":"ImageObject","inLanguage":"pt-PT","@id":"https:\/\/lovme.pt\/index.php\/produto\/calexotics-boundless-stroker-de-motor-duplo\/#primaryimage","url":"https:\/\/erki24nd3ub.exactdn.com\/wp-content\/uploads\/dream\/img\/img_166238_7fd6f9f2560d82cbdad57f0175478306_1.jpg?strip=all","contentUrl":"https:\/\/erki24nd3ub.exactdn.com\/wp-content\/uploads\/dream\/img\/img_166238_7fd6f9f2560d82cbdad57f0175478306_1.jpg?strip=all","width":800,"height":800},{"@type":"BreadcrumbList","@id":"https:\/\/lovme.pt\/index.php\/produto\/calexotics-boundless-stroker-de-motor-duplo\/#breadcrumb","itemListElement":[{"@type":"ListItem","position":1,"name":"In\u00edcio","item":"https:\/\/lovme.pt\/"},{"@type":"ListItem","position":2,"name":"Loja","item":"https:\/\/lovme.pt\/index.php\/loja\/"},{"@type":"ListItem","position":3,"name":"CALEXOTICS &#8211; BOUNDLESS STROKER DE MOTOR DUPLO"}]},{"@type":"WebSite","@id":"https:\/\/lovme.pt\/#website","url":"https:\/\/lovme.pt\/","name":"Lovme Loja Er\u00f3tica N\u00ba1 em Portugal","description":"A melhor loja er\u00f3tica de Portugal.","alternateName":"Loja Er\u00f3tica Lovme","potentialAction":[{"@type":"SearchAction","target":{"@type":"EntryPoint","urlTemplate":"https:\/\/lovme.pt\/?s={search_term_string}"},"query-input":{"@type":"PropertyValueSpecification","valueRequired":true,"valueName":"search_term_string"}}],"inLanguage":"pt-PT"}]}},"_links":{"self":[{"href":"https:\/\/lovme.pt\/index.php\/wp-json\/wp\/v2\/product\/47005","targetHints":{"allow":["GET"]}}],"collection":[{"href":"https:\/\/lovme.pt\/index.php\/wp-json\/wp\/v2\/product"}],"about":[{"href":"https:\/\/lovme.pt\/index.php\/wp-json\/wp\/v2\/types\/product"}],"wp:featuredmedia":[{"embeddable":true,"href":"https:\/\/lovme.pt\/index.php\/wp-json\/wp\/v2\/media\/64165"}],"wp:attachment":[{"href":"https:\/\/lovme.pt\/index.php\/wp-json\/wp\/v2\/media?parent=47005"}],"wp:term":[{"taxonomy":"product_brand","embeddable":true,"href":"https:\/\/lovme.pt\/index.php\/wp-json\/wp\/v2\/product_brand?post=47005"},{"taxonomy":"product_cat","embeddable":true,"href":"https:\/\/lovme.pt\/index.php\/wp-json\/wp\/v2\/product_cat?post=47005"},{"taxonomy":"product_tag","embeddable":true,"href":"https:\/\/lovme.pt\/index.php\/wp-json\/wp\/v2\/product_tag?post=47005"}],"curies":[{"name":"wp","href":"https:\/\/api.w.org\/{rel}","templated":true}]}}