{"id":46992,"date":"2025-09-30T22:53:38","date_gmt":"2025-09-30T22:53:38","guid":{"rendered":"https:\/\/lovme.pt\/?post_type=product&p=46992"},"modified":"2026-02-19T20:13:28","modified_gmt":"2026-02-19T20:13:28","slug":"calexotics-boundless-flogger","status":"publish","type":"product","link":"https:\/\/lovme.pt\/index.php\/produto\/calexotics-boundless-flogger\/","title":{"rendered":"CALEXOTICS &#8211; BOUNDLESS FLOGGER"},"content":{"rendered":"<p>Para as noites em que voc\u00ea estiver se sentindo ainda mais travesso, aproveite os toques divertidos do <strong>Boundless<\/strong> Flogger. D\u00ea tapinhas pungentes em sua submissa sem esfor\u00e7o com as provocantes borlas de couro vegano e o cabo de textura resistente. As elegantes borlas s\u00e3o feitas para aumentar o prazer e intensificar a excita\u00e7\u00e3o com cada toque provocante. Satisfa\u00e7a os seus caprichos mais selvagens e abrace fantasias perversas com este elegante chicote de m\u00e3o BDSM. Deslumbre-se no quarto e explore seu lado exc\u00eantrico como casal com este a\u00e7oitador vers\u00e1til e amante do prazer. O chicote de m\u00e3o texturizado foi projetado tanto para iniciantes quanto para amantes er\u00f3ticos experientes. Ele pode oferecer golpes suaves para quem deseja explorar ou dar tapas impressionantes que os fetichistas experientes desejam. N\u00e3o importa o qu\u00e3o aventureiro voc\u00ea se sinta, este chicote de couro vegano est\u00e1 pronto para voc\u00ea. aqui para cada fantasia estimulante.<\/p>\n<div>\n<p>\u00a0<\/p>\n<p><b><u>CARACTER\u00cdSTICAS:<\/u><\/b><\/p>\n<ul>\n<li>Al\u00e7a texturizada resistente<\/li>\n<li>Borlas macias<\/li>\n<li>Al\u00e7a pr\u00e1tica<\/li>\n<li>Dimens\u00f5es: borlas de 37,5 cm  69,25 cent\u00edmetros no total<\/li>\n<\/ul>\n<p>\u00a0<\/p>\n<p><strong>A CalExotics<\/strong> tem transformado constantemente \u201cfantasia em realidade\u201d h\u00e1 mais de uma d\u00e9cada. Com aten\u00e7\u00e3o incompar\u00e1vel aos detalhes, a fundadora e propriet\u00e1ria da CalExotics, Susan Colvin, tornou a marca California Exotic Novelty sin\u00f4nimo de brinquedos para adultos de qualidade. O fato de a CalExotics ser uma empresa pertencente e operada por mulheres desempenha um papel importante em sua ascens\u00e3o mete\u00f3rica ao topo da ind\u00fastria de brinquedos e novidades para adultos.<\/p>\n<p>\u00a0<\/p>\n<\/div>\n","protected":false},"excerpt":{"rendered":"<p>CALEXOTICS &#8211; BOUNDLESS FLOGGER<\/p>\n","protected":false},"featured_media":81910,"template":"","meta":{"_acf_changed":false},"product_brand":[],"product_cat":[48],"product_tag":[],"class_list":{"0":"post-46992","1":"product","2":"type-product","3":"status-publish","4":"has-post-thumbnail","6":"product_cat-bdsm","7":"yith_product_brand-calexotics","9":"first","10":"instock","11":"taxable","12":"shipping-taxable","13":"purchasable","14":"product-type-simple"},"acf":[],"yoast_head":"<!-- This site is optimized with the Yoast SEO plugin v27.3 - https:\/\/yoast.com\/product\/yoast-seo-wordpress\/ -->\n<title>CALEXOTICS - BOUNDLESS FLOGGER - Lovme<\/title>\n<meta name=\"robots\" content=\"index, follow, max-snippet:-1, max-image-preview:large, max-video-preview:-1\" \/>\n<link rel=\"canonical\" href=\"https:\/\/lovme.pt\/index.php\/produto\/calexotics-boundless-flogger\/\" \/>\n<meta property=\"og:locale\" content=\"pt_PT\" \/>\n<meta property=\"og:type\" content=\"article\" \/>\n<meta property=\"og:title\" content=\"CALEXOTICS - BOUNDLESS FLOGGER - Lovme\" \/>\n<meta property=\"og:description\" content=\"CALEXOTICS - BOUNDLESS FLOGGER\" \/>\n<meta property=\"og:url\" content=\"https:\/\/lovme.pt\/index.php\/produto\/calexotics-boundless-flogger\/\" \/>\n<meta property=\"og:site_name\" content=\"Lovme\" \/>\n<meta property=\"article:modified_time\" content=\"2026-02-19T20:13:28+00:00\" \/>\n<meta property=\"og:image\" content=\"https:\/\/erki24nd3ub.exactdn.com\/wp-content\/uploads\/dream\/img\/img_166150_e1b7ea9ad80c4e10ada2db0b99343725_1.jpg?strip=all\" \/>\n\t<meta property=\"og:image:width\" content=\"800\" \/>\n\t<meta property=\"og:image:height\" content=\"800\" \/>\n\t<meta property=\"og:image:type\" content=\"image\/jpeg\" \/>\n<meta name=\"twitter:card\" content=\"summary_large_image\" \/>\n<meta name=\"twitter:label1\" content=\"Tempo estimado de leitura\" \/>\n\t<meta name=\"twitter:data1\" content=\"1 minuto\" \/>\n<script type=\"application\/ld+json\" class=\"yoast-schema-graph\">{\"@context\":\"https:\\\/\\\/schema.org\",\"@graph\":[{\"@type\":\"WebPage\",\"@id\":\"https:\\\/\\\/lovme.pt\\\/index.php\\\/produto\\\/calexotics-boundless-flogger\\\/\",\"url\":\"https:\\\/\\\/lovme.pt\\\/index.php\\\/produto\\\/calexotics-boundless-flogger\\\/\",\"name\":\"CALEXOTICS - BOUNDLESS FLOGGER - Lovme\",\"isPartOf\":{\"@id\":\"https:\\\/\\\/lovme.pt\\\/#website\"},\"primaryImageOfPage\":{\"@id\":\"https:\\\/\\\/lovme.pt\\\/index.php\\\/produto\\\/calexotics-boundless-flogger\\\/#primaryimage\"},\"image\":{\"@id\":\"https:\\\/\\\/lovme.pt\\\/index.php\\\/produto\\\/calexotics-boundless-flogger\\\/#primaryimage\"},\"thumbnailUrl\":\"https:\\\/\\\/erki24nd3ub.exactdn.com\\\/wp-content\\\/uploads\\\/dream\\\/img\\\/img_166150_e1b7ea9ad80c4e10ada2db0b99343725_1.jpg?strip=all\",\"datePublished\":\"2025-09-30T22:53:38+00:00\",\"dateModified\":\"2026-02-19T20:13:28+00:00\",\"breadcrumb\":{\"@id\":\"https:\\\/\\\/lovme.pt\\\/index.php\\\/produto\\\/calexotics-boundless-flogger\\\/#breadcrumb\"},\"inLanguage\":\"pt-PT\",\"potentialAction\":[{\"@type\":\"ReadAction\",\"target\":[\"https:\\\/\\\/lovme.pt\\\/index.php\\\/produto\\\/calexotics-boundless-flogger\\\/\"]}]},{\"@type\":\"ImageObject\",\"inLanguage\":\"pt-PT\",\"@id\":\"https:\\\/\\\/lovme.pt\\\/index.php\\\/produto\\\/calexotics-boundless-flogger\\\/#primaryimage\",\"url\":\"https:\\\/\\\/erki24nd3ub.exactdn.com\\\/wp-content\\\/uploads\\\/dream\\\/img\\\/img_166150_e1b7ea9ad80c4e10ada2db0b99343725_1.jpg?strip=all\",\"contentUrl\":\"https:\\\/\\\/erki24nd3ub.exactdn.com\\\/wp-content\\\/uploads\\\/dream\\\/img\\\/img_166150_e1b7ea9ad80c4e10ada2db0b99343725_1.jpg?strip=all\",\"width\":800,\"height\":800},{\"@type\":\"BreadcrumbList\",\"@id\":\"https:\\\/\\\/lovme.pt\\\/index.php\\\/produto\\\/calexotics-boundless-flogger\\\/#breadcrumb\",\"itemListElement\":[{\"@type\":\"ListItem\",\"position\":1,\"name\":\"In\u00edcio\",\"item\":\"https:\\\/\\\/lovme.pt\\\/\"},{\"@type\":\"ListItem\",\"position\":2,\"name\":\"Loja\",\"item\":\"https:\\\/\\\/lovme.pt\\\/index.php\\\/loja\\\/\"},{\"@type\":\"ListItem\",\"position\":3,\"name\":\"CALEXOTICS &#8211; BOUNDLESS FLOGGER\"}]},{\"@type\":\"WebSite\",\"@id\":\"https:\\\/\\\/lovme.pt\\\/#website\",\"url\":\"https:\\\/\\\/lovme.pt\\\/\",\"name\":\"Lovme Loja Er\u00f3tica N\u00ba1 em Portugal\",\"description\":\"A melhor loja er\u00f3tica de Portugal.\",\"alternateName\":\"Loja Er\u00f3tica Lovme\",\"potentialAction\":[{\"@type\":\"SearchAction\",\"target\":{\"@type\":\"EntryPoint\",\"urlTemplate\":\"https:\\\/\\\/lovme.pt\\\/?s={search_term_string}\"},\"query-input\":{\"@type\":\"PropertyValueSpecification\",\"valueRequired\":true,\"valueName\":\"search_term_string\"}}],\"inLanguage\":\"pt-PT\"}]}<\/script>\n<!-- \/ Yoast SEO plugin. -->","yoast_head_json":{"title":"CALEXOTICS - BOUNDLESS FLOGGER - Lovme","robots":{"index":"index","follow":"follow","max-snippet":"max-snippet:-1","max-image-preview":"max-image-preview:large","max-video-preview":"max-video-preview:-1"},"canonical":"https:\/\/lovme.pt\/index.php\/produto\/calexotics-boundless-flogger\/","og_locale":"pt_PT","og_type":"article","og_title":"CALEXOTICS - BOUNDLESS FLOGGER - Lovme","og_description":"CALEXOTICS - BOUNDLESS FLOGGER","og_url":"https:\/\/lovme.pt\/index.php\/produto\/calexotics-boundless-flogger\/","og_site_name":"Lovme","article_modified_time":"2026-02-19T20:13:28+00:00","og_image":[{"width":800,"height":800,"url":"https:\/\/erki24nd3ub.exactdn.com\/wp-content\/uploads\/dream\/img\/img_166150_e1b7ea9ad80c4e10ada2db0b99343725_1.jpg?strip=all","type":"image\/jpeg"}],"twitter_card":"summary_large_image","twitter_misc":{"Tempo estimado de leitura":"1 minuto"},"schema":{"@context":"https:\/\/schema.org","@graph":[{"@type":"WebPage","@id":"https:\/\/lovme.pt\/index.php\/produto\/calexotics-boundless-flogger\/","url":"https:\/\/lovme.pt\/index.php\/produto\/calexotics-boundless-flogger\/","name":"CALEXOTICS - BOUNDLESS FLOGGER - Lovme","isPartOf":{"@id":"https:\/\/lovme.pt\/#website"},"primaryImageOfPage":{"@id":"https:\/\/lovme.pt\/index.php\/produto\/calexotics-boundless-flogger\/#primaryimage"},"image":{"@id":"https:\/\/lovme.pt\/index.php\/produto\/calexotics-boundless-flogger\/#primaryimage"},"thumbnailUrl":"https:\/\/erki24nd3ub.exactdn.com\/wp-content\/uploads\/dream\/img\/img_166150_e1b7ea9ad80c4e10ada2db0b99343725_1.jpg?strip=all","datePublished":"2025-09-30T22:53:38+00:00","dateModified":"2026-02-19T20:13:28+00:00","breadcrumb":{"@id":"https:\/\/lovme.pt\/index.php\/produto\/calexotics-boundless-flogger\/#breadcrumb"},"inLanguage":"pt-PT","potentialAction":[{"@type":"ReadAction","target":["https:\/\/lovme.pt\/index.php\/produto\/calexotics-boundless-flogger\/"]}]},{"@type":"ImageObject","inLanguage":"pt-PT","@id":"https:\/\/lovme.pt\/index.php\/produto\/calexotics-boundless-flogger\/#primaryimage","url":"https:\/\/erki24nd3ub.exactdn.com\/wp-content\/uploads\/dream\/img\/img_166150_e1b7ea9ad80c4e10ada2db0b99343725_1.jpg?strip=all","contentUrl":"https:\/\/erki24nd3ub.exactdn.com\/wp-content\/uploads\/dream\/img\/img_166150_e1b7ea9ad80c4e10ada2db0b99343725_1.jpg?strip=all","width":800,"height":800},{"@type":"BreadcrumbList","@id":"https:\/\/lovme.pt\/index.php\/produto\/calexotics-boundless-flogger\/#breadcrumb","itemListElement":[{"@type":"ListItem","position":1,"name":"In\u00edcio","item":"https:\/\/lovme.pt\/"},{"@type":"ListItem","position":2,"name":"Loja","item":"https:\/\/lovme.pt\/index.php\/loja\/"},{"@type":"ListItem","position":3,"name":"CALEXOTICS &#8211; BOUNDLESS FLOGGER"}]},{"@type":"WebSite","@id":"https:\/\/lovme.pt\/#website","url":"https:\/\/lovme.pt\/","name":"Lovme Loja Er\u00f3tica N\u00ba1 em Portugal","description":"A melhor loja er\u00f3tica de Portugal.","alternateName":"Loja Er\u00f3tica Lovme","potentialAction":[{"@type":"SearchAction","target":{"@type":"EntryPoint","urlTemplate":"https:\/\/lovme.pt\/?s={search_term_string}"},"query-input":{"@type":"PropertyValueSpecification","valueRequired":true,"valueName":"search_term_string"}}],"inLanguage":"pt-PT"}]}},"_links":{"self":[{"href":"https:\/\/lovme.pt\/index.php\/wp-json\/wp\/v2\/product\/46992","targetHints":{"allow":["GET"]}}],"collection":[{"href":"https:\/\/lovme.pt\/index.php\/wp-json\/wp\/v2\/product"}],"about":[{"href":"https:\/\/lovme.pt\/index.php\/wp-json\/wp\/v2\/types\/product"}],"wp:featuredmedia":[{"embeddable":true,"href":"https:\/\/lovme.pt\/index.php\/wp-json\/wp\/v2\/media\/81910"}],"wp:attachment":[{"href":"https:\/\/lovme.pt\/index.php\/wp-json\/wp\/v2\/media?parent=46992"}],"wp:term":[{"taxonomy":"product_brand","embeddable":true,"href":"https:\/\/lovme.pt\/index.php\/wp-json\/wp\/v2\/product_brand?post=46992"},{"taxonomy":"product_cat","embeddable":true,"href":"https:\/\/lovme.pt\/index.php\/wp-json\/wp\/v2\/product_cat?post=46992"},{"taxonomy":"product_tag","embeddable":true,"href":"https:\/\/lovme.pt\/index.php\/wp-json\/wp\/v2\/product_tag?post=46992"}],"curies":[{"name":"wp","href":"https:\/\/api.w.org\/{rel}","templated":true}]}}