{"id":46978,"date":"2025-10-01T03:17:44","date_gmt":"2025-10-01T03:17:44","guid":{"rendered":"https:\/\/lovme.pt\/?post_type=product&p=46978"},"modified":"2026-02-20T04:01:54","modified_gmt":"2026-02-20T04:01:54","slug":"fleshlight-unidade-de-treinamento-pink-lady-stamina-lancamento-universal-lubrificante-aqua-quality-50-ml","status":"publish","type":"product","link":"https:\/\/lovme.pt\/index.php\/produto\/fleshlight-unidade-de-treinamento-pink-lady-stamina-lancamento-universal-lubrificante-aqua-quality-50-ml\/","title":{"rendered":"FLESHLIGHT &#8211; UNIDADE DE TREINAMENTO PINK LADY STAMINA + LAN\u00c7AMENTO UNIVERSAL + LUBRIFICANTE AQUA QUALITY 50 ML"},"content":{"rendered":"<p><strong>FLESHLIGHT &#8211; UNIDADE DE TREINAMENTO PINK LADY STAMINA + LAN\u00c7AMENTO UNIVERSAL + LUBRIFICANTE AQUA QUALITY 50 ML<\/strong><\/p>\n<p>\u00a0<\/p>\n<p><u><strong>UNIDADE DE TREINAMENTO ROSA SENHORA STAMINA:<\/strong><\/u><\/p>\n<p>A pr\u00e1tica leva \u00e0 perfei\u00e7\u00e3o, especialmente na cama. A Unidade de Treinamento de Stamina foi especialmente projetada para reproduzir as sensa\u00e7\u00f5es intensas da verdadeira rela\u00e7\u00e3o sexual, ajudando a melhorar a resist\u00eancia, o desempenho e as t\u00e9cnicas sexuais dos usu\u00e1rios, bem como a aumentar e intensificar os orgasmos.<\/p>\n<p><strong>O PRODUTO FLESHLIGHT MAIS VENDIDO DO MUNDO!<\/strong><\/p>\n<p>\u00c9 treinar para uma maratona que o far\u00e1 correr horas e horas? Ou talvez esteja tentando dar um passo adiante em meio a uma competi\u00e7\u00e3o acirrada com for\u00e7a desenfreada? De qualquer forma, a Unidade de Treinamento de Stamina da Fleshlight \u00e9 o acess\u00f3rio perfeito. Assim como o seu treinador esportivo universit\u00e1rio, nosso dispositivo fornecer\u00e1 suporte. treinamento duro para participar de qualquer corrida em que voc\u00ea queira competir. A Stamina Training Unit reproduz incrivelmente as sensa\u00e7\u00f5es do sexo real e for\u00e7a voc\u00ea a ser melhor na cama &#8211; algo que voc\u00ea j\u00e1 deve ter fantasiado com seu treinador esportivo.<\/p>\n<ul>\n<li>Treine com seguran\u00e7a para melhorar seu desempenho sexual e durar mais tempo<\/li>\n<li>Textura da manga desenhada para reproduzir a sensa\u00e7\u00e3o de uma rela\u00e7\u00e3o sexual real<\/li>\n<li>Alta qualidade, SuperSkin Material\u2122 patenteado e fabricado nos EUA<\/li>\n<li>A manga n\u00e3o \u00e9 t\u00f3xica e \u00e9 segura. livre de ftalato<\/li>\n<li>O design patenteado da caixa permite ajuste vari\u00e1vel simplesmente girando a tampa<\/li>\n<li>Facil de usar e limpar; Constru\u00e7\u00e3o duradoura e dur\u00e1vel<\/li>\n<li>A unidade completa mede 25,4 cm de comprimento e 10 cm de di\u00e2metro<\/li>\n<\/ul>\n<p>\u00a0<\/p>\n<p><strong>INCLUI<\/strong><\/p>\n<p>Isto \u00e9 o que voc\u00ea receber\u00e1 em seu pacote STU<\/p>\n<ul>\n<li>Estojo Dourado Exclusivo<\/li>\n<li>Manga SuperSkin patenteada<\/li>\n<li>Senhora Orif\u00edcio<\/li>\n<li>Instru\u00e7\u00f5es de uso e manuten\u00e7\u00e3o<\/li>\n<li>Guia eletr\u00f4nico GRATUITO para aumentar sua resist\u00eancia<\/li>\n<\/ul>\n<p>\u00a0<\/p>\n<p>A chave para poder durar mais tempo na cama e se tornar o amante que toda mulher sonha ter, n\u00e3o \u00e9 um creme, uma p\u00edlula ou uma po\u00e7\u00e3o&#8230; \u00e9 a PR\u00c1TICA.<\/p>\n<p>\u00a0<\/p>\n<p>O produto de masturba\u00e7\u00e3o STU Unit\u2122 (Stamina Training Unit), \u00e9 um brinquedo sexual para homens projetado especificamente para reproduzir a incr\u00edvel sensa\u00e7\u00e3o da rela\u00e7\u00e3o sexual, melhorando sua resist\u00eancia e t\u00e9cnicas e experimentando orgasmos intensos.<\/p>\n<p>Ao se masturbar usando Fleshlight STU, voc\u00ea n\u00e3o apenas melhorar\u00e1 sua resist\u00eancia e t\u00e9cnicas sexuais, mas tamb\u00e9m experimentar\u00e1 um orgasmo intenso que s\u00f3 \u00e9 poss\u00edvel usando brinquedos sexuais Fleshlight para homens.<\/p>\n<p>Se voc\u00ea consegue durar 10 minutos com STU, voc\u00ea consegue durar 20 minutos na cama com qualquer pessoa. Fleshlight Pink Lady STU inclui o exclusivo estojo Gold Fleshlight.<\/p>\n<p>Sua compra inclui um estojo exclusivo Gold Fleshlight criado a partir de uma lanterna comum. A capa pode ser facilmente removida do estojo para limpeza conveniente ap\u00f3s o uso. O seu estojo Fleshlight \u00e9 perfeito para guardar o seu brinquedo sexual da forma mais discreta poss\u00edvel.<\/p>\n<p>Ajuste da tampa final FleshlightO design patenteado do nosso produto permite que a capa seja ajustada ao case durante o uso, mantendo press\u00e3o e resist\u00eancia adequadas durante toda a experi\u00eancia.<\/p>\n<p>Adicionamos v\u00e1rios \u201cdutos\u201d na extremidade inferior do case Fleshlight. Ajustando a tampa com mais ou menos for\u00e7a voc\u00ea poder\u00e1 controlar a suc\u00e7\u00e3o utilizada durante o uso.<\/p>\n<p>Se voc\u00ea est\u00e1 preocupado com barulho ou incomodar sua fam\u00edlia e vizinhos, voc\u00ea pode afrouxar a tampa at\u00e9 que ela fique completamente aberta, e se masturbar mais silenciosamente com suc\u00e7\u00e3o de menor intensidade.<\/p>\n<p>As capas Fleshlight s\u00e3o compat\u00edveis com a maioria das capas Fleshlight, permitindo que voc\u00ea expanda facilmente sua cole\u00e7\u00e3o combinando uma grande variedade de capas com v\u00e1rios designs e texturas sem precisar comprar um novo produto.<\/p>\n<p>Recomendamos que voc\u00ea guarde suas mangas Fleshlight em um estojo adequado para mant\u00ea-las em condi\u00e7\u00f5es seguras. ideal para uso.<\/p>\n<p>Usando Fleshlight\u00ae Frequentemente, voc\u00ea fortalecer\u00e1 suas ere\u00e7\u00f5es e aumentar\u00e1 a for\u00e7a do p\u00eanis, devido ao treinamento dos tecidos do membro. Voc\u00ea notar\u00e1 uma melhora em alguns meses.<\/p>\n<ul>\n<li>Serve para todos os tamanhos de p\u00eanis.<\/li>\n<\/ul>\n<p>Inclui uma tampa pr\u00e1tica, para poder guard\u00e1-la e proteg\u00ea-la depois de utilizada.<\/p>\n<p>\u00a0<\/p>\n<p>\u00a0<\/p>\n<p><b><u>LAN\u00c7AMENTO UNIVERSAL:<\/u><\/b><\/p>\n<p>Coloque o cinto de seguran\u00e7a e segure-se! Automatize suas fantasias com nosso simulador universal de car\u00edcias! O Universal Launch est\u00e1 dispon\u00edvel Projetado para caber na maioria de nossa linha de produtos E outros tra\u00e7os que n\u00e3o sejam da Fleshlight!* Controle o comprimento e a localiza\u00e7\u00e3o de seus tra\u00e7os, bem como o comprimento e a localiza\u00e7\u00e3o de seus tra\u00e7os. como velocidade. Com seu inovador sistema de controle por toque, basta ajustar os controles, sentar e aproveitar! *O uso de qualquer produto de hardware de terceiros em combina\u00e7\u00e3o com o Universal Launch viola os termos de uso e garantia.<\/p>\n<p><strong>COMO USAR<\/strong><\/p>\n<p>Universal Launch \u00e9 uma experi\u00eancia Fleshlight automatizada para a maioria dos seus brinquedos Fleshlight! Prenda com seguran\u00e7a seu produto Fleshlight compat\u00edvel usando o sistema de catraca universal. Deslize seu produto pela abertura circular aderente. Uma vez na posi\u00e7\u00e3o desejada e segura, use a trava grande para apertar a al\u00e7a. Levante a trava grande do lado esquerdo para apertar bem a al\u00e7a, tomando cuidado para n\u00e3o apertar demais e possivelmente danificar seu Universal Launch ou Stroker. Em seguida, ligue-o e aproveite os diversos recursos do produto! Os interruptores basculantes iluminados e f\u00e1ceis de usar do Universal Launch permitem ajustar entre quatro comprimentos de curso e velocidades de curso vari\u00e1veis, movendo-se at\u00e9 250 cursos por minuto. Se quiser uma experi\u00eancia mais focada, encurte o comprimento do tra\u00e7o e alterne entre as tr\u00eas zonas de prazer dispon\u00edveis: base, haste ou ponta. O suporte universal para smartphone na parte superior oferece a op\u00e7\u00e3o de assistir ao seu conte\u00fado favorito enquanto ambas as m\u00e3os est\u00e3o nos controles. Com carga total, suas sess\u00f5es podem durar at\u00e9 60 minutos, mas tamb\u00e9m podem ser experimentadas em tr\u00e2nsito. conectado \u00e0 parede usando o modo de in\u00edcio ativo Fleshlight.<\/p>\n<p><strong>O QUE EST\u00c1 INCLU\u00cdDO<\/strong><\/p>\n<ul>\n<li>Libera\u00e7\u00e3o Universal\u2122<\/li>\n<li>Suporte universal para smartphones<\/li>\n<li>Cabo de energia<\/li>\n<li>Guia r\u00e1pido<\/li>\n<li>Manual de instru\u00e7\u00f5es<\/li>\n<\/ul>\n","protected":false},"excerpt":{"rendered":"<p>FLESHLIGHT &#8211; UNIDADE DE TREINAMENTO PINK LADY STAMINA + LAN\u00c7AMENTO UNIVERSAL + LUBRIFICANTE AQUA QUALITY 50 ML<\/p>\n","protected":false},"featured_media":102572,"template":"","meta":{"_acf_changed":false},"product_brand":[],"product_cat":[17,58,60],"product_tag":[],"class_list":{"0":"post-46978","1":"product","2":"type-product","3":"status-publish","4":"has-post-thumbnail","6":"product_cat-brinquedos-de-bem-estar-sexual","7":"product_cat-masturbadores-para-penis","8":"product_cat-para-eles","9":"yith_product_brand-fleshlight","11":"first","12":"instock","13":"taxable","14":"shipping-taxable","15":"purchasable","16":"product-type-simple"},"acf":[],"yoast_head":"<!-- This site is optimized with the Yoast SEO plugin v27.4 - https:\/\/yoast.com\/product\/yoast-seo-wordpress\/ -->\n<title>FLESHLIGHT - UNIDADE DE TREINAMENTO PINK LADY STAMINA + LAN\u00c7AMENTO UNIVERSAL + LUBRIFICANTE AQUA QUALITY 50 ML - Lovme<\/title>\n<meta name=\"robots\" content=\"index, follow, max-snippet:-1, max-image-preview:large, max-video-preview:-1\" \/>\n<link rel=\"canonical\" href=\"https:\/\/lovme.pt\/index.php\/produto\/fleshlight-unidade-de-treinamento-pink-lady-stamina-lancamento-universal-lubrificante-aqua-quality-50-ml\/\" \/>\n<meta property=\"og:locale\" content=\"pt_PT\" \/>\n<meta property=\"og:type\" content=\"article\" \/>\n<meta property=\"og:title\" content=\"FLESHLIGHT - UNIDADE DE TREINAMENTO PINK LADY STAMINA + LAN\u00c7AMENTO UNIVERSAL + LUBRIFICANTE AQUA QUALITY 50 ML - Lovme\" \/>\n<meta property=\"og:description\" content=\"FLESHLIGHT - UNIDADE DE TREINAMENTO PINK LADY STAMINA + LAN\u00c7AMENTO UNIVERSAL + LUBRIFICANTE AQUA QUALITY 50 ML\" \/>\n<meta property=\"og:url\" content=\"https:\/\/lovme.pt\/index.php\/produto\/fleshlight-unidade-de-treinamento-pink-lady-stamina-lancamento-universal-lubrificante-aqua-quality-50-ml\/\" \/>\n<meta property=\"og:site_name\" content=\"Lovme\" \/>\n<meta property=\"article:modified_time\" content=\"2026-02-20T04:01:54+00:00\" \/>\n<meta property=\"og:image\" content=\"https:\/\/erki24nd3ub.exactdn.com\/wp-content\/uploads\/dream\/img\/img_166053_bae9fef1e95dff506d64eccec945b832_1.png?strip=all\" \/>\n\t<meta property=\"og:image:width\" content=\"800\" \/>\n\t<meta property=\"og:image:height\" content=\"800\" \/>\n\t<meta property=\"og:image:type\" content=\"image\/png\" \/>\n<meta name=\"twitter:card\" content=\"summary_large_image\" \/>\n<meta name=\"twitter:label1\" content=\"Tempo estimado de leitura\" \/>\n\t<meta name=\"twitter:data1\" content=\"5 minutos\" \/>\n<script type=\"application\/ld+json\" class=\"yoast-schema-graph\">{\"@context\":\"https:\\\/\\\/schema.org\",\"@graph\":[{\"@type\":\"WebPage\",\"@id\":\"https:\\\/\\\/lovme.pt\\\/index.php\\\/produto\\\/fleshlight-unidade-de-treinamento-pink-lady-stamina-lancamento-universal-lubrificante-aqua-quality-50-ml\\\/\",\"url\":\"https:\\\/\\\/lovme.pt\\\/index.php\\\/produto\\\/fleshlight-unidade-de-treinamento-pink-lady-stamina-lancamento-universal-lubrificante-aqua-quality-50-ml\\\/\",\"name\":\"FLESHLIGHT - UNIDADE DE TREINAMENTO PINK LADY STAMINA + LAN\u00c7AMENTO UNIVERSAL + LUBRIFICANTE AQUA QUALITY 50 ML - Lovme\",\"isPartOf\":{\"@id\":\"https:\\\/\\\/lovme.pt\\\/#website\"},\"primaryImageOfPage\":{\"@id\":\"https:\\\/\\\/lovme.pt\\\/index.php\\\/produto\\\/fleshlight-unidade-de-treinamento-pink-lady-stamina-lancamento-universal-lubrificante-aqua-quality-50-ml\\\/#primaryimage\"},\"image\":{\"@id\":\"https:\\\/\\\/lovme.pt\\\/index.php\\\/produto\\\/fleshlight-unidade-de-treinamento-pink-lady-stamina-lancamento-universal-lubrificante-aqua-quality-50-ml\\\/#primaryimage\"},\"thumbnailUrl\":\"https:\\\/\\\/erki24nd3ub.exactdn.com\\\/wp-content\\\/uploads\\\/dream\\\/img\\\/img_166053_bae9fef1e95dff506d64eccec945b832_1.png?strip=all\",\"datePublished\":\"2025-10-01T03:17:44+00:00\",\"dateModified\":\"2026-02-20T04:01:54+00:00\",\"breadcrumb\":{\"@id\":\"https:\\\/\\\/lovme.pt\\\/index.php\\\/produto\\\/fleshlight-unidade-de-treinamento-pink-lady-stamina-lancamento-universal-lubrificante-aqua-quality-50-ml\\\/#breadcrumb\"},\"inLanguage\":\"pt-PT\",\"potentialAction\":[{\"@type\":\"ReadAction\",\"target\":[\"https:\\\/\\\/lovme.pt\\\/index.php\\\/produto\\\/fleshlight-unidade-de-treinamento-pink-lady-stamina-lancamento-universal-lubrificante-aqua-quality-50-ml\\\/\"]}]},{\"@type\":\"ImageObject\",\"inLanguage\":\"pt-PT\",\"@id\":\"https:\\\/\\\/lovme.pt\\\/index.php\\\/produto\\\/fleshlight-unidade-de-treinamento-pink-lady-stamina-lancamento-universal-lubrificante-aqua-quality-50-ml\\\/#primaryimage\",\"url\":\"https:\\\/\\\/erki24nd3ub.exactdn.com\\\/wp-content\\\/uploads\\\/dream\\\/img\\\/img_166053_bae9fef1e95dff506d64eccec945b832_1.png?strip=all\",\"contentUrl\":\"https:\\\/\\\/erki24nd3ub.exactdn.com\\\/wp-content\\\/uploads\\\/dream\\\/img\\\/img_166053_bae9fef1e95dff506d64eccec945b832_1.png?strip=all\",\"width\":800,\"height\":800},{\"@type\":\"BreadcrumbList\",\"@id\":\"https:\\\/\\\/lovme.pt\\\/index.php\\\/produto\\\/fleshlight-unidade-de-treinamento-pink-lady-stamina-lancamento-universal-lubrificante-aqua-quality-50-ml\\\/#breadcrumb\",\"itemListElement\":[{\"@type\":\"ListItem\",\"position\":1,\"name\":\"In\u00edcio\",\"item\":\"https:\\\/\\\/lovme.pt\\\/\"},{\"@type\":\"ListItem\",\"position\":2,\"name\":\"Loja\",\"item\":\"https:\\\/\\\/lovme.pt\\\/index.php\\\/loja\\\/\"},{\"@type\":\"ListItem\",\"position\":3,\"name\":\"FLESHLIGHT &#8211; UNIDADE DE TREINAMENTO PINK LADY STAMINA + LAN\u00c7AMENTO UNIVERSAL + LUBRIFICANTE AQUA QUALITY 50 ML\"}]},{\"@type\":\"WebSite\",\"@id\":\"https:\\\/\\\/lovme.pt\\\/#website\",\"url\":\"https:\\\/\\\/lovme.pt\\\/\",\"name\":\"Lovme Loja Er\u00f3tica N\u00ba1 em Portugal\",\"description\":\"A melhor loja er\u00f3tica de Portugal.\",\"alternateName\":\"Loja Er\u00f3tica Lovme\",\"potentialAction\":[{\"@type\":\"SearchAction\",\"target\":{\"@type\":\"EntryPoint\",\"urlTemplate\":\"https:\\\/\\\/lovme.pt\\\/?s={search_term_string}\"},\"query-input\":{\"@type\":\"PropertyValueSpecification\",\"valueRequired\":true,\"valueName\":\"search_term_string\"}}],\"inLanguage\":\"pt-PT\"}]}<\/script>\n<!-- \/ Yoast SEO plugin. -->","yoast_head_json":{"title":"FLESHLIGHT - UNIDADE DE TREINAMENTO PINK LADY STAMINA + LAN\u00c7AMENTO UNIVERSAL + LUBRIFICANTE AQUA QUALITY 50 ML - Lovme","robots":{"index":"index","follow":"follow","max-snippet":"max-snippet:-1","max-image-preview":"max-image-preview:large","max-video-preview":"max-video-preview:-1"},"canonical":"https:\/\/lovme.pt\/index.php\/produto\/fleshlight-unidade-de-treinamento-pink-lady-stamina-lancamento-universal-lubrificante-aqua-quality-50-ml\/","og_locale":"pt_PT","og_type":"article","og_title":"FLESHLIGHT - UNIDADE DE TREINAMENTO PINK LADY STAMINA + LAN\u00c7AMENTO UNIVERSAL + LUBRIFICANTE AQUA QUALITY 50 ML - Lovme","og_description":"FLESHLIGHT - UNIDADE DE TREINAMENTO PINK LADY STAMINA + LAN\u00c7AMENTO UNIVERSAL + LUBRIFICANTE AQUA QUALITY 50 ML","og_url":"https:\/\/lovme.pt\/index.php\/produto\/fleshlight-unidade-de-treinamento-pink-lady-stamina-lancamento-universal-lubrificante-aqua-quality-50-ml\/","og_site_name":"Lovme","article_modified_time":"2026-02-20T04:01:54+00:00","og_image":[{"width":800,"height":800,"url":"https:\/\/erki24nd3ub.exactdn.com\/wp-content\/uploads\/dream\/img\/img_166053_bae9fef1e95dff506d64eccec945b832_1.png?strip=all","type":"image\/png"}],"twitter_card":"summary_large_image","twitter_misc":{"Tempo estimado de leitura":"5 minutos"},"schema":{"@context":"https:\/\/schema.org","@graph":[{"@type":"WebPage","@id":"https:\/\/lovme.pt\/index.php\/produto\/fleshlight-unidade-de-treinamento-pink-lady-stamina-lancamento-universal-lubrificante-aqua-quality-50-ml\/","url":"https:\/\/lovme.pt\/index.php\/produto\/fleshlight-unidade-de-treinamento-pink-lady-stamina-lancamento-universal-lubrificante-aqua-quality-50-ml\/","name":"FLESHLIGHT - UNIDADE DE TREINAMENTO PINK LADY STAMINA + LAN\u00c7AMENTO UNIVERSAL + LUBRIFICANTE AQUA QUALITY 50 ML - Lovme","isPartOf":{"@id":"https:\/\/lovme.pt\/#website"},"primaryImageOfPage":{"@id":"https:\/\/lovme.pt\/index.php\/produto\/fleshlight-unidade-de-treinamento-pink-lady-stamina-lancamento-universal-lubrificante-aqua-quality-50-ml\/#primaryimage"},"image":{"@id":"https:\/\/lovme.pt\/index.php\/produto\/fleshlight-unidade-de-treinamento-pink-lady-stamina-lancamento-universal-lubrificante-aqua-quality-50-ml\/#primaryimage"},"thumbnailUrl":"https:\/\/erki24nd3ub.exactdn.com\/wp-content\/uploads\/dream\/img\/img_166053_bae9fef1e95dff506d64eccec945b832_1.png?strip=all","datePublished":"2025-10-01T03:17:44+00:00","dateModified":"2026-02-20T04:01:54+00:00","breadcrumb":{"@id":"https:\/\/lovme.pt\/index.php\/produto\/fleshlight-unidade-de-treinamento-pink-lady-stamina-lancamento-universal-lubrificante-aqua-quality-50-ml\/#breadcrumb"},"inLanguage":"pt-PT","potentialAction":[{"@type":"ReadAction","target":["https:\/\/lovme.pt\/index.php\/produto\/fleshlight-unidade-de-treinamento-pink-lady-stamina-lancamento-universal-lubrificante-aqua-quality-50-ml\/"]}]},{"@type":"ImageObject","inLanguage":"pt-PT","@id":"https:\/\/lovme.pt\/index.php\/produto\/fleshlight-unidade-de-treinamento-pink-lady-stamina-lancamento-universal-lubrificante-aqua-quality-50-ml\/#primaryimage","url":"https:\/\/erki24nd3ub.exactdn.com\/wp-content\/uploads\/dream\/img\/img_166053_bae9fef1e95dff506d64eccec945b832_1.png?strip=all","contentUrl":"https:\/\/erki24nd3ub.exactdn.com\/wp-content\/uploads\/dream\/img\/img_166053_bae9fef1e95dff506d64eccec945b832_1.png?strip=all","width":800,"height":800},{"@type":"BreadcrumbList","@id":"https:\/\/lovme.pt\/index.php\/produto\/fleshlight-unidade-de-treinamento-pink-lady-stamina-lancamento-universal-lubrificante-aqua-quality-50-ml\/#breadcrumb","itemListElement":[{"@type":"ListItem","position":1,"name":"In\u00edcio","item":"https:\/\/lovme.pt\/"},{"@type":"ListItem","position":2,"name":"Loja","item":"https:\/\/lovme.pt\/index.php\/loja\/"},{"@type":"ListItem","position":3,"name":"FLESHLIGHT &#8211; UNIDADE DE TREINAMENTO PINK LADY STAMINA + LAN\u00c7AMENTO UNIVERSAL + LUBRIFICANTE AQUA QUALITY 50 ML"}]},{"@type":"WebSite","@id":"https:\/\/lovme.pt\/#website","url":"https:\/\/lovme.pt\/","name":"Lovme Loja Er\u00f3tica N\u00ba1 em Portugal","description":"A melhor loja er\u00f3tica de Portugal.","alternateName":"Loja Er\u00f3tica Lovme","potentialAction":[{"@type":"SearchAction","target":{"@type":"EntryPoint","urlTemplate":"https:\/\/lovme.pt\/?s={search_term_string}"},"query-input":{"@type":"PropertyValueSpecification","valueRequired":true,"valueName":"search_term_string"}}],"inLanguage":"pt-PT"}]}},"_links":{"self":[{"href":"https:\/\/lovme.pt\/index.php\/wp-json\/wp\/v2\/product\/46978","targetHints":{"allow":["GET"]}}],"collection":[{"href":"https:\/\/lovme.pt\/index.php\/wp-json\/wp\/v2\/product"}],"about":[{"href":"https:\/\/lovme.pt\/index.php\/wp-json\/wp\/v2\/types\/product"}],"wp:featuredmedia":[{"embeddable":true,"href":"https:\/\/lovme.pt\/index.php\/wp-json\/wp\/v2\/media\/102572"}],"wp:attachment":[{"href":"https:\/\/lovme.pt\/index.php\/wp-json\/wp\/v2\/media?parent=46978"}],"wp:term":[{"taxonomy":"product_brand","embeddable":true,"href":"https:\/\/lovme.pt\/index.php\/wp-json\/wp\/v2\/product_brand?post=46978"},{"taxonomy":"product_cat","embeddable":true,"href":"https:\/\/lovme.pt\/index.php\/wp-json\/wp\/v2\/product_cat?post=46978"},{"taxonomy":"product_tag","embeddable":true,"href":"https:\/\/lovme.pt\/index.php\/wp-json\/wp\/v2\/product_tag?post=46978"}],"curies":[{"name":"wp","href":"https:\/\/api.w.org\/{rel}","templated":true}]}}