{"id":46974,"date":"2025-10-01T03:06:54","date_gmt":"2025-10-01T03:06:54","guid":{"rendered":"https:\/\/lovme.pt\/?post_type=product&p=46974"},"modified":"2026-02-20T04:01:52","modified_gmt":"2026-02-20T04:01:52","slug":"fleshlight-mia-malkova-vagina-lvl-up-lancamento-universal-lubrificante-aqua-quality-50-ml","status":"publish","type":"product","link":"https:\/\/lovme.pt\/index.php\/produto\/fleshlight-mia-malkova-vagina-lvl-up-lancamento-universal-lubrificante-aqua-quality-50-ml\/","title":{"rendered":"FLESHLIGHT &#8211; MIA MALKOVA VAGINA LVL UP + LAN\u00c7AMENTO UNIVERSAL + LUBRIFICANTE AQUA QUALITY 50 ML"},"content":{"rendered":"<p><strong>FLESHLIGHT &#8211; MIA MALKOVA VAGINA LVL UP + LAN\u00c7AMENTO UNIVERSAL + LUBRIFICANTE AQUA QUALITY 50 ML<\/strong><\/p>\n<p>\u00a0<\/p>\n<p><u><strong>MIA MALKOVA VAGINA LVL ACIMA:<\/strong><\/u><\/p>\n<p>\u00a0<\/p>\n<p>Sinta cada uma das dobras e as texturas e curvas \u00edntimas da famosa atriz porn\u00f4 Mia Malkova<\/p>\n<p>Muito poucas garotas deixaram de ser amadoras doces e inocentes para se tornarem sensa\u00e7\u00f5es porn\u00f4s globais t\u00e3o rapidamente quanto Mia Malkova. Alguns podem subestimar Miss Malkova e pensar que seu sucesso se deve apenas ao seu f\u00edsico, capaz de cativar todos os tipos de p\u00fablico, mas seus verdadeiros f\u00e3s t\u00eam certeza de que a beleza e a sensualidade dessa mulher dependem de muitos outros fatores.<\/p>\n<p>Como muitos de n\u00f3s, Mia Malkova come\u00e7ou a trabalhar na ind\u00fastria de fast food como caixa e gar\u00e7onete, mas logo ficou claro que ela n\u00e3o estava disposta a ficar entediada no trabalho dia ap\u00f3s dia, ent\u00e3o ela decidiu; ouse aceitar seu primeiro papel em um v\u00eddeo de sexo hardcore XXX. Essa cena deu-lhe notoriedade suficiente para ganhar um pr\u00eamio de prest\u00edgio, sendo nomeado Twistys Treat of the Month em dezembro de 2012, superando posteriormente o ainda mais respeit\u00e1vel Twistys Treat of the Year em 2013.<\/p>\n<p>Da mesma forma, seu Fleshlight personalizado \u00e9  aacute; Projetado com foco em qualidade, confiabilidade e durabilidade. Este produto oferece o melhor de Mia Malkova cada vez que ela decide brincar com ele, levando-o um passo adiante. e transformando cada sess\u00e3o em uma fantasia que superar\u00e1 seus sonhos. todas as expectativas dela.<!-- p--><\/p>\n<p>Em 2018 Mia Malkova voltou a estar em destaque pela sua participa\u00e7\u00e3o no document\u00e1rio Deus, Sexo e Verdade. No filme perguntaram a Mia por que decidiu entrar no porn\u00f4, e vale a pena ler sua resposta: &#8220;A \u00fanica raz\u00e3o pela qual entrei no porn\u00f4&#8221; &#8220;No porn\u00f4 \u00e9 porque adoro sexo e o mundo do porn\u00f4 \u00e9 o melhor e mais seguro para explore o sexo em todas as suas formas.&#8221;<\/p>\n<p>Quando voc\u00ea entrar em Mia Malkova, o resto do mundo desaparecer\u00e1. em sua mente e voc\u00ea poder\u00e1. Voc\u00ea pode ter certeza que sempre receber\u00e1 toda a aten\u00e7\u00e3o e carinho ilimitado que Mia recebe. disposto a te dar. D\u00ea a Mia tudo o que ela deseja e n\u00e3o deixe de trabalhar sua resist\u00eancia, porque o que ela mais deseja&#8230; \u00e9 tudo que voc\u00ea tem para ela! ; Seu Fleshlight exclusivo \u00e9 a chave para desbloquear um novo n\u00edvel de divers\u00e3o sempre que voc\u00ea quiser jogar!<\/p>\n<p>Por fora, este masturbador masculino tem o design exclusivo que s\u00f3 a Fleshlight tem e que o torna a marca n\u00famero 1 de masturbadores masculinos. 1 no mundo pelo seu design<\/p>\n<p>No interior, as mangas s\u00e3o confeccionadas num material realista, \u00e9 como se fosse pele verdadeira, adaptando-se \u00e0 temperatura do seu corpo, o que lhe proporcionar\u00e1 conforto. muito mais realismo. Seu design \u00e9 espetacular por dentro e por fora. Sua manga \u00e9 uma r\u00e9plica exata da vagina dessa atriz, o que a torna uma pe\u00e7a de prazer \u00fanica e super exclusiva.<\/p>\n<p>Com este masturbador voc\u00ea ter\u00e1 a melhor experi\u00eancia de masturba\u00e7\u00e3o para os homens. \u00c9 como se fosse uma vagina de verdade<\/p>\n<p>Possui duas tampas, uma principal, que cobre a parte externa da manga, e uma inferior com a qual voc\u00ea pode regular o n\u00edvel de press\u00e3o e consequentemente a masturba\u00e7\u00e3o.<\/p>\n<ul>\n<li>Mia Malkova Mang\u00e1<\/li>\n<li>Estilo: Vagina<\/li>\n<li>Sensa\u00e7\u00e3o Fleshlight: LVL UP<\/li>\n<li>Facil de usar e limpar<\/li>\n<li>Material: Superpele<\/li>\n<li>Cor: Carne<\/li>\n<\/ul>\n<p>SENSA\u00c7\u00c3O DE FLESHLIGHT: LVL UP<\/p>\n<p>Lvl Up de Mia Malkova \u00e9 apresentado com um novo design de tent\u00e1culos de pequenas bolhas dispostas em espiral, seguidos por c\u00e2maras de orif\u00edcios de prazer e cavidades alternadas e super apertadas. Voc\u00ea descobrir\u00e1 novas sensa\u00e7\u00f5es a cada cent\u00edmetro, ao mergulhar nas profundezas de Mia.<\/p>\n<p>Fleshlight\u00ae \u00e9 l\u00edder mundial na fabrica\u00e7\u00e3o de masturbadores masculinos a partir de moldes de pessoas reais, suas grandes qualidades e qualidades deram origem a uma marca pensada para homens. e o \u00fanico prazer do mundo!!<\/p>\n<p>\u00a0<\/p>\n<p>\u00a0<\/p>\n<p><b><u>LAN\u00c7AMENTO UNIVERSAL:<\/u><\/b><\/p>\n<p>Coloque o cinto de seguran\u00e7a e segure-se! Automatize suas fantasias com nosso simulador universal de car\u00edcias! O Universal Launch est\u00e1 dispon\u00edvel Projetado para caber na maioria de nossa linha de produtos E outros tra\u00e7os de revestimento que n\u00e3o sejam Fleshlight!* Controle o comprimento e a localiza\u00e7\u00e3o de seus tra\u00e7os, bem como o comprimento e a localiza\u00e7\u00e3o de seus tra\u00e7os. como velocidade. Com seu inovador sistema de controle por toque, basta ajustar os controles, sentar e aproveitar! *O uso de qualquer produto de hardware de terceiros em combina\u00e7\u00e3o com o Universal Launch viola os termos de uso e garantia.<\/p>\n<p><strong>COMO USAR<\/strong><\/p>\n<p>Universal Launch \u00e9 uma experi\u00eancia Fleshlight automatizada para a maioria dos seus brinquedos Fleshlight! Prenda com seguran\u00e7a seu produto Fleshlight compat\u00edvel usando o sistema de catraca universal. Deslize seu produto pela abertura circular aderente. Uma vez na posi\u00e7\u00e3o desejada e segura, use a trava grande para apertar a al\u00e7a. Levante a trava grande do lado esquerdo para apertar bem a al\u00e7a, tomando cuidado para n\u00e3o apertar demais e possivelmente danificar seu Universal Launch ou Stroker. Em seguida, ligue-o e aproveite os diversos recursos do produto! Os interruptores basculantes iluminados e f\u00e1ceis de usar do Universal Launch permitem ajustar entre quatro comprimentos de curso e velocidades de curso vari\u00e1veis, movendo-se at\u00e9 250 cursos por minuto. Se quiser uma experi\u00eancia mais focada, encurte o comprimento do tra\u00e7o e alterne entre as tr\u00eas zonas de prazer dispon\u00edveis: base, haste ou ponta. O suporte universal para smartphone na parte superior oferece a op\u00e7\u00e3o de assistir ao seu conte\u00fado favorito enquanto ambas as m\u00e3os est\u00e3o nos controles. Com carga total, suas sess\u00f5es podem durar at\u00e9 60 minutos, mas tamb\u00e9m podem ser experimentadas em tr\u00e2nsito. conectado \u00e0 parede usando o modo de in\u00edcio ativo Fleshlight.<\/p>\n<p><strong>O QUE EST\u00c1 INCLU\u00cdDO<\/strong><\/p>\n<ul>\n<li>Libera\u00e7\u00e3o Universal\u2122<\/li>\n<li>Suporte universal para smartphones<\/li>\n<li>Cabo de energia<\/li>\n<li>Guia r\u00e1pido<\/li>\n<li>Manual de instru\u00e7\u00f5es<\/li>\n<\/ul>\n<p>\u00a0<\/p>\n","protected":false},"excerpt":{"rendered":"<p>FLESHLIGHT &#8211; MIA MALKOVA VAGINA LVL UP + LAN\u00c7AMENTO UNIVERSAL + LUBRIFICANTE AQUA QUALITY 50 ML<\/p>\n","protected":false},"featured_media":101558,"template":"","meta":{"_acf_changed":false},"product_brand":[],"product_cat":[17,58,60],"product_tag":[],"class_list":{"0":"post-46974","1":"product","2":"type-product","3":"status-publish","4":"has-post-thumbnail","6":"product_cat-brinquedos-de-bem-estar-sexual","7":"product_cat-masturbadores-para-penis","8":"product_cat-para-eles","9":"yith_product_brand-fleshlight","10":"yith_product_brand-fleshlightfleshlight-girls","12":"first","13":"instock","14":"taxable","15":"shipping-taxable","16":"purchasable","17":"product-type-simple"},"acf":[],"yoast_head":"<!-- This site is optimized with the Yoast SEO plugin v27.4 - https:\/\/yoast.com\/product\/yoast-seo-wordpress\/ -->\n<title>FLESHLIGHT - MIA MALKOVA VAGINA LVL UP + LAN\u00c7AMENTO UNIVERSAL + LUBRIFICANTE AQUA QUALITY 50 ML - Lovme<\/title>\n<meta name=\"robots\" content=\"index, follow, max-snippet:-1, max-image-preview:large, max-video-preview:-1\" \/>\n<link rel=\"canonical\" href=\"https:\/\/lovme.pt\/index.php\/produto\/fleshlight-mia-malkova-vagina-lvl-up-lancamento-universal-lubrificante-aqua-quality-50-ml\/\" \/>\n<meta property=\"og:locale\" content=\"pt_PT\" \/>\n<meta property=\"og:type\" content=\"article\" \/>\n<meta property=\"og:title\" content=\"FLESHLIGHT - MIA MALKOVA VAGINA LVL UP + LAN\u00c7AMENTO UNIVERSAL + LUBRIFICANTE AQUA QUALITY 50 ML - Lovme\" \/>\n<meta property=\"og:description\" content=\"FLESHLIGHT - MIA MALKOVA VAGINA LVL UP + LAN\u00c7AMENTO UNIVERSAL + LUBRIFICANTE AQUA QUALITY 50 ML\" \/>\n<meta property=\"og:url\" content=\"https:\/\/lovme.pt\/index.php\/produto\/fleshlight-mia-malkova-vagina-lvl-up-lancamento-universal-lubrificante-aqua-quality-50-ml\/\" \/>\n<meta property=\"og:site_name\" content=\"Lovme\" \/>\n<meta property=\"article:modified_time\" content=\"2026-02-20T04:01:52+00:00\" \/>\n<meta property=\"og:image\" content=\"https:\/\/erki24nd3ub.exactdn.com\/wp-content\/uploads\/dream\/img\/img_166049_7cfde7ec5bd268d7ed76b750bdbf5d31_1.png?strip=all\" \/>\n\t<meta property=\"og:image:width\" content=\"800\" \/>\n\t<meta property=\"og:image:height\" content=\"800\" \/>\n\t<meta property=\"og:image:type\" content=\"image\/png\" \/>\n<meta name=\"twitter:card\" content=\"summary_large_image\" \/>\n<meta name=\"twitter:label1\" content=\"Tempo estimado de leitura\" \/>\n\t<meta name=\"twitter:data1\" content=\"5 minutos\" \/>\n<script type=\"application\/ld+json\" class=\"yoast-schema-graph\">{\"@context\":\"https:\\\/\\\/schema.org\",\"@graph\":[{\"@type\":\"WebPage\",\"@id\":\"https:\\\/\\\/lovme.pt\\\/index.php\\\/produto\\\/fleshlight-mia-malkova-vagina-lvl-up-lancamento-universal-lubrificante-aqua-quality-50-ml\\\/\",\"url\":\"https:\\\/\\\/lovme.pt\\\/index.php\\\/produto\\\/fleshlight-mia-malkova-vagina-lvl-up-lancamento-universal-lubrificante-aqua-quality-50-ml\\\/\",\"name\":\"FLESHLIGHT - MIA MALKOVA VAGINA LVL UP + LAN\u00c7AMENTO UNIVERSAL + LUBRIFICANTE AQUA QUALITY 50 ML - Lovme\",\"isPartOf\":{\"@id\":\"https:\\\/\\\/lovme.pt\\\/#website\"},\"primaryImageOfPage\":{\"@id\":\"https:\\\/\\\/lovme.pt\\\/index.php\\\/produto\\\/fleshlight-mia-malkova-vagina-lvl-up-lancamento-universal-lubrificante-aqua-quality-50-ml\\\/#primaryimage\"},\"image\":{\"@id\":\"https:\\\/\\\/lovme.pt\\\/index.php\\\/produto\\\/fleshlight-mia-malkova-vagina-lvl-up-lancamento-universal-lubrificante-aqua-quality-50-ml\\\/#primaryimage\"},\"thumbnailUrl\":\"https:\\\/\\\/erki24nd3ub.exactdn.com\\\/wp-content\\\/uploads\\\/dream\\\/img\\\/img_166049_7cfde7ec5bd268d7ed76b750bdbf5d31_1.png?strip=all\",\"datePublished\":\"2025-10-01T03:06:54+00:00\",\"dateModified\":\"2026-02-20T04:01:52+00:00\",\"breadcrumb\":{\"@id\":\"https:\\\/\\\/lovme.pt\\\/index.php\\\/produto\\\/fleshlight-mia-malkova-vagina-lvl-up-lancamento-universal-lubrificante-aqua-quality-50-ml\\\/#breadcrumb\"},\"inLanguage\":\"pt-PT\",\"potentialAction\":[{\"@type\":\"ReadAction\",\"target\":[\"https:\\\/\\\/lovme.pt\\\/index.php\\\/produto\\\/fleshlight-mia-malkova-vagina-lvl-up-lancamento-universal-lubrificante-aqua-quality-50-ml\\\/\"]}]},{\"@type\":\"ImageObject\",\"inLanguage\":\"pt-PT\",\"@id\":\"https:\\\/\\\/lovme.pt\\\/index.php\\\/produto\\\/fleshlight-mia-malkova-vagina-lvl-up-lancamento-universal-lubrificante-aqua-quality-50-ml\\\/#primaryimage\",\"url\":\"https:\\\/\\\/erki24nd3ub.exactdn.com\\\/wp-content\\\/uploads\\\/dream\\\/img\\\/img_166049_7cfde7ec5bd268d7ed76b750bdbf5d31_1.png?strip=all\",\"contentUrl\":\"https:\\\/\\\/erki24nd3ub.exactdn.com\\\/wp-content\\\/uploads\\\/dream\\\/img\\\/img_166049_7cfde7ec5bd268d7ed76b750bdbf5d31_1.png?strip=all\",\"width\":800,\"height\":800},{\"@type\":\"BreadcrumbList\",\"@id\":\"https:\\\/\\\/lovme.pt\\\/index.php\\\/produto\\\/fleshlight-mia-malkova-vagina-lvl-up-lancamento-universal-lubrificante-aqua-quality-50-ml\\\/#breadcrumb\",\"itemListElement\":[{\"@type\":\"ListItem\",\"position\":1,\"name\":\"In\u00edcio\",\"item\":\"https:\\\/\\\/lovme.pt\\\/\"},{\"@type\":\"ListItem\",\"position\":2,\"name\":\"Loja\",\"item\":\"https:\\\/\\\/lovme.pt\\\/index.php\\\/loja\\\/\"},{\"@type\":\"ListItem\",\"position\":3,\"name\":\"FLESHLIGHT &#8211; MIA MALKOVA VAGINA LVL UP + LAN\u00c7AMENTO UNIVERSAL + LUBRIFICANTE AQUA QUALITY 50 ML\"}]},{\"@type\":\"WebSite\",\"@id\":\"https:\\\/\\\/lovme.pt\\\/#website\",\"url\":\"https:\\\/\\\/lovme.pt\\\/\",\"name\":\"Lovme Loja Er\u00f3tica N\u00ba1 em Portugal\",\"description\":\"A melhor loja er\u00f3tica de Portugal.\",\"alternateName\":\"Loja Er\u00f3tica Lovme\",\"potentialAction\":[{\"@type\":\"SearchAction\",\"target\":{\"@type\":\"EntryPoint\",\"urlTemplate\":\"https:\\\/\\\/lovme.pt\\\/?s={search_term_string}\"},\"query-input\":{\"@type\":\"PropertyValueSpecification\",\"valueRequired\":true,\"valueName\":\"search_term_string\"}}],\"inLanguage\":\"pt-PT\"}]}<\/script>\n<!-- \/ Yoast SEO plugin. -->","yoast_head_json":{"title":"FLESHLIGHT - MIA MALKOVA VAGINA LVL UP + LAN\u00c7AMENTO UNIVERSAL + LUBRIFICANTE AQUA QUALITY 50 ML - Lovme","robots":{"index":"index","follow":"follow","max-snippet":"max-snippet:-1","max-image-preview":"max-image-preview:large","max-video-preview":"max-video-preview:-1"},"canonical":"https:\/\/lovme.pt\/index.php\/produto\/fleshlight-mia-malkova-vagina-lvl-up-lancamento-universal-lubrificante-aqua-quality-50-ml\/","og_locale":"pt_PT","og_type":"article","og_title":"FLESHLIGHT - MIA MALKOVA VAGINA LVL UP + LAN\u00c7AMENTO UNIVERSAL + LUBRIFICANTE AQUA QUALITY 50 ML - Lovme","og_description":"FLESHLIGHT - MIA MALKOVA VAGINA LVL UP + LAN\u00c7AMENTO UNIVERSAL + LUBRIFICANTE AQUA QUALITY 50 ML","og_url":"https:\/\/lovme.pt\/index.php\/produto\/fleshlight-mia-malkova-vagina-lvl-up-lancamento-universal-lubrificante-aqua-quality-50-ml\/","og_site_name":"Lovme","article_modified_time":"2026-02-20T04:01:52+00:00","og_image":[{"width":800,"height":800,"url":"https:\/\/erki24nd3ub.exactdn.com\/wp-content\/uploads\/dream\/img\/img_166049_7cfde7ec5bd268d7ed76b750bdbf5d31_1.png?strip=all","type":"image\/png"}],"twitter_card":"summary_large_image","twitter_misc":{"Tempo estimado de leitura":"5 minutos"},"schema":{"@context":"https:\/\/schema.org","@graph":[{"@type":"WebPage","@id":"https:\/\/lovme.pt\/index.php\/produto\/fleshlight-mia-malkova-vagina-lvl-up-lancamento-universal-lubrificante-aqua-quality-50-ml\/","url":"https:\/\/lovme.pt\/index.php\/produto\/fleshlight-mia-malkova-vagina-lvl-up-lancamento-universal-lubrificante-aqua-quality-50-ml\/","name":"FLESHLIGHT - MIA MALKOVA VAGINA LVL UP + LAN\u00c7AMENTO UNIVERSAL + LUBRIFICANTE AQUA QUALITY 50 ML - Lovme","isPartOf":{"@id":"https:\/\/lovme.pt\/#website"},"primaryImageOfPage":{"@id":"https:\/\/lovme.pt\/index.php\/produto\/fleshlight-mia-malkova-vagina-lvl-up-lancamento-universal-lubrificante-aqua-quality-50-ml\/#primaryimage"},"image":{"@id":"https:\/\/lovme.pt\/index.php\/produto\/fleshlight-mia-malkova-vagina-lvl-up-lancamento-universal-lubrificante-aqua-quality-50-ml\/#primaryimage"},"thumbnailUrl":"https:\/\/erki24nd3ub.exactdn.com\/wp-content\/uploads\/dream\/img\/img_166049_7cfde7ec5bd268d7ed76b750bdbf5d31_1.png?strip=all","datePublished":"2025-10-01T03:06:54+00:00","dateModified":"2026-02-20T04:01:52+00:00","breadcrumb":{"@id":"https:\/\/lovme.pt\/index.php\/produto\/fleshlight-mia-malkova-vagina-lvl-up-lancamento-universal-lubrificante-aqua-quality-50-ml\/#breadcrumb"},"inLanguage":"pt-PT","potentialAction":[{"@type":"ReadAction","target":["https:\/\/lovme.pt\/index.php\/produto\/fleshlight-mia-malkova-vagina-lvl-up-lancamento-universal-lubrificante-aqua-quality-50-ml\/"]}]},{"@type":"ImageObject","inLanguage":"pt-PT","@id":"https:\/\/lovme.pt\/index.php\/produto\/fleshlight-mia-malkova-vagina-lvl-up-lancamento-universal-lubrificante-aqua-quality-50-ml\/#primaryimage","url":"https:\/\/erki24nd3ub.exactdn.com\/wp-content\/uploads\/dream\/img\/img_166049_7cfde7ec5bd268d7ed76b750bdbf5d31_1.png?strip=all","contentUrl":"https:\/\/erki24nd3ub.exactdn.com\/wp-content\/uploads\/dream\/img\/img_166049_7cfde7ec5bd268d7ed76b750bdbf5d31_1.png?strip=all","width":800,"height":800},{"@type":"BreadcrumbList","@id":"https:\/\/lovme.pt\/index.php\/produto\/fleshlight-mia-malkova-vagina-lvl-up-lancamento-universal-lubrificante-aqua-quality-50-ml\/#breadcrumb","itemListElement":[{"@type":"ListItem","position":1,"name":"In\u00edcio","item":"https:\/\/lovme.pt\/"},{"@type":"ListItem","position":2,"name":"Loja","item":"https:\/\/lovme.pt\/index.php\/loja\/"},{"@type":"ListItem","position":3,"name":"FLESHLIGHT &#8211; MIA MALKOVA VAGINA LVL UP + LAN\u00c7AMENTO UNIVERSAL + LUBRIFICANTE AQUA QUALITY 50 ML"}]},{"@type":"WebSite","@id":"https:\/\/lovme.pt\/#website","url":"https:\/\/lovme.pt\/","name":"Lovme Loja Er\u00f3tica N\u00ba1 em Portugal","description":"A melhor loja er\u00f3tica de Portugal.","alternateName":"Loja Er\u00f3tica Lovme","potentialAction":[{"@type":"SearchAction","target":{"@type":"EntryPoint","urlTemplate":"https:\/\/lovme.pt\/?s={search_term_string}"},"query-input":{"@type":"PropertyValueSpecification","valueRequired":true,"valueName":"search_term_string"}}],"inLanguage":"pt-PT"}]}},"_links":{"self":[{"href":"https:\/\/lovme.pt\/index.php\/wp-json\/wp\/v2\/product\/46974","targetHints":{"allow":["GET"]}}],"collection":[{"href":"https:\/\/lovme.pt\/index.php\/wp-json\/wp\/v2\/product"}],"about":[{"href":"https:\/\/lovme.pt\/index.php\/wp-json\/wp\/v2\/types\/product"}],"wp:featuredmedia":[{"embeddable":true,"href":"https:\/\/lovme.pt\/index.php\/wp-json\/wp\/v2\/media\/101558"}],"wp:attachment":[{"href":"https:\/\/lovme.pt\/index.php\/wp-json\/wp\/v2\/media?parent=46974"}],"wp:term":[{"taxonomy":"product_brand","embeddable":true,"href":"https:\/\/lovme.pt\/index.php\/wp-json\/wp\/v2\/product_brand?post=46974"},{"taxonomy":"product_cat","embeddable":true,"href":"https:\/\/lovme.pt\/index.php\/wp-json\/wp\/v2\/product_cat?post=46974"},{"taxonomy":"product_tag","embeddable":true,"href":"https:\/\/lovme.pt\/index.php\/wp-json\/wp\/v2\/product_tag?post=46974"}],"curies":[{"name":"wp","href":"https:\/\/api.w.org\/{rel}","templated":true}]}}