{"id":46971,"date":"2025-10-01T03:17:41","date_gmt":"2025-10-01T03:17:41","guid":{"rendered":"https:\/\/lovme.pt\/?post_type=product&p=46971"},"modified":"2026-02-20T04:01:54","modified_gmt":"2026-02-20T04:01:54","slug":"fleshlight-unidade-de-treinamento-stamina-go-senhora-lancamento-universal-lubrificante-aqua-quality-50-ml","status":"publish","type":"product","link":"https:\/\/lovme.pt\/index.php\/produto\/fleshlight-unidade-de-treinamento-stamina-go-senhora-lancamento-universal-lubrificante-aqua-quality-50-ml\/","title":{"rendered":"FLESHLIGHT &#8211; UNIDADE DE TREINAMENTO STAMINA GO SENHORA + LAN\u00c7AMENTO UNIVERSAL + LUBRIFICANTE AQUA QUALITY 50 ML"},"content":{"rendered":"<p><strong>FLESHLIGHT &#8211; UNIDADE DE TREINAMENTO STAMINA GO SENHORA + LAN\u00c7AMENTO UNIVERSAL + LUBRIFICANTE AQUA QUALITY 50 ML<\/strong><\/p>\n<p>\u00a0<\/p>\n<p><u><strong>STAMINA GO UNIDADE DE TREINAMENTO SENHORA:<\/strong><\/u><\/p>\n<p>A pr\u00e1tica leva \u00e0 perfei\u00e7\u00e3o, especialmente na cama. A unidade de treinamento GO Stamina foi especialmente projetada para transformar suas sess\u00f5es comuns de masturba\u00e7\u00e3o em sess\u00f5es de treinamento intensas e prazerosas. Este produto combina dois dos nossos produtos mais populares em uma vers\u00e3o mais leve e port\u00e1til<\/p>\n<p>O PRODUTO N 1 EM VENDAS DA FLESHLIGHT NO MUNDO INTEIRO<\/p>\n<p>Tal como o seu equivalente em tamanho real, a Unidade de Treinamento GO Stamina foi projetada para replicar as sensa\u00e7\u00f5es intensas da rela\u00e7\u00e3o sexual, o que pode ajudar os usu\u00e1rios a aumentar sua resist\u00eancia sexual, melhorar o desempenho e as t\u00e9cnicas e a aumentar e intensificar os orgasmos.<\/p>\n<p>GO Stamina Training Unit Lady far\u00e1 com que voc\u00ea aproveite o mesmo passeio selvagem, mas em um tamanho mais compacto, para que voc\u00ea possa treinar onde quer que v\u00e1.<\/p>\n<p>INCLUI:<\/p>\n<ul>\n<li>Estojo Dourado Exclusivo<\/li>\n<li>Manga SuperSkin patenteada<\/li>\n<li>Senhora Orif\u00edcio<\/li>\n<li>Instru\u00e7\u00f5es de uso e manuten\u00e7\u00e3o Guia eletr\u00f4nico GRATUITO para aumentar sua resist\u00eancia<\/li>\n<\/ul>\n<p>\u00a0<\/p>\n<p>\u00a0<\/p>\n<p><strong><u>LAN\u00c7AMENTO UNIVERSAL:<\/u><\/strong><\/p>\n<p>Coloque o cinto de seguran\u00e7a e segure-se! Automatize suas fantasias com nosso simulador universal de car\u00edcias! O Universal Launch est\u00e1 dispon\u00edvel Projetado para caber na maioria de nossa linha de produtos E outros tra\u00e7os que n\u00e3o sejam da Fleshlight!* Controle o comprimento e a localiza\u00e7\u00e3o de seus tra\u00e7os, bem como o comprimento e a localiza\u00e7\u00e3o de seus tra\u00e7os. como velocidade. Com seu inovador sistema de controle por toque, basta ajustar os controles, sentar e aproveitar! *O uso de qualquer produto de hardware de terceiros em combina\u00e7\u00e3o com o Universal Launch viola os termos de uso e garantia.<\/p>\n<p><strong>COMO USAR<\/strong><\/p>\n<p>Universal Launch \u00e9 uma experi\u00eancia Fleshlight automatizada para a maioria dos seus brinquedos Fleshlight! Prenda com seguran\u00e7a seu produto Fleshlight compat\u00edvel usando o sistema de catraca universal. Deslize seu produto pela abertura circular aderente. Uma vez na posi\u00e7\u00e3o desejada e segura, use a trava grande para apertar a al\u00e7a. Levante a trava grande do lado esquerdo para apertar bem a al\u00e7a, tomando cuidado para n\u00e3o apertar demais e possivelmente danificar seu Universal Launch ou Stroker. Em seguida, ligue-o e aproveite os diversos recursos do produto! Os interruptores basculantes iluminados e f\u00e1ceis de usar do Universal Launch permitem ajustar entre quatro comprimentos de curso e velocidades de curso vari\u00e1veis, movendo-se at\u00e9 250 cursos por minuto. Se quiser uma experi\u00eancia mais focada, encurte o comprimento do tra\u00e7o e alterne entre as tr\u00eas zonas de prazer dispon\u00edveis: base, haste ou ponta. O suporte universal para smartphone na parte superior oferece a op\u00e7\u00e3o de assistir ao seu conte\u00fado favorito enquanto ambas as m\u00e3os est\u00e3o nos controles. Com carga total, suas sess\u00f5es podem durar at\u00e9 60 minutos, mas tamb\u00e9m podem ser experimentadas em tr\u00e2nsito. conectado \u00e0 parede usando o modo de in\u00edcio ativo Fleshlight.<\/p>\n<p><strong>O QUE EST\u00c1 INCLU\u00cdDO<\/strong><\/p>\n<ul>\n<li>Libera\u00e7\u00e3o Universal\u2122<\/li>\n<li>Suporte universal para smartphones<\/li>\n<li>Cabo de energia<\/li>\n<li>Guia r\u00e1pido<\/li>\n<li>Manual de instru\u00e7\u00f5es<\/li>\n<\/ul>\n<p>*Fleslight n\u00e3o inclu\u00edda.<\/p>\n<p>\u00a0<\/p>\n","protected":false},"excerpt":{"rendered":"<p>FLESHLIGHT &#8211; UNIDADE DE TREINAMENTO STAMINA GO SENHORA + LAN\u00c7AMENTO UNIVERSAL + LUBRIFICANTE AQUA QUALITY 50 ML<\/p>\n","protected":false},"featured_media":102568,"template":"","meta":{"_acf_changed":false},"product_brand":[],"product_cat":[17,58,60],"product_tag":[],"class_list":{"0":"post-46971","1":"product","2":"type-product","3":"status-publish","4":"has-post-thumbnail","6":"product_cat-brinquedos-de-bem-estar-sexual","7":"product_cat-masturbadores-para-penis","8":"product_cat-para-eles","9":"yith_product_brand-fleshlight","11":"first","12":"instock","13":"taxable","14":"shipping-taxable","15":"purchasable","16":"product-type-simple"},"acf":[],"yoast_head":"<!-- This site is optimized with the Yoast SEO plugin v27.4 - https:\/\/yoast.com\/product\/yoast-seo-wordpress\/ -->\n<title>FLESHLIGHT - UNIDADE DE TREINAMENTO STAMINA GO SENHORA + LAN\u00c7AMENTO UNIVERSAL + LUBRIFICANTE AQUA QUALITY 50 ML - Lovme<\/title>\n<meta name=\"robots\" content=\"index, follow, max-snippet:-1, max-image-preview:large, max-video-preview:-1\" \/>\n<link rel=\"canonical\" href=\"https:\/\/lovme.pt\/index.php\/produto\/fleshlight-unidade-de-treinamento-stamina-go-senhora-lancamento-universal-lubrificante-aqua-quality-50-ml\/\" \/>\n<meta property=\"og:locale\" content=\"pt_PT\" \/>\n<meta property=\"og:type\" content=\"article\" \/>\n<meta property=\"og:title\" content=\"FLESHLIGHT - UNIDADE DE TREINAMENTO STAMINA GO SENHORA + LAN\u00c7AMENTO UNIVERSAL + LUBRIFICANTE AQUA QUALITY 50 ML - Lovme\" \/>\n<meta property=\"og:description\" content=\"FLESHLIGHT - UNIDADE DE TREINAMENTO STAMINA GO SENHORA + LAN\u00c7AMENTO UNIVERSAL + LUBRIFICANTE AQUA QUALITY 50 ML\" \/>\n<meta property=\"og:url\" content=\"https:\/\/lovme.pt\/index.php\/produto\/fleshlight-unidade-de-treinamento-stamina-go-senhora-lancamento-universal-lubrificante-aqua-quality-50-ml\/\" \/>\n<meta property=\"og:site_name\" content=\"Lovme\" \/>\n<meta property=\"article:modified_time\" content=\"2026-02-20T04:01:54+00:00\" \/>\n<meta property=\"og:image\" content=\"https:\/\/erki24nd3ub.exactdn.com\/wp-content\/uploads\/dream\/img\/img_166046_73c9928d225477b62abeaacb72fb3a31_1.png?strip=all\" \/>\n\t<meta property=\"og:image:width\" content=\"800\" \/>\n\t<meta property=\"og:image:height\" content=\"800\" \/>\n\t<meta property=\"og:image:type\" content=\"image\/png\" \/>\n<meta name=\"twitter:card\" content=\"summary_large_image\" \/>\n<meta name=\"twitter:label1\" content=\"Tempo estimado de leitura\" \/>\n\t<meta name=\"twitter:data1\" content=\"3 minutos\" \/>\n<script type=\"application\/ld+json\" class=\"yoast-schema-graph\">{\"@context\":\"https:\\\/\\\/schema.org\",\"@graph\":[{\"@type\":\"WebPage\",\"@id\":\"https:\\\/\\\/lovme.pt\\\/index.php\\\/produto\\\/fleshlight-unidade-de-treinamento-stamina-go-senhora-lancamento-universal-lubrificante-aqua-quality-50-ml\\\/\",\"url\":\"https:\\\/\\\/lovme.pt\\\/index.php\\\/produto\\\/fleshlight-unidade-de-treinamento-stamina-go-senhora-lancamento-universal-lubrificante-aqua-quality-50-ml\\\/\",\"name\":\"FLESHLIGHT - UNIDADE DE TREINAMENTO STAMINA GO SENHORA + LAN\u00c7AMENTO UNIVERSAL + LUBRIFICANTE AQUA QUALITY 50 ML - Lovme\",\"isPartOf\":{\"@id\":\"https:\\\/\\\/lovme.pt\\\/#website\"},\"primaryImageOfPage\":{\"@id\":\"https:\\\/\\\/lovme.pt\\\/index.php\\\/produto\\\/fleshlight-unidade-de-treinamento-stamina-go-senhora-lancamento-universal-lubrificante-aqua-quality-50-ml\\\/#primaryimage\"},\"image\":{\"@id\":\"https:\\\/\\\/lovme.pt\\\/index.php\\\/produto\\\/fleshlight-unidade-de-treinamento-stamina-go-senhora-lancamento-universal-lubrificante-aqua-quality-50-ml\\\/#primaryimage\"},\"thumbnailUrl\":\"https:\\\/\\\/erki24nd3ub.exactdn.com\\\/wp-content\\\/uploads\\\/dream\\\/img\\\/img_166046_73c9928d225477b62abeaacb72fb3a31_1.png?strip=all\",\"datePublished\":\"2025-10-01T03:17:41+00:00\",\"dateModified\":\"2026-02-20T04:01:54+00:00\",\"breadcrumb\":{\"@id\":\"https:\\\/\\\/lovme.pt\\\/index.php\\\/produto\\\/fleshlight-unidade-de-treinamento-stamina-go-senhora-lancamento-universal-lubrificante-aqua-quality-50-ml\\\/#breadcrumb\"},\"inLanguage\":\"pt-PT\",\"potentialAction\":[{\"@type\":\"ReadAction\",\"target\":[\"https:\\\/\\\/lovme.pt\\\/index.php\\\/produto\\\/fleshlight-unidade-de-treinamento-stamina-go-senhora-lancamento-universal-lubrificante-aqua-quality-50-ml\\\/\"]}]},{\"@type\":\"ImageObject\",\"inLanguage\":\"pt-PT\",\"@id\":\"https:\\\/\\\/lovme.pt\\\/index.php\\\/produto\\\/fleshlight-unidade-de-treinamento-stamina-go-senhora-lancamento-universal-lubrificante-aqua-quality-50-ml\\\/#primaryimage\",\"url\":\"https:\\\/\\\/erki24nd3ub.exactdn.com\\\/wp-content\\\/uploads\\\/dream\\\/img\\\/img_166046_73c9928d225477b62abeaacb72fb3a31_1.png?strip=all\",\"contentUrl\":\"https:\\\/\\\/erki24nd3ub.exactdn.com\\\/wp-content\\\/uploads\\\/dream\\\/img\\\/img_166046_73c9928d225477b62abeaacb72fb3a31_1.png?strip=all\",\"width\":800,\"height\":800},{\"@type\":\"BreadcrumbList\",\"@id\":\"https:\\\/\\\/lovme.pt\\\/index.php\\\/produto\\\/fleshlight-unidade-de-treinamento-stamina-go-senhora-lancamento-universal-lubrificante-aqua-quality-50-ml\\\/#breadcrumb\",\"itemListElement\":[{\"@type\":\"ListItem\",\"position\":1,\"name\":\"In\u00edcio\",\"item\":\"https:\\\/\\\/lovme.pt\\\/\"},{\"@type\":\"ListItem\",\"position\":2,\"name\":\"Loja\",\"item\":\"https:\\\/\\\/lovme.pt\\\/index.php\\\/loja\\\/\"},{\"@type\":\"ListItem\",\"position\":3,\"name\":\"FLESHLIGHT &#8211; UNIDADE DE TREINAMENTO STAMINA GO SENHORA + LAN\u00c7AMENTO UNIVERSAL + LUBRIFICANTE AQUA QUALITY 50 ML\"}]},{\"@type\":\"WebSite\",\"@id\":\"https:\\\/\\\/lovme.pt\\\/#website\",\"url\":\"https:\\\/\\\/lovme.pt\\\/\",\"name\":\"Lovme Loja Er\u00f3tica N\u00ba1 em Portugal\",\"description\":\"A melhor loja er\u00f3tica de Portugal.\",\"alternateName\":\"Loja Er\u00f3tica Lovme\",\"potentialAction\":[{\"@type\":\"SearchAction\",\"target\":{\"@type\":\"EntryPoint\",\"urlTemplate\":\"https:\\\/\\\/lovme.pt\\\/?s={search_term_string}\"},\"query-input\":{\"@type\":\"PropertyValueSpecification\",\"valueRequired\":true,\"valueName\":\"search_term_string\"}}],\"inLanguage\":\"pt-PT\"}]}<\/script>\n<!-- \/ Yoast SEO plugin. -->","yoast_head_json":{"title":"FLESHLIGHT - UNIDADE DE TREINAMENTO STAMINA GO SENHORA + LAN\u00c7AMENTO UNIVERSAL + LUBRIFICANTE AQUA QUALITY 50 ML - Lovme","robots":{"index":"index","follow":"follow","max-snippet":"max-snippet:-1","max-image-preview":"max-image-preview:large","max-video-preview":"max-video-preview:-1"},"canonical":"https:\/\/lovme.pt\/index.php\/produto\/fleshlight-unidade-de-treinamento-stamina-go-senhora-lancamento-universal-lubrificante-aqua-quality-50-ml\/","og_locale":"pt_PT","og_type":"article","og_title":"FLESHLIGHT - UNIDADE DE TREINAMENTO STAMINA GO SENHORA + LAN\u00c7AMENTO UNIVERSAL + LUBRIFICANTE AQUA QUALITY 50 ML - Lovme","og_description":"FLESHLIGHT - UNIDADE DE TREINAMENTO STAMINA GO SENHORA + LAN\u00c7AMENTO UNIVERSAL + LUBRIFICANTE AQUA QUALITY 50 ML","og_url":"https:\/\/lovme.pt\/index.php\/produto\/fleshlight-unidade-de-treinamento-stamina-go-senhora-lancamento-universal-lubrificante-aqua-quality-50-ml\/","og_site_name":"Lovme","article_modified_time":"2026-02-20T04:01:54+00:00","og_image":[{"width":800,"height":800,"url":"https:\/\/erki24nd3ub.exactdn.com\/wp-content\/uploads\/dream\/img\/img_166046_73c9928d225477b62abeaacb72fb3a31_1.png?strip=all","type":"image\/png"}],"twitter_card":"summary_large_image","twitter_misc":{"Tempo estimado de leitura":"3 minutos"},"schema":{"@context":"https:\/\/schema.org","@graph":[{"@type":"WebPage","@id":"https:\/\/lovme.pt\/index.php\/produto\/fleshlight-unidade-de-treinamento-stamina-go-senhora-lancamento-universal-lubrificante-aqua-quality-50-ml\/","url":"https:\/\/lovme.pt\/index.php\/produto\/fleshlight-unidade-de-treinamento-stamina-go-senhora-lancamento-universal-lubrificante-aqua-quality-50-ml\/","name":"FLESHLIGHT - UNIDADE DE TREINAMENTO STAMINA GO SENHORA + LAN\u00c7AMENTO UNIVERSAL + LUBRIFICANTE AQUA QUALITY 50 ML - Lovme","isPartOf":{"@id":"https:\/\/lovme.pt\/#website"},"primaryImageOfPage":{"@id":"https:\/\/lovme.pt\/index.php\/produto\/fleshlight-unidade-de-treinamento-stamina-go-senhora-lancamento-universal-lubrificante-aqua-quality-50-ml\/#primaryimage"},"image":{"@id":"https:\/\/lovme.pt\/index.php\/produto\/fleshlight-unidade-de-treinamento-stamina-go-senhora-lancamento-universal-lubrificante-aqua-quality-50-ml\/#primaryimage"},"thumbnailUrl":"https:\/\/erki24nd3ub.exactdn.com\/wp-content\/uploads\/dream\/img\/img_166046_73c9928d225477b62abeaacb72fb3a31_1.png?strip=all","datePublished":"2025-10-01T03:17:41+00:00","dateModified":"2026-02-20T04:01:54+00:00","breadcrumb":{"@id":"https:\/\/lovme.pt\/index.php\/produto\/fleshlight-unidade-de-treinamento-stamina-go-senhora-lancamento-universal-lubrificante-aqua-quality-50-ml\/#breadcrumb"},"inLanguage":"pt-PT","potentialAction":[{"@type":"ReadAction","target":["https:\/\/lovme.pt\/index.php\/produto\/fleshlight-unidade-de-treinamento-stamina-go-senhora-lancamento-universal-lubrificante-aqua-quality-50-ml\/"]}]},{"@type":"ImageObject","inLanguage":"pt-PT","@id":"https:\/\/lovme.pt\/index.php\/produto\/fleshlight-unidade-de-treinamento-stamina-go-senhora-lancamento-universal-lubrificante-aqua-quality-50-ml\/#primaryimage","url":"https:\/\/erki24nd3ub.exactdn.com\/wp-content\/uploads\/dream\/img\/img_166046_73c9928d225477b62abeaacb72fb3a31_1.png?strip=all","contentUrl":"https:\/\/erki24nd3ub.exactdn.com\/wp-content\/uploads\/dream\/img\/img_166046_73c9928d225477b62abeaacb72fb3a31_1.png?strip=all","width":800,"height":800},{"@type":"BreadcrumbList","@id":"https:\/\/lovme.pt\/index.php\/produto\/fleshlight-unidade-de-treinamento-stamina-go-senhora-lancamento-universal-lubrificante-aqua-quality-50-ml\/#breadcrumb","itemListElement":[{"@type":"ListItem","position":1,"name":"In\u00edcio","item":"https:\/\/lovme.pt\/"},{"@type":"ListItem","position":2,"name":"Loja","item":"https:\/\/lovme.pt\/index.php\/loja\/"},{"@type":"ListItem","position":3,"name":"FLESHLIGHT &#8211; UNIDADE DE TREINAMENTO STAMINA GO SENHORA + LAN\u00c7AMENTO UNIVERSAL + LUBRIFICANTE AQUA QUALITY 50 ML"}]},{"@type":"WebSite","@id":"https:\/\/lovme.pt\/#website","url":"https:\/\/lovme.pt\/","name":"Lovme Loja Er\u00f3tica N\u00ba1 em Portugal","description":"A melhor loja er\u00f3tica de Portugal.","alternateName":"Loja Er\u00f3tica Lovme","potentialAction":[{"@type":"SearchAction","target":{"@type":"EntryPoint","urlTemplate":"https:\/\/lovme.pt\/?s={search_term_string}"},"query-input":{"@type":"PropertyValueSpecification","valueRequired":true,"valueName":"search_term_string"}}],"inLanguage":"pt-PT"}]}},"_links":{"self":[{"href":"https:\/\/lovme.pt\/index.php\/wp-json\/wp\/v2\/product\/46971","targetHints":{"allow":["GET"]}}],"collection":[{"href":"https:\/\/lovme.pt\/index.php\/wp-json\/wp\/v2\/product"}],"about":[{"href":"https:\/\/lovme.pt\/index.php\/wp-json\/wp\/v2\/types\/product"}],"wp:featuredmedia":[{"embeddable":true,"href":"https:\/\/lovme.pt\/index.php\/wp-json\/wp\/v2\/media\/102568"}],"wp:attachment":[{"href":"https:\/\/lovme.pt\/index.php\/wp-json\/wp\/v2\/media?parent=46971"}],"wp:term":[{"taxonomy":"product_brand","embeddable":true,"href":"https:\/\/lovme.pt\/index.php\/wp-json\/wp\/v2\/product_brand?post=46971"},{"taxonomy":"product_cat","embeddable":true,"href":"https:\/\/lovme.pt\/index.php\/wp-json\/wp\/v2\/product_cat?post=46971"},{"taxonomy":"product_tag","embeddable":true,"href":"https:\/\/lovme.pt\/index.php\/wp-json\/wp\/v2\/product_tag?post=46971"}],"curies":[{"name":"wp","href":"https:\/\/api.w.org\/{rel}","templated":true}]}}