{"id":46970,"date":"2025-10-01T03:17:39","date_gmt":"2025-10-01T03:17:39","guid":{"rendered":"https:\/\/lovme.pt\/?post_type=product&p=46970"},"modified":"2026-02-20T04:01:54","modified_gmt":"2026-02-20T04:01:54","slug":"fleshlight-go-pink-lady-surge-vagina-lancamento-universal-lubrificante-aqua-quality-50-ml","status":"publish","type":"product","link":"https:\/\/lovme.pt\/index.php\/produto\/fleshlight-go-pink-lady-surge-vagina-lancamento-universal-lubrificante-aqua-quality-50-ml\/","title":{"rendered":"FLESHLIGHT &#8211; GO PINK LADY SURGE VAGINA + LAN\u00c7AMENTO UNIVERSAL + LUBRIFICANTE AQUA QUALITY 50 ML"},"content":{"rendered":"<p><u><strong>FLESHLIGHT &#8211; GO PINK LADY SURGE VAGINA + LAN\u00c7AMENTO UNIVERSAL + LUBRIFICANTE AQUA QUALITY 50 ML<\/strong><\/u><\/p>\n<p>\u00a0<\/p>\n<p><u><strong>VAI SENHORA ROSA SURGE VAGINA:<\/strong><\/u><\/p>\n<p>\u00c9 o masturbador masculino mais famoso e mais vendido do mundo, com meio milh\u00e3o de unidades vendidas e 10 anos de mercado, al\u00e9m de ser o \u00fanico produto que possui patente para doa\u00e7\u00e3o de esperma em cl\u00ednicas de fertiliza\u00e7\u00e3o.<\/p>\n<p>A introdu\u00e7\u00e3o ideal \u00e0 experi\u00eancia Fleshlight, penetrando nas dobras suaves do nosso material patenteado Real Feel SuperSkin e deslizando ao longo da manga SURGE dur\u00e1vel e macia, eleva a experi\u00eancia de masturba\u00e7\u00e3o a um n\u00edvel novo e excitante de satisfa\u00e7\u00e3o sexual incompar\u00e1vel.<\/p>\n<p>O percurso interior do masturbador adapta-se perfeitamente ao p\u00e9nis para conseguir uma maior sensa\u00e7\u00e3o de prazer.<\/p>\n<p>Fleshlight lan\u00e7a a nova textura SURGE, mais relevo e mais sensa\u00e7\u00e3o<\/p>\n<ul>\n<li>Fleshlight\u00ae \u00c9 100% seguro e muito f\u00e1cil de usar e limpar.<\/li>\n<\/ul>\n<p>Modelado a partir da anatomia feminina e dispon\u00edvel em rosa claro, Fleshligh Go \u00e9 o masturbador fleshlight mais compacto desta linha, \u00e9 o primeiro passo para descobrir porque voc\u00ea faz sexo. Mais de tr\u00eas milh\u00f5es de homens escolheram os produtos Fleshlight para desfrutar dos prazeres da masturba\u00e7\u00e3o, sozinhos ou a dois.<\/p>\n<p>Este design exclusivo e patenteado inclui nossa capa SURGE.<\/p>\n<p>Feito para parecer uma lanterna normal, nosso estojo Fleshlight \u00e9 mais do que apenas um meio de armazenamento discreto, oferecendo duas fun\u00e7\u00f5es adicionais importantes: criar press\u00e3o na manga durante o uso e permitir ao usu\u00e1rio controlar a quantidade de suc\u00e7\u00e3o experimentada, ajustando a press\u00e3o de a tampa final.<\/p>\n<p>A capa pode ser facilmente removida para limpeza e o design da caixa \u00e9 compat\u00edvel com qualquer uma de nossas capas Fleshlight.<\/p>\n<p>Estes dois elementos, a manga SURGE e a caixa de pl\u00e1stico, combinam-se para formar um dispositivo que \u00e9 mais uma ferramenta do que um brinquedo sexual, proporcionando n\u00edveis de intensidade incompar\u00e1veis atrav\u00e9s dos cl\u00e1ssicos. ;m\u00e9todos f\u00edsicos para alcan\u00e7ar satisfa\u00e7\u00e3o sexual sem parceiro.<\/p>\n<p>Principais caracter\u00edsticas;<\/p>\n<ul>\n<li>Material: Superpele<\/li>\n<li>Comprimento: 17,78 cm (o mais compacto da sua gama)<\/li>\n<li>Di\u00e2metro do canal: 2 cm<\/li>\n<li>Cor: Rosa<\/li>\n<li>Orif\u00edcio: Senhora (Vagina)<\/li>\n<li>Textura: SURGE<\/li>\n<li>Inclui: capa Fleshlight e estojo Fleshlight<\/li>\n<li>Resistente \u00e0 \u00e1gua: Sim<\/li>\n<li>Lubrificante: SOMENTE \u00e0 base de \u00e1gua<\/li>\n<\/ul>\n<p>Com manuten\u00e7\u00e3o adequada, os produtos Fleshlight podem durar v\u00e1rios anos.<\/p>\n<p>Usando Fleshlight\u00ae Frequentemente, voc\u00ea fortalecer\u00e1 suas ere\u00e7\u00f5es e aumentar\u00e1 a for\u00e7a do p\u00eanis, devido ao treinamento dos tecidos do membro. Voc\u00ea notar\u00e1 uma melhora em alguns meses.<\/p>\n<ul>\n<li>Serve para todos os tamanhos de p\u00eanis.<\/li>\n<li>N\u00e3o compat\u00edvel com V-STROKER<\/li>\n<\/ul>\n<p>Inclui uma tampa pr\u00e1tica, para poder guard\u00e1-la e proteg\u00ea-la depois de utilizada.<\/p>\n<p>\u00a0<\/p>\n<p>\u00a0<\/p>\n<p><b><u>LAN\u00c7AMENTO UNIVERSAL:<\/u><\/b><\/p>\n<p>Coloque o cinto de seguran\u00e7a e segure-se! Automatize suas fantasias com nosso simulador universal de car\u00edcias! O Universal Launch est\u00e1 dispon\u00edvel Projetado para caber na maioria de nossa linha de produtos E outros tra\u00e7os que n\u00e3o sejam da Fleshlight!* Controle o comprimento e a localiza\u00e7\u00e3o de seus tra\u00e7os, bem como o comprimento e a localiza\u00e7\u00e3o de seus tra\u00e7os. como velocidade. Com seu inovador sistema de controle por toque, basta ajustar os controles, sentar e aproveitar! *O uso de qualquer produto de hardware de terceiros em combina\u00e7\u00e3o com o Universal Launch viola os termos de uso e garantia.<\/p>\n<p><strong>COMO USAR<\/strong><\/p>\n<p>Universal Launch \u00e9 uma experi\u00eancia Fleshlight automatizada para a maioria dos seus brinquedos Fleshlight! Prenda com seguran\u00e7a seu produto Fleshlight compat\u00edvel usando o sistema de catraca universal. Deslize seu produto pela abertura circular aderente. Uma vez na posi\u00e7\u00e3o desejada e segura, use a trava grande para apertar a al\u00e7a. Levante a trava grande do lado esquerdo para apertar bem a al\u00e7a, tomando cuidado para n\u00e3o apertar demais e possivelmente danificar seu Universal Launch ou Stroker. Em seguida, ligue-o e aproveite os diversos recursos do produto! Os interruptores basculantes iluminados e f\u00e1ceis de usar da Un, iversal Launch, permitem ajustar entre quatro comprimentos de curso e velocidades de curso vari\u00e1veis, movendo-se at\u00e9 250 cursos por minuto. Se quiser uma experi\u00eancia mais focada, encurte o comprimento do tra\u00e7o e alterne entre as tr\u00eas zonas de prazer dispon\u00edveis: base, haste ou ponta. O suporte universal para smartphone na parte superior oferece a op\u00e7\u00e3o de assistir ao seu conte\u00fado favorito enquanto ambas as m\u00e3os est\u00e3o nos controles. Com carga total, suas sess\u00f5es podem durar at\u00e9 60 minutos, mas tamb\u00e9m podem ser experimentadas em tr\u00e2nsito. conectado \u00e0 parede usando o modo de in\u00edcio ativo Fleshlight.<\/p>\n<p><strong>O QUE EST\u00c1 INCLU\u00cdDO<\/strong><\/p>\n<ul>\n<li>Libera\u00e7\u00e3o Universal\u2122<\/li>\n<li>Suporte universal para smartphones<\/li>\n<li>Cabo de energia<\/li>\n<li>Guia r\u00e1pido<\/li>\n<li>Manual de instru\u00e7\u00f5es<\/li>\n<\/ul>\n<p>\u00a0<\/p>\n<p>\u00a0<\/p>\n","protected":false},"excerpt":{"rendered":"<p>FLESHLIGHT &#8211; GO PINK LADY SURGE VAGINA + LAN\u00c7AMENTO UNIVERSAL + LUBRIFICANTE AQUA QUALITY 50 ML<\/p>\n","protected":false},"featured_media":102564,"template":"","meta":{"_acf_changed":false},"product_brand":[],"product_cat":[17,58,60],"product_tag":[],"class_list":{"0":"post-46970","1":"product","2":"type-product","3":"status-publish","4":"has-post-thumbnail","6":"product_cat-brinquedos-de-bem-estar-sexual","7":"product_cat-masturbadores-para-penis","8":"product_cat-para-eles","9":"yith_product_brand-fleshlight","10":"yith_product_brand-fleshlightfleshlight-origin","12":"first","13":"instock","14":"taxable","15":"shipping-taxable","16":"purchasable","17":"product-type-simple"},"acf":[],"yoast_head":"<!-- This site is optimized with the Yoast SEO plugin v27.4 - https:\/\/yoast.com\/product\/yoast-seo-wordpress\/ -->\n<title>FLESHLIGHT - GO PINK LADY SURGE VAGINA + LAN\u00c7AMENTO UNIVERSAL + LUBRIFICANTE AQUA QUALITY 50 ML - Lovme<\/title>\n<meta name=\"robots\" content=\"index, follow, max-snippet:-1, max-image-preview:large, max-video-preview:-1\" \/>\n<link rel=\"canonical\" href=\"https:\/\/lovme.pt\/index.php\/produto\/fleshlight-go-pink-lady-surge-vagina-lancamento-universal-lubrificante-aqua-quality-50-ml\/\" \/>\n<meta property=\"og:locale\" content=\"pt_PT\" \/>\n<meta property=\"og:type\" content=\"article\" \/>\n<meta property=\"og:title\" content=\"FLESHLIGHT - GO PINK LADY SURGE VAGINA + LAN\u00c7AMENTO UNIVERSAL + LUBRIFICANTE AQUA QUALITY 50 ML - Lovme\" \/>\n<meta property=\"og:description\" content=\"FLESHLIGHT - GO PINK LADY SURGE VAGINA + LAN\u00c7AMENTO UNIVERSAL + LUBRIFICANTE AQUA QUALITY 50 ML\" \/>\n<meta property=\"og:url\" content=\"https:\/\/lovme.pt\/index.php\/produto\/fleshlight-go-pink-lady-surge-vagina-lancamento-universal-lubrificante-aqua-quality-50-ml\/\" \/>\n<meta property=\"og:site_name\" content=\"Lovme\" \/>\n<meta property=\"article:modified_time\" content=\"2026-02-20T04:01:54+00:00\" \/>\n<meta property=\"og:image\" content=\"https:\/\/erki24nd3ub.exactdn.com\/wp-content\/uploads\/dream\/img\/img_166045_85a92a2090238fb91f69d32593af7896_1.png?strip=all\" \/>\n\t<meta property=\"og:image:width\" content=\"800\" \/>\n\t<meta property=\"og:image:height\" content=\"800\" \/>\n\t<meta property=\"og:image:type\" content=\"image\/png\" \/>\n<meta name=\"twitter:card\" content=\"summary_large_image\" \/>\n<meta name=\"twitter:label1\" content=\"Tempo estimado de leitura\" \/>\n\t<meta name=\"twitter:data1\" content=\"4 minutos\" \/>\n<script type=\"application\/ld+json\" class=\"yoast-schema-graph\">{\"@context\":\"https:\\\/\\\/schema.org\",\"@graph\":[{\"@type\":\"WebPage\",\"@id\":\"https:\\\/\\\/lovme.pt\\\/index.php\\\/produto\\\/fleshlight-go-pink-lady-surge-vagina-lancamento-universal-lubrificante-aqua-quality-50-ml\\\/\",\"url\":\"https:\\\/\\\/lovme.pt\\\/index.php\\\/produto\\\/fleshlight-go-pink-lady-surge-vagina-lancamento-universal-lubrificante-aqua-quality-50-ml\\\/\",\"name\":\"FLESHLIGHT - GO PINK LADY SURGE VAGINA + LAN\u00c7AMENTO UNIVERSAL + LUBRIFICANTE AQUA QUALITY 50 ML - Lovme\",\"isPartOf\":{\"@id\":\"https:\\\/\\\/lovme.pt\\\/#website\"},\"primaryImageOfPage\":{\"@id\":\"https:\\\/\\\/lovme.pt\\\/index.php\\\/produto\\\/fleshlight-go-pink-lady-surge-vagina-lancamento-universal-lubrificante-aqua-quality-50-ml\\\/#primaryimage\"},\"image\":{\"@id\":\"https:\\\/\\\/lovme.pt\\\/index.php\\\/produto\\\/fleshlight-go-pink-lady-surge-vagina-lancamento-universal-lubrificante-aqua-quality-50-ml\\\/#primaryimage\"},\"thumbnailUrl\":\"https:\\\/\\\/erki24nd3ub.exactdn.com\\\/wp-content\\\/uploads\\\/dream\\\/img\\\/img_166045_85a92a2090238fb91f69d32593af7896_1.png?strip=all\",\"datePublished\":\"2025-10-01T03:17:39+00:00\",\"dateModified\":\"2026-02-20T04:01:54+00:00\",\"breadcrumb\":{\"@id\":\"https:\\\/\\\/lovme.pt\\\/index.php\\\/produto\\\/fleshlight-go-pink-lady-surge-vagina-lancamento-universal-lubrificante-aqua-quality-50-ml\\\/#breadcrumb\"},\"inLanguage\":\"pt-PT\",\"potentialAction\":[{\"@type\":\"ReadAction\",\"target\":[\"https:\\\/\\\/lovme.pt\\\/index.php\\\/produto\\\/fleshlight-go-pink-lady-surge-vagina-lancamento-universal-lubrificante-aqua-quality-50-ml\\\/\"]}]},{\"@type\":\"ImageObject\",\"inLanguage\":\"pt-PT\",\"@id\":\"https:\\\/\\\/lovme.pt\\\/index.php\\\/produto\\\/fleshlight-go-pink-lady-surge-vagina-lancamento-universal-lubrificante-aqua-quality-50-ml\\\/#primaryimage\",\"url\":\"https:\\\/\\\/erki24nd3ub.exactdn.com\\\/wp-content\\\/uploads\\\/dream\\\/img\\\/img_166045_85a92a2090238fb91f69d32593af7896_1.png?strip=all\",\"contentUrl\":\"https:\\\/\\\/erki24nd3ub.exactdn.com\\\/wp-content\\\/uploads\\\/dream\\\/img\\\/img_166045_85a92a2090238fb91f69d32593af7896_1.png?strip=all\",\"width\":800,\"height\":800},{\"@type\":\"BreadcrumbList\",\"@id\":\"https:\\\/\\\/lovme.pt\\\/index.php\\\/produto\\\/fleshlight-go-pink-lady-surge-vagina-lancamento-universal-lubrificante-aqua-quality-50-ml\\\/#breadcrumb\",\"itemListElement\":[{\"@type\":\"ListItem\",\"position\":1,\"name\":\"In\u00edcio\",\"item\":\"https:\\\/\\\/lovme.pt\\\/\"},{\"@type\":\"ListItem\",\"position\":2,\"name\":\"Loja\",\"item\":\"https:\\\/\\\/lovme.pt\\\/index.php\\\/loja\\\/\"},{\"@type\":\"ListItem\",\"position\":3,\"name\":\"FLESHLIGHT &#8211; GO PINK LADY SURGE VAGINA + LAN\u00c7AMENTO UNIVERSAL + LUBRIFICANTE AQUA QUALITY 50 ML\"}]},{\"@type\":\"WebSite\",\"@id\":\"https:\\\/\\\/lovme.pt\\\/#website\",\"url\":\"https:\\\/\\\/lovme.pt\\\/\",\"name\":\"Lovme Loja Er\u00f3tica N\u00ba1 em Portugal\",\"description\":\"A melhor loja er\u00f3tica de Portugal.\",\"alternateName\":\"Loja Er\u00f3tica Lovme\",\"potentialAction\":[{\"@type\":\"SearchAction\",\"target\":{\"@type\":\"EntryPoint\",\"urlTemplate\":\"https:\\\/\\\/lovme.pt\\\/?s={search_term_string}\"},\"query-input\":{\"@type\":\"PropertyValueSpecification\",\"valueRequired\":true,\"valueName\":\"search_term_string\"}}],\"inLanguage\":\"pt-PT\"}]}<\/script>\n<!-- \/ Yoast SEO plugin. -->","yoast_head_json":{"title":"FLESHLIGHT - GO PINK LADY SURGE VAGINA + LAN\u00c7AMENTO UNIVERSAL + LUBRIFICANTE AQUA QUALITY 50 ML - Lovme","robots":{"index":"index","follow":"follow","max-snippet":"max-snippet:-1","max-image-preview":"max-image-preview:large","max-video-preview":"max-video-preview:-1"},"canonical":"https:\/\/lovme.pt\/index.php\/produto\/fleshlight-go-pink-lady-surge-vagina-lancamento-universal-lubrificante-aqua-quality-50-ml\/","og_locale":"pt_PT","og_type":"article","og_title":"FLESHLIGHT - GO PINK LADY SURGE VAGINA + LAN\u00c7AMENTO UNIVERSAL + LUBRIFICANTE AQUA QUALITY 50 ML - Lovme","og_description":"FLESHLIGHT - GO PINK LADY SURGE VAGINA + LAN\u00c7AMENTO UNIVERSAL + LUBRIFICANTE AQUA QUALITY 50 ML","og_url":"https:\/\/lovme.pt\/index.php\/produto\/fleshlight-go-pink-lady-surge-vagina-lancamento-universal-lubrificante-aqua-quality-50-ml\/","og_site_name":"Lovme","article_modified_time":"2026-02-20T04:01:54+00:00","og_image":[{"width":800,"height":800,"url":"https:\/\/erki24nd3ub.exactdn.com\/wp-content\/uploads\/dream\/img\/img_166045_85a92a2090238fb91f69d32593af7896_1.png?strip=all","type":"image\/png"}],"twitter_card":"summary_large_image","twitter_misc":{"Tempo estimado de leitura":"4 minutos"},"schema":{"@context":"https:\/\/schema.org","@graph":[{"@type":"WebPage","@id":"https:\/\/lovme.pt\/index.php\/produto\/fleshlight-go-pink-lady-surge-vagina-lancamento-universal-lubrificante-aqua-quality-50-ml\/","url":"https:\/\/lovme.pt\/index.php\/produto\/fleshlight-go-pink-lady-surge-vagina-lancamento-universal-lubrificante-aqua-quality-50-ml\/","name":"FLESHLIGHT - GO PINK LADY SURGE VAGINA + LAN\u00c7AMENTO UNIVERSAL + LUBRIFICANTE AQUA QUALITY 50 ML - Lovme","isPartOf":{"@id":"https:\/\/lovme.pt\/#website"},"primaryImageOfPage":{"@id":"https:\/\/lovme.pt\/index.php\/produto\/fleshlight-go-pink-lady-surge-vagina-lancamento-universal-lubrificante-aqua-quality-50-ml\/#primaryimage"},"image":{"@id":"https:\/\/lovme.pt\/index.php\/produto\/fleshlight-go-pink-lady-surge-vagina-lancamento-universal-lubrificante-aqua-quality-50-ml\/#primaryimage"},"thumbnailUrl":"https:\/\/erki24nd3ub.exactdn.com\/wp-content\/uploads\/dream\/img\/img_166045_85a92a2090238fb91f69d32593af7896_1.png?strip=all","datePublished":"2025-10-01T03:17:39+00:00","dateModified":"2026-02-20T04:01:54+00:00","breadcrumb":{"@id":"https:\/\/lovme.pt\/index.php\/produto\/fleshlight-go-pink-lady-surge-vagina-lancamento-universal-lubrificante-aqua-quality-50-ml\/#breadcrumb"},"inLanguage":"pt-PT","potentialAction":[{"@type":"ReadAction","target":["https:\/\/lovme.pt\/index.php\/produto\/fleshlight-go-pink-lady-surge-vagina-lancamento-universal-lubrificante-aqua-quality-50-ml\/"]}]},{"@type":"ImageObject","inLanguage":"pt-PT","@id":"https:\/\/lovme.pt\/index.php\/produto\/fleshlight-go-pink-lady-surge-vagina-lancamento-universal-lubrificante-aqua-quality-50-ml\/#primaryimage","url":"https:\/\/erki24nd3ub.exactdn.com\/wp-content\/uploads\/dream\/img\/img_166045_85a92a2090238fb91f69d32593af7896_1.png?strip=all","contentUrl":"https:\/\/erki24nd3ub.exactdn.com\/wp-content\/uploads\/dream\/img\/img_166045_85a92a2090238fb91f69d32593af7896_1.png?strip=all","width":800,"height":800},{"@type":"BreadcrumbList","@id":"https:\/\/lovme.pt\/index.php\/produto\/fleshlight-go-pink-lady-surge-vagina-lancamento-universal-lubrificante-aqua-quality-50-ml\/#breadcrumb","itemListElement":[{"@type":"ListItem","position":1,"name":"In\u00edcio","item":"https:\/\/lovme.pt\/"},{"@type":"ListItem","position":2,"name":"Loja","item":"https:\/\/lovme.pt\/index.php\/loja\/"},{"@type":"ListItem","position":3,"name":"FLESHLIGHT &#8211; GO PINK LADY SURGE VAGINA + LAN\u00c7AMENTO UNIVERSAL + LUBRIFICANTE AQUA QUALITY 50 ML"}]},{"@type":"WebSite","@id":"https:\/\/lovme.pt\/#website","url":"https:\/\/lovme.pt\/","name":"Lovme Loja Er\u00f3tica N\u00ba1 em Portugal","description":"A melhor loja er\u00f3tica de Portugal.","alternateName":"Loja Er\u00f3tica Lovme","potentialAction":[{"@type":"SearchAction","target":{"@type":"EntryPoint","urlTemplate":"https:\/\/lovme.pt\/?s={search_term_string}"},"query-input":{"@type":"PropertyValueSpecification","valueRequired":true,"valueName":"search_term_string"}}],"inLanguage":"pt-PT"}]}},"_links":{"self":[{"href":"https:\/\/lovme.pt\/index.php\/wp-json\/wp\/v2\/product\/46970","targetHints":{"allow":["GET"]}}],"collection":[{"href":"https:\/\/lovme.pt\/index.php\/wp-json\/wp\/v2\/product"}],"about":[{"href":"https:\/\/lovme.pt\/index.php\/wp-json\/wp\/v2\/types\/product"}],"wp:featuredmedia":[{"embeddable":true,"href":"https:\/\/lovme.pt\/index.php\/wp-json\/wp\/v2\/media\/102564"}],"wp:attachment":[{"href":"https:\/\/lovme.pt\/index.php\/wp-json\/wp\/v2\/media?parent=46970"}],"wp:term":[{"taxonomy":"product_brand","embeddable":true,"href":"https:\/\/lovme.pt\/index.php\/wp-json\/wp\/v2\/product_brand?post=46970"},{"taxonomy":"product_cat","embeddable":true,"href":"https:\/\/lovme.pt\/index.php\/wp-json\/wp\/v2\/product_cat?post=46970"},{"taxonomy":"product_tag","embeddable":true,"href":"https:\/\/lovme.pt\/index.php\/wp-json\/wp\/v2\/product_tag?post=46970"}],"curies":[{"name":"wp","href":"https:\/\/api.w.org\/{rel}","templated":true}]}}