{"id":46957,"date":"2025-10-01T00:18:43","date_gmt":"2025-10-01T00:18:43","guid":{"rendered":"https:\/\/lovme.pt\/?post_type=product&p=46957"},"modified":"2026-02-19T20:15:00","modified_gmt":"2026-02-19T20:15:00","slug":"calexotics-radiance-top-biquini-tringulo-rhine-plus-size","status":"publish","type":"product","link":"https:\/\/lovme.pt\/index.php\/produto\/calexotics-radiance-top-biquini-tringulo-rhine-plus-size\/","title":{"rendered":"CALEXOTICS &#8211; RADIANCE TOP BIQUINI TRINGULO RHINE PLUS SIZE"},"content":{"rendered":"<p>Sinta-se confiante e glamorosa com o Top de Biqu\u00edni Plus Size <strong>Radiance<\/strong> Triangle. Com um design el\u00e1stico que cabe at\u00e9 o tamanho 3X, oferece um ajuste agrad\u00e1vel e confort\u00e1vel. As al\u00e7as ajust\u00e1veis no pesco\u00e7o e nas costas personalizam o suporte.<\/p>\n<p>Feito com materiais macios e el\u00e1sticos, ele abra\u00e7a as curvas para proporcionar conforto o dia todo. A malha respir\u00e1vel garante ventila\u00e7\u00e3o. Detalhes de strass adicionam brilho e eleg\u00e2ncia.<\/p>\n<p>Lavar \u00e0 m\u00e3o para maior durabilidade. Abrace as suas curvas com confian\u00e7a com esta op\u00e7\u00e3o elegante, perfeita para animar momentos \u00edntimos ou adicionar estilo aos seus looks. Combinando design sexy, conforto e um ajuste lisonjeiro, faz voc\u00ea se sentir como uma deusa radiante.<\/p>\n<p><u><strong>Informa\u00e7\u00f5es adicionais:<\/strong><\/u><\/p>\n<ul>\n<li>Top de biqu\u00edni sexy triangular com al\u00e7as ajust\u00e1veis no pesco\u00e7o e nas costas<\/li>\n<li>Macio, el\u00e1stico e confort\u00e1vel<\/li>\n<li>Design de malha respir\u00e1vel<\/li>\n<li>Detalhes de strass<\/li>\n<li>Tamanho grande cabe at\u00e9 3X<\/li>\n<li>S\u00f3 lavar as m\u00e3os<\/li>\n<li>Material: 92% nylon, 8% tecido elastano, 95% nylon, 5% el\u00e1stico de borracha, 100% strass de vidro<\/li>\n<\/ul>\n<p>\u00a0<\/p>\n<p><strong>A CalExotics<\/strong> tem transformado constantemente \u201cfantasia em realidade\u201d h\u00e1 mais de uma d\u00e9cada. Com aten\u00e7\u00e3o incompar\u00e1vel aos detalhes, a fundadora e propriet\u00e1ria da CalExotics, Susan Colvin, tornou a marca California Exotic Novelty sin\u00f4nimo de brinquedos para adultos de qualidade. O fato de a CalExotics ser uma empresa pertencente e operada por mulheres desempenha um papel importante em sua ascens\u00e3o mete\u00f3rica ao topo da ind\u00fastria de brinquedos e novidades para adultos.<\/p>\n<p>\u00a0<\/p>\n","protected":false},"excerpt":{"rendered":"<p>CALEXOTICS &#8211; RADIANCE TOP BIQUINI TRINGULO RHINE PLUS SIZE<\/p>\n","protected":false},"featured_media":86507,"template":"","meta":{"_acf_changed":false},"product_brand":[],"product_cat":[47,66,67],"product_tag":[],"class_list":{"0":"post-46957","1":"product","2":"type-product","3":"status-publish","4":"has-post-thumbnail","6":"product_cat-lingerie","7":"product_cat-lingerie-feminina","8":"product_cat-lingerie-masculina","9":"yith_product_brand-calexotics","11":"first","12":"instock","13":"taxable","14":"shipping-taxable","15":"purchasable","16":"product-type-simple"},"acf":[],"yoast_head":"<!-- This site is optimized with the Yoast SEO plugin v27.3 - https:\/\/yoast.com\/product\/yoast-seo-wordpress\/ -->\n<title>CALEXOTICS - RADIANCE TOP BIQUINI TRINGULO RHINE PLUS SIZE - Lovme<\/title>\n<meta name=\"robots\" content=\"index, follow, max-snippet:-1, max-image-preview:large, max-video-preview:-1\" \/>\n<link rel=\"canonical\" href=\"https:\/\/lovme.pt\/index.php\/produto\/calexotics-radiance-top-biquini-tringulo-rhine-plus-size\/\" \/>\n<meta property=\"og:locale\" content=\"pt_PT\" \/>\n<meta property=\"og:type\" content=\"article\" \/>\n<meta property=\"og:title\" content=\"CALEXOTICS - RADIANCE TOP BIQUINI TRINGULO RHINE PLUS SIZE - Lovme\" \/>\n<meta property=\"og:description\" content=\"CALEXOTICS - RADIANCE TOP BIQUINI TRINGULO RHINE PLUS SIZE\" \/>\n<meta property=\"og:url\" content=\"https:\/\/lovme.pt\/index.php\/produto\/calexotics-radiance-top-biquini-tringulo-rhine-plus-size\/\" \/>\n<meta property=\"og:site_name\" content=\"Lovme\" \/>\n<meta property=\"article:modified_time\" content=\"2026-02-19T20:15:00+00:00\" \/>\n<meta property=\"og:image\" content=\"https:\/\/erki24nd3ub.exactdn.com\/wp-content\/uploads\/dream\/img\/img_165978_e01a4c0ec055c9c8dca4dfa1220810a9_1.jpg?strip=all\" \/>\n\t<meta property=\"og:image:width\" content=\"800\" \/>\n\t<meta property=\"og:image:height\" content=\"800\" \/>\n\t<meta property=\"og:image:type\" content=\"image\/jpeg\" \/>\n<meta name=\"twitter:card\" content=\"summary_large_image\" \/>\n<meta name=\"twitter:label1\" content=\"Tempo estimado de leitura\" \/>\n\t<meta name=\"twitter:data1\" content=\"1 minuto\" \/>\n<script type=\"application\/ld+json\" class=\"yoast-schema-graph\">{\"@context\":\"https:\\\/\\\/schema.org\",\"@graph\":[{\"@type\":\"WebPage\",\"@id\":\"https:\\\/\\\/lovme.pt\\\/index.php\\\/produto\\\/calexotics-radiance-top-biquini-tringulo-rhine-plus-size\\\/\",\"url\":\"https:\\\/\\\/lovme.pt\\\/index.php\\\/produto\\\/calexotics-radiance-top-biquini-tringulo-rhine-plus-size\\\/\",\"name\":\"CALEXOTICS - RADIANCE TOP BIQUINI TRINGULO RHINE PLUS SIZE - Lovme\",\"isPartOf\":{\"@id\":\"https:\\\/\\\/lovme.pt\\\/#website\"},\"primaryImageOfPage\":{\"@id\":\"https:\\\/\\\/lovme.pt\\\/index.php\\\/produto\\\/calexotics-radiance-top-biquini-tringulo-rhine-plus-size\\\/#primaryimage\"},\"image\":{\"@id\":\"https:\\\/\\\/lovme.pt\\\/index.php\\\/produto\\\/calexotics-radiance-top-biquini-tringulo-rhine-plus-size\\\/#primaryimage\"},\"thumbnailUrl\":\"https:\\\/\\\/erki24nd3ub.exactdn.com\\\/wp-content\\\/uploads\\\/dream\\\/img\\\/img_165978_e01a4c0ec055c9c8dca4dfa1220810a9_1.jpg?strip=all\",\"datePublished\":\"2025-10-01T00:18:43+00:00\",\"dateModified\":\"2026-02-19T20:15:00+00:00\",\"breadcrumb\":{\"@id\":\"https:\\\/\\\/lovme.pt\\\/index.php\\\/produto\\\/calexotics-radiance-top-biquini-tringulo-rhine-plus-size\\\/#breadcrumb\"},\"inLanguage\":\"pt-PT\",\"potentialAction\":[{\"@type\":\"ReadAction\",\"target\":[\"https:\\\/\\\/lovme.pt\\\/index.php\\\/produto\\\/calexotics-radiance-top-biquini-tringulo-rhine-plus-size\\\/\"]}]},{\"@type\":\"ImageObject\",\"inLanguage\":\"pt-PT\",\"@id\":\"https:\\\/\\\/lovme.pt\\\/index.php\\\/produto\\\/calexotics-radiance-top-biquini-tringulo-rhine-plus-size\\\/#primaryimage\",\"url\":\"https:\\\/\\\/erki24nd3ub.exactdn.com\\\/wp-content\\\/uploads\\\/dream\\\/img\\\/img_165978_e01a4c0ec055c9c8dca4dfa1220810a9_1.jpg?strip=all\",\"contentUrl\":\"https:\\\/\\\/erki24nd3ub.exactdn.com\\\/wp-content\\\/uploads\\\/dream\\\/img\\\/img_165978_e01a4c0ec055c9c8dca4dfa1220810a9_1.jpg?strip=all\",\"width\":800,\"height\":800},{\"@type\":\"BreadcrumbList\",\"@id\":\"https:\\\/\\\/lovme.pt\\\/index.php\\\/produto\\\/calexotics-radiance-top-biquini-tringulo-rhine-plus-size\\\/#breadcrumb\",\"itemListElement\":[{\"@type\":\"ListItem\",\"position\":1,\"name\":\"In\u00edcio\",\"item\":\"https:\\\/\\\/lovme.pt\\\/\"},{\"@type\":\"ListItem\",\"position\":2,\"name\":\"Loja\",\"item\":\"https:\\\/\\\/lovme.pt\\\/index.php\\\/loja\\\/\"},{\"@type\":\"ListItem\",\"position\":3,\"name\":\"CALEXOTICS &#8211; RADIANCE TOP BIQUINI TRINGULO RHINE PLUS SIZE\"}]},{\"@type\":\"WebSite\",\"@id\":\"https:\\\/\\\/lovme.pt\\\/#website\",\"url\":\"https:\\\/\\\/lovme.pt\\\/\",\"name\":\"Lovme Loja Er\u00f3tica N\u00ba1 em Portugal\",\"description\":\"A melhor loja er\u00f3tica de Portugal.\",\"alternateName\":\"Loja Er\u00f3tica Lovme\",\"potentialAction\":[{\"@type\":\"SearchAction\",\"target\":{\"@type\":\"EntryPoint\",\"urlTemplate\":\"https:\\\/\\\/lovme.pt\\\/?s={search_term_string}\"},\"query-input\":{\"@type\":\"PropertyValueSpecification\",\"valueRequired\":true,\"valueName\":\"search_term_string\"}}],\"inLanguage\":\"pt-PT\"}]}<\/script>\n<!-- \/ Yoast SEO plugin. -->","yoast_head_json":{"title":"CALEXOTICS - RADIANCE TOP BIQUINI TRINGULO RHINE PLUS SIZE - Lovme","robots":{"index":"index","follow":"follow","max-snippet":"max-snippet:-1","max-image-preview":"max-image-preview:large","max-video-preview":"max-video-preview:-1"},"canonical":"https:\/\/lovme.pt\/index.php\/produto\/calexotics-radiance-top-biquini-tringulo-rhine-plus-size\/","og_locale":"pt_PT","og_type":"article","og_title":"CALEXOTICS - RADIANCE TOP BIQUINI TRINGULO RHINE PLUS SIZE - Lovme","og_description":"CALEXOTICS - RADIANCE TOP BIQUINI TRINGULO RHINE PLUS SIZE","og_url":"https:\/\/lovme.pt\/index.php\/produto\/calexotics-radiance-top-biquini-tringulo-rhine-plus-size\/","og_site_name":"Lovme","article_modified_time":"2026-02-19T20:15:00+00:00","og_image":[{"width":800,"height":800,"url":"https:\/\/erki24nd3ub.exactdn.com\/wp-content\/uploads\/dream\/img\/img_165978_e01a4c0ec055c9c8dca4dfa1220810a9_1.jpg?strip=all","type":"image\/jpeg"}],"twitter_card":"summary_large_image","twitter_misc":{"Tempo estimado de leitura":"1 minuto"},"schema":{"@context":"https:\/\/schema.org","@graph":[{"@type":"WebPage","@id":"https:\/\/lovme.pt\/index.php\/produto\/calexotics-radiance-top-biquini-tringulo-rhine-plus-size\/","url":"https:\/\/lovme.pt\/index.php\/produto\/calexotics-radiance-top-biquini-tringulo-rhine-plus-size\/","name":"CALEXOTICS - RADIANCE TOP BIQUINI TRINGULO RHINE PLUS SIZE - Lovme","isPartOf":{"@id":"https:\/\/lovme.pt\/#website"},"primaryImageOfPage":{"@id":"https:\/\/lovme.pt\/index.php\/produto\/calexotics-radiance-top-biquini-tringulo-rhine-plus-size\/#primaryimage"},"image":{"@id":"https:\/\/lovme.pt\/index.php\/produto\/calexotics-radiance-top-biquini-tringulo-rhine-plus-size\/#primaryimage"},"thumbnailUrl":"https:\/\/erki24nd3ub.exactdn.com\/wp-content\/uploads\/dream\/img\/img_165978_e01a4c0ec055c9c8dca4dfa1220810a9_1.jpg?strip=all","datePublished":"2025-10-01T00:18:43+00:00","dateModified":"2026-02-19T20:15:00+00:00","breadcrumb":{"@id":"https:\/\/lovme.pt\/index.php\/produto\/calexotics-radiance-top-biquini-tringulo-rhine-plus-size\/#breadcrumb"},"inLanguage":"pt-PT","potentialAction":[{"@type":"ReadAction","target":["https:\/\/lovme.pt\/index.php\/produto\/calexotics-radiance-top-biquini-tringulo-rhine-plus-size\/"]}]},{"@type":"ImageObject","inLanguage":"pt-PT","@id":"https:\/\/lovme.pt\/index.php\/produto\/calexotics-radiance-top-biquini-tringulo-rhine-plus-size\/#primaryimage","url":"https:\/\/erki24nd3ub.exactdn.com\/wp-content\/uploads\/dream\/img\/img_165978_e01a4c0ec055c9c8dca4dfa1220810a9_1.jpg?strip=all","contentUrl":"https:\/\/erki24nd3ub.exactdn.com\/wp-content\/uploads\/dream\/img\/img_165978_e01a4c0ec055c9c8dca4dfa1220810a9_1.jpg?strip=all","width":800,"height":800},{"@type":"BreadcrumbList","@id":"https:\/\/lovme.pt\/index.php\/produto\/calexotics-radiance-top-biquini-tringulo-rhine-plus-size\/#breadcrumb","itemListElement":[{"@type":"ListItem","position":1,"name":"In\u00edcio","item":"https:\/\/lovme.pt\/"},{"@type":"ListItem","position":2,"name":"Loja","item":"https:\/\/lovme.pt\/index.php\/loja\/"},{"@type":"ListItem","position":3,"name":"CALEXOTICS &#8211; RADIANCE TOP BIQUINI TRINGULO RHINE PLUS SIZE"}]},{"@type":"WebSite","@id":"https:\/\/lovme.pt\/#website","url":"https:\/\/lovme.pt\/","name":"Lovme Loja Er\u00f3tica N\u00ba1 em Portugal","description":"A melhor loja er\u00f3tica de Portugal.","alternateName":"Loja Er\u00f3tica Lovme","potentialAction":[{"@type":"SearchAction","target":{"@type":"EntryPoint","urlTemplate":"https:\/\/lovme.pt\/?s={search_term_string}"},"query-input":{"@type":"PropertyValueSpecification","valueRequired":true,"valueName":"search_term_string"}}],"inLanguage":"pt-PT"}]}},"_links":{"self":[{"href":"https:\/\/lovme.pt\/index.php\/wp-json\/wp\/v2\/product\/46957","targetHints":{"allow":["GET"]}}],"collection":[{"href":"https:\/\/lovme.pt\/index.php\/wp-json\/wp\/v2\/product"}],"about":[{"href":"https:\/\/lovme.pt\/index.php\/wp-json\/wp\/v2\/types\/product"}],"wp:featuredmedia":[{"embeddable":true,"href":"https:\/\/lovme.pt\/index.php\/wp-json\/wp\/v2\/media\/86507"}],"wp:attachment":[{"href":"https:\/\/lovme.pt\/index.php\/wp-json\/wp\/v2\/media?parent=46957"}],"wp:term":[{"taxonomy":"product_brand","embeddable":true,"href":"https:\/\/lovme.pt\/index.php\/wp-json\/wp\/v2\/product_brand?post=46957"},{"taxonomy":"product_cat","embeddable":true,"href":"https:\/\/lovme.pt\/index.php\/wp-json\/wp\/v2\/product_cat?post=46957"},{"taxonomy":"product_tag","embeddable":true,"href":"https:\/\/lovme.pt\/index.php\/wp-json\/wp\/v2\/product_tag?post=46957"}],"curies":[{"name":"wp","href":"https:\/\/api.w.org\/{rel}","templated":true}]}}