{"id":46954,"date":"2025-10-01T03:15:56","date_gmt":"2025-10-01T03:15:56","guid":{"rendered":"https:\/\/lovme.pt\/?post_type=product&p=46954"},"modified":"2026-02-19T20:22:45","modified_gmt":"2026-02-19T20:22:45","slug":"calexotics-radiance-body-com-capuz-deep-v","status":"publish","type":"product","link":"https:\/\/lovme.pt\/index.php\/produto\/calexotics-radiance-body-com-capuz-deep-v\/","title":{"rendered":"CALEXOTICS &#8211; RADIANCE BODY COM CAPUZ DEEP V"},"content":{"rendered":"<p>Mergulhe na sedu\u00e7\u00e3o com o Body com Capuz <strong>Radiance<\/strong> . Esta pe\u00e7a provocante apresenta um decote profundo e um design cativante com capuz, atraindo a aten\u00e7\u00e3o sem esfor\u00e7o.<\/p>\n<p> Feito de materiais macios e el\u00e1sticos, ele abra\u00e7a as curvas luxuosamente com um design de malha respir\u00e1vel para maior conforto. Adornado com detalhes requintados de strass, adiciona glamour e brilho ao seu conjunto. Estilize-o com ou sem capuz para maior versatilidade. Com um ajuste universal, combina com a maioria dos tamanhos.<\/p>\n<p> Lavar \u00e0 m\u00e3o para qualidade duradoura. Liberte a sua sedutora interior com confian\u00e7a no Body com Capuz Radiance, perfeito para momentos \u00edntimos ou para adicionar apelo \u00e0 sua roupa, despertando paix\u00e3o e brilho.<\/p>\n<p> <u><strong>Informa\u00e7\u00f5es adicionais:<\/strong><\/u><\/p>\n<ul>\n<li> Conjunto de body com capuz em V e decote em V sedutor<\/li>\n<li> Estilo com ou sem capuz<\/li>\n<li> Macio, el\u00e1stico e confort\u00e1vel<\/li>\n<li> Design de malha respir\u00e1vel<\/li>\n<li> Detalhes de strass<\/li>\n<li> Cabe na maioria dos tamanhos padr\u00e3o<\/li>\n<li> S\u00f3 lavar as m\u00e3os<\/li>\n<li> Material: 92% nylon, 8% tecido elastano 100% strass de vidro<\/li>\n<\/ul>\n<p> <strong>A CalExotics<\/strong> tem transformado constantemente \u201cfantasia em realidade\u201d h\u00e1 mais de uma d\u00e9cada. Com aten\u00e7\u00e3o incompar\u00e1vel aos detalhes, a fundadora e propriet\u00e1ria da CalExotics, Susan Colvin, tornou a marca California Exotic Novelty sin\u00f4nimo de brinquedos para adultos de qualidade. O fato de a CalExotics ser uma empresa pertencente e operada por mulheres desempenha um papel importante em sua ascens\u00e3o mete\u00f3rica ao topo da ind\u00fastria de brinquedos e novidades para adultos.<\/p><\/p>\n","protected":false},"excerpt":{"rendered":"<p>CALEXOTICS &#8211; RADIANCE BODY COM CAPUZ DEEP V<\/p>\n","protected":false},"featured_media":102372,"template":"","meta":{"_acf_changed":false},"product_brand":[],"product_cat":[47,66],"product_tag":[],"class_list":{"0":"post-46954","1":"product","2":"type-product","3":"status-publish","4":"has-post-thumbnail","6":"product_cat-lingerie","7":"product_cat-lingerie-feminina","8":"yith_product_brand-calexotics","10":"first","11":"instock","12":"taxable","13":"shipping-taxable","14":"purchasable","15":"product-type-simple"},"acf":[],"yoast_head":"<!-- This site is optimized with the Yoast SEO plugin v27.3 - https:\/\/yoast.com\/product\/yoast-seo-wordpress\/ -->\n<title>CALEXOTICS - RADIANCE BODY COM CAPUZ DEEP V - Lovme<\/title>\n<meta name=\"robots\" content=\"index, follow, max-snippet:-1, max-image-preview:large, max-video-preview:-1\" \/>\n<link rel=\"canonical\" href=\"https:\/\/lovme.pt\/index.php\/produto\/calexotics-radiance-body-com-capuz-deep-v\/\" \/>\n<meta property=\"og:locale\" content=\"pt_PT\" \/>\n<meta property=\"og:type\" content=\"article\" \/>\n<meta property=\"og:title\" content=\"CALEXOTICS - RADIANCE BODY COM CAPUZ DEEP V - Lovme\" \/>\n<meta property=\"og:description\" content=\"CALEXOTICS - RADIANCE BODY COM CAPUZ DEEP V\" \/>\n<meta property=\"og:url\" content=\"https:\/\/lovme.pt\/index.php\/produto\/calexotics-radiance-body-com-capuz-deep-v\/\" \/>\n<meta property=\"og:site_name\" content=\"Lovme\" \/>\n<meta property=\"article:modified_time\" content=\"2026-02-19T20:22:45+00:00\" \/>\n<meta property=\"og:image\" content=\"https:\/\/erki24nd3ub.exactdn.com\/wp-content\/uploads\/dream\/img\/img_165981_7fdaa87bff5a9cd44cf2574e63e2b0c3_1.jpg?strip=all\" \/>\n\t<meta property=\"og:image:width\" content=\"800\" \/>\n\t<meta property=\"og:image:height\" content=\"800\" \/>\n\t<meta property=\"og:image:type\" content=\"image\/jpeg\" \/>\n<meta name=\"twitter:card\" content=\"summary_large_image\" \/>\n<meta name=\"twitter:label1\" content=\"Tempo estimado de leitura\" \/>\n\t<meta name=\"twitter:data1\" content=\"1 minuto\" \/>\n<script type=\"application\/ld+json\" class=\"yoast-schema-graph\">{\"@context\":\"https:\\\/\\\/schema.org\",\"@graph\":[{\"@type\":\"WebPage\",\"@id\":\"https:\\\/\\\/lovme.pt\\\/index.php\\\/produto\\\/calexotics-radiance-body-com-capuz-deep-v\\\/\",\"url\":\"https:\\\/\\\/lovme.pt\\\/index.php\\\/produto\\\/calexotics-radiance-body-com-capuz-deep-v\\\/\",\"name\":\"CALEXOTICS - RADIANCE BODY COM CAPUZ DEEP V - Lovme\",\"isPartOf\":{\"@id\":\"https:\\\/\\\/lovme.pt\\\/#website\"},\"primaryImageOfPage\":{\"@id\":\"https:\\\/\\\/lovme.pt\\\/index.php\\\/produto\\\/calexotics-radiance-body-com-capuz-deep-v\\\/#primaryimage\"},\"image\":{\"@id\":\"https:\\\/\\\/lovme.pt\\\/index.php\\\/produto\\\/calexotics-radiance-body-com-capuz-deep-v\\\/#primaryimage\"},\"thumbnailUrl\":\"https:\\\/\\\/erki24nd3ub.exactdn.com\\\/wp-content\\\/uploads\\\/dream\\\/img\\\/img_165981_7fdaa87bff5a9cd44cf2574e63e2b0c3_1.jpg?strip=all\",\"datePublished\":\"2025-10-01T03:15:56+00:00\",\"dateModified\":\"2026-02-19T20:22:45+00:00\",\"breadcrumb\":{\"@id\":\"https:\\\/\\\/lovme.pt\\\/index.php\\\/produto\\\/calexotics-radiance-body-com-capuz-deep-v\\\/#breadcrumb\"},\"inLanguage\":\"pt-PT\",\"potentialAction\":[{\"@type\":\"ReadAction\",\"target\":[\"https:\\\/\\\/lovme.pt\\\/index.php\\\/produto\\\/calexotics-radiance-body-com-capuz-deep-v\\\/\"]}]},{\"@type\":\"ImageObject\",\"inLanguage\":\"pt-PT\",\"@id\":\"https:\\\/\\\/lovme.pt\\\/index.php\\\/produto\\\/calexotics-radiance-body-com-capuz-deep-v\\\/#primaryimage\",\"url\":\"https:\\\/\\\/erki24nd3ub.exactdn.com\\\/wp-content\\\/uploads\\\/dream\\\/img\\\/img_165981_7fdaa87bff5a9cd44cf2574e63e2b0c3_1.jpg?strip=all\",\"contentUrl\":\"https:\\\/\\\/erki24nd3ub.exactdn.com\\\/wp-content\\\/uploads\\\/dream\\\/img\\\/img_165981_7fdaa87bff5a9cd44cf2574e63e2b0c3_1.jpg?strip=all\",\"width\":800,\"height\":800},{\"@type\":\"BreadcrumbList\",\"@id\":\"https:\\\/\\\/lovme.pt\\\/index.php\\\/produto\\\/calexotics-radiance-body-com-capuz-deep-v\\\/#breadcrumb\",\"itemListElement\":[{\"@type\":\"ListItem\",\"position\":1,\"name\":\"In\u00edcio\",\"item\":\"https:\\\/\\\/lovme.pt\\\/\"},{\"@type\":\"ListItem\",\"position\":2,\"name\":\"Loja\",\"item\":\"https:\\\/\\\/lovme.pt\\\/index.php\\\/loja\\\/\"},{\"@type\":\"ListItem\",\"position\":3,\"name\":\"CALEXOTICS &#8211; RADIANCE BODY COM CAPUZ DEEP V\"}]},{\"@type\":\"WebSite\",\"@id\":\"https:\\\/\\\/lovme.pt\\\/#website\",\"url\":\"https:\\\/\\\/lovme.pt\\\/\",\"name\":\"Lovme Loja Er\u00f3tica N\u00ba1 em Portugal\",\"description\":\"A melhor loja er\u00f3tica de Portugal.\",\"alternateName\":\"Loja Er\u00f3tica Lovme\",\"potentialAction\":[{\"@type\":\"SearchAction\",\"target\":{\"@type\":\"EntryPoint\",\"urlTemplate\":\"https:\\\/\\\/lovme.pt\\\/?s={search_term_string}\"},\"query-input\":{\"@type\":\"PropertyValueSpecification\",\"valueRequired\":true,\"valueName\":\"search_term_string\"}}],\"inLanguage\":\"pt-PT\"}]}<\/script>\n<!-- \/ Yoast SEO plugin. -->","yoast_head_json":{"title":"CALEXOTICS - RADIANCE BODY COM CAPUZ DEEP V - Lovme","robots":{"index":"index","follow":"follow","max-snippet":"max-snippet:-1","max-image-preview":"max-image-preview:large","max-video-preview":"max-video-preview:-1"},"canonical":"https:\/\/lovme.pt\/index.php\/produto\/calexotics-radiance-body-com-capuz-deep-v\/","og_locale":"pt_PT","og_type":"article","og_title":"CALEXOTICS - RADIANCE BODY COM CAPUZ DEEP V - Lovme","og_description":"CALEXOTICS - RADIANCE BODY COM CAPUZ DEEP V","og_url":"https:\/\/lovme.pt\/index.php\/produto\/calexotics-radiance-body-com-capuz-deep-v\/","og_site_name":"Lovme","article_modified_time":"2026-02-19T20:22:45+00:00","og_image":[{"width":800,"height":800,"url":"https:\/\/erki24nd3ub.exactdn.com\/wp-content\/uploads\/dream\/img\/img_165981_7fdaa87bff5a9cd44cf2574e63e2b0c3_1.jpg?strip=all","type":"image\/jpeg"}],"twitter_card":"summary_large_image","twitter_misc":{"Tempo estimado de leitura":"1 minuto"},"schema":{"@context":"https:\/\/schema.org","@graph":[{"@type":"WebPage","@id":"https:\/\/lovme.pt\/index.php\/produto\/calexotics-radiance-body-com-capuz-deep-v\/","url":"https:\/\/lovme.pt\/index.php\/produto\/calexotics-radiance-body-com-capuz-deep-v\/","name":"CALEXOTICS - RADIANCE BODY COM CAPUZ DEEP V - Lovme","isPartOf":{"@id":"https:\/\/lovme.pt\/#website"},"primaryImageOfPage":{"@id":"https:\/\/lovme.pt\/index.php\/produto\/calexotics-radiance-body-com-capuz-deep-v\/#primaryimage"},"image":{"@id":"https:\/\/lovme.pt\/index.php\/produto\/calexotics-radiance-body-com-capuz-deep-v\/#primaryimage"},"thumbnailUrl":"https:\/\/erki24nd3ub.exactdn.com\/wp-content\/uploads\/dream\/img\/img_165981_7fdaa87bff5a9cd44cf2574e63e2b0c3_1.jpg?strip=all","datePublished":"2025-10-01T03:15:56+00:00","dateModified":"2026-02-19T20:22:45+00:00","breadcrumb":{"@id":"https:\/\/lovme.pt\/index.php\/produto\/calexotics-radiance-body-com-capuz-deep-v\/#breadcrumb"},"inLanguage":"pt-PT","potentialAction":[{"@type":"ReadAction","target":["https:\/\/lovme.pt\/index.php\/produto\/calexotics-radiance-body-com-capuz-deep-v\/"]}]},{"@type":"ImageObject","inLanguage":"pt-PT","@id":"https:\/\/lovme.pt\/index.php\/produto\/calexotics-radiance-body-com-capuz-deep-v\/#primaryimage","url":"https:\/\/erki24nd3ub.exactdn.com\/wp-content\/uploads\/dream\/img\/img_165981_7fdaa87bff5a9cd44cf2574e63e2b0c3_1.jpg?strip=all","contentUrl":"https:\/\/erki24nd3ub.exactdn.com\/wp-content\/uploads\/dream\/img\/img_165981_7fdaa87bff5a9cd44cf2574e63e2b0c3_1.jpg?strip=all","width":800,"height":800},{"@type":"BreadcrumbList","@id":"https:\/\/lovme.pt\/index.php\/produto\/calexotics-radiance-body-com-capuz-deep-v\/#breadcrumb","itemListElement":[{"@type":"ListItem","position":1,"name":"In\u00edcio","item":"https:\/\/lovme.pt\/"},{"@type":"ListItem","position":2,"name":"Loja","item":"https:\/\/lovme.pt\/index.php\/loja\/"},{"@type":"ListItem","position":3,"name":"CALEXOTICS &#8211; RADIANCE BODY COM CAPUZ DEEP V"}]},{"@type":"WebSite","@id":"https:\/\/lovme.pt\/#website","url":"https:\/\/lovme.pt\/","name":"Lovme Loja Er\u00f3tica N\u00ba1 em Portugal","description":"A melhor loja er\u00f3tica de Portugal.","alternateName":"Loja Er\u00f3tica Lovme","potentialAction":[{"@type":"SearchAction","target":{"@type":"EntryPoint","urlTemplate":"https:\/\/lovme.pt\/?s={search_term_string}"},"query-input":{"@type":"PropertyValueSpecification","valueRequired":true,"valueName":"search_term_string"}}],"inLanguage":"pt-PT"}]}},"_links":{"self":[{"href":"https:\/\/lovme.pt\/index.php\/wp-json\/wp\/v2\/product\/46954","targetHints":{"allow":["GET"]}}],"collection":[{"href":"https:\/\/lovme.pt\/index.php\/wp-json\/wp\/v2\/product"}],"about":[{"href":"https:\/\/lovme.pt\/index.php\/wp-json\/wp\/v2\/types\/product"}],"wp:featuredmedia":[{"embeddable":true,"href":"https:\/\/lovme.pt\/index.php\/wp-json\/wp\/v2\/media\/102372"}],"wp:attachment":[{"href":"https:\/\/lovme.pt\/index.php\/wp-json\/wp\/v2\/media?parent=46954"}],"wp:term":[{"taxonomy":"product_brand","embeddable":true,"href":"https:\/\/lovme.pt\/index.php\/wp-json\/wp\/v2\/product_brand?post=46954"},{"taxonomy":"product_cat","embeddable":true,"href":"https:\/\/lovme.pt\/index.php\/wp-json\/wp\/v2\/product_cat?post=46954"},{"taxonomy":"product_tag","embeddable":true,"href":"https:\/\/lovme.pt\/index.php\/wp-json\/wp\/v2\/product_tag?post=46954"}],"curies":[{"name":"wp","href":"https:\/\/api.w.org\/{rel}","templated":true}]}}