{"id":46949,"date":"2025-10-01T00:18:34","date_gmt":"2025-10-01T00:18:34","guid":{"rendered":"https:\/\/lovme.pt\/?post_type=product&p=46949"},"modified":"2026-02-19T20:15:00","modified_gmt":"2026-02-19T20:15:00","slug":"calexotics-radiance-luvas-sem-dedos-rhine","status":"publish","type":"product","link":"https:\/\/lovme.pt\/index.php\/produto\/calexotics-radiance-luvas-sem-dedos-rhine\/","title":{"rendered":"CALEXOTICS &#8211; RADIANCE LUVAS SEM DEDOS RHINE"},"content":{"rendered":"<p>Eleve o seu estilo com as luvas sem dedos Radiance. Feitos para oferecer eleg\u00e2ncia e conforto, s\u00e3o perfeitos para qualquer ocasi\u00e3o.<\/p>\n<p>Fabricados com materiais macios e el\u00e1sticos, oferecem uma sensa\u00e7\u00e3o luxuosa e um design de malha respir\u00e1vel para um conforto ideal. Embelezados com strass brilhantes, acrescentam glamour a qualquer look.<\/p>\n<p>Tamanho universal, cabem na maioria das m\u00e3os e s\u00e3o facilmente lavados \u00e0 m\u00e3o para maior durabilidade. Expresse seu estilo \u00fanico sem esfor\u00e7o com estas luvas vers\u00e1teis, seja para sair \u00e0 noite ou para adicionar estilo ao seu conjunto do dia a dia. Mostre seu lado l\u00fadico com as Luvas Radiance Fingerless, seu acess\u00f3rio essencial para looks chiques e charmosos.<\/p>\n<p><u><strong>Informa\u00e7\u00f5es adicionais<\/strong><\/u><\/p>\n<ul>\n<li>Luvas divertidas sem dedos &#8211; adequadas para todas as ocasi\u00f5es<\/li>\n<li>Macio, el\u00e1stico e confort\u00e1vel<\/li>\n<li>Design de malha respir\u00e1vel com orif\u00edcios para os polegares<\/li>\n<li>Detalhes de strass<\/li>\n<li>Cabe na maioria dos tamanhos padr\u00e3o<\/li>\n<li>S\u00f3 lavar as m\u00e3os<\/li>\n<li>Material: 92% nylon, 8% tecido elastano 100% strass de vidro<\/li>\n<\/ul>\n<p>\u00a0<\/p>\n<p><strong>A CalExotics<\/strong> tem transformado constantemente \u201cfantasia em realidade\u201d h\u00e1 mais de uma d\u00e9cada. Com aten\u00e7\u00e3o incompar\u00e1vel aos detalhes, a fundadora e propriet\u00e1ria da CalExotics, Susan Colvin, tornou a marca California Exotic Novelty sin\u00f4nimo de brinquedos para adultos de qualidade. O fato de a CalExotics ser uma empresa pertencente e operada por mulheres desempenha um papel importante em sua ascens\u00e3o mete\u00f3rica ao topo da ind\u00fastria de brinquedos e novidades para adultos.<\/p>\n","protected":false},"excerpt":{"rendered":"<p>CALEXOTICS &#8211; RADIANCE LUVAS SEM DEDOS RHINE<\/p>\n","protected":false},"featured_media":86487,"template":"","meta":{"_acf_changed":false},"product_brand":[],"product_cat":[50,47,66],"product_tag":[],"class_list":{"0":"post-46949","1":"product","2":"type-product","3":"status-publish","4":"has-post-thumbnail","6":"product_cat-complementos-e-acessorios","7":"product_cat-lingerie","8":"product_cat-lingerie-feminina","9":"yith_product_brand-calexotics","11":"first","12":"instock","13":"taxable","14":"shipping-taxable","15":"purchasable","16":"product-type-simple"},"acf":[],"yoast_head":"<!-- This site is optimized with the Yoast SEO plugin v27.3 - https:\/\/yoast.com\/product\/yoast-seo-wordpress\/ -->\n<title>CALEXOTICS - RADIANCE LUVAS SEM DEDOS RHINE - Lovme<\/title>\n<meta name=\"robots\" content=\"index, follow, max-snippet:-1, max-image-preview:large, max-video-preview:-1\" \/>\n<link rel=\"canonical\" href=\"https:\/\/lovme.pt\/index.php\/produto\/calexotics-radiance-luvas-sem-dedos-rhine\/\" \/>\n<meta property=\"og:locale\" content=\"pt_PT\" \/>\n<meta property=\"og:type\" content=\"article\" \/>\n<meta property=\"og:title\" content=\"CALEXOTICS - RADIANCE LUVAS SEM DEDOS RHINE - Lovme\" \/>\n<meta property=\"og:description\" content=\"CALEXOTICS - RADIANCE LUVAS SEM DEDOS RHINE\" \/>\n<meta property=\"og:url\" content=\"https:\/\/lovme.pt\/index.php\/produto\/calexotics-radiance-luvas-sem-dedos-rhine\/\" \/>\n<meta property=\"og:site_name\" content=\"Lovme\" \/>\n<meta property=\"article:modified_time\" content=\"2026-02-19T20:15:00+00:00\" \/>\n<meta property=\"og:image\" content=\"https:\/\/erki24nd3ub.exactdn.com\/wp-content\/uploads\/dream\/img\/img_165970_23c4ce2f629d83d538d2464dcd3d252f_1.jpg?strip=all\" \/>\n\t<meta property=\"og:image:width\" content=\"800\" \/>\n\t<meta property=\"og:image:height\" content=\"800\" \/>\n\t<meta property=\"og:image:type\" content=\"image\/jpeg\" \/>\n<meta name=\"twitter:card\" content=\"summary_large_image\" \/>\n<meta name=\"twitter:label1\" content=\"Tempo estimado de leitura\" \/>\n\t<meta name=\"twitter:data1\" content=\"1 minuto\" \/>\n<script type=\"application\/ld+json\" class=\"yoast-schema-graph\">{\"@context\":\"https:\\\/\\\/schema.org\",\"@graph\":[{\"@type\":\"WebPage\",\"@id\":\"https:\\\/\\\/lovme.pt\\\/index.php\\\/produto\\\/calexotics-radiance-luvas-sem-dedos-rhine\\\/\",\"url\":\"https:\\\/\\\/lovme.pt\\\/index.php\\\/produto\\\/calexotics-radiance-luvas-sem-dedos-rhine\\\/\",\"name\":\"CALEXOTICS - RADIANCE LUVAS SEM DEDOS RHINE - Lovme\",\"isPartOf\":{\"@id\":\"https:\\\/\\\/lovme.pt\\\/#website\"},\"primaryImageOfPage\":{\"@id\":\"https:\\\/\\\/lovme.pt\\\/index.php\\\/produto\\\/calexotics-radiance-luvas-sem-dedos-rhine\\\/#primaryimage\"},\"image\":{\"@id\":\"https:\\\/\\\/lovme.pt\\\/index.php\\\/produto\\\/calexotics-radiance-luvas-sem-dedos-rhine\\\/#primaryimage\"},\"thumbnailUrl\":\"https:\\\/\\\/erki24nd3ub.exactdn.com\\\/wp-content\\\/uploads\\\/dream\\\/img\\\/img_165970_23c4ce2f629d83d538d2464dcd3d252f_1.jpg?strip=all\",\"datePublished\":\"2025-10-01T00:18:34+00:00\",\"dateModified\":\"2026-02-19T20:15:00+00:00\",\"breadcrumb\":{\"@id\":\"https:\\\/\\\/lovme.pt\\\/index.php\\\/produto\\\/calexotics-radiance-luvas-sem-dedos-rhine\\\/#breadcrumb\"},\"inLanguage\":\"pt-PT\",\"potentialAction\":[{\"@type\":\"ReadAction\",\"target\":[\"https:\\\/\\\/lovme.pt\\\/index.php\\\/produto\\\/calexotics-radiance-luvas-sem-dedos-rhine\\\/\"]}]},{\"@type\":\"ImageObject\",\"inLanguage\":\"pt-PT\",\"@id\":\"https:\\\/\\\/lovme.pt\\\/index.php\\\/produto\\\/calexotics-radiance-luvas-sem-dedos-rhine\\\/#primaryimage\",\"url\":\"https:\\\/\\\/erki24nd3ub.exactdn.com\\\/wp-content\\\/uploads\\\/dream\\\/img\\\/img_165970_23c4ce2f629d83d538d2464dcd3d252f_1.jpg?strip=all\",\"contentUrl\":\"https:\\\/\\\/erki24nd3ub.exactdn.com\\\/wp-content\\\/uploads\\\/dream\\\/img\\\/img_165970_23c4ce2f629d83d538d2464dcd3d252f_1.jpg?strip=all\",\"width\":800,\"height\":800},{\"@type\":\"BreadcrumbList\",\"@id\":\"https:\\\/\\\/lovme.pt\\\/index.php\\\/produto\\\/calexotics-radiance-luvas-sem-dedos-rhine\\\/#breadcrumb\",\"itemListElement\":[{\"@type\":\"ListItem\",\"position\":1,\"name\":\"In\u00edcio\",\"item\":\"https:\\\/\\\/lovme.pt\\\/\"},{\"@type\":\"ListItem\",\"position\":2,\"name\":\"Loja\",\"item\":\"https:\\\/\\\/lovme.pt\\\/index.php\\\/loja\\\/\"},{\"@type\":\"ListItem\",\"position\":3,\"name\":\"CALEXOTICS &#8211; RADIANCE LUVAS SEM DEDOS RHINE\"}]},{\"@type\":\"WebSite\",\"@id\":\"https:\\\/\\\/lovme.pt\\\/#website\",\"url\":\"https:\\\/\\\/lovme.pt\\\/\",\"name\":\"Lovme Loja Er\u00f3tica N\u00ba1 em Portugal\",\"description\":\"A melhor loja er\u00f3tica de Portugal.\",\"alternateName\":\"Loja Er\u00f3tica Lovme\",\"potentialAction\":[{\"@type\":\"SearchAction\",\"target\":{\"@type\":\"EntryPoint\",\"urlTemplate\":\"https:\\\/\\\/lovme.pt\\\/?s={search_term_string}\"},\"query-input\":{\"@type\":\"PropertyValueSpecification\",\"valueRequired\":true,\"valueName\":\"search_term_string\"}}],\"inLanguage\":\"pt-PT\"}]}<\/script>\n<!-- \/ Yoast SEO plugin. -->","yoast_head_json":{"title":"CALEXOTICS - RADIANCE LUVAS SEM DEDOS RHINE - Lovme","robots":{"index":"index","follow":"follow","max-snippet":"max-snippet:-1","max-image-preview":"max-image-preview:large","max-video-preview":"max-video-preview:-1"},"canonical":"https:\/\/lovme.pt\/index.php\/produto\/calexotics-radiance-luvas-sem-dedos-rhine\/","og_locale":"pt_PT","og_type":"article","og_title":"CALEXOTICS - RADIANCE LUVAS SEM DEDOS RHINE - Lovme","og_description":"CALEXOTICS - RADIANCE LUVAS SEM DEDOS RHINE","og_url":"https:\/\/lovme.pt\/index.php\/produto\/calexotics-radiance-luvas-sem-dedos-rhine\/","og_site_name":"Lovme","article_modified_time":"2026-02-19T20:15:00+00:00","og_image":[{"width":800,"height":800,"url":"https:\/\/erki24nd3ub.exactdn.com\/wp-content\/uploads\/dream\/img\/img_165970_23c4ce2f629d83d538d2464dcd3d252f_1.jpg?strip=all","type":"image\/jpeg"}],"twitter_card":"summary_large_image","twitter_misc":{"Tempo estimado de leitura":"1 minuto"},"schema":{"@context":"https:\/\/schema.org","@graph":[{"@type":"WebPage","@id":"https:\/\/lovme.pt\/index.php\/produto\/calexotics-radiance-luvas-sem-dedos-rhine\/","url":"https:\/\/lovme.pt\/index.php\/produto\/calexotics-radiance-luvas-sem-dedos-rhine\/","name":"CALEXOTICS - RADIANCE LUVAS SEM DEDOS RHINE - Lovme","isPartOf":{"@id":"https:\/\/lovme.pt\/#website"},"primaryImageOfPage":{"@id":"https:\/\/lovme.pt\/index.php\/produto\/calexotics-radiance-luvas-sem-dedos-rhine\/#primaryimage"},"image":{"@id":"https:\/\/lovme.pt\/index.php\/produto\/calexotics-radiance-luvas-sem-dedos-rhine\/#primaryimage"},"thumbnailUrl":"https:\/\/erki24nd3ub.exactdn.com\/wp-content\/uploads\/dream\/img\/img_165970_23c4ce2f629d83d538d2464dcd3d252f_1.jpg?strip=all","datePublished":"2025-10-01T00:18:34+00:00","dateModified":"2026-02-19T20:15:00+00:00","breadcrumb":{"@id":"https:\/\/lovme.pt\/index.php\/produto\/calexotics-radiance-luvas-sem-dedos-rhine\/#breadcrumb"},"inLanguage":"pt-PT","potentialAction":[{"@type":"ReadAction","target":["https:\/\/lovme.pt\/index.php\/produto\/calexotics-radiance-luvas-sem-dedos-rhine\/"]}]},{"@type":"ImageObject","inLanguage":"pt-PT","@id":"https:\/\/lovme.pt\/index.php\/produto\/calexotics-radiance-luvas-sem-dedos-rhine\/#primaryimage","url":"https:\/\/erki24nd3ub.exactdn.com\/wp-content\/uploads\/dream\/img\/img_165970_23c4ce2f629d83d538d2464dcd3d252f_1.jpg?strip=all","contentUrl":"https:\/\/erki24nd3ub.exactdn.com\/wp-content\/uploads\/dream\/img\/img_165970_23c4ce2f629d83d538d2464dcd3d252f_1.jpg?strip=all","width":800,"height":800},{"@type":"BreadcrumbList","@id":"https:\/\/lovme.pt\/index.php\/produto\/calexotics-radiance-luvas-sem-dedos-rhine\/#breadcrumb","itemListElement":[{"@type":"ListItem","position":1,"name":"In\u00edcio","item":"https:\/\/lovme.pt\/"},{"@type":"ListItem","position":2,"name":"Loja","item":"https:\/\/lovme.pt\/index.php\/loja\/"},{"@type":"ListItem","position":3,"name":"CALEXOTICS &#8211; RADIANCE LUVAS SEM DEDOS RHINE"}]},{"@type":"WebSite","@id":"https:\/\/lovme.pt\/#website","url":"https:\/\/lovme.pt\/","name":"Lovme Loja Er\u00f3tica N\u00ba1 em Portugal","description":"A melhor loja er\u00f3tica de Portugal.","alternateName":"Loja Er\u00f3tica Lovme","potentialAction":[{"@type":"SearchAction","target":{"@type":"EntryPoint","urlTemplate":"https:\/\/lovme.pt\/?s={search_term_string}"},"query-input":{"@type":"PropertyValueSpecification","valueRequired":true,"valueName":"search_term_string"}}],"inLanguage":"pt-PT"}]}},"_links":{"self":[{"href":"https:\/\/lovme.pt\/index.php\/wp-json\/wp\/v2\/product\/46949","targetHints":{"allow":["GET"]}}],"collection":[{"href":"https:\/\/lovme.pt\/index.php\/wp-json\/wp\/v2\/product"}],"about":[{"href":"https:\/\/lovme.pt\/index.php\/wp-json\/wp\/v2\/types\/product"}],"wp:featuredmedia":[{"embeddable":true,"href":"https:\/\/lovme.pt\/index.php\/wp-json\/wp\/v2\/media\/86487"}],"wp:attachment":[{"href":"https:\/\/lovme.pt\/index.php\/wp-json\/wp\/v2\/media?parent=46949"}],"wp:term":[{"taxonomy":"product_brand","embeddable":true,"href":"https:\/\/lovme.pt\/index.php\/wp-json\/wp\/v2\/product_brand?post=46949"},{"taxonomy":"product_cat","embeddable":true,"href":"https:\/\/lovme.pt\/index.php\/wp-json\/wp\/v2\/product_cat?post=46949"},{"taxonomy":"product_tag","embeddable":true,"href":"https:\/\/lovme.pt\/index.php\/wp-json\/wp\/v2\/product_tag?post=46949"}],"curies":[{"name":"wp","href":"https:\/\/api.w.org\/{rel}","templated":true}]}}