{"id":46926,"date":"2025-09-30T10:12:56","date_gmt":"2025-09-30T10:12:56","guid":{"rendered":"https:\/\/lovme.pt\/?post_type=product&p=46926"},"modified":"2026-02-19T20:06:57","modified_gmt":"2026-02-19T20:06:57","slug":"calexotics-admiral-massajador-de-perineo-azul","status":"publish","type":"product","link":"https:\/\/lovme.pt\/index.php\/produto\/calexotics-admiral-massajador-de-perineo-azul\/","title":{"rendered":"CALEXOTICS &#8211; ADMIRAL MASSAJADOR DE PER\u00cdNEO AZUL"},"content":{"rendered":"<p>Experimente o prazer supremo com o <strong>massageador e anel vibrat\u00f3rio de per\u00edneo<\/strong> de silicone l\u00edquido Admiral, um intensificador vers\u00e1til que combina conforto e estabilidade. O anel de suporte el\u00e1stico garante um ajuste seguro, enquanto 10 fun\u00e7\u00f5es de vibra\u00e7\u00e3o proporcionam uma variedade de sensa\u00e7\u00f5es.<\/p>\n<p> A constru\u00e7\u00e3o em silicone l\u00edquido oferece suavidade, durabilidade e capacidade \u00e0 prova d\u00e1gua para brincadeiras emocionantes na \u00e1gua. O chip de mem\u00f3ria lembra sua \u00faltima fun\u00e7\u00e3o, garantindo transi\u00e7\u00f5es suaves. Um bloqueio de viagem evita a ativa\u00e7\u00e3o acidental e a recarga \u00e9 r\u00e1pida com o cabo USB inclu\u00eddo: 1 hora por at\u00e9 45 minutos em alta, 60 minutos em baixa. Liberte os seus desejos com este inesquec\u00edvel intensificador do Almirante, desbloqueando um mundo de prazer.<\/p>\n<\/p>\n<p> <u><strong>INFORMA\u00c7\u00d5ES ADICIONAIS<\/strong><\/u> :<\/p>\n<ul>\n<li> Potenciador de silicone vibrat\u00f3rio e massageador de per\u00edneo<\/li>\n<li> Anel de suporte do escroto el\u00e1stico e confort\u00e1vel<\/li>\n<li> 10 fun\u00e7\u00f5es de vibra\u00e7\u00e3o, pulsa\u00e7\u00e3o e escalada<\/li>\n<li> Silicone l\u00edquido: mais macio, suave, dur\u00e1vel e \u00e0 prova d\u00e1gua<\/li>\n<li> Chip de mem\u00f3ria de \u00faltima gera\u00e7\u00e3o que retoma a \u00faltima fun\u00e7\u00e3o utilizada<\/li>\n<li> Recurso de bloqueio de seguran\u00e7a de viagem: pressione e segure por 3 segundos para ligar ou desligar<\/li>\n<li> USB recarreg\u00e1vel &#8211; cabo de carregamento inclu\u00eddo<\/li>\n<li> Carga completa em 1 hora<\/li>\n<li> Funciona por 45 minutos em alta velocidade e 60 minutos em baixa velocidade<\/li>\n<\/ul>\n<p> <u><strong>CARACTER\u00cdSTICAS:<\/strong><\/u><\/p>\n<ul>\n<li> <strong>Dimens\u00f5es do produto<\/strong> : 5,75 cm de di\u00e2metro  anel e 7,5 cm x 6,25 cm total<\/li>\n<li> <strong>Vibrante<\/strong> : Sim<\/li>\n<li> <strong>Modos de vibra\u00e7\u00e3o<\/strong> : 10<\/li>\n<li> <b>Resist\u00eancia \u00e0 \u00e1gua<\/b> : IPX7 \u00e0 prova d\u00e1gua<\/li>\n<li> <strong>Material<\/strong> : Silicone<\/li>\n<\/ul>\n<p> <strong>A CalExotics<\/strong> tem transformado constantemente \u201cfantasia em realidade\u201d h\u00e1 mais de uma d\u00e9cada. Com aten\u00e7\u00e3o incompar\u00e1vel aos detalhes, a fundadora e propriet\u00e1ria da CalExotics, Susan Colvin, tornou a marca California Exotic Novelty sin\u00f4nimo de brinquedos para adultos de qualidade. O fato de a CalExotics ser uma empresa pertencente e operada por mulheres desempenha um papel importante em sua ascens\u00e3o mete\u00f3rica ao topo da ind\u00fastria de brinquedos e novidades para adultos. .<\/p>\n","protected":false},"excerpt":{"rendered":"<p>CALEXOTICS &#8211; ADMIRAL MASSAJADOR DE PER\u00cdNEO AZUL<\/p>\n","protected":false},"featured_media":64160,"template":"","meta":{"_acf_changed":false},"product_brand":[],"product_cat":[17,59,60],"product_tag":[],"class_list":{"0":"post-46926","1":"product","2":"type-product","3":"status-publish","4":"has-post-thumbnail","6":"product_cat-brinquedos-de-bem-estar-sexual","7":"product_cat-para-casais","8":"product_cat-para-eles","9":"yith_product_brand-calexotics","11":"first","12":"instock","13":"taxable","14":"shipping-taxable","15":"purchasable","16":"product-type-simple"},"acf":[],"yoast_head":"<!-- This site is optimized with the Yoast SEO plugin v27.4 - https:\/\/yoast.com\/product\/yoast-seo-wordpress\/ -->\n<title>CALEXOTICS - ADMIRAL MASSAJADOR DE PER\u00cdNEO AZUL - Lovme<\/title>\n<meta name=\"robots\" content=\"index, follow, max-snippet:-1, max-image-preview:large, max-video-preview:-1\" \/>\n<link rel=\"canonical\" href=\"https:\/\/lovme.pt\/index.php\/produto\/calexotics-admiral-massajador-de-perineo-azul\/\" \/>\n<meta property=\"og:locale\" content=\"pt_PT\" \/>\n<meta property=\"og:type\" content=\"article\" \/>\n<meta property=\"og:title\" content=\"CALEXOTICS - ADMIRAL MASSAJADOR DE PER\u00cdNEO AZUL - Lovme\" \/>\n<meta property=\"og:description\" content=\"CALEXOTICS - ADMIRAL MASSAJADOR DE PER\u00cdNEO AZUL\" \/>\n<meta property=\"og:url\" content=\"https:\/\/lovme.pt\/index.php\/produto\/calexotics-admiral-massajador-de-perineo-azul\/\" \/>\n<meta property=\"og:site_name\" content=\"Lovme\" \/>\n<meta property=\"article:modified_time\" content=\"2026-02-19T20:06:57+00:00\" \/>\n<meta property=\"og:image\" content=\"https:\/\/erki24nd3ub.exactdn.com\/wp-content\/uploads\/dream\/img\/img_165795_16141cac2a8557039b941102d6fa3b8d_1.jpg?strip=all\" \/>\n\t<meta property=\"og:image:width\" content=\"800\" \/>\n\t<meta property=\"og:image:height\" content=\"800\" \/>\n\t<meta property=\"og:image:type\" content=\"image\/jpeg\" \/>\n<meta name=\"twitter:card\" content=\"summary_large_image\" \/>\n<meta name=\"twitter:label1\" content=\"Tempo estimado de leitura\" \/>\n\t<meta name=\"twitter:data1\" content=\"2 minutos\" \/>\n<script type=\"application\/ld+json\" class=\"yoast-schema-graph\">{\"@context\":\"https:\\\/\\\/schema.org\",\"@graph\":[{\"@type\":\"WebPage\",\"@id\":\"https:\\\/\\\/lovme.pt\\\/index.php\\\/produto\\\/calexotics-admiral-massajador-de-perineo-azul\\\/\",\"url\":\"https:\\\/\\\/lovme.pt\\\/index.php\\\/produto\\\/calexotics-admiral-massajador-de-perineo-azul\\\/\",\"name\":\"CALEXOTICS - ADMIRAL MASSAJADOR DE PER\u00cdNEO AZUL - Lovme\",\"isPartOf\":{\"@id\":\"https:\\\/\\\/lovme.pt\\\/#website\"},\"primaryImageOfPage\":{\"@id\":\"https:\\\/\\\/lovme.pt\\\/index.php\\\/produto\\\/calexotics-admiral-massajador-de-perineo-azul\\\/#primaryimage\"},\"image\":{\"@id\":\"https:\\\/\\\/lovme.pt\\\/index.php\\\/produto\\\/calexotics-admiral-massajador-de-perineo-azul\\\/#primaryimage\"},\"thumbnailUrl\":\"https:\\\/\\\/erki24nd3ub.exactdn.com\\\/wp-content\\\/uploads\\\/dream\\\/img\\\/img_165795_16141cac2a8557039b941102d6fa3b8d_1.jpg?strip=all\",\"datePublished\":\"2025-09-30T10:12:56+00:00\",\"dateModified\":\"2026-02-19T20:06:57+00:00\",\"breadcrumb\":{\"@id\":\"https:\\\/\\\/lovme.pt\\\/index.php\\\/produto\\\/calexotics-admiral-massajador-de-perineo-azul\\\/#breadcrumb\"},\"inLanguage\":\"pt-PT\",\"potentialAction\":[{\"@type\":\"ReadAction\",\"target\":[\"https:\\\/\\\/lovme.pt\\\/index.php\\\/produto\\\/calexotics-admiral-massajador-de-perineo-azul\\\/\"]}]},{\"@type\":\"ImageObject\",\"inLanguage\":\"pt-PT\",\"@id\":\"https:\\\/\\\/lovme.pt\\\/index.php\\\/produto\\\/calexotics-admiral-massajador-de-perineo-azul\\\/#primaryimage\",\"url\":\"https:\\\/\\\/erki24nd3ub.exactdn.com\\\/wp-content\\\/uploads\\\/dream\\\/img\\\/img_165795_16141cac2a8557039b941102d6fa3b8d_1.jpg?strip=all\",\"contentUrl\":\"https:\\\/\\\/erki24nd3ub.exactdn.com\\\/wp-content\\\/uploads\\\/dream\\\/img\\\/img_165795_16141cac2a8557039b941102d6fa3b8d_1.jpg?strip=all\",\"width\":800,\"height\":800},{\"@type\":\"BreadcrumbList\",\"@id\":\"https:\\\/\\\/lovme.pt\\\/index.php\\\/produto\\\/calexotics-admiral-massajador-de-perineo-azul\\\/#breadcrumb\",\"itemListElement\":[{\"@type\":\"ListItem\",\"position\":1,\"name\":\"In\u00edcio\",\"item\":\"https:\\\/\\\/lovme.pt\\\/\"},{\"@type\":\"ListItem\",\"position\":2,\"name\":\"Loja\",\"item\":\"https:\\\/\\\/lovme.pt\\\/index.php\\\/loja\\\/\"},{\"@type\":\"ListItem\",\"position\":3,\"name\":\"CALEXOTICS &#8211; ADMIRAL MASSAJADOR DE PER\u00cdNEO AZUL\"}]},{\"@type\":\"WebSite\",\"@id\":\"https:\\\/\\\/lovme.pt\\\/#website\",\"url\":\"https:\\\/\\\/lovme.pt\\\/\",\"name\":\"Lovme Loja Er\u00f3tica N\u00ba1 em Portugal\",\"description\":\"A melhor loja er\u00f3tica de Portugal.\",\"alternateName\":\"Loja Er\u00f3tica Lovme\",\"potentialAction\":[{\"@type\":\"SearchAction\",\"target\":{\"@type\":\"EntryPoint\",\"urlTemplate\":\"https:\\\/\\\/lovme.pt\\\/?s={search_term_string}\"},\"query-input\":{\"@type\":\"PropertyValueSpecification\",\"valueRequired\":true,\"valueName\":\"search_term_string\"}}],\"inLanguage\":\"pt-PT\"}]}<\/script>\n<!-- \/ Yoast SEO plugin. -->","yoast_head_json":{"title":"CALEXOTICS - ADMIRAL MASSAJADOR DE PER\u00cdNEO AZUL - Lovme","robots":{"index":"index","follow":"follow","max-snippet":"max-snippet:-1","max-image-preview":"max-image-preview:large","max-video-preview":"max-video-preview:-1"},"canonical":"https:\/\/lovme.pt\/index.php\/produto\/calexotics-admiral-massajador-de-perineo-azul\/","og_locale":"pt_PT","og_type":"article","og_title":"CALEXOTICS - ADMIRAL MASSAJADOR DE PER\u00cdNEO AZUL - Lovme","og_description":"CALEXOTICS - ADMIRAL MASSAJADOR DE PER\u00cdNEO AZUL","og_url":"https:\/\/lovme.pt\/index.php\/produto\/calexotics-admiral-massajador-de-perineo-azul\/","og_site_name":"Lovme","article_modified_time":"2026-02-19T20:06:57+00:00","og_image":[{"width":800,"height":800,"url":"https:\/\/erki24nd3ub.exactdn.com\/wp-content\/uploads\/dream\/img\/img_165795_16141cac2a8557039b941102d6fa3b8d_1.jpg?strip=all","type":"image\/jpeg"}],"twitter_card":"summary_large_image","twitter_misc":{"Tempo estimado de leitura":"2 minutos"},"schema":{"@context":"https:\/\/schema.org","@graph":[{"@type":"WebPage","@id":"https:\/\/lovme.pt\/index.php\/produto\/calexotics-admiral-massajador-de-perineo-azul\/","url":"https:\/\/lovme.pt\/index.php\/produto\/calexotics-admiral-massajador-de-perineo-azul\/","name":"CALEXOTICS - ADMIRAL MASSAJADOR DE PER\u00cdNEO AZUL - Lovme","isPartOf":{"@id":"https:\/\/lovme.pt\/#website"},"primaryImageOfPage":{"@id":"https:\/\/lovme.pt\/index.php\/produto\/calexotics-admiral-massajador-de-perineo-azul\/#primaryimage"},"image":{"@id":"https:\/\/lovme.pt\/index.php\/produto\/calexotics-admiral-massajador-de-perineo-azul\/#primaryimage"},"thumbnailUrl":"https:\/\/erki24nd3ub.exactdn.com\/wp-content\/uploads\/dream\/img\/img_165795_16141cac2a8557039b941102d6fa3b8d_1.jpg?strip=all","datePublished":"2025-09-30T10:12:56+00:00","dateModified":"2026-02-19T20:06:57+00:00","breadcrumb":{"@id":"https:\/\/lovme.pt\/index.php\/produto\/calexotics-admiral-massajador-de-perineo-azul\/#breadcrumb"},"inLanguage":"pt-PT","potentialAction":[{"@type":"ReadAction","target":["https:\/\/lovme.pt\/index.php\/produto\/calexotics-admiral-massajador-de-perineo-azul\/"]}]},{"@type":"ImageObject","inLanguage":"pt-PT","@id":"https:\/\/lovme.pt\/index.php\/produto\/calexotics-admiral-massajador-de-perineo-azul\/#primaryimage","url":"https:\/\/erki24nd3ub.exactdn.com\/wp-content\/uploads\/dream\/img\/img_165795_16141cac2a8557039b941102d6fa3b8d_1.jpg?strip=all","contentUrl":"https:\/\/erki24nd3ub.exactdn.com\/wp-content\/uploads\/dream\/img\/img_165795_16141cac2a8557039b941102d6fa3b8d_1.jpg?strip=all","width":800,"height":800},{"@type":"BreadcrumbList","@id":"https:\/\/lovme.pt\/index.php\/produto\/calexotics-admiral-massajador-de-perineo-azul\/#breadcrumb","itemListElement":[{"@type":"ListItem","position":1,"name":"In\u00edcio","item":"https:\/\/lovme.pt\/"},{"@type":"ListItem","position":2,"name":"Loja","item":"https:\/\/lovme.pt\/index.php\/loja\/"},{"@type":"ListItem","position":3,"name":"CALEXOTICS &#8211; ADMIRAL MASSAJADOR DE PER\u00cdNEO AZUL"}]},{"@type":"WebSite","@id":"https:\/\/lovme.pt\/#website","url":"https:\/\/lovme.pt\/","name":"Lovme Loja Er\u00f3tica N\u00ba1 em Portugal","description":"A melhor loja er\u00f3tica de Portugal.","alternateName":"Loja Er\u00f3tica Lovme","potentialAction":[{"@type":"SearchAction","target":{"@type":"EntryPoint","urlTemplate":"https:\/\/lovme.pt\/?s={search_term_string}"},"query-input":{"@type":"PropertyValueSpecification","valueRequired":true,"valueName":"search_term_string"}}],"inLanguage":"pt-PT"}]}},"_links":{"self":[{"href":"https:\/\/lovme.pt\/index.php\/wp-json\/wp\/v2\/product\/46926","targetHints":{"allow":["GET"]}}],"collection":[{"href":"https:\/\/lovme.pt\/index.php\/wp-json\/wp\/v2\/product"}],"about":[{"href":"https:\/\/lovme.pt\/index.php\/wp-json\/wp\/v2\/types\/product"}],"wp:featuredmedia":[{"embeddable":true,"href":"https:\/\/lovme.pt\/index.php\/wp-json\/wp\/v2\/media\/64160"}],"wp:attachment":[{"href":"https:\/\/lovme.pt\/index.php\/wp-json\/wp\/v2\/media?parent=46926"}],"wp:term":[{"taxonomy":"product_brand","embeddable":true,"href":"https:\/\/lovme.pt\/index.php\/wp-json\/wp\/v2\/product_brand?post=46926"},{"taxonomy":"product_cat","embeddable":true,"href":"https:\/\/lovme.pt\/index.php\/wp-json\/wp\/v2\/product_cat?post=46926"},{"taxonomy":"product_tag","embeddable":true,"href":"https:\/\/lovme.pt\/index.php\/wp-json\/wp\/v2\/product_tag?post=46926"}],"curies":[{"name":"wp","href":"https:\/\/api.w.org\/{rel}","templated":true}]}}