{"id":46919,"date":"2025-09-30T09:37:07","date_gmt":"2025-09-30T09:37:07","guid":{"rendered":"https:\/\/lovme.pt\/?post_type=product&p=46919"},"modified":"2026-02-19T20:01:12","modified_gmt":"2026-02-19T20:01:12","slug":"calexotics-admiral-conjunto-2-plug-anal-azul","status":"publish","type":"product","link":"https:\/\/lovme.pt\/index.php\/produto\/calexotics-admiral-conjunto-2-plug-anal-azul\/","title":{"rendered":"CALEXOTICS &#8211; ADMIRAL CONJUNTO 2 PLUG ANAL AZUL"},"content":{"rendered":"<p>Mergulhe profundamente em territ\u00f3rios inexplorados de prazer com o conjunto de treinamento anal de silicone <strong>Admiral<\/strong> . Este emocionante kit de treinamento anal inclui um conjunto de 2 plugues anal ergonomicamente curvados com um anel de f\u00e1cil remo\u00e7\u00e3o e uma sensa\u00e7\u00e3o firme e flex\u00edvel.<\/p>\n<p> Para aproveitar tudo o que o excitante mundo do jogo anal tem a oferecer, o treinamento \u00e9 para garantir total seguran\u00e7a e satisfa\u00e7\u00e3o. Cada sonda em nosso kit aumenta gradualmente em comprimento e espessura para proporcionar excelente prazer em qualquer n\u00edvel de jogo divertido.<\/p>\n<p> O design suavemente curvado e o ajuste flex\u00edvel certamente atingir\u00e3o o ponto certo. Embora cada aumento no seu treino amplie seus horizontes, use o anel conveniente e de f\u00e1cil libera\u00e7\u00e3o para estimula\u00e7\u00e3o intensa, inser\u00e7\u00e3o sem esfor\u00e7o e remo\u00e7\u00e3o suave. As sondas flex\u00edveis s\u00e3o feitas de silicone com textura ondulada. Este material seguro para o corpo n\u00e3o tem cheiro nem ftalatos para manter os pontos mais sens\u00edveis felizes e saud\u00e1veis<\/p>\n<\/p>\n<p> <u><strong>CARACTER\u00cdSTICAS:<\/strong><\/u><\/p>\n<\/p>\n<ul>\n<li> Conjunto de 2 plugues de silicone premium<\/li>\n<li> 2 tamanhos exclusivos inclu\u00eddos<\/li>\n<li> Firme e flex\u00edvel com anel de f\u00e1cil recupera\u00e7\u00e3o.<\/li>\n<li> Ergonomicamente curvado para melhorar a estimula\u00e7\u00e3o.<\/li>\n<li> Suave e praticamente perfeita<\/li>\n<li> <strong>Dimens\u00f5es do produto<\/strong> : Plugue pequeno de 7,5 x 3,75 cm  Plugue m\u00e9dio de 9 x 4,5 cm<\/li>\n<li> <strong>Material<\/strong> : Silicone<\/li>\n<\/ul>\n<p> <strong>A CalExotics<\/strong> tem transformado constantemente \u201cfantasia em realidade\u201d h\u00e1 mais de uma d\u00e9cada. Com aten\u00e7\u00e3o incompar\u00e1vel aos detalhes, a fundadora e propriet\u00e1ria da CalExotics, Susan Colvin, tornou a marca California Exotic Novelty sin\u00f4nimo de brinquedos para adultos de qualidade. O fato de a CalExotics ser uma empresa pertencente e operada por mulheres desempenha um papel importante em sua ascens\u00e3o mete\u00f3rica ao topo da ind\u00fastria de brinquedos e novidades para adultos. .<\/p>\n","protected":false},"excerpt":{"rendered":"<p>CALEXOTICS &#8211; ADMIRAL CONJUNTO 2 PLUG ANAL AZUL<\/p>\n","protected":false},"featured_media":54782,"template":"","meta":{"_acf_changed":false},"product_brand":[],"product_cat":[17,62,63],"product_tag":[],"class_list":{"0":"post-46919","1":"product","2":"type-product","3":"status-publish","4":"has-post-thumbnail","6":"product_cat-brinquedos-de-bem-estar-sexual","7":"product_cat-plugues-e-correntes-anais","8":"product_cat-sexo-anal","9":"yith_product_brand-calexotics","11":"first","12":"instock","13":"taxable","14":"shipping-taxable","15":"purchasable","16":"product-type-simple"},"acf":[],"yoast_head":"<!-- This site is optimized with the Yoast SEO plugin v27.4 - https:\/\/yoast.com\/product\/yoast-seo-wordpress\/ -->\n<title>CALEXOTICS - ADMIRAL CONJUNTO 2 PLUG ANAL AZUL - Lovme<\/title>\n<meta name=\"robots\" content=\"index, follow, max-snippet:-1, max-image-preview:large, max-video-preview:-1\" \/>\n<link rel=\"canonical\" href=\"https:\/\/lovme.pt\/index.php\/produto\/calexotics-admiral-conjunto-2-plug-anal-azul\/\" \/>\n<meta property=\"og:locale\" content=\"pt_PT\" \/>\n<meta property=\"og:type\" content=\"article\" \/>\n<meta property=\"og:title\" content=\"CALEXOTICS - ADMIRAL CONJUNTO 2 PLUG ANAL AZUL - Lovme\" \/>\n<meta property=\"og:description\" content=\"CALEXOTICS - ADMIRAL CONJUNTO 2 PLUG ANAL AZUL\" \/>\n<meta property=\"og:url\" content=\"https:\/\/lovme.pt\/index.php\/produto\/calexotics-admiral-conjunto-2-plug-anal-azul\/\" \/>\n<meta property=\"og:site_name\" content=\"Lovme\" \/>\n<meta property=\"article:modified_time\" content=\"2026-02-19T20:01:12+00:00\" \/>\n<meta property=\"og:image\" content=\"https:\/\/erki24nd3ub.exactdn.com\/wp-content\/uploads\/dream\/img\/img_165760_63b57a4e9a22b1aa9ff6746239e232c0_1.jpg?strip=all\" \/>\n\t<meta property=\"og:image:width\" content=\"800\" \/>\n\t<meta property=\"og:image:height\" content=\"800\" \/>\n\t<meta property=\"og:image:type\" content=\"image\/jpeg\" \/>\n<meta name=\"twitter:card\" content=\"summary_large_image\" \/>\n<meta name=\"twitter:label1\" content=\"Tempo estimado de leitura\" \/>\n\t<meta name=\"twitter:data1\" content=\"2 minutos\" \/>\n<script type=\"application\/ld+json\" class=\"yoast-schema-graph\">{\"@context\":\"https:\\\/\\\/schema.org\",\"@graph\":[{\"@type\":\"WebPage\",\"@id\":\"https:\\\/\\\/lovme.pt\\\/index.php\\\/produto\\\/calexotics-admiral-conjunto-2-plug-anal-azul\\\/\",\"url\":\"https:\\\/\\\/lovme.pt\\\/index.php\\\/produto\\\/calexotics-admiral-conjunto-2-plug-anal-azul\\\/\",\"name\":\"CALEXOTICS - ADMIRAL CONJUNTO 2 PLUG ANAL AZUL - Lovme\",\"isPartOf\":{\"@id\":\"https:\\\/\\\/lovme.pt\\\/#website\"},\"primaryImageOfPage\":{\"@id\":\"https:\\\/\\\/lovme.pt\\\/index.php\\\/produto\\\/calexotics-admiral-conjunto-2-plug-anal-azul\\\/#primaryimage\"},\"image\":{\"@id\":\"https:\\\/\\\/lovme.pt\\\/index.php\\\/produto\\\/calexotics-admiral-conjunto-2-plug-anal-azul\\\/#primaryimage\"},\"thumbnailUrl\":\"https:\\\/\\\/erki24nd3ub.exactdn.com\\\/wp-content\\\/uploads\\\/dream\\\/img\\\/img_165760_63b57a4e9a22b1aa9ff6746239e232c0_1.jpg?strip=all\",\"datePublished\":\"2025-09-30T09:37:07+00:00\",\"dateModified\":\"2026-02-19T20:01:12+00:00\",\"breadcrumb\":{\"@id\":\"https:\\\/\\\/lovme.pt\\\/index.php\\\/produto\\\/calexotics-admiral-conjunto-2-plug-anal-azul\\\/#breadcrumb\"},\"inLanguage\":\"pt-PT\",\"potentialAction\":[{\"@type\":\"ReadAction\",\"target\":[\"https:\\\/\\\/lovme.pt\\\/index.php\\\/produto\\\/calexotics-admiral-conjunto-2-plug-anal-azul\\\/\"]}]},{\"@type\":\"ImageObject\",\"inLanguage\":\"pt-PT\",\"@id\":\"https:\\\/\\\/lovme.pt\\\/index.php\\\/produto\\\/calexotics-admiral-conjunto-2-plug-anal-azul\\\/#primaryimage\",\"url\":\"https:\\\/\\\/erki24nd3ub.exactdn.com\\\/wp-content\\\/uploads\\\/dream\\\/img\\\/img_165760_63b57a4e9a22b1aa9ff6746239e232c0_1.jpg?strip=all\",\"contentUrl\":\"https:\\\/\\\/erki24nd3ub.exactdn.com\\\/wp-content\\\/uploads\\\/dream\\\/img\\\/img_165760_63b57a4e9a22b1aa9ff6746239e232c0_1.jpg?strip=all\",\"width\":800,\"height\":800},{\"@type\":\"BreadcrumbList\",\"@id\":\"https:\\\/\\\/lovme.pt\\\/index.php\\\/produto\\\/calexotics-admiral-conjunto-2-plug-anal-azul\\\/#breadcrumb\",\"itemListElement\":[{\"@type\":\"ListItem\",\"position\":1,\"name\":\"In\u00edcio\",\"item\":\"https:\\\/\\\/lovme.pt\\\/\"},{\"@type\":\"ListItem\",\"position\":2,\"name\":\"Loja\",\"item\":\"https:\\\/\\\/lovme.pt\\\/index.php\\\/loja\\\/\"},{\"@type\":\"ListItem\",\"position\":3,\"name\":\"CALEXOTICS &#8211; ADMIRAL CONJUNTO 2 PLUG ANAL AZUL\"}]},{\"@type\":\"WebSite\",\"@id\":\"https:\\\/\\\/lovme.pt\\\/#website\",\"url\":\"https:\\\/\\\/lovme.pt\\\/\",\"name\":\"Lovme Loja Er\u00f3tica N\u00ba1 em Portugal\",\"description\":\"A melhor loja er\u00f3tica de Portugal.\",\"alternateName\":\"Loja Er\u00f3tica Lovme\",\"potentialAction\":[{\"@type\":\"SearchAction\",\"target\":{\"@type\":\"EntryPoint\",\"urlTemplate\":\"https:\\\/\\\/lovme.pt\\\/?s={search_term_string}\"},\"query-input\":{\"@type\":\"PropertyValueSpecification\",\"valueRequired\":true,\"valueName\":\"search_term_string\"}}],\"inLanguage\":\"pt-PT\"}]}<\/script>\n<!-- \/ Yoast SEO plugin. -->","yoast_head_json":{"title":"CALEXOTICS - ADMIRAL CONJUNTO 2 PLUG ANAL AZUL - Lovme","robots":{"index":"index","follow":"follow","max-snippet":"max-snippet:-1","max-image-preview":"max-image-preview:large","max-video-preview":"max-video-preview:-1"},"canonical":"https:\/\/lovme.pt\/index.php\/produto\/calexotics-admiral-conjunto-2-plug-anal-azul\/","og_locale":"pt_PT","og_type":"article","og_title":"CALEXOTICS - ADMIRAL CONJUNTO 2 PLUG ANAL AZUL - Lovme","og_description":"CALEXOTICS - ADMIRAL CONJUNTO 2 PLUG ANAL AZUL","og_url":"https:\/\/lovme.pt\/index.php\/produto\/calexotics-admiral-conjunto-2-plug-anal-azul\/","og_site_name":"Lovme","article_modified_time":"2026-02-19T20:01:12+00:00","og_image":[{"width":800,"height":800,"url":"https:\/\/erki24nd3ub.exactdn.com\/wp-content\/uploads\/dream\/img\/img_165760_63b57a4e9a22b1aa9ff6746239e232c0_1.jpg?strip=all","type":"image\/jpeg"}],"twitter_card":"summary_large_image","twitter_misc":{"Tempo estimado de leitura":"2 minutos"},"schema":{"@context":"https:\/\/schema.org","@graph":[{"@type":"WebPage","@id":"https:\/\/lovme.pt\/index.php\/produto\/calexotics-admiral-conjunto-2-plug-anal-azul\/","url":"https:\/\/lovme.pt\/index.php\/produto\/calexotics-admiral-conjunto-2-plug-anal-azul\/","name":"CALEXOTICS - ADMIRAL CONJUNTO 2 PLUG ANAL AZUL - Lovme","isPartOf":{"@id":"https:\/\/lovme.pt\/#website"},"primaryImageOfPage":{"@id":"https:\/\/lovme.pt\/index.php\/produto\/calexotics-admiral-conjunto-2-plug-anal-azul\/#primaryimage"},"image":{"@id":"https:\/\/lovme.pt\/index.php\/produto\/calexotics-admiral-conjunto-2-plug-anal-azul\/#primaryimage"},"thumbnailUrl":"https:\/\/erki24nd3ub.exactdn.com\/wp-content\/uploads\/dream\/img\/img_165760_63b57a4e9a22b1aa9ff6746239e232c0_1.jpg?strip=all","datePublished":"2025-09-30T09:37:07+00:00","dateModified":"2026-02-19T20:01:12+00:00","breadcrumb":{"@id":"https:\/\/lovme.pt\/index.php\/produto\/calexotics-admiral-conjunto-2-plug-anal-azul\/#breadcrumb"},"inLanguage":"pt-PT","potentialAction":[{"@type":"ReadAction","target":["https:\/\/lovme.pt\/index.php\/produto\/calexotics-admiral-conjunto-2-plug-anal-azul\/"]}]},{"@type":"ImageObject","inLanguage":"pt-PT","@id":"https:\/\/lovme.pt\/index.php\/produto\/calexotics-admiral-conjunto-2-plug-anal-azul\/#primaryimage","url":"https:\/\/erki24nd3ub.exactdn.com\/wp-content\/uploads\/dream\/img\/img_165760_63b57a4e9a22b1aa9ff6746239e232c0_1.jpg?strip=all","contentUrl":"https:\/\/erki24nd3ub.exactdn.com\/wp-content\/uploads\/dream\/img\/img_165760_63b57a4e9a22b1aa9ff6746239e232c0_1.jpg?strip=all","width":800,"height":800},{"@type":"BreadcrumbList","@id":"https:\/\/lovme.pt\/index.php\/produto\/calexotics-admiral-conjunto-2-plug-anal-azul\/#breadcrumb","itemListElement":[{"@type":"ListItem","position":1,"name":"In\u00edcio","item":"https:\/\/lovme.pt\/"},{"@type":"ListItem","position":2,"name":"Loja","item":"https:\/\/lovme.pt\/index.php\/loja\/"},{"@type":"ListItem","position":3,"name":"CALEXOTICS &#8211; ADMIRAL CONJUNTO 2 PLUG ANAL AZUL"}]},{"@type":"WebSite","@id":"https:\/\/lovme.pt\/#website","url":"https:\/\/lovme.pt\/","name":"Lovme Loja Er\u00f3tica N\u00ba1 em Portugal","description":"A melhor loja er\u00f3tica de Portugal.","alternateName":"Loja Er\u00f3tica Lovme","potentialAction":[{"@type":"SearchAction","target":{"@type":"EntryPoint","urlTemplate":"https:\/\/lovme.pt\/?s={search_term_string}"},"query-input":{"@type":"PropertyValueSpecification","valueRequired":true,"valueName":"search_term_string"}}],"inLanguage":"pt-PT"}]}},"_links":{"self":[{"href":"https:\/\/lovme.pt\/index.php\/wp-json\/wp\/v2\/product\/46919","targetHints":{"allow":["GET"]}}],"collection":[{"href":"https:\/\/lovme.pt\/index.php\/wp-json\/wp\/v2\/product"}],"about":[{"href":"https:\/\/lovme.pt\/index.php\/wp-json\/wp\/v2\/types\/product"}],"wp:featuredmedia":[{"embeddable":true,"href":"https:\/\/lovme.pt\/index.php\/wp-json\/wp\/v2\/media\/54782"}],"wp:attachment":[{"href":"https:\/\/lovme.pt\/index.php\/wp-json\/wp\/v2\/media?parent=46919"}],"wp:term":[{"taxonomy":"product_brand","embeddable":true,"href":"https:\/\/lovme.pt\/index.php\/wp-json\/wp\/v2\/product_brand?post=46919"},{"taxonomy":"product_cat","embeddable":true,"href":"https:\/\/lovme.pt\/index.php\/wp-json\/wp\/v2\/product_cat?post=46919"},{"taxonomy":"product_tag","embeddable":true,"href":"https:\/\/lovme.pt\/index.php\/wp-json\/wp\/v2\/product_tag?post=46919"}],"curies":[{"name":"wp","href":"https:\/\/api.w.org\/{rel}","templated":true}]}}