{"id":46918,"date":"2025-10-01T02:57:52","date_gmt":"2025-10-01T02:57:52","guid":{"rendered":"https:\/\/lovme.pt\/?post_type=product&p=46918"},"modified":"2026-02-19T20:22:04","modified_gmt":"2026-02-19T20:22:04","slug":"calexotics-admiral-wave-penis-cover-liquido-silicone-azul","status":"publish","type":"product","link":"https:\/\/lovme.pt\/index.php\/produto\/calexotics-admiral-wave-penis-cover-liquido-silicone-azul\/","title":{"rendered":"CALEXOTICS &#8211; ADMIRAL WAVE PENIS COVER L\u00cdQUIDO SILICONE AZUL"},"content":{"rendered":"<p>Parta para um mar de prazer desconhecido com a extens\u00e3o de onda de silicone l\u00edquido Admiral. O intensificador de grandes dimens\u00f5es envolve firmemente a sua ferramenta de prazer para aumentar a circunfer\u00eancia, apoiar e maximizar a excita\u00e7\u00e3o. ;n.<\/p>\n<p> Enquanto voc\u00ea emociona seu amante com circunfer\u00eancia aumentada e textura com nervuras, os intensificadores satisfat\u00f3rios, suporte de ere\u00e7\u00e3o poderoso e c\u00e2mara estreita resultam em acabamentos explosivos para voc\u00eas dois. O material ultra-el\u00e1stico e a c\u00e2mara espa\u00e7osa da manga intensificadora er\u00f3tica s\u00e3o feitos para caber at\u00e9 mesmo no homem maior. A c\u00e2mara texturizada e a tira escrotal integrada proporcionam maior estimula\u00e7\u00e3o e suporte poderoso.<\/p>\n<p> Envolva sua ferramenta de prazer nesta manga super el\u00e1stica para aumentar facilmente a resist\u00eancia, a estimula\u00e7\u00e3o e o prazer org\u00e1stico. Feito de silicone l\u00edquido, um material mais macio, suave e dur\u00e1vel, proporcionando uma sensa\u00e7\u00e3o macia e firme. Este material seguro para o corpo n\u00e3o cont\u00e9m fragr\u00e2ncias nem ftalatos para manter os pontos mais sens\u00edveis felizes e saud\u00e1veis.<\/p>\n<\/p>\n<p> <u><strong>CARACTER\u00cdSTICAS:<\/strong><\/u><\/p>\n<ul>\n<li> <strong>Dimens\u00f5es do produto<\/strong> : 10,3 x 3,8 cm<\/li>\n<li> <strong>Comprimento total<\/strong> : 10,3 cm<\/li>\n<li> <strong>Di\u00e2metro<\/strong> : 3,3 cm<\/li>\n<li> <strong>Material<\/strong> : Silicone<\/li>\n<\/ul>\n<p> <strong>A CalExotics<\/strong> tem transformado constantemente \u201cfantasia em realidade\u201d h\u00e1 mais de uma d\u00e9cada. Com aten\u00e7\u00e3o incompar\u00e1vel aos detalhes, a fundadora e propriet\u00e1ria da CalExotics, Susan Colvin, tornou a marca California Exotic Novelty sin\u00f4nimo de brinquedos para adultos de qualidade. O fato de a CalExotics ser uma empresa pertencente e operada por mulheres desempenha um papel importante em sua ascens\u00e3o mete\u00f3rica ao topo da ind\u00fastria de brinquedos e novidades para adultos. .<\/p>\n","protected":false},"excerpt":{"rendered":"<p>CALEXOTICS &#8211; ADMIRAL WAVE PENIS COVER L\u00cdQUIDO SILICONE AZUL<\/p>\n","protected":false},"featured_media":100458,"template":"","meta":{"_acf_changed":false},"product_brand":[],"product_cat":[17,60],"product_tag":[],"class_list":{"0":"post-46918","1":"product","2":"type-product","3":"status-publish","4":"has-post-thumbnail","6":"product_cat-brinquedos-de-bem-estar-sexual","7":"product_cat-para-eles","8":"yith_product_brand-calexotics","10":"first","11":"instock","12":"taxable","13":"shipping-taxable","14":"purchasable","15":"product-type-simple"},"acf":[],"yoast_head":"<!-- This site is optimized with the Yoast SEO plugin v27.3 - https:\/\/yoast.com\/product\/yoast-seo-wordpress\/ -->\n<title>CALEXOTICS - ADMIRAL WAVE PENIS COVER L\u00cdQUIDO SILICONE AZUL - Lovme<\/title>\n<meta name=\"robots\" content=\"index, follow, max-snippet:-1, max-image-preview:large, max-video-preview:-1\" \/>\n<link rel=\"canonical\" href=\"https:\/\/lovme.pt\/index.php\/produto\/calexotics-admiral-wave-penis-cover-liquido-silicone-azul\/\" \/>\n<meta property=\"og:locale\" content=\"pt_PT\" \/>\n<meta property=\"og:type\" content=\"article\" \/>\n<meta property=\"og:title\" content=\"CALEXOTICS - ADMIRAL WAVE PENIS COVER L\u00cdQUIDO SILICONE AZUL - Lovme\" \/>\n<meta property=\"og:description\" content=\"CALEXOTICS - ADMIRAL WAVE PENIS COVER L\u00cdQUIDO SILICONE AZUL\" \/>\n<meta property=\"og:url\" content=\"https:\/\/lovme.pt\/index.php\/produto\/calexotics-admiral-wave-penis-cover-liquido-silicone-azul\/\" \/>\n<meta property=\"og:site_name\" content=\"Lovme\" \/>\n<meta property=\"article:modified_time\" content=\"2026-02-19T20:22:04+00:00\" \/>\n<meta property=\"og:image\" content=\"https:\/\/erki24nd3ub.exactdn.com\/wp-content\/uploads\/dream\/img\/img_165754_3a5b7430f93506bd1150bd20114a3070_1.jpg?strip=all\" \/>\n\t<meta property=\"og:image:width\" content=\"800\" \/>\n\t<meta property=\"og:image:height\" content=\"800\" \/>\n\t<meta property=\"og:image:type\" content=\"image\/jpeg\" \/>\n<meta name=\"twitter:card\" content=\"summary_large_image\" \/>\n<meta name=\"twitter:label1\" content=\"Tempo estimado de leitura\" \/>\n\t<meta name=\"twitter:data1\" content=\"1 minuto\" \/>\n<script type=\"application\/ld+json\" class=\"yoast-schema-graph\">{\"@context\":\"https:\\\/\\\/schema.org\",\"@graph\":[{\"@type\":\"WebPage\",\"@id\":\"https:\\\/\\\/lovme.pt\\\/index.php\\\/produto\\\/calexotics-admiral-wave-penis-cover-liquido-silicone-azul\\\/\",\"url\":\"https:\\\/\\\/lovme.pt\\\/index.php\\\/produto\\\/calexotics-admiral-wave-penis-cover-liquido-silicone-azul\\\/\",\"name\":\"CALEXOTICS - ADMIRAL WAVE PENIS COVER L\u00cdQUIDO SILICONE AZUL - Lovme\",\"isPartOf\":{\"@id\":\"https:\\\/\\\/lovme.pt\\\/#website\"},\"primaryImageOfPage\":{\"@id\":\"https:\\\/\\\/lovme.pt\\\/index.php\\\/produto\\\/calexotics-admiral-wave-penis-cover-liquido-silicone-azul\\\/#primaryimage\"},\"image\":{\"@id\":\"https:\\\/\\\/lovme.pt\\\/index.php\\\/produto\\\/calexotics-admiral-wave-penis-cover-liquido-silicone-azul\\\/#primaryimage\"},\"thumbnailUrl\":\"https:\\\/\\\/erki24nd3ub.exactdn.com\\\/wp-content\\\/uploads\\\/dream\\\/img\\\/img_165754_3a5b7430f93506bd1150bd20114a3070_1.jpg?strip=all\",\"datePublished\":\"2025-10-01T02:57:52+00:00\",\"dateModified\":\"2026-02-19T20:22:04+00:00\",\"breadcrumb\":{\"@id\":\"https:\\\/\\\/lovme.pt\\\/index.php\\\/produto\\\/calexotics-admiral-wave-penis-cover-liquido-silicone-azul\\\/#breadcrumb\"},\"inLanguage\":\"pt-PT\",\"potentialAction\":[{\"@type\":\"ReadAction\",\"target\":[\"https:\\\/\\\/lovme.pt\\\/index.php\\\/produto\\\/calexotics-admiral-wave-penis-cover-liquido-silicone-azul\\\/\"]}]},{\"@type\":\"ImageObject\",\"inLanguage\":\"pt-PT\",\"@id\":\"https:\\\/\\\/lovme.pt\\\/index.php\\\/produto\\\/calexotics-admiral-wave-penis-cover-liquido-silicone-azul\\\/#primaryimage\",\"url\":\"https:\\\/\\\/erki24nd3ub.exactdn.com\\\/wp-content\\\/uploads\\\/dream\\\/img\\\/img_165754_3a5b7430f93506bd1150bd20114a3070_1.jpg?strip=all\",\"contentUrl\":\"https:\\\/\\\/erki24nd3ub.exactdn.com\\\/wp-content\\\/uploads\\\/dream\\\/img\\\/img_165754_3a5b7430f93506bd1150bd20114a3070_1.jpg?strip=all\",\"width\":800,\"height\":800},{\"@type\":\"BreadcrumbList\",\"@id\":\"https:\\\/\\\/lovme.pt\\\/index.php\\\/produto\\\/calexotics-admiral-wave-penis-cover-liquido-silicone-azul\\\/#breadcrumb\",\"itemListElement\":[{\"@type\":\"ListItem\",\"position\":1,\"name\":\"In\u00edcio\",\"item\":\"https:\\\/\\\/lovme.pt\\\/\"},{\"@type\":\"ListItem\",\"position\":2,\"name\":\"Loja\",\"item\":\"https:\\\/\\\/lovme.pt\\\/index.php\\\/loja\\\/\"},{\"@type\":\"ListItem\",\"position\":3,\"name\":\"CALEXOTICS &#8211; ADMIRAL WAVE PENIS COVER L\u00cdQUIDO SILICONE AZUL\"}]},{\"@type\":\"WebSite\",\"@id\":\"https:\\\/\\\/lovme.pt\\\/#website\",\"url\":\"https:\\\/\\\/lovme.pt\\\/\",\"name\":\"Lovme Loja Er\u00f3tica N\u00ba1 em Portugal\",\"description\":\"A melhor loja er\u00f3tica de Portugal.\",\"alternateName\":\"Loja Er\u00f3tica Lovme\",\"potentialAction\":[{\"@type\":\"SearchAction\",\"target\":{\"@type\":\"EntryPoint\",\"urlTemplate\":\"https:\\\/\\\/lovme.pt\\\/?s={search_term_string}\"},\"query-input\":{\"@type\":\"PropertyValueSpecification\",\"valueRequired\":true,\"valueName\":\"search_term_string\"}}],\"inLanguage\":\"pt-PT\"}]}<\/script>\n<!-- \/ Yoast SEO plugin. -->","yoast_head_json":{"title":"CALEXOTICS - ADMIRAL WAVE PENIS COVER L\u00cdQUIDO SILICONE AZUL - Lovme","robots":{"index":"index","follow":"follow","max-snippet":"max-snippet:-1","max-image-preview":"max-image-preview:large","max-video-preview":"max-video-preview:-1"},"canonical":"https:\/\/lovme.pt\/index.php\/produto\/calexotics-admiral-wave-penis-cover-liquido-silicone-azul\/","og_locale":"pt_PT","og_type":"article","og_title":"CALEXOTICS - ADMIRAL WAVE PENIS COVER L\u00cdQUIDO SILICONE AZUL - Lovme","og_description":"CALEXOTICS - ADMIRAL WAVE PENIS COVER L\u00cdQUIDO SILICONE AZUL","og_url":"https:\/\/lovme.pt\/index.php\/produto\/calexotics-admiral-wave-penis-cover-liquido-silicone-azul\/","og_site_name":"Lovme","article_modified_time":"2026-02-19T20:22:04+00:00","og_image":[{"width":800,"height":800,"url":"https:\/\/erki24nd3ub.exactdn.com\/wp-content\/uploads\/dream\/img\/img_165754_3a5b7430f93506bd1150bd20114a3070_1.jpg?strip=all","type":"image\/jpeg"}],"twitter_card":"summary_large_image","twitter_misc":{"Tempo estimado de leitura":"1 minuto"},"schema":{"@context":"https:\/\/schema.org","@graph":[{"@type":"WebPage","@id":"https:\/\/lovme.pt\/index.php\/produto\/calexotics-admiral-wave-penis-cover-liquido-silicone-azul\/","url":"https:\/\/lovme.pt\/index.php\/produto\/calexotics-admiral-wave-penis-cover-liquido-silicone-azul\/","name":"CALEXOTICS - ADMIRAL WAVE PENIS COVER L\u00cdQUIDO SILICONE AZUL - Lovme","isPartOf":{"@id":"https:\/\/lovme.pt\/#website"},"primaryImageOfPage":{"@id":"https:\/\/lovme.pt\/index.php\/produto\/calexotics-admiral-wave-penis-cover-liquido-silicone-azul\/#primaryimage"},"image":{"@id":"https:\/\/lovme.pt\/index.php\/produto\/calexotics-admiral-wave-penis-cover-liquido-silicone-azul\/#primaryimage"},"thumbnailUrl":"https:\/\/erki24nd3ub.exactdn.com\/wp-content\/uploads\/dream\/img\/img_165754_3a5b7430f93506bd1150bd20114a3070_1.jpg?strip=all","datePublished":"2025-10-01T02:57:52+00:00","dateModified":"2026-02-19T20:22:04+00:00","breadcrumb":{"@id":"https:\/\/lovme.pt\/index.php\/produto\/calexotics-admiral-wave-penis-cover-liquido-silicone-azul\/#breadcrumb"},"inLanguage":"pt-PT","potentialAction":[{"@type":"ReadAction","target":["https:\/\/lovme.pt\/index.php\/produto\/calexotics-admiral-wave-penis-cover-liquido-silicone-azul\/"]}]},{"@type":"ImageObject","inLanguage":"pt-PT","@id":"https:\/\/lovme.pt\/index.php\/produto\/calexotics-admiral-wave-penis-cover-liquido-silicone-azul\/#primaryimage","url":"https:\/\/erki24nd3ub.exactdn.com\/wp-content\/uploads\/dream\/img\/img_165754_3a5b7430f93506bd1150bd20114a3070_1.jpg?strip=all","contentUrl":"https:\/\/erki24nd3ub.exactdn.com\/wp-content\/uploads\/dream\/img\/img_165754_3a5b7430f93506bd1150bd20114a3070_1.jpg?strip=all","width":800,"height":800},{"@type":"BreadcrumbList","@id":"https:\/\/lovme.pt\/index.php\/produto\/calexotics-admiral-wave-penis-cover-liquido-silicone-azul\/#breadcrumb","itemListElement":[{"@type":"ListItem","position":1,"name":"In\u00edcio","item":"https:\/\/lovme.pt\/"},{"@type":"ListItem","position":2,"name":"Loja","item":"https:\/\/lovme.pt\/index.php\/loja\/"},{"@type":"ListItem","position":3,"name":"CALEXOTICS &#8211; ADMIRAL WAVE PENIS COVER L\u00cdQUIDO SILICONE AZUL"}]},{"@type":"WebSite","@id":"https:\/\/lovme.pt\/#website","url":"https:\/\/lovme.pt\/","name":"Lovme Loja Er\u00f3tica N\u00ba1 em Portugal","description":"A melhor loja er\u00f3tica de Portugal.","alternateName":"Loja Er\u00f3tica Lovme","potentialAction":[{"@type":"SearchAction","target":{"@type":"EntryPoint","urlTemplate":"https:\/\/lovme.pt\/?s={search_term_string}"},"query-input":{"@type":"PropertyValueSpecification","valueRequired":true,"valueName":"search_term_string"}}],"inLanguage":"pt-PT"}]}},"_links":{"self":[{"href":"https:\/\/lovme.pt\/index.php\/wp-json\/wp\/v2\/product\/46918","targetHints":{"allow":["GET"]}}],"collection":[{"href":"https:\/\/lovme.pt\/index.php\/wp-json\/wp\/v2\/product"}],"about":[{"href":"https:\/\/lovme.pt\/index.php\/wp-json\/wp\/v2\/types\/product"}],"wp:featuredmedia":[{"embeddable":true,"href":"https:\/\/lovme.pt\/index.php\/wp-json\/wp\/v2\/media\/100458"}],"wp:attachment":[{"href":"https:\/\/lovme.pt\/index.php\/wp-json\/wp\/v2\/media?parent=46918"}],"wp:term":[{"taxonomy":"product_brand","embeddable":true,"href":"https:\/\/lovme.pt\/index.php\/wp-json\/wp\/v2\/product_brand?post=46918"},{"taxonomy":"product_cat","embeddable":true,"href":"https:\/\/lovme.pt\/index.php\/wp-json\/wp\/v2\/product_cat?post=46918"},{"taxonomy":"product_tag","embeddable":true,"href":"https:\/\/lovme.pt\/index.php\/wp-json\/wp\/v2\/product_tag?post=46918"}],"curies":[{"name":"wp","href":"https:\/\/api.w.org\/{rel}","templated":true}]}}