{"id":46870,"date":"2025-09-30T20:11:24","date_gmt":"2025-09-30T20:11:24","guid":{"rendered":"https:\/\/lovme.pt\/?post_type=product&p=46870"},"modified":"2026-02-19T20:07:18","modified_gmt":"2026-02-19T20:07:18","slug":"pretty-love-dildo-magico-nightfall-sem-vibracao-luminoso-laranja","status":"publish","type":"product","link":"https:\/\/lovme.pt\/index.php\/produto\/pretty-love-dildo-magico-nightfall-sem-vibracao-luminoso-laranja\/","title":{"rendered":"PRETTY LOVE &#8211; DILDO M\u00c1GICO NIGHTFALL SEM VIBRA\u00c7\u00c3O LUMINOSO LARANJA"},"content":{"rendered":"<p>Este grande vibrador luminoso tem muitos n\u00facleos internos brilhantes em forma de coelhinho que carregam luz para mais divers\u00e3o e prazer no escuro!<\/p>\n<p>Seu eixo grande e realista \u00e9 feito com silicone de alta qualidade e seguro para o corpo, para uma sensa\u00e7\u00e3o real na pele. \u00c9 f\u00e1cil de inserir, desliza como se estivesse sozinho. sozinho e se adapta perfeitamente ao corpo e aos movimentos. Com uma ventosa forte que adere com firmeza e seguran\u00e7a a qualquer superf\u00edcie lisa para prazer com as m\u00e3os livres.<\/p>\n<p>Com sua ventosa, o vibrador tamb\u00e9m \u00e9 compat\u00edvel com cintos e arneses!<\/p>\n<p>Limpe rapidamente com seu limpador de brinquedos favorito e enx\u00e1gue com \u00e1gua morna.<\/p>\n<p>\u00a0<\/p>\n<p><strong><u>CARACTER\u00cdSTICAS:<\/u><\/strong><\/p>\n<ul>\n<li><strong>Fun\u00e7\u00e3o:<\/strong> base de suc\u00e7\u00e3o luminosa<\/li>\n<li><strong>\u00c0 prova d\u00e1gua<\/strong> : Sim<\/li>\n<li><strong>Material<\/strong> : Silicone<\/li>\n<li><strong>Cor<\/strong> laranja<\/li>\n<li><strong>Tamanho da embalagem (mm):<\/strong> 175*70*70<\/li>\n<\/ul>\n<p>A Pretty Love fabrica produtos de alta qualidade. T\u00eam garantia de 1 ano para defeitos t\u00e9cnicos.<\/p>\n","protected":false},"excerpt":{"rendered":"<p>PRETTY LOVE &#8211; DILDO M\u00c1GICO NIGHTFALL SEM VIBRA\u00c7\u00c3O LUMINOSO LARANJA<\/p>\n","protected":false},"featured_media":65890,"template":"","meta":{"_acf_changed":false},"product_brand":[],"product_cat":[17,56],"product_tag":[],"class_list":{"0":"post-46870","1":"product","2":"type-product","3":"status-publish","4":"has-post-thumbnail","6":"product_cat-brinquedos-de-bem-estar-sexual","7":"product_cat-dildos-e-arneses","8":"yith_product_brand-pretty-love","9":"yith_product_brand-pretty-lovepretty-love-flirtation","11":"first","12":"instock","13":"taxable","14":"shipping-taxable","15":"purchasable","16":"product-type-simple"},"acf":[],"yoast_head":"<!-- This site is optimized with the Yoast SEO plugin v27.4 - https:\/\/yoast.com\/product\/yoast-seo-wordpress\/ -->\n<title>PRETTY LOVE - DILDO M\u00c1GICO NIGHTFALL SEM VIBRA\u00c7\u00c3O LUMINOSO LARANJA - Lovme<\/title>\n<meta name=\"robots\" content=\"index, follow, max-snippet:-1, max-image-preview:large, max-video-preview:-1\" \/>\n<link rel=\"canonical\" href=\"https:\/\/lovme.pt\/index.php\/produto\/pretty-love-dildo-magico-nightfall-sem-vibracao-luminoso-laranja\/\" \/>\n<meta property=\"og:locale\" content=\"pt_PT\" \/>\n<meta property=\"og:type\" content=\"article\" \/>\n<meta property=\"og:title\" content=\"PRETTY LOVE - DILDO M\u00c1GICO NIGHTFALL SEM VIBRA\u00c7\u00c3O LUMINOSO LARANJA - Lovme\" \/>\n<meta property=\"og:description\" content=\"PRETTY LOVE - DILDO M\u00c1GICO NIGHTFALL SEM VIBRA\u00c7\u00c3O LUMINOSO LARANJA\" \/>\n<meta property=\"og:url\" content=\"https:\/\/lovme.pt\/index.php\/produto\/pretty-love-dildo-magico-nightfall-sem-vibracao-luminoso-laranja\/\" \/>\n<meta property=\"og:site_name\" content=\"Lovme\" \/>\n<meta property=\"article:modified_time\" content=\"2026-02-19T20:07:18+00:00\" \/>\n<meta property=\"og:image\" content=\"https:\/\/erki24nd3ub.exactdn.com\/wp-content\/uploads\/dream\/img\/img_165224_6e44cdaddb5b5f624d75a66c2a308ea5_1.jpg?strip=all\" \/>\n\t<meta property=\"og:image:width\" content=\"800\" \/>\n\t<meta property=\"og:image:height\" content=\"800\" \/>\n\t<meta property=\"og:image:type\" content=\"image\/jpeg\" \/>\n<meta name=\"twitter:card\" content=\"summary_large_image\" \/>\n<meta name=\"twitter:label1\" content=\"Tempo estimado de leitura\" \/>\n\t<meta name=\"twitter:data1\" content=\"1 minuto\" \/>\n<script type=\"application\/ld+json\" class=\"yoast-schema-graph\">{\"@context\":\"https:\\\/\\\/schema.org\",\"@graph\":[{\"@type\":\"WebPage\",\"@id\":\"https:\\\/\\\/lovme.pt\\\/index.php\\\/produto\\\/pretty-love-dildo-magico-nightfall-sem-vibracao-luminoso-laranja\\\/\",\"url\":\"https:\\\/\\\/lovme.pt\\\/index.php\\\/produto\\\/pretty-love-dildo-magico-nightfall-sem-vibracao-luminoso-laranja\\\/\",\"name\":\"PRETTY LOVE - DILDO M\u00c1GICO NIGHTFALL SEM VIBRA\u00c7\u00c3O LUMINOSO LARANJA - Lovme\",\"isPartOf\":{\"@id\":\"https:\\\/\\\/lovme.pt\\\/#website\"},\"primaryImageOfPage\":{\"@id\":\"https:\\\/\\\/lovme.pt\\\/index.php\\\/produto\\\/pretty-love-dildo-magico-nightfall-sem-vibracao-luminoso-laranja\\\/#primaryimage\"},\"image\":{\"@id\":\"https:\\\/\\\/lovme.pt\\\/index.php\\\/produto\\\/pretty-love-dildo-magico-nightfall-sem-vibracao-luminoso-laranja\\\/#primaryimage\"},\"thumbnailUrl\":\"https:\\\/\\\/erki24nd3ub.exactdn.com\\\/wp-content\\\/uploads\\\/dream\\\/img\\\/img_165224_6e44cdaddb5b5f624d75a66c2a308ea5_1.jpg?strip=all\",\"datePublished\":\"2025-09-30T20:11:24+00:00\",\"dateModified\":\"2026-02-19T20:07:18+00:00\",\"breadcrumb\":{\"@id\":\"https:\\\/\\\/lovme.pt\\\/index.php\\\/produto\\\/pretty-love-dildo-magico-nightfall-sem-vibracao-luminoso-laranja\\\/#breadcrumb\"},\"inLanguage\":\"pt-PT\",\"potentialAction\":[{\"@type\":\"ReadAction\",\"target\":[\"https:\\\/\\\/lovme.pt\\\/index.php\\\/produto\\\/pretty-love-dildo-magico-nightfall-sem-vibracao-luminoso-laranja\\\/\"]}]},{\"@type\":\"ImageObject\",\"inLanguage\":\"pt-PT\",\"@id\":\"https:\\\/\\\/lovme.pt\\\/index.php\\\/produto\\\/pretty-love-dildo-magico-nightfall-sem-vibracao-luminoso-laranja\\\/#primaryimage\",\"url\":\"https:\\\/\\\/erki24nd3ub.exactdn.com\\\/wp-content\\\/uploads\\\/dream\\\/img\\\/img_165224_6e44cdaddb5b5f624d75a66c2a308ea5_1.jpg?strip=all\",\"contentUrl\":\"https:\\\/\\\/erki24nd3ub.exactdn.com\\\/wp-content\\\/uploads\\\/dream\\\/img\\\/img_165224_6e44cdaddb5b5f624d75a66c2a308ea5_1.jpg?strip=all\",\"width\":800,\"height\":800},{\"@type\":\"BreadcrumbList\",\"@id\":\"https:\\\/\\\/lovme.pt\\\/index.php\\\/produto\\\/pretty-love-dildo-magico-nightfall-sem-vibracao-luminoso-laranja\\\/#breadcrumb\",\"itemListElement\":[{\"@type\":\"ListItem\",\"position\":1,\"name\":\"In\u00edcio\",\"item\":\"https:\\\/\\\/lovme.pt\\\/\"},{\"@type\":\"ListItem\",\"position\":2,\"name\":\"Loja\",\"item\":\"https:\\\/\\\/lovme.pt\\\/index.php\\\/loja\\\/\"},{\"@type\":\"ListItem\",\"position\":3,\"name\":\"PRETTY LOVE &#8211; DILDO M\u00c1GICO NIGHTFALL SEM VIBRA\u00c7\u00c3O LUMINOSO LARANJA\"}]},{\"@type\":\"WebSite\",\"@id\":\"https:\\\/\\\/lovme.pt\\\/#website\",\"url\":\"https:\\\/\\\/lovme.pt\\\/\",\"name\":\"Lovme Loja Er\u00f3tica N\u00ba1 em Portugal\",\"description\":\"A melhor loja er\u00f3tica de Portugal.\",\"alternateName\":\"Loja Er\u00f3tica Lovme\",\"potentialAction\":[{\"@type\":\"SearchAction\",\"target\":{\"@type\":\"EntryPoint\",\"urlTemplate\":\"https:\\\/\\\/lovme.pt\\\/?s={search_term_string}\"},\"query-input\":{\"@type\":\"PropertyValueSpecification\",\"valueRequired\":true,\"valueName\":\"search_term_string\"}}],\"inLanguage\":\"pt-PT\"}]}<\/script>\n<!-- \/ Yoast SEO plugin. -->","yoast_head_json":{"title":"PRETTY LOVE - DILDO M\u00c1GICO NIGHTFALL SEM VIBRA\u00c7\u00c3O LUMINOSO LARANJA - Lovme","robots":{"index":"index","follow":"follow","max-snippet":"max-snippet:-1","max-image-preview":"max-image-preview:large","max-video-preview":"max-video-preview:-1"},"canonical":"https:\/\/lovme.pt\/index.php\/produto\/pretty-love-dildo-magico-nightfall-sem-vibracao-luminoso-laranja\/","og_locale":"pt_PT","og_type":"article","og_title":"PRETTY LOVE - DILDO M\u00c1GICO NIGHTFALL SEM VIBRA\u00c7\u00c3O LUMINOSO LARANJA - Lovme","og_description":"PRETTY LOVE - DILDO M\u00c1GICO NIGHTFALL SEM VIBRA\u00c7\u00c3O LUMINOSO LARANJA","og_url":"https:\/\/lovme.pt\/index.php\/produto\/pretty-love-dildo-magico-nightfall-sem-vibracao-luminoso-laranja\/","og_site_name":"Lovme","article_modified_time":"2026-02-19T20:07:18+00:00","og_image":[{"width":800,"height":800,"url":"https:\/\/erki24nd3ub.exactdn.com\/wp-content\/uploads\/dream\/img\/img_165224_6e44cdaddb5b5f624d75a66c2a308ea5_1.jpg?strip=all","type":"image\/jpeg"}],"twitter_card":"summary_large_image","twitter_misc":{"Tempo estimado de leitura":"1 minuto"},"schema":{"@context":"https:\/\/schema.org","@graph":[{"@type":"WebPage","@id":"https:\/\/lovme.pt\/index.php\/produto\/pretty-love-dildo-magico-nightfall-sem-vibracao-luminoso-laranja\/","url":"https:\/\/lovme.pt\/index.php\/produto\/pretty-love-dildo-magico-nightfall-sem-vibracao-luminoso-laranja\/","name":"PRETTY LOVE - DILDO M\u00c1GICO NIGHTFALL SEM VIBRA\u00c7\u00c3O LUMINOSO LARANJA - Lovme","isPartOf":{"@id":"https:\/\/lovme.pt\/#website"},"primaryImageOfPage":{"@id":"https:\/\/lovme.pt\/index.php\/produto\/pretty-love-dildo-magico-nightfall-sem-vibracao-luminoso-laranja\/#primaryimage"},"image":{"@id":"https:\/\/lovme.pt\/index.php\/produto\/pretty-love-dildo-magico-nightfall-sem-vibracao-luminoso-laranja\/#primaryimage"},"thumbnailUrl":"https:\/\/erki24nd3ub.exactdn.com\/wp-content\/uploads\/dream\/img\/img_165224_6e44cdaddb5b5f624d75a66c2a308ea5_1.jpg?strip=all","datePublished":"2025-09-30T20:11:24+00:00","dateModified":"2026-02-19T20:07:18+00:00","breadcrumb":{"@id":"https:\/\/lovme.pt\/index.php\/produto\/pretty-love-dildo-magico-nightfall-sem-vibracao-luminoso-laranja\/#breadcrumb"},"inLanguage":"pt-PT","potentialAction":[{"@type":"ReadAction","target":["https:\/\/lovme.pt\/index.php\/produto\/pretty-love-dildo-magico-nightfall-sem-vibracao-luminoso-laranja\/"]}]},{"@type":"ImageObject","inLanguage":"pt-PT","@id":"https:\/\/lovme.pt\/index.php\/produto\/pretty-love-dildo-magico-nightfall-sem-vibracao-luminoso-laranja\/#primaryimage","url":"https:\/\/erki24nd3ub.exactdn.com\/wp-content\/uploads\/dream\/img\/img_165224_6e44cdaddb5b5f624d75a66c2a308ea5_1.jpg?strip=all","contentUrl":"https:\/\/erki24nd3ub.exactdn.com\/wp-content\/uploads\/dream\/img\/img_165224_6e44cdaddb5b5f624d75a66c2a308ea5_1.jpg?strip=all","width":800,"height":800},{"@type":"BreadcrumbList","@id":"https:\/\/lovme.pt\/index.php\/produto\/pretty-love-dildo-magico-nightfall-sem-vibracao-luminoso-laranja\/#breadcrumb","itemListElement":[{"@type":"ListItem","position":1,"name":"In\u00edcio","item":"https:\/\/lovme.pt\/"},{"@type":"ListItem","position":2,"name":"Loja","item":"https:\/\/lovme.pt\/index.php\/loja\/"},{"@type":"ListItem","position":3,"name":"PRETTY LOVE &#8211; DILDO M\u00c1GICO NIGHTFALL SEM VIBRA\u00c7\u00c3O LUMINOSO LARANJA"}]},{"@type":"WebSite","@id":"https:\/\/lovme.pt\/#website","url":"https:\/\/lovme.pt\/","name":"Lovme Loja Er\u00f3tica N\u00ba1 em Portugal","description":"A melhor loja er\u00f3tica de Portugal.","alternateName":"Loja Er\u00f3tica Lovme","potentialAction":[{"@type":"SearchAction","target":{"@type":"EntryPoint","urlTemplate":"https:\/\/lovme.pt\/?s={search_term_string}"},"query-input":{"@type":"PropertyValueSpecification","valueRequired":true,"valueName":"search_term_string"}}],"inLanguage":"pt-PT"}]}},"_links":{"self":[{"href":"https:\/\/lovme.pt\/index.php\/wp-json\/wp\/v2\/product\/46870","targetHints":{"allow":["GET"]}}],"collection":[{"href":"https:\/\/lovme.pt\/index.php\/wp-json\/wp\/v2\/product"}],"about":[{"href":"https:\/\/lovme.pt\/index.php\/wp-json\/wp\/v2\/types\/product"}],"wp:featuredmedia":[{"embeddable":true,"href":"https:\/\/lovme.pt\/index.php\/wp-json\/wp\/v2\/media\/65890"}],"wp:attachment":[{"href":"https:\/\/lovme.pt\/index.php\/wp-json\/wp\/v2\/media?parent=46870"}],"wp:term":[{"taxonomy":"product_brand","embeddable":true,"href":"https:\/\/lovme.pt\/index.php\/wp-json\/wp\/v2\/product_brand?post=46870"},{"taxonomy":"product_cat","embeddable":true,"href":"https:\/\/lovme.pt\/index.php\/wp-json\/wp\/v2\/product_cat?post=46870"},{"taxonomy":"product_tag","embeddable":true,"href":"https:\/\/lovme.pt\/index.php\/wp-json\/wp\/v2\/product_tag?post=46870"}],"curies":[{"name":"wp","href":"https:\/\/api.w.org\/{rel}","templated":true}]}}