{"id":46869,"date":"2025-09-30T10:12:49","date_gmt":"2025-09-30T10:12:49","guid":{"rendered":"https:\/\/lovme.pt\/?post_type=product&p=46869"},"modified":"2026-02-19T20:06:56","modified_gmt":"2026-02-19T20:06:56","slug":"pretty-love-anel-de-penis-com-cordao-e-testiculos","status":"publish","type":"product","link":"https:\/\/lovme.pt\/index.php\/produto\/pretty-love-anel-de-penis-com-cordao-e-testiculos\/","title":{"rendered":"PRETTY LOVE &#8211; ANEL DE P\u00caNIS COM CORD\u00c3O E TEST\u00cdCULOS"},"content":{"rendered":"<p>D\u00e1-lhe ere\u00e7\u00f5es fortes, estimula os test\u00edculos e pode aumentar a sua resist\u00eancia!<\/p>\n<p>O la\u00e7o do p\u00eanis est\u00e1 preso. \u00c9 controlado por uma conta sint\u00e9tica para que possa ser colocada sobre o p\u00eanis e os test\u00edculos. Voc\u00ea pode ajustar individualmente o di\u00e2metro ao tamanho do p\u00eanis. Desta forma, a intensidade do efeito de restri\u00e7\u00e3o do fluxo sangu\u00edneo pode ser ajustada de acordo com os desejos pessoais.<\/p>\n<p>Ajuste perfeito, conforto de uso e ere\u00e7\u00f5es duras, tudo em um!<\/p>\n<p>\u00a0<\/p>\n<p><b><u>CARACTER\u00cdSTICAS:<\/u><\/b><\/p>\n<ul>\n<li><strong>\u00c0 prova d\u00e1gua<\/strong> : Sim<\/li>\n<li><strong>Material:<\/strong> metal de silicone ABS<\/li>\n<li><strong>Tamanho da embalagem (mm):<\/strong> 188*80<\/li>\n<\/ul>\n<p>A Pretty Love fabrica produtos de alta qualidade. T\u00eam garantia de 1 ano para defeitos t\u00e9cnicos.<\/p>\n","protected":false},"excerpt":{"rendered":"<p>PRETTY LOVE &#8211; ANEL DE P\u00caNIS COM CORD\u00c3O E TEST\u00cdCULOS<\/p>\n","protected":false},"featured_media":64128,"template":"","meta":{"_acf_changed":false},"product_brand":[],"product_cat":[17,59,60],"product_tag":[],"class_list":{"0":"post-46869","1":"product","2":"type-product","3":"status-publish","4":"has-post-thumbnail","6":"product_cat-brinquedos-de-bem-estar-sexual","7":"product_cat-para-casais","8":"product_cat-para-eles","9":"yith_product_brand-pretty-love","10":"yith_product_brand-pretty-lovepretty-love-male","12":"first","13":"instock","14":"taxable","15":"shipping-taxable","16":"purchasable","17":"product-type-simple"},"acf":[],"yoast_head":"<!-- This site is optimized with the Yoast SEO plugin v27.4 - https:\/\/yoast.com\/product\/yoast-seo-wordpress\/ -->\n<title>PRETTY LOVE - ANEL DE P\u00caNIS COM CORD\u00c3O E TEST\u00cdCULOS - Lovme<\/title>\n<meta name=\"robots\" content=\"index, follow, max-snippet:-1, max-image-preview:large, max-video-preview:-1\" \/>\n<link rel=\"canonical\" href=\"https:\/\/lovme.pt\/index.php\/produto\/pretty-love-anel-de-penis-com-cordao-e-testiculos\/\" \/>\n<meta property=\"og:locale\" content=\"pt_PT\" \/>\n<meta property=\"og:type\" content=\"article\" \/>\n<meta property=\"og:title\" content=\"PRETTY LOVE - ANEL DE P\u00caNIS COM CORD\u00c3O E TEST\u00cdCULOS - Lovme\" \/>\n<meta property=\"og:description\" content=\"PRETTY LOVE - ANEL DE P\u00caNIS COM CORD\u00c3O E TEST\u00cdCULOS\" \/>\n<meta property=\"og:url\" content=\"https:\/\/lovme.pt\/index.php\/produto\/pretty-love-anel-de-penis-com-cordao-e-testiculos\/\" \/>\n<meta property=\"og:site_name\" content=\"Lovme\" \/>\n<meta property=\"article:modified_time\" content=\"2026-02-19T20:06:56+00:00\" \/>\n<meta property=\"og:image\" content=\"https:\/\/erki24nd3ub.exactdn.com\/wp-content\/uploads\/dream\/img\/img_165222_c9bc435c22f209dacfa92e27e52f69ad_1.jpg?strip=all\" \/>\n\t<meta property=\"og:image:width\" content=\"800\" \/>\n\t<meta property=\"og:image:height\" content=\"800\" \/>\n\t<meta property=\"og:image:type\" content=\"image\/jpeg\" \/>\n<meta name=\"twitter:card\" content=\"summary_large_image\" \/>\n<meta name=\"twitter:label1\" content=\"Tempo estimado de leitura\" \/>\n\t<meta name=\"twitter:data1\" content=\"1 minuto\" \/>\n<script type=\"application\/ld+json\" class=\"yoast-schema-graph\">{\"@context\":\"https:\\\/\\\/schema.org\",\"@graph\":[{\"@type\":\"WebPage\",\"@id\":\"https:\\\/\\\/lovme.pt\\\/index.php\\\/produto\\\/pretty-love-anel-de-penis-com-cordao-e-testiculos\\\/\",\"url\":\"https:\\\/\\\/lovme.pt\\\/index.php\\\/produto\\\/pretty-love-anel-de-penis-com-cordao-e-testiculos\\\/\",\"name\":\"PRETTY LOVE - ANEL DE P\u00caNIS COM CORD\u00c3O E TEST\u00cdCULOS - Lovme\",\"isPartOf\":{\"@id\":\"https:\\\/\\\/lovme.pt\\\/#website\"},\"primaryImageOfPage\":{\"@id\":\"https:\\\/\\\/lovme.pt\\\/index.php\\\/produto\\\/pretty-love-anel-de-penis-com-cordao-e-testiculos\\\/#primaryimage\"},\"image\":{\"@id\":\"https:\\\/\\\/lovme.pt\\\/index.php\\\/produto\\\/pretty-love-anel-de-penis-com-cordao-e-testiculos\\\/#primaryimage\"},\"thumbnailUrl\":\"https:\\\/\\\/erki24nd3ub.exactdn.com\\\/wp-content\\\/uploads\\\/dream\\\/img\\\/img_165222_c9bc435c22f209dacfa92e27e52f69ad_1.jpg?strip=all\",\"datePublished\":\"2025-09-30T10:12:49+00:00\",\"dateModified\":\"2026-02-19T20:06:56+00:00\",\"breadcrumb\":{\"@id\":\"https:\\\/\\\/lovme.pt\\\/index.php\\\/produto\\\/pretty-love-anel-de-penis-com-cordao-e-testiculos\\\/#breadcrumb\"},\"inLanguage\":\"pt-PT\",\"potentialAction\":[{\"@type\":\"ReadAction\",\"target\":[\"https:\\\/\\\/lovme.pt\\\/index.php\\\/produto\\\/pretty-love-anel-de-penis-com-cordao-e-testiculos\\\/\"]}]},{\"@type\":\"ImageObject\",\"inLanguage\":\"pt-PT\",\"@id\":\"https:\\\/\\\/lovme.pt\\\/index.php\\\/produto\\\/pretty-love-anel-de-penis-com-cordao-e-testiculos\\\/#primaryimage\",\"url\":\"https:\\\/\\\/erki24nd3ub.exactdn.com\\\/wp-content\\\/uploads\\\/dream\\\/img\\\/img_165222_c9bc435c22f209dacfa92e27e52f69ad_1.jpg?strip=all\",\"contentUrl\":\"https:\\\/\\\/erki24nd3ub.exactdn.com\\\/wp-content\\\/uploads\\\/dream\\\/img\\\/img_165222_c9bc435c22f209dacfa92e27e52f69ad_1.jpg?strip=all\",\"width\":800,\"height\":800},{\"@type\":\"BreadcrumbList\",\"@id\":\"https:\\\/\\\/lovme.pt\\\/index.php\\\/produto\\\/pretty-love-anel-de-penis-com-cordao-e-testiculos\\\/#breadcrumb\",\"itemListElement\":[{\"@type\":\"ListItem\",\"position\":1,\"name\":\"In\u00edcio\",\"item\":\"https:\\\/\\\/lovme.pt\\\/\"},{\"@type\":\"ListItem\",\"position\":2,\"name\":\"Loja\",\"item\":\"https:\\\/\\\/lovme.pt\\\/index.php\\\/loja\\\/\"},{\"@type\":\"ListItem\",\"position\":3,\"name\":\"PRETTY LOVE &#8211; ANEL DE P\u00caNIS COM CORD\u00c3O E TEST\u00cdCULOS\"}]},{\"@type\":\"WebSite\",\"@id\":\"https:\\\/\\\/lovme.pt\\\/#website\",\"url\":\"https:\\\/\\\/lovme.pt\\\/\",\"name\":\"Lovme Loja Er\u00f3tica N\u00ba1 em Portugal\",\"description\":\"A melhor loja er\u00f3tica de Portugal.\",\"alternateName\":\"Loja Er\u00f3tica Lovme\",\"potentialAction\":[{\"@type\":\"SearchAction\",\"target\":{\"@type\":\"EntryPoint\",\"urlTemplate\":\"https:\\\/\\\/lovme.pt\\\/?s={search_term_string}\"},\"query-input\":{\"@type\":\"PropertyValueSpecification\",\"valueRequired\":true,\"valueName\":\"search_term_string\"}}],\"inLanguage\":\"pt-PT\"}]}<\/script>\n<!-- \/ Yoast SEO plugin. -->","yoast_head_json":{"title":"PRETTY LOVE - ANEL DE P\u00caNIS COM CORD\u00c3O E TEST\u00cdCULOS - Lovme","robots":{"index":"index","follow":"follow","max-snippet":"max-snippet:-1","max-image-preview":"max-image-preview:large","max-video-preview":"max-video-preview:-1"},"canonical":"https:\/\/lovme.pt\/index.php\/produto\/pretty-love-anel-de-penis-com-cordao-e-testiculos\/","og_locale":"pt_PT","og_type":"article","og_title":"PRETTY LOVE - ANEL DE P\u00caNIS COM CORD\u00c3O E TEST\u00cdCULOS - Lovme","og_description":"PRETTY LOVE - ANEL DE P\u00caNIS COM CORD\u00c3O E TEST\u00cdCULOS","og_url":"https:\/\/lovme.pt\/index.php\/produto\/pretty-love-anel-de-penis-com-cordao-e-testiculos\/","og_site_name":"Lovme","article_modified_time":"2026-02-19T20:06:56+00:00","og_image":[{"width":800,"height":800,"url":"https:\/\/erki24nd3ub.exactdn.com\/wp-content\/uploads\/dream\/img\/img_165222_c9bc435c22f209dacfa92e27e52f69ad_1.jpg?strip=all","type":"image\/jpeg"}],"twitter_card":"summary_large_image","twitter_misc":{"Tempo estimado de leitura":"1 minuto"},"schema":{"@context":"https:\/\/schema.org","@graph":[{"@type":"WebPage","@id":"https:\/\/lovme.pt\/index.php\/produto\/pretty-love-anel-de-penis-com-cordao-e-testiculos\/","url":"https:\/\/lovme.pt\/index.php\/produto\/pretty-love-anel-de-penis-com-cordao-e-testiculos\/","name":"PRETTY LOVE - ANEL DE P\u00caNIS COM CORD\u00c3O E TEST\u00cdCULOS - Lovme","isPartOf":{"@id":"https:\/\/lovme.pt\/#website"},"primaryImageOfPage":{"@id":"https:\/\/lovme.pt\/index.php\/produto\/pretty-love-anel-de-penis-com-cordao-e-testiculos\/#primaryimage"},"image":{"@id":"https:\/\/lovme.pt\/index.php\/produto\/pretty-love-anel-de-penis-com-cordao-e-testiculos\/#primaryimage"},"thumbnailUrl":"https:\/\/erki24nd3ub.exactdn.com\/wp-content\/uploads\/dream\/img\/img_165222_c9bc435c22f209dacfa92e27e52f69ad_1.jpg?strip=all","datePublished":"2025-09-30T10:12:49+00:00","dateModified":"2026-02-19T20:06:56+00:00","breadcrumb":{"@id":"https:\/\/lovme.pt\/index.php\/produto\/pretty-love-anel-de-penis-com-cordao-e-testiculos\/#breadcrumb"},"inLanguage":"pt-PT","potentialAction":[{"@type":"ReadAction","target":["https:\/\/lovme.pt\/index.php\/produto\/pretty-love-anel-de-penis-com-cordao-e-testiculos\/"]}]},{"@type":"ImageObject","inLanguage":"pt-PT","@id":"https:\/\/lovme.pt\/index.php\/produto\/pretty-love-anel-de-penis-com-cordao-e-testiculos\/#primaryimage","url":"https:\/\/erki24nd3ub.exactdn.com\/wp-content\/uploads\/dream\/img\/img_165222_c9bc435c22f209dacfa92e27e52f69ad_1.jpg?strip=all","contentUrl":"https:\/\/erki24nd3ub.exactdn.com\/wp-content\/uploads\/dream\/img\/img_165222_c9bc435c22f209dacfa92e27e52f69ad_1.jpg?strip=all","width":800,"height":800},{"@type":"BreadcrumbList","@id":"https:\/\/lovme.pt\/index.php\/produto\/pretty-love-anel-de-penis-com-cordao-e-testiculos\/#breadcrumb","itemListElement":[{"@type":"ListItem","position":1,"name":"In\u00edcio","item":"https:\/\/lovme.pt\/"},{"@type":"ListItem","position":2,"name":"Loja","item":"https:\/\/lovme.pt\/index.php\/loja\/"},{"@type":"ListItem","position":3,"name":"PRETTY LOVE &#8211; ANEL DE P\u00caNIS COM CORD\u00c3O E TEST\u00cdCULOS"}]},{"@type":"WebSite","@id":"https:\/\/lovme.pt\/#website","url":"https:\/\/lovme.pt\/","name":"Lovme Loja Er\u00f3tica N\u00ba1 em Portugal","description":"A melhor loja er\u00f3tica de Portugal.","alternateName":"Loja Er\u00f3tica Lovme","potentialAction":[{"@type":"SearchAction","target":{"@type":"EntryPoint","urlTemplate":"https:\/\/lovme.pt\/?s={search_term_string}"},"query-input":{"@type":"PropertyValueSpecification","valueRequired":true,"valueName":"search_term_string"}}],"inLanguage":"pt-PT"}]}},"_links":{"self":[{"href":"https:\/\/lovme.pt\/index.php\/wp-json\/wp\/v2\/product\/46869","targetHints":{"allow":["GET"]}}],"collection":[{"href":"https:\/\/lovme.pt\/index.php\/wp-json\/wp\/v2\/product"}],"about":[{"href":"https:\/\/lovme.pt\/index.php\/wp-json\/wp\/v2\/types\/product"}],"wp:featuredmedia":[{"embeddable":true,"href":"https:\/\/lovme.pt\/index.php\/wp-json\/wp\/v2\/media\/64128"}],"wp:attachment":[{"href":"https:\/\/lovme.pt\/index.php\/wp-json\/wp\/v2\/media?parent=46869"}],"wp:term":[{"taxonomy":"product_brand","embeddable":true,"href":"https:\/\/lovme.pt\/index.php\/wp-json\/wp\/v2\/product_brand?post=46869"},{"taxonomy":"product_cat","embeddable":true,"href":"https:\/\/lovme.pt\/index.php\/wp-json\/wp\/v2\/product_cat?post=46869"},{"taxonomy":"product_tag","embeddable":true,"href":"https:\/\/lovme.pt\/index.php\/wp-json\/wp\/v2\/product_tag?post=46869"}],"curies":[{"name":"wp","href":"https:\/\/api.w.org\/{rel}","templated":true}]}}