{"id":46833,"date":"2025-09-30T20:47:50","date_gmt":"2025-09-30T20:47:50","guid":{"rendered":"https:\/\/lovme.pt\/?post_type=product&#038;p=46833"},"modified":"2026-02-19T20:23:18","modified_gmt":"2026-02-19T20:23:18","slug":"snail-vibe-estimulador-duplo-gizi-rosa","status":"publish","type":"product","link":"https:\/\/lovme.pt\/index.php\/produto\/snail-vibe-estimulador-duplo-gizi-rosa\/","title":{"rendered":"SNAIL VIBE &#8211; GIZI ESTIMULADOR DUAL ROSA"},"content":{"rendered":"<p>O <strong>Snail Vibe Gizi<\/strong> oferece estimula\u00e7\u00e3o dupla de um vibrador de coelho que n\u00e3o se parece em nada com ele! Seu formato exclusivo se adapta \u00e0s caracter\u00edsticas anat\u00f4micas do corpo de qualquer mulher, ajudando a encontrar a profundidade e o \u00e2ngulo de inser\u00e7\u00e3o ideais para o m\u00e1ximo prazer do ponto G. O design exclusivo oferece tamanho compacto com inser\u00e7\u00e3o de um vibrador de tamanho normal, permitindo n\u00e3o apenas atingir o ponto G, mas tamb\u00e9m estimular o ponto A no pico da excita\u00e7\u00e3o devido \u00e0 penetra\u00e7\u00e3o mais profunda garantida pela t\u00e9cnica SlidenRoll. &#8220;Material: silicone de grau m\u00e9dico seguro para o corpo.<\/p>\n<p>\u00a0<\/p>\n<p><u><strong>INSTRU\u00c7\u00d5ES:<\/strong><\/u><\/p>\n<ul>\n<li>Motores: 2 motores independentes<\/li>\n<li>Vibra\u00e7\u00e3o: 5 velocidades<\/li>\n<li>Controles: Bot\u00e3o de press\u00e3o<\/li>\n<li>Comprimento inser\u00edvel: 120 mm \/ 4,7\u201d a 35 mm \/ 1,4\u201d<\/li>\n<li>Largura inser\u00edvel: 35 mm \/ 1,4\u201d<\/li>\n<li>Som: Tranquilamente silencioso <45db<\/li>\n<li>Uso: Aproximadamente 1 hora dependendo do modo usado<\/li>\n<li>Carregamento: Carregador magn\u00e9tico, aproximadamente 2 horas para carga m\u00e1xima<\/li>\n<li>Pot\u00eancia: Bateria de \u00edons de l\u00edtio recarreg\u00e1vel<\/li>\n<li>Inclu\u00eddo na caixa: Snail Vibe Gizi, capa protetora, cabo de carregamento, manual de instru\u00e7\u00f5es<\/li>\n<li>Instru\u00e7\u00f5es: Livreto multil\u00edngue GB, FR, DE, IT, ES, PT, PL.<\/li>\n<\/ul>\n","protected":false},"excerpt":{"rendered":"<p>SNAIL VIBE &#8211; ESTIMULADOR DUPLO GIZI ROSA<\/p>\n","protected":false},"featured_media":72808,"template":"","meta":{"_acf_changed":false},"product_brand":[],"product_cat":[17,61,76],"product_tag":[],"class_list":{"0":"post-46833","1":"product","2":"type-product","3":"status-publish","4":"has-post-thumbnail","6":"product_cat-brinquedos-de-bem-estar-sexual","7":"product_cat-para-elas","8":"product_cat-vibradores","9":"yith_product_brand-snail-vibe","11":"first","12":"instock","13":"taxable","14":"shipping-taxable","15":"purchasable","16":"product-type-variable","17":"has-default-attributes"},"acf":[],"yoast_head":"<!-- This site is optimized with the Yoast SEO plugin v27.3 - https:\/\/yoast.com\/product\/yoast-seo-wordpress\/ -->\n<title>SNAIL VIBE - GIZI ESTIMULADOR DUAL ROSA - Lovme<\/title>\n<meta name=\"robots\" content=\"index, follow, max-snippet:-1, max-image-preview:large, max-video-preview:-1\" \/>\n<link rel=\"canonical\" href=\"https:\/\/lovme.pt\/index.php\/produto\/snail-vibe-estimulador-duplo-gizi-rosa\/\" \/>\n<meta property=\"og:locale\" content=\"pt_PT\" \/>\n<meta property=\"og:type\" content=\"article\" \/>\n<meta property=\"og:title\" content=\"SNAIL VIBE - GIZI ESTIMULADOR DUAL ROSA - Lovme\" \/>\n<meta property=\"og:description\" content=\"SNAIL VIBE - ESTIMULADOR DUPLO GIZI ROSA\" \/>\n<meta property=\"og:url\" content=\"https:\/\/lovme.pt\/index.php\/produto\/snail-vibe-estimulador-duplo-gizi-rosa\/\" \/>\n<meta property=\"og:site_name\" content=\"Lovme\" \/>\n<meta property=\"article:modified_time\" content=\"2026-02-19T20:23:18+00:00\" \/>\n<meta property=\"og:image\" content=\"https:\/\/erki24nd3ub.exactdn.com\/wp-content\/uploads\/dream\/img\/img_164853_ac4ea60f73fbebc03e228cff49ea4195_1.jpg?strip=all\" \/>\n\t<meta property=\"og:image:width\" content=\"800\" \/>\n\t<meta property=\"og:image:height\" content=\"800\" \/>\n\t<meta property=\"og:image:type\" content=\"image\/jpeg\" \/>\n<meta name=\"twitter:card\" content=\"summary_large_image\" \/>\n<meta name=\"twitter:label1\" content=\"Tempo estimado de leitura\" \/>\n\t<meta name=\"twitter:data1\" content=\"1 minuto\" \/>\n<script type=\"application\/ld+json\" class=\"yoast-schema-graph\">{\"@context\":\"https:\\\/\\\/schema.org\",\"@graph\":[{\"@type\":\"WebPage\",\"@id\":\"https:\\\/\\\/lovme.pt\\\/index.php\\\/produto\\\/snail-vibe-estimulador-duplo-gizi-rosa\\\/\",\"url\":\"https:\\\/\\\/lovme.pt\\\/index.php\\\/produto\\\/snail-vibe-estimulador-duplo-gizi-rosa\\\/\",\"name\":\"SNAIL VIBE - GIZI ESTIMULADOR DUAL ROSA - Lovme\",\"isPartOf\":{\"@id\":\"https:\\\/\\\/lovme.pt\\\/#website\"},\"primaryImageOfPage\":{\"@id\":\"https:\\\/\\\/lovme.pt\\\/index.php\\\/produto\\\/snail-vibe-estimulador-duplo-gizi-rosa\\\/#primaryimage\"},\"image\":{\"@id\":\"https:\\\/\\\/lovme.pt\\\/index.php\\\/produto\\\/snail-vibe-estimulador-duplo-gizi-rosa\\\/#primaryimage\"},\"thumbnailUrl\":\"https:\\\/\\\/erki24nd3ub.exactdn.com\\\/wp-content\\\/uploads\\\/dream\\\/img\\\/img_164853_ac4ea60f73fbebc03e228cff49ea4195_1.jpg?strip=all\",\"datePublished\":\"2025-09-30T20:47:50+00:00\",\"dateModified\":\"2026-02-19T20:23:18+00:00\",\"breadcrumb\":{\"@id\":\"https:\\\/\\\/lovme.pt\\\/index.php\\\/produto\\\/snail-vibe-estimulador-duplo-gizi-rosa\\\/#breadcrumb\"},\"inLanguage\":\"pt-PT\",\"potentialAction\":[{\"@type\":\"ReadAction\",\"target\":[\"https:\\\/\\\/lovme.pt\\\/index.php\\\/produto\\\/snail-vibe-estimulador-duplo-gizi-rosa\\\/\"]}]},{\"@type\":\"ImageObject\",\"inLanguage\":\"pt-PT\",\"@id\":\"https:\\\/\\\/lovme.pt\\\/index.php\\\/produto\\\/snail-vibe-estimulador-duplo-gizi-rosa\\\/#primaryimage\",\"url\":\"https:\\\/\\\/erki24nd3ub.exactdn.com\\\/wp-content\\\/uploads\\\/dream\\\/img\\\/img_164853_ac4ea60f73fbebc03e228cff49ea4195_1.jpg?strip=all\",\"contentUrl\":\"https:\\\/\\\/erki24nd3ub.exactdn.com\\\/wp-content\\\/uploads\\\/dream\\\/img\\\/img_164853_ac4ea60f73fbebc03e228cff49ea4195_1.jpg?strip=all\",\"width\":800,\"height\":800},{\"@type\":\"BreadcrumbList\",\"@id\":\"https:\\\/\\\/lovme.pt\\\/index.php\\\/produto\\\/snail-vibe-estimulador-duplo-gizi-rosa\\\/#breadcrumb\",\"itemListElement\":[{\"@type\":\"ListItem\",\"position\":1,\"name\":\"In\u00edcio\",\"item\":\"https:\\\/\\\/lovme.pt\\\/\"},{\"@type\":\"ListItem\",\"position\":2,\"name\":\"Loja\",\"item\":\"https:\\\/\\\/lovme.pt\\\/index.php\\\/loja\\\/\"},{\"@type\":\"ListItem\",\"position\":3,\"name\":\"SNAIL VIBE &#8211; GIZI ESTIMULADOR DUAL ROSA\"}]},{\"@type\":\"WebSite\",\"@id\":\"https:\\\/\\\/lovme.pt\\\/#website\",\"url\":\"https:\\\/\\\/lovme.pt\\\/\",\"name\":\"Lovme Loja Er\u00f3tica N\u00ba1 em Portugal\",\"description\":\"A melhor loja er\u00f3tica de Portugal.\",\"alternateName\":\"Loja Er\u00f3tica Lovme\",\"potentialAction\":[{\"@type\":\"SearchAction\",\"target\":{\"@type\":\"EntryPoint\",\"urlTemplate\":\"https:\\\/\\\/lovme.pt\\\/?s={search_term_string}\"},\"query-input\":{\"@type\":\"PropertyValueSpecification\",\"valueRequired\":true,\"valueName\":\"search_term_string\"}}],\"inLanguage\":\"pt-PT\"}]}<\/script>\n<!-- \/ Yoast SEO plugin. -->","yoast_head_json":{"title":"SNAIL VIBE - GIZI ESTIMULADOR DUAL ROSA - Lovme","robots":{"index":"index","follow":"follow","max-snippet":"max-snippet:-1","max-image-preview":"max-image-preview:large","max-video-preview":"max-video-preview:-1"},"canonical":"https:\/\/lovme.pt\/index.php\/produto\/snail-vibe-estimulador-duplo-gizi-rosa\/","og_locale":"pt_PT","og_type":"article","og_title":"SNAIL VIBE - GIZI ESTIMULADOR DUAL ROSA - Lovme","og_description":"SNAIL VIBE - ESTIMULADOR DUPLO GIZI ROSA","og_url":"https:\/\/lovme.pt\/index.php\/produto\/snail-vibe-estimulador-duplo-gizi-rosa\/","og_site_name":"Lovme","article_modified_time":"2026-02-19T20:23:18+00:00","og_image":[{"width":800,"height":800,"url":"https:\/\/erki24nd3ub.exactdn.com\/wp-content\/uploads\/dream\/img\/img_164853_ac4ea60f73fbebc03e228cff49ea4195_1.jpg?strip=all","type":"image\/jpeg"}],"twitter_card":"summary_large_image","twitter_misc":{"Tempo estimado de leitura":"1 minuto"},"schema":{"@context":"https:\/\/schema.org","@graph":[{"@type":"WebPage","@id":"https:\/\/lovme.pt\/index.php\/produto\/snail-vibe-estimulador-duplo-gizi-rosa\/","url":"https:\/\/lovme.pt\/index.php\/produto\/snail-vibe-estimulador-duplo-gizi-rosa\/","name":"SNAIL VIBE - GIZI ESTIMULADOR DUAL ROSA - Lovme","isPartOf":{"@id":"https:\/\/lovme.pt\/#website"},"primaryImageOfPage":{"@id":"https:\/\/lovme.pt\/index.php\/produto\/snail-vibe-estimulador-duplo-gizi-rosa\/#primaryimage"},"image":{"@id":"https:\/\/lovme.pt\/index.php\/produto\/snail-vibe-estimulador-duplo-gizi-rosa\/#primaryimage"},"thumbnailUrl":"https:\/\/erki24nd3ub.exactdn.com\/wp-content\/uploads\/dream\/img\/img_164853_ac4ea60f73fbebc03e228cff49ea4195_1.jpg?strip=all","datePublished":"2025-09-30T20:47:50+00:00","dateModified":"2026-02-19T20:23:18+00:00","breadcrumb":{"@id":"https:\/\/lovme.pt\/index.php\/produto\/snail-vibe-estimulador-duplo-gizi-rosa\/#breadcrumb"},"inLanguage":"pt-PT","potentialAction":[{"@type":"ReadAction","target":["https:\/\/lovme.pt\/index.php\/produto\/snail-vibe-estimulador-duplo-gizi-rosa\/"]}]},{"@type":"ImageObject","inLanguage":"pt-PT","@id":"https:\/\/lovme.pt\/index.php\/produto\/snail-vibe-estimulador-duplo-gizi-rosa\/#primaryimage","url":"https:\/\/erki24nd3ub.exactdn.com\/wp-content\/uploads\/dream\/img\/img_164853_ac4ea60f73fbebc03e228cff49ea4195_1.jpg?strip=all","contentUrl":"https:\/\/erki24nd3ub.exactdn.com\/wp-content\/uploads\/dream\/img\/img_164853_ac4ea60f73fbebc03e228cff49ea4195_1.jpg?strip=all","width":800,"height":800},{"@type":"BreadcrumbList","@id":"https:\/\/lovme.pt\/index.php\/produto\/snail-vibe-estimulador-duplo-gizi-rosa\/#breadcrumb","itemListElement":[{"@type":"ListItem","position":1,"name":"In\u00edcio","item":"https:\/\/lovme.pt\/"},{"@type":"ListItem","position":2,"name":"Loja","item":"https:\/\/lovme.pt\/index.php\/loja\/"},{"@type":"ListItem","position":3,"name":"SNAIL VIBE &#8211; GIZI ESTIMULADOR DUAL ROSA"}]},{"@type":"WebSite","@id":"https:\/\/lovme.pt\/#website","url":"https:\/\/lovme.pt\/","name":"Lovme Loja Er\u00f3tica N\u00ba1 em Portugal","description":"A melhor loja er\u00f3tica de Portugal.","alternateName":"Loja Er\u00f3tica Lovme","potentialAction":[{"@type":"SearchAction","target":{"@type":"EntryPoint","urlTemplate":"https:\/\/lovme.pt\/?s={search_term_string}"},"query-input":{"@type":"PropertyValueSpecification","valueRequired":true,"valueName":"search_term_string"}}],"inLanguage":"pt-PT"}]}},"_links":{"self":[{"href":"https:\/\/lovme.pt\/index.php\/wp-json\/wp\/v2\/product\/46833","targetHints":{"allow":["GET"]}}],"collection":[{"href":"https:\/\/lovme.pt\/index.php\/wp-json\/wp\/v2\/product"}],"about":[{"href":"https:\/\/lovme.pt\/index.php\/wp-json\/wp\/v2\/types\/product"}],"wp:featuredmedia":[{"embeddable":true,"href":"https:\/\/lovme.pt\/index.php\/wp-json\/wp\/v2\/media\/72808"}],"wp:attachment":[{"href":"https:\/\/lovme.pt\/index.php\/wp-json\/wp\/v2\/media?parent=46833"}],"wp:term":[{"taxonomy":"product_brand","embeddable":true,"href":"https:\/\/lovme.pt\/index.php\/wp-json\/wp\/v2\/product_brand?post=46833"},{"taxonomy":"product_cat","embeddable":true,"href":"https:\/\/lovme.pt\/index.php\/wp-json\/wp\/v2\/product_cat?post=46833"},{"taxonomy":"product_tag","embeddable":true,"href":"https:\/\/lovme.pt\/index.php\/wp-json\/wp\/v2\/product_tag?post=46833"}],"curies":[{"name":"wp","href":"https:\/\/api.w.org\/{rel}","templated":true}]}}