{"id":46678,"date":"2025-10-01T02:35:58","date_gmt":"2025-10-01T02:35:58","guid":{"rendered":"https:\/\/lovme.pt\/?post_type=product&#038;p=46678"},"modified":"2026-02-19T20:23:29","modified_gmt":"2026-02-19T20:23:29","slug":"satisfyer-glowing-ghost-air-pulse-vibrador-amarelo","status":"publish","type":"product","link":"https:\/\/lovme.pt\/index.php\/produto\/satisfyer-glowing-ghost-air-pulse-vibrador-amarelo\/","title":{"rendered":"SATISFYER &#8211; GLOWING GHOST AIR PULSE  VIBRADOR AMARILLO"},"content":{"rendered":"<p>Um pequeno brinquedo de amor para cl\u00edmax assustadores e bons: o Satisfyer <strong>Glowing Ghost<\/strong> \u00e9 a mais recente adi\u00e7\u00e3o \u00e0 linha Satisfyers de vibradores Air Pulse, proporcionando arrepios de prazer com a amada tecnologia Air Pulse da Satisfyers e suas vibra\u00e7\u00f5es intensas.<\/p>\n<p>Prepare-se para um intenso choque de prazer: o Satisfyer <strong>Glowing Ghost<\/strong> est\u00e1 pronto para voc\u00ea. aqui para lhe trazer orgasmos terr\u00edveis. Este lindo dispositivo de prazer \u00e9 o brinquedo er\u00f3tico perfeito para pessoas com pouca ou nenhuma experi\u00eancia, pois tem um design muito fofo e um tamanho manej\u00e1vel.<\/p>\n<p>O Satisfyer <strong>Glowing Ghost<\/strong> apresenta a inovadora tecnologia de pulso de ar da Satisfyer que estimula o clit\u00f3ris completamente sem contato. Basta colocar a sua abertura \u00e0 volta do clit\u00f3ris e desfrutar de um dos 11 programas de ondas de press\u00e3o. Se quiser ainda mais estimula\u00e7\u00e3o, pode combinar a tecnologia Air Pulse com a fun\u00e7\u00e3o de vibra\u00e7\u00e3o, ou usar ambas as fun\u00e7\u00f5es de forma independente, como quiser!<\/p>\n<p>E tudo isto n\u00e3o \u00e9 a \u00fanica coisa que torna este lindo vibrador algo especial: com uma superf\u00edcie fluorescente sob a camada externa de silicone transparente, o Satisfyer <strong>Glowing Ghost<\/strong> faz jus ao seu nome e brilha no escuro, dando-lhe aquele brilho agrad\u00e1vel depois de um auto -sess\u00e3o de cuidados. Com acabamento \u00e0 prova d\u00e1gua IPX7, o Satisfyer <strong>Glowing Ghost<\/strong> \u00e9 seguro para imers\u00e3o profunda na banheira ou chuveiro e pode ser facilmente limpo com \u00e1gua e um pouco de sab\u00e3o ou limpador de aparelhos. Um fantasma sexy que vai te deixar louco e derreter de prazer!<\/p>\n<p>\u00a0<\/p>\n<p><u><strong>CARACTER\u00cdSTICAS<\/strong><\/u> :<\/p>\n<ul>\n<li>Brilha no escuro<\/li>\n<li>Silicone amigo do corpo<\/li>\n<li>Resistente \u00e0 \u00e1gua IPX7<\/li>\n<li>11 intensidades de ondas de press\u00e3o + 12 configura\u00e7\u00f5es de vibra\u00e7\u00e3o<\/li>\n<li>2 motores controlados de forma independente<\/li>\n<li>Estimula\u00e7\u00e3o clitoriana usando ondas de press\u00e3o e vibra\u00e7\u00e3o.<\/li>\n<\/ul>\n","protected":false},"excerpt":{"rendered":"<p>SATISFYER &#8211; GLOWING GHOST AIR PULSE  VIBRADOR AMARELO<\/p>\n","protected":false},"featured_media":97957,"template":"","meta":{"_acf_changed":false},"product_brand":[],"product_cat":[17,61,64],"product_tag":[],"class_list":{"0":"post-46678","1":"product","2":"type-product","3":"status-publish","4":"has-post-thumbnail","6":"product_cat-brinquedos-de-bem-estar-sexual","7":"product_cat-para-elas","8":"product_cat-sugadores","9":"yith_product_brand-satisfyer","10":"yith_product_brand-satisfyer-satisfyer-air-pulse","12":"first","13":"instock","14":"taxable","15":"shipping-taxable","16":"purchasable","17":"product-type-variable","18":"has-default-attributes"},"acf":[],"yoast_head":"<!-- This site is optimized with the Yoast SEO plugin v27.4 - https:\/\/yoast.com\/product\/yoast-seo-wordpress\/ -->\n<title>SATISFYER - GLOWING GHOST AIR PULSE VIBRADOR AMARILLO - Lovme<\/title>\n<meta name=\"robots\" content=\"index, follow, max-snippet:-1, max-image-preview:large, max-video-preview:-1\" \/>\n<link rel=\"canonical\" href=\"https:\/\/lovme.pt\/index.php\/produto\/satisfyer-glowing-ghost-air-pulse-vibrador-amarelo\/\" \/>\n<meta property=\"og:locale\" content=\"pt_PT\" \/>\n<meta property=\"og:type\" content=\"article\" \/>\n<meta property=\"og:title\" content=\"SATISFYER - GLOWING GHOST AIR PULSE VIBRADOR AMARILLO - Lovme\" \/>\n<meta property=\"og:description\" content=\"SATISFYER - GLOWING GHOST AIR PULSE VIBRADOR AMARELO\" \/>\n<meta property=\"og:url\" content=\"https:\/\/lovme.pt\/index.php\/produto\/satisfyer-glowing-ghost-air-pulse-vibrador-amarelo\/\" \/>\n<meta property=\"og:site_name\" content=\"Lovme\" \/>\n<meta property=\"article:modified_time\" content=\"2026-02-19T20:23:29+00:00\" \/>\n<meta property=\"og:image\" content=\"https:\/\/erki24nd3ub.exactdn.com\/wp-content\/uploads\/dream\/img\/img_164505_f9c5910a5e02bfec3d6981c91a960016_1.jpg?strip=all\" \/>\n\t<meta property=\"og:image:width\" content=\"800\" \/>\n\t<meta property=\"og:image:height\" content=\"800\" \/>\n\t<meta property=\"og:image:type\" content=\"image\/jpeg\" \/>\n<meta name=\"twitter:card\" content=\"summary_large_image\" \/>\n<meta name=\"twitter:label1\" content=\"Tempo estimado de leitura\" \/>\n\t<meta name=\"twitter:data1\" content=\"2 minutos\" \/>\n<script type=\"application\/ld+json\" class=\"yoast-schema-graph\">{\"@context\":\"https:\\\/\\\/schema.org\",\"@graph\":[{\"@type\":\"WebPage\",\"@id\":\"https:\\\/\\\/lovme.pt\\\/index.php\\\/produto\\\/satisfyer-glowing-ghost-air-pulse-vibrador-amarelo\\\/\",\"url\":\"https:\\\/\\\/lovme.pt\\\/index.php\\\/produto\\\/satisfyer-glowing-ghost-air-pulse-vibrador-amarelo\\\/\",\"name\":\"SATISFYER - GLOWING GHOST AIR PULSE VIBRADOR AMARILLO - Lovme\",\"isPartOf\":{\"@id\":\"https:\\\/\\\/lovme.pt\\\/#website\"},\"primaryImageOfPage\":{\"@id\":\"https:\\\/\\\/lovme.pt\\\/index.php\\\/produto\\\/satisfyer-glowing-ghost-air-pulse-vibrador-amarelo\\\/#primaryimage\"},\"image\":{\"@id\":\"https:\\\/\\\/lovme.pt\\\/index.php\\\/produto\\\/satisfyer-glowing-ghost-air-pulse-vibrador-amarelo\\\/#primaryimage\"},\"thumbnailUrl\":\"https:\\\/\\\/erki24nd3ub.exactdn.com\\\/wp-content\\\/uploads\\\/dream\\\/img\\\/img_164505_f9c5910a5e02bfec3d6981c91a960016_1.jpg?strip=all\",\"datePublished\":\"2025-10-01T02:35:58+00:00\",\"dateModified\":\"2026-02-19T20:23:29+00:00\",\"breadcrumb\":{\"@id\":\"https:\\\/\\\/lovme.pt\\\/index.php\\\/produto\\\/satisfyer-glowing-ghost-air-pulse-vibrador-amarelo\\\/#breadcrumb\"},\"inLanguage\":\"pt-PT\",\"potentialAction\":[{\"@type\":\"ReadAction\",\"target\":[\"https:\\\/\\\/lovme.pt\\\/index.php\\\/produto\\\/satisfyer-glowing-ghost-air-pulse-vibrador-amarelo\\\/\"]}]},{\"@type\":\"ImageObject\",\"inLanguage\":\"pt-PT\",\"@id\":\"https:\\\/\\\/lovme.pt\\\/index.php\\\/produto\\\/satisfyer-glowing-ghost-air-pulse-vibrador-amarelo\\\/#primaryimage\",\"url\":\"https:\\\/\\\/erki24nd3ub.exactdn.com\\\/wp-content\\\/uploads\\\/dream\\\/img\\\/img_164505_f9c5910a5e02bfec3d6981c91a960016_1.jpg?strip=all\",\"contentUrl\":\"https:\\\/\\\/erki24nd3ub.exactdn.com\\\/wp-content\\\/uploads\\\/dream\\\/img\\\/img_164505_f9c5910a5e02bfec3d6981c91a960016_1.jpg?strip=all\",\"width\":800,\"height\":800},{\"@type\":\"BreadcrumbList\",\"@id\":\"https:\\\/\\\/lovme.pt\\\/index.php\\\/produto\\\/satisfyer-glowing-ghost-air-pulse-vibrador-amarelo\\\/#breadcrumb\",\"itemListElement\":[{\"@type\":\"ListItem\",\"position\":1,\"name\":\"In\u00edcio\",\"item\":\"https:\\\/\\\/lovme.pt\\\/\"},{\"@type\":\"ListItem\",\"position\":2,\"name\":\"Loja\",\"item\":\"https:\\\/\\\/lovme.pt\\\/index.php\\\/loja\\\/\"},{\"@type\":\"ListItem\",\"position\":3,\"name\":\"SATISFYER &#8211; GLOWING GHOST AIR PULSE VIBRADOR AMARILLO\"}]},{\"@type\":\"WebSite\",\"@id\":\"https:\\\/\\\/lovme.pt\\\/#website\",\"url\":\"https:\\\/\\\/lovme.pt\\\/\",\"name\":\"Lovme Loja Er\u00f3tica N\u00ba1 em Portugal\",\"description\":\"A melhor loja er\u00f3tica de Portugal.\",\"alternateName\":\"Loja Er\u00f3tica Lovme\",\"potentialAction\":[{\"@type\":\"SearchAction\",\"target\":{\"@type\":\"EntryPoint\",\"urlTemplate\":\"https:\\\/\\\/lovme.pt\\\/?s={search_term_string}\"},\"query-input\":{\"@type\":\"PropertyValueSpecification\",\"valueRequired\":true,\"valueName\":\"search_term_string\"}}],\"inLanguage\":\"pt-PT\"}]}<\/script>\n<!-- \/ Yoast SEO plugin. -->","yoast_head_json":{"title":"SATISFYER - GLOWING GHOST AIR PULSE VIBRADOR AMARILLO - Lovme","robots":{"index":"index","follow":"follow","max-snippet":"max-snippet:-1","max-image-preview":"max-image-preview:large","max-video-preview":"max-video-preview:-1"},"canonical":"https:\/\/lovme.pt\/index.php\/produto\/satisfyer-glowing-ghost-air-pulse-vibrador-amarelo\/","og_locale":"pt_PT","og_type":"article","og_title":"SATISFYER - GLOWING GHOST AIR PULSE VIBRADOR AMARILLO - Lovme","og_description":"SATISFYER - GLOWING GHOST AIR PULSE VIBRADOR AMARELO","og_url":"https:\/\/lovme.pt\/index.php\/produto\/satisfyer-glowing-ghost-air-pulse-vibrador-amarelo\/","og_site_name":"Lovme","article_modified_time":"2026-02-19T20:23:29+00:00","og_image":[{"width":800,"height":800,"url":"https:\/\/erki24nd3ub.exactdn.com\/wp-content\/uploads\/dream\/img\/img_164505_f9c5910a5e02bfec3d6981c91a960016_1.jpg?strip=all","type":"image\/jpeg"}],"twitter_card":"summary_large_image","twitter_misc":{"Tempo estimado de leitura":"2 minutos"},"schema":{"@context":"https:\/\/schema.org","@graph":[{"@type":"WebPage","@id":"https:\/\/lovme.pt\/index.php\/produto\/satisfyer-glowing-ghost-air-pulse-vibrador-amarelo\/","url":"https:\/\/lovme.pt\/index.php\/produto\/satisfyer-glowing-ghost-air-pulse-vibrador-amarelo\/","name":"SATISFYER - GLOWING GHOST AIR PULSE VIBRADOR AMARILLO - Lovme","isPartOf":{"@id":"https:\/\/lovme.pt\/#website"},"primaryImageOfPage":{"@id":"https:\/\/lovme.pt\/index.php\/produto\/satisfyer-glowing-ghost-air-pulse-vibrador-amarelo\/#primaryimage"},"image":{"@id":"https:\/\/lovme.pt\/index.php\/produto\/satisfyer-glowing-ghost-air-pulse-vibrador-amarelo\/#primaryimage"},"thumbnailUrl":"https:\/\/erki24nd3ub.exactdn.com\/wp-content\/uploads\/dream\/img\/img_164505_f9c5910a5e02bfec3d6981c91a960016_1.jpg?strip=all","datePublished":"2025-10-01T02:35:58+00:00","dateModified":"2026-02-19T20:23:29+00:00","breadcrumb":{"@id":"https:\/\/lovme.pt\/index.php\/produto\/satisfyer-glowing-ghost-air-pulse-vibrador-amarelo\/#breadcrumb"},"inLanguage":"pt-PT","potentialAction":[{"@type":"ReadAction","target":["https:\/\/lovme.pt\/index.php\/produto\/satisfyer-glowing-ghost-air-pulse-vibrador-amarelo\/"]}]},{"@type":"ImageObject","inLanguage":"pt-PT","@id":"https:\/\/lovme.pt\/index.php\/produto\/satisfyer-glowing-ghost-air-pulse-vibrador-amarelo\/#primaryimage","url":"https:\/\/erki24nd3ub.exactdn.com\/wp-content\/uploads\/dream\/img\/img_164505_f9c5910a5e02bfec3d6981c91a960016_1.jpg?strip=all","contentUrl":"https:\/\/erki24nd3ub.exactdn.com\/wp-content\/uploads\/dream\/img\/img_164505_f9c5910a5e02bfec3d6981c91a960016_1.jpg?strip=all","width":800,"height":800},{"@type":"BreadcrumbList","@id":"https:\/\/lovme.pt\/index.php\/produto\/satisfyer-glowing-ghost-air-pulse-vibrador-amarelo\/#breadcrumb","itemListElement":[{"@type":"ListItem","position":1,"name":"In\u00edcio","item":"https:\/\/lovme.pt\/"},{"@type":"ListItem","position":2,"name":"Loja","item":"https:\/\/lovme.pt\/index.php\/loja\/"},{"@type":"ListItem","position":3,"name":"SATISFYER &#8211; GLOWING GHOST AIR PULSE VIBRADOR AMARILLO"}]},{"@type":"WebSite","@id":"https:\/\/lovme.pt\/#website","url":"https:\/\/lovme.pt\/","name":"Lovme Loja Er\u00f3tica N\u00ba1 em Portugal","description":"A melhor loja er\u00f3tica de Portugal.","alternateName":"Loja Er\u00f3tica Lovme","potentialAction":[{"@type":"SearchAction","target":{"@type":"EntryPoint","urlTemplate":"https:\/\/lovme.pt\/?s={search_term_string}"},"query-input":{"@type":"PropertyValueSpecification","valueRequired":true,"valueName":"search_term_string"}}],"inLanguage":"pt-PT"}]}},"_links":{"self":[{"href":"https:\/\/lovme.pt\/index.php\/wp-json\/wp\/v2\/product\/46678","targetHints":{"allow":["GET"]}}],"collection":[{"href":"https:\/\/lovme.pt\/index.php\/wp-json\/wp\/v2\/product"}],"about":[{"href":"https:\/\/lovme.pt\/index.php\/wp-json\/wp\/v2\/types\/product"}],"wp:featuredmedia":[{"embeddable":true,"href":"https:\/\/lovme.pt\/index.php\/wp-json\/wp\/v2\/media\/97957"}],"wp:attachment":[{"href":"https:\/\/lovme.pt\/index.php\/wp-json\/wp\/v2\/media?parent=46678"}],"wp:term":[{"taxonomy":"product_brand","embeddable":true,"href":"https:\/\/lovme.pt\/index.php\/wp-json\/wp\/v2\/product_brand?post=46678"},{"taxonomy":"product_cat","embeddable":true,"href":"https:\/\/lovme.pt\/index.php\/wp-json\/wp\/v2\/product_cat?post=46678"},{"taxonomy":"product_tag","embeddable":true,"href":"https:\/\/lovme.pt\/index.php\/wp-json\/wp\/v2\/product_tag?post=46678"}],"curies":[{"name":"wp","href":"https:\/\/api.w.org\/{rel}","templated":true}]}}