{"id":46677,"date":"2025-09-30T09:59:27","date_gmt":"2025-09-30T09:59:27","guid":{"rendered":"https:\/\/lovme.pt\/?post_type=product&#038;p=46677"},"modified":"2026-02-19T20:23:17","modified_gmt":"2026-02-19T20:23:17","slug":"satisfyer-tap-climax-1-vibrador-lay-on-vermelho","status":"publish","type":"product","link":"https:\/\/lovme.pt\/index.php\/produto\/satisfyer-tap-climax-1-vibrador-lay-on-vermelho\/","title":{"rendered":"SATISFYER &#8211; TAP  CLIMAX 1 VIBRADOR LAY-ON ROJO"},"content":{"rendered":"<p>Se voc\u00ea est\u00e1 sempre procurando um pouco mais na coloca\u00e7\u00e3o de vibradores, o Satisfyer <strong>Tap  Climax 1<\/strong> \u00e9 a escolha certa para voc\u00ea: al\u00e9m de vibra\u00e7\u00f5es intensas, este brinquedo sexual oferece uma fun\u00e7\u00e3o sensual de toque que provoca seu clit\u00f3ris. uma maneira completamente nova.<\/p>\n<p>O que este dispositivo inclui? Este lindo vibrador Satisfyer oferece duas fun\u00e7\u00f5es para garantir momentos inesquec\u00edveis. O Satisfyer <strong>Tap  Climax 1<\/strong> \u00e9 um vibrador que vibra suavemente e bate no clit\u00f3ris para desfrutar de um novo tipo de prazer. \u00c9 feito de silicone seguro para o corpo e tem formato ergon\u00f4mico para ser superconfort\u00e1vel e macio na m\u00e3o e em pontos quentes.<\/p>\n<p>Escolha entre 11 programas de vibra\u00e7\u00e3o, facilmente control\u00e1veis usando os bot\u00f5es de controle intuitivos na parte frontal. Para usar a fun\u00e7\u00e3o de toque, coloque o pequeno elevador na parte superior do clit\u00f3ris e selecione um dos 11 programas dispon\u00edveis. Ambas as fun\u00e7\u00f5es podem ser utilizadas de forma independente ou combinadas gra\u00e7as a dois motores potentes.<\/p>\n<p>Quer mergulhar nas profundezas com o Satisfyer <strong>Tap  Climax 1<\/strong> ? N\u00e3o tem problema, pois este inovador dispositivo de prazer \u00e9 \u00e0 prova d\u00e1gua IPX7, tornando-o seguro para uso no chuveiro ou na banheira. Ap\u00f3s o uso, voc\u00ea pode limp\u00e1-lo facilmente com \u00e1gua morna, sab\u00e3o neutro e um pouco de limpador de dispositivos e recarreg\u00e1-lo com o cabo USB inclu\u00eddo. Prepare-se para um open bar de orgasmos!<\/p>\n<p>\u00a0<\/p>\n<p><u><strong>CARACTER\u00cdSTICAS<\/strong><\/u> :<\/p>\n<ul>\n<li>11 programas de vibra\u00e7\u00e3o + 11 programas de toque<\/li>\n<li>Silicone amigo do corpo<\/li>\n<li>Resistente \u00e0 \u00e1gua IPX7<\/li>\n<li>Modo sussurro<\/li>\n<li>F\u00e1cil de limpar<\/li>\n<li>Estimula\u00e7\u00e3o do clit\u00f3ris atrav\u00e9s de vibra\u00e7\u00e3o e movimento de batidas.<\/li>\n<\/ul>\n","protected":false},"excerpt":{"rendered":"<p>SATISFYER &#8211; TAP  CLIMAX 1 VIBRADOR LAY-ON VERMELHO<\/p>\n","protected":false},"featured_media":60581,"template":"","meta":{"_acf_changed":false},"product_brand":[],"product_cat":[17,61,76],"product_tag":[],"class_list":{"0":"post-46677","1":"product","2":"type-product","3":"status-publish","4":"has-post-thumbnail","6":"product_cat-brinquedos-de-bem-estar-sexual","7":"product_cat-para-elas","8":"product_cat-vibradores","9":"yith_product_brand-satisfyer","10":"yith_product_brand-satisfyer-satisfyer-layons","12":"first","13":"instock","14":"taxable","15":"shipping-taxable","16":"purchasable","17":"product-type-variable","18":"has-default-attributes"},"acf":[],"yoast_head":"<!-- This site is optimized with the Yoast SEO plugin v27.4 - https:\/\/yoast.com\/product\/yoast-seo-wordpress\/ -->\n<title>SATISFYER - TAP CLIMAX 1 VIBRADOR LAY-ON ROJO - Lovme<\/title>\n<meta name=\"robots\" content=\"index, follow, max-snippet:-1, max-image-preview:large, max-video-preview:-1\" \/>\n<link rel=\"canonical\" href=\"https:\/\/lovme.pt\/index.php\/produto\/satisfyer-tap-climax-1-vibrador-lay-on-vermelho\/\" \/>\n<meta property=\"og:locale\" content=\"pt_PT\" \/>\n<meta property=\"og:type\" content=\"article\" \/>\n<meta property=\"og:title\" content=\"SATISFYER - TAP CLIMAX 1 VIBRADOR LAY-ON ROJO - Lovme\" \/>\n<meta property=\"og:description\" content=\"SATISFYER - TAP CLIMAX 1 VIBRADOR LAY-ON VERMELHO\" \/>\n<meta property=\"og:url\" content=\"https:\/\/lovme.pt\/index.php\/produto\/satisfyer-tap-climax-1-vibrador-lay-on-vermelho\/\" \/>\n<meta property=\"og:site_name\" content=\"Lovme\" \/>\n<meta property=\"article:modified_time\" content=\"2026-02-19T20:23:17+00:00\" \/>\n<meta property=\"og:image\" content=\"https:\/\/erki24nd3ub.exactdn.com\/wp-content\/uploads\/dream\/img\/img_164482_d7e896ae4251097d19f3f77eb1aafb4d_1.jpg?strip=all\" \/>\n\t<meta property=\"og:image:width\" content=\"800\" \/>\n\t<meta property=\"og:image:height\" content=\"800\" \/>\n\t<meta property=\"og:image:type\" content=\"image\/jpeg\" \/>\n<meta name=\"twitter:card\" content=\"summary_large_image\" \/>\n<meta name=\"twitter:label1\" content=\"Tempo estimado de leitura\" \/>\n\t<meta name=\"twitter:data1\" content=\"1 minuto\" \/>\n<script type=\"application\/ld+json\" class=\"yoast-schema-graph\">{\"@context\":\"https:\\\/\\\/schema.org\",\"@graph\":[{\"@type\":\"WebPage\",\"@id\":\"https:\\\/\\\/lovme.pt\\\/index.php\\\/produto\\\/satisfyer-tap-climax-1-vibrador-lay-on-vermelho\\\/\",\"url\":\"https:\\\/\\\/lovme.pt\\\/index.php\\\/produto\\\/satisfyer-tap-climax-1-vibrador-lay-on-vermelho\\\/\",\"name\":\"SATISFYER - TAP CLIMAX 1 VIBRADOR LAY-ON ROJO - Lovme\",\"isPartOf\":{\"@id\":\"https:\\\/\\\/lovme.pt\\\/#website\"},\"primaryImageOfPage\":{\"@id\":\"https:\\\/\\\/lovme.pt\\\/index.php\\\/produto\\\/satisfyer-tap-climax-1-vibrador-lay-on-vermelho\\\/#primaryimage\"},\"image\":{\"@id\":\"https:\\\/\\\/lovme.pt\\\/index.php\\\/produto\\\/satisfyer-tap-climax-1-vibrador-lay-on-vermelho\\\/#primaryimage\"},\"thumbnailUrl\":\"https:\\\/\\\/erki24nd3ub.exactdn.com\\\/wp-content\\\/uploads\\\/dream\\\/img\\\/img_164482_d7e896ae4251097d19f3f77eb1aafb4d_1.jpg?strip=all\",\"datePublished\":\"2025-09-30T09:59:27+00:00\",\"dateModified\":\"2026-02-19T20:23:17+00:00\",\"breadcrumb\":{\"@id\":\"https:\\\/\\\/lovme.pt\\\/index.php\\\/produto\\\/satisfyer-tap-climax-1-vibrador-lay-on-vermelho\\\/#breadcrumb\"},\"inLanguage\":\"pt-PT\",\"potentialAction\":[{\"@type\":\"ReadAction\",\"target\":[\"https:\\\/\\\/lovme.pt\\\/index.php\\\/produto\\\/satisfyer-tap-climax-1-vibrador-lay-on-vermelho\\\/\"]}]},{\"@type\":\"ImageObject\",\"inLanguage\":\"pt-PT\",\"@id\":\"https:\\\/\\\/lovme.pt\\\/index.php\\\/produto\\\/satisfyer-tap-climax-1-vibrador-lay-on-vermelho\\\/#primaryimage\",\"url\":\"https:\\\/\\\/erki24nd3ub.exactdn.com\\\/wp-content\\\/uploads\\\/dream\\\/img\\\/img_164482_d7e896ae4251097d19f3f77eb1aafb4d_1.jpg?strip=all\",\"contentUrl\":\"https:\\\/\\\/erki24nd3ub.exactdn.com\\\/wp-content\\\/uploads\\\/dream\\\/img\\\/img_164482_d7e896ae4251097d19f3f77eb1aafb4d_1.jpg?strip=all\",\"width\":800,\"height\":800},{\"@type\":\"BreadcrumbList\",\"@id\":\"https:\\\/\\\/lovme.pt\\\/index.php\\\/produto\\\/satisfyer-tap-climax-1-vibrador-lay-on-vermelho\\\/#breadcrumb\",\"itemListElement\":[{\"@type\":\"ListItem\",\"position\":1,\"name\":\"In\u00edcio\",\"item\":\"https:\\\/\\\/lovme.pt\\\/\"},{\"@type\":\"ListItem\",\"position\":2,\"name\":\"Loja\",\"item\":\"https:\\\/\\\/lovme.pt\\\/index.php\\\/loja\\\/\"},{\"@type\":\"ListItem\",\"position\":3,\"name\":\"SATISFYER &#8211; TAP CLIMAX 1 VIBRADOR LAY-ON ROJO\"}]},{\"@type\":\"WebSite\",\"@id\":\"https:\\\/\\\/lovme.pt\\\/#website\",\"url\":\"https:\\\/\\\/lovme.pt\\\/\",\"name\":\"Lovme Loja Er\u00f3tica N\u00ba1 em Portugal\",\"description\":\"A melhor loja er\u00f3tica de Portugal.\",\"alternateName\":\"Loja Er\u00f3tica Lovme\",\"potentialAction\":[{\"@type\":\"SearchAction\",\"target\":{\"@type\":\"EntryPoint\",\"urlTemplate\":\"https:\\\/\\\/lovme.pt\\\/?s={search_term_string}\"},\"query-input\":{\"@type\":\"PropertyValueSpecification\",\"valueRequired\":true,\"valueName\":\"search_term_string\"}}],\"inLanguage\":\"pt-PT\"}]}<\/script>\n<!-- \/ Yoast SEO plugin. -->","yoast_head_json":{"title":"SATISFYER - TAP CLIMAX 1 VIBRADOR LAY-ON ROJO - Lovme","robots":{"index":"index","follow":"follow","max-snippet":"max-snippet:-1","max-image-preview":"max-image-preview:large","max-video-preview":"max-video-preview:-1"},"canonical":"https:\/\/lovme.pt\/index.php\/produto\/satisfyer-tap-climax-1-vibrador-lay-on-vermelho\/","og_locale":"pt_PT","og_type":"article","og_title":"SATISFYER - TAP CLIMAX 1 VIBRADOR LAY-ON ROJO - Lovme","og_description":"SATISFYER - TAP CLIMAX 1 VIBRADOR LAY-ON VERMELHO","og_url":"https:\/\/lovme.pt\/index.php\/produto\/satisfyer-tap-climax-1-vibrador-lay-on-vermelho\/","og_site_name":"Lovme","article_modified_time":"2026-02-19T20:23:17+00:00","og_image":[{"width":800,"height":800,"url":"https:\/\/erki24nd3ub.exactdn.com\/wp-content\/uploads\/dream\/img\/img_164482_d7e896ae4251097d19f3f77eb1aafb4d_1.jpg?strip=all","type":"image\/jpeg"}],"twitter_card":"summary_large_image","twitter_misc":{"Tempo estimado de leitura":"1 minuto"},"schema":{"@context":"https:\/\/schema.org","@graph":[{"@type":"WebPage","@id":"https:\/\/lovme.pt\/index.php\/produto\/satisfyer-tap-climax-1-vibrador-lay-on-vermelho\/","url":"https:\/\/lovme.pt\/index.php\/produto\/satisfyer-tap-climax-1-vibrador-lay-on-vermelho\/","name":"SATISFYER - TAP CLIMAX 1 VIBRADOR LAY-ON ROJO - Lovme","isPartOf":{"@id":"https:\/\/lovme.pt\/#website"},"primaryImageOfPage":{"@id":"https:\/\/lovme.pt\/index.php\/produto\/satisfyer-tap-climax-1-vibrador-lay-on-vermelho\/#primaryimage"},"image":{"@id":"https:\/\/lovme.pt\/index.php\/produto\/satisfyer-tap-climax-1-vibrador-lay-on-vermelho\/#primaryimage"},"thumbnailUrl":"https:\/\/erki24nd3ub.exactdn.com\/wp-content\/uploads\/dream\/img\/img_164482_d7e896ae4251097d19f3f77eb1aafb4d_1.jpg?strip=all","datePublished":"2025-09-30T09:59:27+00:00","dateModified":"2026-02-19T20:23:17+00:00","breadcrumb":{"@id":"https:\/\/lovme.pt\/index.php\/produto\/satisfyer-tap-climax-1-vibrador-lay-on-vermelho\/#breadcrumb"},"inLanguage":"pt-PT","potentialAction":[{"@type":"ReadAction","target":["https:\/\/lovme.pt\/index.php\/produto\/satisfyer-tap-climax-1-vibrador-lay-on-vermelho\/"]}]},{"@type":"ImageObject","inLanguage":"pt-PT","@id":"https:\/\/lovme.pt\/index.php\/produto\/satisfyer-tap-climax-1-vibrador-lay-on-vermelho\/#primaryimage","url":"https:\/\/erki24nd3ub.exactdn.com\/wp-content\/uploads\/dream\/img\/img_164482_d7e896ae4251097d19f3f77eb1aafb4d_1.jpg?strip=all","contentUrl":"https:\/\/erki24nd3ub.exactdn.com\/wp-content\/uploads\/dream\/img\/img_164482_d7e896ae4251097d19f3f77eb1aafb4d_1.jpg?strip=all","width":800,"height":800},{"@type":"BreadcrumbList","@id":"https:\/\/lovme.pt\/index.php\/produto\/satisfyer-tap-climax-1-vibrador-lay-on-vermelho\/#breadcrumb","itemListElement":[{"@type":"ListItem","position":1,"name":"In\u00edcio","item":"https:\/\/lovme.pt\/"},{"@type":"ListItem","position":2,"name":"Loja","item":"https:\/\/lovme.pt\/index.php\/loja\/"},{"@type":"ListItem","position":3,"name":"SATISFYER &#8211; TAP CLIMAX 1 VIBRADOR LAY-ON ROJO"}]},{"@type":"WebSite","@id":"https:\/\/lovme.pt\/#website","url":"https:\/\/lovme.pt\/","name":"Lovme Loja Er\u00f3tica N\u00ba1 em Portugal","description":"A melhor loja er\u00f3tica de Portugal.","alternateName":"Loja Er\u00f3tica Lovme","potentialAction":[{"@type":"SearchAction","target":{"@type":"EntryPoint","urlTemplate":"https:\/\/lovme.pt\/?s={search_term_string}"},"query-input":{"@type":"PropertyValueSpecification","valueRequired":true,"valueName":"search_term_string"}}],"inLanguage":"pt-PT"}]}},"_links":{"self":[{"href":"https:\/\/lovme.pt\/index.php\/wp-json\/wp\/v2\/product\/46677","targetHints":{"allow":["GET"]}}],"collection":[{"href":"https:\/\/lovme.pt\/index.php\/wp-json\/wp\/v2\/product"}],"about":[{"href":"https:\/\/lovme.pt\/index.php\/wp-json\/wp\/v2\/types\/product"}],"wp:featuredmedia":[{"embeddable":true,"href":"https:\/\/lovme.pt\/index.php\/wp-json\/wp\/v2\/media\/60581"}],"wp:attachment":[{"href":"https:\/\/lovme.pt\/index.php\/wp-json\/wp\/v2\/media?parent=46677"}],"wp:term":[{"taxonomy":"product_brand","embeddable":true,"href":"https:\/\/lovme.pt\/index.php\/wp-json\/wp\/v2\/product_brand?post=46677"},{"taxonomy":"product_cat","embeddable":true,"href":"https:\/\/lovme.pt\/index.php\/wp-json\/wp\/v2\/product_cat?post=46677"},{"taxonomy":"product_tag","embeddable":true,"href":"https:\/\/lovme.pt\/index.php\/wp-json\/wp\/v2\/product_tag?post=46677"}],"curies":[{"name":"wp","href":"https:\/\/api.w.org\/{rel}","templated":true}]}}