{"id":46676,"date":"2025-09-30T10:12:47","date_gmt":"2025-09-30T10:12:47","guid":{"rendered":"https:\/\/lovme.pt\/?post_type=product&p=46676"},"modified":"2026-02-19T20:06:56","modified_gmt":"2026-02-19T20:06:56","slug":"satisfyer-ring-stroker-masturbador-vibrador","status":"publish","type":"product","link":"https:\/\/lovme.pt\/index.php\/produto\/satisfyer-ring-stroker-masturbador-vibrador\/","title":{"rendered":"SATISFYER &#8211; RING STROKER MASTURBADOR  VIBRADOR"},"content":{"rendered":"<p>Voc\u00ea est\u00e1 procurando um masturbador, mas n\u00e3o gosta de aparelhos grandes? Ent\u00e3o temos o brinquedo do amor perfeito para voc\u00ea! O Satisfyer <strong>Ring Stroker<\/strong> \u00e9 um pr\u00e1tico masturbador vibrat\u00f3rio que n\u00e3o s\u00f3 tem o tamanho perfeito para viajar, mas tamb\u00e9m estimula o seu p\u00e9nis com tr\u00eas motores de pot\u00eancia e uma superf\u00edcie feita de silicone de toque suave.<\/p>\n<p>Se voc\u00ea gosta do seu p\u00eanis, d\u00ea um anel para ele! O Satisfyer <strong>Ring Stroker<\/strong> \u00e9 um pr\u00e1tico masturbador em forma de anel, perfeito para iniciantes. Gra\u00e7as ao seu pequeno tamanho, pode ser usado com uma m\u00e3o e \u00e9 perfeito para levar em viagem.<\/p>\n<p>Sua superf\u00edcie e interior de silicone supermacio e adequado para a pele acariciam suavemente o p\u00eanis e os tr\u00eas motores potentes internos vibrar\u00e3o em seu membro. Escolha entre 12 programas de vibra\u00e7\u00e3o variados, usando os bot\u00f5es +\/- na frente para encontrar a melhor configura\u00e7\u00e3o para voc\u00ea. Escolha se deseja acariciar apenas a glande ou mover o Satisfyer Ring Stroker para cima e para baixo, seu formato e corpo fixo permitem ambas as op\u00e7\u00f5es. E o prazer n\u00e3o termina a\u00ed: com acabamento \u00e0 prova d\u00e1gua IPX7, voc\u00ea pode levar este maravilhoso aparelho de prazer para o chuveiro ou banheira. Al\u00e9m disso, o masturbador vibrat\u00f3rio \u00e9 recarreg\u00e1vel e pode ser facilmente limpo com \u00e1gua morna, sab\u00e3o neutro e um pouco de limpador de aparelho.<\/p>\n<p>\u00a0<\/p>\n<p><u><strong>CARACTER\u00cdSTICAS<\/strong><\/u> :<\/p>\n<ul>\n<li>12 programas de vibra\u00e7\u00e3o<\/li>\n<li>3 motores potentes<\/li>\n<li>Resistente \u00e0 \u00e1gua IPX7<\/li>\n<li>Modo sussurro<\/li>\n<li>F\u00e1cil de limpar<\/li>\n<li>Bateria de \u00edon de l\u00edtio<\/li>\n<li>Cabo de carregamento magn\u00e9tico USB inclu\u00eddo.<\/li>\n<\/ul>\n","protected":false},"excerpt":{"rendered":"<p>SATISFYER &#8211; RING STROKER MASTURBADOR  VIBRADOR<\/p>\n","protected":false},"featured_media":64123,"template":"","meta":{"_acf_changed":false},"product_brand":[],"product_cat":[17,58,59,60],"product_tag":[],"class_list":{"0":"post-46676","1":"product","2":"type-product","3":"status-publish","4":"has-post-thumbnail","6":"product_cat-brinquedos-de-bem-estar-sexual","7":"product_cat-masturbadores-para-penis","8":"product_cat-para-casais","9":"product_cat-para-eles","10":"yith_product_brand-satisfyer","11":"yith_product_brand-satisfyer-satisfyer-ring","13":"first","14":"instock","15":"taxable","16":"shipping-taxable","17":"purchasable","18":"product-type-simple"},"acf":[],"yoast_head":"<!-- This site is optimized with the Yoast SEO plugin v27.4 - https:\/\/yoast.com\/product\/yoast-seo-wordpress\/ -->\n<title>SATISFYER - RING STROKER MASTURBADOR VIBRADOR - Lovme<\/title>\n<meta name=\"robots\" content=\"index, follow, max-snippet:-1, max-image-preview:large, max-video-preview:-1\" \/>\n<link rel=\"canonical\" href=\"https:\/\/lovme.pt\/index.php\/produto\/satisfyer-ring-stroker-masturbador-vibrador\/\" \/>\n<meta property=\"og:locale\" content=\"pt_PT\" \/>\n<meta property=\"og:type\" content=\"article\" \/>\n<meta property=\"og:title\" content=\"SATISFYER - RING STROKER MASTURBADOR VIBRADOR - Lovme\" \/>\n<meta property=\"og:description\" content=\"SATISFYER - RING STROKER MASTURBADOR VIBRADOR\" \/>\n<meta property=\"og:url\" content=\"https:\/\/lovme.pt\/index.php\/produto\/satisfyer-ring-stroker-masturbador-vibrador\/\" \/>\n<meta property=\"og:site_name\" content=\"Lovme\" \/>\n<meta property=\"article:modified_time\" content=\"2026-02-19T20:06:56+00:00\" \/>\n<meta property=\"og:image\" content=\"https:\/\/erki24nd3ub.exactdn.com\/wp-content\/uploads\/dream\/img\/img_164465_060682548708f3e55ac9aabb5aa4aac6_1.jpg?strip=all\" \/>\n\t<meta property=\"og:image:width\" content=\"800\" \/>\n\t<meta property=\"og:image:height\" content=\"800\" \/>\n\t<meta property=\"og:image:type\" content=\"image\/jpeg\" \/>\n<meta name=\"twitter:card\" content=\"summary_large_image\" \/>\n<meta name=\"twitter:label1\" content=\"Tempo estimado de leitura\" \/>\n\t<meta name=\"twitter:data1\" content=\"1 minuto\" \/>\n<script type=\"application\/ld+json\" class=\"yoast-schema-graph\">{\"@context\":\"https:\\\/\\\/schema.org\",\"@graph\":[{\"@type\":\"WebPage\",\"@id\":\"https:\\\/\\\/lovme.pt\\\/index.php\\\/produto\\\/satisfyer-ring-stroker-masturbador-vibrador\\\/\",\"url\":\"https:\\\/\\\/lovme.pt\\\/index.php\\\/produto\\\/satisfyer-ring-stroker-masturbador-vibrador\\\/\",\"name\":\"SATISFYER - RING STROKER MASTURBADOR VIBRADOR - Lovme\",\"isPartOf\":{\"@id\":\"https:\\\/\\\/lovme.pt\\\/#website\"},\"primaryImageOfPage\":{\"@id\":\"https:\\\/\\\/lovme.pt\\\/index.php\\\/produto\\\/satisfyer-ring-stroker-masturbador-vibrador\\\/#primaryimage\"},\"image\":{\"@id\":\"https:\\\/\\\/lovme.pt\\\/index.php\\\/produto\\\/satisfyer-ring-stroker-masturbador-vibrador\\\/#primaryimage\"},\"thumbnailUrl\":\"https:\\\/\\\/erki24nd3ub.exactdn.com\\\/wp-content\\\/uploads\\\/dream\\\/img\\\/img_164465_060682548708f3e55ac9aabb5aa4aac6_1.jpg?strip=all\",\"datePublished\":\"2025-09-30T10:12:47+00:00\",\"dateModified\":\"2026-02-19T20:06:56+00:00\",\"breadcrumb\":{\"@id\":\"https:\\\/\\\/lovme.pt\\\/index.php\\\/produto\\\/satisfyer-ring-stroker-masturbador-vibrador\\\/#breadcrumb\"},\"inLanguage\":\"pt-PT\",\"potentialAction\":[{\"@type\":\"ReadAction\",\"target\":[\"https:\\\/\\\/lovme.pt\\\/index.php\\\/produto\\\/satisfyer-ring-stroker-masturbador-vibrador\\\/\"]}]},{\"@type\":\"ImageObject\",\"inLanguage\":\"pt-PT\",\"@id\":\"https:\\\/\\\/lovme.pt\\\/index.php\\\/produto\\\/satisfyer-ring-stroker-masturbador-vibrador\\\/#primaryimage\",\"url\":\"https:\\\/\\\/erki24nd3ub.exactdn.com\\\/wp-content\\\/uploads\\\/dream\\\/img\\\/img_164465_060682548708f3e55ac9aabb5aa4aac6_1.jpg?strip=all\",\"contentUrl\":\"https:\\\/\\\/erki24nd3ub.exactdn.com\\\/wp-content\\\/uploads\\\/dream\\\/img\\\/img_164465_060682548708f3e55ac9aabb5aa4aac6_1.jpg?strip=all\",\"width\":800,\"height\":800},{\"@type\":\"BreadcrumbList\",\"@id\":\"https:\\\/\\\/lovme.pt\\\/index.php\\\/produto\\\/satisfyer-ring-stroker-masturbador-vibrador\\\/#breadcrumb\",\"itemListElement\":[{\"@type\":\"ListItem\",\"position\":1,\"name\":\"In\u00edcio\",\"item\":\"https:\\\/\\\/lovme.pt\\\/\"},{\"@type\":\"ListItem\",\"position\":2,\"name\":\"Loja\",\"item\":\"https:\\\/\\\/lovme.pt\\\/index.php\\\/loja\\\/\"},{\"@type\":\"ListItem\",\"position\":3,\"name\":\"SATISFYER &#8211; RING STROKER MASTURBADOR VIBRADOR\"}]},{\"@type\":\"WebSite\",\"@id\":\"https:\\\/\\\/lovme.pt\\\/#website\",\"url\":\"https:\\\/\\\/lovme.pt\\\/\",\"name\":\"Lovme Loja Er\u00f3tica N\u00ba1 em Portugal\",\"description\":\"A melhor loja er\u00f3tica de Portugal.\",\"alternateName\":\"Loja Er\u00f3tica Lovme\",\"potentialAction\":[{\"@type\":\"SearchAction\",\"target\":{\"@type\":\"EntryPoint\",\"urlTemplate\":\"https:\\\/\\\/lovme.pt\\\/?s={search_term_string}\"},\"query-input\":{\"@type\":\"PropertyValueSpecification\",\"valueRequired\":true,\"valueName\":\"search_term_string\"}}],\"inLanguage\":\"pt-PT\"}]}<\/script>\n<!-- \/ Yoast SEO plugin. -->","yoast_head_json":{"title":"SATISFYER - RING STROKER MASTURBADOR VIBRADOR - Lovme","robots":{"index":"index","follow":"follow","max-snippet":"max-snippet:-1","max-image-preview":"max-image-preview:large","max-video-preview":"max-video-preview:-1"},"canonical":"https:\/\/lovme.pt\/index.php\/produto\/satisfyer-ring-stroker-masturbador-vibrador\/","og_locale":"pt_PT","og_type":"article","og_title":"SATISFYER - RING STROKER MASTURBADOR VIBRADOR - Lovme","og_description":"SATISFYER - RING STROKER MASTURBADOR VIBRADOR","og_url":"https:\/\/lovme.pt\/index.php\/produto\/satisfyer-ring-stroker-masturbador-vibrador\/","og_site_name":"Lovme","article_modified_time":"2026-02-19T20:06:56+00:00","og_image":[{"width":800,"height":800,"url":"https:\/\/erki24nd3ub.exactdn.com\/wp-content\/uploads\/dream\/img\/img_164465_060682548708f3e55ac9aabb5aa4aac6_1.jpg?strip=all","type":"image\/jpeg"}],"twitter_card":"summary_large_image","twitter_misc":{"Tempo estimado de leitura":"1 minuto"},"schema":{"@context":"https:\/\/schema.org","@graph":[{"@type":"WebPage","@id":"https:\/\/lovme.pt\/index.php\/produto\/satisfyer-ring-stroker-masturbador-vibrador\/","url":"https:\/\/lovme.pt\/index.php\/produto\/satisfyer-ring-stroker-masturbador-vibrador\/","name":"SATISFYER - RING STROKER MASTURBADOR VIBRADOR - Lovme","isPartOf":{"@id":"https:\/\/lovme.pt\/#website"},"primaryImageOfPage":{"@id":"https:\/\/lovme.pt\/index.php\/produto\/satisfyer-ring-stroker-masturbador-vibrador\/#primaryimage"},"image":{"@id":"https:\/\/lovme.pt\/index.php\/produto\/satisfyer-ring-stroker-masturbador-vibrador\/#primaryimage"},"thumbnailUrl":"https:\/\/erki24nd3ub.exactdn.com\/wp-content\/uploads\/dream\/img\/img_164465_060682548708f3e55ac9aabb5aa4aac6_1.jpg?strip=all","datePublished":"2025-09-30T10:12:47+00:00","dateModified":"2026-02-19T20:06:56+00:00","breadcrumb":{"@id":"https:\/\/lovme.pt\/index.php\/produto\/satisfyer-ring-stroker-masturbador-vibrador\/#breadcrumb"},"inLanguage":"pt-PT","potentialAction":[{"@type":"ReadAction","target":["https:\/\/lovme.pt\/index.php\/produto\/satisfyer-ring-stroker-masturbador-vibrador\/"]}]},{"@type":"ImageObject","inLanguage":"pt-PT","@id":"https:\/\/lovme.pt\/index.php\/produto\/satisfyer-ring-stroker-masturbador-vibrador\/#primaryimage","url":"https:\/\/erki24nd3ub.exactdn.com\/wp-content\/uploads\/dream\/img\/img_164465_060682548708f3e55ac9aabb5aa4aac6_1.jpg?strip=all","contentUrl":"https:\/\/erki24nd3ub.exactdn.com\/wp-content\/uploads\/dream\/img\/img_164465_060682548708f3e55ac9aabb5aa4aac6_1.jpg?strip=all","width":800,"height":800},{"@type":"BreadcrumbList","@id":"https:\/\/lovme.pt\/index.php\/produto\/satisfyer-ring-stroker-masturbador-vibrador\/#breadcrumb","itemListElement":[{"@type":"ListItem","position":1,"name":"In\u00edcio","item":"https:\/\/lovme.pt\/"},{"@type":"ListItem","position":2,"name":"Loja","item":"https:\/\/lovme.pt\/index.php\/loja\/"},{"@type":"ListItem","position":3,"name":"SATISFYER &#8211; RING STROKER MASTURBADOR VIBRADOR"}]},{"@type":"WebSite","@id":"https:\/\/lovme.pt\/#website","url":"https:\/\/lovme.pt\/","name":"Lovme Loja Er\u00f3tica N\u00ba1 em Portugal","description":"A melhor loja er\u00f3tica de Portugal.","alternateName":"Loja Er\u00f3tica Lovme","potentialAction":[{"@type":"SearchAction","target":{"@type":"EntryPoint","urlTemplate":"https:\/\/lovme.pt\/?s={search_term_string}"},"query-input":{"@type":"PropertyValueSpecification","valueRequired":true,"valueName":"search_term_string"}}],"inLanguage":"pt-PT"}]}},"_links":{"self":[{"href":"https:\/\/lovme.pt\/index.php\/wp-json\/wp\/v2\/product\/46676","targetHints":{"allow":["GET"]}}],"collection":[{"href":"https:\/\/lovme.pt\/index.php\/wp-json\/wp\/v2\/product"}],"about":[{"href":"https:\/\/lovme.pt\/index.php\/wp-json\/wp\/v2\/types\/product"}],"wp:featuredmedia":[{"embeddable":true,"href":"https:\/\/lovme.pt\/index.php\/wp-json\/wp\/v2\/media\/64123"}],"wp:attachment":[{"href":"https:\/\/lovme.pt\/index.php\/wp-json\/wp\/v2\/media?parent=46676"}],"wp:term":[{"taxonomy":"product_brand","embeddable":true,"href":"https:\/\/lovme.pt\/index.php\/wp-json\/wp\/v2\/product_brand?post=46676"},{"taxonomy":"product_cat","embeddable":true,"href":"https:\/\/lovme.pt\/index.php\/wp-json\/wp\/v2\/product_cat?post=46676"},{"taxonomy":"product_tag","embeddable":true,"href":"https:\/\/lovme.pt\/index.php\/wp-json\/wp\/v2\/product_tag?post=46676"}],"curies":[{"name":"wp","href":"https:\/\/api.w.org\/{rel}","templated":true}]}}