{"id":46658,"date":"2025-10-01T02:33:55","date_gmt":"2025-10-01T02:33:55","guid":{"rendered":"https:\/\/lovme.pt\/?post_type=product&#038;p=46658"},"modified":"2026-01-31T00:31:02","modified_gmt":"2026-01-31T00:31:02","slug":"we-vibe-sync-o-vibrador-flexivel-controle-remoto-verde-escuro","status":"publish","type":"product","link":"https:\/\/lovme.pt\/index.php\/produto\/we-vibe-sync-o-vibrador-flexivel-controle-remoto-verde-escuro\/","title":{"rendered":"WE-VIBE &#8211; SYNC O VIBRADOR FLEXIBLE CONTROL REMOTO VERDE OSCURO"},"content":{"rendered":"<p><font style=\"vertical-align:\"><font style=\"vertical-align:\"><strong>We-Vibe Sync o &#8211;<\/strong> Vibrador para casal.<\/font><\/font> <font style=\"vertical-align:\"><font style=\"vertical-align:\"><strong>Sync O<\/strong> \u00e9 um novo tipo de vibrador em forma de C para quem procura prazer e procura o ajuste perfeito. O bra\u00e7o externo repousa contra o clit\u00f3ris, enquanto o bra\u00e7o interno flex\u00edvel em forma de O se ajusta confortavelmente \u00e0 vagina, garantindo que as vibra\u00e7\u00f5es permane\u00e7am exatamente onde voc\u00ea deseja. . A inova\u00e7\u00e3o exclusiva em forma de C da We-Vibes oferece estimula\u00e7\u00e3o sem esfor\u00e7o e com as m\u00e3os livres, proporcionando vibra\u00e7\u00f5es seguras e deliciosas que ambos os parceiros podem desfrutar.<\/font><\/font><\/p>\n<p><u><strong>CARACTER\u00cdSTICAS<\/strong><\/u> :<\/p>\n<ul>\n<li><strong>\u00c0 prova d\u00e1gua IPX7<\/strong> : Desfrute de uma banheira ou chuveiro com impermeabiliza\u00e7\u00e3o IPX7<\/li>\n<li><strong>Recarreg\u00e1vel por USB<\/strong> : Recarga f\u00e1cil, r\u00e1pida e confi\u00e1vel com cabo USB<\/li>\n<li><strong>Ajuste ajust\u00e1vel:<\/strong> usado durante o sexo, o *brinquedo* se adapta ao seu corpo \u00fanico<\/li>\n<li><strong>Aplicativo We-Vibe<\/strong> : controle seus brinquedos, mesmo \u00e0 dist\u00e2ncia, com um toque na tela do seu smartphone<\/li>\n<li><strong>Ajuste seguro:<\/strong> o bra\u00e7o interno exclusivo em forma de O mant\u00e9m o brinquedo perfeitamente no lugar para compartilhar vibra\u00e7\u00f5es, onde voc\u00ea quiser.<\/li>\n<li><strong>Flex\u00edvel e confort\u00e1vel<\/strong> : o la\u00e7o interno de silicone leve mant\u00e9m <strong>o Sync O<\/strong> est\u00e1vel sem ser intrusivo ou perturbador para uma conex\u00e3o mais \u00edntima e confort\u00e1vel. sem esfor\u00e7o.<\/li>\n<li><strong>Uso sem esfor\u00e7o<\/strong> : O bra\u00e7o <strong>Sync O<\/strong> interno mant\u00e9m o brinquedo e suas vibra\u00e7\u00f5es estrondosas com seguran\u00e7a no lugar certo, independentemente de ser usado com as m\u00e3os livres em jogos solo ou junto com um parceiro durante o sexo.<\/li>\n<\/ul>\n<p><u><strong>ESPECIFICA\u00c7\u00d5ES:<\/strong><\/u><\/p>\n<ul>\n<li><strong>Modelo<\/strong> : vibrador de casais em forma de C recarreg\u00e1vel de silicone<\/li>\n<li><strong>Cores<\/strong> : Verde escuro e violeta<\/li>\n<li><strong>Bateria<\/strong> : bateria recarreg\u00e1vel de pol\u00edmero de \u00edon de l\u00edtio USB<\/li>\n<li><strong>Vibra\u00e7\u00e3o<\/strong> : 9 modos<\/li>\n<li><strong>Dura\u00e7\u00e3o<\/strong> : 150 minutos<\/li>\n<li><strong>Tempo de carregamento<\/strong> : 90 minutos<\/li>\n<li><strong>Materiais<\/strong> : Silicone seguro para o corpo. Livre de ftalatos e BPA e fabricado sem l\u00e1tex.<\/li>\n<li><strong>Dimens\u00f5es<\/strong> : 80 x 44 x 44,5 mm comprimento x largura x altura<\/li>\n<\/ul>\n<p>\u00a0<\/p>\n<p><u><strong>Como jogar?<\/strong><\/u><\/p>\n<ol>\n<li>Aplique um pouco de lubrificante no bra\u00e7o interno do brinquedo e aperte o bra\u00e7o interno flex\u00edvel para facilitar a inser\u00e7\u00e3o. O la\u00e7o macio em forma de O se desdobra uma vez dentro e \u00e9 leve para f\u00e1cil ajuste. confort\u00e1vel e seguro. Com o brinquedo inserido, ligue-o pressionando o bot\u00e3o de controle em sua base.<\/li>\n<li>Percorra diferentes modos de padr\u00f5es de vibra\u00e7\u00e3o e n\u00edveis de intensidade usando o bot\u00e3o de controle do brinquedo ou o aplicativo We-Vibe. Voc\u00ea tamb\u00e9m pode usar o controle remoto para controlar o brinquedo.<\/li>\n<li>\/li><\/li>\n<li>Desfrute de vibra\u00e7\u00f5es compartilhadas usando o brinquedo durante a penetra\u00e7\u00e3o.<\/li>\n<\/ol>\n","protected":false},"excerpt":{"rendered":"<p>WE-VIBE &#8211; SYNC O VIBRADOR FLEX\u00cdVEL CONTROLE REMOTO VERDE ESCURO<\/p>\n","protected":false},"featured_media":97710,"template":"","meta":{"_acf_changed":false},"product_brand":[],"product_cat":[17,76],"product_tag":[],"class_list":{"0":"post-46658","1":"product","2":"type-product","3":"status-publish","4":"has-post-thumbnail","6":"product_cat-brinquedos-de-bem-estar-sexual","7":"product_cat-vibradores","8":"yith_product_brand-we-vibe","10":"first","11":"instock","12":"taxable","13":"shipping-taxable","14":"purchasable","15":"product-type-variable","16":"has-default-attributes"},"acf":[],"yoast_head":"<!-- This site is optimized with the Yoast SEO plugin v27.4 - https:\/\/yoast.com\/product\/yoast-seo-wordpress\/ -->\n<title>WE-VIBE - SYNC O VIBRADOR FLEXIBLE CONTROL REMOTO VERDE OSCURO - Lovme<\/title>\n<meta name=\"robots\" content=\"index, follow, max-snippet:-1, max-image-preview:large, max-video-preview:-1\" \/>\n<link rel=\"canonical\" href=\"https:\/\/lovme.pt\/index.php\/produto\/we-vibe-sync-o-vibrador-flexivel-controle-remoto-verde-escuro\/\" \/>\n<meta property=\"og:locale\" content=\"pt_PT\" \/>\n<meta property=\"og:type\" content=\"article\" \/>\n<meta property=\"og:title\" content=\"WE-VIBE - SYNC O VIBRADOR FLEXIBLE CONTROL REMOTO VERDE OSCURO - Lovme\" \/>\n<meta property=\"og:description\" content=\"WE-VIBE - SYNC O VIBRADOR FLEX\u00cdVEL CONTROLE REMOTO VERDE ESCURO\" \/>\n<meta property=\"og:url\" content=\"https:\/\/lovme.pt\/index.php\/produto\/we-vibe-sync-o-vibrador-flexivel-controle-remoto-verde-escuro\/\" \/>\n<meta property=\"og:site_name\" content=\"Lovme\" \/>\n<meta property=\"article:modified_time\" content=\"2026-01-31T00:31:02+00:00\" \/>\n<meta property=\"og:image\" content=\"https:\/\/erki24nd3ub.exactdn.com\/wp-content\/uploads\/dream\/img\/img_210677_b54d0f7c4e7405a43eb15f6c2793d8f9_1.png?strip=all\" \/>\n\t<meta property=\"og:image:width\" content=\"900\" \/>\n\t<meta property=\"og:image:height\" content=\"900\" \/>\n\t<meta property=\"og:image:type\" content=\"image\/png\" \/>\n<meta name=\"twitter:card\" content=\"summary_large_image\" \/>\n<meta name=\"twitter:label1\" content=\"Tempo estimado de leitura\" \/>\n\t<meta name=\"twitter:data1\" content=\"2 minutos\" \/>\n<script type=\"application\/ld+json\" class=\"yoast-schema-graph\">{\"@context\":\"https:\\\/\\\/schema.org\",\"@graph\":[{\"@type\":\"WebPage\",\"@id\":\"https:\\\/\\\/lovme.pt\\\/index.php\\\/produto\\\/we-vibe-sync-o-vibrador-flexivel-controle-remoto-verde-escuro\\\/\",\"url\":\"https:\\\/\\\/lovme.pt\\\/index.php\\\/produto\\\/we-vibe-sync-o-vibrador-flexivel-controle-remoto-verde-escuro\\\/\",\"name\":\"WE-VIBE - SYNC O VIBRADOR FLEXIBLE CONTROL REMOTO VERDE OSCURO - Lovme\",\"isPartOf\":{\"@id\":\"https:\\\/\\\/lovme.pt\\\/#website\"},\"primaryImageOfPage\":{\"@id\":\"https:\\\/\\\/lovme.pt\\\/index.php\\\/produto\\\/we-vibe-sync-o-vibrador-flexivel-controle-remoto-verde-escuro\\\/#primaryimage\"},\"image\":{\"@id\":\"https:\\\/\\\/lovme.pt\\\/index.php\\\/produto\\\/we-vibe-sync-o-vibrador-flexivel-controle-remoto-verde-escuro\\\/#primaryimage\"},\"thumbnailUrl\":\"https:\\\/\\\/erki24nd3ub.exactdn.com\\\/wp-content\\\/uploads\\\/dream\\\/img\\\/img_210677_b54d0f7c4e7405a43eb15f6c2793d8f9_1.png?strip=all\",\"datePublished\":\"2025-10-01T02:33:55+00:00\",\"dateModified\":\"2026-01-31T00:31:02+00:00\",\"breadcrumb\":{\"@id\":\"https:\\\/\\\/lovme.pt\\\/index.php\\\/produto\\\/we-vibe-sync-o-vibrador-flexivel-controle-remoto-verde-escuro\\\/#breadcrumb\"},\"inLanguage\":\"pt-PT\",\"potentialAction\":[{\"@type\":\"ReadAction\",\"target\":[\"https:\\\/\\\/lovme.pt\\\/index.php\\\/produto\\\/we-vibe-sync-o-vibrador-flexivel-controle-remoto-verde-escuro\\\/\"]}]},{\"@type\":\"ImageObject\",\"inLanguage\":\"pt-PT\",\"@id\":\"https:\\\/\\\/lovme.pt\\\/index.php\\\/produto\\\/we-vibe-sync-o-vibrador-flexivel-controle-remoto-verde-escuro\\\/#primaryimage\",\"url\":\"https:\\\/\\\/erki24nd3ub.exactdn.com\\\/wp-content\\\/uploads\\\/dream\\\/img\\\/img_210677_b54d0f7c4e7405a43eb15f6c2793d8f9_1.png?strip=all\",\"contentUrl\":\"https:\\\/\\\/erki24nd3ub.exactdn.com\\\/wp-content\\\/uploads\\\/dream\\\/img\\\/img_210677_b54d0f7c4e7405a43eb15f6c2793d8f9_1.png?strip=all\",\"width\":900,\"height\":900},{\"@type\":\"BreadcrumbList\",\"@id\":\"https:\\\/\\\/lovme.pt\\\/index.php\\\/produto\\\/we-vibe-sync-o-vibrador-flexivel-controle-remoto-verde-escuro\\\/#breadcrumb\",\"itemListElement\":[{\"@type\":\"ListItem\",\"position\":1,\"name\":\"In\u00edcio\",\"item\":\"https:\\\/\\\/lovme.pt\\\/\"},{\"@type\":\"ListItem\",\"position\":2,\"name\":\"Loja\",\"item\":\"https:\\\/\\\/lovme.pt\\\/index.php\\\/loja\\\/\"},{\"@type\":\"ListItem\",\"position\":3,\"name\":\"WE-VIBE &#8211; SYNC O VIBRADOR FLEXIBLE CONTROL REMOTO VERDE OSCURO\"}]},{\"@type\":\"WebSite\",\"@id\":\"https:\\\/\\\/lovme.pt\\\/#website\",\"url\":\"https:\\\/\\\/lovme.pt\\\/\",\"name\":\"Lovme Loja Er\u00f3tica N\u00ba1 em Portugal\",\"description\":\"A melhor loja er\u00f3tica de Portugal.\",\"alternateName\":\"Loja Er\u00f3tica Lovme\",\"potentialAction\":[{\"@type\":\"SearchAction\",\"target\":{\"@type\":\"EntryPoint\",\"urlTemplate\":\"https:\\\/\\\/lovme.pt\\\/?s={search_term_string}\"},\"query-input\":{\"@type\":\"PropertyValueSpecification\",\"valueRequired\":true,\"valueName\":\"search_term_string\"}}],\"inLanguage\":\"pt-PT\"}]}<\/script>\n<!-- \/ Yoast SEO plugin. -->","yoast_head_json":{"title":"WE-VIBE - SYNC O VIBRADOR FLEXIBLE CONTROL REMOTO VERDE OSCURO - Lovme","robots":{"index":"index","follow":"follow","max-snippet":"max-snippet:-1","max-image-preview":"max-image-preview:large","max-video-preview":"max-video-preview:-1"},"canonical":"https:\/\/lovme.pt\/index.php\/produto\/we-vibe-sync-o-vibrador-flexivel-controle-remoto-verde-escuro\/","og_locale":"pt_PT","og_type":"article","og_title":"WE-VIBE - SYNC O VIBRADOR FLEXIBLE CONTROL REMOTO VERDE OSCURO - Lovme","og_description":"WE-VIBE - SYNC O VIBRADOR FLEX\u00cdVEL CONTROLE REMOTO VERDE ESCURO","og_url":"https:\/\/lovme.pt\/index.php\/produto\/we-vibe-sync-o-vibrador-flexivel-controle-remoto-verde-escuro\/","og_site_name":"Lovme","article_modified_time":"2026-01-31T00:31:02+00:00","og_image":[{"width":900,"height":900,"url":"https:\/\/erki24nd3ub.exactdn.com\/wp-content\/uploads\/dream\/img\/img_210677_b54d0f7c4e7405a43eb15f6c2793d8f9_1.png?strip=all","type":"image\/png"}],"twitter_card":"summary_large_image","twitter_misc":{"Tempo estimado de leitura":"2 minutos"},"schema":{"@context":"https:\/\/schema.org","@graph":[{"@type":"WebPage","@id":"https:\/\/lovme.pt\/index.php\/produto\/we-vibe-sync-o-vibrador-flexivel-controle-remoto-verde-escuro\/","url":"https:\/\/lovme.pt\/index.php\/produto\/we-vibe-sync-o-vibrador-flexivel-controle-remoto-verde-escuro\/","name":"WE-VIBE - SYNC O VIBRADOR FLEXIBLE CONTROL REMOTO VERDE OSCURO - Lovme","isPartOf":{"@id":"https:\/\/lovme.pt\/#website"},"primaryImageOfPage":{"@id":"https:\/\/lovme.pt\/index.php\/produto\/we-vibe-sync-o-vibrador-flexivel-controle-remoto-verde-escuro\/#primaryimage"},"image":{"@id":"https:\/\/lovme.pt\/index.php\/produto\/we-vibe-sync-o-vibrador-flexivel-controle-remoto-verde-escuro\/#primaryimage"},"thumbnailUrl":"https:\/\/erki24nd3ub.exactdn.com\/wp-content\/uploads\/dream\/img\/img_210677_b54d0f7c4e7405a43eb15f6c2793d8f9_1.png?strip=all","datePublished":"2025-10-01T02:33:55+00:00","dateModified":"2026-01-31T00:31:02+00:00","breadcrumb":{"@id":"https:\/\/lovme.pt\/index.php\/produto\/we-vibe-sync-o-vibrador-flexivel-controle-remoto-verde-escuro\/#breadcrumb"},"inLanguage":"pt-PT","potentialAction":[{"@type":"ReadAction","target":["https:\/\/lovme.pt\/index.php\/produto\/we-vibe-sync-o-vibrador-flexivel-controle-remoto-verde-escuro\/"]}]},{"@type":"ImageObject","inLanguage":"pt-PT","@id":"https:\/\/lovme.pt\/index.php\/produto\/we-vibe-sync-o-vibrador-flexivel-controle-remoto-verde-escuro\/#primaryimage","url":"https:\/\/erki24nd3ub.exactdn.com\/wp-content\/uploads\/dream\/img\/img_210677_b54d0f7c4e7405a43eb15f6c2793d8f9_1.png?strip=all","contentUrl":"https:\/\/erki24nd3ub.exactdn.com\/wp-content\/uploads\/dream\/img\/img_210677_b54d0f7c4e7405a43eb15f6c2793d8f9_1.png?strip=all","width":900,"height":900},{"@type":"BreadcrumbList","@id":"https:\/\/lovme.pt\/index.php\/produto\/we-vibe-sync-o-vibrador-flexivel-controle-remoto-verde-escuro\/#breadcrumb","itemListElement":[{"@type":"ListItem","position":1,"name":"In\u00edcio","item":"https:\/\/lovme.pt\/"},{"@type":"ListItem","position":2,"name":"Loja","item":"https:\/\/lovme.pt\/index.php\/loja\/"},{"@type":"ListItem","position":3,"name":"WE-VIBE &#8211; SYNC O VIBRADOR FLEXIBLE CONTROL REMOTO VERDE OSCURO"}]},{"@type":"WebSite","@id":"https:\/\/lovme.pt\/#website","url":"https:\/\/lovme.pt\/","name":"Lovme Loja Er\u00f3tica N\u00ba1 em Portugal","description":"A melhor loja er\u00f3tica de Portugal.","alternateName":"Loja Er\u00f3tica Lovme","potentialAction":[{"@type":"SearchAction","target":{"@type":"EntryPoint","urlTemplate":"https:\/\/lovme.pt\/?s={search_term_string}"},"query-input":{"@type":"PropertyValueSpecification","valueRequired":true,"valueName":"search_term_string"}}],"inLanguage":"pt-PT"}]}},"_links":{"self":[{"href":"https:\/\/lovme.pt\/index.php\/wp-json\/wp\/v2\/product\/46658","targetHints":{"allow":["GET"]}}],"collection":[{"href":"https:\/\/lovme.pt\/index.php\/wp-json\/wp\/v2\/product"}],"about":[{"href":"https:\/\/lovme.pt\/index.php\/wp-json\/wp\/v2\/types\/product"}],"wp:featuredmedia":[{"embeddable":true,"href":"https:\/\/lovme.pt\/index.php\/wp-json\/wp\/v2\/media\/97710"}],"wp:attachment":[{"href":"https:\/\/lovme.pt\/index.php\/wp-json\/wp\/v2\/media?parent=46658"}],"wp:term":[{"taxonomy":"product_brand","embeddable":true,"href":"https:\/\/lovme.pt\/index.php\/wp-json\/wp\/v2\/product_brand?post=46658"},{"taxonomy":"product_cat","embeddable":true,"href":"https:\/\/lovme.pt\/index.php\/wp-json\/wp\/v2\/product_cat?post=46658"},{"taxonomy":"product_tag","embeddable":true,"href":"https:\/\/lovme.pt\/index.php\/wp-json\/wp\/v2\/product_tag?post=46658"}],"curies":[{"name":"wp","href":"https:\/\/api.w.org\/{rel}","templated":true}]}}