{"id":46656,"date":"2025-10-01T20:16:25","date_gmt":"2025-10-01T20:16:25","guid":{"rendered":"https:\/\/lovme.pt\/?post_type=product&#038;p=46656"},"modified":"2026-02-19T20:23:29","modified_gmt":"2026-02-19T20:23:29","slug":"womanizer-liberty-2-estimulador-de-clitoris-ondas-estimulantes-verde-claro","status":"publish","type":"product","link":"https:\/\/lovme.pt\/index.php\/produto\/womanizer-liberty-2-estimulador-de-clitoris-ondas-estimulantes-verde-claro\/","title":{"rendered":"WOMANIZER &#8211; LIBERTY 2 ESTIMULADOR  SUCCIONADOR CLITORIS VERDE CLARO"},"content":{"rendered":"<p><font style=\"vertical-align:\"><font style=\"vertical-align:\">Liberte-se com o novo <strong>Womanizer Liberty 2.<\/strong> A atualiza\u00e7\u00e3o do Liberty original. O Womanizer menor, com tampa magn\u00e9tica, facilita o transporte em viagens ou na bolsa <strong>.<\/strong><\/font><\/font><\/p>\n<p> <font style=\"vertical-align:\"><font style=\"vertical-align:\">O <strong>Womanizer Liberty 2<\/strong> \u00e9 um vibrador de press\u00e3o de ar. Ao colocar a c\u00e1psula ao redor do seu clit\u00f3ris, ele \u00e9 massageado com a tecnologia Pleasure Air patenteada da Womanizer. Isso significa que as ondas de press\u00e3o de ar massageiam o clit\u00f3ris. Voc\u00ea sente um leve v\u00e1cuo, um efeito de suc\u00e7\u00e3o e, ao mesmo tempo, pulsa\u00e7\u00f5es de press\u00e3o de ar. \u00c9 como se estivesse sugando seu clit\u00f3ris.<\/font><\/font><\/p>\n<p> O novo <strong>Liberty 2<\/strong> n\u00e3o s\u00f3 conta com novas cores incrivelmente lindas, como tamb\u00e9m com dois modos adicionais aprimorados. Assim, voc\u00ea pode encontrar a posi\u00e7\u00e3o ideal para voc\u00ea ou experimentar mais posi\u00e7\u00f5es para chegar lentamente ao orgasmo. O Womanizer <strong>Liberty 2<\/strong> \u00e9 \u00e0 prova d\u00e1gua, como todos os Womanizers, ent\u00e3o voc\u00ea pode lev\u00e1-lo para o banho ou chuveiro. Isso tamb\u00e9m torna o Womanizer Liberty 2 f\u00e1cil de limpar.<\/p>\n<p> Voc\u00ea liga o <strong>Liberty 2<\/strong> clicando no bot\u00e3o +. <strong>O Liberty 2<\/strong> possui 8 configura\u00e7\u00f5es e \u00e9 f\u00e1cil de operar com os bot\u00f5es + e . O Liberty \u00e9 compacto e leve. Voc\u00ea desliga o Womanizer <strong>Liberty 2<\/strong> pressionando o bot\u00e3o  por mais um tempo. O <strong>Liberty 2<\/strong> tamb\u00e9m possui uma trava de viagem. Ele pode ser ligado pressionando os bot\u00f5es + e  simultaneamente por dois ou tr\u00eas segundos. Isso significa que <strong>o Liberty 2<\/strong> n\u00e3o pode ser ligado simplesmente tocando no bot\u00e3o +. Use os mesmos bot\u00f5es para remover o Womanizer <strong>Liberty 2<\/strong> da trava de viagem.<\/p>\n<\/p>\n<p> <strong><u>CARACTER\u00cdSTICAS<\/u> :<\/strong><\/p>\n<ul>\n<li> <strong>Dimens\u00f5es<\/strong> : 100 x 52 x 102 x 46 mm.<\/li>\n<li> <strong>Peso<\/strong> : 90g<\/li>\n<li> Com tampa de fecho magn\u00e9tico.<\/li>\n<li> <strong>Material<\/strong> : ABS, PU, silicone, livre de ftalatos, de acordo com a diretiva da UE.<\/li>\n<li> Recarreg\u00e1vel com cabo USB fornecido.<\/li>\n<li> Ilumina\u00e7\u00e3o LED para indica\u00e7\u00e3o do n\u00edvel da bateria<\/li>\n<li> <strong>Carregamento<\/strong> : 60 minutos<\/li>\n<li> <strong>Uso ap\u00f3s carregamento<\/strong> : 120 minutos<\/li>\n<li> <strong>Cores<\/strong> : Verde claro, violeta, rosa e azul esverdeado.<\/li>\n<li> <strong>Conte\u00fado<\/strong> : Womanizer, cabo de carregamento, manual.<\/li>\n<\/ul>\n","protected":false},"excerpt":{"rendered":"<p>WOMANIZER &#8211; LIBERTY 2 ESTIMULADOR DE CLIT\u00d3RIS E SUC\u00c7\u00c3O VERDE CLARO<\/p>\n","protected":false},"featured_media":103388,"template":"","meta":{"_acf_changed":false},"product_brand":[],"product_cat":[17,61,64],"product_tag":[],"class_list":{"0":"post-46656","1":"product","2":"type-product","3":"status-publish","4":"has-post-thumbnail","6":"product_cat-brinquedos-de-bem-estar-sexual","7":"product_cat-para-elas","8":"product_cat-sugadores","9":"yith_product_brand-womanizer","11":"first","12":"instock","13":"taxable","14":"shipping-taxable","15":"purchasable","16":"product-type-variable","17":"has-default-attributes"},"acf":[],"yoast_head":"<!-- This site is optimized with the Yoast SEO plugin v27.4 - https:\/\/yoast.com\/product\/yoast-seo-wordpress\/ -->\n<title>WOMANIZER - LIBERTY 2 ESTIMULADOR SUCCIONADOR CLITORIS VERDE CLARO - Lovme<\/title>\n<meta name=\"robots\" content=\"index, follow, max-snippet:-1, max-image-preview:large, max-video-preview:-1\" \/>\n<link rel=\"canonical\" href=\"https:\/\/lovme.pt\/index.php\/produto\/womanizer-liberty-2-estimulador-de-clitoris-ondas-estimulantes-verde-claro\/\" \/>\n<meta property=\"og:locale\" content=\"pt_PT\" \/>\n<meta property=\"og:type\" content=\"article\" \/>\n<meta property=\"og:title\" content=\"WOMANIZER - LIBERTY 2 ESTIMULADOR SUCCIONADOR CLITORIS VERDE CLARO - Lovme\" \/>\n<meta property=\"og:description\" content=\"WOMANIZER - LIBERTY 2 ESTIMULADOR DE CLIT\u00d3RIS E SUC\u00c7\u00c3O VERDE CLARO\" \/>\n<meta property=\"og:url\" content=\"https:\/\/lovme.pt\/index.php\/produto\/womanizer-liberty-2-estimulador-de-clitoris-ondas-estimulantes-verde-claro\/\" \/>\n<meta property=\"og:site_name\" content=\"Lovme\" \/>\n<meta property=\"article:modified_time\" content=\"2026-02-19T20:23:29+00:00\" \/>\n<meta property=\"og:image\" content=\"https:\/\/erki24nd3ub.exactdn.com\/wp-content\/uploads\/dream\/img\/img_184342_44d620d28f1cf691302b14f27df6db19_1.png?strip=all\" \/>\n\t<meta property=\"og:image:width\" content=\"800\" \/>\n\t<meta property=\"og:image:height\" content=\"800\" \/>\n\t<meta property=\"og:image:type\" content=\"image\/png\" \/>\n<meta name=\"twitter:card\" content=\"summary_large_image\" \/>\n<meta name=\"twitter:label1\" content=\"Tempo estimado de leitura\" \/>\n\t<meta name=\"twitter:data1\" content=\"2 minutos\" \/>\n<script type=\"application\/ld+json\" class=\"yoast-schema-graph\">{\"@context\":\"https:\\\/\\\/schema.org\",\"@graph\":[{\"@type\":\"WebPage\",\"@id\":\"https:\\\/\\\/lovme.pt\\\/index.php\\\/produto\\\/womanizer-liberty-2-estimulador-de-clitoris-ondas-estimulantes-verde-claro\\\/\",\"url\":\"https:\\\/\\\/lovme.pt\\\/index.php\\\/produto\\\/womanizer-liberty-2-estimulador-de-clitoris-ondas-estimulantes-verde-claro\\\/\",\"name\":\"WOMANIZER - LIBERTY 2 ESTIMULADOR SUCCIONADOR CLITORIS VERDE CLARO - Lovme\",\"isPartOf\":{\"@id\":\"https:\\\/\\\/lovme.pt\\\/#website\"},\"primaryImageOfPage\":{\"@id\":\"https:\\\/\\\/lovme.pt\\\/index.php\\\/produto\\\/womanizer-liberty-2-estimulador-de-clitoris-ondas-estimulantes-verde-claro\\\/#primaryimage\"},\"image\":{\"@id\":\"https:\\\/\\\/lovme.pt\\\/index.php\\\/produto\\\/womanizer-liberty-2-estimulador-de-clitoris-ondas-estimulantes-verde-claro\\\/#primaryimage\"},\"thumbnailUrl\":\"https:\\\/\\\/erki24nd3ub.exactdn.com\\\/wp-content\\\/uploads\\\/dream\\\/img\\\/img_184342_44d620d28f1cf691302b14f27df6db19_1.png?strip=all\",\"datePublished\":\"2025-10-01T20:16:25+00:00\",\"dateModified\":\"2026-02-19T20:23:29+00:00\",\"breadcrumb\":{\"@id\":\"https:\\\/\\\/lovme.pt\\\/index.php\\\/produto\\\/womanizer-liberty-2-estimulador-de-clitoris-ondas-estimulantes-verde-claro\\\/#breadcrumb\"},\"inLanguage\":\"pt-PT\",\"potentialAction\":[{\"@type\":\"ReadAction\",\"target\":[\"https:\\\/\\\/lovme.pt\\\/index.php\\\/produto\\\/womanizer-liberty-2-estimulador-de-clitoris-ondas-estimulantes-verde-claro\\\/\"]}]},{\"@type\":\"ImageObject\",\"inLanguage\":\"pt-PT\",\"@id\":\"https:\\\/\\\/lovme.pt\\\/index.php\\\/produto\\\/womanizer-liberty-2-estimulador-de-clitoris-ondas-estimulantes-verde-claro\\\/#primaryimage\",\"url\":\"https:\\\/\\\/erki24nd3ub.exactdn.com\\\/wp-content\\\/uploads\\\/dream\\\/img\\\/img_184342_44d620d28f1cf691302b14f27df6db19_1.png?strip=all\",\"contentUrl\":\"https:\\\/\\\/erki24nd3ub.exactdn.com\\\/wp-content\\\/uploads\\\/dream\\\/img\\\/img_184342_44d620d28f1cf691302b14f27df6db19_1.png?strip=all\",\"width\":800,\"height\":800},{\"@type\":\"BreadcrumbList\",\"@id\":\"https:\\\/\\\/lovme.pt\\\/index.php\\\/produto\\\/womanizer-liberty-2-estimulador-de-clitoris-ondas-estimulantes-verde-claro\\\/#breadcrumb\",\"itemListElement\":[{\"@type\":\"ListItem\",\"position\":1,\"name\":\"In\u00edcio\",\"item\":\"https:\\\/\\\/lovme.pt\\\/\"},{\"@type\":\"ListItem\",\"position\":2,\"name\":\"Loja\",\"item\":\"https:\\\/\\\/lovme.pt\\\/index.php\\\/loja\\\/\"},{\"@type\":\"ListItem\",\"position\":3,\"name\":\"WOMANIZER &#8211; LIBERTY 2 ESTIMULADOR SUCCIONADOR CLITORIS VERDE CLARO\"}]},{\"@type\":\"WebSite\",\"@id\":\"https:\\\/\\\/lovme.pt\\\/#website\",\"url\":\"https:\\\/\\\/lovme.pt\\\/\",\"name\":\"Lovme Loja Er\u00f3tica N\u00ba1 em Portugal\",\"description\":\"A melhor loja er\u00f3tica de Portugal.\",\"alternateName\":\"Loja Er\u00f3tica Lovme\",\"potentialAction\":[{\"@type\":\"SearchAction\",\"target\":{\"@type\":\"EntryPoint\",\"urlTemplate\":\"https:\\\/\\\/lovme.pt\\\/?s={search_term_string}\"},\"query-input\":{\"@type\":\"PropertyValueSpecification\",\"valueRequired\":true,\"valueName\":\"search_term_string\"}}],\"inLanguage\":\"pt-PT\"}]}<\/script>\n<!-- \/ Yoast SEO plugin. -->","yoast_head_json":{"title":"WOMANIZER - LIBERTY 2 ESTIMULADOR SUCCIONADOR CLITORIS VERDE CLARO - Lovme","robots":{"index":"index","follow":"follow","max-snippet":"max-snippet:-1","max-image-preview":"max-image-preview:large","max-video-preview":"max-video-preview:-1"},"canonical":"https:\/\/lovme.pt\/index.php\/produto\/womanizer-liberty-2-estimulador-de-clitoris-ondas-estimulantes-verde-claro\/","og_locale":"pt_PT","og_type":"article","og_title":"WOMANIZER - LIBERTY 2 ESTIMULADOR SUCCIONADOR CLITORIS VERDE CLARO - Lovme","og_description":"WOMANIZER - LIBERTY 2 ESTIMULADOR DE CLIT\u00d3RIS E SUC\u00c7\u00c3O VERDE CLARO","og_url":"https:\/\/lovme.pt\/index.php\/produto\/womanizer-liberty-2-estimulador-de-clitoris-ondas-estimulantes-verde-claro\/","og_site_name":"Lovme","article_modified_time":"2026-02-19T20:23:29+00:00","og_image":[{"width":800,"height":800,"url":"https:\/\/erki24nd3ub.exactdn.com\/wp-content\/uploads\/dream\/img\/img_184342_44d620d28f1cf691302b14f27df6db19_1.png?strip=all","type":"image\/png"}],"twitter_card":"summary_large_image","twitter_misc":{"Tempo estimado de leitura":"2 minutos"},"schema":{"@context":"https:\/\/schema.org","@graph":[{"@type":"WebPage","@id":"https:\/\/lovme.pt\/index.php\/produto\/womanizer-liberty-2-estimulador-de-clitoris-ondas-estimulantes-verde-claro\/","url":"https:\/\/lovme.pt\/index.php\/produto\/womanizer-liberty-2-estimulador-de-clitoris-ondas-estimulantes-verde-claro\/","name":"WOMANIZER - LIBERTY 2 ESTIMULADOR SUCCIONADOR CLITORIS VERDE CLARO - Lovme","isPartOf":{"@id":"https:\/\/lovme.pt\/#website"},"primaryImageOfPage":{"@id":"https:\/\/lovme.pt\/index.php\/produto\/womanizer-liberty-2-estimulador-de-clitoris-ondas-estimulantes-verde-claro\/#primaryimage"},"image":{"@id":"https:\/\/lovme.pt\/index.php\/produto\/womanizer-liberty-2-estimulador-de-clitoris-ondas-estimulantes-verde-claro\/#primaryimage"},"thumbnailUrl":"https:\/\/erki24nd3ub.exactdn.com\/wp-content\/uploads\/dream\/img\/img_184342_44d620d28f1cf691302b14f27df6db19_1.png?strip=all","datePublished":"2025-10-01T20:16:25+00:00","dateModified":"2026-02-19T20:23:29+00:00","breadcrumb":{"@id":"https:\/\/lovme.pt\/index.php\/produto\/womanizer-liberty-2-estimulador-de-clitoris-ondas-estimulantes-verde-claro\/#breadcrumb"},"inLanguage":"pt-PT","potentialAction":[{"@type":"ReadAction","target":["https:\/\/lovme.pt\/index.php\/produto\/womanizer-liberty-2-estimulador-de-clitoris-ondas-estimulantes-verde-claro\/"]}]},{"@type":"ImageObject","inLanguage":"pt-PT","@id":"https:\/\/lovme.pt\/index.php\/produto\/womanizer-liberty-2-estimulador-de-clitoris-ondas-estimulantes-verde-claro\/#primaryimage","url":"https:\/\/erki24nd3ub.exactdn.com\/wp-content\/uploads\/dream\/img\/img_184342_44d620d28f1cf691302b14f27df6db19_1.png?strip=all","contentUrl":"https:\/\/erki24nd3ub.exactdn.com\/wp-content\/uploads\/dream\/img\/img_184342_44d620d28f1cf691302b14f27df6db19_1.png?strip=all","width":800,"height":800},{"@type":"BreadcrumbList","@id":"https:\/\/lovme.pt\/index.php\/produto\/womanizer-liberty-2-estimulador-de-clitoris-ondas-estimulantes-verde-claro\/#breadcrumb","itemListElement":[{"@type":"ListItem","position":1,"name":"In\u00edcio","item":"https:\/\/lovme.pt\/"},{"@type":"ListItem","position":2,"name":"Loja","item":"https:\/\/lovme.pt\/index.php\/loja\/"},{"@type":"ListItem","position":3,"name":"WOMANIZER &#8211; LIBERTY 2 ESTIMULADOR SUCCIONADOR CLITORIS VERDE CLARO"}]},{"@type":"WebSite","@id":"https:\/\/lovme.pt\/#website","url":"https:\/\/lovme.pt\/","name":"Lovme Loja Er\u00f3tica N\u00ba1 em Portugal","description":"A melhor loja er\u00f3tica de Portugal.","alternateName":"Loja Er\u00f3tica Lovme","potentialAction":[{"@type":"SearchAction","target":{"@type":"EntryPoint","urlTemplate":"https:\/\/lovme.pt\/?s={search_term_string}"},"query-input":{"@type":"PropertyValueSpecification","valueRequired":true,"valueName":"search_term_string"}}],"inLanguage":"pt-PT"}]}},"_links":{"self":[{"href":"https:\/\/lovme.pt\/index.php\/wp-json\/wp\/v2\/product\/46656","targetHints":{"allow":["GET"]}}],"collection":[{"href":"https:\/\/lovme.pt\/index.php\/wp-json\/wp\/v2\/product"}],"about":[{"href":"https:\/\/lovme.pt\/index.php\/wp-json\/wp\/v2\/types\/product"}],"wp:featuredmedia":[{"embeddable":true,"href":"https:\/\/lovme.pt\/index.php\/wp-json\/wp\/v2\/media\/103388"}],"wp:attachment":[{"href":"https:\/\/lovme.pt\/index.php\/wp-json\/wp\/v2\/media?parent=46656"}],"wp:term":[{"taxonomy":"product_brand","embeddable":true,"href":"https:\/\/lovme.pt\/index.php\/wp-json\/wp\/v2\/product_brand?post=46656"},{"taxonomy":"product_cat","embeddable":true,"href":"https:\/\/lovme.pt\/index.php\/wp-json\/wp\/v2\/product_cat?post=46656"},{"taxonomy":"product_tag","embeddable":true,"href":"https:\/\/lovme.pt\/index.php\/wp-json\/wp\/v2\/product_tag?post=46656"}],"curies":[{"name":"wp","href":"https:\/\/api.w.org\/{rel}","templated":true}]}}