{"id":46653,"date":"2025-10-01T02:57:35","date_gmt":"2025-10-01T02:57:35","guid":{"rendered":"https:\/\/lovme.pt\/?post_type=product&p=46653"},"modified":"2026-02-19T20:22:03","modified_gmt":"2026-02-19T20:22:03","slug":"fleshlight-masturbador-quickshot-turbo-azul-gelo","status":"publish","type":"product","link":"https:\/\/lovme.pt\/index.php\/produto\/fleshlight-masturbador-quickshot-turbo-azul-gelo\/","title":{"rendered":"FLESHLIGHT &#8211; MASTURBADOR QUICKSHOT TURBO AZUL GELO"},"content":{"rendered":"<p>Acelere sua vida sexual! Apresentando <strong>o Quickshot Turbo<\/strong> , uma vers\u00e3o totalmente nova do nosso <strong>Fleshlight<\/strong> compacto mais vendido.<\/p>\n<p>Projetado com Turbo Tech, este masturbador masculino de bolso foi projetado para proporcionar uma sensa\u00e7\u00e3o confort\u00e1vel de suc\u00e7\u00e3o e ader\u00eancia como voc\u00ea nunca sentiu antes. \u00c0 medida que voc\u00ea desliza para dentro, nosso sistema patenteado de anel de entrada suspenso trava confortavelmente em seu membro r\u00edgido e implora que voc\u00ea se aventure mais fundo.<\/p>\n<p>O <strong>Quickshot Turbo<\/strong> combina dois de nossos produtos mais populares em um acariciador discreto e aberto, projetado para transformar a masturba\u00e7\u00e3o comum em uma sess\u00e3o turbinada e intensamente prazerosa.<\/p>\n<ul>\n<li>Comprimento total: 4,4 <\/li>\n<li>Comprimento inser\u00edvel: 3,5<\/li>\n<\/ul>\n<p>AVISO LEGAL: Embora a maioria de nossos clientes do sexo masculino possa desfrutar da linha de produtos Quickshot, existem alguns indiv\u00edduos cuja dota\u00e7\u00e3o pode impedi-los de faz\u00ea-lo confortavelmente. Um cliente cujo p\u00eanis em qualquer \u00e1rea tenha mais de aproximadamente 5,5\u0094 ou 14cm poder\u00e1 achar o Quickshot muito apertado ou restritivo. Os clientes devem usar seu bom senso para determinar se este brinquedo Fleshlight seria do tamanho certo para eles; Caso contr\u00e1rio, h\u00e1 uma grande variedade de brinquedos Fleshlight em tamanho real para voc\u00ea escolher! Observe que brinquedos abertos\/usados N\u00c3O PODEM ser devolvidos para reembolso. Homens com p\u00eanis de maior circunfer\u00eancia Voc\u00ea ainda pode usar o estojo Quickshot sem o estojo, mas isso fica a crit\u00e9rio de cada usu\u00e1rio.<\/p>\n<p>\u00a0<\/p>\n<ul>\n<li><u><strong>Perfeito para jogar em casal ou sozinho<\/strong><\/u><\/li>\n<\/ul>\n<p>O Quickshot Turbo \u00e9 um excelente masturbador aut\u00f4nomo: seu tamanho e ader\u00eancia firme o tornam ideal para uma rodada r\u00e1pida de jogo solo. Tamb\u00e9m \u00e9 excelente em brincadeiras de casais como intensificador de boquete. devido ao seu ponto de sa\u00edda desobstru\u00eddo e ao seu efeito de suc\u00e7\u00e3o caracter\u00edstico.<\/p>\n<ul>\n<li><u><strong>Limpeza r\u00e1pida<\/strong><\/u><\/li>\n<\/ul>\n<p>Devido ao seu tamanho compacto e design de tampa dupla, limpar o Quickshot Turbo \u00e9 muito f\u00e1cil! Quando terminar, basta remover as tampas, retirar a capa do estojo e enxaguar abundantemente.<\/p>\n<ul>\n<li><u><strong>O melhor companheiro de viagem<\/strong><\/u><\/li>\n<\/ul>\n<p>Quando se trata de portabilidade, pode n\u00e3o haver brinquedo sexual melhor no mercado do que o Quickshot Turbo. O seu design compacto e discreto, aliado \u00e0 sua incr\u00edvel versatilidade e ao pre\u00e7o perfeito, fazem dele um masturbador essencial para todos os homens.<\/p>\n","protected":false},"excerpt":{"rendered":"<p>FLESHLIGHT &#8211; MASTURBADOR QUICKSHOT TURBO AZUL GELO<\/p>\n","protected":false},"featured_media":100419,"template":"","meta":{"_acf_changed":false},"product_brand":[],"product_cat":[17,58,60],"product_tag":[],"class_list":{"0":"post-46653","1":"product","2":"type-product","3":"status-publish","4":"has-post-thumbnail","6":"product_cat-brinquedos-de-bem-estar-sexual","7":"product_cat-masturbadores-para-penis","8":"product_cat-para-eles","9":"yith_product_brand-fleshlight","11":"first","12":"instock","13":"taxable","14":"shipping-taxable","15":"purchasable","16":"product-type-simple"},"acf":[],"yoast_head":"<!-- This site is optimized with the Yoast SEO plugin v27.4 - https:\/\/yoast.com\/product\/yoast-seo-wordpress\/ -->\n<title>FLESHLIGHT - MASTURBADOR QUICKSHOT TURBO AZUL GELO - Lovme<\/title>\n<meta name=\"robots\" content=\"index, follow, max-snippet:-1, max-image-preview:large, max-video-preview:-1\" \/>\n<link rel=\"canonical\" href=\"https:\/\/lovme.pt\/index.php\/produto\/fleshlight-masturbador-quickshot-turbo-azul-gelo\/\" \/>\n<meta property=\"og:locale\" content=\"pt_PT\" \/>\n<meta property=\"og:type\" content=\"article\" \/>\n<meta property=\"og:title\" content=\"FLESHLIGHT - MASTURBADOR QUICKSHOT TURBO AZUL GELO - Lovme\" \/>\n<meta property=\"og:description\" content=\"FLESHLIGHT - MASTURBADOR QUICKSHOT TURBO AZUL GELO\" \/>\n<meta property=\"og:url\" content=\"https:\/\/lovme.pt\/index.php\/produto\/fleshlight-masturbador-quickshot-turbo-azul-gelo\/\" \/>\n<meta property=\"og:site_name\" content=\"Lovme\" \/>\n<meta property=\"article:modified_time\" content=\"2026-02-19T20:22:03+00:00\" \/>\n<meta property=\"og:image\" content=\"https:\/\/erki24nd3ub.exactdn.com\/wp-content\/uploads\/dream\/img\/img_164190_a544ddc4b930166f5a7f89f817729483_1.jpg?strip=all\" \/>\n\t<meta property=\"og:image:width\" content=\"800\" \/>\n\t<meta property=\"og:image:height\" content=\"800\" \/>\n\t<meta property=\"og:image:type\" content=\"image\/jpeg\" \/>\n<meta name=\"twitter:card\" content=\"summary_large_image\" \/>\n<meta name=\"twitter:label1\" content=\"Tempo estimado de leitura\" \/>\n\t<meta name=\"twitter:data1\" content=\"2 minutos\" \/>\n<script type=\"application\/ld+json\" class=\"yoast-schema-graph\">{\"@context\":\"https:\\\/\\\/schema.org\",\"@graph\":[{\"@type\":\"WebPage\",\"@id\":\"https:\\\/\\\/lovme.pt\\\/index.php\\\/produto\\\/fleshlight-masturbador-quickshot-turbo-azul-gelo\\\/\",\"url\":\"https:\\\/\\\/lovme.pt\\\/index.php\\\/produto\\\/fleshlight-masturbador-quickshot-turbo-azul-gelo\\\/\",\"name\":\"FLESHLIGHT - MASTURBADOR QUICKSHOT TURBO AZUL GELO - Lovme\",\"isPartOf\":{\"@id\":\"https:\\\/\\\/lovme.pt\\\/#website\"},\"primaryImageOfPage\":{\"@id\":\"https:\\\/\\\/lovme.pt\\\/index.php\\\/produto\\\/fleshlight-masturbador-quickshot-turbo-azul-gelo\\\/#primaryimage\"},\"image\":{\"@id\":\"https:\\\/\\\/lovme.pt\\\/index.php\\\/produto\\\/fleshlight-masturbador-quickshot-turbo-azul-gelo\\\/#primaryimage\"},\"thumbnailUrl\":\"https:\\\/\\\/erki24nd3ub.exactdn.com\\\/wp-content\\\/uploads\\\/dream\\\/img\\\/img_164190_a544ddc4b930166f5a7f89f817729483_1.jpg?strip=all\",\"datePublished\":\"2025-10-01T02:57:35+00:00\",\"dateModified\":\"2026-02-19T20:22:03+00:00\",\"breadcrumb\":{\"@id\":\"https:\\\/\\\/lovme.pt\\\/index.php\\\/produto\\\/fleshlight-masturbador-quickshot-turbo-azul-gelo\\\/#breadcrumb\"},\"inLanguage\":\"pt-PT\",\"potentialAction\":[{\"@type\":\"ReadAction\",\"target\":[\"https:\\\/\\\/lovme.pt\\\/index.php\\\/produto\\\/fleshlight-masturbador-quickshot-turbo-azul-gelo\\\/\"]}]},{\"@type\":\"ImageObject\",\"inLanguage\":\"pt-PT\",\"@id\":\"https:\\\/\\\/lovme.pt\\\/index.php\\\/produto\\\/fleshlight-masturbador-quickshot-turbo-azul-gelo\\\/#primaryimage\",\"url\":\"https:\\\/\\\/erki24nd3ub.exactdn.com\\\/wp-content\\\/uploads\\\/dream\\\/img\\\/img_164190_a544ddc4b930166f5a7f89f817729483_1.jpg?strip=all\",\"contentUrl\":\"https:\\\/\\\/erki24nd3ub.exactdn.com\\\/wp-content\\\/uploads\\\/dream\\\/img\\\/img_164190_a544ddc4b930166f5a7f89f817729483_1.jpg?strip=all\",\"width\":800,\"height\":800},{\"@type\":\"BreadcrumbList\",\"@id\":\"https:\\\/\\\/lovme.pt\\\/index.php\\\/produto\\\/fleshlight-masturbador-quickshot-turbo-azul-gelo\\\/#breadcrumb\",\"itemListElement\":[{\"@type\":\"ListItem\",\"position\":1,\"name\":\"In\u00edcio\",\"item\":\"https:\\\/\\\/lovme.pt\\\/\"},{\"@type\":\"ListItem\",\"position\":2,\"name\":\"Loja\",\"item\":\"https:\\\/\\\/lovme.pt\\\/index.php\\\/loja\\\/\"},{\"@type\":\"ListItem\",\"position\":3,\"name\":\"FLESHLIGHT &#8211; MASTURBADOR QUICKSHOT TURBO AZUL GELO\"}]},{\"@type\":\"WebSite\",\"@id\":\"https:\\\/\\\/lovme.pt\\\/#website\",\"url\":\"https:\\\/\\\/lovme.pt\\\/\",\"name\":\"Lovme Loja Er\u00f3tica N\u00ba1 em Portugal\",\"description\":\"A melhor loja er\u00f3tica de Portugal.\",\"alternateName\":\"Loja Er\u00f3tica Lovme\",\"potentialAction\":[{\"@type\":\"SearchAction\",\"target\":{\"@type\":\"EntryPoint\",\"urlTemplate\":\"https:\\\/\\\/lovme.pt\\\/?s={search_term_string}\"},\"query-input\":{\"@type\":\"PropertyValueSpecification\",\"valueRequired\":true,\"valueName\":\"search_term_string\"}}],\"inLanguage\":\"pt-PT\"}]}<\/script>\n<!-- \/ Yoast SEO plugin. -->","yoast_head_json":{"title":"FLESHLIGHT - MASTURBADOR QUICKSHOT TURBO AZUL GELO - Lovme","robots":{"index":"index","follow":"follow","max-snippet":"max-snippet:-1","max-image-preview":"max-image-preview:large","max-video-preview":"max-video-preview:-1"},"canonical":"https:\/\/lovme.pt\/index.php\/produto\/fleshlight-masturbador-quickshot-turbo-azul-gelo\/","og_locale":"pt_PT","og_type":"article","og_title":"FLESHLIGHT - MASTURBADOR QUICKSHOT TURBO AZUL GELO - Lovme","og_description":"FLESHLIGHT - MASTURBADOR QUICKSHOT TURBO AZUL GELO","og_url":"https:\/\/lovme.pt\/index.php\/produto\/fleshlight-masturbador-quickshot-turbo-azul-gelo\/","og_site_name":"Lovme","article_modified_time":"2026-02-19T20:22:03+00:00","og_image":[{"width":800,"height":800,"url":"https:\/\/erki24nd3ub.exactdn.com\/wp-content\/uploads\/dream\/img\/img_164190_a544ddc4b930166f5a7f89f817729483_1.jpg?strip=all","type":"image\/jpeg"}],"twitter_card":"summary_large_image","twitter_misc":{"Tempo estimado de leitura":"2 minutos"},"schema":{"@context":"https:\/\/schema.org","@graph":[{"@type":"WebPage","@id":"https:\/\/lovme.pt\/index.php\/produto\/fleshlight-masturbador-quickshot-turbo-azul-gelo\/","url":"https:\/\/lovme.pt\/index.php\/produto\/fleshlight-masturbador-quickshot-turbo-azul-gelo\/","name":"FLESHLIGHT - MASTURBADOR QUICKSHOT TURBO AZUL GELO - Lovme","isPartOf":{"@id":"https:\/\/lovme.pt\/#website"},"primaryImageOfPage":{"@id":"https:\/\/lovme.pt\/index.php\/produto\/fleshlight-masturbador-quickshot-turbo-azul-gelo\/#primaryimage"},"image":{"@id":"https:\/\/lovme.pt\/index.php\/produto\/fleshlight-masturbador-quickshot-turbo-azul-gelo\/#primaryimage"},"thumbnailUrl":"https:\/\/erki24nd3ub.exactdn.com\/wp-content\/uploads\/dream\/img\/img_164190_a544ddc4b930166f5a7f89f817729483_1.jpg?strip=all","datePublished":"2025-10-01T02:57:35+00:00","dateModified":"2026-02-19T20:22:03+00:00","breadcrumb":{"@id":"https:\/\/lovme.pt\/index.php\/produto\/fleshlight-masturbador-quickshot-turbo-azul-gelo\/#breadcrumb"},"inLanguage":"pt-PT","potentialAction":[{"@type":"ReadAction","target":["https:\/\/lovme.pt\/index.php\/produto\/fleshlight-masturbador-quickshot-turbo-azul-gelo\/"]}]},{"@type":"ImageObject","inLanguage":"pt-PT","@id":"https:\/\/lovme.pt\/index.php\/produto\/fleshlight-masturbador-quickshot-turbo-azul-gelo\/#primaryimage","url":"https:\/\/erki24nd3ub.exactdn.com\/wp-content\/uploads\/dream\/img\/img_164190_a544ddc4b930166f5a7f89f817729483_1.jpg?strip=all","contentUrl":"https:\/\/erki24nd3ub.exactdn.com\/wp-content\/uploads\/dream\/img\/img_164190_a544ddc4b930166f5a7f89f817729483_1.jpg?strip=all","width":800,"height":800},{"@type":"BreadcrumbList","@id":"https:\/\/lovme.pt\/index.php\/produto\/fleshlight-masturbador-quickshot-turbo-azul-gelo\/#breadcrumb","itemListElement":[{"@type":"ListItem","position":1,"name":"In\u00edcio","item":"https:\/\/lovme.pt\/"},{"@type":"ListItem","position":2,"name":"Loja","item":"https:\/\/lovme.pt\/index.php\/loja\/"},{"@type":"ListItem","position":3,"name":"FLESHLIGHT &#8211; MASTURBADOR QUICKSHOT TURBO AZUL GELO"}]},{"@type":"WebSite","@id":"https:\/\/lovme.pt\/#website","url":"https:\/\/lovme.pt\/","name":"Lovme Loja Er\u00f3tica N\u00ba1 em Portugal","description":"A melhor loja er\u00f3tica de Portugal.","alternateName":"Loja Er\u00f3tica Lovme","potentialAction":[{"@type":"SearchAction","target":{"@type":"EntryPoint","urlTemplate":"https:\/\/lovme.pt\/?s={search_term_string}"},"query-input":{"@type":"PropertyValueSpecification","valueRequired":true,"valueName":"search_term_string"}}],"inLanguage":"pt-PT"}]}},"_links":{"self":[{"href":"https:\/\/lovme.pt\/index.php\/wp-json\/wp\/v2\/product\/46653","targetHints":{"allow":["GET"]}}],"collection":[{"href":"https:\/\/lovme.pt\/index.php\/wp-json\/wp\/v2\/product"}],"about":[{"href":"https:\/\/lovme.pt\/index.php\/wp-json\/wp\/v2\/types\/product"}],"wp:featuredmedia":[{"embeddable":true,"href":"https:\/\/lovme.pt\/index.php\/wp-json\/wp\/v2\/media\/100419"}],"wp:attachment":[{"href":"https:\/\/lovme.pt\/index.php\/wp-json\/wp\/v2\/media?parent=46653"}],"wp:term":[{"taxonomy":"product_brand","embeddable":true,"href":"https:\/\/lovme.pt\/index.php\/wp-json\/wp\/v2\/product_brand?post=46653"},{"taxonomy":"product_cat","embeddable":true,"href":"https:\/\/lovme.pt\/index.php\/wp-json\/wp\/v2\/product_cat?post=46653"},{"taxonomy":"product_tag","embeddable":true,"href":"https:\/\/lovme.pt\/index.php\/wp-json\/wp\/v2\/product_tag?post=46653"}],"curies":[{"name":"wp","href":"https:\/\/api.w.org\/{rel}","templated":true}]}}