{"id":46650,"date":"2025-09-30T22:19:59","date_gmt":"2025-09-30T22:19:59","guid":{"rendered":"https:\/\/lovme.pt\/?post_type=product&p=46650"},"modified":"2026-02-19T20:09:56","modified_gmt":"2026-02-19T20:09:56","slug":"extase-sensual-bolso-retardante-masculino-10-ml","status":"publish","type":"product","link":"https:\/\/lovme.pt\/index.php\/produto\/extase-sensual-bolso-retardante-masculino-10-ml\/","title":{"rendered":"EXTASE SENSUAL &#8211; BOLSO RETARDANTE MASCULINO 10 ML"},"content":{"rendered":"<p>A sele\u00e7\u00e3o mais ampla e exclusiva do mercado de doses \u00fanicas de bolso. Para relacionamentos ocasionais, para iniciantes na massagem sensual e para aqueles que a consideram essencial em seus<br \/>escapadelas&#8230; Ideal para explorar e experimentar com facilidade as melhores especialidades.<\/p>\n<p>As doses \u00fanicas  <strong>Pocket<\/strong>  de 10 ml, o retardador masculino concebido para aumentar o prazer e prolongar a intensidade dos encontros \u00edntimos, s\u00e3o a chave para uma experi\u00eancia sexual mais longa e satisfat\u00f3ria. Este produto inovador foi cuidadosamente formulado para quem deseja prolongar o prazer partilhado com o seu parceiro, mantendo total controlo sobre o seu desempenho.<\/p>\n<p>Cada c\u00e1psula  <strong>Pocket<\/strong>  cont\u00e9m uma f\u00f3rmula \u00fanica que combina ingredientes de alta qualidade conhecidos por suas propriedades retardantes. Este gel avan\u00e7ado oferece uma sensa\u00e7\u00e3o de frescura e controlo, permitindo ao homem prolongar a excita\u00e7\u00e3o e retardar o cl\u00edmax, desfrutando assim de encontros \u00edntimos mais longos e completos.<\/p>\n<p>A comodidade destas c\u00e1psulas de 10 ml acrescenta um elemento pr\u00e1tico ao prazer. O seu tamanho compacto e discreto torna-os no companheiro perfeito para qualquer ocasi\u00e3o, permitindo aos utilizadores transportar o segredo para uma experi\u00eancia mais duradoura, prontos a usar sempre que a paix\u00e3o surgir.<\/p>\n<p>A aplica\u00e7\u00e3o \u00e9 simples e direta, proporcionando uma sensa\u00e7\u00e3o refrescante que se traduz em maior controle e satisfa\u00e7\u00e3o tanto para o homem quanto para sua parceira. Pocket representa a solu\u00e7\u00e3o ideal para quem deseja explorar novas dimens\u00f5es de intimidade, oferecendo a promessa de encontros mais longos, intensos e gratificantes.<\/p>\n<p>Descubra a magia do  <strong>Pocket<\/strong> , o retardante masculino em dose \u00fanica de 10 ml, e experimente o poder de controlar o tempo para alcan\u00e7ar novos patamares de prazer compartilhado na intimidade do seu relacionamento.<\/p>\n","protected":false},"excerpt":{"rendered":"<p>EXTASE SENSUAL &#8211; BOLSO RETARDANTE MASCULINO 10 ML<\/p>\n","protected":false},"featured_media":76895,"template":"","meta":{"_acf_changed":false},"product_brand":[],"product_cat":[49,52],"product_tag":[],"class_list":{"0":"post-46650","1":"product","2":"type-product","3":"status-publish","4":"has-post-thumbnail","6":"product_cat-cosmeticos","7":"product_cat-estimulantes","8":"yith_product_brand-extase-sensual","10":"first","11":"instock","12":"taxable","13":"shipping-taxable","14":"purchasable","15":"product-type-simple"},"acf":[],"yoast_head":"<!-- This site is optimized with the Yoast SEO plugin v27.4 - https:\/\/yoast.com\/product\/yoast-seo-wordpress\/ -->\n<title>EXTASE SENSUAL - BOLSO RETARDANTE MASCULINO 10 ML - Lovme<\/title>\n<meta name=\"robots\" content=\"index, follow, max-snippet:-1, max-image-preview:large, max-video-preview:-1\" \/>\n<link rel=\"canonical\" href=\"https:\/\/lovme.pt\/index.php\/produto\/extase-sensual-bolso-retardante-masculino-10-ml\/\" \/>\n<meta property=\"og:locale\" content=\"pt_PT\" \/>\n<meta property=\"og:type\" content=\"article\" \/>\n<meta property=\"og:title\" content=\"EXTASE SENSUAL - BOLSO RETARDANTE MASCULINO 10 ML - Lovme\" \/>\n<meta property=\"og:description\" content=\"EXTASE SENSUAL - BOLSO RETARDANTE MASCULINO 10 ML\" \/>\n<meta property=\"og:url\" content=\"https:\/\/lovme.pt\/index.php\/produto\/extase-sensual-bolso-retardante-masculino-10-ml\/\" \/>\n<meta property=\"og:site_name\" content=\"Lovme\" \/>\n<meta property=\"article:modified_time\" content=\"2026-02-19T20:09:56+00:00\" \/>\n<meta property=\"og:image\" content=\"https:\/\/erki24nd3ub.exactdn.com\/wp-content\/uploads\/dream\/img\/img_173479_d3ec2d9e32d78d208cf37f323653d2f5_1.jpg?strip=all\" \/>\n\t<meta property=\"og:image:width\" content=\"800\" \/>\n\t<meta property=\"og:image:height\" content=\"800\" \/>\n\t<meta property=\"og:image:type\" content=\"image\/jpeg\" \/>\n<meta name=\"twitter:card\" content=\"summary_large_image\" \/>\n<meta name=\"twitter:label1\" content=\"Tempo estimado de leitura\" \/>\n\t<meta name=\"twitter:data1\" content=\"1 minuto\" \/>\n<script type=\"application\/ld+json\" class=\"yoast-schema-graph\">{\"@context\":\"https:\\\/\\\/schema.org\",\"@graph\":[{\"@type\":\"WebPage\",\"@id\":\"https:\\\/\\\/lovme.pt\\\/index.php\\\/produto\\\/extase-sensual-bolso-retardante-masculino-10-ml\\\/\",\"url\":\"https:\\\/\\\/lovme.pt\\\/index.php\\\/produto\\\/extase-sensual-bolso-retardante-masculino-10-ml\\\/\",\"name\":\"EXTASE SENSUAL - BOLSO RETARDANTE MASCULINO 10 ML - Lovme\",\"isPartOf\":{\"@id\":\"https:\\\/\\\/lovme.pt\\\/#website\"},\"primaryImageOfPage\":{\"@id\":\"https:\\\/\\\/lovme.pt\\\/index.php\\\/produto\\\/extase-sensual-bolso-retardante-masculino-10-ml\\\/#primaryimage\"},\"image\":{\"@id\":\"https:\\\/\\\/lovme.pt\\\/index.php\\\/produto\\\/extase-sensual-bolso-retardante-masculino-10-ml\\\/#primaryimage\"},\"thumbnailUrl\":\"https:\\\/\\\/erki24nd3ub.exactdn.com\\\/wp-content\\\/uploads\\\/dream\\\/img\\\/img_173479_d3ec2d9e32d78d208cf37f323653d2f5_1.jpg?strip=all\",\"datePublished\":\"2025-09-30T22:19:59+00:00\",\"dateModified\":\"2026-02-19T20:09:56+00:00\",\"breadcrumb\":{\"@id\":\"https:\\\/\\\/lovme.pt\\\/index.php\\\/produto\\\/extase-sensual-bolso-retardante-masculino-10-ml\\\/#breadcrumb\"},\"inLanguage\":\"pt-PT\",\"potentialAction\":[{\"@type\":\"ReadAction\",\"target\":[\"https:\\\/\\\/lovme.pt\\\/index.php\\\/produto\\\/extase-sensual-bolso-retardante-masculino-10-ml\\\/\"]}]},{\"@type\":\"ImageObject\",\"inLanguage\":\"pt-PT\",\"@id\":\"https:\\\/\\\/lovme.pt\\\/index.php\\\/produto\\\/extase-sensual-bolso-retardante-masculino-10-ml\\\/#primaryimage\",\"url\":\"https:\\\/\\\/erki24nd3ub.exactdn.com\\\/wp-content\\\/uploads\\\/dream\\\/img\\\/img_173479_d3ec2d9e32d78d208cf37f323653d2f5_1.jpg?strip=all\",\"contentUrl\":\"https:\\\/\\\/erki24nd3ub.exactdn.com\\\/wp-content\\\/uploads\\\/dream\\\/img\\\/img_173479_d3ec2d9e32d78d208cf37f323653d2f5_1.jpg?strip=all\",\"width\":800,\"height\":800},{\"@type\":\"BreadcrumbList\",\"@id\":\"https:\\\/\\\/lovme.pt\\\/index.php\\\/produto\\\/extase-sensual-bolso-retardante-masculino-10-ml\\\/#breadcrumb\",\"itemListElement\":[{\"@type\":\"ListItem\",\"position\":1,\"name\":\"In\u00edcio\",\"item\":\"https:\\\/\\\/lovme.pt\\\/\"},{\"@type\":\"ListItem\",\"position\":2,\"name\":\"Loja\",\"item\":\"https:\\\/\\\/lovme.pt\\\/index.php\\\/loja\\\/\"},{\"@type\":\"ListItem\",\"position\":3,\"name\":\"EXTASE SENSUAL &#8211; BOLSO RETARDANTE MASCULINO 10 ML\"}]},{\"@type\":\"WebSite\",\"@id\":\"https:\\\/\\\/lovme.pt\\\/#website\",\"url\":\"https:\\\/\\\/lovme.pt\\\/\",\"name\":\"Lovme Loja Er\u00f3tica N\u00ba1 em Portugal\",\"description\":\"A melhor loja er\u00f3tica de Portugal.\",\"alternateName\":\"Loja Er\u00f3tica Lovme\",\"potentialAction\":[{\"@type\":\"SearchAction\",\"target\":{\"@type\":\"EntryPoint\",\"urlTemplate\":\"https:\\\/\\\/lovme.pt\\\/?s={search_term_string}\"},\"query-input\":{\"@type\":\"PropertyValueSpecification\",\"valueRequired\":true,\"valueName\":\"search_term_string\"}}],\"inLanguage\":\"pt-PT\"}]}<\/script>\n<!-- \/ Yoast SEO plugin. -->","yoast_head_json":{"title":"EXTASE SENSUAL - BOLSO RETARDANTE MASCULINO 10 ML - Lovme","robots":{"index":"index","follow":"follow","max-snippet":"max-snippet:-1","max-image-preview":"max-image-preview:large","max-video-preview":"max-video-preview:-1"},"canonical":"https:\/\/lovme.pt\/index.php\/produto\/extase-sensual-bolso-retardante-masculino-10-ml\/","og_locale":"pt_PT","og_type":"article","og_title":"EXTASE SENSUAL - BOLSO RETARDANTE MASCULINO 10 ML - Lovme","og_description":"EXTASE SENSUAL - BOLSO RETARDANTE MASCULINO 10 ML","og_url":"https:\/\/lovme.pt\/index.php\/produto\/extase-sensual-bolso-retardante-masculino-10-ml\/","og_site_name":"Lovme","article_modified_time":"2026-02-19T20:09:56+00:00","og_image":[{"width":800,"height":800,"url":"https:\/\/erki24nd3ub.exactdn.com\/wp-content\/uploads\/dream\/img\/img_173479_d3ec2d9e32d78d208cf37f323653d2f5_1.jpg?strip=all","type":"image\/jpeg"}],"twitter_card":"summary_large_image","twitter_misc":{"Tempo estimado de leitura":"1 minuto"},"schema":{"@context":"https:\/\/schema.org","@graph":[{"@type":"WebPage","@id":"https:\/\/lovme.pt\/index.php\/produto\/extase-sensual-bolso-retardante-masculino-10-ml\/","url":"https:\/\/lovme.pt\/index.php\/produto\/extase-sensual-bolso-retardante-masculino-10-ml\/","name":"EXTASE SENSUAL - BOLSO RETARDANTE MASCULINO 10 ML - Lovme","isPartOf":{"@id":"https:\/\/lovme.pt\/#website"},"primaryImageOfPage":{"@id":"https:\/\/lovme.pt\/index.php\/produto\/extase-sensual-bolso-retardante-masculino-10-ml\/#primaryimage"},"image":{"@id":"https:\/\/lovme.pt\/index.php\/produto\/extase-sensual-bolso-retardante-masculino-10-ml\/#primaryimage"},"thumbnailUrl":"https:\/\/erki24nd3ub.exactdn.com\/wp-content\/uploads\/dream\/img\/img_173479_d3ec2d9e32d78d208cf37f323653d2f5_1.jpg?strip=all","datePublished":"2025-09-30T22:19:59+00:00","dateModified":"2026-02-19T20:09:56+00:00","breadcrumb":{"@id":"https:\/\/lovme.pt\/index.php\/produto\/extase-sensual-bolso-retardante-masculino-10-ml\/#breadcrumb"},"inLanguage":"pt-PT","potentialAction":[{"@type":"ReadAction","target":["https:\/\/lovme.pt\/index.php\/produto\/extase-sensual-bolso-retardante-masculino-10-ml\/"]}]},{"@type":"ImageObject","inLanguage":"pt-PT","@id":"https:\/\/lovme.pt\/index.php\/produto\/extase-sensual-bolso-retardante-masculino-10-ml\/#primaryimage","url":"https:\/\/erki24nd3ub.exactdn.com\/wp-content\/uploads\/dream\/img\/img_173479_d3ec2d9e32d78d208cf37f323653d2f5_1.jpg?strip=all","contentUrl":"https:\/\/erki24nd3ub.exactdn.com\/wp-content\/uploads\/dream\/img\/img_173479_d3ec2d9e32d78d208cf37f323653d2f5_1.jpg?strip=all","width":800,"height":800},{"@type":"BreadcrumbList","@id":"https:\/\/lovme.pt\/index.php\/produto\/extase-sensual-bolso-retardante-masculino-10-ml\/#breadcrumb","itemListElement":[{"@type":"ListItem","position":1,"name":"In\u00edcio","item":"https:\/\/lovme.pt\/"},{"@type":"ListItem","position":2,"name":"Loja","item":"https:\/\/lovme.pt\/index.php\/loja\/"},{"@type":"ListItem","position":3,"name":"EXTASE SENSUAL &#8211; BOLSO RETARDANTE MASCULINO 10 ML"}]},{"@type":"WebSite","@id":"https:\/\/lovme.pt\/#website","url":"https:\/\/lovme.pt\/","name":"Lovme Loja Er\u00f3tica N\u00ba1 em Portugal","description":"A melhor loja er\u00f3tica de Portugal.","alternateName":"Loja Er\u00f3tica Lovme","potentialAction":[{"@type":"SearchAction","target":{"@type":"EntryPoint","urlTemplate":"https:\/\/lovme.pt\/?s={search_term_string}"},"query-input":{"@type":"PropertyValueSpecification","valueRequired":true,"valueName":"search_term_string"}}],"inLanguage":"pt-PT"}]}},"_links":{"self":[{"href":"https:\/\/lovme.pt\/index.php\/wp-json\/wp\/v2\/product\/46650","targetHints":{"allow":["GET"]}}],"collection":[{"href":"https:\/\/lovme.pt\/index.php\/wp-json\/wp\/v2\/product"}],"about":[{"href":"https:\/\/lovme.pt\/index.php\/wp-json\/wp\/v2\/types\/product"}],"wp:featuredmedia":[{"embeddable":true,"href":"https:\/\/lovme.pt\/index.php\/wp-json\/wp\/v2\/media\/76895"}],"wp:attachment":[{"href":"https:\/\/lovme.pt\/index.php\/wp-json\/wp\/v2\/media?parent=46650"}],"wp:term":[{"taxonomy":"product_brand","embeddable":true,"href":"https:\/\/lovme.pt\/index.php\/wp-json\/wp\/v2\/product_brand?post=46650"},{"taxonomy":"product_cat","embeddable":true,"href":"https:\/\/lovme.pt\/index.php\/wp-json\/wp\/v2\/product_cat?post=46650"},{"taxonomy":"product_tag","embeddable":true,"href":"https:\/\/lovme.pt\/index.php\/wp-json\/wp\/v2\/product_tag?post=46650"}],"curies":[{"name":"wp","href":"https:\/\/api.w.org\/{rel}","templated":true}]}}