{"id":46649,"date":"2025-09-30T09:46:15","date_gmt":"2025-09-30T09:46:15","guid":{"rendered":"https:\/\/lovme.pt\/?post_type=product&#038;p=46649"},"modified":"2026-02-19T20:04:35","modified_gmt":"2026-02-19T20:04:35","slug":"extase-sensual-set-nuits-amour-formato-de-viagem","status":"publish","type":"product","link":"https:\/\/lovme.pt\/index.php\/produto\/extase-sensual-set-nuits-amour-formato-de-viagem\/","title":{"rendered":"EXTASE SENSUAL &#8211; SET NUITS AMOUR FORMATO DE VIAGEM"},"content":{"rendered":"<p>Conjunto pequeno e simples, discreto mas tremendamente eficaz para desfrutar ao m\u00e1ximo. Massagens de morango com efeito aquecedor e sabor requintado. Estimulante para ela atingir o cl\u00edmax.<\/p>\n<p>O <strong>SET NUITS DAMOUR<\/strong> \u00e9 uma experi\u00eancia sensual e estimulante pensada para satisfazer os seus desejos mais \u00edntimos. \u00c9 composto por dois produtos requintados que prometem elevar a conex\u00e3o \u00edntima e despertar a paix\u00e3o a dois.<\/p>\n<p>Em primeiro lugar, encontramos as doses \u00fanicas de 10 ml de Pocket \u201cPlaisir pour Elle\u201d, uma f\u00f3rmula especialmente desenhada para oferecer uma estimula\u00e7\u00e3o intensa e agrad\u00e1vel. Estas doses \u00fanicas, de tamanho compacto e f\u00e1ceis de transportar, s\u00e3o o complemento perfeito para aqueles momentos espont\u00e2neos de desejo. Com ingredientes cuidadosamente selecionados, esta f\u00f3rmula busca intensificar as sensa\u00e7\u00f5es e proporcionar um prazer incompar\u00e1vel.<\/p>\n<p>Por outro lado, o conjunto inclui Strawberry Travel Hot Oil, um \u00f3leo de massagem quente que vai transformar completamente a experi\u00eancia sensorial. Com embalagem de 35 ml, este \u00f3leo foi desenvolvido para estimular os sentidos e aumentar a conex\u00e3o emocional entre amantes. Seu delicioso aroma de morango cria uma atmosfera sensual e apaixonante, enquanto sua textura macia e quente promete momentos de puro \u00eaxtase.<\/p>\n<p>Este conjunto \u00e9 mais do que apenas um conjunto de produtos; \u00c9 um convite para explorar novas dimens\u00f5es de prazer e conex\u00e3o. Ideal para casais que procuram ati\u00e7ar a centelha da intimidade, Plaisir pour Elle apresenta-se como a escolha perfeita para quem deseja vivenciar momentos inesquec\u00edveis de deleite e conex\u00e3o emocional. Descubra a magia deste conjunto pensado para despertar os sentidos e elevar a paix\u00e3o a dois, criando mem\u00f3rias sensuais que perdurar\u00e3o na mem\u00f3ria de ambos.&#8221;<\/p>\n<p>\u00a0<\/p>\n<p><u><strong>CONTENTE<\/strong><\/u> :<\/p>\n<ul>\n<li>Bolso \u00ab Plaisir pour Elle \u00bb Estimulante para Ela, Dose \u00fanica 10 ml<\/li>\n<li>Travel \u00d3leo Quente Morango 35 ml<\/li>\n<\/ul>\n","protected":false},"excerpt":{"rendered":"<p>EXTASE SENSUAL &#8211; SET NUITS AMOUR FORMATO DE VIAGEM<\/p>\n","protected":false},"featured_media":56771,"template":"","meta":{"_acf_changed":false},"product_brand":[],"product_cat":[49,52,51],"product_tag":[],"class_list":{"0":"post-46649","1":"product","2":"type-product","3":"status-publish","4":"has-post-thumbnail","6":"product_cat-cosmeticos","7":"product_cat-estimulantes","8":"product_cat-oleos-de-massagem","9":"yith_product_brand-extase-sensual","11":"first","12":"instock","13":"taxable","14":"shipping-taxable","15":"purchasable","16":"product-type-simple"},"acf":[],"yoast_head":"<!-- This site is optimized with the Yoast SEO plugin v27.4 - https:\/\/yoast.com\/product\/yoast-seo-wordpress\/ -->\n<title>EXTASE SENSUAL - SET NUITS AMOUR FORMATO DE VIAGEM - Lovme<\/title>\n<meta name=\"robots\" content=\"index, follow, max-snippet:-1, max-image-preview:large, max-video-preview:-1\" \/>\n<link rel=\"canonical\" href=\"https:\/\/lovme.pt\/index.php\/produto\/extase-sensual-set-nuits-amour-formato-de-viagem\/\" \/>\n<meta property=\"og:locale\" content=\"pt_PT\" \/>\n<meta property=\"og:type\" content=\"article\" \/>\n<meta property=\"og:title\" content=\"EXTASE SENSUAL - SET NUITS AMOUR FORMATO DE VIAGEM - Lovme\" \/>\n<meta property=\"og:description\" content=\"EXTASE SENSUAL - SET NUITS AMOUR FORMATO DE VIAGEM\" \/>\n<meta property=\"og:url\" content=\"https:\/\/lovme.pt\/index.php\/produto\/extase-sensual-set-nuits-amour-formato-de-viagem\/\" \/>\n<meta property=\"og:site_name\" content=\"Lovme\" \/>\n<meta property=\"article:modified_time\" content=\"2026-02-19T20:04:35+00:00\" \/>\n<meta property=\"og:image\" content=\"https:\/\/erki24nd3ub.exactdn.com\/wp-content\/uploads\/dream\/img\/img_164124_7503e77454da19ba2ca787fd98c803f4_1.jpg?strip=all\" \/>\n\t<meta property=\"og:image:width\" content=\"800\" \/>\n\t<meta property=\"og:image:height\" content=\"800\" \/>\n\t<meta property=\"og:image:type\" content=\"image\/jpeg\" \/>\n<meta name=\"twitter:card\" content=\"summary_large_image\" \/>\n<meta name=\"twitter:label1\" content=\"Tempo estimado de leitura\" \/>\n\t<meta name=\"twitter:data1\" content=\"1 minuto\" \/>\n<script type=\"application\/ld+json\" class=\"yoast-schema-graph\">{\"@context\":\"https:\\\/\\\/schema.org\",\"@graph\":[{\"@type\":\"WebPage\",\"@id\":\"https:\\\/\\\/lovme.pt\\\/index.php\\\/produto\\\/extase-sensual-set-nuits-amour-formato-de-viagem\\\/\",\"url\":\"https:\\\/\\\/lovme.pt\\\/index.php\\\/produto\\\/extase-sensual-set-nuits-amour-formato-de-viagem\\\/\",\"name\":\"EXTASE SENSUAL - SET NUITS AMOUR FORMATO DE VIAGEM - Lovme\",\"isPartOf\":{\"@id\":\"https:\\\/\\\/lovme.pt\\\/#website\"},\"primaryImageOfPage\":{\"@id\":\"https:\\\/\\\/lovme.pt\\\/index.php\\\/produto\\\/extase-sensual-set-nuits-amour-formato-de-viagem\\\/#primaryimage\"},\"image\":{\"@id\":\"https:\\\/\\\/lovme.pt\\\/index.php\\\/produto\\\/extase-sensual-set-nuits-amour-formato-de-viagem\\\/#primaryimage\"},\"thumbnailUrl\":\"https:\\\/\\\/erki24nd3ub.exactdn.com\\\/wp-content\\\/uploads\\\/dream\\\/img\\\/img_164124_7503e77454da19ba2ca787fd98c803f4_1.jpg?strip=all\",\"datePublished\":\"2025-09-30T09:46:15+00:00\",\"dateModified\":\"2026-02-19T20:04:35+00:00\",\"breadcrumb\":{\"@id\":\"https:\\\/\\\/lovme.pt\\\/index.php\\\/produto\\\/extase-sensual-set-nuits-amour-formato-de-viagem\\\/#breadcrumb\"},\"inLanguage\":\"pt-PT\",\"potentialAction\":[{\"@type\":\"ReadAction\",\"target\":[\"https:\\\/\\\/lovme.pt\\\/index.php\\\/produto\\\/extase-sensual-set-nuits-amour-formato-de-viagem\\\/\"]}]},{\"@type\":\"ImageObject\",\"inLanguage\":\"pt-PT\",\"@id\":\"https:\\\/\\\/lovme.pt\\\/index.php\\\/produto\\\/extase-sensual-set-nuits-amour-formato-de-viagem\\\/#primaryimage\",\"url\":\"https:\\\/\\\/erki24nd3ub.exactdn.com\\\/wp-content\\\/uploads\\\/dream\\\/img\\\/img_164124_7503e77454da19ba2ca787fd98c803f4_1.jpg?strip=all\",\"contentUrl\":\"https:\\\/\\\/erki24nd3ub.exactdn.com\\\/wp-content\\\/uploads\\\/dream\\\/img\\\/img_164124_7503e77454da19ba2ca787fd98c803f4_1.jpg?strip=all\",\"width\":800,\"height\":800},{\"@type\":\"BreadcrumbList\",\"@id\":\"https:\\\/\\\/lovme.pt\\\/index.php\\\/produto\\\/extase-sensual-set-nuits-amour-formato-de-viagem\\\/#breadcrumb\",\"itemListElement\":[{\"@type\":\"ListItem\",\"position\":1,\"name\":\"In\u00edcio\",\"item\":\"https:\\\/\\\/lovme.pt\\\/\"},{\"@type\":\"ListItem\",\"position\":2,\"name\":\"Loja\",\"item\":\"https:\\\/\\\/lovme.pt\\\/index.php\\\/loja\\\/\"},{\"@type\":\"ListItem\",\"position\":3,\"name\":\"EXTASE SENSUAL &#8211; SET NUITS AMOUR FORMATO DE VIAGEM\"}]},{\"@type\":\"WebSite\",\"@id\":\"https:\\\/\\\/lovme.pt\\\/#website\",\"url\":\"https:\\\/\\\/lovme.pt\\\/\",\"name\":\"Lovme Loja Er\u00f3tica N\u00ba1 em Portugal\",\"description\":\"A melhor loja er\u00f3tica de Portugal.\",\"alternateName\":\"Loja Er\u00f3tica Lovme\",\"potentialAction\":[{\"@type\":\"SearchAction\",\"target\":{\"@type\":\"EntryPoint\",\"urlTemplate\":\"https:\\\/\\\/lovme.pt\\\/?s={search_term_string}\"},\"query-input\":{\"@type\":\"PropertyValueSpecification\",\"valueRequired\":true,\"valueName\":\"search_term_string\"}}],\"inLanguage\":\"pt-PT\"}]}<\/script>\n<!-- \/ Yoast SEO plugin. -->","yoast_head_json":{"title":"EXTASE SENSUAL - SET NUITS AMOUR FORMATO DE VIAGEM - Lovme","robots":{"index":"index","follow":"follow","max-snippet":"max-snippet:-1","max-image-preview":"max-image-preview:large","max-video-preview":"max-video-preview:-1"},"canonical":"https:\/\/lovme.pt\/index.php\/produto\/extase-sensual-set-nuits-amour-formato-de-viagem\/","og_locale":"pt_PT","og_type":"article","og_title":"EXTASE SENSUAL - SET NUITS AMOUR FORMATO DE VIAGEM - Lovme","og_description":"EXTASE SENSUAL - SET NUITS AMOUR FORMATO DE VIAGEM","og_url":"https:\/\/lovme.pt\/index.php\/produto\/extase-sensual-set-nuits-amour-formato-de-viagem\/","og_site_name":"Lovme","article_modified_time":"2026-02-19T20:04:35+00:00","og_image":[{"width":800,"height":800,"url":"https:\/\/erki24nd3ub.exactdn.com\/wp-content\/uploads\/dream\/img\/img_164124_7503e77454da19ba2ca787fd98c803f4_1.jpg?strip=all","type":"image\/jpeg"}],"twitter_card":"summary_large_image","twitter_misc":{"Tempo estimado de leitura":"1 minuto"},"schema":{"@context":"https:\/\/schema.org","@graph":[{"@type":"WebPage","@id":"https:\/\/lovme.pt\/index.php\/produto\/extase-sensual-set-nuits-amour-formato-de-viagem\/","url":"https:\/\/lovme.pt\/index.php\/produto\/extase-sensual-set-nuits-amour-formato-de-viagem\/","name":"EXTASE SENSUAL - SET NUITS AMOUR FORMATO DE VIAGEM - Lovme","isPartOf":{"@id":"https:\/\/lovme.pt\/#website"},"primaryImageOfPage":{"@id":"https:\/\/lovme.pt\/index.php\/produto\/extase-sensual-set-nuits-amour-formato-de-viagem\/#primaryimage"},"image":{"@id":"https:\/\/lovme.pt\/index.php\/produto\/extase-sensual-set-nuits-amour-formato-de-viagem\/#primaryimage"},"thumbnailUrl":"https:\/\/erki24nd3ub.exactdn.com\/wp-content\/uploads\/dream\/img\/img_164124_7503e77454da19ba2ca787fd98c803f4_1.jpg?strip=all","datePublished":"2025-09-30T09:46:15+00:00","dateModified":"2026-02-19T20:04:35+00:00","breadcrumb":{"@id":"https:\/\/lovme.pt\/index.php\/produto\/extase-sensual-set-nuits-amour-formato-de-viagem\/#breadcrumb"},"inLanguage":"pt-PT","potentialAction":[{"@type":"ReadAction","target":["https:\/\/lovme.pt\/index.php\/produto\/extase-sensual-set-nuits-amour-formato-de-viagem\/"]}]},{"@type":"ImageObject","inLanguage":"pt-PT","@id":"https:\/\/lovme.pt\/index.php\/produto\/extase-sensual-set-nuits-amour-formato-de-viagem\/#primaryimage","url":"https:\/\/erki24nd3ub.exactdn.com\/wp-content\/uploads\/dream\/img\/img_164124_7503e77454da19ba2ca787fd98c803f4_1.jpg?strip=all","contentUrl":"https:\/\/erki24nd3ub.exactdn.com\/wp-content\/uploads\/dream\/img\/img_164124_7503e77454da19ba2ca787fd98c803f4_1.jpg?strip=all","width":800,"height":800},{"@type":"BreadcrumbList","@id":"https:\/\/lovme.pt\/index.php\/produto\/extase-sensual-set-nuits-amour-formato-de-viagem\/#breadcrumb","itemListElement":[{"@type":"ListItem","position":1,"name":"In\u00edcio","item":"https:\/\/lovme.pt\/"},{"@type":"ListItem","position":2,"name":"Loja","item":"https:\/\/lovme.pt\/index.php\/loja\/"},{"@type":"ListItem","position":3,"name":"EXTASE SENSUAL &#8211; SET NUITS AMOUR FORMATO DE VIAGEM"}]},{"@type":"WebSite","@id":"https:\/\/lovme.pt\/#website","url":"https:\/\/lovme.pt\/","name":"Lovme Loja Er\u00f3tica N\u00ba1 em Portugal","description":"A melhor loja er\u00f3tica de Portugal.","alternateName":"Loja Er\u00f3tica Lovme","potentialAction":[{"@type":"SearchAction","target":{"@type":"EntryPoint","urlTemplate":"https:\/\/lovme.pt\/?s={search_term_string}"},"query-input":{"@type":"PropertyValueSpecification","valueRequired":true,"valueName":"search_term_string"}}],"inLanguage":"pt-PT"}]}},"_links":{"self":[{"href":"https:\/\/lovme.pt\/index.php\/wp-json\/wp\/v2\/product\/46649","targetHints":{"allow":["GET"]}}],"collection":[{"href":"https:\/\/lovme.pt\/index.php\/wp-json\/wp\/v2\/product"}],"about":[{"href":"https:\/\/lovme.pt\/index.php\/wp-json\/wp\/v2\/types\/product"}],"wp:featuredmedia":[{"embeddable":true,"href":"https:\/\/lovme.pt\/index.php\/wp-json\/wp\/v2\/media\/56771"}],"wp:attachment":[{"href":"https:\/\/lovme.pt\/index.php\/wp-json\/wp\/v2\/media?parent=46649"}],"wp:term":[{"taxonomy":"product_brand","embeddable":true,"href":"https:\/\/lovme.pt\/index.php\/wp-json\/wp\/v2\/product_brand?post=46649"},{"taxonomy":"product_cat","embeddable":true,"href":"https:\/\/lovme.pt\/index.php\/wp-json\/wp\/v2\/product_cat?post=46649"},{"taxonomy":"product_tag","embeddable":true,"href":"https:\/\/lovme.pt\/index.php\/wp-json\/wp\/v2\/product_tag?post=46649"}],"curies":[{"name":"wp","href":"https:\/\/api.w.org\/{rel}","templated":true}]}}