{"id":46643,"date":"2025-09-30T09:53:17","date_gmt":"2025-09-30T09:53:17","guid":{"rendered":"https:\/\/lovme.pt\/?post_type=product&p=46643"},"modified":"2026-02-19T20:05:49","modified_gmt":"2026-02-19T20:05:49","slug":"pretty-love-caixa-surpresa-azul-pina-de-estimulao-electro","status":"publish","type":"product","link":"https:\/\/lovme.pt\/index.php\/produto\/pretty-love-caixa-surpresa-azul-pina-de-estimulao-electro\/","title":{"rendered":"PRETTY LOVE &#8211; CAIXA SURPRESA AZUL PINA DE ESTIMULAO ELECTRO"},"content":{"rendered":"<p><font style=\"vertical-align:\"><font style=\"vertical-align:\">Com este kit de eletroestimula\u00e7\u00e3o voc\u00ea poder\u00e1 explorar o incr\u00edvel poder da e-estimula\u00e7\u00e3o e desfrutar de uma nova gama de sensa\u00e7\u00f5es, desde uma leve c\u00f3cega at\u00e9 um poderoso batimento card\u00edaco.<\/font><\/font><\/p>\n<p> <font style=\"vertical-align:\"><font style=\"vertical-align:\">Estas fabulosas pin\u00e7as s\u00e3o ideais para quem adora a estimula\u00e7\u00e3o dos mamilos! Com este sistema compacto voc\u00ea obter\u00e1 pin\u00e7as de mamilo, incr\u00edvel eletroestimula\u00e7\u00e3o de mamilo e vibra\u00e7\u00e3o poderosa, tudo de uma s\u00f3 vez! As pontas s\u00e3o acolchoadas para total conforto e ader\u00eancia. Segure-os com for\u00e7a, aumente as vibra\u00e7\u00f5es e desfrute de uma estimula\u00e7\u00e3o alucinante dos mamilos!<\/font><\/font><\/p>\n<p> <font style=\"vertical-align:\"><font style=\"vertical-align:\">Fabricado com materiais de alta qualidade e textura de toque suave, oferece uma agrad\u00e1vel experi\u00eancia sensual em contato com a pele. Seu design discreto e elegante o torna um brinquedo discreto e port\u00e1til que pode ser facilmente transportado na bolsa ou no bolso, permitindo levar a divers\u00e3o para qualquer lugar.<\/font><\/font><\/p>\n<p> <font style=\"vertical-align:\"><font style=\"vertical-align:\">Al\u00e9m disso, costuma possuir diversos modos de vibra\u00e7\u00e3o, desde pulsa\u00e7\u00f5es suaves at\u00e9 vibra\u00e7\u00f5es intensas, para se adaptar \u00e0s prefer\u00eancias individuais de cada usu\u00e1rio. Seu motor silencioso garante discri\u00e7\u00e3o durante o uso, permitindo que voc\u00ea aproveite a experi\u00eancia sem preocupa\u00e7\u00f5es<\/font><\/font> .<\/p>\n<\/p>\n<p> <u><strong>CARACTER\u00cdSTICAS:<\/strong><\/u><\/p>\n<ul>\n<li> Fun\u00e7\u00e3o: 12 fun\u00e7\u00f5es de vibra\u00e7\u00e3o + 3 fun\u00e7\u00f5es de choque el\u00e9trico<\/li>\n<li> Carregamento: USB recarreg\u00e1vel<\/li>\n<li> Material: silicone ABS<\/li>\n<li> Cor azul<\/li>\n<\/ul>\n","protected":false},"excerpt":{"rendered":"<p>PRETTY LOVE &#8211; CAIXA SURPRESA AZUL PINA DE ESTIMULAO ELECTRO<\/p>\n","protected":false},"featured_media":58904,"template":"","meta":{"_acf_changed":false},"product_brand":[],"product_cat":[17,75],"product_tag":[],"class_list":{"0":"post-46643","1":"product","2":"type-product","3":"status-publish","4":"has-post-thumbnail","6":"product_cat-brinquedos-de-bem-estar-sexual","7":"product_cat-saude-pelvica","8":"yith_product_brand-pretty-love","9":"yith_product_brand-pretty-lovepretty-love-flirtation","11":"first","12":"instock","13":"taxable","14":"shipping-taxable","15":"purchasable","16":"product-type-simple"},"acf":[],"yoast_head":"<!-- This site is optimized with the Yoast SEO plugin v27.3 - https:\/\/yoast.com\/product\/yoast-seo-wordpress\/ -->\n<title>PRETTY LOVE - CAIXA SURPRESA AZUL PINA DE ESTIMULAO ELECTRO - Lovme<\/title>\n<meta name=\"robots\" content=\"index, follow, max-snippet:-1, max-image-preview:large, max-video-preview:-1\" \/>\n<link rel=\"canonical\" href=\"https:\/\/lovme.pt\/index.php\/produto\/pretty-love-caixa-surpresa-azul-pina-de-estimulao-electro\/\" \/>\n<meta property=\"og:locale\" content=\"pt_PT\" \/>\n<meta property=\"og:type\" content=\"article\" \/>\n<meta property=\"og:title\" content=\"PRETTY LOVE - CAIXA SURPRESA AZUL PINA DE ESTIMULAO ELECTRO - Lovme\" \/>\n<meta property=\"og:description\" content=\"PRETTY LOVE - CAIXA SURPRESA AZUL PINA DE ESTIMULAO ELECTRO\" \/>\n<meta property=\"og:url\" content=\"https:\/\/lovme.pt\/index.php\/produto\/pretty-love-caixa-surpresa-azul-pina-de-estimulao-electro\/\" \/>\n<meta property=\"og:site_name\" content=\"Lovme\" \/>\n<meta property=\"article:modified_time\" content=\"2026-02-19T20:05:49+00:00\" \/>\n<meta property=\"og:image\" content=\"https:\/\/erki24nd3ub.exactdn.com\/wp-content\/uploads\/dream\/img\/img_163896_794574fe57f4a282eea3056f7fe52f6c_1.jpg?strip=all\" \/>\n\t<meta property=\"og:image:width\" content=\"800\" \/>\n\t<meta property=\"og:image:height\" content=\"800\" \/>\n\t<meta property=\"og:image:type\" content=\"image\/jpeg\" \/>\n<meta name=\"twitter:card\" content=\"summary_large_image\" \/>\n<meta name=\"twitter:label1\" content=\"Tempo estimado de leitura\" \/>\n\t<meta name=\"twitter:data1\" content=\"1 minuto\" \/>\n<script type=\"application\/ld+json\" class=\"yoast-schema-graph\">{\"@context\":\"https:\\\/\\\/schema.org\",\"@graph\":[{\"@type\":\"WebPage\",\"@id\":\"https:\\\/\\\/lovme.pt\\\/index.php\\\/produto\\\/pretty-love-caixa-surpresa-azul-pina-de-estimulao-electro\\\/\",\"url\":\"https:\\\/\\\/lovme.pt\\\/index.php\\\/produto\\\/pretty-love-caixa-surpresa-azul-pina-de-estimulao-electro\\\/\",\"name\":\"PRETTY LOVE - CAIXA SURPRESA AZUL PINA DE ESTIMULAO ELECTRO - Lovme\",\"isPartOf\":{\"@id\":\"https:\\\/\\\/lovme.pt\\\/#website\"},\"primaryImageOfPage\":{\"@id\":\"https:\\\/\\\/lovme.pt\\\/index.php\\\/produto\\\/pretty-love-caixa-surpresa-azul-pina-de-estimulao-electro\\\/#primaryimage\"},\"image\":{\"@id\":\"https:\\\/\\\/lovme.pt\\\/index.php\\\/produto\\\/pretty-love-caixa-surpresa-azul-pina-de-estimulao-electro\\\/#primaryimage\"},\"thumbnailUrl\":\"https:\\\/\\\/erki24nd3ub.exactdn.com\\\/wp-content\\\/uploads\\\/dream\\\/img\\\/img_163896_794574fe57f4a282eea3056f7fe52f6c_1.jpg?strip=all\",\"datePublished\":\"2025-09-30T09:53:17+00:00\",\"dateModified\":\"2026-02-19T20:05:49+00:00\",\"breadcrumb\":{\"@id\":\"https:\\\/\\\/lovme.pt\\\/index.php\\\/produto\\\/pretty-love-caixa-surpresa-azul-pina-de-estimulao-electro\\\/#breadcrumb\"},\"inLanguage\":\"pt-PT\",\"potentialAction\":[{\"@type\":\"ReadAction\",\"target\":[\"https:\\\/\\\/lovme.pt\\\/index.php\\\/produto\\\/pretty-love-caixa-surpresa-azul-pina-de-estimulao-electro\\\/\"]}]},{\"@type\":\"ImageObject\",\"inLanguage\":\"pt-PT\",\"@id\":\"https:\\\/\\\/lovme.pt\\\/index.php\\\/produto\\\/pretty-love-caixa-surpresa-azul-pina-de-estimulao-electro\\\/#primaryimage\",\"url\":\"https:\\\/\\\/erki24nd3ub.exactdn.com\\\/wp-content\\\/uploads\\\/dream\\\/img\\\/img_163896_794574fe57f4a282eea3056f7fe52f6c_1.jpg?strip=all\",\"contentUrl\":\"https:\\\/\\\/erki24nd3ub.exactdn.com\\\/wp-content\\\/uploads\\\/dream\\\/img\\\/img_163896_794574fe57f4a282eea3056f7fe52f6c_1.jpg?strip=all\",\"width\":800,\"height\":800},{\"@type\":\"BreadcrumbList\",\"@id\":\"https:\\\/\\\/lovme.pt\\\/index.php\\\/produto\\\/pretty-love-caixa-surpresa-azul-pina-de-estimulao-electro\\\/#breadcrumb\",\"itemListElement\":[{\"@type\":\"ListItem\",\"position\":1,\"name\":\"In\u00edcio\",\"item\":\"https:\\\/\\\/lovme.pt\\\/\"},{\"@type\":\"ListItem\",\"position\":2,\"name\":\"Loja\",\"item\":\"https:\\\/\\\/lovme.pt\\\/index.php\\\/loja\\\/\"},{\"@type\":\"ListItem\",\"position\":3,\"name\":\"PRETTY LOVE &#8211; CAIXA SURPRESA AZUL PINA DE ESTIMULAO ELECTRO\"}]},{\"@type\":\"WebSite\",\"@id\":\"https:\\\/\\\/lovme.pt\\\/#website\",\"url\":\"https:\\\/\\\/lovme.pt\\\/\",\"name\":\"Lovme Loja Er\u00f3tica N\u00ba1 em Portugal\",\"description\":\"A melhor loja er\u00f3tica de Portugal.\",\"alternateName\":\"Loja Er\u00f3tica Lovme\",\"potentialAction\":[{\"@type\":\"SearchAction\",\"target\":{\"@type\":\"EntryPoint\",\"urlTemplate\":\"https:\\\/\\\/lovme.pt\\\/?s={search_term_string}\"},\"query-input\":{\"@type\":\"PropertyValueSpecification\",\"valueRequired\":true,\"valueName\":\"search_term_string\"}}],\"inLanguage\":\"pt-PT\"}]}<\/script>\n<!-- \/ Yoast SEO plugin. -->","yoast_head_json":{"title":"PRETTY LOVE - CAIXA SURPRESA AZUL PINA DE ESTIMULAO ELECTRO - Lovme","robots":{"index":"index","follow":"follow","max-snippet":"max-snippet:-1","max-image-preview":"max-image-preview:large","max-video-preview":"max-video-preview:-1"},"canonical":"https:\/\/lovme.pt\/index.php\/produto\/pretty-love-caixa-surpresa-azul-pina-de-estimulao-electro\/","og_locale":"pt_PT","og_type":"article","og_title":"PRETTY LOVE - CAIXA SURPRESA AZUL PINA DE ESTIMULAO ELECTRO - Lovme","og_description":"PRETTY LOVE - CAIXA SURPRESA AZUL PINA DE ESTIMULAO ELECTRO","og_url":"https:\/\/lovme.pt\/index.php\/produto\/pretty-love-caixa-surpresa-azul-pina-de-estimulao-electro\/","og_site_name":"Lovme","article_modified_time":"2026-02-19T20:05:49+00:00","og_image":[{"width":800,"height":800,"url":"https:\/\/erki24nd3ub.exactdn.com\/wp-content\/uploads\/dream\/img\/img_163896_794574fe57f4a282eea3056f7fe52f6c_1.jpg?strip=all","type":"image\/jpeg"}],"twitter_card":"summary_large_image","twitter_misc":{"Tempo estimado de leitura":"1 minuto"},"schema":{"@context":"https:\/\/schema.org","@graph":[{"@type":"WebPage","@id":"https:\/\/lovme.pt\/index.php\/produto\/pretty-love-caixa-surpresa-azul-pina-de-estimulao-electro\/","url":"https:\/\/lovme.pt\/index.php\/produto\/pretty-love-caixa-surpresa-azul-pina-de-estimulao-electro\/","name":"PRETTY LOVE - CAIXA SURPRESA AZUL PINA DE ESTIMULAO ELECTRO - Lovme","isPartOf":{"@id":"https:\/\/lovme.pt\/#website"},"primaryImageOfPage":{"@id":"https:\/\/lovme.pt\/index.php\/produto\/pretty-love-caixa-surpresa-azul-pina-de-estimulao-electro\/#primaryimage"},"image":{"@id":"https:\/\/lovme.pt\/index.php\/produto\/pretty-love-caixa-surpresa-azul-pina-de-estimulao-electro\/#primaryimage"},"thumbnailUrl":"https:\/\/erki24nd3ub.exactdn.com\/wp-content\/uploads\/dream\/img\/img_163896_794574fe57f4a282eea3056f7fe52f6c_1.jpg?strip=all","datePublished":"2025-09-30T09:53:17+00:00","dateModified":"2026-02-19T20:05:49+00:00","breadcrumb":{"@id":"https:\/\/lovme.pt\/index.php\/produto\/pretty-love-caixa-surpresa-azul-pina-de-estimulao-electro\/#breadcrumb"},"inLanguage":"pt-PT","potentialAction":[{"@type":"ReadAction","target":["https:\/\/lovme.pt\/index.php\/produto\/pretty-love-caixa-surpresa-azul-pina-de-estimulao-electro\/"]}]},{"@type":"ImageObject","inLanguage":"pt-PT","@id":"https:\/\/lovme.pt\/index.php\/produto\/pretty-love-caixa-surpresa-azul-pina-de-estimulao-electro\/#primaryimage","url":"https:\/\/erki24nd3ub.exactdn.com\/wp-content\/uploads\/dream\/img\/img_163896_794574fe57f4a282eea3056f7fe52f6c_1.jpg?strip=all","contentUrl":"https:\/\/erki24nd3ub.exactdn.com\/wp-content\/uploads\/dream\/img\/img_163896_794574fe57f4a282eea3056f7fe52f6c_1.jpg?strip=all","width":800,"height":800},{"@type":"BreadcrumbList","@id":"https:\/\/lovme.pt\/index.php\/produto\/pretty-love-caixa-surpresa-azul-pina-de-estimulao-electro\/#breadcrumb","itemListElement":[{"@type":"ListItem","position":1,"name":"In\u00edcio","item":"https:\/\/lovme.pt\/"},{"@type":"ListItem","position":2,"name":"Loja","item":"https:\/\/lovme.pt\/index.php\/loja\/"},{"@type":"ListItem","position":3,"name":"PRETTY LOVE &#8211; CAIXA SURPRESA AZUL PINA DE ESTIMULAO ELECTRO"}]},{"@type":"WebSite","@id":"https:\/\/lovme.pt\/#website","url":"https:\/\/lovme.pt\/","name":"Lovme Loja Er\u00f3tica N\u00ba1 em Portugal","description":"A melhor loja er\u00f3tica de Portugal.","alternateName":"Loja Er\u00f3tica Lovme","potentialAction":[{"@type":"SearchAction","target":{"@type":"EntryPoint","urlTemplate":"https:\/\/lovme.pt\/?s={search_term_string}"},"query-input":{"@type":"PropertyValueSpecification","valueRequired":true,"valueName":"search_term_string"}}],"inLanguage":"pt-PT"}]}},"_links":{"self":[{"href":"https:\/\/lovme.pt\/index.php\/wp-json\/wp\/v2\/product\/46643","targetHints":{"allow":["GET"]}}],"collection":[{"href":"https:\/\/lovme.pt\/index.php\/wp-json\/wp\/v2\/product"}],"about":[{"href":"https:\/\/lovme.pt\/index.php\/wp-json\/wp\/v2\/types\/product"}],"wp:featuredmedia":[{"embeddable":true,"href":"https:\/\/lovme.pt\/index.php\/wp-json\/wp\/v2\/media\/58904"}],"wp:attachment":[{"href":"https:\/\/lovme.pt\/index.php\/wp-json\/wp\/v2\/media?parent=46643"}],"wp:term":[{"taxonomy":"product_brand","embeddable":true,"href":"https:\/\/lovme.pt\/index.php\/wp-json\/wp\/v2\/product_brand?post=46643"},{"taxonomy":"product_cat","embeddable":true,"href":"https:\/\/lovme.pt\/index.php\/wp-json\/wp\/v2\/product_cat?post=46643"},{"taxonomy":"product_tag","embeddable":true,"href":"https:\/\/lovme.pt\/index.php\/wp-json\/wp\/v2\/product_tag?post=46643"}],"curies":[{"name":"wp","href":"https:\/\/api.w.org\/{rel}","templated":true}]}}