{"id":46626,"date":"2025-09-30T20:16:22","date_gmt":"2025-09-30T20:16:22","guid":{"rendered":"https:\/\/lovme.pt\/?post_type=product&p=46626"},"modified":"2026-02-19T20:07:34","modified_gmt":"2026-02-19T20:07:34","slug":"pretty-love-anel-warren-e-vibrador-anal-violeta","status":"publish","type":"product","link":"https:\/\/lovme.pt\/index.php\/produto\/pretty-love-anel-warren-e-vibrador-anal-violeta\/","title":{"rendered":"PRETTY LOVE &#8211; ANEL WARREN E VIBRADOR ANAL VIOLETA"},"content":{"rendered":"<p><font style=\"vertical-align:\"><font style=\"vertical-align:\">Este anel peniano com plugue anal com controle remoto \u00e9 uma combina\u00e7\u00e3o de anel peniano e esf\u00e9rico com um plugue anal vibrat\u00f3rio firmemente preso.<\/font><\/font><\/p>\n<p> <font style=\"vertical-align:\"><font style=\"vertical-align:\">O soquete pode ser facilmente controlado por controle remoto. Os an\u00e9is combinados seguram o p\u00eanis e os test\u00edculos com seguran\u00e7a e podem suportar a ere\u00e7\u00e3o de forma eficaz devido ao efeito de congest\u00e3o sangu\u00ednea. O plug anal inserido com seu design curvo especial e 12 modos diferentes de choque e vibra\u00e7\u00e3o que fornecer\u00e3o estimula\u00e7\u00e3o intensa de backdoor.<\/font><\/font><\/p>\n<p> <font style=\"vertical-align:\"><font style=\"vertical-align:\">\u00c9 coberto de silicone que tem uma textura de toque suave que \u00e9 \u00f3tima contra a pele. Fortalece o p\u00eanis e d\u00e1 prazer ao seu backdoor ao mesmo tempo!<\/font><\/font><\/p>\n<p> O controle remoto sem fio adiciona um elemento de conveni\u00eancia e divers\u00e3o \u00e0 experi\u00eancia. Com o toque de um bot\u00e3o, o usu\u00e1rio pode ajustar a intensidade, alternar entre os modos de vibra\u00e7\u00e3o e pulso e controlar todas as fun\u00e7\u00f5es sem interrup\u00e7\u00e3o. Al\u00e9m disso, o controle remoto permite que o casal participe ativamente da experi\u00eancia, criando novas possibilidades de intimidade compartilhada.<\/p>\n<p> A fun\u00e7\u00e3o de vibra\u00e7\u00e3o e pulsa\u00e7\u00e3o oferece uma ampla gama de sensa\u00e7\u00f5es para atender aos gostos individuais. De vibra\u00e7\u00f5es suaves e relaxantes a pulsa\u00e7\u00f5es mais intensas, este massageador permite que os usu\u00e1rios personalizem sua experi\u00eancia de massagem de acordo com suas prefer\u00eancias e necessidades espec\u00edficas a qualquer momento.<\/p>\n<p> <font style=\"vertical-align:\"><font style=\"vertical-align:\">Al\u00e9m disso, a tecnologia recarreg\u00e1vel torna este brinquedo ecologicamente correto e poupa voc\u00ea do inc\u00f4modo de trocar as pilhas com frequ\u00eancia. Basta conectar o dispositivo na porta de carregamento e esperar que ele carregue para aproveitar sess\u00f5es de massagem sem preocupa\u00e7\u00f5es.<\/font><\/font><\/p>\n<\/p>\n<p> <u><strong>CARACTER\u00cdSTICAS:<\/strong><\/u><\/p>\n<ul>\n<li> Fun\u00e7\u00e3o: 12 fun\u00e7\u00f5es de vibra\u00e7\u00e3o + 12 configura\u00e7\u00f5es de onda de pulso<\/li>\n<li> Carregamento: USB recarreg\u00e1vel + 1 pilha AAA<\/li>\n<li> Material: silicone ABS<\/li>\n<li> Cor: Violeta<\/li>\n<li> controle remoto sem fio<\/li>\n<\/ul>\n","protected":false},"excerpt":{"rendered":"<p>PRETTY LOVE &#8211; ANEL ANAL E VIBRADOR WARREN VIOLET<\/p>\n","protected":false},"featured_media":66891,"template":"","meta":{"_acf_changed":false},"product_brand":[],"product_cat":[17,59,60,63],"product_tag":[],"class_list":{"0":"post-46626","1":"product","2":"type-product","3":"status-publish","4":"has-post-thumbnail","6":"product_cat-brinquedos-de-bem-estar-sexual","7":"product_cat-para-casais","8":"product_cat-para-eles","9":"product_cat-sexo-anal","10":"yith_product_brand-pretty-love","11":"yith_product_brand-pretty-lovepretty-love-bottom","13":"first","14":"instock","15":"taxable","16":"shipping-taxable","17":"purchasable","18":"product-type-simple"},"acf":[],"yoast_head":"<!-- This site is optimized with the Yoast SEO plugin v27.3 - https:\/\/yoast.com\/product\/yoast-seo-wordpress\/ -->\n<title>PRETTY LOVE - ANEL WARREN E VIBRADOR ANAL VIOLETA - Lovme<\/title>\n<meta name=\"robots\" content=\"index, follow, max-snippet:-1, max-image-preview:large, max-video-preview:-1\" \/>\n<link rel=\"canonical\" href=\"https:\/\/lovme.pt\/index.php\/produto\/pretty-love-anel-warren-e-vibrador-anal-violeta\/\" \/>\n<meta property=\"og:locale\" content=\"pt_PT\" \/>\n<meta property=\"og:type\" content=\"article\" \/>\n<meta property=\"og:title\" content=\"PRETTY LOVE - ANEL WARREN E VIBRADOR ANAL VIOLETA - Lovme\" \/>\n<meta property=\"og:description\" content=\"PRETTY LOVE - ANEL ANAL E VIBRADOR WARREN VIOLET\" \/>\n<meta property=\"og:url\" content=\"https:\/\/lovme.pt\/index.php\/produto\/pretty-love-anel-warren-e-vibrador-anal-violeta\/\" \/>\n<meta property=\"og:site_name\" content=\"Lovme\" \/>\n<meta property=\"article:modified_time\" content=\"2026-02-19T20:07:34+00:00\" \/>\n<meta property=\"og:image\" content=\"https:\/\/erki24nd3ub.exactdn.com\/wp-content\/uploads\/dream\/img\/img_163602_ea2956259e82d2b7ca7cbaedf6fbaa83_1.jpg?strip=all\" \/>\n\t<meta property=\"og:image:width\" content=\"800\" \/>\n\t<meta property=\"og:image:height\" content=\"800\" \/>\n\t<meta property=\"og:image:type\" content=\"image\/jpeg\" \/>\n<meta name=\"twitter:card\" content=\"summary_large_image\" \/>\n<meta name=\"twitter:label1\" content=\"Tempo estimado de leitura\" \/>\n\t<meta name=\"twitter:data1\" content=\"2 minutos\" \/>\n<script type=\"application\/ld+json\" class=\"yoast-schema-graph\">{\"@context\":\"https:\\\/\\\/schema.org\",\"@graph\":[{\"@type\":\"WebPage\",\"@id\":\"https:\\\/\\\/lovme.pt\\\/index.php\\\/produto\\\/pretty-love-anel-warren-e-vibrador-anal-violeta\\\/\",\"url\":\"https:\\\/\\\/lovme.pt\\\/index.php\\\/produto\\\/pretty-love-anel-warren-e-vibrador-anal-violeta\\\/\",\"name\":\"PRETTY LOVE - ANEL WARREN E VIBRADOR ANAL VIOLETA - Lovme\",\"isPartOf\":{\"@id\":\"https:\\\/\\\/lovme.pt\\\/#website\"},\"primaryImageOfPage\":{\"@id\":\"https:\\\/\\\/lovme.pt\\\/index.php\\\/produto\\\/pretty-love-anel-warren-e-vibrador-anal-violeta\\\/#primaryimage\"},\"image\":{\"@id\":\"https:\\\/\\\/lovme.pt\\\/index.php\\\/produto\\\/pretty-love-anel-warren-e-vibrador-anal-violeta\\\/#primaryimage\"},\"thumbnailUrl\":\"https:\\\/\\\/erki24nd3ub.exactdn.com\\\/wp-content\\\/uploads\\\/dream\\\/img\\\/img_163602_ea2956259e82d2b7ca7cbaedf6fbaa83_1.jpg?strip=all\",\"datePublished\":\"2025-09-30T20:16:22+00:00\",\"dateModified\":\"2026-02-19T20:07:34+00:00\",\"breadcrumb\":{\"@id\":\"https:\\\/\\\/lovme.pt\\\/index.php\\\/produto\\\/pretty-love-anel-warren-e-vibrador-anal-violeta\\\/#breadcrumb\"},\"inLanguage\":\"pt-PT\",\"potentialAction\":[{\"@type\":\"ReadAction\",\"target\":[\"https:\\\/\\\/lovme.pt\\\/index.php\\\/produto\\\/pretty-love-anel-warren-e-vibrador-anal-violeta\\\/\"]}]},{\"@type\":\"ImageObject\",\"inLanguage\":\"pt-PT\",\"@id\":\"https:\\\/\\\/lovme.pt\\\/index.php\\\/produto\\\/pretty-love-anel-warren-e-vibrador-anal-violeta\\\/#primaryimage\",\"url\":\"https:\\\/\\\/erki24nd3ub.exactdn.com\\\/wp-content\\\/uploads\\\/dream\\\/img\\\/img_163602_ea2956259e82d2b7ca7cbaedf6fbaa83_1.jpg?strip=all\",\"contentUrl\":\"https:\\\/\\\/erki24nd3ub.exactdn.com\\\/wp-content\\\/uploads\\\/dream\\\/img\\\/img_163602_ea2956259e82d2b7ca7cbaedf6fbaa83_1.jpg?strip=all\",\"width\":800,\"height\":800},{\"@type\":\"BreadcrumbList\",\"@id\":\"https:\\\/\\\/lovme.pt\\\/index.php\\\/produto\\\/pretty-love-anel-warren-e-vibrador-anal-violeta\\\/#breadcrumb\",\"itemListElement\":[{\"@type\":\"ListItem\",\"position\":1,\"name\":\"In\u00edcio\",\"item\":\"https:\\\/\\\/lovme.pt\\\/\"},{\"@type\":\"ListItem\",\"position\":2,\"name\":\"Loja\",\"item\":\"https:\\\/\\\/lovme.pt\\\/index.php\\\/loja\\\/\"},{\"@type\":\"ListItem\",\"position\":3,\"name\":\"PRETTY LOVE &#8211; ANEL WARREN E VIBRADOR ANAL VIOLETA\"}]},{\"@type\":\"WebSite\",\"@id\":\"https:\\\/\\\/lovme.pt\\\/#website\",\"url\":\"https:\\\/\\\/lovme.pt\\\/\",\"name\":\"Lovme Loja Er\u00f3tica N\u00ba1 em Portugal\",\"description\":\"A melhor loja er\u00f3tica de Portugal.\",\"alternateName\":\"Loja Er\u00f3tica Lovme\",\"potentialAction\":[{\"@type\":\"SearchAction\",\"target\":{\"@type\":\"EntryPoint\",\"urlTemplate\":\"https:\\\/\\\/lovme.pt\\\/?s={search_term_string}\"},\"query-input\":{\"@type\":\"PropertyValueSpecification\",\"valueRequired\":true,\"valueName\":\"search_term_string\"}}],\"inLanguage\":\"pt-PT\"}]}<\/script>\n<!-- \/ Yoast SEO plugin. -->","yoast_head_json":{"title":"PRETTY LOVE - ANEL WARREN E VIBRADOR ANAL VIOLETA - Lovme","robots":{"index":"index","follow":"follow","max-snippet":"max-snippet:-1","max-image-preview":"max-image-preview:large","max-video-preview":"max-video-preview:-1"},"canonical":"https:\/\/lovme.pt\/index.php\/produto\/pretty-love-anel-warren-e-vibrador-anal-violeta\/","og_locale":"pt_PT","og_type":"article","og_title":"PRETTY LOVE - ANEL WARREN E VIBRADOR ANAL VIOLETA - Lovme","og_description":"PRETTY LOVE - ANEL ANAL E VIBRADOR WARREN VIOLET","og_url":"https:\/\/lovme.pt\/index.php\/produto\/pretty-love-anel-warren-e-vibrador-anal-violeta\/","og_site_name":"Lovme","article_modified_time":"2026-02-19T20:07:34+00:00","og_image":[{"width":800,"height":800,"url":"https:\/\/erki24nd3ub.exactdn.com\/wp-content\/uploads\/dream\/img\/img_163602_ea2956259e82d2b7ca7cbaedf6fbaa83_1.jpg?strip=all","type":"image\/jpeg"}],"twitter_card":"summary_large_image","twitter_misc":{"Tempo estimado de leitura":"2 minutos"},"schema":{"@context":"https:\/\/schema.org","@graph":[{"@type":"WebPage","@id":"https:\/\/lovme.pt\/index.php\/produto\/pretty-love-anel-warren-e-vibrador-anal-violeta\/","url":"https:\/\/lovme.pt\/index.php\/produto\/pretty-love-anel-warren-e-vibrador-anal-violeta\/","name":"PRETTY LOVE - ANEL WARREN E VIBRADOR ANAL VIOLETA - Lovme","isPartOf":{"@id":"https:\/\/lovme.pt\/#website"},"primaryImageOfPage":{"@id":"https:\/\/lovme.pt\/index.php\/produto\/pretty-love-anel-warren-e-vibrador-anal-violeta\/#primaryimage"},"image":{"@id":"https:\/\/lovme.pt\/index.php\/produto\/pretty-love-anel-warren-e-vibrador-anal-violeta\/#primaryimage"},"thumbnailUrl":"https:\/\/erki24nd3ub.exactdn.com\/wp-content\/uploads\/dream\/img\/img_163602_ea2956259e82d2b7ca7cbaedf6fbaa83_1.jpg?strip=all","datePublished":"2025-09-30T20:16:22+00:00","dateModified":"2026-02-19T20:07:34+00:00","breadcrumb":{"@id":"https:\/\/lovme.pt\/index.php\/produto\/pretty-love-anel-warren-e-vibrador-anal-violeta\/#breadcrumb"},"inLanguage":"pt-PT","potentialAction":[{"@type":"ReadAction","target":["https:\/\/lovme.pt\/index.php\/produto\/pretty-love-anel-warren-e-vibrador-anal-violeta\/"]}]},{"@type":"ImageObject","inLanguage":"pt-PT","@id":"https:\/\/lovme.pt\/index.php\/produto\/pretty-love-anel-warren-e-vibrador-anal-violeta\/#primaryimage","url":"https:\/\/erki24nd3ub.exactdn.com\/wp-content\/uploads\/dream\/img\/img_163602_ea2956259e82d2b7ca7cbaedf6fbaa83_1.jpg?strip=all","contentUrl":"https:\/\/erki24nd3ub.exactdn.com\/wp-content\/uploads\/dream\/img\/img_163602_ea2956259e82d2b7ca7cbaedf6fbaa83_1.jpg?strip=all","width":800,"height":800},{"@type":"BreadcrumbList","@id":"https:\/\/lovme.pt\/index.php\/produto\/pretty-love-anel-warren-e-vibrador-anal-violeta\/#breadcrumb","itemListElement":[{"@type":"ListItem","position":1,"name":"In\u00edcio","item":"https:\/\/lovme.pt\/"},{"@type":"ListItem","position":2,"name":"Loja","item":"https:\/\/lovme.pt\/index.php\/loja\/"},{"@type":"ListItem","position":3,"name":"PRETTY LOVE &#8211; ANEL WARREN E VIBRADOR ANAL VIOLETA"}]},{"@type":"WebSite","@id":"https:\/\/lovme.pt\/#website","url":"https:\/\/lovme.pt\/","name":"Lovme Loja Er\u00f3tica N\u00ba1 em Portugal","description":"A melhor loja er\u00f3tica de Portugal.","alternateName":"Loja Er\u00f3tica Lovme","potentialAction":[{"@type":"SearchAction","target":{"@type":"EntryPoint","urlTemplate":"https:\/\/lovme.pt\/?s={search_term_string}"},"query-input":{"@type":"PropertyValueSpecification","valueRequired":true,"valueName":"search_term_string"}}],"inLanguage":"pt-PT"}]}},"_links":{"self":[{"href":"https:\/\/lovme.pt\/index.php\/wp-json\/wp\/v2\/product\/46626","targetHints":{"allow":["GET"]}}],"collection":[{"href":"https:\/\/lovme.pt\/index.php\/wp-json\/wp\/v2\/product"}],"about":[{"href":"https:\/\/lovme.pt\/index.php\/wp-json\/wp\/v2\/types\/product"}],"wp:featuredmedia":[{"embeddable":true,"href":"https:\/\/lovme.pt\/index.php\/wp-json\/wp\/v2\/media\/66891"}],"wp:attachment":[{"href":"https:\/\/lovme.pt\/index.php\/wp-json\/wp\/v2\/media?parent=46626"}],"wp:term":[{"taxonomy":"product_brand","embeddable":true,"href":"https:\/\/lovme.pt\/index.php\/wp-json\/wp\/v2\/product_brand?post=46626"},{"taxonomy":"product_cat","embeddable":true,"href":"https:\/\/lovme.pt\/index.php\/wp-json\/wp\/v2\/product_cat?post=46626"},{"taxonomy":"product_tag","embeddable":true,"href":"https:\/\/lovme.pt\/index.php\/wp-json\/wp\/v2\/product_tag?post=46626"}],"curies":[{"name":"wp","href":"https:\/\/api.w.org\/{rel}","templated":true}]}}