{"id":46622,"date":"2025-09-30T20:47:41","date_gmt":"2025-09-30T20:47:41","guid":{"rendered":"https:\/\/lovme.pt\/?post_type=product&p=46622"},"modified":"2026-02-19T20:08:57","modified_gmt":"2026-02-19T20:08:57","slug":"pretty-love-controle-remoto-vibrador-nathan-duplo-prazer","status":"publish","type":"product","link":"https:\/\/lovme.pt\/index.php\/produto\/pretty-love-controle-remoto-vibrador-nathan-duplo-prazer\/","title":{"rendered":"PRETTY LOVE &#8211; CONTROLE REMOTO VIBRADOR NATHAN DUPLO PRAZER"},"content":{"rendered":"<p><font style=\"vertical-align:\"><font style=\"vertical-align:\">Uma vibra\u00e7\u00e3o perfeitamente compartilh\u00e1vel, projetada para ser usada sozinha ou durante o sexo, proporcionando estimula\u00e7\u00e3o interna e externa. Este fabuloso vibrador de silicone com 10 fun\u00e7\u00f5es \u00e9 o brinquedo sexual ideal para aumentar a paix\u00e3o por voc\u00ea e seu parceiro.<\/font><\/font><\/p>\n<p><font style=\"vertical-align:\"><font style=\"vertical-align:\">Apresentando um controle remoto sem fio com medidor digital, este vibrador \u00e9 perfeito para emo\u00e7\u00f5es solo e brincadeiras de casal. Entregue-o ao seu parceiro e deixe-o determinar qual das 10 configura\u00e7\u00f5es de vibra\u00e7\u00e3o voc\u00ea receber\u00e1.<\/font><\/font><\/p>\n<p><font style=\"vertical-align:\"><font style=\"vertical-align:\">Ergon\u00f4mico e feito de silicone de grau m\u00e9dico, hipoalerg\u00eanico e livre de l\u00e1tex e ftalatos, foi projetado especificamente para massagear o ponto G e o clit\u00f3ris ao mesmo tempo. Se voc\u00ea usar com um parceiro masculino, depois de inserir a parte mais estreita na vagina, convide-o para participar da festa.<\/font><\/font><\/p>\n<p><font style=\"vertical-align:\"><font style=\"vertical-align:\">Recarreg\u00e1vel e silencioso, voc\u00ea pode controlar seus 10 padr\u00f5es de vibra\u00e7\u00e3o intensos manualmente atrav\u00e9s de um \u00fanico bot\u00e3o ou remotamente usando o controle remoto inclu\u00eddo.<\/font><\/font><\/p>\n<p><font style=\"vertical-align:\"><font style=\"vertical-align:\">Para ligar o vibrador, pressione e segure o bot\u00e3o liga \/ desliga pr\u00f3ximo ao logotipo da marca por alguns segundos. Pressione o mesmo bot\u00e3o novamente para alterar o modo de vibra\u00e7\u00e3o e segure-o novamente por alguns segundos para deslig\u00e1-lo. Voc\u00ea quer control\u00e1-lo com o controle remoto? Pressione o bot\u00e3o liga\/desliga do controle remoto por cinco segundos at\u00e9 que ele comece a vibrar. Lembramos que o controle remoto tem alcance de at\u00e9 2,5 metros.<\/font><\/font><\/p>\n<p><font style=\"vertical-align:\"><font style=\"vertical-align:\">Utilize-o com lubrificante \u00e0 base de \u00e1gua e lave-o bem ap\u00f3s cada uso com \u00e1gua morna e sab\u00e3o neutro.<\/font><\/font><\/p>\n<p>\u00a0<\/p>\n<p><u><strong>CARACTER\u00cdSTICAS:<\/strong><\/u><\/p>\n<ul>\n<li>Fun\u00e7\u00e3o: 10 fun\u00e7\u00f5es de vibra\u00e7\u00e3o + 9 n\u00edveis de velocidade<\/li>\n<li>Carregamento: USB recarreg\u00e1vel<\/li>\n<li>Material: silicone ABS<\/li>\n<li>Cor preta<\/li>\n<li>controle remoto sem fio<\/li>\n<\/ul>\n","protected":false},"excerpt":{"rendered":"<p>PRETTY LOVE &#8211; CONTROLE REMOTO VIBRADOR NATHAN DUPLO PRAZER<\/p>\n","protected":false},"featured_media":72776,"template":"","meta":{"_acf_changed":false},"product_brand":[],"product_cat":[17,61,76],"product_tag":[],"class_list":{"0":"post-46622","1":"product","2":"type-product","3":"status-publish","4":"has-post-thumbnail","6":"product_cat-brinquedos-de-bem-estar-sexual","7":"product_cat-para-elas","8":"product_cat-vibradores","9":"yith_product_brand-pretty-love","10":"yith_product_brand-pretty-lovepretty-love-c-type","12":"first","13":"instock","14":"taxable","15":"shipping-taxable","16":"purchasable","17":"product-type-simple"},"acf":[],"yoast_head":"<!-- This site is optimized with the Yoast SEO plugin v27.4 - https:\/\/yoast.com\/product\/yoast-seo-wordpress\/ -->\n<title>PRETTY LOVE - CONTROLE REMOTO VIBRADOR NATHAN DUPLO PRAZER - Lovme<\/title>\n<meta name=\"robots\" content=\"index, follow, max-snippet:-1, max-image-preview:large, max-video-preview:-1\" \/>\n<link rel=\"canonical\" href=\"https:\/\/lovme.pt\/index.php\/produto\/pretty-love-controle-remoto-vibrador-nathan-duplo-prazer\/\" \/>\n<meta property=\"og:locale\" content=\"pt_PT\" \/>\n<meta property=\"og:type\" content=\"article\" \/>\n<meta property=\"og:title\" content=\"PRETTY LOVE - CONTROLE REMOTO VIBRADOR NATHAN DUPLO PRAZER - Lovme\" \/>\n<meta property=\"og:description\" content=\"PRETTY LOVE - CONTROLE REMOTO VIBRADOR NATHAN DUPLO PRAZER\" \/>\n<meta property=\"og:url\" content=\"https:\/\/lovme.pt\/index.php\/produto\/pretty-love-controle-remoto-vibrador-nathan-duplo-prazer\/\" \/>\n<meta property=\"og:site_name\" content=\"Lovme\" \/>\n<meta property=\"article:modified_time\" content=\"2026-02-19T20:08:57+00:00\" \/>\n<meta property=\"og:image\" content=\"https:\/\/erki24nd3ub.exactdn.com\/wp-content\/uploads\/dream\/img\/img_163574_811e4e99ff419e533ff32bbb3a97822f_1.jpg?strip=all\" \/>\n\t<meta property=\"og:image:width\" content=\"800\" \/>\n\t<meta property=\"og:image:height\" content=\"800\" \/>\n\t<meta property=\"og:image:type\" content=\"image\/jpeg\" \/>\n<meta name=\"twitter:card\" content=\"summary_large_image\" \/>\n<meta name=\"twitter:label1\" content=\"Tempo estimado de leitura\" \/>\n\t<meta name=\"twitter:data1\" content=\"1 minuto\" \/>\n<script type=\"application\/ld+json\" class=\"yoast-schema-graph\">{\"@context\":\"https:\\\/\\\/schema.org\",\"@graph\":[{\"@type\":\"WebPage\",\"@id\":\"https:\\\/\\\/lovme.pt\\\/index.php\\\/produto\\\/pretty-love-controle-remoto-vibrador-nathan-duplo-prazer\\\/\",\"url\":\"https:\\\/\\\/lovme.pt\\\/index.php\\\/produto\\\/pretty-love-controle-remoto-vibrador-nathan-duplo-prazer\\\/\",\"name\":\"PRETTY LOVE - CONTROLE REMOTO VIBRADOR NATHAN DUPLO PRAZER - Lovme\",\"isPartOf\":{\"@id\":\"https:\\\/\\\/lovme.pt\\\/#website\"},\"primaryImageOfPage\":{\"@id\":\"https:\\\/\\\/lovme.pt\\\/index.php\\\/produto\\\/pretty-love-controle-remoto-vibrador-nathan-duplo-prazer\\\/#primaryimage\"},\"image\":{\"@id\":\"https:\\\/\\\/lovme.pt\\\/index.php\\\/produto\\\/pretty-love-controle-remoto-vibrador-nathan-duplo-prazer\\\/#primaryimage\"},\"thumbnailUrl\":\"https:\\\/\\\/erki24nd3ub.exactdn.com\\\/wp-content\\\/uploads\\\/dream\\\/img\\\/img_163574_811e4e99ff419e533ff32bbb3a97822f_1.jpg?strip=all\",\"datePublished\":\"2025-09-30T20:47:41+00:00\",\"dateModified\":\"2026-02-19T20:08:57+00:00\",\"breadcrumb\":{\"@id\":\"https:\\\/\\\/lovme.pt\\\/index.php\\\/produto\\\/pretty-love-controle-remoto-vibrador-nathan-duplo-prazer\\\/#breadcrumb\"},\"inLanguage\":\"pt-PT\",\"potentialAction\":[{\"@type\":\"ReadAction\",\"target\":[\"https:\\\/\\\/lovme.pt\\\/index.php\\\/produto\\\/pretty-love-controle-remoto-vibrador-nathan-duplo-prazer\\\/\"]}]},{\"@type\":\"ImageObject\",\"inLanguage\":\"pt-PT\",\"@id\":\"https:\\\/\\\/lovme.pt\\\/index.php\\\/produto\\\/pretty-love-controle-remoto-vibrador-nathan-duplo-prazer\\\/#primaryimage\",\"url\":\"https:\\\/\\\/erki24nd3ub.exactdn.com\\\/wp-content\\\/uploads\\\/dream\\\/img\\\/img_163574_811e4e99ff419e533ff32bbb3a97822f_1.jpg?strip=all\",\"contentUrl\":\"https:\\\/\\\/erki24nd3ub.exactdn.com\\\/wp-content\\\/uploads\\\/dream\\\/img\\\/img_163574_811e4e99ff419e533ff32bbb3a97822f_1.jpg?strip=all\",\"width\":800,\"height\":800},{\"@type\":\"BreadcrumbList\",\"@id\":\"https:\\\/\\\/lovme.pt\\\/index.php\\\/produto\\\/pretty-love-controle-remoto-vibrador-nathan-duplo-prazer\\\/#breadcrumb\",\"itemListElement\":[{\"@type\":\"ListItem\",\"position\":1,\"name\":\"In\u00edcio\",\"item\":\"https:\\\/\\\/lovme.pt\\\/\"},{\"@type\":\"ListItem\",\"position\":2,\"name\":\"Loja\",\"item\":\"https:\\\/\\\/lovme.pt\\\/index.php\\\/loja\\\/\"},{\"@type\":\"ListItem\",\"position\":3,\"name\":\"PRETTY LOVE &#8211; CONTROLE REMOTO VIBRADOR NATHAN DUPLO PRAZER\"}]},{\"@type\":\"WebSite\",\"@id\":\"https:\\\/\\\/lovme.pt\\\/#website\",\"url\":\"https:\\\/\\\/lovme.pt\\\/\",\"name\":\"Lovme Loja Er\u00f3tica N\u00ba1 em Portugal\",\"description\":\"A melhor loja er\u00f3tica de Portugal.\",\"alternateName\":\"Loja Er\u00f3tica Lovme\",\"potentialAction\":[{\"@type\":\"SearchAction\",\"target\":{\"@type\":\"EntryPoint\",\"urlTemplate\":\"https:\\\/\\\/lovme.pt\\\/?s={search_term_string}\"},\"query-input\":{\"@type\":\"PropertyValueSpecification\",\"valueRequired\":true,\"valueName\":\"search_term_string\"}}],\"inLanguage\":\"pt-PT\"}]}<\/script>\n<!-- \/ Yoast SEO plugin. -->","yoast_head_json":{"title":"PRETTY LOVE - CONTROLE REMOTO VIBRADOR NATHAN DUPLO PRAZER - Lovme","robots":{"index":"index","follow":"follow","max-snippet":"max-snippet:-1","max-image-preview":"max-image-preview:large","max-video-preview":"max-video-preview:-1"},"canonical":"https:\/\/lovme.pt\/index.php\/produto\/pretty-love-controle-remoto-vibrador-nathan-duplo-prazer\/","og_locale":"pt_PT","og_type":"article","og_title":"PRETTY LOVE - CONTROLE REMOTO VIBRADOR NATHAN DUPLO PRAZER - Lovme","og_description":"PRETTY LOVE - CONTROLE REMOTO VIBRADOR NATHAN DUPLO PRAZER","og_url":"https:\/\/lovme.pt\/index.php\/produto\/pretty-love-controle-remoto-vibrador-nathan-duplo-prazer\/","og_site_name":"Lovme","article_modified_time":"2026-02-19T20:08:57+00:00","og_image":[{"width":800,"height":800,"url":"https:\/\/erki24nd3ub.exactdn.com\/wp-content\/uploads\/dream\/img\/img_163574_811e4e99ff419e533ff32bbb3a97822f_1.jpg?strip=all","type":"image\/jpeg"}],"twitter_card":"summary_large_image","twitter_misc":{"Tempo estimado de leitura":"1 minuto"},"schema":{"@context":"https:\/\/schema.org","@graph":[{"@type":"WebPage","@id":"https:\/\/lovme.pt\/index.php\/produto\/pretty-love-controle-remoto-vibrador-nathan-duplo-prazer\/","url":"https:\/\/lovme.pt\/index.php\/produto\/pretty-love-controle-remoto-vibrador-nathan-duplo-prazer\/","name":"PRETTY LOVE - CONTROLE REMOTO VIBRADOR NATHAN DUPLO PRAZER - Lovme","isPartOf":{"@id":"https:\/\/lovme.pt\/#website"},"primaryImageOfPage":{"@id":"https:\/\/lovme.pt\/index.php\/produto\/pretty-love-controle-remoto-vibrador-nathan-duplo-prazer\/#primaryimage"},"image":{"@id":"https:\/\/lovme.pt\/index.php\/produto\/pretty-love-controle-remoto-vibrador-nathan-duplo-prazer\/#primaryimage"},"thumbnailUrl":"https:\/\/erki24nd3ub.exactdn.com\/wp-content\/uploads\/dream\/img\/img_163574_811e4e99ff419e533ff32bbb3a97822f_1.jpg?strip=all","datePublished":"2025-09-30T20:47:41+00:00","dateModified":"2026-02-19T20:08:57+00:00","breadcrumb":{"@id":"https:\/\/lovme.pt\/index.php\/produto\/pretty-love-controle-remoto-vibrador-nathan-duplo-prazer\/#breadcrumb"},"inLanguage":"pt-PT","potentialAction":[{"@type":"ReadAction","target":["https:\/\/lovme.pt\/index.php\/produto\/pretty-love-controle-remoto-vibrador-nathan-duplo-prazer\/"]}]},{"@type":"ImageObject","inLanguage":"pt-PT","@id":"https:\/\/lovme.pt\/index.php\/produto\/pretty-love-controle-remoto-vibrador-nathan-duplo-prazer\/#primaryimage","url":"https:\/\/erki24nd3ub.exactdn.com\/wp-content\/uploads\/dream\/img\/img_163574_811e4e99ff419e533ff32bbb3a97822f_1.jpg?strip=all","contentUrl":"https:\/\/erki24nd3ub.exactdn.com\/wp-content\/uploads\/dream\/img\/img_163574_811e4e99ff419e533ff32bbb3a97822f_1.jpg?strip=all","width":800,"height":800},{"@type":"BreadcrumbList","@id":"https:\/\/lovme.pt\/index.php\/produto\/pretty-love-controle-remoto-vibrador-nathan-duplo-prazer\/#breadcrumb","itemListElement":[{"@type":"ListItem","position":1,"name":"In\u00edcio","item":"https:\/\/lovme.pt\/"},{"@type":"ListItem","position":2,"name":"Loja","item":"https:\/\/lovme.pt\/index.php\/loja\/"},{"@type":"ListItem","position":3,"name":"PRETTY LOVE &#8211; CONTROLE REMOTO VIBRADOR NATHAN DUPLO PRAZER"}]},{"@type":"WebSite","@id":"https:\/\/lovme.pt\/#website","url":"https:\/\/lovme.pt\/","name":"Lovme Loja Er\u00f3tica N\u00ba1 em Portugal","description":"A melhor loja er\u00f3tica de Portugal.","alternateName":"Loja Er\u00f3tica Lovme","potentialAction":[{"@type":"SearchAction","target":{"@type":"EntryPoint","urlTemplate":"https:\/\/lovme.pt\/?s={search_term_string}"},"query-input":{"@type":"PropertyValueSpecification","valueRequired":true,"valueName":"search_term_string"}}],"inLanguage":"pt-PT"}]}},"_links":{"self":[{"href":"https:\/\/lovme.pt\/index.php\/wp-json\/wp\/v2\/product\/46622","targetHints":{"allow":["GET"]}}],"collection":[{"href":"https:\/\/lovme.pt\/index.php\/wp-json\/wp\/v2\/product"}],"about":[{"href":"https:\/\/lovme.pt\/index.php\/wp-json\/wp\/v2\/types\/product"}],"wp:featuredmedia":[{"embeddable":true,"href":"https:\/\/lovme.pt\/index.php\/wp-json\/wp\/v2\/media\/72776"}],"wp:attachment":[{"href":"https:\/\/lovme.pt\/index.php\/wp-json\/wp\/v2\/media?parent=46622"}],"wp:term":[{"taxonomy":"product_brand","embeddable":true,"href":"https:\/\/lovme.pt\/index.php\/wp-json\/wp\/v2\/product_brand?post=46622"},{"taxonomy":"product_cat","embeddable":true,"href":"https:\/\/lovme.pt\/index.php\/wp-json\/wp\/v2\/product_cat?post=46622"},{"taxonomy":"product_tag","embeddable":true,"href":"https:\/\/lovme.pt\/index.php\/wp-json\/wp\/v2\/product_tag?post=46622"}],"curies":[{"name":"wp","href":"https:\/\/api.w.org\/{rel}","templated":true}]}}