{"id":46621,"date":"2025-09-30T10:12:41","date_gmt":"2025-09-30T10:12:41","guid":{"rendered":"https:\/\/lovme.pt\/?post_type=product&p=46621"},"modified":"2026-02-19T20:06:56","modified_gmt":"2026-02-19T20:06:56","slug":"pretty-love-anel-vibrador-figgy-green-coelho","status":"publish","type":"product","link":"https:\/\/lovme.pt\/index.php\/produto\/pretty-love-anel-vibrador-figgy-green-coelho\/","title":{"rendered":"PRETTY LOVE &#8211; ANEL VIBRADOR FIGGY GREEN COELHO"},"content":{"rendered":"<p><font style=\"vertical-align:\"><font style=\"vertical-align:\">Este coelho vibrante \u00e9 a vers\u00e3o nova e aprimorada do anel peniano mais vendido da Pretty Love, agora com vibra\u00e7\u00f5es silenciosas e uma bateria AAA atualizada e de maior dura\u00e7\u00e3o, tudo em embalagem compost\u00e1vel.<\/font><\/font><\/p>\n<p> <font style=\"vertical-align:\"><font style=\"vertical-align:\">Como antes, ele usa um design de silicone el\u00e1stico para manter o brinquedo no lugar, com um anel que envolve o eixo do usu\u00e1rio e o outro fica sobre as bolas para um ajuste seguro.<\/font> <font style=\"vertical-align:\">O anel do eixo restringe o fluxo sangu\u00edneo para fora do p\u00eanis para ajudar o usu\u00e1rio a manter uma ere\u00e7\u00e3o mais dura por mais tempo. Isso tamb\u00e9m intensifica seus orgasmos para um final ultra-explosivo!<\/font><\/font><\/p>\n<p> <font style=\"vertical-align:\"><font style=\"vertical-align:\">O formato exclusivo de coelho do anel n\u00e3o s\u00f3 adiciona um toque l\u00fadico, mas tamb\u00e9m tem uma fun\u00e7\u00e3o pr\u00e1tica. As orelhas do coelhinho est\u00e3o estrategicamente posicionadas para estimular o clit\u00f3ris durante a penetra\u00e7\u00e3o, proporcionando assim prazer adicional ao parceiro. Al\u00e9m disso, sua cor verde vibrante adiciona um elemento de divers\u00e3o e estilo \u00e0s brincadeiras \u00edntimas.<\/font><\/font><\/p>\n<p> <font style=\"vertical-align:\"><font style=\"vertical-align:\">A impermeabiliza\u00e7\u00e3o deste anel permite levar a divers\u00e3o para al\u00e9m do quarto, pois \u00e9 seguro para utiliza\u00e7\u00e3o no duche ou na banheira. Isto proporciona a possibilidade de explorar novas fronteiras na intimidade e experimentar sensa\u00e7\u00f5es \u00fanicas num ambiente aqu\u00e1tico.<\/font><\/font><\/p>\n<p> <font style=\"vertical-align:\"><font style=\"vertical-align:\">A versatilidade das vibra\u00e7\u00f5es ajust\u00e1veis do anel permite personalizar a experi\u00eancia de acordo com as prefer\u00eancias de cada utilizador. Desde pulsa\u00e7\u00f5es suaves at\u00e9 vibra\u00e7\u00f5es mais intensas, este brinquedo adapta-se a diferentes n\u00edveis de sensibilidade, garantindo um prazer \u00e0 medida.<\/font><\/font><\/p>\n<p> <font style=\"vertical-align:\"><font style=\"vertical-align:\">O material de toque suave e seguro para o corpo do anel garante conforto durante o uso. Seu design ergon\u00f4mico se ajusta confortavelmente ao redor do p\u00eanis, proporcionando uma sensa\u00e7\u00e3o de aperto que pode ajudar a melhorar a resist\u00eancia e prolongar a ere\u00e7\u00e3o, ao mesmo tempo que aumenta a estimula\u00e7\u00e3o para ambos os parceiros.<\/font><\/font><\/p>\n<\/p>\n<p> <u><strong>CARACTER\u00cdSTICAS:<\/strong><\/u><\/p>\n<ul>\n<li> Fun\u00e7\u00e3o: 10 fun\u00e7\u00f5es de vibra\u00e7\u00e3o<\/li>\n<li> Carregamento: 1 bateria AAA<\/li>\n<li> Material: silicone ABS<\/li>\n<li> Cor verde<\/li>\n<\/ul>\n","protected":false},"excerpt":{"rendered":"<p>PRETTY LOVE &#8211; ANEL VIBRADOR FIGGY GREEN COELHO<\/p>\n","protected":false},"featured_media":64099,"template":"","meta":{"_acf_changed":false},"product_brand":[],"product_cat":[17,59,60],"product_tag":[],"class_list":{"0":"post-46621","1":"product","2":"type-product","3":"status-publish","4":"has-post-thumbnail","6":"product_cat-brinquedos-de-bem-estar-sexual","7":"product_cat-para-casais","8":"product_cat-para-eles","9":"yith_product_brand-pretty-love","10":"yith_product_brand-pretty-lovepretty-love-male","12":"first","13":"instock","14":"taxable","15":"shipping-taxable","16":"purchasable","17":"product-type-simple"},"acf":[],"yoast_head":"<!-- This site is optimized with the Yoast SEO plugin v27.4 - https:\/\/yoast.com\/product\/yoast-seo-wordpress\/ -->\n<title>PRETTY LOVE - ANEL VIBRADOR FIGGY GREEN COELHO - Lovme<\/title>\n<meta name=\"robots\" content=\"index, follow, max-snippet:-1, max-image-preview:large, max-video-preview:-1\" \/>\n<link rel=\"canonical\" href=\"https:\/\/lovme.pt\/index.php\/produto\/pretty-love-anel-vibrador-figgy-green-coelho\/\" \/>\n<meta property=\"og:locale\" content=\"pt_PT\" \/>\n<meta property=\"og:type\" content=\"article\" \/>\n<meta property=\"og:title\" content=\"PRETTY LOVE - ANEL VIBRADOR FIGGY GREEN COELHO - Lovme\" \/>\n<meta property=\"og:description\" content=\"PRETTY LOVE - ANEL VIBRADOR FIGGY GREEN COELHO\" \/>\n<meta property=\"og:url\" content=\"https:\/\/lovme.pt\/index.php\/produto\/pretty-love-anel-vibrador-figgy-green-coelho\/\" \/>\n<meta property=\"og:site_name\" content=\"Lovme\" \/>\n<meta property=\"article:modified_time\" content=\"2026-02-19T20:06:56+00:00\" \/>\n<meta property=\"og:image\" content=\"https:\/\/erki24nd3ub.exactdn.com\/wp-content\/uploads\/dream\/img\/img_163568_f7b577feb942e4c7ad17311ef069defc_1.jpg?strip=all\" \/>\n\t<meta property=\"og:image:width\" content=\"800\" \/>\n\t<meta property=\"og:image:height\" content=\"800\" \/>\n\t<meta property=\"og:image:type\" content=\"image\/jpeg\" \/>\n<meta name=\"twitter:card\" content=\"summary_large_image\" \/>\n<meta name=\"twitter:label1\" content=\"Tempo estimado de leitura\" \/>\n\t<meta name=\"twitter:data1\" content=\"2 minutos\" \/>\n<script type=\"application\/ld+json\" class=\"yoast-schema-graph\">{\"@context\":\"https:\\\/\\\/schema.org\",\"@graph\":[{\"@type\":\"WebPage\",\"@id\":\"https:\\\/\\\/lovme.pt\\\/index.php\\\/produto\\\/pretty-love-anel-vibrador-figgy-green-coelho\\\/\",\"url\":\"https:\\\/\\\/lovme.pt\\\/index.php\\\/produto\\\/pretty-love-anel-vibrador-figgy-green-coelho\\\/\",\"name\":\"PRETTY LOVE - ANEL VIBRADOR FIGGY GREEN COELHO - Lovme\",\"isPartOf\":{\"@id\":\"https:\\\/\\\/lovme.pt\\\/#website\"},\"primaryImageOfPage\":{\"@id\":\"https:\\\/\\\/lovme.pt\\\/index.php\\\/produto\\\/pretty-love-anel-vibrador-figgy-green-coelho\\\/#primaryimage\"},\"image\":{\"@id\":\"https:\\\/\\\/lovme.pt\\\/index.php\\\/produto\\\/pretty-love-anel-vibrador-figgy-green-coelho\\\/#primaryimage\"},\"thumbnailUrl\":\"https:\\\/\\\/erki24nd3ub.exactdn.com\\\/wp-content\\\/uploads\\\/dream\\\/img\\\/img_163568_f7b577feb942e4c7ad17311ef069defc_1.jpg?strip=all\",\"datePublished\":\"2025-09-30T10:12:41+00:00\",\"dateModified\":\"2026-02-19T20:06:56+00:00\",\"breadcrumb\":{\"@id\":\"https:\\\/\\\/lovme.pt\\\/index.php\\\/produto\\\/pretty-love-anel-vibrador-figgy-green-coelho\\\/#breadcrumb\"},\"inLanguage\":\"pt-PT\",\"potentialAction\":[{\"@type\":\"ReadAction\",\"target\":[\"https:\\\/\\\/lovme.pt\\\/index.php\\\/produto\\\/pretty-love-anel-vibrador-figgy-green-coelho\\\/\"]}]},{\"@type\":\"ImageObject\",\"inLanguage\":\"pt-PT\",\"@id\":\"https:\\\/\\\/lovme.pt\\\/index.php\\\/produto\\\/pretty-love-anel-vibrador-figgy-green-coelho\\\/#primaryimage\",\"url\":\"https:\\\/\\\/erki24nd3ub.exactdn.com\\\/wp-content\\\/uploads\\\/dream\\\/img\\\/img_163568_f7b577feb942e4c7ad17311ef069defc_1.jpg?strip=all\",\"contentUrl\":\"https:\\\/\\\/erki24nd3ub.exactdn.com\\\/wp-content\\\/uploads\\\/dream\\\/img\\\/img_163568_f7b577feb942e4c7ad17311ef069defc_1.jpg?strip=all\",\"width\":800,\"height\":800},{\"@type\":\"BreadcrumbList\",\"@id\":\"https:\\\/\\\/lovme.pt\\\/index.php\\\/produto\\\/pretty-love-anel-vibrador-figgy-green-coelho\\\/#breadcrumb\",\"itemListElement\":[{\"@type\":\"ListItem\",\"position\":1,\"name\":\"In\u00edcio\",\"item\":\"https:\\\/\\\/lovme.pt\\\/\"},{\"@type\":\"ListItem\",\"position\":2,\"name\":\"Loja\",\"item\":\"https:\\\/\\\/lovme.pt\\\/index.php\\\/loja\\\/\"},{\"@type\":\"ListItem\",\"position\":3,\"name\":\"PRETTY LOVE &#8211; ANEL VIBRADOR FIGGY GREEN COELHO\"}]},{\"@type\":\"WebSite\",\"@id\":\"https:\\\/\\\/lovme.pt\\\/#website\",\"url\":\"https:\\\/\\\/lovme.pt\\\/\",\"name\":\"Lovme Loja Er\u00f3tica N\u00ba1 em Portugal\",\"description\":\"A melhor loja er\u00f3tica de Portugal.\",\"alternateName\":\"Loja Er\u00f3tica Lovme\",\"potentialAction\":[{\"@type\":\"SearchAction\",\"target\":{\"@type\":\"EntryPoint\",\"urlTemplate\":\"https:\\\/\\\/lovme.pt\\\/?s={search_term_string}\"},\"query-input\":{\"@type\":\"PropertyValueSpecification\",\"valueRequired\":true,\"valueName\":\"search_term_string\"}}],\"inLanguage\":\"pt-PT\"}]}<\/script>\n<!-- \/ Yoast SEO plugin. -->","yoast_head_json":{"title":"PRETTY LOVE - ANEL VIBRADOR FIGGY GREEN COELHO - Lovme","robots":{"index":"index","follow":"follow","max-snippet":"max-snippet:-1","max-image-preview":"max-image-preview:large","max-video-preview":"max-video-preview:-1"},"canonical":"https:\/\/lovme.pt\/index.php\/produto\/pretty-love-anel-vibrador-figgy-green-coelho\/","og_locale":"pt_PT","og_type":"article","og_title":"PRETTY LOVE - ANEL VIBRADOR FIGGY GREEN COELHO - Lovme","og_description":"PRETTY LOVE - ANEL VIBRADOR FIGGY GREEN COELHO","og_url":"https:\/\/lovme.pt\/index.php\/produto\/pretty-love-anel-vibrador-figgy-green-coelho\/","og_site_name":"Lovme","article_modified_time":"2026-02-19T20:06:56+00:00","og_image":[{"width":800,"height":800,"url":"https:\/\/erki24nd3ub.exactdn.com\/wp-content\/uploads\/dream\/img\/img_163568_f7b577feb942e4c7ad17311ef069defc_1.jpg?strip=all","type":"image\/jpeg"}],"twitter_card":"summary_large_image","twitter_misc":{"Tempo estimado de leitura":"2 minutos"},"schema":{"@context":"https:\/\/schema.org","@graph":[{"@type":"WebPage","@id":"https:\/\/lovme.pt\/index.php\/produto\/pretty-love-anel-vibrador-figgy-green-coelho\/","url":"https:\/\/lovme.pt\/index.php\/produto\/pretty-love-anel-vibrador-figgy-green-coelho\/","name":"PRETTY LOVE - ANEL VIBRADOR FIGGY GREEN COELHO - Lovme","isPartOf":{"@id":"https:\/\/lovme.pt\/#website"},"primaryImageOfPage":{"@id":"https:\/\/lovme.pt\/index.php\/produto\/pretty-love-anel-vibrador-figgy-green-coelho\/#primaryimage"},"image":{"@id":"https:\/\/lovme.pt\/index.php\/produto\/pretty-love-anel-vibrador-figgy-green-coelho\/#primaryimage"},"thumbnailUrl":"https:\/\/erki24nd3ub.exactdn.com\/wp-content\/uploads\/dream\/img\/img_163568_f7b577feb942e4c7ad17311ef069defc_1.jpg?strip=all","datePublished":"2025-09-30T10:12:41+00:00","dateModified":"2026-02-19T20:06:56+00:00","breadcrumb":{"@id":"https:\/\/lovme.pt\/index.php\/produto\/pretty-love-anel-vibrador-figgy-green-coelho\/#breadcrumb"},"inLanguage":"pt-PT","potentialAction":[{"@type":"ReadAction","target":["https:\/\/lovme.pt\/index.php\/produto\/pretty-love-anel-vibrador-figgy-green-coelho\/"]}]},{"@type":"ImageObject","inLanguage":"pt-PT","@id":"https:\/\/lovme.pt\/index.php\/produto\/pretty-love-anel-vibrador-figgy-green-coelho\/#primaryimage","url":"https:\/\/erki24nd3ub.exactdn.com\/wp-content\/uploads\/dream\/img\/img_163568_f7b577feb942e4c7ad17311ef069defc_1.jpg?strip=all","contentUrl":"https:\/\/erki24nd3ub.exactdn.com\/wp-content\/uploads\/dream\/img\/img_163568_f7b577feb942e4c7ad17311ef069defc_1.jpg?strip=all","width":800,"height":800},{"@type":"BreadcrumbList","@id":"https:\/\/lovme.pt\/index.php\/produto\/pretty-love-anel-vibrador-figgy-green-coelho\/#breadcrumb","itemListElement":[{"@type":"ListItem","position":1,"name":"In\u00edcio","item":"https:\/\/lovme.pt\/"},{"@type":"ListItem","position":2,"name":"Loja","item":"https:\/\/lovme.pt\/index.php\/loja\/"},{"@type":"ListItem","position":3,"name":"PRETTY LOVE &#8211; ANEL VIBRADOR FIGGY GREEN COELHO"}]},{"@type":"WebSite","@id":"https:\/\/lovme.pt\/#website","url":"https:\/\/lovme.pt\/","name":"Lovme Loja Er\u00f3tica N\u00ba1 em Portugal","description":"A melhor loja er\u00f3tica de Portugal.","alternateName":"Loja Er\u00f3tica Lovme","potentialAction":[{"@type":"SearchAction","target":{"@type":"EntryPoint","urlTemplate":"https:\/\/lovme.pt\/?s={search_term_string}"},"query-input":{"@type":"PropertyValueSpecification","valueRequired":true,"valueName":"search_term_string"}}],"inLanguage":"pt-PT"}]}},"_links":{"self":[{"href":"https:\/\/lovme.pt\/index.php\/wp-json\/wp\/v2\/product\/46621","targetHints":{"allow":["GET"]}}],"collection":[{"href":"https:\/\/lovme.pt\/index.php\/wp-json\/wp\/v2\/product"}],"about":[{"href":"https:\/\/lovme.pt\/index.php\/wp-json\/wp\/v2\/types\/product"}],"wp:featuredmedia":[{"embeddable":true,"href":"https:\/\/lovme.pt\/index.php\/wp-json\/wp\/v2\/media\/64099"}],"wp:attachment":[{"href":"https:\/\/lovme.pt\/index.php\/wp-json\/wp\/v2\/media?parent=46621"}],"wp:term":[{"taxonomy":"product_brand","embeddable":true,"href":"https:\/\/lovme.pt\/index.php\/wp-json\/wp\/v2\/product_brand?post=46621"},{"taxonomy":"product_cat","embeddable":true,"href":"https:\/\/lovme.pt\/index.php\/wp-json\/wp\/v2\/product_cat?post=46621"},{"taxonomy":"product_tag","embeddable":true,"href":"https:\/\/lovme.pt\/index.php\/wp-json\/wp\/v2\/product_tag?post=46621"}],"curies":[{"name":"wp","href":"https:\/\/api.w.org\/{rel}","templated":true}]}}