{"id":46618,"date":"2025-09-30T20:47:38","date_gmt":"2025-09-30T20:47:38","guid":{"rendered":"https:\/\/lovme.pt\/?post_type=product&p=46618"},"modified":"2026-02-19T20:08:57","modified_gmt":"2026-02-19T20:08:57","slug":"pretty-love-ovo-vibrante-mina-controle-remoto-azul","status":"publish","type":"product","link":"https:\/\/lovme.pt\/index.php\/produto\/pretty-love-ovo-vibrante-mina-controle-remoto-azul\/","title":{"rendered":"PRETTY LOVE &#8211; OVO VIBRANTE MINA CONTROLE REMOTO AZUL"},"content":{"rendered":"<p>Um ovo de controle remoto suave com 10 configura\u00e7\u00f5es de vibra\u00e7\u00e3o poderosas. Este ovo vibrat\u00f3rio remoto multivelocidades \u00e9 perfeito para casais ou para divers\u00e3o solo discreta ou para passar os controles ao seu parceiro e ter um orgasmo em casa ou em p\u00fablico, sem que ningu\u00e9m saiba e deixe que eles o estimulem ao conte\u00fado! do seu cora\u00e7\u00e3o! Ele tamb\u00e9m possui uma tela LCD digital f\u00e1cil de usar que mostra as configura\u00e7\u00f5es e o n\u00edvel da bateria.<\/p>\n<p>O ovo vibrat\u00f3rio com controle remoto \u00e9 uma joia inovadora de tecnologia projetada para proporcionar experi\u00eancias \u00edntimas sensuais e emocionantes. Feito com materiais seguros para o corpo, este brinquedo \u00edntimo apresenta um design elegante e ergon\u00f4mico que se adapta perfeitamente \u00e0 anatomia feminina, oferecendo conforto e prazer.<\/p>\n<p>Este dispositivo compacto, que lembra um ovo, abriga poderosos motores vibrat\u00f3rios que podem ser controlados remotamente, acrescentando uma dimens\u00e3o emocionante \u00e0 explora\u00e7\u00e3o \u00edntima. O controle remoto sem fio permite que o usu\u00e1rio ou seu parceiro ajuste as vibra\u00e7\u00f5es a diferentes intensidades e padr\u00f5es, proporcionando uma experi\u00eancia personalizada e \u00fanica.<\/p>\n<p>A versatilidade deste ovo vibrat\u00f3rio controlado remotamente \u00e9 evidente em sua capacidade de ser usado em diversos ambientes e situa\u00e7\u00f5es. O seu tamanho discreto e o seu funcionamento silencioso permitem-lhe usufruir dos seus benef\u00edcios na privacidade da sua casa ou mesmo em locais p\u00fablicos, acrescentando uma componente excitante \u00e0 sua vida sexual.<\/p>\n<p>Al\u00e9m de proporcionar prazer sensual, este brinquedo tamb\u00e9m pode trazer benef\u00edcios \u00e0 sa\u00fade sexual. A estimula\u00e7\u00e3o vibrat\u00f3ria pode aumentar a circula\u00e7\u00e3o sangu\u00ednea na \u00e1rea, o que pode contribuir para melhorar a sensibilidade e a excita\u00e7\u00e3o. Tamb\u00e9m pode ser utilizado como ferramenta para fortalecer os m\u00fasculos do assoalho p\u00e9lvico, promovendo a sa\u00fade sexual e o bem-estar geral.<\/p>\n<p>\u00a0<\/p>\n<p><u><strong>CARACTER\u00cdSTICAS:<\/strong><\/u><\/p>\n<ul>\n<li>Fun\u00e7\u00e3o: 10 fun\u00e7\u00f5es de vibra\u00e7\u00e3o + 9 n\u00edveis de velocidade<\/li>\n<li>Carregamento: USB recarreg\u00e1vel<\/li>\n<li>Material: silicone ABS<\/li>\n<li>Cor azul<\/li>\n<li>controle remoto sem fio<\/li>\n<\/ul>\n","protected":false},"excerpt":{"rendered":"<p>PRETTY LOVE &#8211; OVO VIBRANTE MINA CONTROLE REMOTO AZUL<\/p>\n","protected":false},"featured_media":72766,"template":"","meta":{"_acf_changed":false},"product_brand":[],"product_cat":[17,61,76],"product_tag":[],"class_list":{"0":"post-46618","1":"product","2":"type-product","3":"status-publish","4":"has-post-thumbnail","6":"product_cat-brinquedos-de-bem-estar-sexual","7":"product_cat-para-elas","8":"product_cat-vibradores","9":"yith_product_brand-pretty-love","10":"yith_product_brand-pretty-lovepretty-love-led","12":"first","13":"instock","14":"taxable","15":"shipping-taxable","16":"purchasable","17":"product-type-simple"},"acf":[],"yoast_head":"<!-- This site is optimized with the Yoast SEO plugin v27.4 - https:\/\/yoast.com\/product\/yoast-seo-wordpress\/ -->\n<title>PRETTY LOVE - OVO VIBRANTE MINA CONTROLE REMOTO AZUL - Lovme<\/title>\n<meta name=\"robots\" content=\"index, follow, max-snippet:-1, max-image-preview:large, max-video-preview:-1\" \/>\n<link rel=\"canonical\" href=\"https:\/\/lovme.pt\/index.php\/produto\/pretty-love-ovo-vibrante-mina-controle-remoto-azul\/\" \/>\n<meta property=\"og:locale\" content=\"pt_PT\" \/>\n<meta property=\"og:type\" content=\"article\" \/>\n<meta property=\"og:title\" content=\"PRETTY LOVE - OVO VIBRANTE MINA CONTROLE REMOTO AZUL - Lovme\" \/>\n<meta property=\"og:description\" content=\"PRETTY LOVE - OVO VIBRANTE MINA CONTROLE REMOTO AZUL\" \/>\n<meta property=\"og:url\" content=\"https:\/\/lovme.pt\/index.php\/produto\/pretty-love-ovo-vibrante-mina-controle-remoto-azul\/\" \/>\n<meta property=\"og:site_name\" content=\"Lovme\" \/>\n<meta property=\"article:modified_time\" content=\"2026-02-19T20:08:57+00:00\" \/>\n<meta property=\"og:image\" content=\"https:\/\/erki24nd3ub.exactdn.com\/wp-content\/uploads\/dream\/img\/img_163550_62f2fa86c6544a32a568e018f0415f9a_1.jpg?strip=all\" \/>\n\t<meta property=\"og:image:width\" content=\"800\" \/>\n\t<meta property=\"og:image:height\" content=\"800\" \/>\n\t<meta property=\"og:image:type\" content=\"image\/jpeg\" \/>\n<meta name=\"twitter:card\" content=\"summary_large_image\" \/>\n<meta name=\"twitter:label1\" content=\"Tempo estimado de leitura\" \/>\n\t<meta name=\"twitter:data1\" content=\"2 minutos\" \/>\n<script type=\"application\/ld+json\" class=\"yoast-schema-graph\">{\"@context\":\"https:\\\/\\\/schema.org\",\"@graph\":[{\"@type\":\"WebPage\",\"@id\":\"https:\\\/\\\/lovme.pt\\\/index.php\\\/produto\\\/pretty-love-ovo-vibrante-mina-controle-remoto-azul\\\/\",\"url\":\"https:\\\/\\\/lovme.pt\\\/index.php\\\/produto\\\/pretty-love-ovo-vibrante-mina-controle-remoto-azul\\\/\",\"name\":\"PRETTY LOVE - OVO VIBRANTE MINA CONTROLE REMOTO AZUL - Lovme\",\"isPartOf\":{\"@id\":\"https:\\\/\\\/lovme.pt\\\/#website\"},\"primaryImageOfPage\":{\"@id\":\"https:\\\/\\\/lovme.pt\\\/index.php\\\/produto\\\/pretty-love-ovo-vibrante-mina-controle-remoto-azul\\\/#primaryimage\"},\"image\":{\"@id\":\"https:\\\/\\\/lovme.pt\\\/index.php\\\/produto\\\/pretty-love-ovo-vibrante-mina-controle-remoto-azul\\\/#primaryimage\"},\"thumbnailUrl\":\"https:\\\/\\\/erki24nd3ub.exactdn.com\\\/wp-content\\\/uploads\\\/dream\\\/img\\\/img_163550_62f2fa86c6544a32a568e018f0415f9a_1.jpg?strip=all\",\"datePublished\":\"2025-09-30T20:47:38+00:00\",\"dateModified\":\"2026-02-19T20:08:57+00:00\",\"breadcrumb\":{\"@id\":\"https:\\\/\\\/lovme.pt\\\/index.php\\\/produto\\\/pretty-love-ovo-vibrante-mina-controle-remoto-azul\\\/#breadcrumb\"},\"inLanguage\":\"pt-PT\",\"potentialAction\":[{\"@type\":\"ReadAction\",\"target\":[\"https:\\\/\\\/lovme.pt\\\/index.php\\\/produto\\\/pretty-love-ovo-vibrante-mina-controle-remoto-azul\\\/\"]}]},{\"@type\":\"ImageObject\",\"inLanguage\":\"pt-PT\",\"@id\":\"https:\\\/\\\/lovme.pt\\\/index.php\\\/produto\\\/pretty-love-ovo-vibrante-mina-controle-remoto-azul\\\/#primaryimage\",\"url\":\"https:\\\/\\\/erki24nd3ub.exactdn.com\\\/wp-content\\\/uploads\\\/dream\\\/img\\\/img_163550_62f2fa86c6544a32a568e018f0415f9a_1.jpg?strip=all\",\"contentUrl\":\"https:\\\/\\\/erki24nd3ub.exactdn.com\\\/wp-content\\\/uploads\\\/dream\\\/img\\\/img_163550_62f2fa86c6544a32a568e018f0415f9a_1.jpg?strip=all\",\"width\":800,\"height\":800},{\"@type\":\"BreadcrumbList\",\"@id\":\"https:\\\/\\\/lovme.pt\\\/index.php\\\/produto\\\/pretty-love-ovo-vibrante-mina-controle-remoto-azul\\\/#breadcrumb\",\"itemListElement\":[{\"@type\":\"ListItem\",\"position\":1,\"name\":\"In\u00edcio\",\"item\":\"https:\\\/\\\/lovme.pt\\\/\"},{\"@type\":\"ListItem\",\"position\":2,\"name\":\"Loja\",\"item\":\"https:\\\/\\\/lovme.pt\\\/index.php\\\/loja\\\/\"},{\"@type\":\"ListItem\",\"position\":3,\"name\":\"PRETTY LOVE &#8211; OVO VIBRANTE MINA CONTROLE REMOTO AZUL\"}]},{\"@type\":\"WebSite\",\"@id\":\"https:\\\/\\\/lovme.pt\\\/#website\",\"url\":\"https:\\\/\\\/lovme.pt\\\/\",\"name\":\"Lovme Loja Er\u00f3tica N\u00ba1 em Portugal\",\"description\":\"A melhor loja er\u00f3tica de Portugal.\",\"alternateName\":\"Loja Er\u00f3tica Lovme\",\"potentialAction\":[{\"@type\":\"SearchAction\",\"target\":{\"@type\":\"EntryPoint\",\"urlTemplate\":\"https:\\\/\\\/lovme.pt\\\/?s={search_term_string}\"},\"query-input\":{\"@type\":\"PropertyValueSpecification\",\"valueRequired\":true,\"valueName\":\"search_term_string\"}}],\"inLanguage\":\"pt-PT\"}]}<\/script>\n<!-- \/ Yoast SEO plugin. -->","yoast_head_json":{"title":"PRETTY LOVE - OVO VIBRANTE MINA CONTROLE REMOTO AZUL - Lovme","robots":{"index":"index","follow":"follow","max-snippet":"max-snippet:-1","max-image-preview":"max-image-preview:large","max-video-preview":"max-video-preview:-1"},"canonical":"https:\/\/lovme.pt\/index.php\/produto\/pretty-love-ovo-vibrante-mina-controle-remoto-azul\/","og_locale":"pt_PT","og_type":"article","og_title":"PRETTY LOVE - OVO VIBRANTE MINA CONTROLE REMOTO AZUL - Lovme","og_description":"PRETTY LOVE - OVO VIBRANTE MINA CONTROLE REMOTO AZUL","og_url":"https:\/\/lovme.pt\/index.php\/produto\/pretty-love-ovo-vibrante-mina-controle-remoto-azul\/","og_site_name":"Lovme","article_modified_time":"2026-02-19T20:08:57+00:00","og_image":[{"width":800,"height":800,"url":"https:\/\/erki24nd3ub.exactdn.com\/wp-content\/uploads\/dream\/img\/img_163550_62f2fa86c6544a32a568e018f0415f9a_1.jpg?strip=all","type":"image\/jpeg"}],"twitter_card":"summary_large_image","twitter_misc":{"Tempo estimado de leitura":"2 minutos"},"schema":{"@context":"https:\/\/schema.org","@graph":[{"@type":"WebPage","@id":"https:\/\/lovme.pt\/index.php\/produto\/pretty-love-ovo-vibrante-mina-controle-remoto-azul\/","url":"https:\/\/lovme.pt\/index.php\/produto\/pretty-love-ovo-vibrante-mina-controle-remoto-azul\/","name":"PRETTY LOVE - OVO VIBRANTE MINA CONTROLE REMOTO AZUL - Lovme","isPartOf":{"@id":"https:\/\/lovme.pt\/#website"},"primaryImageOfPage":{"@id":"https:\/\/lovme.pt\/index.php\/produto\/pretty-love-ovo-vibrante-mina-controle-remoto-azul\/#primaryimage"},"image":{"@id":"https:\/\/lovme.pt\/index.php\/produto\/pretty-love-ovo-vibrante-mina-controle-remoto-azul\/#primaryimage"},"thumbnailUrl":"https:\/\/erki24nd3ub.exactdn.com\/wp-content\/uploads\/dream\/img\/img_163550_62f2fa86c6544a32a568e018f0415f9a_1.jpg?strip=all","datePublished":"2025-09-30T20:47:38+00:00","dateModified":"2026-02-19T20:08:57+00:00","breadcrumb":{"@id":"https:\/\/lovme.pt\/index.php\/produto\/pretty-love-ovo-vibrante-mina-controle-remoto-azul\/#breadcrumb"},"inLanguage":"pt-PT","potentialAction":[{"@type":"ReadAction","target":["https:\/\/lovme.pt\/index.php\/produto\/pretty-love-ovo-vibrante-mina-controle-remoto-azul\/"]}]},{"@type":"ImageObject","inLanguage":"pt-PT","@id":"https:\/\/lovme.pt\/index.php\/produto\/pretty-love-ovo-vibrante-mina-controle-remoto-azul\/#primaryimage","url":"https:\/\/erki24nd3ub.exactdn.com\/wp-content\/uploads\/dream\/img\/img_163550_62f2fa86c6544a32a568e018f0415f9a_1.jpg?strip=all","contentUrl":"https:\/\/erki24nd3ub.exactdn.com\/wp-content\/uploads\/dream\/img\/img_163550_62f2fa86c6544a32a568e018f0415f9a_1.jpg?strip=all","width":800,"height":800},{"@type":"BreadcrumbList","@id":"https:\/\/lovme.pt\/index.php\/produto\/pretty-love-ovo-vibrante-mina-controle-remoto-azul\/#breadcrumb","itemListElement":[{"@type":"ListItem","position":1,"name":"In\u00edcio","item":"https:\/\/lovme.pt\/"},{"@type":"ListItem","position":2,"name":"Loja","item":"https:\/\/lovme.pt\/index.php\/loja\/"},{"@type":"ListItem","position":3,"name":"PRETTY LOVE &#8211; OVO VIBRANTE MINA CONTROLE REMOTO AZUL"}]},{"@type":"WebSite","@id":"https:\/\/lovme.pt\/#website","url":"https:\/\/lovme.pt\/","name":"Lovme Loja Er\u00f3tica N\u00ba1 em Portugal","description":"A melhor loja er\u00f3tica de Portugal.","alternateName":"Loja Er\u00f3tica Lovme","potentialAction":[{"@type":"SearchAction","target":{"@type":"EntryPoint","urlTemplate":"https:\/\/lovme.pt\/?s={search_term_string}"},"query-input":{"@type":"PropertyValueSpecification","valueRequired":true,"valueName":"search_term_string"}}],"inLanguage":"pt-PT"}]}},"_links":{"self":[{"href":"https:\/\/lovme.pt\/index.php\/wp-json\/wp\/v2\/product\/46618","targetHints":{"allow":["GET"]}}],"collection":[{"href":"https:\/\/lovme.pt\/index.php\/wp-json\/wp\/v2\/product"}],"about":[{"href":"https:\/\/lovme.pt\/index.php\/wp-json\/wp\/v2\/types\/product"}],"wp:featuredmedia":[{"embeddable":true,"href":"https:\/\/lovme.pt\/index.php\/wp-json\/wp\/v2\/media\/72766"}],"wp:attachment":[{"href":"https:\/\/lovme.pt\/index.php\/wp-json\/wp\/v2\/media?parent=46618"}],"wp:term":[{"taxonomy":"product_brand","embeddable":true,"href":"https:\/\/lovme.pt\/index.php\/wp-json\/wp\/v2\/product_brand?post=46618"},{"taxonomy":"product_cat","embeddable":true,"href":"https:\/\/lovme.pt\/index.php\/wp-json\/wp\/v2\/product_cat?post=46618"},{"taxonomy":"product_tag","embeddable":true,"href":"https:\/\/lovme.pt\/index.php\/wp-json\/wp\/v2\/product_tag?post=46618"}],"curies":[{"name":"wp","href":"https:\/\/api.w.org\/{rel}","templated":true}]}}