{"id":46615,"date":"2025-09-30T10:04:55","date_gmt":"2025-09-30T10:04:55","guid":{"rendered":"https:\/\/lovme.pt\/?post_type=product&p=46615"},"modified":"2026-02-19T20:06:28","modified_gmt":"2026-02-19T20:06:28","slug":"durex-toy-vibrador-vibe-tease","status":"publish","type":"product","link":"https:\/\/lovme.pt\/index.php\/produto\/durex-toy-vibrador-vibe-tease\/","title":{"rendered":"DUREX &#8211; TOY VIBRADOR VIBE  TEASE"},"content":{"rendered":"<p>Surfe nas ondas do prazer com <strong>Vibe  Tease,<\/strong> o vibrador Bunny multivelocidade da Durex. Misture e combine: use o vibrador sozinho ou conecte a ponta do estimulador para experimentar uma estimula\u00e7\u00e3o direcionada diferente!<\/p>\n<p>Com sete modos de vibra\u00e7\u00e3o, o Bunny Vibrator <strong>Vibe  Tease<\/strong> da Durex \u00e9 o brinquedo ideal para quem quer experimentar algo diferente ou simplesmente explorar. Descubra o que \u00e9 o que aumenta sua temperatura. Este brinquedo oferece possibilidades ilimitadas de prazer, tanto sozinho como a dois. Seja no chuveiro ou na cama, o Vibrador <strong>Vibe  Tease<\/strong> foi projetado para fazer voc\u00ea aproveitar e \u00e9 \u00e0 prova d\u00e1gua. Melhore os seus momentos de jogo combinando-o com um lubrificante Durex \u00e0 base de \u00e1gua para uma melhor experi\u00eancia<\/p>\n<p><strong><strong>\u00a0<\/strong><\/strong><\/p>\n<p><strong><strong><u><strong>CARACTER\u00cdSTICAS<\/strong><\/u> :<\/strong><\/strong><\/p>\n<ul>\n<li>60 minutos de divers\u00e3o ininterrupta, no m\u00ednimo<\/li>\n<li>7 configura\u00e7\u00f5es de vibra\u00e7\u00e3o<\/li>\n<li>Ponta estimuladora para estimula\u00e7\u00e3o localizada<\/li>\n<li>Resistente \u00e0 \u00e1gua<\/li>\n<li>Bolsa de viagem discreta<\/li>\n<li>F\u00e1cil de limpar<\/li>\n<li>Bateria de recarga USB<\/li>\n<li>Embalagens recicl\u00e1veis!<\/li>\n<\/ul>\n<p><strong><strong>\u00a0<\/strong><\/strong><\/p>\n<p><strong><strong><u><strong>Como usar<\/strong><\/u> :<\/strong><\/strong><\/p>\n<ol>\n<li>Mantenha pressionado o bot\u00e3o X por 3 segundos, a luz LED branca piscar\u00e1. para iniciar as vibra\u00e7\u00f5es e explorar as 7 intensidades pressionando o bot\u00e3o X.<\/li>\n<li>Coloque a ponta do estimulador na extremidade arredondada do vibrador, aplicando uma leve press\u00e3o at\u00e9 que a ponta esteja firmemente assentada na parte superior do vibrador, certificando-se de que ela trave no lugar. Certifique-se de n\u00e3o coloc\u00e1-lo na extremidade plana do vibrador. Brinque com os diferentes n\u00edveis de intensidade de vibra\u00e7\u00e3o para experimentar uma estimula\u00e7\u00e3o espec\u00edfica diferente com a ponta do estimulador.<\/li>\n<li>Para desligar o aparelho, pressione e segure o bot\u00e3o X por 3 segundos, a luz LED branca piscar\u00e1.<\/li>\n<\/ol>\n<p>Voc\u00ea pode usar o vibrador com qualquer lubrificante Durex \u00e0 base de \u00e1gua. Certifique-se de n\u00e3o inserir o vibrador na vagina quando a ponta do estimulador estiver aberta. colocada<\/p>\n<p>Use o vibrador sozinho ou conecte a ponta do estimulador para experimentar uma estimula\u00e7\u00e3o diferente e direcionada. Descubra as diferentes velocidades e intensidades e desfrute daquela que mais lhe agrada. Voc\u00ea pode explorar qualquer lugar, seja na cama ou no chuveiro, pois \u00e9 100% \u00e0 prova d\u00e1gua.<\/p>\n<p>Limpe sempre o brinquedo antes e depois de cada utiliza\u00e7\u00e3o. Recomenda-se guard\u00e1-lo na bolsa inclu\u00edda. Recomendamos que voc\u00ea leia o folheto com instru\u00e7\u00f5es de uso e armazenamento. Este produto n\u00e3o \u00e9 para uso anal.<\/p>\n","protected":false},"excerpt":{"rendered":"<p>DUREX &#8211; TOY VIBRADOR VIBE  TEASE<\/p>\n","protected":false},"featured_media":62072,"template":"","meta":{"_acf_changed":false},"product_brand":[],"product_cat":[17,76],"product_tag":[],"class_list":{"0":"post-46615","1":"product","2":"type-product","3":"status-publish","4":"has-post-thumbnail","6":"product_cat-brinquedos-de-bem-estar-sexual","7":"product_cat-vibradores","8":"yith_product_brand-durex","9":"yith_product_brand-durexdurex-toys","11":"first","12":"instock","13":"taxable","14":"shipping-taxable","15":"purchasable","16":"product-type-simple"},"acf":[],"yoast_head":"<!-- This site is optimized with the Yoast SEO plugin v27.4 - https:\/\/yoast.com\/product\/yoast-seo-wordpress\/ -->\n<title>DUREX - TOY VIBRADOR VIBE TEASE - Lovme<\/title>\n<meta name=\"robots\" content=\"index, follow, max-snippet:-1, max-image-preview:large, max-video-preview:-1\" \/>\n<link rel=\"canonical\" href=\"https:\/\/lovme.pt\/index.php\/produto\/durex-toy-vibrador-vibe-tease\/\" \/>\n<meta property=\"og:locale\" content=\"pt_PT\" \/>\n<meta property=\"og:type\" content=\"article\" \/>\n<meta property=\"og:title\" content=\"DUREX - TOY VIBRADOR VIBE TEASE - Lovme\" \/>\n<meta property=\"og:description\" content=\"DUREX - TOY VIBRADOR VIBE TEASE\" \/>\n<meta property=\"og:url\" content=\"https:\/\/lovme.pt\/index.php\/produto\/durex-toy-vibrador-vibe-tease\/\" \/>\n<meta property=\"og:site_name\" content=\"Lovme\" \/>\n<meta property=\"article:modified_time\" content=\"2026-02-19T20:06:28+00:00\" \/>\n<meta property=\"og:image\" content=\"https:\/\/erki24nd3ub.exactdn.com\/wp-content\/uploads\/dream\/img\/img_163194_eebaab7c7c699430e5f4901411906af1_1.jpg?strip=all\" \/>\n\t<meta property=\"og:image:width\" content=\"800\" \/>\n\t<meta property=\"og:image:height\" content=\"800\" \/>\n\t<meta property=\"og:image:type\" content=\"image\/jpeg\" \/>\n<meta name=\"twitter:card\" content=\"summary_large_image\" \/>\n<meta name=\"twitter:label1\" content=\"Tempo estimado de leitura\" \/>\n\t<meta name=\"twitter:data1\" content=\"2 minutos\" \/>\n<script type=\"application\/ld+json\" class=\"yoast-schema-graph\">{\"@context\":\"https:\\\/\\\/schema.org\",\"@graph\":[{\"@type\":\"WebPage\",\"@id\":\"https:\\\/\\\/lovme.pt\\\/index.php\\\/produto\\\/durex-toy-vibrador-vibe-tease\\\/\",\"url\":\"https:\\\/\\\/lovme.pt\\\/index.php\\\/produto\\\/durex-toy-vibrador-vibe-tease\\\/\",\"name\":\"DUREX - TOY VIBRADOR VIBE TEASE - Lovme\",\"isPartOf\":{\"@id\":\"https:\\\/\\\/lovme.pt\\\/#website\"},\"primaryImageOfPage\":{\"@id\":\"https:\\\/\\\/lovme.pt\\\/index.php\\\/produto\\\/durex-toy-vibrador-vibe-tease\\\/#primaryimage\"},\"image\":{\"@id\":\"https:\\\/\\\/lovme.pt\\\/index.php\\\/produto\\\/durex-toy-vibrador-vibe-tease\\\/#primaryimage\"},\"thumbnailUrl\":\"https:\\\/\\\/erki24nd3ub.exactdn.com\\\/wp-content\\\/uploads\\\/dream\\\/img\\\/img_163194_eebaab7c7c699430e5f4901411906af1_1.jpg?strip=all\",\"datePublished\":\"2025-09-30T10:04:55+00:00\",\"dateModified\":\"2026-02-19T20:06:28+00:00\",\"breadcrumb\":{\"@id\":\"https:\\\/\\\/lovme.pt\\\/index.php\\\/produto\\\/durex-toy-vibrador-vibe-tease\\\/#breadcrumb\"},\"inLanguage\":\"pt-PT\",\"potentialAction\":[{\"@type\":\"ReadAction\",\"target\":[\"https:\\\/\\\/lovme.pt\\\/index.php\\\/produto\\\/durex-toy-vibrador-vibe-tease\\\/\"]}]},{\"@type\":\"ImageObject\",\"inLanguage\":\"pt-PT\",\"@id\":\"https:\\\/\\\/lovme.pt\\\/index.php\\\/produto\\\/durex-toy-vibrador-vibe-tease\\\/#primaryimage\",\"url\":\"https:\\\/\\\/erki24nd3ub.exactdn.com\\\/wp-content\\\/uploads\\\/dream\\\/img\\\/img_163194_eebaab7c7c699430e5f4901411906af1_1.jpg?strip=all\",\"contentUrl\":\"https:\\\/\\\/erki24nd3ub.exactdn.com\\\/wp-content\\\/uploads\\\/dream\\\/img\\\/img_163194_eebaab7c7c699430e5f4901411906af1_1.jpg?strip=all\",\"width\":800,\"height\":800},{\"@type\":\"BreadcrumbList\",\"@id\":\"https:\\\/\\\/lovme.pt\\\/index.php\\\/produto\\\/durex-toy-vibrador-vibe-tease\\\/#breadcrumb\",\"itemListElement\":[{\"@type\":\"ListItem\",\"position\":1,\"name\":\"In\u00edcio\",\"item\":\"https:\\\/\\\/lovme.pt\\\/\"},{\"@type\":\"ListItem\",\"position\":2,\"name\":\"Loja\",\"item\":\"https:\\\/\\\/lovme.pt\\\/index.php\\\/loja\\\/\"},{\"@type\":\"ListItem\",\"position\":3,\"name\":\"DUREX &#8211; TOY VIBRADOR VIBE TEASE\"}]},{\"@type\":\"WebSite\",\"@id\":\"https:\\\/\\\/lovme.pt\\\/#website\",\"url\":\"https:\\\/\\\/lovme.pt\\\/\",\"name\":\"Lovme Loja Er\u00f3tica N\u00ba1 em Portugal\",\"description\":\"A melhor loja er\u00f3tica de Portugal.\",\"alternateName\":\"Loja Er\u00f3tica Lovme\",\"potentialAction\":[{\"@type\":\"SearchAction\",\"target\":{\"@type\":\"EntryPoint\",\"urlTemplate\":\"https:\\\/\\\/lovme.pt\\\/?s={search_term_string}\"},\"query-input\":{\"@type\":\"PropertyValueSpecification\",\"valueRequired\":true,\"valueName\":\"search_term_string\"}}],\"inLanguage\":\"pt-PT\"}]}<\/script>\n<!-- \/ Yoast SEO plugin. -->","yoast_head_json":{"title":"DUREX - TOY VIBRADOR VIBE TEASE - Lovme","robots":{"index":"index","follow":"follow","max-snippet":"max-snippet:-1","max-image-preview":"max-image-preview:large","max-video-preview":"max-video-preview:-1"},"canonical":"https:\/\/lovme.pt\/index.php\/produto\/durex-toy-vibrador-vibe-tease\/","og_locale":"pt_PT","og_type":"article","og_title":"DUREX - TOY VIBRADOR VIBE TEASE - Lovme","og_description":"DUREX - TOY VIBRADOR VIBE TEASE","og_url":"https:\/\/lovme.pt\/index.php\/produto\/durex-toy-vibrador-vibe-tease\/","og_site_name":"Lovme","article_modified_time":"2026-02-19T20:06:28+00:00","og_image":[{"width":800,"height":800,"url":"https:\/\/erki24nd3ub.exactdn.com\/wp-content\/uploads\/dream\/img\/img_163194_eebaab7c7c699430e5f4901411906af1_1.jpg?strip=all","type":"image\/jpeg"}],"twitter_card":"summary_large_image","twitter_misc":{"Tempo estimado de leitura":"2 minutos"},"schema":{"@context":"https:\/\/schema.org","@graph":[{"@type":"WebPage","@id":"https:\/\/lovme.pt\/index.php\/produto\/durex-toy-vibrador-vibe-tease\/","url":"https:\/\/lovme.pt\/index.php\/produto\/durex-toy-vibrador-vibe-tease\/","name":"DUREX - TOY VIBRADOR VIBE TEASE - Lovme","isPartOf":{"@id":"https:\/\/lovme.pt\/#website"},"primaryImageOfPage":{"@id":"https:\/\/lovme.pt\/index.php\/produto\/durex-toy-vibrador-vibe-tease\/#primaryimage"},"image":{"@id":"https:\/\/lovme.pt\/index.php\/produto\/durex-toy-vibrador-vibe-tease\/#primaryimage"},"thumbnailUrl":"https:\/\/erki24nd3ub.exactdn.com\/wp-content\/uploads\/dream\/img\/img_163194_eebaab7c7c699430e5f4901411906af1_1.jpg?strip=all","datePublished":"2025-09-30T10:04:55+00:00","dateModified":"2026-02-19T20:06:28+00:00","breadcrumb":{"@id":"https:\/\/lovme.pt\/index.php\/produto\/durex-toy-vibrador-vibe-tease\/#breadcrumb"},"inLanguage":"pt-PT","potentialAction":[{"@type":"ReadAction","target":["https:\/\/lovme.pt\/index.php\/produto\/durex-toy-vibrador-vibe-tease\/"]}]},{"@type":"ImageObject","inLanguage":"pt-PT","@id":"https:\/\/lovme.pt\/index.php\/produto\/durex-toy-vibrador-vibe-tease\/#primaryimage","url":"https:\/\/erki24nd3ub.exactdn.com\/wp-content\/uploads\/dream\/img\/img_163194_eebaab7c7c699430e5f4901411906af1_1.jpg?strip=all","contentUrl":"https:\/\/erki24nd3ub.exactdn.com\/wp-content\/uploads\/dream\/img\/img_163194_eebaab7c7c699430e5f4901411906af1_1.jpg?strip=all","width":800,"height":800},{"@type":"BreadcrumbList","@id":"https:\/\/lovme.pt\/index.php\/produto\/durex-toy-vibrador-vibe-tease\/#breadcrumb","itemListElement":[{"@type":"ListItem","position":1,"name":"In\u00edcio","item":"https:\/\/lovme.pt\/"},{"@type":"ListItem","position":2,"name":"Loja","item":"https:\/\/lovme.pt\/index.php\/loja\/"},{"@type":"ListItem","position":3,"name":"DUREX &#8211; TOY VIBRADOR VIBE TEASE"}]},{"@type":"WebSite","@id":"https:\/\/lovme.pt\/#website","url":"https:\/\/lovme.pt\/","name":"Lovme Loja Er\u00f3tica N\u00ba1 em Portugal","description":"A melhor loja er\u00f3tica de Portugal.","alternateName":"Loja Er\u00f3tica Lovme","potentialAction":[{"@type":"SearchAction","target":{"@type":"EntryPoint","urlTemplate":"https:\/\/lovme.pt\/?s={search_term_string}"},"query-input":{"@type":"PropertyValueSpecification","valueRequired":true,"valueName":"search_term_string"}}],"inLanguage":"pt-PT"}]}},"_links":{"self":[{"href":"https:\/\/lovme.pt\/index.php\/wp-json\/wp\/v2\/product\/46615","targetHints":{"allow":["GET"]}}],"collection":[{"href":"https:\/\/lovme.pt\/index.php\/wp-json\/wp\/v2\/product"}],"about":[{"href":"https:\/\/lovme.pt\/index.php\/wp-json\/wp\/v2\/types\/product"}],"wp:featuredmedia":[{"embeddable":true,"href":"https:\/\/lovme.pt\/index.php\/wp-json\/wp\/v2\/media\/62072"}],"wp:attachment":[{"href":"https:\/\/lovme.pt\/index.php\/wp-json\/wp\/v2\/media?parent=46615"}],"wp:term":[{"taxonomy":"product_brand","embeddable":true,"href":"https:\/\/lovme.pt\/index.php\/wp-json\/wp\/v2\/product_brand?post=46615"},{"taxonomy":"product_cat","embeddable":true,"href":"https:\/\/lovme.pt\/index.php\/wp-json\/wp\/v2\/product_cat?post=46615"},{"taxonomy":"product_tag","embeddable":true,"href":"https:\/\/lovme.pt\/index.php\/wp-json\/wp\/v2\/product_tag?post=46615"}],"curies":[{"name":"wp","href":"https:\/\/api.w.org\/{rel}","templated":true}]}}