{"id":46597,"date":"2025-10-01T03:02:43","date_gmt":"2025-10-01T03:02:43","guid":{"rendered":"https:\/\/lovme.pt\/?post_type=product&p=46597"},"modified":"2026-02-19T20:22:17","modified_gmt":"2026-02-19T20:22:17","slug":"armony-bala-vibrador-foguete-preto","status":"publish","type":"product","link":"https:\/\/lovme.pt\/index.php\/produto\/armony-bala-vibrador-foguete-preto\/","title":{"rendered":"ARMONY &#8211; BALA VIBRADOR FOGUETE PRETO"},"content":{"rendered":"<p>A bala vibrat\u00f3ria da marca <strong>ARMONY<\/strong> \u00e9 um brinquedo sexual desenvolvido para proporcionar prazer tanto para homens quanto para mulheres. \u00c9 feito de materiais de alta qualidade, incluindo silicone de grau m\u00e9dico premium e ABS, tornando-o seguro para o corpo e macio ao toque. Com nove modos de vibra\u00e7\u00e3o diferentes, oferece uma grande variedade de sensa\u00e7\u00f5es para explorar.<\/p>\n<p> Sua bateria de 3,7 V \u00e9 recarreg\u00e1vel via USB, tornando-o pr\u00e1tico e f\u00e1cil de usar. Al\u00e9m disso, \u00e9 100% \u00e0 prova d\u00e1gua, o que significa que pode ser apreciado no chuveiro ou na banheira sem preocupa\u00e7\u00f5es.<\/p>\n<\/p>\n<ul>\n<li> O Rocket Bullet foi projetado para ser compat\u00edvel com qualquer brinquedo e acess\u00f3rio<\/li>\n<li> 73*35*30mm<\/li>\n<\/ul>\n<p> <strong>ARM\u00d4NIO<\/strong><br \/> Bem-vindo ao <strong>ARMONY<\/strong> , onde prazer e qualidade se fundem para criar uma experi\u00eancia \u00fanica no mundo dos brinquedos er\u00f3ticos. Nossa marca \u00e9 especializada na fabrica\u00e7\u00e3o de vibradores e brinquedos de alta qualidade para homens e mulheres, meticulosamente projetados para aumentar o prazer e a intimidade. De vibradores sofisticados a estimuladores sensuais, cada produto <strong>ARMONY<\/strong> \u00e9 elaborado com aten\u00e7\u00e3o aos detalhes e com o compromisso de proporcionar uma experi\u00eancia de satisfa\u00e7\u00e3o incompar\u00e1vel. Orgulhamo-nos de oferecer uma gama diversificada de produtos que v\u00e3o do cl\u00e1ssico ao inovador, sempre com foco na qualidade, seguran\u00e7a e na explora\u00e7\u00e3o do prazer. Descubra um mundo de sensa\u00e7\u00f5es er\u00f3ticas com <strong>ARMONY<\/strong> , onde o prazer se torna uma forma de arte.<\/p>\n","protected":false},"excerpt":{"rendered":"<p>ARMONY &#8211; BALA VIBRADOR FOGUETE PRETO<\/p>\n","protected":false},"featured_media":101045,"template":"","meta":{"_acf_changed":false},"product_brand":[],"product_cat":[17,61],"product_tag":[],"class_list":{"0":"post-46597","1":"product","2":"type-product","3":"status-publish","4":"has-post-thumbnail","6":"product_cat-brinquedos-de-bem-estar-sexual","7":"product_cat-para-elas","8":"yith_product_brand-armony","9":"yith_product_brand-armonyarmony-stimulators","11":"first","12":"instock","13":"taxable","14":"shipping-taxable","15":"purchasable","16":"product-type-simple"},"acf":[],"yoast_head":"<!-- This site is optimized with the Yoast SEO plugin v27.4 - https:\/\/yoast.com\/product\/yoast-seo-wordpress\/ -->\n<title>ARMONY - BALA VIBRADOR FOGUETE PRETO - Lovme<\/title>\n<meta name=\"robots\" content=\"index, follow, max-snippet:-1, max-image-preview:large, max-video-preview:-1\" \/>\n<link rel=\"canonical\" href=\"https:\/\/lovme.pt\/index.php\/produto\/armony-bala-vibrador-foguete-preto\/\" \/>\n<meta property=\"og:locale\" content=\"pt_PT\" \/>\n<meta property=\"og:type\" content=\"article\" \/>\n<meta property=\"og:title\" content=\"ARMONY - BALA VIBRADOR FOGUETE PRETO - Lovme\" \/>\n<meta property=\"og:description\" content=\"ARMONY - BALA VIBRADOR FOGUETE PRETO\" \/>\n<meta property=\"og:url\" content=\"https:\/\/lovme.pt\/index.php\/produto\/armony-bala-vibrador-foguete-preto\/\" \/>\n<meta property=\"og:site_name\" content=\"Lovme\" \/>\n<meta property=\"article:modified_time\" content=\"2026-02-19T20:22:17+00:00\" \/>\n<meta property=\"og:image\" content=\"https:\/\/erki24nd3ub.exactdn.com\/wp-content\/uploads\/dream\/img\/img_164273_d088db0a14dcd443da882e426f1dc861_1.jpg?strip=all\" \/>\n\t<meta property=\"og:image:width\" content=\"800\" \/>\n\t<meta property=\"og:image:height\" content=\"800\" \/>\n\t<meta property=\"og:image:type\" content=\"image\/jpeg\" \/>\n<meta name=\"twitter:card\" content=\"summary_large_image\" \/>\n<meta name=\"twitter:label1\" content=\"Tempo estimado de leitura\" \/>\n\t<meta name=\"twitter:data1\" content=\"1 minuto\" \/>\n<script type=\"application\/ld+json\" class=\"yoast-schema-graph\">{\"@context\":\"https:\\\/\\\/schema.org\",\"@graph\":[{\"@type\":\"WebPage\",\"@id\":\"https:\\\/\\\/lovme.pt\\\/index.php\\\/produto\\\/armony-bala-vibrador-foguete-preto\\\/\",\"url\":\"https:\\\/\\\/lovme.pt\\\/index.php\\\/produto\\\/armony-bala-vibrador-foguete-preto\\\/\",\"name\":\"ARMONY - BALA VIBRADOR FOGUETE PRETO - Lovme\",\"isPartOf\":{\"@id\":\"https:\\\/\\\/lovme.pt\\\/#website\"},\"primaryImageOfPage\":{\"@id\":\"https:\\\/\\\/lovme.pt\\\/index.php\\\/produto\\\/armony-bala-vibrador-foguete-preto\\\/#primaryimage\"},\"image\":{\"@id\":\"https:\\\/\\\/lovme.pt\\\/index.php\\\/produto\\\/armony-bala-vibrador-foguete-preto\\\/#primaryimage\"},\"thumbnailUrl\":\"https:\\\/\\\/erki24nd3ub.exactdn.com\\\/wp-content\\\/uploads\\\/dream\\\/img\\\/img_164273_d088db0a14dcd443da882e426f1dc861_1.jpg?strip=all\",\"datePublished\":\"2025-10-01T03:02:43+00:00\",\"dateModified\":\"2026-02-19T20:22:17+00:00\",\"breadcrumb\":{\"@id\":\"https:\\\/\\\/lovme.pt\\\/index.php\\\/produto\\\/armony-bala-vibrador-foguete-preto\\\/#breadcrumb\"},\"inLanguage\":\"pt-PT\",\"potentialAction\":[{\"@type\":\"ReadAction\",\"target\":[\"https:\\\/\\\/lovme.pt\\\/index.php\\\/produto\\\/armony-bala-vibrador-foguete-preto\\\/\"]}]},{\"@type\":\"ImageObject\",\"inLanguage\":\"pt-PT\",\"@id\":\"https:\\\/\\\/lovme.pt\\\/index.php\\\/produto\\\/armony-bala-vibrador-foguete-preto\\\/#primaryimage\",\"url\":\"https:\\\/\\\/erki24nd3ub.exactdn.com\\\/wp-content\\\/uploads\\\/dream\\\/img\\\/img_164273_d088db0a14dcd443da882e426f1dc861_1.jpg?strip=all\",\"contentUrl\":\"https:\\\/\\\/erki24nd3ub.exactdn.com\\\/wp-content\\\/uploads\\\/dream\\\/img\\\/img_164273_d088db0a14dcd443da882e426f1dc861_1.jpg?strip=all\",\"width\":800,\"height\":800},{\"@type\":\"BreadcrumbList\",\"@id\":\"https:\\\/\\\/lovme.pt\\\/index.php\\\/produto\\\/armony-bala-vibrador-foguete-preto\\\/#breadcrumb\",\"itemListElement\":[{\"@type\":\"ListItem\",\"position\":1,\"name\":\"In\u00edcio\",\"item\":\"https:\\\/\\\/lovme.pt\\\/\"},{\"@type\":\"ListItem\",\"position\":2,\"name\":\"Loja\",\"item\":\"https:\\\/\\\/lovme.pt\\\/index.php\\\/loja\\\/\"},{\"@type\":\"ListItem\",\"position\":3,\"name\":\"ARMONY &#8211; BALA VIBRADOR FOGUETE PRETO\"}]},{\"@type\":\"WebSite\",\"@id\":\"https:\\\/\\\/lovme.pt\\\/#website\",\"url\":\"https:\\\/\\\/lovme.pt\\\/\",\"name\":\"Lovme Loja Er\u00f3tica N\u00ba1 em Portugal\",\"description\":\"A melhor loja er\u00f3tica de Portugal.\",\"alternateName\":\"Loja Er\u00f3tica Lovme\",\"potentialAction\":[{\"@type\":\"SearchAction\",\"target\":{\"@type\":\"EntryPoint\",\"urlTemplate\":\"https:\\\/\\\/lovme.pt\\\/?s={search_term_string}\"},\"query-input\":{\"@type\":\"PropertyValueSpecification\",\"valueRequired\":true,\"valueName\":\"search_term_string\"}}],\"inLanguage\":\"pt-PT\"}]}<\/script>\n<!-- \/ Yoast SEO plugin. -->","yoast_head_json":{"title":"ARMONY - BALA VIBRADOR FOGUETE PRETO - Lovme","robots":{"index":"index","follow":"follow","max-snippet":"max-snippet:-1","max-image-preview":"max-image-preview:large","max-video-preview":"max-video-preview:-1"},"canonical":"https:\/\/lovme.pt\/index.php\/produto\/armony-bala-vibrador-foguete-preto\/","og_locale":"pt_PT","og_type":"article","og_title":"ARMONY - BALA VIBRADOR FOGUETE PRETO - Lovme","og_description":"ARMONY - BALA VIBRADOR FOGUETE PRETO","og_url":"https:\/\/lovme.pt\/index.php\/produto\/armony-bala-vibrador-foguete-preto\/","og_site_name":"Lovme","article_modified_time":"2026-02-19T20:22:17+00:00","og_image":[{"width":800,"height":800,"url":"https:\/\/erki24nd3ub.exactdn.com\/wp-content\/uploads\/dream\/img\/img_164273_d088db0a14dcd443da882e426f1dc861_1.jpg?strip=all","type":"image\/jpeg"}],"twitter_card":"summary_large_image","twitter_misc":{"Tempo estimado de leitura":"1 minuto"},"schema":{"@context":"https:\/\/schema.org","@graph":[{"@type":"WebPage","@id":"https:\/\/lovme.pt\/index.php\/produto\/armony-bala-vibrador-foguete-preto\/","url":"https:\/\/lovme.pt\/index.php\/produto\/armony-bala-vibrador-foguete-preto\/","name":"ARMONY - BALA VIBRADOR FOGUETE PRETO - Lovme","isPartOf":{"@id":"https:\/\/lovme.pt\/#website"},"primaryImageOfPage":{"@id":"https:\/\/lovme.pt\/index.php\/produto\/armony-bala-vibrador-foguete-preto\/#primaryimage"},"image":{"@id":"https:\/\/lovme.pt\/index.php\/produto\/armony-bala-vibrador-foguete-preto\/#primaryimage"},"thumbnailUrl":"https:\/\/erki24nd3ub.exactdn.com\/wp-content\/uploads\/dream\/img\/img_164273_d088db0a14dcd443da882e426f1dc861_1.jpg?strip=all","datePublished":"2025-10-01T03:02:43+00:00","dateModified":"2026-02-19T20:22:17+00:00","breadcrumb":{"@id":"https:\/\/lovme.pt\/index.php\/produto\/armony-bala-vibrador-foguete-preto\/#breadcrumb"},"inLanguage":"pt-PT","potentialAction":[{"@type":"ReadAction","target":["https:\/\/lovme.pt\/index.php\/produto\/armony-bala-vibrador-foguete-preto\/"]}]},{"@type":"ImageObject","inLanguage":"pt-PT","@id":"https:\/\/lovme.pt\/index.php\/produto\/armony-bala-vibrador-foguete-preto\/#primaryimage","url":"https:\/\/erki24nd3ub.exactdn.com\/wp-content\/uploads\/dream\/img\/img_164273_d088db0a14dcd443da882e426f1dc861_1.jpg?strip=all","contentUrl":"https:\/\/erki24nd3ub.exactdn.com\/wp-content\/uploads\/dream\/img\/img_164273_d088db0a14dcd443da882e426f1dc861_1.jpg?strip=all","width":800,"height":800},{"@type":"BreadcrumbList","@id":"https:\/\/lovme.pt\/index.php\/produto\/armony-bala-vibrador-foguete-preto\/#breadcrumb","itemListElement":[{"@type":"ListItem","position":1,"name":"In\u00edcio","item":"https:\/\/lovme.pt\/"},{"@type":"ListItem","position":2,"name":"Loja","item":"https:\/\/lovme.pt\/index.php\/loja\/"},{"@type":"ListItem","position":3,"name":"ARMONY &#8211; BALA VIBRADOR FOGUETE PRETO"}]},{"@type":"WebSite","@id":"https:\/\/lovme.pt\/#website","url":"https:\/\/lovme.pt\/","name":"Lovme Loja Er\u00f3tica N\u00ba1 em Portugal","description":"A melhor loja er\u00f3tica de Portugal.","alternateName":"Loja Er\u00f3tica Lovme","potentialAction":[{"@type":"SearchAction","target":{"@type":"EntryPoint","urlTemplate":"https:\/\/lovme.pt\/?s={search_term_string}"},"query-input":{"@type":"PropertyValueSpecification","valueRequired":true,"valueName":"search_term_string"}}],"inLanguage":"pt-PT"}]}},"_links":{"self":[{"href":"https:\/\/lovme.pt\/index.php\/wp-json\/wp\/v2\/product\/46597","targetHints":{"allow":["GET"]}}],"collection":[{"href":"https:\/\/lovme.pt\/index.php\/wp-json\/wp\/v2\/product"}],"about":[{"href":"https:\/\/lovme.pt\/index.php\/wp-json\/wp\/v2\/types\/product"}],"wp:featuredmedia":[{"embeddable":true,"href":"https:\/\/lovme.pt\/index.php\/wp-json\/wp\/v2\/media\/101045"}],"wp:attachment":[{"href":"https:\/\/lovme.pt\/index.php\/wp-json\/wp\/v2\/media?parent=46597"}],"wp:term":[{"taxonomy":"product_brand","embeddable":true,"href":"https:\/\/lovme.pt\/index.php\/wp-json\/wp\/v2\/product_brand?post=46597"},{"taxonomy":"product_cat","embeddable":true,"href":"https:\/\/lovme.pt\/index.php\/wp-json\/wp\/v2\/product_cat?post=46597"},{"taxonomy":"product_tag","embeddable":true,"href":"https:\/\/lovme.pt\/index.php\/wp-json\/wp\/v2\/product_tag?post=46597"}],"curies":[{"name":"wp","href":"https:\/\/api.w.org\/{rel}","templated":true}]}}