{"id":46477,"date":"2025-10-01T03:01:36","date_gmt":"2025-10-01T03:01:36","guid":{"rendered":"https:\/\/lovme.pt\/?post_type=product&p=46477"},"modified":"2026-02-19T20:22:16","modified_gmt":"2026-02-19T20:22:16","slug":"armony-substituicao-da-manga","status":"publish","type":"product","link":"https:\/\/lovme.pt\/index.php\/produto\/armony-substituicao-da-manga\/","title":{"rendered":"ARMONY &#8211; SUBSTITUI\u00c7\u00c3O DA MANGA"},"content":{"rendered":"<p>A bala vibrat\u00f3ria <strong>ARMONY<\/strong> <strong>,<\/strong> cujo uso \u00e9 exclusivo nas mangas da <strong>cole\u00e7\u00e3o ECO da ARMONY,<\/strong> \u00e9 um dispositivo de estimula\u00e7\u00e3o. \u00cdntimo pensado para proporcionar prazer personalizado e sensa\u00e7\u00f5es excitantes. Feito de silicone m\u00e9dico de qualidade premium e ABS, garante uma experi\u00eancia segura e confort\u00e1vel para o usu\u00e1rio.<\/p>\n<p>Com 9 modos de vibra\u00e7\u00e3o diferentes, esta bala permite explorar uma ampla gama de sensa\u00e7\u00f5es, desde pulsa\u00e7\u00f5es suaves at\u00e9 vibra\u00e7\u00f5es intensas, para se adaptar \u00e0s suas prefer\u00eancias em todos os momentos. Equipada com bateria de 3,7V, esta bala oferece alimenta\u00e7\u00e3o constante e duradoura, garantindo sess\u00f5es prolongadas de prazer sem interrup\u00e7\u00f5es. Al\u00e9m disso, sua capacidade de carregamento USB torna a recarga conveniente e f\u00e1cil, eliminando a necessidade de baterias descart\u00e1veis.<\/p>\n<p>A bala vibrat\u00f3ria ARMONY \u00e9 totalmente submers\u00edvel, o que significa que voc\u00ea pode desfrutar de sua estimula\u00e7\u00e3o no chuveiro, na banheira ou em qualquer outro ambiente aqu\u00e1tico. O seu design \u00e0 prova de \u00e1gua d\u00e1-lhe a liberdade de explorar novas sensa\u00e7\u00f5es onde quer que esteja.<\/p>\n<p>Resumindo, a bala vibrat\u00f3ria <strong>ARMONY<\/strong> \u00e9 uma companheira \u00edntima vers\u00e1til e poderosa, pensada para lhe proporcionar momentos de prazer e satisfa\u00e7\u00e3o. A sua combina\u00e7\u00e3o de materiais de alta qualidade, m\u00faltiplos modos de vibra\u00e7\u00e3o e facilidade de utiliza\u00e7\u00e3o fazem dele uma op\u00e7\u00e3o excepcional para as suas experi\u00eancias \u00edntimas.<\/p>\n<p>\u00a0<\/p>\n<ul>\n<li>USO EXCLUSIVO COM COLE\u00c7\u00c3O ARMONY ECO<\/li>\n<li>209*37*37mm<\/li>\n<\/ul>\n<p>\u00a0<\/p>\n<p><strong>ARM\u00d4NIO<\/strong><br \/>Bem-vindo ao <strong>ARMONY<\/strong> , onde prazer e qualidade se fundem para criar uma experi\u00eancia \u00fanica no mundo dos brinquedos er\u00f3ticos. Nossa marca \u00e9 especializada na fabrica\u00e7\u00e3o de vibradores e brinquedos de alta qualidade para homens e mulheres, meticulosamente projetados para aumentar o prazer e a intimidade. De vibradores sofisticados a estimuladores sensuais, cada produto <strong>ARMONY<\/strong> \u00e9 elaborado com aten\u00e7\u00e3o aos detalhes e com o compromisso de proporcionar uma experi\u00eancia de satisfa\u00e7\u00e3o incompar\u00e1vel. Orgulhamo-nos de oferecer uma gama diversificada de produtos que v\u00e3o do cl\u00e1ssico ao inovador, sempre com foco na qualidade, seguran\u00e7a e na explora\u00e7\u00e3o do prazer. Descubra um mundo de sensa\u00e7\u00f5es er\u00f3ticas com <strong>ARMONY<\/strong> , onde o prazer se torna uma forma de arte.<\/p>\n","protected":false},"excerpt":{"rendered":"<p>ARMONY &#8211; SUBSTITUI\u00c7\u00c3O DA MANGA<\/p>\n","protected":false},"featured_media":100908,"template":"","meta":{"_acf_changed":false},"product_brand":[],"product_cat":[17,61],"product_tag":[],"class_list":{"0":"post-46477","1":"product","2":"type-product","3":"status-publish","4":"has-post-thumbnail","6":"product_cat-brinquedos-de-bem-estar-sexual","7":"product_cat-para-elas","8":"yith_product_brand-armony","9":"yith_product_brand-armonyarmony-stimulators","11":"first","12":"instock","13":"taxable","14":"shipping-taxable","15":"purchasable","16":"product-type-simple"},"acf":[],"yoast_head":"<!-- This site is optimized with the Yoast SEO plugin v27.4 - https:\/\/yoast.com\/product\/yoast-seo-wordpress\/ -->\n<title>ARMONY - SUBSTITUI\u00c7\u00c3O DA MANGA - Lovme<\/title>\n<meta name=\"robots\" content=\"index, follow, max-snippet:-1, max-image-preview:large, max-video-preview:-1\" \/>\n<link rel=\"canonical\" href=\"https:\/\/lovme.pt\/index.php\/produto\/armony-substituicao-da-manga\/\" \/>\n<meta property=\"og:locale\" content=\"pt_PT\" \/>\n<meta property=\"og:type\" content=\"article\" \/>\n<meta property=\"og:title\" content=\"ARMONY - SUBSTITUI\u00c7\u00c3O DA MANGA - Lovme\" \/>\n<meta property=\"og:description\" content=\"ARMONY - SUBSTITUI\u00c7\u00c3O DA MANGA\" \/>\n<meta property=\"og:url\" content=\"https:\/\/lovme.pt\/index.php\/produto\/armony-substituicao-da-manga\/\" \/>\n<meta property=\"og:site_name\" content=\"Lovme\" \/>\n<meta property=\"article:modified_time\" content=\"2026-02-19T20:22:16+00:00\" \/>\n<meta property=\"og:image\" content=\"https:\/\/erki24nd3ub.exactdn.com\/wp-content\/uploads\/dream\/img\/img_164704_977aa183e2106c0f555d09fbced75e30_1.jpg?strip=all\" \/>\n\t<meta property=\"og:image:width\" content=\"800\" \/>\n\t<meta property=\"og:image:height\" content=\"800\" \/>\n\t<meta property=\"og:image:type\" content=\"image\/jpeg\" \/>\n<meta name=\"twitter:card\" content=\"summary_large_image\" \/>\n<meta name=\"twitter:label1\" content=\"Tempo estimado de leitura\" \/>\n\t<meta name=\"twitter:data1\" content=\"2 minutos\" \/>\n<script type=\"application\/ld+json\" class=\"yoast-schema-graph\">{\"@context\":\"https:\\\/\\\/schema.org\",\"@graph\":[{\"@type\":\"WebPage\",\"@id\":\"https:\\\/\\\/lovme.pt\\\/index.php\\\/produto\\\/armony-substituicao-da-manga\\\/\",\"url\":\"https:\\\/\\\/lovme.pt\\\/index.php\\\/produto\\\/armony-substituicao-da-manga\\\/\",\"name\":\"ARMONY - SUBSTITUI\u00c7\u00c3O DA MANGA - Lovme\",\"isPartOf\":{\"@id\":\"https:\\\/\\\/lovme.pt\\\/#website\"},\"primaryImageOfPage\":{\"@id\":\"https:\\\/\\\/lovme.pt\\\/index.php\\\/produto\\\/armony-substituicao-da-manga\\\/#primaryimage\"},\"image\":{\"@id\":\"https:\\\/\\\/lovme.pt\\\/index.php\\\/produto\\\/armony-substituicao-da-manga\\\/#primaryimage\"},\"thumbnailUrl\":\"https:\\\/\\\/erki24nd3ub.exactdn.com\\\/wp-content\\\/uploads\\\/dream\\\/img\\\/img_164704_977aa183e2106c0f555d09fbced75e30_1.jpg?strip=all\",\"datePublished\":\"2025-10-01T03:01:36+00:00\",\"dateModified\":\"2026-02-19T20:22:16+00:00\",\"breadcrumb\":{\"@id\":\"https:\\\/\\\/lovme.pt\\\/index.php\\\/produto\\\/armony-substituicao-da-manga\\\/#breadcrumb\"},\"inLanguage\":\"pt-PT\",\"potentialAction\":[{\"@type\":\"ReadAction\",\"target\":[\"https:\\\/\\\/lovme.pt\\\/index.php\\\/produto\\\/armony-substituicao-da-manga\\\/\"]}]},{\"@type\":\"ImageObject\",\"inLanguage\":\"pt-PT\",\"@id\":\"https:\\\/\\\/lovme.pt\\\/index.php\\\/produto\\\/armony-substituicao-da-manga\\\/#primaryimage\",\"url\":\"https:\\\/\\\/erki24nd3ub.exactdn.com\\\/wp-content\\\/uploads\\\/dream\\\/img\\\/img_164704_977aa183e2106c0f555d09fbced75e30_1.jpg?strip=all\",\"contentUrl\":\"https:\\\/\\\/erki24nd3ub.exactdn.com\\\/wp-content\\\/uploads\\\/dream\\\/img\\\/img_164704_977aa183e2106c0f555d09fbced75e30_1.jpg?strip=all\",\"width\":800,\"height\":800},{\"@type\":\"BreadcrumbList\",\"@id\":\"https:\\\/\\\/lovme.pt\\\/index.php\\\/produto\\\/armony-substituicao-da-manga\\\/#breadcrumb\",\"itemListElement\":[{\"@type\":\"ListItem\",\"position\":1,\"name\":\"In\u00edcio\",\"item\":\"https:\\\/\\\/lovme.pt\\\/\"},{\"@type\":\"ListItem\",\"position\":2,\"name\":\"Loja\",\"item\":\"https:\\\/\\\/lovme.pt\\\/index.php\\\/loja\\\/\"},{\"@type\":\"ListItem\",\"position\":3,\"name\":\"ARMONY &#8211; SUBSTITUI\u00c7\u00c3O DA MANGA\"}]},{\"@type\":\"WebSite\",\"@id\":\"https:\\\/\\\/lovme.pt\\\/#website\",\"url\":\"https:\\\/\\\/lovme.pt\\\/\",\"name\":\"Lovme Loja Er\u00f3tica N\u00ba1 em Portugal\",\"description\":\"A melhor loja er\u00f3tica de Portugal.\",\"alternateName\":\"Loja Er\u00f3tica Lovme\",\"potentialAction\":[{\"@type\":\"SearchAction\",\"target\":{\"@type\":\"EntryPoint\",\"urlTemplate\":\"https:\\\/\\\/lovme.pt\\\/?s={search_term_string}\"},\"query-input\":{\"@type\":\"PropertyValueSpecification\",\"valueRequired\":true,\"valueName\":\"search_term_string\"}}],\"inLanguage\":\"pt-PT\"}]}<\/script>\n<!-- \/ Yoast SEO plugin. -->","yoast_head_json":{"title":"ARMONY - SUBSTITUI\u00c7\u00c3O DA MANGA - Lovme","robots":{"index":"index","follow":"follow","max-snippet":"max-snippet:-1","max-image-preview":"max-image-preview:large","max-video-preview":"max-video-preview:-1"},"canonical":"https:\/\/lovme.pt\/index.php\/produto\/armony-substituicao-da-manga\/","og_locale":"pt_PT","og_type":"article","og_title":"ARMONY - SUBSTITUI\u00c7\u00c3O DA MANGA - Lovme","og_description":"ARMONY - SUBSTITUI\u00c7\u00c3O DA MANGA","og_url":"https:\/\/lovme.pt\/index.php\/produto\/armony-substituicao-da-manga\/","og_site_name":"Lovme","article_modified_time":"2026-02-19T20:22:16+00:00","og_image":[{"width":800,"height":800,"url":"https:\/\/erki24nd3ub.exactdn.com\/wp-content\/uploads\/dream\/img\/img_164704_977aa183e2106c0f555d09fbced75e30_1.jpg?strip=all","type":"image\/jpeg"}],"twitter_card":"summary_large_image","twitter_misc":{"Tempo estimado de leitura":"2 minutos"},"schema":{"@context":"https:\/\/schema.org","@graph":[{"@type":"WebPage","@id":"https:\/\/lovme.pt\/index.php\/produto\/armony-substituicao-da-manga\/","url":"https:\/\/lovme.pt\/index.php\/produto\/armony-substituicao-da-manga\/","name":"ARMONY - SUBSTITUI\u00c7\u00c3O DA MANGA - Lovme","isPartOf":{"@id":"https:\/\/lovme.pt\/#website"},"primaryImageOfPage":{"@id":"https:\/\/lovme.pt\/index.php\/produto\/armony-substituicao-da-manga\/#primaryimage"},"image":{"@id":"https:\/\/lovme.pt\/index.php\/produto\/armony-substituicao-da-manga\/#primaryimage"},"thumbnailUrl":"https:\/\/erki24nd3ub.exactdn.com\/wp-content\/uploads\/dream\/img\/img_164704_977aa183e2106c0f555d09fbced75e30_1.jpg?strip=all","datePublished":"2025-10-01T03:01:36+00:00","dateModified":"2026-02-19T20:22:16+00:00","breadcrumb":{"@id":"https:\/\/lovme.pt\/index.php\/produto\/armony-substituicao-da-manga\/#breadcrumb"},"inLanguage":"pt-PT","potentialAction":[{"@type":"ReadAction","target":["https:\/\/lovme.pt\/index.php\/produto\/armony-substituicao-da-manga\/"]}]},{"@type":"ImageObject","inLanguage":"pt-PT","@id":"https:\/\/lovme.pt\/index.php\/produto\/armony-substituicao-da-manga\/#primaryimage","url":"https:\/\/erki24nd3ub.exactdn.com\/wp-content\/uploads\/dream\/img\/img_164704_977aa183e2106c0f555d09fbced75e30_1.jpg?strip=all","contentUrl":"https:\/\/erki24nd3ub.exactdn.com\/wp-content\/uploads\/dream\/img\/img_164704_977aa183e2106c0f555d09fbced75e30_1.jpg?strip=all","width":800,"height":800},{"@type":"BreadcrumbList","@id":"https:\/\/lovme.pt\/index.php\/produto\/armony-substituicao-da-manga\/#breadcrumb","itemListElement":[{"@type":"ListItem","position":1,"name":"In\u00edcio","item":"https:\/\/lovme.pt\/"},{"@type":"ListItem","position":2,"name":"Loja","item":"https:\/\/lovme.pt\/index.php\/loja\/"},{"@type":"ListItem","position":3,"name":"ARMONY &#8211; SUBSTITUI\u00c7\u00c3O DA MANGA"}]},{"@type":"WebSite","@id":"https:\/\/lovme.pt\/#website","url":"https:\/\/lovme.pt\/","name":"Lovme Loja Er\u00f3tica N\u00ba1 em Portugal","description":"A melhor loja er\u00f3tica de Portugal.","alternateName":"Loja Er\u00f3tica Lovme","potentialAction":[{"@type":"SearchAction","target":{"@type":"EntryPoint","urlTemplate":"https:\/\/lovme.pt\/?s={search_term_string}"},"query-input":{"@type":"PropertyValueSpecification","valueRequired":true,"valueName":"search_term_string"}}],"inLanguage":"pt-PT"}]}},"_links":{"self":[{"href":"https:\/\/lovme.pt\/index.php\/wp-json\/wp\/v2\/product\/46477","targetHints":{"allow":["GET"]}}],"collection":[{"href":"https:\/\/lovme.pt\/index.php\/wp-json\/wp\/v2\/product"}],"about":[{"href":"https:\/\/lovme.pt\/index.php\/wp-json\/wp\/v2\/types\/product"}],"wp:featuredmedia":[{"embeddable":true,"href":"https:\/\/lovme.pt\/index.php\/wp-json\/wp\/v2\/media\/100908"}],"wp:attachment":[{"href":"https:\/\/lovme.pt\/index.php\/wp-json\/wp\/v2\/media?parent=46477"}],"wp:term":[{"taxonomy":"product_brand","embeddable":true,"href":"https:\/\/lovme.pt\/index.php\/wp-json\/wp\/v2\/product_brand?post=46477"},{"taxonomy":"product_cat","embeddable":true,"href":"https:\/\/lovme.pt\/index.php\/wp-json\/wp\/v2\/product_cat?post=46477"},{"taxonomy":"product_tag","embeddable":true,"href":"https:\/\/lovme.pt\/index.php\/wp-json\/wp\/v2\/product_tag?post=46477"}],"curies":[{"name":"wp","href":"https:\/\/api.w.org\/{rel}","templated":true}]}}