{"id":46474,"date":"2025-10-01T02:55:30","date_gmt":"2025-10-01T02:55:30","guid":{"rendered":"https:\/\/lovme.pt\/?post_type=product&p=46474"},"modified":"2026-02-19T20:21:59","modified_gmt":"2026-02-19T20:21:59","slug":"armony-elk-vibrador-coelho-curvado-vermelho","status":"publish","type":"product","link":"https:\/\/lovme.pt\/index.php\/produto\/armony-elk-vibrador-coelho-curvado-vermelho\/","title":{"rendered":"ARMONY &#8211; ELK VIBRADOR COELHO CURVADO VERMELHO"},"content":{"rendered":"<p>Mergulhe no mundo do prazer com o vibrador <strong>ARMONY<\/strong> , um brinquedo er\u00f3tico meticulosamente desenhado para estimular os seus sentidos e elevar a sua experi\u00eancia \u00edntima. Fabricado com os mais altos padr\u00f5es de qualidade, este vibrador \u00e9 feito com silicone m\u00e9dico de qualidade premium e ABS, garantindo uma sensa\u00e7\u00e3o de toque suave e durabilidade excepcional. Equipado com bateria de l\u00edtio de 3,7 V, este vibrador \u00e9 potente e confi\u00e1vel, proporcionando estimula\u00e7\u00e3o intensa a cada uso.<\/p>\n<p> Com 2*9 modos de vibra\u00e7\u00e3o diferentes, este vibrador oferece uma variedade de sensa\u00e7\u00f5es para explorar e desfrutar, desde pulsa\u00e7\u00f5es suaves at\u00e9 vibra\u00e7\u00f5es intensas. Al\u00e9m disso, seu design ergon\u00f4mico e tamanho perfeito tornam-no confort\u00e1vel de usar e f\u00e1cil de manusear. Com uma fun\u00e7\u00e3o de recarga USB, voc\u00ea nunca ter\u00e1 que se preocupar em ficar sem energia no momento crucial.<\/p>\n<p> E para quem quer levar o prazer para a \u00e1gua, este vibrador \u00e9 100% \u00e0 prova d\u00e1gua, o que significa que voc\u00ea pode desfrutar de sua estimula\u00e7\u00e3o no chuveiro, na banheira ou onde sua imagina\u00e7\u00e3o o levar. Explore novos n\u00edveis de prazer e descubra a satisfa\u00e7\u00e3o total com o vibrador <strong>ARMONY<\/strong> , o seu companheiro perfeito para momentos \u00edntimos inesquec\u00edveis.<\/p>\n<\/p>\n<ul>\n<li> Esbelto e curvo, esteticamente bonito em design<\/li>\n<li> Circundando seu clit\u00f3ris e direcionando-o para estimula\u00e7\u00e3o intensa<\/li>\n<li> Motores separados para rota\u00e7\u00e3o e vibra\u00e7\u00e3o<\/li>\n<li> 220*57*42mm<\/li>\n<\/ul>\n<p> <strong>ARM\u00d4NIO<\/strong><br \/> Bem-vindo ao <strong>ARMONY<\/strong> , onde prazer e qualidade se fundem para criar uma experi\u00eancia \u00fanica no mundo dos brinquedos er\u00f3ticos. Nossa marca \u00e9 especializada na fabrica\u00e7\u00e3o de vibradores e brinquedos de alta qualidade para homens e mulheres, meticulosamente projetados para aumentar o prazer e a intimidade. De vibradores sofisticados a estimuladores sensuais, cada produto <strong>ARMONY<\/strong> \u00e9 elaborado com aten\u00e7\u00e3o aos detalhes e com o compromisso de proporcionar uma experi\u00eancia de satisfa\u00e7\u00e3o incompar\u00e1vel. Orgulhamo-nos de oferecer uma gama diversificada de produtos que v\u00e3o do cl\u00e1ssico ao inovador, sempre com foco na qualidade, seguran\u00e7a e na explora\u00e7\u00e3o do prazer. Descubra um mundo de sensa\u00e7\u00f5es er\u00f3ticas com <strong>ARMONY<\/strong> , onde o prazer se torna uma forma de arte.<\/p>\n","protected":false},"excerpt":{"rendered":"<p>ARMONY &#8211; ELK VIBRADOR COELHO CURVADO VERMELHO<\/p>\n","protected":false},"featured_media":100144,"template":"","meta":{"_acf_changed":false},"product_brand":[],"product_cat":[17,76],"product_tag":[],"class_list":{"0":"post-46474","1":"product","2":"type-product","3":"status-publish","4":"has-post-thumbnail","6":"product_cat-brinquedos-de-bem-estar-sexual","7":"product_cat-vibradores","8":"yith_product_brand-armony","9":"yith_product_brand-armonyarmony-vibrators","11":"first","12":"instock","13":"taxable","14":"shipping-taxable","15":"purchasable","16":"product-type-simple"},"acf":[],"yoast_head":"<!-- This site is optimized with the Yoast SEO plugin v27.4 - https:\/\/yoast.com\/product\/yoast-seo-wordpress\/ -->\n<title>ARMONY - ELK VIBRADOR COELHO CURVADO VERMELHO - Lovme<\/title>\n<meta name=\"robots\" content=\"index, follow, max-snippet:-1, max-image-preview:large, max-video-preview:-1\" \/>\n<link rel=\"canonical\" href=\"https:\/\/lovme.pt\/index.php\/produto\/armony-elk-vibrador-coelho-curvado-vermelho\/\" \/>\n<meta property=\"og:locale\" content=\"pt_PT\" \/>\n<meta property=\"og:type\" content=\"article\" \/>\n<meta property=\"og:title\" content=\"ARMONY - ELK VIBRADOR COELHO CURVADO VERMELHO - Lovme\" \/>\n<meta property=\"og:description\" content=\"ARMONY - ELK VIBRADOR COELHO CURVADO VERMELHO\" \/>\n<meta property=\"og:url\" content=\"https:\/\/lovme.pt\/index.php\/produto\/armony-elk-vibrador-coelho-curvado-vermelho\/\" \/>\n<meta property=\"og:site_name\" content=\"Lovme\" \/>\n<meta property=\"article:modified_time\" content=\"2026-02-19T20:21:59+00:00\" \/>\n<meta property=\"og:image\" content=\"https:\/\/erki24nd3ub.exactdn.com\/wp-content\/uploads\/dream\/img\/img_163387_674e14423784cdefaccaa29e50a932cb_1.jpg?strip=all\" \/>\n\t<meta property=\"og:image:width\" content=\"800\" \/>\n\t<meta property=\"og:image:height\" content=\"800\" \/>\n\t<meta property=\"og:image:type\" content=\"image\/jpeg\" \/>\n<meta name=\"twitter:card\" content=\"summary_large_image\" \/>\n<meta name=\"twitter:label1\" content=\"Tempo estimado de leitura\" \/>\n\t<meta name=\"twitter:data1\" content=\"2 minutos\" \/>\n<script type=\"application\/ld+json\" class=\"yoast-schema-graph\">{\"@context\":\"https:\\\/\\\/schema.org\",\"@graph\":[{\"@type\":\"WebPage\",\"@id\":\"https:\\\/\\\/lovme.pt\\\/index.php\\\/produto\\\/armony-elk-vibrador-coelho-curvado-vermelho\\\/\",\"url\":\"https:\\\/\\\/lovme.pt\\\/index.php\\\/produto\\\/armony-elk-vibrador-coelho-curvado-vermelho\\\/\",\"name\":\"ARMONY - ELK VIBRADOR COELHO CURVADO VERMELHO - Lovme\",\"isPartOf\":{\"@id\":\"https:\\\/\\\/lovme.pt\\\/#website\"},\"primaryImageOfPage\":{\"@id\":\"https:\\\/\\\/lovme.pt\\\/index.php\\\/produto\\\/armony-elk-vibrador-coelho-curvado-vermelho\\\/#primaryimage\"},\"image\":{\"@id\":\"https:\\\/\\\/lovme.pt\\\/index.php\\\/produto\\\/armony-elk-vibrador-coelho-curvado-vermelho\\\/#primaryimage\"},\"thumbnailUrl\":\"https:\\\/\\\/erki24nd3ub.exactdn.com\\\/wp-content\\\/uploads\\\/dream\\\/img\\\/img_163387_674e14423784cdefaccaa29e50a932cb_1.jpg?strip=all\",\"datePublished\":\"2025-10-01T02:55:30+00:00\",\"dateModified\":\"2026-02-19T20:21:59+00:00\",\"breadcrumb\":{\"@id\":\"https:\\\/\\\/lovme.pt\\\/index.php\\\/produto\\\/armony-elk-vibrador-coelho-curvado-vermelho\\\/#breadcrumb\"},\"inLanguage\":\"pt-PT\",\"potentialAction\":[{\"@type\":\"ReadAction\",\"target\":[\"https:\\\/\\\/lovme.pt\\\/index.php\\\/produto\\\/armony-elk-vibrador-coelho-curvado-vermelho\\\/\"]}]},{\"@type\":\"ImageObject\",\"inLanguage\":\"pt-PT\",\"@id\":\"https:\\\/\\\/lovme.pt\\\/index.php\\\/produto\\\/armony-elk-vibrador-coelho-curvado-vermelho\\\/#primaryimage\",\"url\":\"https:\\\/\\\/erki24nd3ub.exactdn.com\\\/wp-content\\\/uploads\\\/dream\\\/img\\\/img_163387_674e14423784cdefaccaa29e50a932cb_1.jpg?strip=all\",\"contentUrl\":\"https:\\\/\\\/erki24nd3ub.exactdn.com\\\/wp-content\\\/uploads\\\/dream\\\/img\\\/img_163387_674e14423784cdefaccaa29e50a932cb_1.jpg?strip=all\",\"width\":800,\"height\":800},{\"@type\":\"BreadcrumbList\",\"@id\":\"https:\\\/\\\/lovme.pt\\\/index.php\\\/produto\\\/armony-elk-vibrador-coelho-curvado-vermelho\\\/#breadcrumb\",\"itemListElement\":[{\"@type\":\"ListItem\",\"position\":1,\"name\":\"In\u00edcio\",\"item\":\"https:\\\/\\\/lovme.pt\\\/\"},{\"@type\":\"ListItem\",\"position\":2,\"name\":\"Loja\",\"item\":\"https:\\\/\\\/lovme.pt\\\/index.php\\\/loja\\\/\"},{\"@type\":\"ListItem\",\"position\":3,\"name\":\"ARMONY &#8211; ELK VIBRADOR COELHO CURVADO VERMELHO\"}]},{\"@type\":\"WebSite\",\"@id\":\"https:\\\/\\\/lovme.pt\\\/#website\",\"url\":\"https:\\\/\\\/lovme.pt\\\/\",\"name\":\"Lovme Loja Er\u00f3tica N\u00ba1 em Portugal\",\"description\":\"A melhor loja er\u00f3tica de Portugal.\",\"alternateName\":\"Loja Er\u00f3tica Lovme\",\"potentialAction\":[{\"@type\":\"SearchAction\",\"target\":{\"@type\":\"EntryPoint\",\"urlTemplate\":\"https:\\\/\\\/lovme.pt\\\/?s={search_term_string}\"},\"query-input\":{\"@type\":\"PropertyValueSpecification\",\"valueRequired\":true,\"valueName\":\"search_term_string\"}}],\"inLanguage\":\"pt-PT\"}]}<\/script>\n<!-- \/ Yoast SEO plugin. -->","yoast_head_json":{"title":"ARMONY - ELK VIBRADOR COELHO CURVADO VERMELHO - Lovme","robots":{"index":"index","follow":"follow","max-snippet":"max-snippet:-1","max-image-preview":"max-image-preview:large","max-video-preview":"max-video-preview:-1"},"canonical":"https:\/\/lovme.pt\/index.php\/produto\/armony-elk-vibrador-coelho-curvado-vermelho\/","og_locale":"pt_PT","og_type":"article","og_title":"ARMONY - ELK VIBRADOR COELHO CURVADO VERMELHO - Lovme","og_description":"ARMONY - ELK VIBRADOR COELHO CURVADO VERMELHO","og_url":"https:\/\/lovme.pt\/index.php\/produto\/armony-elk-vibrador-coelho-curvado-vermelho\/","og_site_name":"Lovme","article_modified_time":"2026-02-19T20:21:59+00:00","og_image":[{"width":800,"height":800,"url":"https:\/\/erki24nd3ub.exactdn.com\/wp-content\/uploads\/dream\/img\/img_163387_674e14423784cdefaccaa29e50a932cb_1.jpg?strip=all","type":"image\/jpeg"}],"twitter_card":"summary_large_image","twitter_misc":{"Tempo estimado de leitura":"2 minutos"},"schema":{"@context":"https:\/\/schema.org","@graph":[{"@type":"WebPage","@id":"https:\/\/lovme.pt\/index.php\/produto\/armony-elk-vibrador-coelho-curvado-vermelho\/","url":"https:\/\/lovme.pt\/index.php\/produto\/armony-elk-vibrador-coelho-curvado-vermelho\/","name":"ARMONY - ELK VIBRADOR COELHO CURVADO VERMELHO - Lovme","isPartOf":{"@id":"https:\/\/lovme.pt\/#website"},"primaryImageOfPage":{"@id":"https:\/\/lovme.pt\/index.php\/produto\/armony-elk-vibrador-coelho-curvado-vermelho\/#primaryimage"},"image":{"@id":"https:\/\/lovme.pt\/index.php\/produto\/armony-elk-vibrador-coelho-curvado-vermelho\/#primaryimage"},"thumbnailUrl":"https:\/\/erki24nd3ub.exactdn.com\/wp-content\/uploads\/dream\/img\/img_163387_674e14423784cdefaccaa29e50a932cb_1.jpg?strip=all","datePublished":"2025-10-01T02:55:30+00:00","dateModified":"2026-02-19T20:21:59+00:00","breadcrumb":{"@id":"https:\/\/lovme.pt\/index.php\/produto\/armony-elk-vibrador-coelho-curvado-vermelho\/#breadcrumb"},"inLanguage":"pt-PT","potentialAction":[{"@type":"ReadAction","target":["https:\/\/lovme.pt\/index.php\/produto\/armony-elk-vibrador-coelho-curvado-vermelho\/"]}]},{"@type":"ImageObject","inLanguage":"pt-PT","@id":"https:\/\/lovme.pt\/index.php\/produto\/armony-elk-vibrador-coelho-curvado-vermelho\/#primaryimage","url":"https:\/\/erki24nd3ub.exactdn.com\/wp-content\/uploads\/dream\/img\/img_163387_674e14423784cdefaccaa29e50a932cb_1.jpg?strip=all","contentUrl":"https:\/\/erki24nd3ub.exactdn.com\/wp-content\/uploads\/dream\/img\/img_163387_674e14423784cdefaccaa29e50a932cb_1.jpg?strip=all","width":800,"height":800},{"@type":"BreadcrumbList","@id":"https:\/\/lovme.pt\/index.php\/produto\/armony-elk-vibrador-coelho-curvado-vermelho\/#breadcrumb","itemListElement":[{"@type":"ListItem","position":1,"name":"In\u00edcio","item":"https:\/\/lovme.pt\/"},{"@type":"ListItem","position":2,"name":"Loja","item":"https:\/\/lovme.pt\/index.php\/loja\/"},{"@type":"ListItem","position":3,"name":"ARMONY &#8211; ELK VIBRADOR COELHO CURVADO VERMELHO"}]},{"@type":"WebSite","@id":"https:\/\/lovme.pt\/#website","url":"https:\/\/lovme.pt\/","name":"Lovme Loja Er\u00f3tica N\u00ba1 em Portugal","description":"A melhor loja er\u00f3tica de Portugal.","alternateName":"Loja Er\u00f3tica Lovme","potentialAction":[{"@type":"SearchAction","target":{"@type":"EntryPoint","urlTemplate":"https:\/\/lovme.pt\/?s={search_term_string}"},"query-input":{"@type":"PropertyValueSpecification","valueRequired":true,"valueName":"search_term_string"}}],"inLanguage":"pt-PT"}]}},"_links":{"self":[{"href":"https:\/\/lovme.pt\/index.php\/wp-json\/wp\/v2\/product\/46474","targetHints":{"allow":["GET"]}}],"collection":[{"href":"https:\/\/lovme.pt\/index.php\/wp-json\/wp\/v2\/product"}],"about":[{"href":"https:\/\/lovme.pt\/index.php\/wp-json\/wp\/v2\/types\/product"}],"wp:featuredmedia":[{"embeddable":true,"href":"https:\/\/lovme.pt\/index.php\/wp-json\/wp\/v2\/media\/100144"}],"wp:attachment":[{"href":"https:\/\/lovme.pt\/index.php\/wp-json\/wp\/v2\/media?parent=46474"}],"wp:term":[{"taxonomy":"product_brand","embeddable":true,"href":"https:\/\/lovme.pt\/index.php\/wp-json\/wp\/v2\/product_brand?post=46474"},{"taxonomy":"product_cat","embeddable":true,"href":"https:\/\/lovme.pt\/index.php\/wp-json\/wp\/v2\/product_cat?post=46474"},{"taxonomy":"product_tag","embeddable":true,"href":"https:\/\/lovme.pt\/index.php\/wp-json\/wp\/v2\/product_tag?post=46474"}],"curies":[{"name":"wp","href":"https:\/\/api.w.org\/{rel}","templated":true}]}}