{"id":46420,"date":"2025-09-30T22:18:20","date_gmt":"2025-09-30T22:18:20","guid":{"rendered":"https:\/\/lovme.pt\/?post_type=product&p=46420"},"modified":"2026-02-19T20:09:48","modified_gmt":"2026-02-19T20:09:48","slug":"shunga-kit-de-massagem-em-po-de-coco-comestivel","status":"publish","type":"product","link":"https:\/\/lovme.pt\/index.php\/produto\/shunga-kit-de-massagem-em-po-de-coco-comestivel\/","title":{"rendered":"SHUNGA &#8211; KIT DE MASSAGEM EM P\u00d3 DE COCO COMEST\u00cdVEL"},"content":{"rendered":"<p>Transforme o seu parceiro amoroso em um delicioso banquete polvilhando suas zonas er\u00f3genas com este p\u00f3 de sabor emocionante. Voc\u00ea tamb\u00e9m pode usar o pincel de penas para acariciar suavemente o corpo do seu parceiro. ; Deixe todo o seu corpo se contrair agradavelmente&#8230; aproveite! Ideal para uma massagem sensual a seco sem sensa\u00e7\u00e3o gordurosa. Pode ser usado como p\u00f3 secante em todas as partes do corpo sem restri\u00e7\u00f5es. para uso externo. Fragr\u00e2ncia de framboesa<\/p>\n<p>\u00a0<\/p>\n<p><u><strong>CARACTER\u00cdSTICAS<\/strong><\/u> :<\/p>\n<ul>\n<li>Aroma: Coco<\/li>\n<li>Ideal para peles sens\u00edveis<\/li>\n<li>Peso: 75g<\/li>\n<\/ul>\n<p>\u00a0<\/p>\n<p><strong>Shunga<\/strong> \u00e9 l\u00edder mundial em cosm\u00e9tica er\u00f3tica, seus ingredientes naturais fundidos com princ\u00edpios ativos alcan\u00e7am \u00f3timos resultados. Entrar no mundo er\u00f3tico de Shunga \u00e9 viajar ao passado. Traduzido literalmente, <strong>Shunga<\/strong> significa \u201cimagem da primavera\u201d, uma forma delicada de dizer \u201crela\u00e7\u00f5es sexuais\u201d entre pessoas. Esta palavra era usada para designar as pinturas er\u00f3ticas japonesas dos s\u00e9culos XVI, XVII e XVIII, um tipo denominado ukiyo-e, que nada mais eram do que trabalhos em madeira ou pergaminho com cenas sensuais e epis\u00f3dios de amor carnal, sempre feitos com muito cuidado. cuidado e bom gosto. A arte <strong>Shunga<\/strong> , embora escondida durante s\u00e9culos, marcou o in\u00edcio da ind\u00fastria pornogr\u00e1fica para a classe m\u00e9dia japonesa e serviu como fonte de renda. por gera\u00e7\u00f5es como um ensinamento para os filhos e filhas de muitas fam\u00edlias.<\/p>\n<p><img decoding=\"async\" alt=\"\" src=\"https:\/\/store.dreamlove.es\/UserFiles\/image\/banderas.png\" style=\"width: 121px; height: 35px;\" \/><\/p>\n","protected":false},"excerpt":{"rendered":"<p>EMBALAGEM DISPON\u00cdVEL EM: \/es\/en\/fr\/de\/<\/p>\n","protected":false},"featured_media":76658,"template":"","meta":{"_acf_changed":false},"product_brand":[],"product_cat":[49,53],"product_tag":[],"class_list":{"0":"post-46420","1":"product","2":"type-product","3":"status-publish","4":"has-post-thumbnail","6":"product_cat-cosmeticos","7":"product_cat-lubrificantes-intimos","8":"yith_product_brand-shunga","9":"yith_product_brand-shungashunga-body-power","11":"first","12":"instock","13":"taxable","14":"shipping-taxable","15":"purchasable","16":"product-type-simple"},"acf":[],"yoast_head":"<!-- This site is optimized with the Yoast SEO plugin v27.4 - https:\/\/yoast.com\/product\/yoast-seo-wordpress\/ -->\n<title>SHUNGA - KIT DE MASSAGEM EM P\u00d3 DE COCO COMEST\u00cdVEL - Lovme<\/title>\n<meta name=\"robots\" content=\"index, follow, max-snippet:-1, max-image-preview:large, max-video-preview:-1\" \/>\n<link rel=\"canonical\" href=\"https:\/\/lovme.pt\/index.php\/produto\/shunga-kit-de-massagem-em-po-de-coco-comestivel\/\" \/>\n<meta property=\"og:locale\" content=\"pt_PT\" \/>\n<meta property=\"og:type\" content=\"article\" \/>\n<meta property=\"og:title\" content=\"SHUNGA - KIT DE MASSAGEM EM P\u00d3 DE COCO COMEST\u00cdVEL - Lovme\" \/>\n<meta property=\"og:description\" content=\"EMBALAGEM DISPON\u00cdVEL EM: \/es\/en\/fr\/de\/\" \/>\n<meta property=\"og:url\" content=\"https:\/\/lovme.pt\/index.php\/produto\/shunga-kit-de-massagem-em-po-de-coco-comestivel\/\" \/>\n<meta property=\"og:site_name\" content=\"Lovme\" \/>\n<meta property=\"article:modified_time\" content=\"2026-02-19T20:09:48+00:00\" \/>\n<meta property=\"og:image\" content=\"https:\/\/erki24nd3ub.exactdn.com\/wp-content\/uploads\/dream\/img\/img_163101_d74bd70b579f26423425a29ab677ba6c_1.jpg?strip=all\" \/>\n\t<meta property=\"og:image:width\" content=\"800\" \/>\n\t<meta property=\"og:image:height\" content=\"800\" \/>\n\t<meta property=\"og:image:type\" content=\"image\/jpeg\" \/>\n<meta name=\"twitter:card\" content=\"summary_large_image\" \/>\n<meta name=\"twitter:label1\" content=\"Tempo estimado de leitura\" \/>\n\t<meta name=\"twitter:data1\" content=\"1 minuto\" \/>\n<script type=\"application\/ld+json\" class=\"yoast-schema-graph\">{\"@context\":\"https:\\\/\\\/schema.org\",\"@graph\":[{\"@type\":\"WebPage\",\"@id\":\"https:\\\/\\\/lovme.pt\\\/index.php\\\/produto\\\/shunga-kit-de-massagem-em-po-de-coco-comestivel\\\/\",\"url\":\"https:\\\/\\\/lovme.pt\\\/index.php\\\/produto\\\/shunga-kit-de-massagem-em-po-de-coco-comestivel\\\/\",\"name\":\"SHUNGA - KIT DE MASSAGEM EM P\u00d3 DE COCO COMEST\u00cdVEL - Lovme\",\"isPartOf\":{\"@id\":\"https:\\\/\\\/lovme.pt\\\/#website\"},\"primaryImageOfPage\":{\"@id\":\"https:\\\/\\\/lovme.pt\\\/index.php\\\/produto\\\/shunga-kit-de-massagem-em-po-de-coco-comestivel\\\/#primaryimage\"},\"image\":{\"@id\":\"https:\\\/\\\/lovme.pt\\\/index.php\\\/produto\\\/shunga-kit-de-massagem-em-po-de-coco-comestivel\\\/#primaryimage\"},\"thumbnailUrl\":\"https:\\\/\\\/erki24nd3ub.exactdn.com\\\/wp-content\\\/uploads\\\/dream\\\/img\\\/img_163101_d74bd70b579f26423425a29ab677ba6c_1.jpg?strip=all\",\"datePublished\":\"2025-09-30T22:18:20+00:00\",\"dateModified\":\"2026-02-19T20:09:48+00:00\",\"breadcrumb\":{\"@id\":\"https:\\\/\\\/lovme.pt\\\/index.php\\\/produto\\\/shunga-kit-de-massagem-em-po-de-coco-comestivel\\\/#breadcrumb\"},\"inLanguage\":\"pt-PT\",\"potentialAction\":[{\"@type\":\"ReadAction\",\"target\":[\"https:\\\/\\\/lovme.pt\\\/index.php\\\/produto\\\/shunga-kit-de-massagem-em-po-de-coco-comestivel\\\/\"]}]},{\"@type\":\"ImageObject\",\"inLanguage\":\"pt-PT\",\"@id\":\"https:\\\/\\\/lovme.pt\\\/index.php\\\/produto\\\/shunga-kit-de-massagem-em-po-de-coco-comestivel\\\/#primaryimage\",\"url\":\"https:\\\/\\\/erki24nd3ub.exactdn.com\\\/wp-content\\\/uploads\\\/dream\\\/img\\\/img_163101_d74bd70b579f26423425a29ab677ba6c_1.jpg?strip=all\",\"contentUrl\":\"https:\\\/\\\/erki24nd3ub.exactdn.com\\\/wp-content\\\/uploads\\\/dream\\\/img\\\/img_163101_d74bd70b579f26423425a29ab677ba6c_1.jpg?strip=all\",\"width\":800,\"height\":800},{\"@type\":\"BreadcrumbList\",\"@id\":\"https:\\\/\\\/lovme.pt\\\/index.php\\\/produto\\\/shunga-kit-de-massagem-em-po-de-coco-comestivel\\\/#breadcrumb\",\"itemListElement\":[{\"@type\":\"ListItem\",\"position\":1,\"name\":\"In\u00edcio\",\"item\":\"https:\\\/\\\/lovme.pt\\\/\"},{\"@type\":\"ListItem\",\"position\":2,\"name\":\"Loja\",\"item\":\"https:\\\/\\\/lovme.pt\\\/index.php\\\/loja\\\/\"},{\"@type\":\"ListItem\",\"position\":3,\"name\":\"SHUNGA &#8211; KIT DE MASSAGEM EM P\u00d3 DE COCO COMEST\u00cdVEL\"}]},{\"@type\":\"WebSite\",\"@id\":\"https:\\\/\\\/lovme.pt\\\/#website\",\"url\":\"https:\\\/\\\/lovme.pt\\\/\",\"name\":\"Lovme Loja Er\u00f3tica N\u00ba1 em Portugal\",\"description\":\"A melhor loja er\u00f3tica de Portugal.\",\"alternateName\":\"Loja Er\u00f3tica Lovme\",\"potentialAction\":[{\"@type\":\"SearchAction\",\"target\":{\"@type\":\"EntryPoint\",\"urlTemplate\":\"https:\\\/\\\/lovme.pt\\\/?s={search_term_string}\"},\"query-input\":{\"@type\":\"PropertyValueSpecification\",\"valueRequired\":true,\"valueName\":\"search_term_string\"}}],\"inLanguage\":\"pt-PT\"}]}<\/script>\n<!-- \/ Yoast SEO plugin. -->","yoast_head_json":{"title":"SHUNGA - KIT DE MASSAGEM EM P\u00d3 DE COCO COMEST\u00cdVEL - Lovme","robots":{"index":"index","follow":"follow","max-snippet":"max-snippet:-1","max-image-preview":"max-image-preview:large","max-video-preview":"max-video-preview:-1"},"canonical":"https:\/\/lovme.pt\/index.php\/produto\/shunga-kit-de-massagem-em-po-de-coco-comestivel\/","og_locale":"pt_PT","og_type":"article","og_title":"SHUNGA - KIT DE MASSAGEM EM P\u00d3 DE COCO COMEST\u00cdVEL - Lovme","og_description":"EMBALAGEM DISPON\u00cdVEL EM: \/es\/en\/fr\/de\/","og_url":"https:\/\/lovme.pt\/index.php\/produto\/shunga-kit-de-massagem-em-po-de-coco-comestivel\/","og_site_name":"Lovme","article_modified_time":"2026-02-19T20:09:48+00:00","og_image":[{"width":800,"height":800,"url":"https:\/\/erki24nd3ub.exactdn.com\/wp-content\/uploads\/dream\/img\/img_163101_d74bd70b579f26423425a29ab677ba6c_1.jpg?strip=all","type":"image\/jpeg"}],"twitter_card":"summary_large_image","twitter_misc":{"Tempo estimado de leitura":"1 minuto"},"schema":{"@context":"https:\/\/schema.org","@graph":[{"@type":"WebPage","@id":"https:\/\/lovme.pt\/index.php\/produto\/shunga-kit-de-massagem-em-po-de-coco-comestivel\/","url":"https:\/\/lovme.pt\/index.php\/produto\/shunga-kit-de-massagem-em-po-de-coco-comestivel\/","name":"SHUNGA - KIT DE MASSAGEM EM P\u00d3 DE COCO COMEST\u00cdVEL - Lovme","isPartOf":{"@id":"https:\/\/lovme.pt\/#website"},"primaryImageOfPage":{"@id":"https:\/\/lovme.pt\/index.php\/produto\/shunga-kit-de-massagem-em-po-de-coco-comestivel\/#primaryimage"},"image":{"@id":"https:\/\/lovme.pt\/index.php\/produto\/shunga-kit-de-massagem-em-po-de-coco-comestivel\/#primaryimage"},"thumbnailUrl":"https:\/\/erki24nd3ub.exactdn.com\/wp-content\/uploads\/dream\/img\/img_163101_d74bd70b579f26423425a29ab677ba6c_1.jpg?strip=all","datePublished":"2025-09-30T22:18:20+00:00","dateModified":"2026-02-19T20:09:48+00:00","breadcrumb":{"@id":"https:\/\/lovme.pt\/index.php\/produto\/shunga-kit-de-massagem-em-po-de-coco-comestivel\/#breadcrumb"},"inLanguage":"pt-PT","potentialAction":[{"@type":"ReadAction","target":["https:\/\/lovme.pt\/index.php\/produto\/shunga-kit-de-massagem-em-po-de-coco-comestivel\/"]}]},{"@type":"ImageObject","inLanguage":"pt-PT","@id":"https:\/\/lovme.pt\/index.php\/produto\/shunga-kit-de-massagem-em-po-de-coco-comestivel\/#primaryimage","url":"https:\/\/erki24nd3ub.exactdn.com\/wp-content\/uploads\/dream\/img\/img_163101_d74bd70b579f26423425a29ab677ba6c_1.jpg?strip=all","contentUrl":"https:\/\/erki24nd3ub.exactdn.com\/wp-content\/uploads\/dream\/img\/img_163101_d74bd70b579f26423425a29ab677ba6c_1.jpg?strip=all","width":800,"height":800},{"@type":"BreadcrumbList","@id":"https:\/\/lovme.pt\/index.php\/produto\/shunga-kit-de-massagem-em-po-de-coco-comestivel\/#breadcrumb","itemListElement":[{"@type":"ListItem","position":1,"name":"In\u00edcio","item":"https:\/\/lovme.pt\/"},{"@type":"ListItem","position":2,"name":"Loja","item":"https:\/\/lovme.pt\/index.php\/loja\/"},{"@type":"ListItem","position":3,"name":"SHUNGA &#8211; KIT DE MASSAGEM EM P\u00d3 DE COCO COMEST\u00cdVEL"}]},{"@type":"WebSite","@id":"https:\/\/lovme.pt\/#website","url":"https:\/\/lovme.pt\/","name":"Lovme Loja Er\u00f3tica N\u00ba1 em Portugal","description":"A melhor loja er\u00f3tica de Portugal.","alternateName":"Loja Er\u00f3tica Lovme","potentialAction":[{"@type":"SearchAction","target":{"@type":"EntryPoint","urlTemplate":"https:\/\/lovme.pt\/?s={search_term_string}"},"query-input":{"@type":"PropertyValueSpecification","valueRequired":true,"valueName":"search_term_string"}}],"inLanguage":"pt-PT"}]}},"_links":{"self":[{"href":"https:\/\/lovme.pt\/index.php\/wp-json\/wp\/v2\/product\/46420","targetHints":{"allow":["GET"]}}],"collection":[{"href":"https:\/\/lovme.pt\/index.php\/wp-json\/wp\/v2\/product"}],"about":[{"href":"https:\/\/lovme.pt\/index.php\/wp-json\/wp\/v2\/types\/product"}],"wp:featuredmedia":[{"embeddable":true,"href":"https:\/\/lovme.pt\/index.php\/wp-json\/wp\/v2\/media\/76658"}],"wp:attachment":[{"href":"https:\/\/lovme.pt\/index.php\/wp-json\/wp\/v2\/media?parent=46420"}],"wp:term":[{"taxonomy":"product_brand","embeddable":true,"href":"https:\/\/lovme.pt\/index.php\/wp-json\/wp\/v2\/product_brand?post=46420"},{"taxonomy":"product_cat","embeddable":true,"href":"https:\/\/lovme.pt\/index.php\/wp-json\/wp\/v2\/product_cat?post=46420"},{"taxonomy":"product_tag","embeddable":true,"href":"https:\/\/lovme.pt\/index.php\/wp-json\/wp\/v2\/product_tag?post=46420"}],"curies":[{"name":"wp","href":"https:\/\/api.w.org\/{rel}","templated":true}]}}