{"id":46416,"date":"2025-09-30T22:27:16","date_gmt":"2025-09-30T22:27:16","guid":{"rendered":"https:\/\/lovme.pt\/?post_type=product&p=46416"},"modified":"2026-02-19T20:12:24","modified_gmt":"2026-02-19T20:12:24","slug":"shunga-edo-kit-jardim-colecao-organica","status":"publish","type":"product","link":"https:\/\/lovme.pt\/index.php\/produto\/shunga-edo-kit-jardim-colecao-organica\/","title":{"rendered":"SHUNGA &#8211; EDO KIT JARDIM COLE\u00c7\u00c3O ORG\u00c2NICA"},"content":{"rendered":"<p>Ideal para escapadelas rom\u00e2nticas, este conjunto de pequeno formato cont\u00e9m todos os segredos para despertar os seus momentos de sensualidade. \u00c9 um \u00f3timo presente ou uma \u00f3tima maneira de experimentar os produtos Shunga. Todos os produtos &#8221; <strong>Edo Garden<\/strong> &#8221; cont\u00eam mat\u00e9rias-primas org\u00e2nicas cuidadosamente selecionadas e certificadas.<\/p>\n<p>\u00a0<\/p>\n<p><u><strong>CONT\u00c9M:<\/strong><\/u><\/p>\n<ul>\n<li>\u00d3leo de massagem &#8211; 250 ml<\/li>\n<li>\u00d3leo de Beijos \u00cdntimos Afrodisisches &#8211; 100 ml<\/li>\n<li>TOKO Organica Gleitcreme -165 ml<\/li>\n<li>\u00d3leo Sensibilizante Lotos Noir &#8211; 60 ml,<\/li>\n<li>Mini vela de massagem &#8211; 30 ml<\/li>\n<\/ul>\n<p>\u00a0<\/p>\n<p><strong>Shunga<\/strong> \u00e9 l\u00edder mundial em cosm\u00e9tica er\u00f3tica, seus ingredientes naturais fundidos com princ\u00edpios ativos alcan\u00e7am \u00f3timos resultados. Entrar no mundo er\u00f3tico de <strong>Shunga<\/strong> \u00e9 como viajar ao passado. Traduzido literalmente, <strong>Shunga<\/strong> significa \u201cimagem da primavera\u201d, uma forma delicada de dizer \u201crela\u00e7\u00f5es sexuais\u201d entre pessoas. Essa palavra era usada para designar as pinturas er\u00f3ticas japonesas dos s\u00e9culos XVI, XVII e XVIII, tipo denominado ukiyo-e, que nada mais eram do que trabalhos em madeira ou pergaminho com cenas sensuais e epis\u00f3dios de amor carnal, sempre feitos com muito cuidado. e bom gosto. A arte <strong>Shunga<\/strong> , embora escondida durante s\u00e9culos, marcou o in\u00edcio da ind\u00fastria pornogr\u00e1fica para a classe m\u00e9dia japonesa e serviu durante gera\u00e7\u00f5es como educa\u00e7\u00e3o para filhos e filhas de muitas fam\u00edlias.<\/p>\n<p><img decoding=\"async\" alt=\"\" src=\"https:\/\/store.dreamlove.es\/UserFiles\/image\/banderas.png\" style=\"width: 121px; height: 35px;\" \/><\/p>\n","protected":false},"excerpt":{"rendered":"<p>EMBALAGEM DISPON\u00cdVEL EM: \/es\/en\/fr\/de\/<\/p>\n","protected":false},"featured_media":77907,"template":"","meta":{"_acf_changed":false},"product_brand":[],"product_cat":[49,65,15,51],"product_tag":[],"class_list":{"0":"post-46416","1":"product","2":"type-product","3":"status-publish","4":"has-post-thumbnail","6":"product_cat-cosmeticos","7":"product_cat-kits","8":"product_cat-loja","9":"product_cat-oleos-de-massagem","10":"yith_product_brand-shunga","11":"yith_product_brand-shungashunga-kits","13":"first","14":"instock","15":"taxable","16":"shipping-taxable","17":"purchasable","18":"product-type-simple"},"acf":[],"yoast_head":"<!-- This site is optimized with the Yoast SEO plugin v27.4 - https:\/\/yoast.com\/product\/yoast-seo-wordpress\/ -->\n<title>SHUNGA - EDO KIT JARDIM COLE\u00c7\u00c3O ORG\u00c2NICA - Lovme<\/title>\n<meta name=\"robots\" content=\"index, follow, max-snippet:-1, max-image-preview:large, max-video-preview:-1\" \/>\n<link rel=\"canonical\" href=\"https:\/\/lovme.pt\/index.php\/produto\/shunga-edo-kit-jardim-colecao-organica\/\" \/>\n<meta property=\"og:locale\" content=\"pt_PT\" \/>\n<meta property=\"og:type\" content=\"article\" \/>\n<meta property=\"og:title\" content=\"SHUNGA - EDO KIT JARDIM COLE\u00c7\u00c3O ORG\u00c2NICA - Lovme\" \/>\n<meta property=\"og:description\" content=\"EMBALAGEM DISPON\u00cdVEL EM: \/es\/en\/fr\/de\/\" \/>\n<meta property=\"og:url\" content=\"https:\/\/lovme.pt\/index.php\/produto\/shunga-edo-kit-jardim-colecao-organica\/\" \/>\n<meta property=\"og:site_name\" content=\"Lovme\" \/>\n<meta property=\"article:modified_time\" content=\"2026-02-19T20:12:24+00:00\" \/>\n<meta property=\"og:image\" content=\"https:\/\/erki24nd3ub.exactdn.com\/wp-content\/uploads\/dream\/img\/img_163082_730ad248bf6458c08e0c4177449b70d8_1.jpg?strip=all\" \/>\n\t<meta property=\"og:image:width\" content=\"800\" \/>\n\t<meta property=\"og:image:height\" content=\"800\" \/>\n\t<meta property=\"og:image:type\" content=\"image\/jpeg\" \/>\n<meta name=\"twitter:card\" content=\"summary_large_image\" \/>\n<meta name=\"twitter:label1\" content=\"Tempo estimado de leitura\" \/>\n\t<meta name=\"twitter:data1\" content=\"1 minuto\" \/>\n<script type=\"application\/ld+json\" class=\"yoast-schema-graph\">{\"@context\":\"https:\\\/\\\/schema.org\",\"@graph\":[{\"@type\":\"WebPage\",\"@id\":\"https:\\\/\\\/lovme.pt\\\/index.php\\\/produto\\\/shunga-edo-kit-jardim-colecao-organica\\\/\",\"url\":\"https:\\\/\\\/lovme.pt\\\/index.php\\\/produto\\\/shunga-edo-kit-jardim-colecao-organica\\\/\",\"name\":\"SHUNGA - EDO KIT JARDIM COLE\u00c7\u00c3O ORG\u00c2NICA - Lovme\",\"isPartOf\":{\"@id\":\"https:\\\/\\\/lovme.pt\\\/#website\"},\"primaryImageOfPage\":{\"@id\":\"https:\\\/\\\/lovme.pt\\\/index.php\\\/produto\\\/shunga-edo-kit-jardim-colecao-organica\\\/#primaryimage\"},\"image\":{\"@id\":\"https:\\\/\\\/lovme.pt\\\/index.php\\\/produto\\\/shunga-edo-kit-jardim-colecao-organica\\\/#primaryimage\"},\"thumbnailUrl\":\"https:\\\/\\\/erki24nd3ub.exactdn.com\\\/wp-content\\\/uploads\\\/dream\\\/img\\\/img_163082_730ad248bf6458c08e0c4177449b70d8_1.jpg?strip=all\",\"datePublished\":\"2025-09-30T22:27:16+00:00\",\"dateModified\":\"2026-02-19T20:12:24+00:00\",\"breadcrumb\":{\"@id\":\"https:\\\/\\\/lovme.pt\\\/index.php\\\/produto\\\/shunga-edo-kit-jardim-colecao-organica\\\/#breadcrumb\"},\"inLanguage\":\"pt-PT\",\"potentialAction\":[{\"@type\":\"ReadAction\",\"target\":[\"https:\\\/\\\/lovme.pt\\\/index.php\\\/produto\\\/shunga-edo-kit-jardim-colecao-organica\\\/\"]}]},{\"@type\":\"ImageObject\",\"inLanguage\":\"pt-PT\",\"@id\":\"https:\\\/\\\/lovme.pt\\\/index.php\\\/produto\\\/shunga-edo-kit-jardim-colecao-organica\\\/#primaryimage\",\"url\":\"https:\\\/\\\/erki24nd3ub.exactdn.com\\\/wp-content\\\/uploads\\\/dream\\\/img\\\/img_163082_730ad248bf6458c08e0c4177449b70d8_1.jpg?strip=all\",\"contentUrl\":\"https:\\\/\\\/erki24nd3ub.exactdn.com\\\/wp-content\\\/uploads\\\/dream\\\/img\\\/img_163082_730ad248bf6458c08e0c4177449b70d8_1.jpg?strip=all\",\"width\":800,\"height\":800},{\"@type\":\"BreadcrumbList\",\"@id\":\"https:\\\/\\\/lovme.pt\\\/index.php\\\/produto\\\/shunga-edo-kit-jardim-colecao-organica\\\/#breadcrumb\",\"itemListElement\":[{\"@type\":\"ListItem\",\"position\":1,\"name\":\"In\u00edcio\",\"item\":\"https:\\\/\\\/lovme.pt\\\/\"},{\"@type\":\"ListItem\",\"position\":2,\"name\":\"Loja\",\"item\":\"https:\\\/\\\/lovme.pt\\\/index.php\\\/loja\\\/\"},{\"@type\":\"ListItem\",\"position\":3,\"name\":\"SHUNGA &#8211; EDO KIT JARDIM COLE\u00c7\u00c3O ORG\u00c2NICA\"}]},{\"@type\":\"WebSite\",\"@id\":\"https:\\\/\\\/lovme.pt\\\/#website\",\"url\":\"https:\\\/\\\/lovme.pt\\\/\",\"name\":\"Lovme Loja Er\u00f3tica N\u00ba1 em Portugal\",\"description\":\"A melhor loja er\u00f3tica de Portugal.\",\"alternateName\":\"Loja Er\u00f3tica Lovme\",\"potentialAction\":[{\"@type\":\"SearchAction\",\"target\":{\"@type\":\"EntryPoint\",\"urlTemplate\":\"https:\\\/\\\/lovme.pt\\\/?s={search_term_string}\"},\"query-input\":{\"@type\":\"PropertyValueSpecification\",\"valueRequired\":true,\"valueName\":\"search_term_string\"}}],\"inLanguage\":\"pt-PT\"}]}<\/script>\n<!-- \/ Yoast SEO plugin. -->","yoast_head_json":{"title":"SHUNGA - EDO KIT JARDIM COLE\u00c7\u00c3O ORG\u00c2NICA - Lovme","robots":{"index":"index","follow":"follow","max-snippet":"max-snippet:-1","max-image-preview":"max-image-preview:large","max-video-preview":"max-video-preview:-1"},"canonical":"https:\/\/lovme.pt\/index.php\/produto\/shunga-edo-kit-jardim-colecao-organica\/","og_locale":"pt_PT","og_type":"article","og_title":"SHUNGA - EDO KIT JARDIM COLE\u00c7\u00c3O ORG\u00c2NICA - Lovme","og_description":"EMBALAGEM DISPON\u00cdVEL EM: \/es\/en\/fr\/de\/","og_url":"https:\/\/lovme.pt\/index.php\/produto\/shunga-edo-kit-jardim-colecao-organica\/","og_site_name":"Lovme","article_modified_time":"2026-02-19T20:12:24+00:00","og_image":[{"width":800,"height":800,"url":"https:\/\/erki24nd3ub.exactdn.com\/wp-content\/uploads\/dream\/img\/img_163082_730ad248bf6458c08e0c4177449b70d8_1.jpg?strip=all","type":"image\/jpeg"}],"twitter_card":"summary_large_image","twitter_misc":{"Tempo estimado de leitura":"1 minuto"},"schema":{"@context":"https:\/\/schema.org","@graph":[{"@type":"WebPage","@id":"https:\/\/lovme.pt\/index.php\/produto\/shunga-edo-kit-jardim-colecao-organica\/","url":"https:\/\/lovme.pt\/index.php\/produto\/shunga-edo-kit-jardim-colecao-organica\/","name":"SHUNGA - EDO KIT JARDIM COLE\u00c7\u00c3O ORG\u00c2NICA - Lovme","isPartOf":{"@id":"https:\/\/lovme.pt\/#website"},"primaryImageOfPage":{"@id":"https:\/\/lovme.pt\/index.php\/produto\/shunga-edo-kit-jardim-colecao-organica\/#primaryimage"},"image":{"@id":"https:\/\/lovme.pt\/index.php\/produto\/shunga-edo-kit-jardim-colecao-organica\/#primaryimage"},"thumbnailUrl":"https:\/\/erki24nd3ub.exactdn.com\/wp-content\/uploads\/dream\/img\/img_163082_730ad248bf6458c08e0c4177449b70d8_1.jpg?strip=all","datePublished":"2025-09-30T22:27:16+00:00","dateModified":"2026-02-19T20:12:24+00:00","breadcrumb":{"@id":"https:\/\/lovme.pt\/index.php\/produto\/shunga-edo-kit-jardim-colecao-organica\/#breadcrumb"},"inLanguage":"pt-PT","potentialAction":[{"@type":"ReadAction","target":["https:\/\/lovme.pt\/index.php\/produto\/shunga-edo-kit-jardim-colecao-organica\/"]}]},{"@type":"ImageObject","inLanguage":"pt-PT","@id":"https:\/\/lovme.pt\/index.php\/produto\/shunga-edo-kit-jardim-colecao-organica\/#primaryimage","url":"https:\/\/erki24nd3ub.exactdn.com\/wp-content\/uploads\/dream\/img\/img_163082_730ad248bf6458c08e0c4177449b70d8_1.jpg?strip=all","contentUrl":"https:\/\/erki24nd3ub.exactdn.com\/wp-content\/uploads\/dream\/img\/img_163082_730ad248bf6458c08e0c4177449b70d8_1.jpg?strip=all","width":800,"height":800},{"@type":"BreadcrumbList","@id":"https:\/\/lovme.pt\/index.php\/produto\/shunga-edo-kit-jardim-colecao-organica\/#breadcrumb","itemListElement":[{"@type":"ListItem","position":1,"name":"In\u00edcio","item":"https:\/\/lovme.pt\/"},{"@type":"ListItem","position":2,"name":"Loja","item":"https:\/\/lovme.pt\/index.php\/loja\/"},{"@type":"ListItem","position":3,"name":"SHUNGA &#8211; EDO KIT JARDIM COLE\u00c7\u00c3O ORG\u00c2NICA"}]},{"@type":"WebSite","@id":"https:\/\/lovme.pt\/#website","url":"https:\/\/lovme.pt\/","name":"Lovme Loja Er\u00f3tica N\u00ba1 em Portugal","description":"A melhor loja er\u00f3tica de Portugal.","alternateName":"Loja Er\u00f3tica Lovme","potentialAction":[{"@type":"SearchAction","target":{"@type":"EntryPoint","urlTemplate":"https:\/\/lovme.pt\/?s={search_term_string}"},"query-input":{"@type":"PropertyValueSpecification","valueRequired":true,"valueName":"search_term_string"}}],"inLanguage":"pt-PT"}]}},"_links":{"self":[{"href":"https:\/\/lovme.pt\/index.php\/wp-json\/wp\/v2\/product\/46416","targetHints":{"allow":["GET"]}}],"collection":[{"href":"https:\/\/lovme.pt\/index.php\/wp-json\/wp\/v2\/product"}],"about":[{"href":"https:\/\/lovme.pt\/index.php\/wp-json\/wp\/v2\/types\/product"}],"wp:featuredmedia":[{"embeddable":true,"href":"https:\/\/lovme.pt\/index.php\/wp-json\/wp\/v2\/media\/77907"}],"wp:attachment":[{"href":"https:\/\/lovme.pt\/index.php\/wp-json\/wp\/v2\/media?parent=46416"}],"wp:term":[{"taxonomy":"product_brand","embeddable":true,"href":"https:\/\/lovme.pt\/index.php\/wp-json\/wp\/v2\/product_brand?post=46416"},{"taxonomy":"product_cat","embeddable":true,"href":"https:\/\/lovme.pt\/index.php\/wp-json\/wp\/v2\/product_cat?post=46416"},{"taxonomy":"product_tag","embeddable":true,"href":"https:\/\/lovme.pt\/index.php\/wp-json\/wp\/v2\/product_tag?post=46416"}],"curies":[{"name":"wp","href":"https:\/\/api.w.org\/{rel}","templated":true}]}}