{"id":46322,"date":"2025-09-30T20:47:34","date_gmt":"2025-09-30T20:47:34","guid":{"rendered":"https:\/\/lovme.pt\/?post_type=product&#038;p=46322"},"modified":"2026-02-19T20:23:18","modified_gmt":"2026-02-19T20:23:18","slug":"shunga-massajador-intimo-zoa-rosa","status":"publish","type":"product","link":"https:\/\/lovme.pt\/index.php\/produto\/shunga-massajador-intimo-zoa-rosa\/","title":{"rendered":"SHUNGA &#8211; ZOA MASAJEADOR INTIMO ROSA"},"content":{"rendered":"<p><strong>ZOA\u2122<\/strong> , para a mulher que aprecia poder e delicadeza. O seu design requintado e \u00fanico adapta-se a qualquer ocasi\u00e3o. perfeitamente \u00e0s suas curvas vaginais, cobrindo simultaneamente o cl\u00edtoris, os l\u00e1bios e o per\u00edneo. Sua ader\u00eancia agrad\u00e1vel permitir\u00e1 um posicionamento preciso e sem esfor\u00e7o nas \u00e1reas de sua prefer\u00eancia. Voc\u00ea rapidamente se tornar\u00e1 um de seus favoritos! Seu poderoso motor oferece dez modos de vibra\u00e7\u00e3o tremendamente emocionantes, que o acompanhar\u00e3o a uma infinidade de orgasmos memor\u00e1veis.<!-- P--><\/p>\n<p>\u00a0<\/p>\n<p><u><strong>CARACTER\u00cdSTICAS:<\/strong><\/u><\/p>\n<ul>\n<li>Design ergon\u00f4mico que se adapta ao corpo.<\/li>\n<li>Feito de silicone hipoalerg\u00eanico<\/li>\n<li>10 fun\u00e7\u00f5es de vibra\u00e7\u00e3o com sinais luminosos.<\/li>\n<li>100% \u00e0 prova d\u00e1gua IPX7<\/li>\n<li>Indicador de carga<\/li>\n<li>Ponta flex\u00edvel<\/li>\n<li>Potente motor de alto desempenho com 5 n\u00edveis de intensidade<\/li>\n<li>Calmo e discreto<\/li>\n<li>USB recarreg\u00e1vel<\/li>\n<li>Fun\u00e7\u00e3o de bloqueio de transporte<\/li>\n<li>Cor: Rosa\/Preto\/F\u00facsia<\/li>\n<\/ul>\n<p><u><strong>CONT\u00c9M:<\/strong><\/u><\/p>\n<ul>\n<li>Estimulador \u00edntimo<\/li>\n<li>Cabo de carregamento USB Adaptador AC n\u00e3o inclu\u00eddo<\/li>\n<li>Bolsa de cetim<\/li>\n<li>Guia de usuario<\/li>\n<\/ul>\n<p>\u00a0<\/p>\n<p><strong>Shunga<\/strong> \u00e9 l\u00edder mundial em cosm\u00e9tica er\u00f3tica, seus ingredientes naturais fundidos com princ\u00edpios ativos alcan\u00e7am \u00f3timos resultados. Entrar no mundo er\u00f3tico de Shunga \u00e9 viajar ao passado. Traduzido literalmente, <strong>Shunga<\/strong> significa \u201cimagem da primavera\u201d, uma forma delicada de dizer \u201crela\u00e7\u00f5es sexuais\u201d entre pessoas. Esta palavra era usada para designar as pinturas er\u00f3ticas japonesas dos s\u00e9culos XVI, XVII e XVIII, um tipo denominado ukiyo-e, que nada mais eram do que trabalhos em madeira ou pergaminho com cenas sensuais e epis\u00f3dios de amor carnal, sempre feitos com muito cuidado. carinho e bom gosto. A arte <strong>Shunga<\/strong> , embora escondida durante s\u00e9culos, marcou o in\u00edcio da ind\u00fastria pornogr\u00e1fica para a classe m\u00e9dia japonesa e serviu como fonte de renda. por gera\u00e7\u00f5es como um ensinamento para os filhos e filhas de muitas fam\u00edlias.<\/p>\n<p>\u00a0<\/p>\n","protected":false},"excerpt":{"rendered":"<p>SHUNGA &#8211; MASSAJADOR \u00cdNTIMO ZOA ROSA<\/p>\n","protected":false},"featured_media":72755,"template":"","meta":{"_acf_changed":false},"product_brand":[],"product_cat":[17,61,76],"product_tag":[],"class_list":{"0":"post-46322","1":"product","2":"type-product","3":"status-publish","4":"has-post-thumbnail","6":"product_cat-brinquedos-de-bem-estar-sexual","7":"product_cat-para-elas","8":"product_cat-vibradores","9":"yith_product_brand-shunga","10":"yith_product_brand-shungashunga-toys","12":"first","13":"instock","14":"taxable","15":"shipping-taxable","16":"purchasable","17":"product-type-variable","18":"has-default-attributes"},"acf":[],"yoast_head":"<!-- This site is optimized with the Yoast SEO plugin v27.4 - https:\/\/yoast.com\/product\/yoast-seo-wordpress\/ -->\n<title>SHUNGA - ZOA MASAJEADOR INTIMO ROSA - Lovme<\/title>\n<meta name=\"robots\" content=\"index, follow, max-snippet:-1, max-image-preview:large, max-video-preview:-1\" \/>\n<link rel=\"canonical\" href=\"https:\/\/lovme.pt\/index.php\/produto\/shunga-massajador-intimo-zoa-rosa\/\" \/>\n<meta property=\"og:locale\" content=\"pt_PT\" \/>\n<meta property=\"og:type\" content=\"article\" \/>\n<meta property=\"og:title\" content=\"SHUNGA - ZOA MASAJEADOR INTIMO ROSA - Lovme\" \/>\n<meta property=\"og:description\" content=\"SHUNGA - MASSAJADOR \u00cdNTIMO ZOA ROSA\" \/>\n<meta property=\"og:url\" content=\"https:\/\/lovme.pt\/index.php\/produto\/shunga-massajador-intimo-zoa-rosa\/\" \/>\n<meta property=\"og:site_name\" content=\"Lovme\" \/>\n<meta property=\"article:modified_time\" content=\"2026-02-19T20:23:18+00:00\" \/>\n<meta property=\"og:image\" content=\"https:\/\/erki24nd3ub.exactdn.com\/wp-content\/uploads\/dream\/img\/img_162559_3555509d5a0255492c8fb268e59698a9_1.jpg?strip=all\" \/>\n\t<meta property=\"og:image:width\" content=\"800\" \/>\n\t<meta property=\"og:image:height\" content=\"800\" \/>\n\t<meta property=\"og:image:type\" content=\"image\/jpeg\" \/>\n<meta name=\"twitter:card\" content=\"summary_large_image\" \/>\n<meta name=\"twitter:label1\" content=\"Tempo estimado de leitura\" \/>\n\t<meta name=\"twitter:data1\" content=\"1 minuto\" \/>\n<script type=\"application\/ld+json\" class=\"yoast-schema-graph\">{\"@context\":\"https:\\\/\\\/schema.org\",\"@graph\":[{\"@type\":\"WebPage\",\"@id\":\"https:\\\/\\\/lovme.pt\\\/index.php\\\/produto\\\/shunga-massajador-intimo-zoa-rosa\\\/\",\"url\":\"https:\\\/\\\/lovme.pt\\\/index.php\\\/produto\\\/shunga-massajador-intimo-zoa-rosa\\\/\",\"name\":\"SHUNGA - ZOA MASAJEADOR INTIMO ROSA - Lovme\",\"isPartOf\":{\"@id\":\"https:\\\/\\\/lovme.pt\\\/#website\"},\"primaryImageOfPage\":{\"@id\":\"https:\\\/\\\/lovme.pt\\\/index.php\\\/produto\\\/shunga-massajador-intimo-zoa-rosa\\\/#primaryimage\"},\"image\":{\"@id\":\"https:\\\/\\\/lovme.pt\\\/index.php\\\/produto\\\/shunga-massajador-intimo-zoa-rosa\\\/#primaryimage\"},\"thumbnailUrl\":\"https:\\\/\\\/erki24nd3ub.exactdn.com\\\/wp-content\\\/uploads\\\/dream\\\/img\\\/img_162559_3555509d5a0255492c8fb268e59698a9_1.jpg?strip=all\",\"datePublished\":\"2025-09-30T20:47:34+00:00\",\"dateModified\":\"2026-02-19T20:23:18+00:00\",\"breadcrumb\":{\"@id\":\"https:\\\/\\\/lovme.pt\\\/index.php\\\/produto\\\/shunga-massajador-intimo-zoa-rosa\\\/#breadcrumb\"},\"inLanguage\":\"pt-PT\",\"potentialAction\":[{\"@type\":\"ReadAction\",\"target\":[\"https:\\\/\\\/lovme.pt\\\/index.php\\\/produto\\\/shunga-massajador-intimo-zoa-rosa\\\/\"]}]},{\"@type\":\"ImageObject\",\"inLanguage\":\"pt-PT\",\"@id\":\"https:\\\/\\\/lovme.pt\\\/index.php\\\/produto\\\/shunga-massajador-intimo-zoa-rosa\\\/#primaryimage\",\"url\":\"https:\\\/\\\/erki24nd3ub.exactdn.com\\\/wp-content\\\/uploads\\\/dream\\\/img\\\/img_162559_3555509d5a0255492c8fb268e59698a9_1.jpg?strip=all\",\"contentUrl\":\"https:\\\/\\\/erki24nd3ub.exactdn.com\\\/wp-content\\\/uploads\\\/dream\\\/img\\\/img_162559_3555509d5a0255492c8fb268e59698a9_1.jpg?strip=all\",\"width\":800,\"height\":800},{\"@type\":\"BreadcrumbList\",\"@id\":\"https:\\\/\\\/lovme.pt\\\/index.php\\\/produto\\\/shunga-massajador-intimo-zoa-rosa\\\/#breadcrumb\",\"itemListElement\":[{\"@type\":\"ListItem\",\"position\":1,\"name\":\"In\u00edcio\",\"item\":\"https:\\\/\\\/lovme.pt\\\/\"},{\"@type\":\"ListItem\",\"position\":2,\"name\":\"Loja\",\"item\":\"https:\\\/\\\/lovme.pt\\\/index.php\\\/loja\\\/\"},{\"@type\":\"ListItem\",\"position\":3,\"name\":\"SHUNGA &#8211; ZOA MASAJEADOR INTIMO ROSA\"}]},{\"@type\":\"WebSite\",\"@id\":\"https:\\\/\\\/lovme.pt\\\/#website\",\"url\":\"https:\\\/\\\/lovme.pt\\\/\",\"name\":\"Lovme Loja Er\u00f3tica N\u00ba1 em Portugal\",\"description\":\"A melhor loja er\u00f3tica de Portugal.\",\"alternateName\":\"Loja Er\u00f3tica Lovme\",\"potentialAction\":[{\"@type\":\"SearchAction\",\"target\":{\"@type\":\"EntryPoint\",\"urlTemplate\":\"https:\\\/\\\/lovme.pt\\\/?s={search_term_string}\"},\"query-input\":{\"@type\":\"PropertyValueSpecification\",\"valueRequired\":true,\"valueName\":\"search_term_string\"}}],\"inLanguage\":\"pt-PT\"}]}<\/script>\n<!-- \/ Yoast SEO plugin. -->","yoast_head_json":{"title":"SHUNGA - ZOA MASAJEADOR INTIMO ROSA - Lovme","robots":{"index":"index","follow":"follow","max-snippet":"max-snippet:-1","max-image-preview":"max-image-preview:large","max-video-preview":"max-video-preview:-1"},"canonical":"https:\/\/lovme.pt\/index.php\/produto\/shunga-massajador-intimo-zoa-rosa\/","og_locale":"pt_PT","og_type":"article","og_title":"SHUNGA - ZOA MASAJEADOR INTIMO ROSA - Lovme","og_description":"SHUNGA - MASSAJADOR \u00cdNTIMO ZOA ROSA","og_url":"https:\/\/lovme.pt\/index.php\/produto\/shunga-massajador-intimo-zoa-rosa\/","og_site_name":"Lovme","article_modified_time":"2026-02-19T20:23:18+00:00","og_image":[{"width":800,"height":800,"url":"https:\/\/erki24nd3ub.exactdn.com\/wp-content\/uploads\/dream\/img\/img_162559_3555509d5a0255492c8fb268e59698a9_1.jpg?strip=all","type":"image\/jpeg"}],"twitter_card":"summary_large_image","twitter_misc":{"Tempo estimado de leitura":"1 minuto"},"schema":{"@context":"https:\/\/schema.org","@graph":[{"@type":"WebPage","@id":"https:\/\/lovme.pt\/index.php\/produto\/shunga-massajador-intimo-zoa-rosa\/","url":"https:\/\/lovme.pt\/index.php\/produto\/shunga-massajador-intimo-zoa-rosa\/","name":"SHUNGA - ZOA MASAJEADOR INTIMO ROSA - Lovme","isPartOf":{"@id":"https:\/\/lovme.pt\/#website"},"primaryImageOfPage":{"@id":"https:\/\/lovme.pt\/index.php\/produto\/shunga-massajador-intimo-zoa-rosa\/#primaryimage"},"image":{"@id":"https:\/\/lovme.pt\/index.php\/produto\/shunga-massajador-intimo-zoa-rosa\/#primaryimage"},"thumbnailUrl":"https:\/\/erki24nd3ub.exactdn.com\/wp-content\/uploads\/dream\/img\/img_162559_3555509d5a0255492c8fb268e59698a9_1.jpg?strip=all","datePublished":"2025-09-30T20:47:34+00:00","dateModified":"2026-02-19T20:23:18+00:00","breadcrumb":{"@id":"https:\/\/lovme.pt\/index.php\/produto\/shunga-massajador-intimo-zoa-rosa\/#breadcrumb"},"inLanguage":"pt-PT","potentialAction":[{"@type":"ReadAction","target":["https:\/\/lovme.pt\/index.php\/produto\/shunga-massajador-intimo-zoa-rosa\/"]}]},{"@type":"ImageObject","inLanguage":"pt-PT","@id":"https:\/\/lovme.pt\/index.php\/produto\/shunga-massajador-intimo-zoa-rosa\/#primaryimage","url":"https:\/\/erki24nd3ub.exactdn.com\/wp-content\/uploads\/dream\/img\/img_162559_3555509d5a0255492c8fb268e59698a9_1.jpg?strip=all","contentUrl":"https:\/\/erki24nd3ub.exactdn.com\/wp-content\/uploads\/dream\/img\/img_162559_3555509d5a0255492c8fb268e59698a9_1.jpg?strip=all","width":800,"height":800},{"@type":"BreadcrumbList","@id":"https:\/\/lovme.pt\/index.php\/produto\/shunga-massajador-intimo-zoa-rosa\/#breadcrumb","itemListElement":[{"@type":"ListItem","position":1,"name":"In\u00edcio","item":"https:\/\/lovme.pt\/"},{"@type":"ListItem","position":2,"name":"Loja","item":"https:\/\/lovme.pt\/index.php\/loja\/"},{"@type":"ListItem","position":3,"name":"SHUNGA &#8211; ZOA MASAJEADOR INTIMO ROSA"}]},{"@type":"WebSite","@id":"https:\/\/lovme.pt\/#website","url":"https:\/\/lovme.pt\/","name":"Lovme Loja Er\u00f3tica N\u00ba1 em Portugal","description":"A melhor loja er\u00f3tica de Portugal.","alternateName":"Loja Er\u00f3tica Lovme","potentialAction":[{"@type":"SearchAction","target":{"@type":"EntryPoint","urlTemplate":"https:\/\/lovme.pt\/?s={search_term_string}"},"query-input":{"@type":"PropertyValueSpecification","valueRequired":true,"valueName":"search_term_string"}}],"inLanguage":"pt-PT"}]}},"_links":{"self":[{"href":"https:\/\/lovme.pt\/index.php\/wp-json\/wp\/v2\/product\/46322","targetHints":{"allow":["GET"]}}],"collection":[{"href":"https:\/\/lovme.pt\/index.php\/wp-json\/wp\/v2\/product"}],"about":[{"href":"https:\/\/lovme.pt\/index.php\/wp-json\/wp\/v2\/types\/product"}],"wp:featuredmedia":[{"embeddable":true,"href":"https:\/\/lovme.pt\/index.php\/wp-json\/wp\/v2\/media\/72755"}],"wp:attachment":[{"href":"https:\/\/lovme.pt\/index.php\/wp-json\/wp\/v2\/media?parent=46322"}],"wp:term":[{"taxonomy":"product_brand","embeddable":true,"href":"https:\/\/lovme.pt\/index.php\/wp-json\/wp\/v2\/product_brand?post=46322"},{"taxonomy":"product_cat","embeddable":true,"href":"https:\/\/lovme.pt\/index.php\/wp-json\/wp\/v2\/product_cat?post=46322"},{"taxonomy":"product_tag","embeddable":true,"href":"https:\/\/lovme.pt\/index.php\/wp-json\/wp\/v2\/product_tag?post=46322"}],"curies":[{"name":"wp","href":"https:\/\/api.w.org\/{rel}","templated":true}]}}