{"id":46303,"date":"2025-09-30T22:27:13","date_gmt":"2025-09-30T22:27:13","guid":{"rendered":"https:\/\/lovme.pt\/?post_type=product&p=46303"},"modified":"2026-02-19T20:12:24","modified_gmt":"2026-02-19T20:12:24","slug":"shunga-kit-mais-naughtier","status":"publish","type":"product","link":"https:\/\/lovme.pt\/index.php\/produto\/shunga-kit-mais-naughtier\/","title":{"rendered":"SHUNGA &#8211; KIT MAIS NAUGHTIER"},"content":{"rendered":"<p>Esta cole\u00e7\u00e3o de produtos ir\u00e1 ajud\u00e1-lo a explorar tabus e quebr\u00e1-los. Nada supera o desejo de explorar a lux\u00faria da carne sozinho ou com seu amante. Tudo de bom est\u00e1 aqui e agora! O <strong>Shunga Naughter Kit<\/strong> \u00e9 o conjunto de cosm\u00e9ticos \u00edntimos mais emocionante que existe atualmente. <strong>Shunga Naughter Kit<\/strong> mergulha voc\u00ea na atmosfera de um afrodis\u00edaco envolvente \u00e0 primeira vista. Em embalagens para presente, nas quais podem ser guardados pequenos detalhes agrad\u00e1veis, os melhores sucessos para um prazer intenso aguardam seus futuros usu\u00e1rios!<\/p>\n<p>\u00a0<\/p>\n<p><u><strong>CONT\u00c9M:<\/strong><\/u><\/p>\n<ul>\n<li><strong>Lubrificante \u00e0 base de \u00e1gua Toko Aqua (165 ml)<\/strong> : deslizamento infinito e ingredientes da mais alta qualidade<\/li>\n<li><strong>Gel emocionante para o clit\u00f3ris feminino \u201cJardim Secreto\u201d (30 ml):<\/strong> A sensibilidade \u00e9 2 vezes maior com um \u00fanico toque!<\/li>\n<li><strong>Emocionante gel-creme para casais \u201cDragon\u201d (60 ml)<\/strong> : toque no gelo ardente e sinta o poder e os benef\u00edcios de uma mistura patenteada de extratos da marca Shunga<\/li>\n<li><strong>Creme que desperta a sensibilidade da zona G \u201cChuva de Amor\u201d (30 ml.):<\/strong> Um efeito \u00fanico de ingredientes naturais para o prazer feminino<\/li>\n<li><strong>Brilho labial emocionante \u201cDivine Pleasure\u201d (10 ml.)<\/strong> : L\u00e1bios carnudos e brilhantes e car\u00edcias na boca brilhantes e excitantes.<\/li>\n<\/ul>\n<p>\u00a0<\/p>\n<p><strong>Shunga<\/strong> \u00e9 l\u00edder mundial em cosm\u00e9tica er\u00f3tica, seus ingredientes naturais fundidos com princ\u00edpios ativos alcan\u00e7am \u00f3timos resultados. Entrar no mundo er\u00f3tico de <strong>Shunga<\/strong> \u00e9 como viajar ao passado. Traduzido literalmente, <strong>Shunga<\/strong> significa \u201cimagem da primavera\u201d, uma forma delicada de dizer \u201crela\u00e7\u00f5es sexuais\u201d entre pessoas. Essa palavra era usada para designar as pinturas er\u00f3ticas japonesas dos s\u00e9culos XVI, XVII e XVIII, tipo denominado ukiyo-e, que nada mais eram do que trabalhos em madeira ou pergaminho com cenas sensuais e epis\u00f3dios de amor carnal, sempre feitos com muito cuidado. e bom gosto. A arte <strong>Shunga<\/strong> , embora escondida durante s\u00e9culos, marcou o in\u00edcio da ind\u00fastria pornogr\u00e1fica para a classe m\u00e9dia japonesa e serviu durante gera\u00e7\u00f5es como educa\u00e7\u00e3o para filhos e filhas de muitas fam\u00edlias.<\/p>\n<p><img decoding=\"async\" alt=\"\" src=\"https:\/\/store.dreamlove.es\/UserFiles\/image\/banderas.png\" style=\"width: 121px; height: 35px;\" \/><\/p>\n","protected":false},"excerpt":{"rendered":"<p>EMBALAGEM DISPON\u00cdVEL EM: \/es\/en\/fr\/de\/<\/p>\n","protected":false},"featured_media":77897,"template":"","meta":{"_acf_changed":false},"product_brand":[],"product_cat":[49,65,15,51],"product_tag":[],"class_list":{"0":"post-46303","1":"product","2":"type-product","3":"status-publish","4":"has-post-thumbnail","6":"product_cat-cosmeticos","7":"product_cat-kits","8":"product_cat-loja","9":"product_cat-oleos-de-massagem","10":"yith_product_brand-shunga","11":"yith_product_brand-shungashunga-kits","13":"first","14":"instock","15":"taxable","16":"shipping-taxable","17":"purchasable","18":"product-type-simple"},"acf":[],"yoast_head":"<!-- This site is optimized with the Yoast SEO plugin v27.4 - https:\/\/yoast.com\/product\/yoast-seo-wordpress\/ -->\n<title>SHUNGA - KIT MAIS NAUGHTIER - Lovme<\/title>\n<meta name=\"robots\" content=\"index, follow, max-snippet:-1, max-image-preview:large, max-video-preview:-1\" \/>\n<link rel=\"canonical\" href=\"https:\/\/lovme.pt\/index.php\/produto\/shunga-kit-mais-naughtier\/\" \/>\n<meta property=\"og:locale\" content=\"pt_PT\" \/>\n<meta property=\"og:type\" content=\"article\" \/>\n<meta property=\"og:title\" content=\"SHUNGA - KIT MAIS NAUGHTIER - Lovme\" \/>\n<meta property=\"og:description\" content=\"EMBALAGEM DISPON\u00cdVEL EM: \/es\/en\/fr\/de\/\" \/>\n<meta property=\"og:url\" content=\"https:\/\/lovme.pt\/index.php\/produto\/shunga-kit-mais-naughtier\/\" \/>\n<meta property=\"og:site_name\" content=\"Lovme\" \/>\n<meta property=\"article:modified_time\" content=\"2026-02-19T20:12:24+00:00\" \/>\n<meta property=\"og:image\" content=\"https:\/\/erki24nd3ub.exactdn.com\/wp-content\/uploads\/dream\/img\/img_162495_9cb9272cf77b08e4a60e3e9124b61a75_1.jpg?strip=all\" \/>\n\t<meta property=\"og:image:width\" content=\"800\" \/>\n\t<meta property=\"og:image:height\" content=\"800\" \/>\n\t<meta property=\"og:image:type\" content=\"image\/jpeg\" \/>\n<meta name=\"twitter:card\" content=\"summary_large_image\" \/>\n<meta name=\"twitter:label1\" content=\"Tempo estimado de leitura\" \/>\n\t<meta name=\"twitter:data1\" content=\"2 minutos\" \/>\n<script type=\"application\/ld+json\" class=\"yoast-schema-graph\">{\"@context\":\"https:\\\/\\\/schema.org\",\"@graph\":[{\"@type\":\"WebPage\",\"@id\":\"https:\\\/\\\/lovme.pt\\\/index.php\\\/produto\\\/shunga-kit-mais-naughtier\\\/\",\"url\":\"https:\\\/\\\/lovme.pt\\\/index.php\\\/produto\\\/shunga-kit-mais-naughtier\\\/\",\"name\":\"SHUNGA - KIT MAIS NAUGHTIER - Lovme\",\"isPartOf\":{\"@id\":\"https:\\\/\\\/lovme.pt\\\/#website\"},\"primaryImageOfPage\":{\"@id\":\"https:\\\/\\\/lovme.pt\\\/index.php\\\/produto\\\/shunga-kit-mais-naughtier\\\/#primaryimage\"},\"image\":{\"@id\":\"https:\\\/\\\/lovme.pt\\\/index.php\\\/produto\\\/shunga-kit-mais-naughtier\\\/#primaryimage\"},\"thumbnailUrl\":\"https:\\\/\\\/erki24nd3ub.exactdn.com\\\/wp-content\\\/uploads\\\/dream\\\/img\\\/img_162495_9cb9272cf77b08e4a60e3e9124b61a75_1.jpg?strip=all\",\"datePublished\":\"2025-09-30T22:27:13+00:00\",\"dateModified\":\"2026-02-19T20:12:24+00:00\",\"breadcrumb\":{\"@id\":\"https:\\\/\\\/lovme.pt\\\/index.php\\\/produto\\\/shunga-kit-mais-naughtier\\\/#breadcrumb\"},\"inLanguage\":\"pt-PT\",\"potentialAction\":[{\"@type\":\"ReadAction\",\"target\":[\"https:\\\/\\\/lovme.pt\\\/index.php\\\/produto\\\/shunga-kit-mais-naughtier\\\/\"]}]},{\"@type\":\"ImageObject\",\"inLanguage\":\"pt-PT\",\"@id\":\"https:\\\/\\\/lovme.pt\\\/index.php\\\/produto\\\/shunga-kit-mais-naughtier\\\/#primaryimage\",\"url\":\"https:\\\/\\\/erki24nd3ub.exactdn.com\\\/wp-content\\\/uploads\\\/dream\\\/img\\\/img_162495_9cb9272cf77b08e4a60e3e9124b61a75_1.jpg?strip=all\",\"contentUrl\":\"https:\\\/\\\/erki24nd3ub.exactdn.com\\\/wp-content\\\/uploads\\\/dream\\\/img\\\/img_162495_9cb9272cf77b08e4a60e3e9124b61a75_1.jpg?strip=all\",\"width\":800,\"height\":800},{\"@type\":\"BreadcrumbList\",\"@id\":\"https:\\\/\\\/lovme.pt\\\/index.php\\\/produto\\\/shunga-kit-mais-naughtier\\\/#breadcrumb\",\"itemListElement\":[{\"@type\":\"ListItem\",\"position\":1,\"name\":\"In\u00edcio\",\"item\":\"https:\\\/\\\/lovme.pt\\\/\"},{\"@type\":\"ListItem\",\"position\":2,\"name\":\"Loja\",\"item\":\"https:\\\/\\\/lovme.pt\\\/index.php\\\/loja\\\/\"},{\"@type\":\"ListItem\",\"position\":3,\"name\":\"SHUNGA &#8211; KIT MAIS NAUGHTIER\"}]},{\"@type\":\"WebSite\",\"@id\":\"https:\\\/\\\/lovme.pt\\\/#website\",\"url\":\"https:\\\/\\\/lovme.pt\\\/\",\"name\":\"Lovme Loja Er\u00f3tica N\u00ba1 em Portugal\",\"description\":\"A melhor loja er\u00f3tica de Portugal.\",\"alternateName\":\"Loja Er\u00f3tica Lovme\",\"potentialAction\":[{\"@type\":\"SearchAction\",\"target\":{\"@type\":\"EntryPoint\",\"urlTemplate\":\"https:\\\/\\\/lovme.pt\\\/?s={search_term_string}\"},\"query-input\":{\"@type\":\"PropertyValueSpecification\",\"valueRequired\":true,\"valueName\":\"search_term_string\"}}],\"inLanguage\":\"pt-PT\"}]}<\/script>\n<!-- \/ Yoast SEO plugin. -->","yoast_head_json":{"title":"SHUNGA - KIT MAIS NAUGHTIER - Lovme","robots":{"index":"index","follow":"follow","max-snippet":"max-snippet:-1","max-image-preview":"max-image-preview:large","max-video-preview":"max-video-preview:-1"},"canonical":"https:\/\/lovme.pt\/index.php\/produto\/shunga-kit-mais-naughtier\/","og_locale":"pt_PT","og_type":"article","og_title":"SHUNGA - KIT MAIS NAUGHTIER - Lovme","og_description":"EMBALAGEM DISPON\u00cdVEL EM: \/es\/en\/fr\/de\/","og_url":"https:\/\/lovme.pt\/index.php\/produto\/shunga-kit-mais-naughtier\/","og_site_name":"Lovme","article_modified_time":"2026-02-19T20:12:24+00:00","og_image":[{"width":800,"height":800,"url":"https:\/\/erki24nd3ub.exactdn.com\/wp-content\/uploads\/dream\/img\/img_162495_9cb9272cf77b08e4a60e3e9124b61a75_1.jpg?strip=all","type":"image\/jpeg"}],"twitter_card":"summary_large_image","twitter_misc":{"Tempo estimado de leitura":"2 minutos"},"schema":{"@context":"https:\/\/schema.org","@graph":[{"@type":"WebPage","@id":"https:\/\/lovme.pt\/index.php\/produto\/shunga-kit-mais-naughtier\/","url":"https:\/\/lovme.pt\/index.php\/produto\/shunga-kit-mais-naughtier\/","name":"SHUNGA - KIT MAIS NAUGHTIER - Lovme","isPartOf":{"@id":"https:\/\/lovme.pt\/#website"},"primaryImageOfPage":{"@id":"https:\/\/lovme.pt\/index.php\/produto\/shunga-kit-mais-naughtier\/#primaryimage"},"image":{"@id":"https:\/\/lovme.pt\/index.php\/produto\/shunga-kit-mais-naughtier\/#primaryimage"},"thumbnailUrl":"https:\/\/erki24nd3ub.exactdn.com\/wp-content\/uploads\/dream\/img\/img_162495_9cb9272cf77b08e4a60e3e9124b61a75_1.jpg?strip=all","datePublished":"2025-09-30T22:27:13+00:00","dateModified":"2026-02-19T20:12:24+00:00","breadcrumb":{"@id":"https:\/\/lovme.pt\/index.php\/produto\/shunga-kit-mais-naughtier\/#breadcrumb"},"inLanguage":"pt-PT","potentialAction":[{"@type":"ReadAction","target":["https:\/\/lovme.pt\/index.php\/produto\/shunga-kit-mais-naughtier\/"]}]},{"@type":"ImageObject","inLanguage":"pt-PT","@id":"https:\/\/lovme.pt\/index.php\/produto\/shunga-kit-mais-naughtier\/#primaryimage","url":"https:\/\/erki24nd3ub.exactdn.com\/wp-content\/uploads\/dream\/img\/img_162495_9cb9272cf77b08e4a60e3e9124b61a75_1.jpg?strip=all","contentUrl":"https:\/\/erki24nd3ub.exactdn.com\/wp-content\/uploads\/dream\/img\/img_162495_9cb9272cf77b08e4a60e3e9124b61a75_1.jpg?strip=all","width":800,"height":800},{"@type":"BreadcrumbList","@id":"https:\/\/lovme.pt\/index.php\/produto\/shunga-kit-mais-naughtier\/#breadcrumb","itemListElement":[{"@type":"ListItem","position":1,"name":"In\u00edcio","item":"https:\/\/lovme.pt\/"},{"@type":"ListItem","position":2,"name":"Loja","item":"https:\/\/lovme.pt\/index.php\/loja\/"},{"@type":"ListItem","position":3,"name":"SHUNGA &#8211; KIT MAIS NAUGHTIER"}]},{"@type":"WebSite","@id":"https:\/\/lovme.pt\/#website","url":"https:\/\/lovme.pt\/","name":"Lovme Loja Er\u00f3tica N\u00ba1 em Portugal","description":"A melhor loja er\u00f3tica de Portugal.","alternateName":"Loja Er\u00f3tica Lovme","potentialAction":[{"@type":"SearchAction","target":{"@type":"EntryPoint","urlTemplate":"https:\/\/lovme.pt\/?s={search_term_string}"},"query-input":{"@type":"PropertyValueSpecification","valueRequired":true,"valueName":"search_term_string"}}],"inLanguage":"pt-PT"}]}},"_links":{"self":[{"href":"https:\/\/lovme.pt\/index.php\/wp-json\/wp\/v2\/product\/46303","targetHints":{"allow":["GET"]}}],"collection":[{"href":"https:\/\/lovme.pt\/index.php\/wp-json\/wp\/v2\/product"}],"about":[{"href":"https:\/\/lovme.pt\/index.php\/wp-json\/wp\/v2\/types\/product"}],"wp:featuredmedia":[{"embeddable":true,"href":"https:\/\/lovme.pt\/index.php\/wp-json\/wp\/v2\/media\/77897"}],"wp:attachment":[{"href":"https:\/\/lovme.pt\/index.php\/wp-json\/wp\/v2\/media?parent=46303"}],"wp:term":[{"taxonomy":"product_brand","embeddable":true,"href":"https:\/\/lovme.pt\/index.php\/wp-json\/wp\/v2\/product_brand?post=46303"},{"taxonomy":"product_cat","embeddable":true,"href":"https:\/\/lovme.pt\/index.php\/wp-json\/wp\/v2\/product_cat?post=46303"},{"taxonomy":"product_tag","embeddable":true,"href":"https:\/\/lovme.pt\/index.php\/wp-json\/wp\/v2\/product_tag?post=46303"}],"curies":[{"name":"wp","href":"https:\/\/api.w.org\/{rel}","templated":true}]}}