{"id":46281,"date":"2025-09-30T20:47:20","date_gmt":"2025-09-30T20:47:20","guid":{"rendered":"https:\/\/lovme.pt\/?post_type=product&p=46281"},"modified":"2026-02-19T20:08:56","modified_gmt":"2026-02-19T20:08:56","slug":"pretty-love-vibrador-de-coelho-lamar-e-ponto-g-violeta","status":"publish","type":"product","link":"https:\/\/lovme.pt\/index.php\/produto\/pretty-love-vibrador-de-coelho-lamar-e-ponto-g-violeta\/","title":{"rendered":"PRETTY LOVE &#8211; VIBRADOR DE COELHO LAMAR E PONTO G VIOLETA"},"content":{"rendered":"<p>Este vibrador foi desenhado com haste curva ideal para estimula\u00e7\u00e3o do ponto G, enquanto seu formato s\u00f3lido permite maior sensa\u00e7\u00e3o ao entrar e sair do corpo. O vibrador de coelho externo s\u00f3lido permite ao usu\u00e1rio obter estimula\u00e7\u00e3o clitoriana focada. Possui uma tela LCD digital f\u00e1cil de usar que mostra as configura\u00e7\u00f5es e o n\u00edvel da bateria. \u00c9 o complemento perfeito para o quarto de casais que gostam de um contato intenso, sensual e cheio de vibra\u00e7\u00e3o.<\/p>\n<p>Descubra novos patamares de prazer com nosso vibrador meticulosamente projetado para satisfazer seus desejos mais \u00edntimos. Este brinquedo sensual combina a sofistica\u00e7\u00e3o de uma haste curva perfeitamente projetada para estimula\u00e7\u00e3o do ponto G com a excita\u00e7\u00e3o adicional das fun\u00e7\u00f5es clitorianas do coelho.<\/p>\n<ul>\n<li><strong>Eixo Curvo Ergon\u00f4mico<\/strong> : O design curvo do nosso vibrador foi projetado para atingir o ponto G exclusivo com precis\u00e3o, proporcionando estimula\u00e7\u00e3o intensa e orgasmos mais profundos.<\/li>\n<li><strong>Estimulador Clitoriano Coelho<\/strong> : Equipado com um pequeno coelho vibrat\u00f3rio estrategicamente colocado, este brinquedo garante uma dose dupla de prazer ao estimular simultaneamente o clit\u00f3ris e o ponto G.<\/li>\n<li><strong>V\u00e1rios modos de vibra\u00e7\u00e3o<\/strong> : Explore uma variedade de sensa\u00e7\u00f5es com seus v\u00e1rios modos de vibra\u00e7\u00e3o ajust\u00e1veis. De pulsa\u00e7\u00f5es suaves a vibra\u00e7\u00f5es intensas, voc\u00ea pode personalizar a experi\u00eancia de acordo com suas prefer\u00eancias.<\/li>\n<li><strong>Silicone m\u00e9dico de toque suave:<\/strong> Feito com silicone m\u00e9dico hipoalerg\u00eanico, nosso vibrador \u00e9 macio e luxuoso contra a pele, garantindo uma experi\u00eancia confort\u00e1vel e segura.<\/li>\n<li><strong>Recarreg\u00e1vel e \u00e0 prova d\u00e1gua:<\/strong> esque\u00e7a de se preocupar com baterias. Este vibrador \u00e9 recarreg\u00e1vel para que voc\u00ea nunca fique sem energia no momento crucial. Al\u00e9m disso, \u00e9 \u00e0 prova d\u2019\u00e1gua, permitindo que voc\u00ea aproveite no chuveiro ou na banheira.<\/li>\n<li><strong>Controle f\u00e1cil e intuitivo<\/strong> : com controles f\u00e1ceis de usar, alternar entre modos e ajustar a intensidade \u00e9 simples e sem complica\u00e7\u00f5es.<\/li>\n<\/ul>\n<p>Viva momentos de \u00eaxtase com nosso vibrador projetado para levar seu prazer a novos patamares. Experimente a fus\u00e3o perfeita de forma, fun\u00e7\u00e3o e divers\u00e3o com este brinquedo sexual que certamente ir\u00e1 satisfazer todas as suas fantasias mais sensuais.<\/p>\n<p>\u00a0<\/p>\n<p><u><strong>CARACTER\u00cdSTICAS<\/strong><\/u> :<\/p>\n<ul>\n<li>Fun\u00e7\u00e3o: 10 fun\u00e7\u00f5es de vibra\u00e7\u00e3o + 9 n\u00edveis de controle de velocidade<\/li>\n<li>Alimenta\u00e7\u00e3o: USB recarreg\u00e1vel<\/li>\n<li>Material: silicone ABS<\/li>\n<li>Cor: Violeta<\/li>\n<\/ul>\n","protected":false},"excerpt":{"rendered":"<p>PRETTY LOVE &#8211; VIBRADOR DE COELHO LAMAR E PONTO G VIOLETA<\/p>\n","protected":false},"featured_media":72687,"template":"","meta":{"_acf_changed":false},"product_brand":[],"product_cat":[17,61,76],"product_tag":[],"class_list":{"0":"post-46281","1":"product","2":"type-product","3":"status-publish","4":"has-post-thumbnail","6":"product_cat-brinquedos-de-bem-estar-sexual","7":"product_cat-para-elas","8":"product_cat-vibradores","9":"yith_product_brand-pretty-love","10":"yith_product_brand-pretty-lovepretty-love-flirtation","12":"first","13":"instock","14":"taxable","15":"shipping-taxable","16":"purchasable","17":"product-type-simple"},"acf":[],"yoast_head":"<!-- This site is optimized with the Yoast SEO plugin v27.4 - https:\/\/yoast.com\/product\/yoast-seo-wordpress\/ -->\n<title>PRETTY LOVE - VIBRADOR DE COELHO LAMAR E PONTO G VIOLETA - Lovme<\/title>\n<meta name=\"robots\" content=\"index, follow, max-snippet:-1, max-image-preview:large, max-video-preview:-1\" \/>\n<link rel=\"canonical\" href=\"https:\/\/lovme.pt\/index.php\/produto\/pretty-love-vibrador-de-coelho-lamar-e-ponto-g-violeta\/\" \/>\n<meta property=\"og:locale\" content=\"pt_PT\" \/>\n<meta property=\"og:type\" content=\"article\" \/>\n<meta property=\"og:title\" content=\"PRETTY LOVE - VIBRADOR DE COELHO LAMAR E PONTO G VIOLETA - Lovme\" \/>\n<meta property=\"og:description\" content=\"PRETTY LOVE - VIBRADOR DE COELHO LAMAR E PONTO G VIOLETA\" \/>\n<meta property=\"og:url\" content=\"https:\/\/lovme.pt\/index.php\/produto\/pretty-love-vibrador-de-coelho-lamar-e-ponto-g-violeta\/\" \/>\n<meta property=\"og:site_name\" content=\"Lovme\" \/>\n<meta property=\"article:modified_time\" content=\"2026-02-19T20:08:56+00:00\" \/>\n<meta property=\"og:image\" content=\"https:\/\/erki24nd3ub.exactdn.com\/wp-content\/uploads\/dream\/img\/img_162258_9fe9fda4e26f10d3800208aa6e80a0b3_1.jpg?strip=all\" \/>\n\t<meta property=\"og:image:width\" content=\"800\" \/>\n\t<meta property=\"og:image:height\" content=\"800\" \/>\n\t<meta property=\"og:image:type\" content=\"image\/jpeg\" \/>\n<meta name=\"twitter:card\" content=\"summary_large_image\" \/>\n<meta name=\"twitter:label1\" content=\"Tempo estimado de leitura\" \/>\n\t<meta name=\"twitter:data1\" content=\"2 minutos\" \/>\n<script type=\"application\/ld+json\" class=\"yoast-schema-graph\">{\"@context\":\"https:\\\/\\\/schema.org\",\"@graph\":[{\"@type\":\"WebPage\",\"@id\":\"https:\\\/\\\/lovme.pt\\\/index.php\\\/produto\\\/pretty-love-vibrador-de-coelho-lamar-e-ponto-g-violeta\\\/\",\"url\":\"https:\\\/\\\/lovme.pt\\\/index.php\\\/produto\\\/pretty-love-vibrador-de-coelho-lamar-e-ponto-g-violeta\\\/\",\"name\":\"PRETTY LOVE - VIBRADOR DE COELHO LAMAR E PONTO G VIOLETA - Lovme\",\"isPartOf\":{\"@id\":\"https:\\\/\\\/lovme.pt\\\/#website\"},\"primaryImageOfPage\":{\"@id\":\"https:\\\/\\\/lovme.pt\\\/index.php\\\/produto\\\/pretty-love-vibrador-de-coelho-lamar-e-ponto-g-violeta\\\/#primaryimage\"},\"image\":{\"@id\":\"https:\\\/\\\/lovme.pt\\\/index.php\\\/produto\\\/pretty-love-vibrador-de-coelho-lamar-e-ponto-g-violeta\\\/#primaryimage\"},\"thumbnailUrl\":\"https:\\\/\\\/erki24nd3ub.exactdn.com\\\/wp-content\\\/uploads\\\/dream\\\/img\\\/img_162258_9fe9fda4e26f10d3800208aa6e80a0b3_1.jpg?strip=all\",\"datePublished\":\"2025-09-30T20:47:20+00:00\",\"dateModified\":\"2026-02-19T20:08:56+00:00\",\"breadcrumb\":{\"@id\":\"https:\\\/\\\/lovme.pt\\\/index.php\\\/produto\\\/pretty-love-vibrador-de-coelho-lamar-e-ponto-g-violeta\\\/#breadcrumb\"},\"inLanguage\":\"pt-PT\",\"potentialAction\":[{\"@type\":\"ReadAction\",\"target\":[\"https:\\\/\\\/lovme.pt\\\/index.php\\\/produto\\\/pretty-love-vibrador-de-coelho-lamar-e-ponto-g-violeta\\\/\"]}]},{\"@type\":\"ImageObject\",\"inLanguage\":\"pt-PT\",\"@id\":\"https:\\\/\\\/lovme.pt\\\/index.php\\\/produto\\\/pretty-love-vibrador-de-coelho-lamar-e-ponto-g-violeta\\\/#primaryimage\",\"url\":\"https:\\\/\\\/erki24nd3ub.exactdn.com\\\/wp-content\\\/uploads\\\/dream\\\/img\\\/img_162258_9fe9fda4e26f10d3800208aa6e80a0b3_1.jpg?strip=all\",\"contentUrl\":\"https:\\\/\\\/erki24nd3ub.exactdn.com\\\/wp-content\\\/uploads\\\/dream\\\/img\\\/img_162258_9fe9fda4e26f10d3800208aa6e80a0b3_1.jpg?strip=all\",\"width\":800,\"height\":800},{\"@type\":\"BreadcrumbList\",\"@id\":\"https:\\\/\\\/lovme.pt\\\/index.php\\\/produto\\\/pretty-love-vibrador-de-coelho-lamar-e-ponto-g-violeta\\\/#breadcrumb\",\"itemListElement\":[{\"@type\":\"ListItem\",\"position\":1,\"name\":\"In\u00edcio\",\"item\":\"https:\\\/\\\/lovme.pt\\\/\"},{\"@type\":\"ListItem\",\"position\":2,\"name\":\"Loja\",\"item\":\"https:\\\/\\\/lovme.pt\\\/index.php\\\/loja\\\/\"},{\"@type\":\"ListItem\",\"position\":3,\"name\":\"PRETTY LOVE &#8211; VIBRADOR DE COELHO LAMAR E PONTO G VIOLETA\"}]},{\"@type\":\"WebSite\",\"@id\":\"https:\\\/\\\/lovme.pt\\\/#website\",\"url\":\"https:\\\/\\\/lovme.pt\\\/\",\"name\":\"Lovme Loja Er\u00f3tica N\u00ba1 em Portugal\",\"description\":\"A melhor loja er\u00f3tica de Portugal.\",\"alternateName\":\"Loja Er\u00f3tica Lovme\",\"potentialAction\":[{\"@type\":\"SearchAction\",\"target\":{\"@type\":\"EntryPoint\",\"urlTemplate\":\"https:\\\/\\\/lovme.pt\\\/?s={search_term_string}\"},\"query-input\":{\"@type\":\"PropertyValueSpecification\",\"valueRequired\":true,\"valueName\":\"search_term_string\"}}],\"inLanguage\":\"pt-PT\"}]}<\/script>\n<!-- \/ Yoast SEO plugin. -->","yoast_head_json":{"title":"PRETTY LOVE - VIBRADOR DE COELHO LAMAR E PONTO G VIOLETA - Lovme","robots":{"index":"index","follow":"follow","max-snippet":"max-snippet:-1","max-image-preview":"max-image-preview:large","max-video-preview":"max-video-preview:-1"},"canonical":"https:\/\/lovme.pt\/index.php\/produto\/pretty-love-vibrador-de-coelho-lamar-e-ponto-g-violeta\/","og_locale":"pt_PT","og_type":"article","og_title":"PRETTY LOVE - VIBRADOR DE COELHO LAMAR E PONTO G VIOLETA - Lovme","og_description":"PRETTY LOVE - VIBRADOR DE COELHO LAMAR E PONTO G VIOLETA","og_url":"https:\/\/lovme.pt\/index.php\/produto\/pretty-love-vibrador-de-coelho-lamar-e-ponto-g-violeta\/","og_site_name":"Lovme","article_modified_time":"2026-02-19T20:08:56+00:00","og_image":[{"width":800,"height":800,"url":"https:\/\/erki24nd3ub.exactdn.com\/wp-content\/uploads\/dream\/img\/img_162258_9fe9fda4e26f10d3800208aa6e80a0b3_1.jpg?strip=all","type":"image\/jpeg"}],"twitter_card":"summary_large_image","twitter_misc":{"Tempo estimado de leitura":"2 minutos"},"schema":{"@context":"https:\/\/schema.org","@graph":[{"@type":"WebPage","@id":"https:\/\/lovme.pt\/index.php\/produto\/pretty-love-vibrador-de-coelho-lamar-e-ponto-g-violeta\/","url":"https:\/\/lovme.pt\/index.php\/produto\/pretty-love-vibrador-de-coelho-lamar-e-ponto-g-violeta\/","name":"PRETTY LOVE - VIBRADOR DE COELHO LAMAR E PONTO G VIOLETA - Lovme","isPartOf":{"@id":"https:\/\/lovme.pt\/#website"},"primaryImageOfPage":{"@id":"https:\/\/lovme.pt\/index.php\/produto\/pretty-love-vibrador-de-coelho-lamar-e-ponto-g-violeta\/#primaryimage"},"image":{"@id":"https:\/\/lovme.pt\/index.php\/produto\/pretty-love-vibrador-de-coelho-lamar-e-ponto-g-violeta\/#primaryimage"},"thumbnailUrl":"https:\/\/erki24nd3ub.exactdn.com\/wp-content\/uploads\/dream\/img\/img_162258_9fe9fda4e26f10d3800208aa6e80a0b3_1.jpg?strip=all","datePublished":"2025-09-30T20:47:20+00:00","dateModified":"2026-02-19T20:08:56+00:00","breadcrumb":{"@id":"https:\/\/lovme.pt\/index.php\/produto\/pretty-love-vibrador-de-coelho-lamar-e-ponto-g-violeta\/#breadcrumb"},"inLanguage":"pt-PT","potentialAction":[{"@type":"ReadAction","target":["https:\/\/lovme.pt\/index.php\/produto\/pretty-love-vibrador-de-coelho-lamar-e-ponto-g-violeta\/"]}]},{"@type":"ImageObject","inLanguage":"pt-PT","@id":"https:\/\/lovme.pt\/index.php\/produto\/pretty-love-vibrador-de-coelho-lamar-e-ponto-g-violeta\/#primaryimage","url":"https:\/\/erki24nd3ub.exactdn.com\/wp-content\/uploads\/dream\/img\/img_162258_9fe9fda4e26f10d3800208aa6e80a0b3_1.jpg?strip=all","contentUrl":"https:\/\/erki24nd3ub.exactdn.com\/wp-content\/uploads\/dream\/img\/img_162258_9fe9fda4e26f10d3800208aa6e80a0b3_1.jpg?strip=all","width":800,"height":800},{"@type":"BreadcrumbList","@id":"https:\/\/lovme.pt\/index.php\/produto\/pretty-love-vibrador-de-coelho-lamar-e-ponto-g-violeta\/#breadcrumb","itemListElement":[{"@type":"ListItem","position":1,"name":"In\u00edcio","item":"https:\/\/lovme.pt\/"},{"@type":"ListItem","position":2,"name":"Loja","item":"https:\/\/lovme.pt\/index.php\/loja\/"},{"@type":"ListItem","position":3,"name":"PRETTY LOVE &#8211; VIBRADOR DE COELHO LAMAR E PONTO G VIOLETA"}]},{"@type":"WebSite","@id":"https:\/\/lovme.pt\/#website","url":"https:\/\/lovme.pt\/","name":"Lovme Loja Er\u00f3tica N\u00ba1 em Portugal","description":"A melhor loja er\u00f3tica de Portugal.","alternateName":"Loja Er\u00f3tica Lovme","potentialAction":[{"@type":"SearchAction","target":{"@type":"EntryPoint","urlTemplate":"https:\/\/lovme.pt\/?s={search_term_string}"},"query-input":{"@type":"PropertyValueSpecification","valueRequired":true,"valueName":"search_term_string"}}],"inLanguage":"pt-PT"}]}},"_links":{"self":[{"href":"https:\/\/lovme.pt\/index.php\/wp-json\/wp\/v2\/product\/46281","targetHints":{"allow":["GET"]}}],"collection":[{"href":"https:\/\/lovme.pt\/index.php\/wp-json\/wp\/v2\/product"}],"about":[{"href":"https:\/\/lovme.pt\/index.php\/wp-json\/wp\/v2\/types\/product"}],"wp:featuredmedia":[{"embeddable":true,"href":"https:\/\/lovme.pt\/index.php\/wp-json\/wp\/v2\/media\/72687"}],"wp:attachment":[{"href":"https:\/\/lovme.pt\/index.php\/wp-json\/wp\/v2\/media?parent=46281"}],"wp:term":[{"taxonomy":"product_brand","embeddable":true,"href":"https:\/\/lovme.pt\/index.php\/wp-json\/wp\/v2\/product_brand?post=46281"},{"taxonomy":"product_cat","embeddable":true,"href":"https:\/\/lovme.pt\/index.php\/wp-json\/wp\/v2\/product_cat?post=46281"},{"taxonomy":"product_tag","embeddable":true,"href":"https:\/\/lovme.pt\/index.php\/wp-json\/wp\/v2\/product_tag?post=46281"}],"curies":[{"name":"wp","href":"https:\/\/api.w.org\/{rel}","templated":true}]}}