{"id":46263,"date":"2025-10-01T00:18:02","date_gmt":"2025-10-01T00:18:02","guid":{"rendered":"https:\/\/lovme.pt\/?post_type=product&p=46263"},"modified":"2026-02-19T20:14:58","modified_gmt":"2026-02-19T20:14:58","slug":"leg-avenue-teddy-alto-pescoo","status":"publish","type":"product","link":"https:\/\/lovme.pt\/index.php\/produto\/leg-avenue-teddy-alto-pescoo\/","title":{"rendered":"LEG AVENUE &#8211; TEDDY ALTO PESCOO"},"content":{"rendered":"<\/p>\n<p>Explore um mundo de sensualidade e estilo com nosso cativante ursinho arrast\u00e3o. Este conjunto requintado redefine eleg\u00e2ncia e provoca\u00e7\u00e3o, criando uma experi\u00eancia \u00fanica de lingerie que real\u00e7a a sua feminilidade com um toque de mist\u00e9rio e glamour.<\/p>\n<p> Design Intrincado: O tecido mesh, com seu design intrincado, envolve seu corpo com um sensual jogo de transpar\u00eancias. Cada detalhe \u00e9 cuidadosamente elaborado para real\u00e7ar suas curvas e despertar admira\u00e7\u00e3o.<\/p>\n<p> Gola alta e mangas compridas: A gola alta e as mangas compridas acrescentam uma dose de sofistica\u00e7\u00e3o ao look. Estes elementos n\u00e3o s\u00f3 criam uma est\u00e9tica elegante, mas tamb\u00e9m criam um equil\u00edbrio entre revela\u00e7\u00e3o e sugest\u00e3o, deixando espa\u00e7o para a imagina\u00e7\u00e3o.<\/p>\n<p> Fecho de press\u00e3o na virilha: A praticidade encontra a sedu\u00e7\u00e3o com o fecho de press\u00e3o na virilha. Esta funcionalidade n\u00e3o s\u00f3 facilita vestir e despir, mas tamb\u00e9m acrescenta um toque l\u00fadico e surpreendente, convidando-o a explorar novas facetas da intimidade.<\/p>\n<p> Refor\u00e7o de algod\u00e3o: O refor\u00e7o de algod\u00e3o garante conforto excepcional durante todo o tempo de uso do ursinho. Esta adi\u00e7\u00e3o estrat\u00e9gica garante que voc\u00ea se sinta seguro e confort\u00e1vel, permitindo que voc\u00ea aproveite cada momento com confian\u00e7a.<\/p>\n<p> Este ursinho n\u00e3o \u00e9 apenas uma pe\u00e7a de lingerie, mas uma express\u00e3o do seu estilo e sensualidade. Seja para uma ocasi\u00e3o especial ou simplesmente para celebrar a sua feminilidade no dia a dia, nosso ursinho de malha convida voc\u00ea a descobrir a fus\u00e3o \u00fanica entre design ousado e bem-estar incompar\u00e1vel. Mergulhe na sedu\u00e7\u00e3o e na eleg\u00e2ncia com esta pe\u00e7a que vai te fazer desmaiar. sinta-se poderoso e completamente irresist\u00edvel.<\/p>\n<p> <u><strong>CARACTER\u00cdSTICAS:<\/strong><\/u><\/p>\n<ul>\n<li> Um tamanho<\/li>\n<li> <u>Composi\u00e7\u00e3o<\/u> : 100% n\u00e1ilon<\/li>\n<li> <u>Cor<\/u> preta<\/li>\n<\/ul>\n<p> <strong>A Leg Avenue<\/strong> tem os produtos que voc\u00ea procurava, comprometendo-se a oferecer aos clientes produtos inovadores, pre\u00e7os competitivos e muita satisfa\u00e7\u00e3o, fresquinhos do que h\u00e1 de mais fashion em Los Angeles. Ningu\u00e9m torna isso mais sexy!!<\/p>\n","protected":false},"excerpt":{"rendered":"<p>LEG AVENUE &#8211; TEDDY ALTO PESCOO<\/p>\n","protected":false},"featured_media":86402,"template":"","meta":{"_acf_changed":false},"product_brand":[],"product_cat":[47,66],"product_tag":[],"class_list":{"0":"post-46263","1":"product","2":"type-product","3":"status-publish","4":"has-post-thumbnail","6":"product_cat-lingerie","7":"product_cat-lingerie-feminina","8":"yith_product_brand-leg-avenue","9":"yith_product_brand-leg-avenueleg-avenue-teddies","11":"first","12":"instock","13":"taxable","14":"shipping-taxable","15":"purchasable","16":"product-type-simple"},"acf":[],"yoast_head":"<!-- This site is optimized with the Yoast SEO plugin v27.4 - https:\/\/yoast.com\/product\/yoast-seo-wordpress\/ -->\n<title>LEG AVENUE - TEDDY ALTO PESCOO - Lovme<\/title>\n<meta name=\"robots\" content=\"index, follow, max-snippet:-1, max-image-preview:large, max-video-preview:-1\" \/>\n<link rel=\"canonical\" href=\"https:\/\/lovme.pt\/index.php\/produto\/leg-avenue-teddy-alto-pescoo\/\" \/>\n<meta property=\"og:locale\" content=\"pt_PT\" \/>\n<meta property=\"og:type\" content=\"article\" \/>\n<meta property=\"og:title\" content=\"LEG AVENUE - TEDDY ALTO PESCOO - Lovme\" \/>\n<meta property=\"og:description\" content=\"LEG AVENUE - TEDDY ALTO PESCOO\" \/>\n<meta property=\"og:url\" content=\"https:\/\/lovme.pt\/index.php\/produto\/leg-avenue-teddy-alto-pescoo\/\" \/>\n<meta property=\"og:site_name\" content=\"Lovme\" \/>\n<meta property=\"article:modified_time\" content=\"2026-02-19T20:14:58+00:00\" \/>\n<meta property=\"og:image\" content=\"https:\/\/erki24nd3ub.exactdn.com\/wp-content\/uploads\/dream\/img\/img_162067_30eac0dff2ef7f3f6261a5473bf7324d_1.jpg?strip=all\" \/>\n\t<meta property=\"og:image:width\" content=\"800\" \/>\n\t<meta property=\"og:image:height\" content=\"800\" \/>\n\t<meta property=\"og:image:type\" content=\"image\/jpeg\" \/>\n<meta name=\"twitter:card\" content=\"summary_large_image\" \/>\n<meta name=\"twitter:label1\" content=\"Tempo estimado de leitura\" \/>\n\t<meta name=\"twitter:data1\" content=\"2 minutos\" \/>\n<script type=\"application\/ld+json\" class=\"yoast-schema-graph\">{\"@context\":\"https:\\\/\\\/schema.org\",\"@graph\":[{\"@type\":\"WebPage\",\"@id\":\"https:\\\/\\\/lovme.pt\\\/index.php\\\/produto\\\/leg-avenue-teddy-alto-pescoo\\\/\",\"url\":\"https:\\\/\\\/lovme.pt\\\/index.php\\\/produto\\\/leg-avenue-teddy-alto-pescoo\\\/\",\"name\":\"LEG AVENUE - TEDDY ALTO PESCOO - Lovme\",\"isPartOf\":{\"@id\":\"https:\\\/\\\/lovme.pt\\\/#website\"},\"primaryImageOfPage\":{\"@id\":\"https:\\\/\\\/lovme.pt\\\/index.php\\\/produto\\\/leg-avenue-teddy-alto-pescoo\\\/#primaryimage\"},\"image\":{\"@id\":\"https:\\\/\\\/lovme.pt\\\/index.php\\\/produto\\\/leg-avenue-teddy-alto-pescoo\\\/#primaryimage\"},\"thumbnailUrl\":\"https:\\\/\\\/erki24nd3ub.exactdn.com\\\/wp-content\\\/uploads\\\/dream\\\/img\\\/img_162067_30eac0dff2ef7f3f6261a5473bf7324d_1.jpg?strip=all\",\"datePublished\":\"2025-10-01T00:18:02+00:00\",\"dateModified\":\"2026-02-19T20:14:58+00:00\",\"breadcrumb\":{\"@id\":\"https:\\\/\\\/lovme.pt\\\/index.php\\\/produto\\\/leg-avenue-teddy-alto-pescoo\\\/#breadcrumb\"},\"inLanguage\":\"pt-PT\",\"potentialAction\":[{\"@type\":\"ReadAction\",\"target\":[\"https:\\\/\\\/lovme.pt\\\/index.php\\\/produto\\\/leg-avenue-teddy-alto-pescoo\\\/\"]}]},{\"@type\":\"ImageObject\",\"inLanguage\":\"pt-PT\",\"@id\":\"https:\\\/\\\/lovme.pt\\\/index.php\\\/produto\\\/leg-avenue-teddy-alto-pescoo\\\/#primaryimage\",\"url\":\"https:\\\/\\\/erki24nd3ub.exactdn.com\\\/wp-content\\\/uploads\\\/dream\\\/img\\\/img_162067_30eac0dff2ef7f3f6261a5473bf7324d_1.jpg?strip=all\",\"contentUrl\":\"https:\\\/\\\/erki24nd3ub.exactdn.com\\\/wp-content\\\/uploads\\\/dream\\\/img\\\/img_162067_30eac0dff2ef7f3f6261a5473bf7324d_1.jpg?strip=all\",\"width\":800,\"height\":800},{\"@type\":\"BreadcrumbList\",\"@id\":\"https:\\\/\\\/lovme.pt\\\/index.php\\\/produto\\\/leg-avenue-teddy-alto-pescoo\\\/#breadcrumb\",\"itemListElement\":[{\"@type\":\"ListItem\",\"position\":1,\"name\":\"In\u00edcio\",\"item\":\"https:\\\/\\\/lovme.pt\\\/\"},{\"@type\":\"ListItem\",\"position\":2,\"name\":\"Loja\",\"item\":\"https:\\\/\\\/lovme.pt\\\/index.php\\\/loja\\\/\"},{\"@type\":\"ListItem\",\"position\":3,\"name\":\"LEG AVENUE &#8211; TEDDY ALTO PESCOO\"}]},{\"@type\":\"WebSite\",\"@id\":\"https:\\\/\\\/lovme.pt\\\/#website\",\"url\":\"https:\\\/\\\/lovme.pt\\\/\",\"name\":\"Lovme Loja Er\u00f3tica N\u00ba1 em Portugal\",\"description\":\"A melhor loja er\u00f3tica de Portugal.\",\"alternateName\":\"Loja Er\u00f3tica Lovme\",\"potentialAction\":[{\"@type\":\"SearchAction\",\"target\":{\"@type\":\"EntryPoint\",\"urlTemplate\":\"https:\\\/\\\/lovme.pt\\\/?s={search_term_string}\"},\"query-input\":{\"@type\":\"PropertyValueSpecification\",\"valueRequired\":true,\"valueName\":\"search_term_string\"}}],\"inLanguage\":\"pt-PT\"}]}<\/script>\n<!-- \/ Yoast SEO plugin. -->","yoast_head_json":{"title":"LEG AVENUE - TEDDY ALTO PESCOO - Lovme","robots":{"index":"index","follow":"follow","max-snippet":"max-snippet:-1","max-image-preview":"max-image-preview:large","max-video-preview":"max-video-preview:-1"},"canonical":"https:\/\/lovme.pt\/index.php\/produto\/leg-avenue-teddy-alto-pescoo\/","og_locale":"pt_PT","og_type":"article","og_title":"LEG AVENUE - TEDDY ALTO PESCOO - Lovme","og_description":"LEG AVENUE - TEDDY ALTO PESCOO","og_url":"https:\/\/lovme.pt\/index.php\/produto\/leg-avenue-teddy-alto-pescoo\/","og_site_name":"Lovme","article_modified_time":"2026-02-19T20:14:58+00:00","og_image":[{"width":800,"height":800,"url":"https:\/\/erki24nd3ub.exactdn.com\/wp-content\/uploads\/dream\/img\/img_162067_30eac0dff2ef7f3f6261a5473bf7324d_1.jpg?strip=all","type":"image\/jpeg"}],"twitter_card":"summary_large_image","twitter_misc":{"Tempo estimado de leitura":"2 minutos"},"schema":{"@context":"https:\/\/schema.org","@graph":[{"@type":"WebPage","@id":"https:\/\/lovme.pt\/index.php\/produto\/leg-avenue-teddy-alto-pescoo\/","url":"https:\/\/lovme.pt\/index.php\/produto\/leg-avenue-teddy-alto-pescoo\/","name":"LEG AVENUE - TEDDY ALTO PESCOO - Lovme","isPartOf":{"@id":"https:\/\/lovme.pt\/#website"},"primaryImageOfPage":{"@id":"https:\/\/lovme.pt\/index.php\/produto\/leg-avenue-teddy-alto-pescoo\/#primaryimage"},"image":{"@id":"https:\/\/lovme.pt\/index.php\/produto\/leg-avenue-teddy-alto-pescoo\/#primaryimage"},"thumbnailUrl":"https:\/\/erki24nd3ub.exactdn.com\/wp-content\/uploads\/dream\/img\/img_162067_30eac0dff2ef7f3f6261a5473bf7324d_1.jpg?strip=all","datePublished":"2025-10-01T00:18:02+00:00","dateModified":"2026-02-19T20:14:58+00:00","breadcrumb":{"@id":"https:\/\/lovme.pt\/index.php\/produto\/leg-avenue-teddy-alto-pescoo\/#breadcrumb"},"inLanguage":"pt-PT","potentialAction":[{"@type":"ReadAction","target":["https:\/\/lovme.pt\/index.php\/produto\/leg-avenue-teddy-alto-pescoo\/"]}]},{"@type":"ImageObject","inLanguage":"pt-PT","@id":"https:\/\/lovme.pt\/index.php\/produto\/leg-avenue-teddy-alto-pescoo\/#primaryimage","url":"https:\/\/erki24nd3ub.exactdn.com\/wp-content\/uploads\/dream\/img\/img_162067_30eac0dff2ef7f3f6261a5473bf7324d_1.jpg?strip=all","contentUrl":"https:\/\/erki24nd3ub.exactdn.com\/wp-content\/uploads\/dream\/img\/img_162067_30eac0dff2ef7f3f6261a5473bf7324d_1.jpg?strip=all","width":800,"height":800},{"@type":"BreadcrumbList","@id":"https:\/\/lovme.pt\/index.php\/produto\/leg-avenue-teddy-alto-pescoo\/#breadcrumb","itemListElement":[{"@type":"ListItem","position":1,"name":"In\u00edcio","item":"https:\/\/lovme.pt\/"},{"@type":"ListItem","position":2,"name":"Loja","item":"https:\/\/lovme.pt\/index.php\/loja\/"},{"@type":"ListItem","position":3,"name":"LEG AVENUE &#8211; TEDDY ALTO PESCOO"}]},{"@type":"WebSite","@id":"https:\/\/lovme.pt\/#website","url":"https:\/\/lovme.pt\/","name":"Lovme Loja Er\u00f3tica N\u00ba1 em Portugal","description":"A melhor loja er\u00f3tica de Portugal.","alternateName":"Loja Er\u00f3tica Lovme","potentialAction":[{"@type":"SearchAction","target":{"@type":"EntryPoint","urlTemplate":"https:\/\/lovme.pt\/?s={search_term_string}"},"query-input":{"@type":"PropertyValueSpecification","valueRequired":true,"valueName":"search_term_string"}}],"inLanguage":"pt-PT"}]}},"_links":{"self":[{"href":"https:\/\/lovme.pt\/index.php\/wp-json\/wp\/v2\/product\/46263","targetHints":{"allow":["GET"]}}],"collection":[{"href":"https:\/\/lovme.pt\/index.php\/wp-json\/wp\/v2\/product"}],"about":[{"href":"https:\/\/lovme.pt\/index.php\/wp-json\/wp\/v2\/types\/product"}],"wp:featuredmedia":[{"embeddable":true,"href":"https:\/\/lovme.pt\/index.php\/wp-json\/wp\/v2\/media\/86402"}],"wp:attachment":[{"href":"https:\/\/lovme.pt\/index.php\/wp-json\/wp\/v2\/media?parent=46263"}],"wp:term":[{"taxonomy":"product_brand","embeddable":true,"href":"https:\/\/lovme.pt\/index.php\/wp-json\/wp\/v2\/product_brand?post=46263"},{"taxonomy":"product_cat","embeddable":true,"href":"https:\/\/lovme.pt\/index.php\/wp-json\/wp\/v2\/product_cat?post=46263"},{"taxonomy":"product_tag","embeddable":true,"href":"https:\/\/lovme.pt\/index.php\/wp-json\/wp\/v2\/product_tag?post=46263"}],"curies":[{"name":"wp","href":"https:\/\/api.w.org\/{rel}","templated":true}]}}