{"id":46258,"date":"2025-10-01T00:51:02","date_gmt":"2025-10-01T00:51:02","guid":{"rendered":"https:\/\/lovme.pt\/?post_type=product&p=46258"},"modified":"2026-02-19T20:17:03","modified_gmt":"2026-02-19T20:17:03","slug":"leg-avenue-bodystocking-frente-ev","status":"publish","type":"product","link":"https:\/\/lovme.pt\/index.php\/produto\/leg-avenue-bodystocking-frente-ev\/","title":{"rendered":"LEG AVENUE &#8211; BODYSTOCKING FRENTE EV"},"content":{"rendered":"<p>Mergulhe no mundo da moda com nosso body de manga comprida projetado para destacar seu estilo \u00fanico e elegante! Este requintado body combina conforto incompar\u00e1vel com um toque de sensualidade, gra\u00e7as ao seu design inovador e detalhes cuidadosamente elaborados.<\/p>\n<p> A frente em formato de V n\u00e3o s\u00f3 acrescenta um toque de sofistica\u00e7\u00e3o, como tamb\u00e9m destaca o seu decote de forma elegante e feminina. Este decote profundo \u00e9 perfeito para aqueles momentos em que voc\u00ea quer real\u00e7ar o seu lado mais ousado e chique. O V invertido cria uma linha lisonjeira que alonga visualmente a figura, proporcionando uma silhueta esbelta e estilizada.<\/p>\n<p> Mas isso n\u00e3o \u00e9 tudo: levamos o conforto para o pr\u00f3ximo n\u00edvel ao incorporar malha sem costura neste body. A malha n\u00e3o s\u00f3 adiciona um elemento de intriga e estilo, mas tamb\u00e9m proporciona uma sensa\u00e7\u00e3o suave e sedosa \u00e0 sua pele. Esque\u00e7a o inc\u00f4modo das costuras tradicionais; Com nosso body, voc\u00ea experimentar\u00e1 uma sensa\u00e7\u00e3o de segunda pele que o deixar\u00e1 animado. sinta-se confort\u00e1vel e elegante o dia todo.<\/p>\n<p> A aten\u00e7\u00e3o aos detalhes \u00e9 fundamental neste design, e a malha sem costuras estende-se estrategicamente para real\u00e7ar a sua figura de uma forma natural e lisonjeira. A delicadeza dos detalhes da malha acrescenta um toque sensual e sedutor, enquanto o conforto continua sendo a prioridade n\u00famero um.<\/p>\n<p> Esteja voc\u00ea planejando uma sa\u00edda \u00e0 noite, uma reuni\u00e3o especial ou apenas queira elevar o seu estilo do dia a dia, este body de manga comprida com frente em V sem costura \u00e9 a escolha. perfeito. Surpreenda a todos com a sua eleg\u00e2ncia e confian\u00e7a ao usar esta pe\u00e7a \u00fanica que combina moda e funcionalidade de forma excepcional. Fa\u00e7a uma declara\u00e7\u00e3o de estilo com nosso body e defina tend\u00eancias onde quer que voc\u00ea v\u00e1!<\/p>\n<\/p>\n<p> <u><strong>CARACTER\u00cdSTICAS:<\/strong><\/u><\/p>\n<ul>\n<li> Um tamanho<\/li>\n<li> <u>Composi\u00e7\u00e3o<\/u> : 100% n\u00e1ilon<\/li>\n<li> <u>Cor<\/u> preta<\/li>\n<\/ul>\n<p> <strong>A Leg Avenue<\/strong> tem os produtos que voc\u00ea procurava, comprometendo-se a oferecer aos clientes produtos inovadores, pre\u00e7os competitivos e muita satisfa\u00e7\u00e3o, fresquinhos do que h\u00e1 de mais fashion em Los Angeles. Ningu\u00e9m torna isso mais sexy!!<\/p>\n","protected":false},"excerpt":{"rendered":"<p>LEG AVENUE &#8211; BODYSTOCKING FRENTE EV<\/p>\n","protected":false},"featured_media":91530,"template":"","meta":{"_acf_changed":false},"product_brand":[],"product_cat":[47,66],"product_tag":[],"class_list":{"0":"post-46258","1":"product","2":"type-product","3":"status-publish","4":"has-post-thumbnail","6":"product_cat-lingerie","7":"product_cat-lingerie-feminina","8":"yith_product_brand-leg-avenue","9":"yith_product_brand-leg-avenueleg-avenue-bodystockings","11":"first","12":"instock","13":"taxable","14":"shipping-taxable","15":"purchasable","16":"product-type-simple"},"acf":[],"yoast_head":"<!-- This site is optimized with the Yoast SEO plugin v27.4 - https:\/\/yoast.com\/product\/yoast-seo-wordpress\/ -->\n<title>LEG AVENUE - BODYSTOCKING FRENTE EV - Lovme<\/title>\n<meta name=\"robots\" content=\"index, follow, max-snippet:-1, max-image-preview:large, max-video-preview:-1\" \/>\n<link rel=\"canonical\" href=\"https:\/\/lovme.pt\/index.php\/produto\/leg-avenue-bodystocking-frente-ev\/\" \/>\n<meta property=\"og:locale\" content=\"pt_PT\" \/>\n<meta property=\"og:type\" content=\"article\" \/>\n<meta property=\"og:title\" content=\"LEG AVENUE - BODYSTOCKING FRENTE EV - Lovme\" \/>\n<meta property=\"og:description\" content=\"LEG AVENUE - BODYSTOCKING FRENTE EV\" \/>\n<meta property=\"og:url\" content=\"https:\/\/lovme.pt\/index.php\/produto\/leg-avenue-bodystocking-frente-ev\/\" \/>\n<meta property=\"og:site_name\" content=\"Lovme\" \/>\n<meta property=\"article:modified_time\" content=\"2026-02-19T20:17:03+00:00\" \/>\n<meta property=\"og:image\" content=\"https:\/\/erki24nd3ub.exactdn.com\/wp-content\/uploads\/dream\/img\/img_162093_8b6ca64d07711d15882995df25206d3a_1.jpg?strip=all\" \/>\n\t<meta property=\"og:image:width\" content=\"800\" \/>\n\t<meta property=\"og:image:height\" content=\"800\" \/>\n\t<meta property=\"og:image:type\" content=\"image\/jpeg\" \/>\n<meta name=\"twitter:card\" content=\"summary_large_image\" \/>\n<meta name=\"twitter:label1\" content=\"Tempo estimado de leitura\" \/>\n\t<meta name=\"twitter:data1\" content=\"2 minutos\" \/>\n<script type=\"application\/ld+json\" class=\"yoast-schema-graph\">{\"@context\":\"https:\\\/\\\/schema.org\",\"@graph\":[{\"@type\":\"WebPage\",\"@id\":\"https:\\\/\\\/lovme.pt\\\/index.php\\\/produto\\\/leg-avenue-bodystocking-frente-ev\\\/\",\"url\":\"https:\\\/\\\/lovme.pt\\\/index.php\\\/produto\\\/leg-avenue-bodystocking-frente-ev\\\/\",\"name\":\"LEG AVENUE - BODYSTOCKING FRENTE EV - Lovme\",\"isPartOf\":{\"@id\":\"https:\\\/\\\/lovme.pt\\\/#website\"},\"primaryImageOfPage\":{\"@id\":\"https:\\\/\\\/lovme.pt\\\/index.php\\\/produto\\\/leg-avenue-bodystocking-frente-ev\\\/#primaryimage\"},\"image\":{\"@id\":\"https:\\\/\\\/lovme.pt\\\/index.php\\\/produto\\\/leg-avenue-bodystocking-frente-ev\\\/#primaryimage\"},\"thumbnailUrl\":\"https:\\\/\\\/erki24nd3ub.exactdn.com\\\/wp-content\\\/uploads\\\/dream\\\/img\\\/img_162093_8b6ca64d07711d15882995df25206d3a_1.jpg?strip=all\",\"datePublished\":\"2025-10-01T00:51:02+00:00\",\"dateModified\":\"2026-02-19T20:17:03+00:00\",\"breadcrumb\":{\"@id\":\"https:\\\/\\\/lovme.pt\\\/index.php\\\/produto\\\/leg-avenue-bodystocking-frente-ev\\\/#breadcrumb\"},\"inLanguage\":\"pt-PT\",\"potentialAction\":[{\"@type\":\"ReadAction\",\"target\":[\"https:\\\/\\\/lovme.pt\\\/index.php\\\/produto\\\/leg-avenue-bodystocking-frente-ev\\\/\"]}]},{\"@type\":\"ImageObject\",\"inLanguage\":\"pt-PT\",\"@id\":\"https:\\\/\\\/lovme.pt\\\/index.php\\\/produto\\\/leg-avenue-bodystocking-frente-ev\\\/#primaryimage\",\"url\":\"https:\\\/\\\/erki24nd3ub.exactdn.com\\\/wp-content\\\/uploads\\\/dream\\\/img\\\/img_162093_8b6ca64d07711d15882995df25206d3a_1.jpg?strip=all\",\"contentUrl\":\"https:\\\/\\\/erki24nd3ub.exactdn.com\\\/wp-content\\\/uploads\\\/dream\\\/img\\\/img_162093_8b6ca64d07711d15882995df25206d3a_1.jpg?strip=all\",\"width\":800,\"height\":800},{\"@type\":\"BreadcrumbList\",\"@id\":\"https:\\\/\\\/lovme.pt\\\/index.php\\\/produto\\\/leg-avenue-bodystocking-frente-ev\\\/#breadcrumb\",\"itemListElement\":[{\"@type\":\"ListItem\",\"position\":1,\"name\":\"In\u00edcio\",\"item\":\"https:\\\/\\\/lovme.pt\\\/\"},{\"@type\":\"ListItem\",\"position\":2,\"name\":\"Loja\",\"item\":\"https:\\\/\\\/lovme.pt\\\/index.php\\\/loja\\\/\"},{\"@type\":\"ListItem\",\"position\":3,\"name\":\"LEG AVENUE &#8211; BODYSTOCKING FRENTE EV\"}]},{\"@type\":\"WebSite\",\"@id\":\"https:\\\/\\\/lovme.pt\\\/#website\",\"url\":\"https:\\\/\\\/lovme.pt\\\/\",\"name\":\"Lovme Loja Er\u00f3tica N\u00ba1 em Portugal\",\"description\":\"A melhor loja er\u00f3tica de Portugal.\",\"alternateName\":\"Loja Er\u00f3tica Lovme\",\"potentialAction\":[{\"@type\":\"SearchAction\",\"target\":{\"@type\":\"EntryPoint\",\"urlTemplate\":\"https:\\\/\\\/lovme.pt\\\/?s={search_term_string}\"},\"query-input\":{\"@type\":\"PropertyValueSpecification\",\"valueRequired\":true,\"valueName\":\"search_term_string\"}}],\"inLanguage\":\"pt-PT\"}]}<\/script>\n<!-- \/ Yoast SEO plugin. -->","yoast_head_json":{"title":"LEG AVENUE - BODYSTOCKING FRENTE EV - Lovme","robots":{"index":"index","follow":"follow","max-snippet":"max-snippet:-1","max-image-preview":"max-image-preview:large","max-video-preview":"max-video-preview:-1"},"canonical":"https:\/\/lovme.pt\/index.php\/produto\/leg-avenue-bodystocking-frente-ev\/","og_locale":"pt_PT","og_type":"article","og_title":"LEG AVENUE - BODYSTOCKING FRENTE EV - Lovme","og_description":"LEG AVENUE - BODYSTOCKING FRENTE EV","og_url":"https:\/\/lovme.pt\/index.php\/produto\/leg-avenue-bodystocking-frente-ev\/","og_site_name":"Lovme","article_modified_time":"2026-02-19T20:17:03+00:00","og_image":[{"width":800,"height":800,"url":"https:\/\/erki24nd3ub.exactdn.com\/wp-content\/uploads\/dream\/img\/img_162093_8b6ca64d07711d15882995df25206d3a_1.jpg?strip=all","type":"image\/jpeg"}],"twitter_card":"summary_large_image","twitter_misc":{"Tempo estimado de leitura":"2 minutos"},"schema":{"@context":"https:\/\/schema.org","@graph":[{"@type":"WebPage","@id":"https:\/\/lovme.pt\/index.php\/produto\/leg-avenue-bodystocking-frente-ev\/","url":"https:\/\/lovme.pt\/index.php\/produto\/leg-avenue-bodystocking-frente-ev\/","name":"LEG AVENUE - BODYSTOCKING FRENTE EV - Lovme","isPartOf":{"@id":"https:\/\/lovme.pt\/#website"},"primaryImageOfPage":{"@id":"https:\/\/lovme.pt\/index.php\/produto\/leg-avenue-bodystocking-frente-ev\/#primaryimage"},"image":{"@id":"https:\/\/lovme.pt\/index.php\/produto\/leg-avenue-bodystocking-frente-ev\/#primaryimage"},"thumbnailUrl":"https:\/\/erki24nd3ub.exactdn.com\/wp-content\/uploads\/dream\/img\/img_162093_8b6ca64d07711d15882995df25206d3a_1.jpg?strip=all","datePublished":"2025-10-01T00:51:02+00:00","dateModified":"2026-02-19T20:17:03+00:00","breadcrumb":{"@id":"https:\/\/lovme.pt\/index.php\/produto\/leg-avenue-bodystocking-frente-ev\/#breadcrumb"},"inLanguage":"pt-PT","potentialAction":[{"@type":"ReadAction","target":["https:\/\/lovme.pt\/index.php\/produto\/leg-avenue-bodystocking-frente-ev\/"]}]},{"@type":"ImageObject","inLanguage":"pt-PT","@id":"https:\/\/lovme.pt\/index.php\/produto\/leg-avenue-bodystocking-frente-ev\/#primaryimage","url":"https:\/\/erki24nd3ub.exactdn.com\/wp-content\/uploads\/dream\/img\/img_162093_8b6ca64d07711d15882995df25206d3a_1.jpg?strip=all","contentUrl":"https:\/\/erki24nd3ub.exactdn.com\/wp-content\/uploads\/dream\/img\/img_162093_8b6ca64d07711d15882995df25206d3a_1.jpg?strip=all","width":800,"height":800},{"@type":"BreadcrumbList","@id":"https:\/\/lovme.pt\/index.php\/produto\/leg-avenue-bodystocking-frente-ev\/#breadcrumb","itemListElement":[{"@type":"ListItem","position":1,"name":"In\u00edcio","item":"https:\/\/lovme.pt\/"},{"@type":"ListItem","position":2,"name":"Loja","item":"https:\/\/lovme.pt\/index.php\/loja\/"},{"@type":"ListItem","position":3,"name":"LEG AVENUE &#8211; BODYSTOCKING FRENTE EV"}]},{"@type":"WebSite","@id":"https:\/\/lovme.pt\/#website","url":"https:\/\/lovme.pt\/","name":"Lovme Loja Er\u00f3tica N\u00ba1 em Portugal","description":"A melhor loja er\u00f3tica de Portugal.","alternateName":"Loja Er\u00f3tica Lovme","potentialAction":[{"@type":"SearchAction","target":{"@type":"EntryPoint","urlTemplate":"https:\/\/lovme.pt\/?s={search_term_string}"},"query-input":{"@type":"PropertyValueSpecification","valueRequired":true,"valueName":"search_term_string"}}],"inLanguage":"pt-PT"}]}},"_links":{"self":[{"href":"https:\/\/lovme.pt\/index.php\/wp-json\/wp\/v2\/product\/46258","targetHints":{"allow":["GET"]}}],"collection":[{"href":"https:\/\/lovme.pt\/index.php\/wp-json\/wp\/v2\/product"}],"about":[{"href":"https:\/\/lovme.pt\/index.php\/wp-json\/wp\/v2\/types\/product"}],"wp:featuredmedia":[{"embeddable":true,"href":"https:\/\/lovme.pt\/index.php\/wp-json\/wp\/v2\/media\/91530"}],"wp:attachment":[{"href":"https:\/\/lovme.pt\/index.php\/wp-json\/wp\/v2\/media?parent=46258"}],"wp:term":[{"taxonomy":"product_brand","embeddable":true,"href":"https:\/\/lovme.pt\/index.php\/wp-json\/wp\/v2\/product_brand?post=46258"},{"taxonomy":"product_cat","embeddable":true,"href":"https:\/\/lovme.pt\/index.php\/wp-json\/wp\/v2\/product_cat?post=46258"},{"taxonomy":"product_tag","embeddable":true,"href":"https:\/\/lovme.pt\/index.php\/wp-json\/wp\/v2\/product_tag?post=46258"}],"curies":[{"name":"wp","href":"https:\/\/api.w.org\/{rel}","templated":true}]}}