{"id":46244,"date":"2025-10-01T00:17:55","date_gmt":"2025-10-01T00:17:55","guid":{"rendered":"https:\/\/lovme.pt\/?post_type=product&p=46244"},"modified":"2026-02-19T20:14:58","modified_gmt":"2026-02-19T20:14:58","slug":"leg-avenue-meias-altas-arlequin-pretas-brancas","status":"publish","type":"product","link":"https:\/\/lovme.pt\/index.php\/produto\/leg-avenue-meias-altas-arlequin-pretas-brancas\/","title":{"rendered":"LEG AVENUE &#8211; MEIAS ALTAS ARLEQUIN PRETAS\/BRANCAS"},"content":{"rendered":"<p>As meias arlequim pretas e brancas at\u00e9 a coxa s\u00e3o uma escolha vibrante e atraente para quem deseja adicionar um toque ousado e teatral ao seu guarda-roupa. Este design \u00fanico combina a eleg\u00e2ncia do branco e a sofistica\u00e7\u00e3o do preto num padr\u00e3o de diamante que evoca a est\u00e9tica do tradicional traje de arlequim.<\/p>\n<p> O padr\u00e3o arlequim preto e branco cria um contraste din\u00e2mico e atraente nas meias, acrescentando um elemento l\u00fadico e original ao seu estilo. A disposi\u00e7\u00e3o geom\u00e9trica dos diamantes pretos e brancos pode variar em tamanho e formato, acrescentando uma dose extra de criatividade e personalidade \u00e0 pe\u00e7a.<\/p>\n<p> O comprimento at\u00e9 a coxa dessas meias as torna vers\u00e1teis e perfeitas para combinar com saias curtas, vestidos ou at\u00e9 shorts, permitindo que voc\u00ea exiba este design atraente em diversas ocasi\u00f5es. Podem ser uma escolha festiva para eventos tem\u00e1ticos, festas \u00e0 fantasia ou simplesmente para aqueles dias em que pretende real\u00e7ar o seu estilo de uma forma \u00fanica.<\/p>\n<p> O uso do preto e branco nestas meias n\u00e3o s\u00f3 \u00e9 esteticamente atraente, mas tamb\u00e9m as torna f\u00e1ceis de combinar com uma variedade de cores e estampas no resto do seu guarda-roupa. Esta versatilidade permite-lhe experimentar diferentes looks e estilos, adaptando estes collants \u00e0 sua express\u00e3o de moda.<\/p>\n<p> \u00c9 importante ressaltar que a qualidade do material e a constru\u00e7\u00e3o dessas meias podem variar, mas muitas delas s\u00e3o feitas de uma mistura de materiais como n\u00e1ilon e spandex para proporcionar conforto e ajuste el\u00e1stico.<\/p>\n<\/p>\n<p> <u><strong>CARACTER\u00cdSTICAS:<\/strong><\/u><\/p>\n<ul>\n<li> Um tamanho<\/li>\n<li> <u>Composi\u00e7\u00e3o<\/u> : 100% n\u00e1ilon<\/li>\n<li> <u>Cor<\/u> : Preto\/Branco<\/li>\n<\/ul>\n<p> <strong>A Leg Avenue<\/strong> tem os produtos que voc\u00ea procurava, comprometida em oferecer aos clientes produtos inovadores, pre\u00e7os competitivos e muita satisfa\u00e7\u00e3o, frescos do bairro mais badalado de Los Angeles. Ningu\u00e9m torna isso mais sexy!!<\/p>\n","protected":false},"excerpt":{"rendered":"<p>LEG AVENUE &#8211; MEIAS ALTAS ARLEQUIN PRETAS\/BRANCAS<\/p>\n","protected":false},"featured_media":86387,"template":"","meta":{"_acf_changed":false},"product_brand":[],"product_cat":[69,47,66,15],"product_tag":[],"class_list":{"0":"post-46244","1":"product","2":"type-product","3":"status-publish","4":"has-post-thumbnail","6":"product_cat-jogos-eroticos","7":"product_cat-lingerie","8":"product_cat-lingerie-feminina","9":"product_cat-loja","10":"yith_product_brand-leg-avenue","11":"yith_product_brand-leg-avenueleg-avenue-hosiery","13":"first","14":"instock","15":"taxable","16":"shipping-taxable","17":"purchasable","18":"product-type-simple"},"acf":[],"yoast_head":"<!-- This site is optimized with the Yoast SEO plugin v27.3 - https:\/\/yoast.com\/product\/yoast-seo-wordpress\/ -->\n<title>LEG AVENUE - MEIAS ALTAS ARLEQUIN PRETAS\/BRANCAS - Lovme<\/title>\n<meta name=\"robots\" content=\"index, follow, max-snippet:-1, max-image-preview:large, max-video-preview:-1\" \/>\n<link rel=\"canonical\" href=\"https:\/\/lovme.pt\/index.php\/produto\/leg-avenue-meias-altas-arlequin-pretas-brancas\/\" \/>\n<meta property=\"og:locale\" content=\"pt_PT\" \/>\n<meta property=\"og:type\" content=\"article\" \/>\n<meta property=\"og:title\" content=\"LEG AVENUE - MEIAS ALTAS ARLEQUIN PRETAS\/BRANCAS - Lovme\" \/>\n<meta property=\"og:description\" content=\"LEG AVENUE - MEIAS ALTAS ARLEQUIN PRETAS\/BRANCAS\" \/>\n<meta property=\"og:url\" content=\"https:\/\/lovme.pt\/index.php\/produto\/leg-avenue-meias-altas-arlequin-pretas-brancas\/\" \/>\n<meta property=\"og:site_name\" content=\"Lovme\" \/>\n<meta property=\"article:modified_time\" content=\"2026-02-19T20:14:58+00:00\" \/>\n<meta property=\"og:image\" content=\"https:\/\/erki24nd3ub.exactdn.com\/wp-content\/uploads\/dream\/img\/img_162152_eaffcae0cc42614652cad48ce5df06b9_1.jpg?strip=all\" \/>\n\t<meta property=\"og:image:width\" content=\"800\" \/>\n\t<meta property=\"og:image:height\" content=\"800\" \/>\n\t<meta property=\"og:image:type\" content=\"image\/jpeg\" \/>\n<meta name=\"twitter:card\" content=\"summary_large_image\" \/>\n<meta name=\"twitter:label1\" content=\"Tempo estimado de leitura\" \/>\n\t<meta name=\"twitter:data1\" content=\"2 minutos\" \/>\n<script type=\"application\/ld+json\" class=\"yoast-schema-graph\">{\"@context\":\"https:\\\/\\\/schema.org\",\"@graph\":[{\"@type\":\"WebPage\",\"@id\":\"https:\\\/\\\/lovme.pt\\\/index.php\\\/produto\\\/leg-avenue-meias-altas-arlequin-pretas-brancas\\\/\",\"url\":\"https:\\\/\\\/lovme.pt\\\/index.php\\\/produto\\\/leg-avenue-meias-altas-arlequin-pretas-brancas\\\/\",\"name\":\"LEG AVENUE - MEIAS ALTAS ARLEQUIN PRETAS\\\/BRANCAS - Lovme\",\"isPartOf\":{\"@id\":\"https:\\\/\\\/lovme.pt\\\/#website\"},\"primaryImageOfPage\":{\"@id\":\"https:\\\/\\\/lovme.pt\\\/index.php\\\/produto\\\/leg-avenue-meias-altas-arlequin-pretas-brancas\\\/#primaryimage\"},\"image\":{\"@id\":\"https:\\\/\\\/lovme.pt\\\/index.php\\\/produto\\\/leg-avenue-meias-altas-arlequin-pretas-brancas\\\/#primaryimage\"},\"thumbnailUrl\":\"https:\\\/\\\/erki24nd3ub.exactdn.com\\\/wp-content\\\/uploads\\\/dream\\\/img\\\/img_162152_eaffcae0cc42614652cad48ce5df06b9_1.jpg?strip=all\",\"datePublished\":\"2025-10-01T00:17:55+00:00\",\"dateModified\":\"2026-02-19T20:14:58+00:00\",\"breadcrumb\":{\"@id\":\"https:\\\/\\\/lovme.pt\\\/index.php\\\/produto\\\/leg-avenue-meias-altas-arlequin-pretas-brancas\\\/#breadcrumb\"},\"inLanguage\":\"pt-PT\",\"potentialAction\":[{\"@type\":\"ReadAction\",\"target\":[\"https:\\\/\\\/lovme.pt\\\/index.php\\\/produto\\\/leg-avenue-meias-altas-arlequin-pretas-brancas\\\/\"]}]},{\"@type\":\"ImageObject\",\"inLanguage\":\"pt-PT\",\"@id\":\"https:\\\/\\\/lovme.pt\\\/index.php\\\/produto\\\/leg-avenue-meias-altas-arlequin-pretas-brancas\\\/#primaryimage\",\"url\":\"https:\\\/\\\/erki24nd3ub.exactdn.com\\\/wp-content\\\/uploads\\\/dream\\\/img\\\/img_162152_eaffcae0cc42614652cad48ce5df06b9_1.jpg?strip=all\",\"contentUrl\":\"https:\\\/\\\/erki24nd3ub.exactdn.com\\\/wp-content\\\/uploads\\\/dream\\\/img\\\/img_162152_eaffcae0cc42614652cad48ce5df06b9_1.jpg?strip=all\",\"width\":800,\"height\":800},{\"@type\":\"BreadcrumbList\",\"@id\":\"https:\\\/\\\/lovme.pt\\\/index.php\\\/produto\\\/leg-avenue-meias-altas-arlequin-pretas-brancas\\\/#breadcrumb\",\"itemListElement\":[{\"@type\":\"ListItem\",\"position\":1,\"name\":\"In\u00edcio\",\"item\":\"https:\\\/\\\/lovme.pt\\\/\"},{\"@type\":\"ListItem\",\"position\":2,\"name\":\"Loja\",\"item\":\"https:\\\/\\\/lovme.pt\\\/index.php\\\/loja\\\/\"},{\"@type\":\"ListItem\",\"position\":3,\"name\":\"LEG AVENUE &#8211; MEIAS ALTAS ARLEQUIN PRETAS\\\/BRANCAS\"}]},{\"@type\":\"WebSite\",\"@id\":\"https:\\\/\\\/lovme.pt\\\/#website\",\"url\":\"https:\\\/\\\/lovme.pt\\\/\",\"name\":\"Lovme Loja Er\u00f3tica N\u00ba1 em Portugal\",\"description\":\"A melhor loja er\u00f3tica de Portugal.\",\"alternateName\":\"Loja Er\u00f3tica Lovme\",\"potentialAction\":[{\"@type\":\"SearchAction\",\"target\":{\"@type\":\"EntryPoint\",\"urlTemplate\":\"https:\\\/\\\/lovme.pt\\\/?s={search_term_string}\"},\"query-input\":{\"@type\":\"PropertyValueSpecification\",\"valueRequired\":true,\"valueName\":\"search_term_string\"}}],\"inLanguage\":\"pt-PT\"}]}<\/script>\n<!-- \/ Yoast SEO plugin. -->","yoast_head_json":{"title":"LEG AVENUE - MEIAS ALTAS ARLEQUIN PRETAS\/BRANCAS - Lovme","robots":{"index":"index","follow":"follow","max-snippet":"max-snippet:-1","max-image-preview":"max-image-preview:large","max-video-preview":"max-video-preview:-1"},"canonical":"https:\/\/lovme.pt\/index.php\/produto\/leg-avenue-meias-altas-arlequin-pretas-brancas\/","og_locale":"pt_PT","og_type":"article","og_title":"LEG AVENUE - MEIAS ALTAS ARLEQUIN PRETAS\/BRANCAS - Lovme","og_description":"LEG AVENUE - MEIAS ALTAS ARLEQUIN PRETAS\/BRANCAS","og_url":"https:\/\/lovme.pt\/index.php\/produto\/leg-avenue-meias-altas-arlequin-pretas-brancas\/","og_site_name":"Lovme","article_modified_time":"2026-02-19T20:14:58+00:00","og_image":[{"width":800,"height":800,"url":"https:\/\/erki24nd3ub.exactdn.com\/wp-content\/uploads\/dream\/img\/img_162152_eaffcae0cc42614652cad48ce5df06b9_1.jpg?strip=all","type":"image\/jpeg"}],"twitter_card":"summary_large_image","twitter_misc":{"Tempo estimado de leitura":"2 minutos"},"schema":{"@context":"https:\/\/schema.org","@graph":[{"@type":"WebPage","@id":"https:\/\/lovme.pt\/index.php\/produto\/leg-avenue-meias-altas-arlequin-pretas-brancas\/","url":"https:\/\/lovme.pt\/index.php\/produto\/leg-avenue-meias-altas-arlequin-pretas-brancas\/","name":"LEG AVENUE - MEIAS ALTAS ARLEQUIN PRETAS\/BRANCAS - Lovme","isPartOf":{"@id":"https:\/\/lovme.pt\/#website"},"primaryImageOfPage":{"@id":"https:\/\/lovme.pt\/index.php\/produto\/leg-avenue-meias-altas-arlequin-pretas-brancas\/#primaryimage"},"image":{"@id":"https:\/\/lovme.pt\/index.php\/produto\/leg-avenue-meias-altas-arlequin-pretas-brancas\/#primaryimage"},"thumbnailUrl":"https:\/\/erki24nd3ub.exactdn.com\/wp-content\/uploads\/dream\/img\/img_162152_eaffcae0cc42614652cad48ce5df06b9_1.jpg?strip=all","datePublished":"2025-10-01T00:17:55+00:00","dateModified":"2026-02-19T20:14:58+00:00","breadcrumb":{"@id":"https:\/\/lovme.pt\/index.php\/produto\/leg-avenue-meias-altas-arlequin-pretas-brancas\/#breadcrumb"},"inLanguage":"pt-PT","potentialAction":[{"@type":"ReadAction","target":["https:\/\/lovme.pt\/index.php\/produto\/leg-avenue-meias-altas-arlequin-pretas-brancas\/"]}]},{"@type":"ImageObject","inLanguage":"pt-PT","@id":"https:\/\/lovme.pt\/index.php\/produto\/leg-avenue-meias-altas-arlequin-pretas-brancas\/#primaryimage","url":"https:\/\/erki24nd3ub.exactdn.com\/wp-content\/uploads\/dream\/img\/img_162152_eaffcae0cc42614652cad48ce5df06b9_1.jpg?strip=all","contentUrl":"https:\/\/erki24nd3ub.exactdn.com\/wp-content\/uploads\/dream\/img\/img_162152_eaffcae0cc42614652cad48ce5df06b9_1.jpg?strip=all","width":800,"height":800},{"@type":"BreadcrumbList","@id":"https:\/\/lovme.pt\/index.php\/produto\/leg-avenue-meias-altas-arlequin-pretas-brancas\/#breadcrumb","itemListElement":[{"@type":"ListItem","position":1,"name":"In\u00edcio","item":"https:\/\/lovme.pt\/"},{"@type":"ListItem","position":2,"name":"Loja","item":"https:\/\/lovme.pt\/index.php\/loja\/"},{"@type":"ListItem","position":3,"name":"LEG AVENUE &#8211; MEIAS ALTAS ARLEQUIN PRETAS\/BRANCAS"}]},{"@type":"WebSite","@id":"https:\/\/lovme.pt\/#website","url":"https:\/\/lovme.pt\/","name":"Lovme Loja Er\u00f3tica N\u00ba1 em Portugal","description":"A melhor loja er\u00f3tica de Portugal.","alternateName":"Loja Er\u00f3tica Lovme","potentialAction":[{"@type":"SearchAction","target":{"@type":"EntryPoint","urlTemplate":"https:\/\/lovme.pt\/?s={search_term_string}"},"query-input":{"@type":"PropertyValueSpecification","valueRequired":true,"valueName":"search_term_string"}}],"inLanguage":"pt-PT"}]}},"_links":{"self":[{"href":"https:\/\/lovme.pt\/index.php\/wp-json\/wp\/v2\/product\/46244","targetHints":{"allow":["GET"]}}],"collection":[{"href":"https:\/\/lovme.pt\/index.php\/wp-json\/wp\/v2\/product"}],"about":[{"href":"https:\/\/lovme.pt\/index.php\/wp-json\/wp\/v2\/types\/product"}],"wp:featuredmedia":[{"embeddable":true,"href":"https:\/\/lovme.pt\/index.php\/wp-json\/wp\/v2\/media\/86387"}],"wp:attachment":[{"href":"https:\/\/lovme.pt\/index.php\/wp-json\/wp\/v2\/media?parent=46244"}],"wp:term":[{"taxonomy":"product_brand","embeddable":true,"href":"https:\/\/lovme.pt\/index.php\/wp-json\/wp\/v2\/product_brand?post=46244"},{"taxonomy":"product_cat","embeddable":true,"href":"https:\/\/lovme.pt\/index.php\/wp-json\/wp\/v2\/product_cat?post=46244"},{"taxonomy":"product_tag","embeddable":true,"href":"https:\/\/lovme.pt\/index.php\/wp-json\/wp\/v2\/product_tag?post=46244"}],"curies":[{"name":"wp","href":"https:\/\/api.w.org\/{rel}","templated":true}]}}