{"id":46239,"date":"2025-10-01T00:17:50","date_gmt":"2025-10-01T00:17:50","guid":{"rendered":"https:\/\/lovme.pt\/?post_type=product&p=46239"},"modified":"2026-02-19T20:14:58","modified_gmt":"2026-02-19T20:14:58","slug":"leg-avenue-meias-altas-riscas-pretas-brancas","status":"publish","type":"product","link":"https:\/\/lovme.pt\/index.php\/produto\/leg-avenue-meias-altas-riscas-pretas-brancas\/","title":{"rendered":"LEG AVENUE &#8211; MEIAS ALTAS RISCAS PRETAS\/BRANCAS"},"content":{"rendered":"<p>As atraentes meias listradas s\u00e3o a escolha perfeita para aqueles dias cheios de divers\u00e3o ou para se destacar em festas tem\u00e1ticas, como carnaval ou Halloween. O seu design vibrante e l\u00fadico faz deles um acess\u00f3rio atraente e alegre que acrescenta um toque de originalidade e cor a qualquer look.<\/p>\n<p> Essas meias apresentam estampa listrada, uma op\u00e7\u00e3o cl\u00e1ssica, mas sempre na moda, que acrescenta um toque especial e estilo aos seus p\u00e9s. Este design \u00e9 especialmente adequado para ocasi\u00f5es festivas e eventos tem\u00e1ticos, onde a express\u00e3o da criatividade e da personalidade \u00e9 bem-vinda.<\/p>\n<p> O resistente el\u00e1stico embutido na parte superior das meias garante que elas permane\u00e7am no lugar durante todo o dia, proporcionando conforto e evitando que escorreguem. Esse recurso \u00e9 essencial para manter a integridade do projeto e garantir um ajuste seguro.<\/p>\n<p> O termo \u201ctamanho \u00fanico\u201d significa que essas meias s\u00e3o projetadas para caber em uma ampla variedade de tamanhos de p\u00e9s, tornando-as vers\u00e1teis e acess\u00edveis a praticamente todos. Isso facilita a escolha dessas meias sem se preocupar com o caimento, tornando-as uma op\u00e7\u00e3o pr\u00e1tica e conveniente.<\/p>\n<p> Estas meias s\u00e3o feitas de uma mistura resistente de 70 deniers de 50% n\u00e1ilon e 50% poli\u00e9ster. Esta combina\u00e7\u00e3o de materiais proporciona durabilidade, elasticidade e suavidade ao mesmo tempo. O nylon proporciona resist\u00eancia e elasticidade, enquanto o poli\u00e9ster contribui para a durabilidade e manuten\u00e7\u00e3o do formato das meias.<\/p>\n<\/p>\n<p> <u><strong>CARACTER\u00cdSTICAS:<\/strong><\/u><\/p>\n<ul>\n<li> Um tamanho<\/li>\n<li> <u>Composi\u00e7\u00e3o<\/u> : 50% n\u00e1ilon 50% poli\u00e9ster<\/li>\n<li> <u>Cor<\/u> : Preto\/Branco<\/li>\n<\/ul>\n<p> <strong>A Leg Avenue<\/strong> tem os produtos que voc\u00ea procurava, comprometida em oferecer aos clientes produtos inovadores, pre\u00e7os competitivos e muita satisfa\u00e7\u00e3o, frescos do bairro mais badalado de Los Angeles. Ningu\u00e9m torna isso mais sexy!!<\/p>\n","protected":false},"excerpt":{"rendered":"<p>LEG AVENUE &#8211; MEIAS ALTAS RISCAS PRETAS\/BRANCAS<\/p>\n","protected":false},"featured_media":86377,"template":"","meta":{"_acf_changed":false},"product_brand":[],"product_cat":[47,66],"product_tag":[],"class_list":{"0":"post-46239","1":"product","2":"type-product","3":"status-publish","4":"has-post-thumbnail","6":"product_cat-lingerie","7":"product_cat-lingerie-feminina","8":"yith_product_brand-leg-avenue","9":"yith_product_brand-leg-avenueleg-avenue-hosiery","11":"first","12":"instock","13":"taxable","14":"shipping-taxable","15":"purchasable","16":"product-type-simple"},"acf":[],"yoast_head":"<!-- This site is optimized with the Yoast SEO plugin v27.4 - https:\/\/yoast.com\/product\/yoast-seo-wordpress\/ -->\n<title>LEG AVENUE - MEIAS ALTAS RISCAS PRETAS\/BRANCAS - Lovme<\/title>\n<meta name=\"robots\" content=\"index, follow, max-snippet:-1, max-image-preview:large, max-video-preview:-1\" \/>\n<link rel=\"canonical\" href=\"https:\/\/lovme.pt\/index.php\/produto\/leg-avenue-meias-altas-riscas-pretas-brancas\/\" \/>\n<meta property=\"og:locale\" content=\"pt_PT\" \/>\n<meta property=\"og:type\" content=\"article\" \/>\n<meta property=\"og:title\" content=\"LEG AVENUE - MEIAS ALTAS RISCAS PRETAS\/BRANCAS - Lovme\" \/>\n<meta property=\"og:description\" content=\"LEG AVENUE - MEIAS ALTAS RISCAS PRETAS\/BRANCAS\" \/>\n<meta property=\"og:url\" content=\"https:\/\/lovme.pt\/index.php\/produto\/leg-avenue-meias-altas-riscas-pretas-brancas\/\" \/>\n<meta property=\"og:site_name\" content=\"Lovme\" \/>\n<meta property=\"article:modified_time\" content=\"2026-02-19T20:14:58+00:00\" \/>\n<meta property=\"og:image\" content=\"https:\/\/erki24nd3ub.exactdn.com\/wp-content\/uploads\/dream\/img\/img_161944_fe6ebadfae9659f43d8791b5624eb369_1.jpg?strip=all\" \/>\n\t<meta property=\"og:image:width\" content=\"800\" \/>\n\t<meta property=\"og:image:height\" content=\"800\" \/>\n\t<meta property=\"og:image:type\" content=\"image\/jpeg\" \/>\n<meta name=\"twitter:card\" content=\"summary_large_image\" \/>\n<meta name=\"twitter:label1\" content=\"Tempo estimado de leitura\" \/>\n\t<meta name=\"twitter:data1\" content=\"1 minuto\" \/>\n<script type=\"application\/ld+json\" class=\"yoast-schema-graph\">{\"@context\":\"https:\\\/\\\/schema.org\",\"@graph\":[{\"@type\":\"WebPage\",\"@id\":\"https:\\\/\\\/lovme.pt\\\/index.php\\\/produto\\\/leg-avenue-meias-altas-riscas-pretas-brancas\\\/\",\"url\":\"https:\\\/\\\/lovme.pt\\\/index.php\\\/produto\\\/leg-avenue-meias-altas-riscas-pretas-brancas\\\/\",\"name\":\"LEG AVENUE - MEIAS ALTAS RISCAS PRETAS\\\/BRANCAS - Lovme\",\"isPartOf\":{\"@id\":\"https:\\\/\\\/lovme.pt\\\/#website\"},\"primaryImageOfPage\":{\"@id\":\"https:\\\/\\\/lovme.pt\\\/index.php\\\/produto\\\/leg-avenue-meias-altas-riscas-pretas-brancas\\\/#primaryimage\"},\"image\":{\"@id\":\"https:\\\/\\\/lovme.pt\\\/index.php\\\/produto\\\/leg-avenue-meias-altas-riscas-pretas-brancas\\\/#primaryimage\"},\"thumbnailUrl\":\"https:\\\/\\\/erki24nd3ub.exactdn.com\\\/wp-content\\\/uploads\\\/dream\\\/img\\\/img_161944_fe6ebadfae9659f43d8791b5624eb369_1.jpg?strip=all\",\"datePublished\":\"2025-10-01T00:17:50+00:00\",\"dateModified\":\"2026-02-19T20:14:58+00:00\",\"breadcrumb\":{\"@id\":\"https:\\\/\\\/lovme.pt\\\/index.php\\\/produto\\\/leg-avenue-meias-altas-riscas-pretas-brancas\\\/#breadcrumb\"},\"inLanguage\":\"pt-PT\",\"potentialAction\":[{\"@type\":\"ReadAction\",\"target\":[\"https:\\\/\\\/lovme.pt\\\/index.php\\\/produto\\\/leg-avenue-meias-altas-riscas-pretas-brancas\\\/\"]}]},{\"@type\":\"ImageObject\",\"inLanguage\":\"pt-PT\",\"@id\":\"https:\\\/\\\/lovme.pt\\\/index.php\\\/produto\\\/leg-avenue-meias-altas-riscas-pretas-brancas\\\/#primaryimage\",\"url\":\"https:\\\/\\\/erki24nd3ub.exactdn.com\\\/wp-content\\\/uploads\\\/dream\\\/img\\\/img_161944_fe6ebadfae9659f43d8791b5624eb369_1.jpg?strip=all\",\"contentUrl\":\"https:\\\/\\\/erki24nd3ub.exactdn.com\\\/wp-content\\\/uploads\\\/dream\\\/img\\\/img_161944_fe6ebadfae9659f43d8791b5624eb369_1.jpg?strip=all\",\"width\":800,\"height\":800},{\"@type\":\"BreadcrumbList\",\"@id\":\"https:\\\/\\\/lovme.pt\\\/index.php\\\/produto\\\/leg-avenue-meias-altas-riscas-pretas-brancas\\\/#breadcrumb\",\"itemListElement\":[{\"@type\":\"ListItem\",\"position\":1,\"name\":\"In\u00edcio\",\"item\":\"https:\\\/\\\/lovme.pt\\\/\"},{\"@type\":\"ListItem\",\"position\":2,\"name\":\"Loja\",\"item\":\"https:\\\/\\\/lovme.pt\\\/index.php\\\/loja\\\/\"},{\"@type\":\"ListItem\",\"position\":3,\"name\":\"LEG AVENUE &#8211; MEIAS ALTAS RISCAS PRETAS\\\/BRANCAS\"}]},{\"@type\":\"WebSite\",\"@id\":\"https:\\\/\\\/lovme.pt\\\/#website\",\"url\":\"https:\\\/\\\/lovme.pt\\\/\",\"name\":\"Lovme Loja Er\u00f3tica N\u00ba1 em Portugal\",\"description\":\"A melhor loja er\u00f3tica de Portugal.\",\"alternateName\":\"Loja Er\u00f3tica Lovme\",\"potentialAction\":[{\"@type\":\"SearchAction\",\"target\":{\"@type\":\"EntryPoint\",\"urlTemplate\":\"https:\\\/\\\/lovme.pt\\\/?s={search_term_string}\"},\"query-input\":{\"@type\":\"PropertyValueSpecification\",\"valueRequired\":true,\"valueName\":\"search_term_string\"}}],\"inLanguage\":\"pt-PT\"}]}<\/script>\n<!-- \/ Yoast SEO plugin. -->","yoast_head_json":{"title":"LEG AVENUE - MEIAS ALTAS RISCAS PRETAS\/BRANCAS - Lovme","robots":{"index":"index","follow":"follow","max-snippet":"max-snippet:-1","max-image-preview":"max-image-preview:large","max-video-preview":"max-video-preview:-1"},"canonical":"https:\/\/lovme.pt\/index.php\/produto\/leg-avenue-meias-altas-riscas-pretas-brancas\/","og_locale":"pt_PT","og_type":"article","og_title":"LEG AVENUE - MEIAS ALTAS RISCAS PRETAS\/BRANCAS - Lovme","og_description":"LEG AVENUE - MEIAS ALTAS RISCAS PRETAS\/BRANCAS","og_url":"https:\/\/lovme.pt\/index.php\/produto\/leg-avenue-meias-altas-riscas-pretas-brancas\/","og_site_name":"Lovme","article_modified_time":"2026-02-19T20:14:58+00:00","og_image":[{"width":800,"height":800,"url":"https:\/\/erki24nd3ub.exactdn.com\/wp-content\/uploads\/dream\/img\/img_161944_fe6ebadfae9659f43d8791b5624eb369_1.jpg?strip=all","type":"image\/jpeg"}],"twitter_card":"summary_large_image","twitter_misc":{"Tempo estimado de leitura":"1 minuto"},"schema":{"@context":"https:\/\/schema.org","@graph":[{"@type":"WebPage","@id":"https:\/\/lovme.pt\/index.php\/produto\/leg-avenue-meias-altas-riscas-pretas-brancas\/","url":"https:\/\/lovme.pt\/index.php\/produto\/leg-avenue-meias-altas-riscas-pretas-brancas\/","name":"LEG AVENUE - MEIAS ALTAS RISCAS PRETAS\/BRANCAS - Lovme","isPartOf":{"@id":"https:\/\/lovme.pt\/#website"},"primaryImageOfPage":{"@id":"https:\/\/lovme.pt\/index.php\/produto\/leg-avenue-meias-altas-riscas-pretas-brancas\/#primaryimage"},"image":{"@id":"https:\/\/lovme.pt\/index.php\/produto\/leg-avenue-meias-altas-riscas-pretas-brancas\/#primaryimage"},"thumbnailUrl":"https:\/\/erki24nd3ub.exactdn.com\/wp-content\/uploads\/dream\/img\/img_161944_fe6ebadfae9659f43d8791b5624eb369_1.jpg?strip=all","datePublished":"2025-10-01T00:17:50+00:00","dateModified":"2026-02-19T20:14:58+00:00","breadcrumb":{"@id":"https:\/\/lovme.pt\/index.php\/produto\/leg-avenue-meias-altas-riscas-pretas-brancas\/#breadcrumb"},"inLanguage":"pt-PT","potentialAction":[{"@type":"ReadAction","target":["https:\/\/lovme.pt\/index.php\/produto\/leg-avenue-meias-altas-riscas-pretas-brancas\/"]}]},{"@type":"ImageObject","inLanguage":"pt-PT","@id":"https:\/\/lovme.pt\/index.php\/produto\/leg-avenue-meias-altas-riscas-pretas-brancas\/#primaryimage","url":"https:\/\/erki24nd3ub.exactdn.com\/wp-content\/uploads\/dream\/img\/img_161944_fe6ebadfae9659f43d8791b5624eb369_1.jpg?strip=all","contentUrl":"https:\/\/erki24nd3ub.exactdn.com\/wp-content\/uploads\/dream\/img\/img_161944_fe6ebadfae9659f43d8791b5624eb369_1.jpg?strip=all","width":800,"height":800},{"@type":"BreadcrumbList","@id":"https:\/\/lovme.pt\/index.php\/produto\/leg-avenue-meias-altas-riscas-pretas-brancas\/#breadcrumb","itemListElement":[{"@type":"ListItem","position":1,"name":"In\u00edcio","item":"https:\/\/lovme.pt\/"},{"@type":"ListItem","position":2,"name":"Loja","item":"https:\/\/lovme.pt\/index.php\/loja\/"},{"@type":"ListItem","position":3,"name":"LEG AVENUE &#8211; MEIAS ALTAS RISCAS PRETAS\/BRANCAS"}]},{"@type":"WebSite","@id":"https:\/\/lovme.pt\/#website","url":"https:\/\/lovme.pt\/","name":"Lovme Loja Er\u00f3tica N\u00ba1 em Portugal","description":"A melhor loja er\u00f3tica de Portugal.","alternateName":"Loja Er\u00f3tica Lovme","potentialAction":[{"@type":"SearchAction","target":{"@type":"EntryPoint","urlTemplate":"https:\/\/lovme.pt\/?s={search_term_string}"},"query-input":{"@type":"PropertyValueSpecification","valueRequired":true,"valueName":"search_term_string"}}],"inLanguage":"pt-PT"}]}},"_links":{"self":[{"href":"https:\/\/lovme.pt\/index.php\/wp-json\/wp\/v2\/product\/46239","targetHints":{"allow":["GET"]}}],"collection":[{"href":"https:\/\/lovme.pt\/index.php\/wp-json\/wp\/v2\/product"}],"about":[{"href":"https:\/\/lovme.pt\/index.php\/wp-json\/wp\/v2\/types\/product"}],"wp:featuredmedia":[{"embeddable":true,"href":"https:\/\/lovme.pt\/index.php\/wp-json\/wp\/v2\/media\/86377"}],"wp:attachment":[{"href":"https:\/\/lovme.pt\/index.php\/wp-json\/wp\/v2\/media?parent=46239"}],"wp:term":[{"taxonomy":"product_brand","embeddable":true,"href":"https:\/\/lovme.pt\/index.php\/wp-json\/wp\/v2\/product_brand?post=46239"},{"taxonomy":"product_cat","embeddable":true,"href":"https:\/\/lovme.pt\/index.php\/wp-json\/wp\/v2\/product_cat?post=46239"},{"taxonomy":"product_tag","embeddable":true,"href":"https:\/\/lovme.pt\/index.php\/wp-json\/wp\/v2\/product_tag?post=46239"}],"curies":[{"name":"wp","href":"https:\/\/api.w.org\/{rel}","templated":true}]}}