{"id":46232,"date":"2025-09-30T22:22:47","date_gmt":"2025-09-30T22:22:47","guid":{"rendered":"https:\/\/lovme.pt\/?post_type=product&p=46232"},"modified":"2026-02-19T20:11:28","modified_gmt":"2026-02-19T20:11:28","slug":"pjur-gel-vibrante-intenso-para-orgasmo-woman-lust-15-ml","status":"publish","type":"product","link":"https:\/\/lovme.pt\/index.php\/produto\/pjur-gel-vibrante-intenso-para-orgasmo-woman-lust-15-ml\/","title":{"rendered":"PJUR &#8211; GEL VIBRANTE INTENSO PARA ORGASMO WOMAN LUST 15 ML"},"content":{"rendered":"<p>Estimula\u00e7\u00e3o clitoriana sensacional e duradoura. Gel estimulante \u00e0 base de \u00e1gua. A experi\u00eancia duradoura e apaixonante para mulheres. Experimente sensa\u00e7\u00f5es de puro formigamento, gra\u00e7as \u00e0 estimulante combina\u00e7\u00e3o de ingredientes. Com uma elevada propor\u00e7\u00e3o de ingredientes naturais de primeira qualidade. Adequado para brinquedos sexuais. Para uso externo.<\/p>\n<\/p>\n<p> <u><strong>APLICATIVO:<\/strong><\/u><\/p>\n<ul>\n<li> Para estimula\u00e7\u00e3o clitoriana intensa e duradoura<\/li>\n<li> Para sensa\u00e7\u00f5es de formigamento prolongadas, intensas e prazerosas<\/li>\n<li> Para aumentar o desejo de estimula\u00e7\u00e3o feminina e orgasmo.<\/li>\n<\/ul>\n<p> <strong><u>CARACTER\u00cdSTICAS<\/u><\/strong> :<\/p>\n<ul>\n<li> Sensa\u00e7\u00e3o de formigamento agrad\u00e1vel.<\/li>\n<li> Ingredientes naturais<\/li>\n<li> Sem adi\u00e7\u00e3o de corantes<\/li>\n<li> Formula\u00e7\u00e3o \u00e0 base de \u00e1gua, adequada para brinquedos sexuais.<\/li>\n<li> Cheiro e sabor agrad\u00e1veis<\/li>\n<li> Design de produto moderno e claro<\/li>\n<li> Embalagem visualmente atraente e pr\u00e1tica<\/li>\n<\/ul>\n<p> <u><strong>INGREDIENTES<\/strong><\/u> : Aqua (\u00c1gua), Glicerina, Polissorbato 80, Aroma (Fragr\u00e2ncia), Extrato de Flor de Spilanthes Acmella, Goma Xantana, Niacinamida, Benzoato de S\u00f3dio, Sacarina S\u00f3dica, \u00c1cido C\u00edtrico.<\/p>\n","protected":false},"excerpt":{"rendered":"<p>PJUR &#8211; GEL VIBRANTE INTENSO PARA ORGASMO WOMAN LUST 15 ML<\/p>\n","protected":false},"featured_media":77286,"template":"","meta":{"_acf_changed":false},"product_brand":[],"product_cat":[49,52,115],"product_tag":[],"class_list":{"0":"post-46232","1":"product","2":"type-product","3":"status-publish","4":"has-post-thumbnail","6":"product_cat-cosmeticos","7":"product_cat-estimulantes","8":"product_cat-ofertas","9":"yith_product_brand-pjur","11":"first","12":"instock","13":"taxable","14":"shipping-taxable","15":"purchasable","16":"product-type-simple"},"acf":[],"yoast_head":"<!-- This site is optimized with the Yoast SEO plugin v27.4 - https:\/\/yoast.com\/product\/yoast-seo-wordpress\/ -->\n<title>PJUR - GEL VIBRANTE INTENSO PARA ORGASMO WOMAN LUST 15 ML - Lovme<\/title>\n<meta name=\"robots\" content=\"index, follow, max-snippet:-1, max-image-preview:large, max-video-preview:-1\" \/>\n<link rel=\"canonical\" href=\"https:\/\/lovme.pt\/index.php\/produto\/pjur-gel-vibrante-intenso-para-orgasmo-woman-lust-15-ml\/\" \/>\n<meta property=\"og:locale\" content=\"pt_PT\" \/>\n<meta property=\"og:type\" content=\"article\" \/>\n<meta property=\"og:title\" content=\"PJUR - GEL VIBRANTE INTENSO PARA ORGASMO WOMAN LUST 15 ML - Lovme\" \/>\n<meta property=\"og:description\" content=\"PJUR - GEL VIBRANTE INTENSO PARA ORGASMO WOMAN LUST 15 ML\" \/>\n<meta property=\"og:url\" content=\"https:\/\/lovme.pt\/index.php\/produto\/pjur-gel-vibrante-intenso-para-orgasmo-woman-lust-15-ml\/\" \/>\n<meta property=\"og:site_name\" content=\"Lovme\" \/>\n<meta property=\"article:modified_time\" content=\"2026-02-19T20:11:28+00:00\" \/>\n<meta property=\"og:image\" content=\"https:\/\/erki24nd3ub.exactdn.com\/wp-content\/uploads\/dream\/img\/img_178518_085c8756befca9669e167e72a325ade9_1.jpg?strip=all\" \/>\n\t<meta property=\"og:image:width\" content=\"800\" \/>\n\t<meta property=\"og:image:height\" content=\"800\" \/>\n\t<meta property=\"og:image:type\" content=\"image\/jpeg\" \/>\n<meta name=\"twitter:card\" content=\"summary_large_image\" \/>\n<meta name=\"twitter:label1\" content=\"Tempo estimado de leitura\" \/>\n\t<meta name=\"twitter:data1\" content=\"1 minuto\" \/>\n<script type=\"application\/ld+json\" class=\"yoast-schema-graph\">{\"@context\":\"https:\\\/\\\/schema.org\",\"@graph\":[{\"@type\":\"WebPage\",\"@id\":\"https:\\\/\\\/lovme.pt\\\/index.php\\\/produto\\\/pjur-gel-vibrante-intenso-para-orgasmo-woman-lust-15-ml\\\/\",\"url\":\"https:\\\/\\\/lovme.pt\\\/index.php\\\/produto\\\/pjur-gel-vibrante-intenso-para-orgasmo-woman-lust-15-ml\\\/\",\"name\":\"PJUR - GEL VIBRANTE INTENSO PARA ORGASMO WOMAN LUST 15 ML - Lovme\",\"isPartOf\":{\"@id\":\"https:\\\/\\\/lovme.pt\\\/#website\"},\"primaryImageOfPage\":{\"@id\":\"https:\\\/\\\/lovme.pt\\\/index.php\\\/produto\\\/pjur-gel-vibrante-intenso-para-orgasmo-woman-lust-15-ml\\\/#primaryimage\"},\"image\":{\"@id\":\"https:\\\/\\\/lovme.pt\\\/index.php\\\/produto\\\/pjur-gel-vibrante-intenso-para-orgasmo-woman-lust-15-ml\\\/#primaryimage\"},\"thumbnailUrl\":\"https:\\\/\\\/erki24nd3ub.exactdn.com\\\/wp-content\\\/uploads\\\/dream\\\/img\\\/img_178518_085c8756befca9669e167e72a325ade9_1.jpg?strip=all\",\"datePublished\":\"2025-09-30T22:22:47+00:00\",\"dateModified\":\"2026-02-19T20:11:28+00:00\",\"breadcrumb\":{\"@id\":\"https:\\\/\\\/lovme.pt\\\/index.php\\\/produto\\\/pjur-gel-vibrante-intenso-para-orgasmo-woman-lust-15-ml\\\/#breadcrumb\"},\"inLanguage\":\"pt-PT\",\"potentialAction\":[{\"@type\":\"ReadAction\",\"target\":[\"https:\\\/\\\/lovme.pt\\\/index.php\\\/produto\\\/pjur-gel-vibrante-intenso-para-orgasmo-woman-lust-15-ml\\\/\"]}]},{\"@type\":\"ImageObject\",\"inLanguage\":\"pt-PT\",\"@id\":\"https:\\\/\\\/lovme.pt\\\/index.php\\\/produto\\\/pjur-gel-vibrante-intenso-para-orgasmo-woman-lust-15-ml\\\/#primaryimage\",\"url\":\"https:\\\/\\\/erki24nd3ub.exactdn.com\\\/wp-content\\\/uploads\\\/dream\\\/img\\\/img_178518_085c8756befca9669e167e72a325ade9_1.jpg?strip=all\",\"contentUrl\":\"https:\\\/\\\/erki24nd3ub.exactdn.com\\\/wp-content\\\/uploads\\\/dream\\\/img\\\/img_178518_085c8756befca9669e167e72a325ade9_1.jpg?strip=all\",\"width\":800,\"height\":800},{\"@type\":\"BreadcrumbList\",\"@id\":\"https:\\\/\\\/lovme.pt\\\/index.php\\\/produto\\\/pjur-gel-vibrante-intenso-para-orgasmo-woman-lust-15-ml\\\/#breadcrumb\",\"itemListElement\":[{\"@type\":\"ListItem\",\"position\":1,\"name\":\"In\u00edcio\",\"item\":\"https:\\\/\\\/lovme.pt\\\/\"},{\"@type\":\"ListItem\",\"position\":2,\"name\":\"Loja\",\"item\":\"https:\\\/\\\/lovme.pt\\\/index.php\\\/loja\\\/\"},{\"@type\":\"ListItem\",\"position\":3,\"name\":\"PJUR &#8211; GEL VIBRANTE INTENSO PARA ORGASMO WOMAN LUST 15 ML\"}]},{\"@type\":\"WebSite\",\"@id\":\"https:\\\/\\\/lovme.pt\\\/#website\",\"url\":\"https:\\\/\\\/lovme.pt\\\/\",\"name\":\"Lovme Loja Er\u00f3tica N\u00ba1 em Portugal\",\"description\":\"A melhor loja er\u00f3tica de Portugal.\",\"alternateName\":\"Loja Er\u00f3tica Lovme\",\"potentialAction\":[{\"@type\":\"SearchAction\",\"target\":{\"@type\":\"EntryPoint\",\"urlTemplate\":\"https:\\\/\\\/lovme.pt\\\/?s={search_term_string}\"},\"query-input\":{\"@type\":\"PropertyValueSpecification\",\"valueRequired\":true,\"valueName\":\"search_term_string\"}}],\"inLanguage\":\"pt-PT\"}]}<\/script>\n<!-- \/ Yoast SEO plugin. -->","yoast_head_json":{"title":"PJUR - GEL VIBRANTE INTENSO PARA ORGASMO WOMAN LUST 15 ML - Lovme","robots":{"index":"index","follow":"follow","max-snippet":"max-snippet:-1","max-image-preview":"max-image-preview:large","max-video-preview":"max-video-preview:-1"},"canonical":"https:\/\/lovme.pt\/index.php\/produto\/pjur-gel-vibrante-intenso-para-orgasmo-woman-lust-15-ml\/","og_locale":"pt_PT","og_type":"article","og_title":"PJUR - GEL VIBRANTE INTENSO PARA ORGASMO WOMAN LUST 15 ML - Lovme","og_description":"PJUR - GEL VIBRANTE INTENSO PARA ORGASMO WOMAN LUST 15 ML","og_url":"https:\/\/lovme.pt\/index.php\/produto\/pjur-gel-vibrante-intenso-para-orgasmo-woman-lust-15-ml\/","og_site_name":"Lovme","article_modified_time":"2026-02-19T20:11:28+00:00","og_image":[{"width":800,"height":800,"url":"https:\/\/erki24nd3ub.exactdn.com\/wp-content\/uploads\/dream\/img\/img_178518_085c8756befca9669e167e72a325ade9_1.jpg?strip=all","type":"image\/jpeg"}],"twitter_card":"summary_large_image","twitter_misc":{"Tempo estimado de leitura":"1 minuto"},"schema":{"@context":"https:\/\/schema.org","@graph":[{"@type":"WebPage","@id":"https:\/\/lovme.pt\/index.php\/produto\/pjur-gel-vibrante-intenso-para-orgasmo-woman-lust-15-ml\/","url":"https:\/\/lovme.pt\/index.php\/produto\/pjur-gel-vibrante-intenso-para-orgasmo-woman-lust-15-ml\/","name":"PJUR - GEL VIBRANTE INTENSO PARA ORGASMO WOMAN LUST 15 ML - Lovme","isPartOf":{"@id":"https:\/\/lovme.pt\/#website"},"primaryImageOfPage":{"@id":"https:\/\/lovme.pt\/index.php\/produto\/pjur-gel-vibrante-intenso-para-orgasmo-woman-lust-15-ml\/#primaryimage"},"image":{"@id":"https:\/\/lovme.pt\/index.php\/produto\/pjur-gel-vibrante-intenso-para-orgasmo-woman-lust-15-ml\/#primaryimage"},"thumbnailUrl":"https:\/\/erki24nd3ub.exactdn.com\/wp-content\/uploads\/dream\/img\/img_178518_085c8756befca9669e167e72a325ade9_1.jpg?strip=all","datePublished":"2025-09-30T22:22:47+00:00","dateModified":"2026-02-19T20:11:28+00:00","breadcrumb":{"@id":"https:\/\/lovme.pt\/index.php\/produto\/pjur-gel-vibrante-intenso-para-orgasmo-woman-lust-15-ml\/#breadcrumb"},"inLanguage":"pt-PT","potentialAction":[{"@type":"ReadAction","target":["https:\/\/lovme.pt\/index.php\/produto\/pjur-gel-vibrante-intenso-para-orgasmo-woman-lust-15-ml\/"]}]},{"@type":"ImageObject","inLanguage":"pt-PT","@id":"https:\/\/lovme.pt\/index.php\/produto\/pjur-gel-vibrante-intenso-para-orgasmo-woman-lust-15-ml\/#primaryimage","url":"https:\/\/erki24nd3ub.exactdn.com\/wp-content\/uploads\/dream\/img\/img_178518_085c8756befca9669e167e72a325ade9_1.jpg?strip=all","contentUrl":"https:\/\/erki24nd3ub.exactdn.com\/wp-content\/uploads\/dream\/img\/img_178518_085c8756befca9669e167e72a325ade9_1.jpg?strip=all","width":800,"height":800},{"@type":"BreadcrumbList","@id":"https:\/\/lovme.pt\/index.php\/produto\/pjur-gel-vibrante-intenso-para-orgasmo-woman-lust-15-ml\/#breadcrumb","itemListElement":[{"@type":"ListItem","position":1,"name":"In\u00edcio","item":"https:\/\/lovme.pt\/"},{"@type":"ListItem","position":2,"name":"Loja","item":"https:\/\/lovme.pt\/index.php\/loja\/"},{"@type":"ListItem","position":3,"name":"PJUR &#8211; GEL VIBRANTE INTENSO PARA ORGASMO WOMAN LUST 15 ML"}]},{"@type":"WebSite","@id":"https:\/\/lovme.pt\/#website","url":"https:\/\/lovme.pt\/","name":"Lovme Loja Er\u00f3tica N\u00ba1 em Portugal","description":"A melhor loja er\u00f3tica de Portugal.","alternateName":"Loja Er\u00f3tica Lovme","potentialAction":[{"@type":"SearchAction","target":{"@type":"EntryPoint","urlTemplate":"https:\/\/lovme.pt\/?s={search_term_string}"},"query-input":{"@type":"PropertyValueSpecification","valueRequired":true,"valueName":"search_term_string"}}],"inLanguage":"pt-PT"}]}},"_links":{"self":[{"href":"https:\/\/lovme.pt\/index.php\/wp-json\/wp\/v2\/product\/46232","targetHints":{"allow":["GET"]}}],"collection":[{"href":"https:\/\/lovme.pt\/index.php\/wp-json\/wp\/v2\/product"}],"about":[{"href":"https:\/\/lovme.pt\/index.php\/wp-json\/wp\/v2\/types\/product"}],"wp:featuredmedia":[{"embeddable":true,"href":"https:\/\/lovme.pt\/index.php\/wp-json\/wp\/v2\/media\/77286"}],"wp:attachment":[{"href":"https:\/\/lovme.pt\/index.php\/wp-json\/wp\/v2\/media?parent=46232"}],"wp:term":[{"taxonomy":"product_brand","embeddable":true,"href":"https:\/\/lovme.pt\/index.php\/wp-json\/wp\/v2\/product_brand?post=46232"},{"taxonomy":"product_cat","embeddable":true,"href":"https:\/\/lovme.pt\/index.php\/wp-json\/wp\/v2\/product_cat?post=46232"},{"taxonomy":"product_tag","embeddable":true,"href":"https:\/\/lovme.pt\/index.php\/wp-json\/wp\/v2\/product_tag?post=46232"}],"curies":[{"name":"wp","href":"https:\/\/api.w.org\/{rel}","templated":true}]}}