{"id":46210,"date":"2025-09-30T22:19:10","date_gmt":"2025-09-30T22:19:10","guid":{"rendered":"https:\/\/lovme.pt\/?post_type=product&p=46210"},"modified":"2026-02-19T20:09:52","modified_gmt":"2026-02-19T20:09:52","slug":"bijoux-slow-sex-vela-de-massagem-corporal-50-g","status":"publish","type":"product","link":"https:\/\/lovme.pt\/index.php\/produto\/bijoux-slow-sex-vela-de-massagem-corporal-50-g\/","title":{"rendered":"BIJOUX &#8211; SLOW SEX VELA DE MASSAGEM CORPORAL 50 G"},"content":{"rendered":"<p><strong><span style=\"font-size: 13px;\">VELA DE MASSAGEM CORPORAL &#8211;<\/span><\/strong> <span style=\"font-size: 13px;\">Aproveitar os cinco sentidos durante a intimidade \u00e9 uma das melhores maneiras de preparar a mente e o corpo para todos os tipos de prazeres. Comece a experimentar uma massagem sensual, utilizando uma vela de massagem para os seus jogos de casal.<\/span><\/p>\n<p><span style=\"font-size: 13px;\">Beij\u00e1vel &#8211; Sem cera &#8211; Hidratante &#8211; Aroma ex\u00f3tico de coco.<\/span><\/p>\n<p>Experimente o puro prazer com a nossa <strong>Vela de Massagem Corporal<\/strong> , meticulosamente elaborada com \u00f3leos naturais premium: am\u00eandoa, coco e manteiga de karit\u00e9. Quando ligado, transforma-se num sumptuoso \u00f3leo de cuidado da pele, perfeito para uma massagem luxuosa. Sem ceras sint\u00e9ticas ou aditivos, esta vela oferece uma experi\u00eancia verdadeiramente saud\u00e1vel e sem produtos qu\u00edmicos.<\/p>\n<p>Usar uma vela de massagem para uma massagem sensual oferece uma experi\u00eancia \u00fanica que combina relaxamento e intimidade. Os \u00f3leos naturais quentes e relaxantes e a fragr\u00e2ncia arom\u00e1tica criam uma atmosfera de sensualidade que real\u00e7a a experi\u00eancia geral. Al\u00e9m disso, \u00e0 medida que a vela derrete, transforma-se num luxuoso \u00f3leo de massagem, permitindo uma transi\u00e7\u00e3o perfeita do ambiente para o toque. Esta dupla fun\u00e7\u00e3o distingue as velas de massagem e torna-as numa op\u00e7\u00e3o incompar\u00e1vel para desfrutar de momentos \u00edntimos.<\/p>\n<p>\u00a0<\/p>\n<p>Por que usar <strong>ceras ZERO<\/strong> ?<\/p>\n<ul>\n<li><strong>Limpo e sem res\u00edduos:<\/strong> Sem deixar res\u00edduos cerosos. Isso garante uma experi\u00eancia livre de sujeira, sem obstruir os poros.<\/li>\n<li><strong>Ingredientes naturais:<\/strong> S\u00e3o feitos com \u00f3leos naturais, manteiga e outros ingredientes amigos da pele, por isso s\u00e3o suaves para a pele e adequados para diferentes tipos de pele, mesmo as mais sens\u00edveis.<\/li>\n<li><strong>Hidrata\u00e7\u00e3o e nutri\u00e7\u00e3o:<\/strong> Os \u00f3leos naturais das velas de massagem sem cera hidratam e nutrem profundamente a pele. Eles deixam-no macio, suave e hidratado.<\/li>\n<li><strong>Derretimento r\u00e1pido:<\/strong> As velas de massagem sem cera derretem a uma temperatura mais baixa do que as velas tradicionais, tornando-as seguras e confort\u00e1veis na temperatura certa para uso na pele.<\/li>\n<li><strong>Duradouro:<\/strong> Um pouco ajuda muito com velas de massagem sem cera. Uma pequena quantidade de \u00f3leo derretido pode cobrir uma grande \u00e1rea de superf\u00edcie, garantindo que a vela dure v\u00e1rios usos.<\/li>\n<li><strong>Polivalente:<\/strong> Depois de derretido, o \u00f3leo de uma vela de massagem sem cera pode ser utilizado em massagens, como hidratante ou at\u00e9 mesmo como complemento arom\u00e1tico no banho. Essa versatilidade aumenta seu apelo e valor.<\/li>\n<\/ul>\n<p>\u00a0<\/p>\n<p>* Aviso de alergia: Este produto cont\u00e9m \u00f3leo de am\u00eandoa, que pode representar um risco para pessoas com alergia a nozes. Fa\u00e7a um teste de patch antes de usar.<\/p>\n<p>\u00a0<\/p>\n<p><u><strong>SEXO LENTO<\/strong><\/u><\/p>\n<p>Uma linha de cuidados \u00edntimos que promove o verdadeiro prazer, do primeiro beijo ao \u00faltimo toque. Num mundo onde a intera\u00e7\u00e3o humana \u00e9 principalmente virtual,<br \/>onde a vida \u00e9 uma corrida di\u00e1ria, <strong>SLOW SEX<\/strong> \u00e9 um convite para deixar de lado todos os est\u00edmulos externos e focar no que \u00e9 real: o seu prazer.<\/p>\n<p>Deixando os preconceitos de lado, <strong>o SLOW SEX<\/strong> incentiva todos a aproveitar o seu tempo, descobrir prazeres escondidos, brincar mais e saborear aqueles momentos preciosos sem ideias pr\u00e9-concebidas. <strong>SLOW SEX<\/strong> abre o caminho para voc\u00ea chegar ao cl\u00edmax, do jeito que voc\u00ea realmente gosta.<\/p>\n<ul>\n<li>Cada produto aponta para uma a\u00e7\u00e3o espec\u00edfica, levando o consumidor ao pleno conhecimento e novas explora\u00e7\u00f5es.<\/li>\n<li>F\u00f3rmulas suaves, naturais e seguras para o corpo que se adaptam a todos os corpos e a todos os jogos de explora\u00e7\u00e3o do prazer.<\/li>\n<li>Uma combina\u00e7\u00e3o de ingredientes naturais e mol\u00e9culas patenteadas.<\/li>\n<li>Salve o planeta fazendo sexo! As f\u00f3rmulas s\u00e3o planeta. Seguro e embalagem \u00e9 alum\u00ednio, vidro, papel. e muito pouco pl\u00e1stico.<\/li>\n<li>Propostas de desgenitaliza\u00e7\u00e3o que convidam a explorar todas as \u00e1reas do prazer sem normas sexuais estabelecidas.<\/li>\n<li>G\u00e9nero inclusivo.<\/li>\n<li>Para todos os or\u00e7amentos.<\/li>\n<\/ul>\n","protected":false},"excerpt":{"rendered":"<p>BIJOUX &#8211; SLOW SEX VELA DE MASSAGEM CORPORAL 50 G<\/p>\n","protected":false},"featured_media":76781,"template":"","meta":{"_acf_changed":false},"product_brand":[],"product_cat":[49,51],"product_tag":[],"class_list":{"0":"post-46210","1":"product","2":"type-product","3":"status-publish","4":"has-post-thumbnail","6":"product_cat-cosmeticos","7":"product_cat-oleos-de-massagem","8":"yith_product_brand-bijoux-indiscrets","9":"yith_product_brand-bijoux-indiscretsbijoux-slow-sex","11":"first","12":"instock","13":"taxable","14":"shipping-taxable","15":"purchasable","16":"product-type-simple"},"acf":[],"yoast_head":"<!-- This site is optimized with the Yoast SEO plugin v27.3 - https:\/\/yoast.com\/product\/yoast-seo-wordpress\/ -->\n<title>BIJOUX - SLOW SEX VELA DE MASSAGEM CORPORAL 50 G - Lovme<\/title>\n<meta name=\"robots\" content=\"index, follow, max-snippet:-1, max-image-preview:large, max-video-preview:-1\" \/>\n<link rel=\"canonical\" href=\"https:\/\/lovme.pt\/index.php\/produto\/bijoux-slow-sex-vela-de-massagem-corporal-50-g\/\" \/>\n<meta property=\"og:locale\" content=\"pt_PT\" \/>\n<meta property=\"og:type\" content=\"article\" \/>\n<meta property=\"og:title\" content=\"BIJOUX - SLOW SEX VELA DE MASSAGEM CORPORAL 50 G - Lovme\" \/>\n<meta property=\"og:description\" content=\"BIJOUX - SLOW SEX VELA DE MASSAGEM CORPORAL 50 G\" \/>\n<meta property=\"og:url\" content=\"https:\/\/lovme.pt\/index.php\/produto\/bijoux-slow-sex-vela-de-massagem-corporal-50-g\/\" \/>\n<meta property=\"og:site_name\" content=\"Lovme\" \/>\n<meta property=\"article:modified_time\" content=\"2026-02-19T20:09:52+00:00\" \/>\n<meta property=\"og:image\" content=\"https:\/\/erki24nd3ub.exactdn.com\/wp-content\/uploads\/dream\/img\/img_161793_21373194ca01dbcbe546e32c499af550_1.jpg?strip=all\" \/>\n\t<meta property=\"og:image:width\" content=\"800\" \/>\n\t<meta property=\"og:image:height\" content=\"800\" \/>\n\t<meta property=\"og:image:type\" content=\"image\/jpeg\" \/>\n<meta name=\"twitter:card\" content=\"summary_large_image\" \/>\n<meta name=\"twitter:label1\" content=\"Tempo estimado de leitura\" \/>\n\t<meta name=\"twitter:data1\" content=\"3 minutos\" \/>\n<script type=\"application\/ld+json\" class=\"yoast-schema-graph\">{\"@context\":\"https:\\\/\\\/schema.org\",\"@graph\":[{\"@type\":\"WebPage\",\"@id\":\"https:\\\/\\\/lovme.pt\\\/index.php\\\/produto\\\/bijoux-slow-sex-vela-de-massagem-corporal-50-g\\\/\",\"url\":\"https:\\\/\\\/lovme.pt\\\/index.php\\\/produto\\\/bijoux-slow-sex-vela-de-massagem-corporal-50-g\\\/\",\"name\":\"BIJOUX - SLOW SEX VELA DE MASSAGEM CORPORAL 50 G - Lovme\",\"isPartOf\":{\"@id\":\"https:\\\/\\\/lovme.pt\\\/#website\"},\"primaryImageOfPage\":{\"@id\":\"https:\\\/\\\/lovme.pt\\\/index.php\\\/produto\\\/bijoux-slow-sex-vela-de-massagem-corporal-50-g\\\/#primaryimage\"},\"image\":{\"@id\":\"https:\\\/\\\/lovme.pt\\\/index.php\\\/produto\\\/bijoux-slow-sex-vela-de-massagem-corporal-50-g\\\/#primaryimage\"},\"thumbnailUrl\":\"https:\\\/\\\/erki24nd3ub.exactdn.com\\\/wp-content\\\/uploads\\\/dream\\\/img\\\/img_161793_21373194ca01dbcbe546e32c499af550_1.jpg?strip=all\",\"datePublished\":\"2025-09-30T22:19:10+00:00\",\"dateModified\":\"2026-02-19T20:09:52+00:00\",\"breadcrumb\":{\"@id\":\"https:\\\/\\\/lovme.pt\\\/index.php\\\/produto\\\/bijoux-slow-sex-vela-de-massagem-corporal-50-g\\\/#breadcrumb\"},\"inLanguage\":\"pt-PT\",\"potentialAction\":[{\"@type\":\"ReadAction\",\"target\":[\"https:\\\/\\\/lovme.pt\\\/index.php\\\/produto\\\/bijoux-slow-sex-vela-de-massagem-corporal-50-g\\\/\"]}]},{\"@type\":\"ImageObject\",\"inLanguage\":\"pt-PT\",\"@id\":\"https:\\\/\\\/lovme.pt\\\/index.php\\\/produto\\\/bijoux-slow-sex-vela-de-massagem-corporal-50-g\\\/#primaryimage\",\"url\":\"https:\\\/\\\/erki24nd3ub.exactdn.com\\\/wp-content\\\/uploads\\\/dream\\\/img\\\/img_161793_21373194ca01dbcbe546e32c499af550_1.jpg?strip=all\",\"contentUrl\":\"https:\\\/\\\/erki24nd3ub.exactdn.com\\\/wp-content\\\/uploads\\\/dream\\\/img\\\/img_161793_21373194ca01dbcbe546e32c499af550_1.jpg?strip=all\",\"width\":800,\"height\":800},{\"@type\":\"BreadcrumbList\",\"@id\":\"https:\\\/\\\/lovme.pt\\\/index.php\\\/produto\\\/bijoux-slow-sex-vela-de-massagem-corporal-50-g\\\/#breadcrumb\",\"itemListElement\":[{\"@type\":\"ListItem\",\"position\":1,\"name\":\"In\u00edcio\",\"item\":\"https:\\\/\\\/lovme.pt\\\/\"},{\"@type\":\"ListItem\",\"position\":2,\"name\":\"Loja\",\"item\":\"https:\\\/\\\/lovme.pt\\\/index.php\\\/loja\\\/\"},{\"@type\":\"ListItem\",\"position\":3,\"name\":\"BIJOUX &#8211; SLOW SEX VELA DE MASSAGEM CORPORAL 50 G\"}]},{\"@type\":\"WebSite\",\"@id\":\"https:\\\/\\\/lovme.pt\\\/#website\",\"url\":\"https:\\\/\\\/lovme.pt\\\/\",\"name\":\"Lovme Loja Er\u00f3tica N\u00ba1 em Portugal\",\"description\":\"A melhor loja er\u00f3tica de Portugal.\",\"alternateName\":\"Loja Er\u00f3tica Lovme\",\"potentialAction\":[{\"@type\":\"SearchAction\",\"target\":{\"@type\":\"EntryPoint\",\"urlTemplate\":\"https:\\\/\\\/lovme.pt\\\/?s={search_term_string}\"},\"query-input\":{\"@type\":\"PropertyValueSpecification\",\"valueRequired\":true,\"valueName\":\"search_term_string\"}}],\"inLanguage\":\"pt-PT\"}]}<\/script>\n<!-- \/ Yoast SEO plugin. -->","yoast_head_json":{"title":"BIJOUX - SLOW SEX VELA DE MASSAGEM CORPORAL 50 G - Lovme","robots":{"index":"index","follow":"follow","max-snippet":"max-snippet:-1","max-image-preview":"max-image-preview:large","max-video-preview":"max-video-preview:-1"},"canonical":"https:\/\/lovme.pt\/index.php\/produto\/bijoux-slow-sex-vela-de-massagem-corporal-50-g\/","og_locale":"pt_PT","og_type":"article","og_title":"BIJOUX - SLOW SEX VELA DE MASSAGEM CORPORAL 50 G - Lovme","og_description":"BIJOUX - SLOW SEX VELA DE MASSAGEM CORPORAL 50 G","og_url":"https:\/\/lovme.pt\/index.php\/produto\/bijoux-slow-sex-vela-de-massagem-corporal-50-g\/","og_site_name":"Lovme","article_modified_time":"2026-02-19T20:09:52+00:00","og_image":[{"width":800,"height":800,"url":"https:\/\/erki24nd3ub.exactdn.com\/wp-content\/uploads\/dream\/img\/img_161793_21373194ca01dbcbe546e32c499af550_1.jpg?strip=all","type":"image\/jpeg"}],"twitter_card":"summary_large_image","twitter_misc":{"Tempo estimado de leitura":"3 minutos"},"schema":{"@context":"https:\/\/schema.org","@graph":[{"@type":"WebPage","@id":"https:\/\/lovme.pt\/index.php\/produto\/bijoux-slow-sex-vela-de-massagem-corporal-50-g\/","url":"https:\/\/lovme.pt\/index.php\/produto\/bijoux-slow-sex-vela-de-massagem-corporal-50-g\/","name":"BIJOUX - SLOW SEX VELA DE MASSAGEM CORPORAL 50 G - Lovme","isPartOf":{"@id":"https:\/\/lovme.pt\/#website"},"primaryImageOfPage":{"@id":"https:\/\/lovme.pt\/index.php\/produto\/bijoux-slow-sex-vela-de-massagem-corporal-50-g\/#primaryimage"},"image":{"@id":"https:\/\/lovme.pt\/index.php\/produto\/bijoux-slow-sex-vela-de-massagem-corporal-50-g\/#primaryimage"},"thumbnailUrl":"https:\/\/erki24nd3ub.exactdn.com\/wp-content\/uploads\/dream\/img\/img_161793_21373194ca01dbcbe546e32c499af550_1.jpg?strip=all","datePublished":"2025-09-30T22:19:10+00:00","dateModified":"2026-02-19T20:09:52+00:00","breadcrumb":{"@id":"https:\/\/lovme.pt\/index.php\/produto\/bijoux-slow-sex-vela-de-massagem-corporal-50-g\/#breadcrumb"},"inLanguage":"pt-PT","potentialAction":[{"@type":"ReadAction","target":["https:\/\/lovme.pt\/index.php\/produto\/bijoux-slow-sex-vela-de-massagem-corporal-50-g\/"]}]},{"@type":"ImageObject","inLanguage":"pt-PT","@id":"https:\/\/lovme.pt\/index.php\/produto\/bijoux-slow-sex-vela-de-massagem-corporal-50-g\/#primaryimage","url":"https:\/\/erki24nd3ub.exactdn.com\/wp-content\/uploads\/dream\/img\/img_161793_21373194ca01dbcbe546e32c499af550_1.jpg?strip=all","contentUrl":"https:\/\/erki24nd3ub.exactdn.com\/wp-content\/uploads\/dream\/img\/img_161793_21373194ca01dbcbe546e32c499af550_1.jpg?strip=all","width":800,"height":800},{"@type":"BreadcrumbList","@id":"https:\/\/lovme.pt\/index.php\/produto\/bijoux-slow-sex-vela-de-massagem-corporal-50-g\/#breadcrumb","itemListElement":[{"@type":"ListItem","position":1,"name":"In\u00edcio","item":"https:\/\/lovme.pt\/"},{"@type":"ListItem","position":2,"name":"Loja","item":"https:\/\/lovme.pt\/index.php\/loja\/"},{"@type":"ListItem","position":3,"name":"BIJOUX &#8211; SLOW SEX VELA DE MASSAGEM CORPORAL 50 G"}]},{"@type":"WebSite","@id":"https:\/\/lovme.pt\/#website","url":"https:\/\/lovme.pt\/","name":"Lovme Loja Er\u00f3tica N\u00ba1 em Portugal","description":"A melhor loja er\u00f3tica de Portugal.","alternateName":"Loja Er\u00f3tica Lovme","potentialAction":[{"@type":"SearchAction","target":{"@type":"EntryPoint","urlTemplate":"https:\/\/lovme.pt\/?s={search_term_string}"},"query-input":{"@type":"PropertyValueSpecification","valueRequired":true,"valueName":"search_term_string"}}],"inLanguage":"pt-PT"}]}},"_links":{"self":[{"href":"https:\/\/lovme.pt\/index.php\/wp-json\/wp\/v2\/product\/46210","targetHints":{"allow":["GET"]}}],"collection":[{"href":"https:\/\/lovme.pt\/index.php\/wp-json\/wp\/v2\/product"}],"about":[{"href":"https:\/\/lovme.pt\/index.php\/wp-json\/wp\/v2\/types\/product"}],"wp:featuredmedia":[{"embeddable":true,"href":"https:\/\/lovme.pt\/index.php\/wp-json\/wp\/v2\/media\/76781"}],"wp:attachment":[{"href":"https:\/\/lovme.pt\/index.php\/wp-json\/wp\/v2\/media?parent=46210"}],"wp:term":[{"taxonomy":"product_brand","embeddable":true,"href":"https:\/\/lovme.pt\/index.php\/wp-json\/wp\/v2\/product_brand?post=46210"},{"taxonomy":"product_cat","embeddable":true,"href":"https:\/\/lovme.pt\/index.php\/wp-json\/wp\/v2\/product_cat?post=46210"},{"taxonomy":"product_tag","embeddable":true,"href":"https:\/\/lovme.pt\/index.php\/wp-json\/wp\/v2\/product_tag?post=46210"}],"curies":[{"name":"wp","href":"https:\/\/api.w.org\/{rel}","templated":true}]}}