{"id":46196,"date":"2025-09-30T09:47:34","date_gmt":"2025-09-30T09:47:34","guid":{"rendered":"https:\/\/lovme.pt\/?post_type=product&p=46196"},"modified":"2026-02-19T20:05:18","modified_gmt":"2026-02-19T20:05:18","slug":"jogos-kheper-sexo-oral-arranque-e-ganhe","status":"publish","type":"product","link":"https:\/\/lovme.pt\/index.php\/produto\/jogos-kheper-sexo-oral-arranque-e-ganhe\/","title":{"rendered":"JOGOS KHEPER &#8211; SEXO ORAL ARRANQUE E GANHE"},"content":{"rendered":"<p>Tenha sorte com cada ingresso com 8 ingressos vencedores para prazer oral. Sempre que voc\u00ea quiser sexo oral com seu amante, raspe um ingresso para revelar uma aventura de sexo oral. Depois troque com seu amante e decida quem fica com cada posi\u00e7\u00e3o. D\u00ea de presente ou compartilhe em casal.<\/p>\n<p> Os gr\u00e1ficos n\u00e3o s\u00e3o espec\u00edficos de g\u00eanero, ent\u00e3o QUALQUER casal pode jogar.<\/p>\n<p> Inclui: 8 bilhetes raspadinhas<\/p>\n","protected":false},"excerpt":{"rendered":"<p>EMBALAGEM DISPON\u00cdVEL EM: \/en\/es\/de\/fr\/<\/p>\n","protected":false},"featured_media":57107,"template":"","meta":{"_acf_changed":false},"product_brand":[],"product_cat":[69],"product_tag":[],"class_list":{"0":"post-46196","1":"product","2":"type-product","3":"status-publish","4":"has-post-thumbnail","6":"product_cat-jogos-eroticos","7":"yith_product_brand-kheper-games","9":"first","10":"instock","11":"taxable","12":"shipping-taxable","13":"purchasable","14":"product-type-simple"},"acf":[],"yoast_head":"<!-- This site is optimized with the Yoast SEO plugin v27.4 - https:\/\/yoast.com\/product\/yoast-seo-wordpress\/ -->\n<title>JOGOS KHEPER - SEXO ORAL ARRANQUE E GANHE - Lovme<\/title>\n<meta name=\"robots\" content=\"index, follow, max-snippet:-1, max-image-preview:large, max-video-preview:-1\" \/>\n<link rel=\"canonical\" href=\"https:\/\/lovme.pt\/index.php\/produto\/jogos-kheper-sexo-oral-arranque-e-ganhe\/\" \/>\n<meta property=\"og:locale\" content=\"pt_PT\" \/>\n<meta property=\"og:type\" content=\"article\" \/>\n<meta property=\"og:title\" content=\"JOGOS KHEPER - SEXO ORAL ARRANQUE E GANHE - Lovme\" \/>\n<meta property=\"og:description\" content=\"EMBALAGEM DISPON\u00cdVEL EM: \/en\/es\/de\/fr\/\" \/>\n<meta property=\"og:url\" content=\"https:\/\/lovme.pt\/index.php\/produto\/jogos-kheper-sexo-oral-arranque-e-ganhe\/\" \/>\n<meta property=\"og:site_name\" content=\"Lovme\" \/>\n<meta property=\"article:modified_time\" content=\"2026-02-19T20:05:18+00:00\" \/>\n<meta property=\"og:image\" content=\"https:\/\/erki24nd3ub.exactdn.com\/wp-content\/uploads\/dream\/img\/img_161697_2f8121326a59640ab0c902780f41c771_1.jpg?strip=all\" \/>\n\t<meta property=\"og:image:width\" content=\"800\" \/>\n\t<meta property=\"og:image:height\" content=\"800\" \/>\n\t<meta property=\"og:image:type\" content=\"image\/jpeg\" \/>\n<meta name=\"twitter:card\" content=\"summary_large_image\" \/>\n<script type=\"application\/ld+json\" class=\"yoast-schema-graph\">{\"@context\":\"https:\\\/\\\/schema.org\",\"@graph\":[{\"@type\":\"WebPage\",\"@id\":\"https:\\\/\\\/lovme.pt\\\/index.php\\\/produto\\\/jogos-kheper-sexo-oral-arranque-e-ganhe\\\/\",\"url\":\"https:\\\/\\\/lovme.pt\\\/index.php\\\/produto\\\/jogos-kheper-sexo-oral-arranque-e-ganhe\\\/\",\"name\":\"JOGOS KHEPER - SEXO ORAL ARRANQUE E GANHE - Lovme\",\"isPartOf\":{\"@id\":\"https:\\\/\\\/lovme.pt\\\/#website\"},\"primaryImageOfPage\":{\"@id\":\"https:\\\/\\\/lovme.pt\\\/index.php\\\/produto\\\/jogos-kheper-sexo-oral-arranque-e-ganhe\\\/#primaryimage\"},\"image\":{\"@id\":\"https:\\\/\\\/lovme.pt\\\/index.php\\\/produto\\\/jogos-kheper-sexo-oral-arranque-e-ganhe\\\/#primaryimage\"},\"thumbnailUrl\":\"https:\\\/\\\/erki24nd3ub.exactdn.com\\\/wp-content\\\/uploads\\\/dream\\\/img\\\/img_161697_2f8121326a59640ab0c902780f41c771_1.jpg?strip=all\",\"datePublished\":\"2025-09-30T09:47:34+00:00\",\"dateModified\":\"2026-02-19T20:05:18+00:00\",\"breadcrumb\":{\"@id\":\"https:\\\/\\\/lovme.pt\\\/index.php\\\/produto\\\/jogos-kheper-sexo-oral-arranque-e-ganhe\\\/#breadcrumb\"},\"inLanguage\":\"pt-PT\",\"potentialAction\":[{\"@type\":\"ReadAction\",\"target\":[\"https:\\\/\\\/lovme.pt\\\/index.php\\\/produto\\\/jogos-kheper-sexo-oral-arranque-e-ganhe\\\/\"]}]},{\"@type\":\"ImageObject\",\"inLanguage\":\"pt-PT\",\"@id\":\"https:\\\/\\\/lovme.pt\\\/index.php\\\/produto\\\/jogos-kheper-sexo-oral-arranque-e-ganhe\\\/#primaryimage\",\"url\":\"https:\\\/\\\/erki24nd3ub.exactdn.com\\\/wp-content\\\/uploads\\\/dream\\\/img\\\/img_161697_2f8121326a59640ab0c902780f41c771_1.jpg?strip=all\",\"contentUrl\":\"https:\\\/\\\/erki24nd3ub.exactdn.com\\\/wp-content\\\/uploads\\\/dream\\\/img\\\/img_161697_2f8121326a59640ab0c902780f41c771_1.jpg?strip=all\",\"width\":800,\"height\":800},{\"@type\":\"BreadcrumbList\",\"@id\":\"https:\\\/\\\/lovme.pt\\\/index.php\\\/produto\\\/jogos-kheper-sexo-oral-arranque-e-ganhe\\\/#breadcrumb\",\"itemListElement\":[{\"@type\":\"ListItem\",\"position\":1,\"name\":\"In\u00edcio\",\"item\":\"https:\\\/\\\/lovme.pt\\\/\"},{\"@type\":\"ListItem\",\"position\":2,\"name\":\"Loja\",\"item\":\"https:\\\/\\\/lovme.pt\\\/index.php\\\/loja\\\/\"},{\"@type\":\"ListItem\",\"position\":3,\"name\":\"JOGOS KHEPER &#8211; SEXO ORAL ARRANQUE E GANHE\"}]},{\"@type\":\"WebSite\",\"@id\":\"https:\\\/\\\/lovme.pt\\\/#website\",\"url\":\"https:\\\/\\\/lovme.pt\\\/\",\"name\":\"Lovme Loja Er\u00f3tica N\u00ba1 em Portugal\",\"description\":\"A melhor loja er\u00f3tica de Portugal.\",\"alternateName\":\"Loja Er\u00f3tica Lovme\",\"potentialAction\":[{\"@type\":\"SearchAction\",\"target\":{\"@type\":\"EntryPoint\",\"urlTemplate\":\"https:\\\/\\\/lovme.pt\\\/?s={search_term_string}\"},\"query-input\":{\"@type\":\"PropertyValueSpecification\",\"valueRequired\":true,\"valueName\":\"search_term_string\"}}],\"inLanguage\":\"pt-PT\"}]}<\/script>\n<!-- \/ Yoast SEO plugin. -->","yoast_head_json":{"title":"JOGOS KHEPER - SEXO ORAL ARRANQUE E GANHE - Lovme","robots":{"index":"index","follow":"follow","max-snippet":"max-snippet:-1","max-image-preview":"max-image-preview:large","max-video-preview":"max-video-preview:-1"},"canonical":"https:\/\/lovme.pt\/index.php\/produto\/jogos-kheper-sexo-oral-arranque-e-ganhe\/","og_locale":"pt_PT","og_type":"article","og_title":"JOGOS KHEPER - SEXO ORAL ARRANQUE E GANHE - Lovme","og_description":"EMBALAGEM DISPON\u00cdVEL EM: \/en\/es\/de\/fr\/","og_url":"https:\/\/lovme.pt\/index.php\/produto\/jogos-kheper-sexo-oral-arranque-e-ganhe\/","og_site_name":"Lovme","article_modified_time":"2026-02-19T20:05:18+00:00","og_image":[{"width":800,"height":800,"url":"https:\/\/erki24nd3ub.exactdn.com\/wp-content\/uploads\/dream\/img\/img_161697_2f8121326a59640ab0c902780f41c771_1.jpg?strip=all","type":"image\/jpeg"}],"twitter_card":"summary_large_image","schema":{"@context":"https:\/\/schema.org","@graph":[{"@type":"WebPage","@id":"https:\/\/lovme.pt\/index.php\/produto\/jogos-kheper-sexo-oral-arranque-e-ganhe\/","url":"https:\/\/lovme.pt\/index.php\/produto\/jogos-kheper-sexo-oral-arranque-e-ganhe\/","name":"JOGOS KHEPER - SEXO ORAL ARRANQUE E GANHE - Lovme","isPartOf":{"@id":"https:\/\/lovme.pt\/#website"},"primaryImageOfPage":{"@id":"https:\/\/lovme.pt\/index.php\/produto\/jogos-kheper-sexo-oral-arranque-e-ganhe\/#primaryimage"},"image":{"@id":"https:\/\/lovme.pt\/index.php\/produto\/jogos-kheper-sexo-oral-arranque-e-ganhe\/#primaryimage"},"thumbnailUrl":"https:\/\/erki24nd3ub.exactdn.com\/wp-content\/uploads\/dream\/img\/img_161697_2f8121326a59640ab0c902780f41c771_1.jpg?strip=all","datePublished":"2025-09-30T09:47:34+00:00","dateModified":"2026-02-19T20:05:18+00:00","breadcrumb":{"@id":"https:\/\/lovme.pt\/index.php\/produto\/jogos-kheper-sexo-oral-arranque-e-ganhe\/#breadcrumb"},"inLanguage":"pt-PT","potentialAction":[{"@type":"ReadAction","target":["https:\/\/lovme.pt\/index.php\/produto\/jogos-kheper-sexo-oral-arranque-e-ganhe\/"]}]},{"@type":"ImageObject","inLanguage":"pt-PT","@id":"https:\/\/lovme.pt\/index.php\/produto\/jogos-kheper-sexo-oral-arranque-e-ganhe\/#primaryimage","url":"https:\/\/erki24nd3ub.exactdn.com\/wp-content\/uploads\/dream\/img\/img_161697_2f8121326a59640ab0c902780f41c771_1.jpg?strip=all","contentUrl":"https:\/\/erki24nd3ub.exactdn.com\/wp-content\/uploads\/dream\/img\/img_161697_2f8121326a59640ab0c902780f41c771_1.jpg?strip=all","width":800,"height":800},{"@type":"BreadcrumbList","@id":"https:\/\/lovme.pt\/index.php\/produto\/jogos-kheper-sexo-oral-arranque-e-ganhe\/#breadcrumb","itemListElement":[{"@type":"ListItem","position":1,"name":"In\u00edcio","item":"https:\/\/lovme.pt\/"},{"@type":"ListItem","position":2,"name":"Loja","item":"https:\/\/lovme.pt\/index.php\/loja\/"},{"@type":"ListItem","position":3,"name":"JOGOS KHEPER &#8211; SEXO ORAL ARRANQUE E GANHE"}]},{"@type":"WebSite","@id":"https:\/\/lovme.pt\/#website","url":"https:\/\/lovme.pt\/","name":"Lovme Loja Er\u00f3tica N\u00ba1 em Portugal","description":"A melhor loja er\u00f3tica de Portugal.","alternateName":"Loja Er\u00f3tica Lovme","potentialAction":[{"@type":"SearchAction","target":{"@type":"EntryPoint","urlTemplate":"https:\/\/lovme.pt\/?s={search_term_string}"},"query-input":{"@type":"PropertyValueSpecification","valueRequired":true,"valueName":"search_term_string"}}],"inLanguage":"pt-PT"}]}},"_links":{"self":[{"href":"https:\/\/lovme.pt\/index.php\/wp-json\/wp\/v2\/product\/46196","targetHints":{"allow":["GET"]}}],"collection":[{"href":"https:\/\/lovme.pt\/index.php\/wp-json\/wp\/v2\/product"}],"about":[{"href":"https:\/\/lovme.pt\/index.php\/wp-json\/wp\/v2\/types\/product"}],"wp:featuredmedia":[{"embeddable":true,"href":"https:\/\/lovme.pt\/index.php\/wp-json\/wp\/v2\/media\/57107"}],"wp:attachment":[{"href":"https:\/\/lovme.pt\/index.php\/wp-json\/wp\/v2\/media?parent=46196"}],"wp:term":[{"taxonomy":"product_brand","embeddable":true,"href":"https:\/\/lovme.pt\/index.php\/wp-json\/wp\/v2\/product_brand?post=46196"},{"taxonomy":"product_cat","embeddable":true,"href":"https:\/\/lovme.pt\/index.php\/wp-json\/wp\/v2\/product_cat?post=46196"},{"taxonomy":"product_tag","embeddable":true,"href":"https:\/\/lovme.pt\/index.php\/wp-json\/wp\/v2\/product_tag?post=46196"}],"curies":[{"name":"wp","href":"https:\/\/api.w.org\/{rel}","templated":true}]}}