{"id":46185,"date":"2025-09-30T20:47:17","date_gmt":"2025-09-30T20:47:17","guid":{"rendered":"https:\/\/lovme.pt\/?post_type=product&p=46185"},"modified":"2026-02-19T20:08:56","modified_gmt":"2026-02-19T20:08:56","slug":"mia-siena-triplo-prazer-vibrando-mordendo","status":"publish","type":"product","link":"https:\/\/lovme.pt\/index.php\/produto\/mia-siena-triplo-prazer-vibrando-mordendo\/","title":{"rendered":"MIA &#8211; SIENA TRIPLO PRAZER VIBRANDO + MORDENDO"},"content":{"rendered":"<p><strong>Siena<\/strong> , mergulhe em uma experi\u00eancia de prazer incompar\u00e1vel com nosso estimulador projetado para despertar seus sentidos e elevar seus momentos \u00edntimos a novos patamares. Este brinquedo cativante foi criado com a m\u00e1xima aten\u00e7\u00e3o aos detalhes, fundindo um design elegante e uma funcionalidade excepcional.<\/p>\n<p>A excepcional suavidade do silicone que cobre este estimulador garante uma experi\u00eancia t\u00e1til incompar\u00e1vel. A textura macia e sedosa acaricia sua pele, proporcionando um contato delicado que intensifica cada momento de prazer. Moldado com precis\u00e3o no formato irresist\u00edvel de uma boca e tingido de um vermelho apaixonante, este brinquedo \u00e9 uma obra de arte er\u00f3tica que estimular\u00e1 os sentidos visuais e f\u00edsicos.<\/p>\n<p>Experimente uma diversidade de sensa\u00e7\u00f5es com os dez modos de mordida e dez modos de vibra\u00e7\u00e3o, permitindo personalizar cada encontro \u00edntimo de acordo com os seus desejos mais profundos. Desde car\u00edcias suaves at\u00e9 mordidas intensas, este estimulador foi pensado para voc\u00ea. projetado para se adaptar \u00e0s suas prefer\u00eancias, levando voc\u00ea por uma viagem de prazer \u00fanica e emocionante.<\/p>\n<p>Equipado com dois potentes motores estrategicamente posicionados, este brinquedo garante uma estimula\u00e7\u00e3o precisa e completa. Sinta como os motores funcionam em sincronia para intensificar cada sensa\u00e7\u00e3o e lev\u00e1-lo ao \u00eaxtase. Seja sozinho ou acompanhado, este estimulador se tornar\u00e1 o seu favorito. Seu c\u00famplice perfeito para explorar novas fronteiras de intimidade.<\/p>\n<p>A resist\u00eancia \u00e0 \u00e1gua acrescenta uma dimens\u00e3o extra de versatilidade, permitindo-lhe desfrutar de momentos sensuais no banho ou no duche. Mergulhe no relaxamento e deixe-se envolver por ondas de prazer enquanto explora as possibilidades que este brinquedo \u00e0 prova d\u2019\u00e1gua tem a oferecer.<\/p>\n<p>Descubra a arte da sedu\u00e7\u00e3o com este estimulador que combina na perfei\u00e7\u00e3o design vanguardista e tecnologia de ponta. Adicione emo\u00e7\u00e3o aos seus momentos \u00edntimos e deixe a paix\u00e3o florescer com cada mordida e vibra\u00e7\u00e3o deste cativante brinquedo em forma de boca.<\/p>\n<p>\u00a0<\/p>\n<p><u><strong>CARACTER\u00cdSTICAS:<\/strong><\/u><\/p>\n<ul>\n<li>2 motores potentes<\/li>\n<li>10 modos de vibra\u00e7\u00e3o<\/li>\n<li>10 modos de mordida<\/li>\n<li>Carregador magn\u00e9tico<\/li>\n<li>Silicone supermacio<\/li>\n<li>Material seguro para o corpo<\/li>\n<li>Resistente \u00e0 \u00e1gua (IPX6)<\/li>\n<li>Livre de ftalatos<\/li>\n<\/ul>\n<p>\u00a0<\/p>\n<p><u><strong>MATERIAIS E CUIDADOS<\/strong><\/u><\/p>\n<p>O silicone MIA apresenta 100% silicone. Sem falato, incrivelmente flex\u00edvel. Resistentes \u00e0 \u00e1gua (IPX6) e aliados a um pr\u00e1tico controle ergon\u00f4mico do mesmo material, os brinquedos <strong>MIA<\/strong> s\u00e3o f\u00e1ceis de limpar e permanecem higi\u00eanicos por muito tempo. O material flex\u00edvel \u00e9 maravilhosamente escorregadio e aquece rapidamente \u00e0 temperatura corporal. Seu vibrador pode ser limpo de forma r\u00e1pida e f\u00e1cil com um pouco de sab\u00e3o e \u00e1gua morna. Por fim, garanta uma higiene completa com alguns sprays de limpador desinfetante para brinquedos. Aproveite o seu brinquedo tanto quanto n\u00f3s gostamos de faz\u00ea-lo para voc\u00ea.<\/p>\n<p>\u00a0<\/p>\n<p><u><strong>A MARCA MIA<\/strong><\/u><\/p>\n<p><strong>MIA<\/strong>  muito mais que uma marca europeia! Tudo come\u00e7ou com a estimula\u00e7\u00e3o atrav\u00e9s de motores inovadores e materiais \u00fanicos. A marca l\u00edder mundial em bem-estar sexual enriquece agora a vida amorosa de mais de 200.000 mulheres, homens e casais em mais de 100 pa\u00edses com uma linha exclusiva de produtos de \u00faltima gera\u00e7\u00e3o. n. Com caracter\u00edsticas de qualidade como silicone de alta qualidade, garantia de 5 anos, totalmente \u00e0 prova d\u00e1gua (IPX7) e motores potentes, a marca europeia de sucesso tem sempre o cuidado de aliar tecnologia a design excepcional em seus produtos. Um produto montado em Espanha com a mais alta qualidade europeia.<\/p>\n","protected":false},"excerpt":{"rendered":"<p>MIA &#8211; SIENA TRIPLO PRAZER VIBRANDO + MORDENDO<\/p>\n","protected":false},"featured_media":72682,"template":"","meta":{"_acf_changed":false},"product_brand":[],"product_cat":[17,61],"product_tag":[],"class_list":{"0":"post-46185","1":"product","2":"type-product","3":"status-publish","4":"has-post-thumbnail","6":"product_cat-brinquedos-de-bem-estar-sexual","7":"product_cat-para-elas","8":"yith_product_brand-mia","10":"first","11":"instock","12":"taxable","13":"shipping-taxable","14":"purchasable","15":"product-type-simple"},"acf":[],"yoast_head":"<!-- This site is optimized with the Yoast SEO plugin v27.4 - https:\/\/yoast.com\/product\/yoast-seo-wordpress\/ -->\n<title>MIA - SIENA TRIPLO PRAZER VIBRANDO + MORDENDO - Lovme<\/title>\n<meta name=\"robots\" content=\"index, follow, max-snippet:-1, max-image-preview:large, max-video-preview:-1\" \/>\n<link rel=\"canonical\" href=\"https:\/\/lovme.pt\/index.php\/produto\/mia-siena-triplo-prazer-vibrando-mordendo\/\" \/>\n<meta property=\"og:locale\" content=\"pt_PT\" \/>\n<meta property=\"og:type\" content=\"article\" \/>\n<meta property=\"og:title\" content=\"MIA - SIENA TRIPLO PRAZER VIBRANDO + MORDENDO - Lovme\" \/>\n<meta property=\"og:description\" content=\"MIA - SIENA TRIPLO PRAZER VIBRANDO + MORDENDO\" \/>\n<meta property=\"og:url\" content=\"https:\/\/lovme.pt\/index.php\/produto\/mia-siena-triplo-prazer-vibrando-mordendo\/\" \/>\n<meta property=\"og:site_name\" content=\"Lovme\" \/>\n<meta property=\"article:modified_time\" content=\"2026-02-19T20:08:56+00:00\" \/>\n<meta property=\"og:image\" content=\"https:\/\/erki24nd3ub.exactdn.com\/wp-content\/uploads\/dream\/img\/img_161660_f8ec71d03de0245dd99c52010d5a9841_1.png?strip=all\" \/>\n\t<meta property=\"og:image:width\" content=\"800\" \/>\n\t<meta property=\"og:image:height\" content=\"800\" \/>\n\t<meta property=\"og:image:type\" content=\"image\/png\" \/>\n<meta name=\"twitter:card\" content=\"summary_large_image\" \/>\n<meta name=\"twitter:label1\" content=\"Tempo estimado de leitura\" \/>\n\t<meta name=\"twitter:data1\" content=\"3 minutos\" \/>\n<script type=\"application\/ld+json\" class=\"yoast-schema-graph\">{\"@context\":\"https:\\\/\\\/schema.org\",\"@graph\":[{\"@type\":\"WebPage\",\"@id\":\"https:\\\/\\\/lovme.pt\\\/index.php\\\/produto\\\/mia-siena-triplo-prazer-vibrando-mordendo\\\/\",\"url\":\"https:\\\/\\\/lovme.pt\\\/index.php\\\/produto\\\/mia-siena-triplo-prazer-vibrando-mordendo\\\/\",\"name\":\"MIA - SIENA TRIPLO PRAZER VIBRANDO + MORDENDO - Lovme\",\"isPartOf\":{\"@id\":\"https:\\\/\\\/lovme.pt\\\/#website\"},\"primaryImageOfPage\":{\"@id\":\"https:\\\/\\\/lovme.pt\\\/index.php\\\/produto\\\/mia-siena-triplo-prazer-vibrando-mordendo\\\/#primaryimage\"},\"image\":{\"@id\":\"https:\\\/\\\/lovme.pt\\\/index.php\\\/produto\\\/mia-siena-triplo-prazer-vibrando-mordendo\\\/#primaryimage\"},\"thumbnailUrl\":\"https:\\\/\\\/erki24nd3ub.exactdn.com\\\/wp-content\\\/uploads\\\/dream\\\/img\\\/img_161660_f8ec71d03de0245dd99c52010d5a9841_1.png?strip=all\",\"datePublished\":\"2025-09-30T20:47:17+00:00\",\"dateModified\":\"2026-02-19T20:08:56+00:00\",\"breadcrumb\":{\"@id\":\"https:\\\/\\\/lovme.pt\\\/index.php\\\/produto\\\/mia-siena-triplo-prazer-vibrando-mordendo\\\/#breadcrumb\"},\"inLanguage\":\"pt-PT\",\"potentialAction\":[{\"@type\":\"ReadAction\",\"target\":[\"https:\\\/\\\/lovme.pt\\\/index.php\\\/produto\\\/mia-siena-triplo-prazer-vibrando-mordendo\\\/\"]}]},{\"@type\":\"ImageObject\",\"inLanguage\":\"pt-PT\",\"@id\":\"https:\\\/\\\/lovme.pt\\\/index.php\\\/produto\\\/mia-siena-triplo-prazer-vibrando-mordendo\\\/#primaryimage\",\"url\":\"https:\\\/\\\/erki24nd3ub.exactdn.com\\\/wp-content\\\/uploads\\\/dream\\\/img\\\/img_161660_f8ec71d03de0245dd99c52010d5a9841_1.png?strip=all\",\"contentUrl\":\"https:\\\/\\\/erki24nd3ub.exactdn.com\\\/wp-content\\\/uploads\\\/dream\\\/img\\\/img_161660_f8ec71d03de0245dd99c52010d5a9841_1.png?strip=all\",\"width\":800,\"height\":800},{\"@type\":\"BreadcrumbList\",\"@id\":\"https:\\\/\\\/lovme.pt\\\/index.php\\\/produto\\\/mia-siena-triplo-prazer-vibrando-mordendo\\\/#breadcrumb\",\"itemListElement\":[{\"@type\":\"ListItem\",\"position\":1,\"name\":\"In\u00edcio\",\"item\":\"https:\\\/\\\/lovme.pt\\\/\"},{\"@type\":\"ListItem\",\"position\":2,\"name\":\"Loja\",\"item\":\"https:\\\/\\\/lovme.pt\\\/index.php\\\/loja\\\/\"},{\"@type\":\"ListItem\",\"position\":3,\"name\":\"MIA &#8211; SIENA TRIPLO PRAZER VIBRANDO + MORDENDO\"}]},{\"@type\":\"WebSite\",\"@id\":\"https:\\\/\\\/lovme.pt\\\/#website\",\"url\":\"https:\\\/\\\/lovme.pt\\\/\",\"name\":\"Lovme Loja Er\u00f3tica N\u00ba1 em Portugal\",\"description\":\"A melhor loja er\u00f3tica de Portugal.\",\"alternateName\":\"Loja Er\u00f3tica Lovme\",\"potentialAction\":[{\"@type\":\"SearchAction\",\"target\":{\"@type\":\"EntryPoint\",\"urlTemplate\":\"https:\\\/\\\/lovme.pt\\\/?s={search_term_string}\"},\"query-input\":{\"@type\":\"PropertyValueSpecification\",\"valueRequired\":true,\"valueName\":\"search_term_string\"}}],\"inLanguage\":\"pt-PT\"}]}<\/script>\n<!-- \/ Yoast SEO plugin. -->","yoast_head_json":{"title":"MIA - SIENA TRIPLO PRAZER VIBRANDO + MORDENDO - Lovme","robots":{"index":"index","follow":"follow","max-snippet":"max-snippet:-1","max-image-preview":"max-image-preview:large","max-video-preview":"max-video-preview:-1"},"canonical":"https:\/\/lovme.pt\/index.php\/produto\/mia-siena-triplo-prazer-vibrando-mordendo\/","og_locale":"pt_PT","og_type":"article","og_title":"MIA - SIENA TRIPLO PRAZER VIBRANDO + MORDENDO - Lovme","og_description":"MIA - SIENA TRIPLO PRAZER VIBRANDO + MORDENDO","og_url":"https:\/\/lovme.pt\/index.php\/produto\/mia-siena-triplo-prazer-vibrando-mordendo\/","og_site_name":"Lovme","article_modified_time":"2026-02-19T20:08:56+00:00","og_image":[{"width":800,"height":800,"url":"https:\/\/erki24nd3ub.exactdn.com\/wp-content\/uploads\/dream\/img\/img_161660_f8ec71d03de0245dd99c52010d5a9841_1.png?strip=all","type":"image\/png"}],"twitter_card":"summary_large_image","twitter_misc":{"Tempo estimado de leitura":"3 minutos"},"schema":{"@context":"https:\/\/schema.org","@graph":[{"@type":"WebPage","@id":"https:\/\/lovme.pt\/index.php\/produto\/mia-siena-triplo-prazer-vibrando-mordendo\/","url":"https:\/\/lovme.pt\/index.php\/produto\/mia-siena-triplo-prazer-vibrando-mordendo\/","name":"MIA - SIENA TRIPLO PRAZER VIBRANDO + MORDENDO - Lovme","isPartOf":{"@id":"https:\/\/lovme.pt\/#website"},"primaryImageOfPage":{"@id":"https:\/\/lovme.pt\/index.php\/produto\/mia-siena-triplo-prazer-vibrando-mordendo\/#primaryimage"},"image":{"@id":"https:\/\/lovme.pt\/index.php\/produto\/mia-siena-triplo-prazer-vibrando-mordendo\/#primaryimage"},"thumbnailUrl":"https:\/\/erki24nd3ub.exactdn.com\/wp-content\/uploads\/dream\/img\/img_161660_f8ec71d03de0245dd99c52010d5a9841_1.png?strip=all","datePublished":"2025-09-30T20:47:17+00:00","dateModified":"2026-02-19T20:08:56+00:00","breadcrumb":{"@id":"https:\/\/lovme.pt\/index.php\/produto\/mia-siena-triplo-prazer-vibrando-mordendo\/#breadcrumb"},"inLanguage":"pt-PT","potentialAction":[{"@type":"ReadAction","target":["https:\/\/lovme.pt\/index.php\/produto\/mia-siena-triplo-prazer-vibrando-mordendo\/"]}]},{"@type":"ImageObject","inLanguage":"pt-PT","@id":"https:\/\/lovme.pt\/index.php\/produto\/mia-siena-triplo-prazer-vibrando-mordendo\/#primaryimage","url":"https:\/\/erki24nd3ub.exactdn.com\/wp-content\/uploads\/dream\/img\/img_161660_f8ec71d03de0245dd99c52010d5a9841_1.png?strip=all","contentUrl":"https:\/\/erki24nd3ub.exactdn.com\/wp-content\/uploads\/dream\/img\/img_161660_f8ec71d03de0245dd99c52010d5a9841_1.png?strip=all","width":800,"height":800},{"@type":"BreadcrumbList","@id":"https:\/\/lovme.pt\/index.php\/produto\/mia-siena-triplo-prazer-vibrando-mordendo\/#breadcrumb","itemListElement":[{"@type":"ListItem","position":1,"name":"In\u00edcio","item":"https:\/\/lovme.pt\/"},{"@type":"ListItem","position":2,"name":"Loja","item":"https:\/\/lovme.pt\/index.php\/loja\/"},{"@type":"ListItem","position":3,"name":"MIA &#8211; SIENA TRIPLO PRAZER VIBRANDO + MORDENDO"}]},{"@type":"WebSite","@id":"https:\/\/lovme.pt\/#website","url":"https:\/\/lovme.pt\/","name":"Lovme Loja Er\u00f3tica N\u00ba1 em Portugal","description":"A melhor loja er\u00f3tica de Portugal.","alternateName":"Loja Er\u00f3tica Lovme","potentialAction":[{"@type":"SearchAction","target":{"@type":"EntryPoint","urlTemplate":"https:\/\/lovme.pt\/?s={search_term_string}"},"query-input":{"@type":"PropertyValueSpecification","valueRequired":true,"valueName":"search_term_string"}}],"inLanguage":"pt-PT"}]}},"_links":{"self":[{"href":"https:\/\/lovme.pt\/index.php\/wp-json\/wp\/v2\/product\/46185","targetHints":{"allow":["GET"]}}],"collection":[{"href":"https:\/\/lovme.pt\/index.php\/wp-json\/wp\/v2\/product"}],"about":[{"href":"https:\/\/lovme.pt\/index.php\/wp-json\/wp\/v2\/types\/product"}],"wp:featuredmedia":[{"embeddable":true,"href":"https:\/\/lovme.pt\/index.php\/wp-json\/wp\/v2\/media\/72682"}],"wp:attachment":[{"href":"https:\/\/lovme.pt\/index.php\/wp-json\/wp\/v2\/media?parent=46185"}],"wp:term":[{"taxonomy":"product_brand","embeddable":true,"href":"https:\/\/lovme.pt\/index.php\/wp-json\/wp\/v2\/product_brand?post=46185"},{"taxonomy":"product_cat","embeddable":true,"href":"https:\/\/lovme.pt\/index.php\/wp-json\/wp\/v2\/product_cat?post=46185"},{"taxonomy":"product_tag","embeddable":true,"href":"https:\/\/lovme.pt\/index.php\/wp-json\/wp\/v2\/product_tag?post=46185"}],"curies":[{"name":"wp","href":"https:\/\/api.w.org\/{rel}","templated":true}]}}