{"id":46182,"date":"2025-09-30T20:47:13","date_gmt":"2025-09-30T20:47:13","guid":{"rendered":"https:\/\/lovme.pt\/?post_type=product&p=46182"},"modified":"2026-02-19T20:08:55","modified_gmt":"2026-02-19T20:08:55","slug":"mia-selena-estimulador-vibrante-tapping-vermelho","status":"publish","type":"product","link":"https:\/\/lovme.pt\/index.php\/produto\/mia-selena-estimulador-vibrante-tapping-vermelho\/","title":{"rendered":"MIA &#8211; SELENA ESTIMULADOR VIBRANTE + TAPPING VERMELHO"},"content":{"rendered":"<p>Descubra o melhor do prazer com nosso estimulador projetado para levar suas experi\u00eancias \u00edntimas a novos patamares. Este brinquedo sensual \u00e9 confeccionado com silicone super macio da mais alta qualidade, proporcionando uma textura sedosa ao toque que acaricia delicadamente sua pele.<\/p>\n<p>Com seus tr\u00eas modos de pulsa\u00e7\u00e3o e sete modos de vibra\u00e7\u00e3o, este estimulador est\u00e1 pronto para voc\u00ea. Projetado para se adaptar aos seus desejos e satisfazer as suas necessidades mais \u00edntimas. Experimente uma variedade de sensa\u00e7\u00f5es, desde pulsa\u00e7\u00f5es suaves at\u00e9 vibra\u00e7\u00f5es intensas, tudo com o toque de um bot\u00e3o.<\/p>\n<p>Equipado com dois potentes motores estrategicamente localizados, este estimulador garante uma estimula\u00e7\u00e3o precisa e completa a cada utiliza\u00e7\u00e3o. Sinta como os motores funcionam em harmonia para proporcionar uma experi\u00eancia \u00fanica e personalizada, elevando os seus momentos de intimidade a n\u00edveis nunca antes experimentados.<\/p>\n<p>A resist\u00eancia \u00e0 \u00e1gua deste estimulador acrescenta um toque de versatilidade, permitindo-lhe explorar novas fronteiras de prazer no banho ou no duche. Desfrute de momentos sensuais a s\u00f3s e a dois com a confian\u00e7a de que este brinquedo \u00e9 seguro. Projetado para resistir \u00e0 \u00e1gua e f\u00e1cil de limpar.<\/p>\n<p>O seu formato elegante e sugestivo, modelado numa requintada rosa vermelha, transforma este estimulador numa sensual obra de arte. A est\u00e9tica requintada alia-se a uma funcionalidade excepcional, criando um objecto de desejo que n\u00e3o s\u00f3 ir\u00e1 satisfazer as suas necessidades. N\u00e3o apenas atender\u00e1 \u00e0s suas necessidades f\u00edsicas, mas tamb\u00e9m estimular\u00e1 suas necessidades f\u00edsicas. seus sentidos visuais.<\/p>\n<p>Explore novas dimens\u00f5es de prazer e descubra a indulg\u00eancia sensorial com este estimulador de alta qualidade que foi projetado para lev\u00e1-lo ao auge da satisfa\u00e7\u00e3o.<\/p>\n<p>\u00a0<\/p>\n<p><u><strong>CARACTER\u00cdSTICAS:<\/strong><\/u><\/p>\n<ul>\n<li>2 motores potentes<\/li>\n<li>7 modos de vibra\u00e7\u00e3o<\/li>\n<li>3 modos de pulsa\u00e7\u00e3o<\/li>\n<li>Carregador magn\u00e9tico<\/li>\n<li>Silicone supermacio<\/li>\n<li>Material seguro para o corpo<\/li>\n<li>Resistente \u00e0 \u00e1gua (IPX6)<\/li>\n<li>Livre de ftalatos<\/li>\n<\/ul>\n<p>\u00a0<\/p>\n<p><strong><u>MATERIAIS E CUIDADOS<\/u><\/strong><\/p>\n<p>O silicone MIA apresenta 100% silicone. Sem falato, incrivelmente flex\u00edvel. \u00c0 prova d\u2019\u00e1gua (IPX6) e combinados com um pr\u00e1tico controlador ergon\u00f4mico feito do mesmo material, os brinquedos MIA s\u00e3o f\u00e1ceis de limpar e permanecem higi\u00eanicos por muito tempo. O material flex\u00edvel \u00e9 maravilhosamente escorregadio e aquece rapidamente \u00e0 temperatura corporal. Seu vibrador pode ser limpo de forma r\u00e1pida e f\u00e1cil com um pouco de sab\u00e3o e \u00e1gua morna. Por fim, garanta uma higiene completa com alguns sprays de limpador desinfetante para brinquedos. Aproveite o seu brinquedo tanto quanto n\u00f3s gostamos de faz\u00ea-lo para voc\u00ea.<\/p>\n<p>\u00a0<\/p>\n<p><u><strong>A MARCA MIA<\/strong><\/u><\/p>\n<p><strong>MIA<\/strong>  muito mais que uma marca europeia! Tudo come\u00e7ou com a estimula\u00e7\u00e3o atrav\u00e9s de motores inovadores e materiais \u00fanicos. A marca l\u00edder mundial em bem-estar sexual enriquece agora a vida amorosa de mais de 200.000 mulheres, homens e casais em mais de 100 pa\u00edses com uma linha exclusiva de produtos de \u00faltima gera\u00e7\u00e3o. n. Com caracter\u00edsticas de qualidade como silicone de alta qualidade, garantia de 5 anos, totalmente \u00e0 prova d\u00e1gua (IPX7) e motores potentes, a marca europeia de sucesso tem sempre o cuidado de aliar tecnologia a design excepcional em seus produtos. Um produto montado em Espanha com a mais alta qualidade europeia.<\/p>\n","protected":false},"excerpt":{"rendered":"<p>MIA &#8211; SELENA ESTIMULADOR VIBRANTE + TAPPING VERMELHO<\/p>\n","protected":false},"featured_media":72677,"template":"","meta":{"_acf_changed":false},"product_brand":[],"product_cat":[17,61],"product_tag":[],"class_list":{"0":"post-46182","1":"product","2":"type-product","3":"status-publish","4":"has-post-thumbnail","6":"product_cat-brinquedos-de-bem-estar-sexual","7":"product_cat-para-elas","8":"yith_product_brand-mia","10":"first","11":"instock","12":"taxable","13":"shipping-taxable","14":"purchasable","15":"product-type-simple"},"acf":[],"yoast_head":"<!-- This site is optimized with the Yoast SEO plugin v27.4 - https:\/\/yoast.com\/product\/yoast-seo-wordpress\/ -->\n<title>MIA - SELENA ESTIMULADOR VIBRANTE + TAPPING VERMELHO - Lovme<\/title>\n<meta name=\"robots\" content=\"index, follow, max-snippet:-1, max-image-preview:large, max-video-preview:-1\" \/>\n<link rel=\"canonical\" href=\"https:\/\/lovme.pt\/index.php\/produto\/mia-selena-estimulador-vibrante-tapping-vermelho\/\" \/>\n<meta property=\"og:locale\" content=\"pt_PT\" \/>\n<meta property=\"og:type\" content=\"article\" \/>\n<meta property=\"og:title\" content=\"MIA - SELENA ESTIMULADOR VIBRANTE + TAPPING VERMELHO - Lovme\" \/>\n<meta property=\"og:description\" content=\"MIA - SELENA ESTIMULADOR VIBRANTE + TAPPING VERMELHO\" \/>\n<meta property=\"og:url\" content=\"https:\/\/lovme.pt\/index.php\/produto\/mia-selena-estimulador-vibrante-tapping-vermelho\/\" \/>\n<meta property=\"og:site_name\" content=\"Lovme\" \/>\n<meta property=\"article:modified_time\" content=\"2026-02-19T20:08:55+00:00\" \/>\n<meta property=\"og:image\" content=\"https:\/\/erki24nd3ub.exactdn.com\/wp-content\/uploads\/dream\/img\/img_161651_d28109861c43e30787e8dab8bc60f21d_1.png?strip=all\" \/>\n\t<meta property=\"og:image:width\" content=\"800\" \/>\n\t<meta property=\"og:image:height\" content=\"800\" \/>\n\t<meta property=\"og:image:type\" content=\"image\/png\" \/>\n<meta name=\"twitter:card\" content=\"summary_large_image\" \/>\n<meta name=\"twitter:label1\" content=\"Tempo estimado de leitura\" \/>\n\t<meta name=\"twitter:data1\" content=\"3 minutos\" \/>\n<script type=\"application\/ld+json\" class=\"yoast-schema-graph\">{\"@context\":\"https:\\\/\\\/schema.org\",\"@graph\":[{\"@type\":\"WebPage\",\"@id\":\"https:\\\/\\\/lovme.pt\\\/index.php\\\/produto\\\/mia-selena-estimulador-vibrante-tapping-vermelho\\\/\",\"url\":\"https:\\\/\\\/lovme.pt\\\/index.php\\\/produto\\\/mia-selena-estimulador-vibrante-tapping-vermelho\\\/\",\"name\":\"MIA - SELENA ESTIMULADOR VIBRANTE + TAPPING VERMELHO - Lovme\",\"isPartOf\":{\"@id\":\"https:\\\/\\\/lovme.pt\\\/#website\"},\"primaryImageOfPage\":{\"@id\":\"https:\\\/\\\/lovme.pt\\\/index.php\\\/produto\\\/mia-selena-estimulador-vibrante-tapping-vermelho\\\/#primaryimage\"},\"image\":{\"@id\":\"https:\\\/\\\/lovme.pt\\\/index.php\\\/produto\\\/mia-selena-estimulador-vibrante-tapping-vermelho\\\/#primaryimage\"},\"thumbnailUrl\":\"https:\\\/\\\/erki24nd3ub.exactdn.com\\\/wp-content\\\/uploads\\\/dream\\\/img\\\/img_161651_d28109861c43e30787e8dab8bc60f21d_1.png?strip=all\",\"datePublished\":\"2025-09-30T20:47:13+00:00\",\"dateModified\":\"2026-02-19T20:08:55+00:00\",\"breadcrumb\":{\"@id\":\"https:\\\/\\\/lovme.pt\\\/index.php\\\/produto\\\/mia-selena-estimulador-vibrante-tapping-vermelho\\\/#breadcrumb\"},\"inLanguage\":\"pt-PT\",\"potentialAction\":[{\"@type\":\"ReadAction\",\"target\":[\"https:\\\/\\\/lovme.pt\\\/index.php\\\/produto\\\/mia-selena-estimulador-vibrante-tapping-vermelho\\\/\"]}]},{\"@type\":\"ImageObject\",\"inLanguage\":\"pt-PT\",\"@id\":\"https:\\\/\\\/lovme.pt\\\/index.php\\\/produto\\\/mia-selena-estimulador-vibrante-tapping-vermelho\\\/#primaryimage\",\"url\":\"https:\\\/\\\/erki24nd3ub.exactdn.com\\\/wp-content\\\/uploads\\\/dream\\\/img\\\/img_161651_d28109861c43e30787e8dab8bc60f21d_1.png?strip=all\",\"contentUrl\":\"https:\\\/\\\/erki24nd3ub.exactdn.com\\\/wp-content\\\/uploads\\\/dream\\\/img\\\/img_161651_d28109861c43e30787e8dab8bc60f21d_1.png?strip=all\",\"width\":800,\"height\":800},{\"@type\":\"BreadcrumbList\",\"@id\":\"https:\\\/\\\/lovme.pt\\\/index.php\\\/produto\\\/mia-selena-estimulador-vibrante-tapping-vermelho\\\/#breadcrumb\",\"itemListElement\":[{\"@type\":\"ListItem\",\"position\":1,\"name\":\"In\u00edcio\",\"item\":\"https:\\\/\\\/lovme.pt\\\/\"},{\"@type\":\"ListItem\",\"position\":2,\"name\":\"Loja\",\"item\":\"https:\\\/\\\/lovme.pt\\\/index.php\\\/loja\\\/\"},{\"@type\":\"ListItem\",\"position\":3,\"name\":\"MIA &#8211; SELENA ESTIMULADOR VIBRANTE + TAPPING VERMELHO\"}]},{\"@type\":\"WebSite\",\"@id\":\"https:\\\/\\\/lovme.pt\\\/#website\",\"url\":\"https:\\\/\\\/lovme.pt\\\/\",\"name\":\"Lovme Loja Er\u00f3tica N\u00ba1 em Portugal\",\"description\":\"A melhor loja er\u00f3tica de Portugal.\",\"alternateName\":\"Loja Er\u00f3tica Lovme\",\"potentialAction\":[{\"@type\":\"SearchAction\",\"target\":{\"@type\":\"EntryPoint\",\"urlTemplate\":\"https:\\\/\\\/lovme.pt\\\/?s={search_term_string}\"},\"query-input\":{\"@type\":\"PropertyValueSpecification\",\"valueRequired\":true,\"valueName\":\"search_term_string\"}}],\"inLanguage\":\"pt-PT\"}]}<\/script>\n<!-- \/ Yoast SEO plugin. -->","yoast_head_json":{"title":"MIA - SELENA ESTIMULADOR VIBRANTE + TAPPING VERMELHO - Lovme","robots":{"index":"index","follow":"follow","max-snippet":"max-snippet:-1","max-image-preview":"max-image-preview:large","max-video-preview":"max-video-preview:-1"},"canonical":"https:\/\/lovme.pt\/index.php\/produto\/mia-selena-estimulador-vibrante-tapping-vermelho\/","og_locale":"pt_PT","og_type":"article","og_title":"MIA - SELENA ESTIMULADOR VIBRANTE + TAPPING VERMELHO - Lovme","og_description":"MIA - SELENA ESTIMULADOR VIBRANTE + TAPPING VERMELHO","og_url":"https:\/\/lovme.pt\/index.php\/produto\/mia-selena-estimulador-vibrante-tapping-vermelho\/","og_site_name":"Lovme","article_modified_time":"2026-02-19T20:08:55+00:00","og_image":[{"width":800,"height":800,"url":"https:\/\/erki24nd3ub.exactdn.com\/wp-content\/uploads\/dream\/img\/img_161651_d28109861c43e30787e8dab8bc60f21d_1.png?strip=all","type":"image\/png"}],"twitter_card":"summary_large_image","twitter_misc":{"Tempo estimado de leitura":"3 minutos"},"schema":{"@context":"https:\/\/schema.org","@graph":[{"@type":"WebPage","@id":"https:\/\/lovme.pt\/index.php\/produto\/mia-selena-estimulador-vibrante-tapping-vermelho\/","url":"https:\/\/lovme.pt\/index.php\/produto\/mia-selena-estimulador-vibrante-tapping-vermelho\/","name":"MIA - SELENA ESTIMULADOR VIBRANTE + TAPPING VERMELHO - Lovme","isPartOf":{"@id":"https:\/\/lovme.pt\/#website"},"primaryImageOfPage":{"@id":"https:\/\/lovme.pt\/index.php\/produto\/mia-selena-estimulador-vibrante-tapping-vermelho\/#primaryimage"},"image":{"@id":"https:\/\/lovme.pt\/index.php\/produto\/mia-selena-estimulador-vibrante-tapping-vermelho\/#primaryimage"},"thumbnailUrl":"https:\/\/erki24nd3ub.exactdn.com\/wp-content\/uploads\/dream\/img\/img_161651_d28109861c43e30787e8dab8bc60f21d_1.png?strip=all","datePublished":"2025-09-30T20:47:13+00:00","dateModified":"2026-02-19T20:08:55+00:00","breadcrumb":{"@id":"https:\/\/lovme.pt\/index.php\/produto\/mia-selena-estimulador-vibrante-tapping-vermelho\/#breadcrumb"},"inLanguage":"pt-PT","potentialAction":[{"@type":"ReadAction","target":["https:\/\/lovme.pt\/index.php\/produto\/mia-selena-estimulador-vibrante-tapping-vermelho\/"]}]},{"@type":"ImageObject","inLanguage":"pt-PT","@id":"https:\/\/lovme.pt\/index.php\/produto\/mia-selena-estimulador-vibrante-tapping-vermelho\/#primaryimage","url":"https:\/\/erki24nd3ub.exactdn.com\/wp-content\/uploads\/dream\/img\/img_161651_d28109861c43e30787e8dab8bc60f21d_1.png?strip=all","contentUrl":"https:\/\/erki24nd3ub.exactdn.com\/wp-content\/uploads\/dream\/img\/img_161651_d28109861c43e30787e8dab8bc60f21d_1.png?strip=all","width":800,"height":800},{"@type":"BreadcrumbList","@id":"https:\/\/lovme.pt\/index.php\/produto\/mia-selena-estimulador-vibrante-tapping-vermelho\/#breadcrumb","itemListElement":[{"@type":"ListItem","position":1,"name":"In\u00edcio","item":"https:\/\/lovme.pt\/"},{"@type":"ListItem","position":2,"name":"Loja","item":"https:\/\/lovme.pt\/index.php\/loja\/"},{"@type":"ListItem","position":3,"name":"MIA &#8211; SELENA ESTIMULADOR VIBRANTE + TAPPING VERMELHO"}]},{"@type":"WebSite","@id":"https:\/\/lovme.pt\/#website","url":"https:\/\/lovme.pt\/","name":"Lovme Loja Er\u00f3tica N\u00ba1 em Portugal","description":"A melhor loja er\u00f3tica de Portugal.","alternateName":"Loja Er\u00f3tica Lovme","potentialAction":[{"@type":"SearchAction","target":{"@type":"EntryPoint","urlTemplate":"https:\/\/lovme.pt\/?s={search_term_string}"},"query-input":{"@type":"PropertyValueSpecification","valueRequired":true,"valueName":"search_term_string"}}],"inLanguage":"pt-PT"}]}},"_links":{"self":[{"href":"https:\/\/lovme.pt\/index.php\/wp-json\/wp\/v2\/product\/46182","targetHints":{"allow":["GET"]}}],"collection":[{"href":"https:\/\/lovme.pt\/index.php\/wp-json\/wp\/v2\/product"}],"about":[{"href":"https:\/\/lovme.pt\/index.php\/wp-json\/wp\/v2\/types\/product"}],"wp:featuredmedia":[{"embeddable":true,"href":"https:\/\/lovme.pt\/index.php\/wp-json\/wp\/v2\/media\/72677"}],"wp:attachment":[{"href":"https:\/\/lovme.pt\/index.php\/wp-json\/wp\/v2\/media?parent=46182"}],"wp:term":[{"taxonomy":"product_brand","embeddable":true,"href":"https:\/\/lovme.pt\/index.php\/wp-json\/wp\/v2\/product_brand?post=46182"},{"taxonomy":"product_cat","embeddable":true,"href":"https:\/\/lovme.pt\/index.php\/wp-json\/wp\/v2\/product_cat?post=46182"},{"taxonomy":"product_tag","embeddable":true,"href":"https:\/\/lovme.pt\/index.php\/wp-json\/wp\/v2\/product_tag?post=46182"}],"curies":[{"name":"wp","href":"https:\/\/api.w.org\/{rel}","templated":true}]}}