{"id":46179,"date":"2025-09-30T09:47:45","date_gmt":"2025-09-30T09:47:45","guid":{"rendered":"https:\/\/lovme.pt\/?post_type=product&p=46179"},"modified":"2026-02-19T20:05:19","modified_gmt":"2026-02-19T20:05:19","slug":"jogos-kheper-jogo-de-dados-de-sexo","status":"publish","type":"product","link":"https:\/\/lovme.pt\/index.php\/produto\/jogos-kheper-jogo-de-dados-de-sexo\/","title":{"rendered":"JOGOS KHEPER &#8211; JOGO DE DADOS DE SEXO"},"content":{"rendered":"<p>Dados de sexo para um casal sexy! Tr\u00eas dados de cores met\u00e1licas vibrantes para preliminares e brincadeiras sexuais. Revezem-se jogando os dados. Represente cada a\u00e7\u00e3o anterior nos dois primeiros dados. Se um curinga for lan\u00e7ado, ele decide qual a\u00e7\u00e3o anterior depende de qual curinga foi lan\u00e7ado. Se surgirem os dois curingas, voc\u00ea ganha! Ao vencer, voc\u00ea tamb\u00e9m poder\u00e1 representar o terceiro dado &#8220;SEXO&#8221; ap\u00f3s os dados do jogo anterior. O rolo interpreta como cada ilustra\u00e7\u00e3o do dado \u00e9 representada.<\/p>\n","protected":false},"excerpt":{"rendered":"<p>EMBALAGEM DISPON\u00cdVEL EM: \/en\/es\/de\/fr\/<\/p>\n","protected":false},"featured_media":57164,"template":"","meta":{"_acf_changed":false},"product_brand":[],"product_cat":[69],"product_tag":[],"class_list":{"0":"post-46179","1":"product","2":"type-product","3":"status-publish","4":"has-post-thumbnail","6":"product_cat-jogos-eroticos","7":"yith_product_brand-kheper-games","9":"first","10":"instock","11":"taxable","12":"shipping-taxable","13":"purchasable","14":"product-type-simple"},"acf":[],"yoast_head":"<!-- This site is optimized with the Yoast SEO plugin v27.4 - https:\/\/yoast.com\/product\/yoast-seo-wordpress\/ -->\n<title>JOGOS KHEPER - JOGO DE DADOS DE SEXO - Lovme<\/title>\n<meta name=\"robots\" content=\"index, follow, max-snippet:-1, max-image-preview:large, max-video-preview:-1\" \/>\n<link rel=\"canonical\" href=\"https:\/\/lovme.pt\/index.php\/produto\/jogos-kheper-jogo-de-dados-de-sexo\/\" \/>\n<meta property=\"og:locale\" content=\"pt_PT\" \/>\n<meta property=\"og:type\" content=\"article\" \/>\n<meta property=\"og:title\" content=\"JOGOS KHEPER - JOGO DE DADOS DE SEXO - Lovme\" \/>\n<meta property=\"og:description\" content=\"EMBALAGEM DISPON\u00cdVEL EM: \/en\/es\/de\/fr\/\" \/>\n<meta property=\"og:url\" content=\"https:\/\/lovme.pt\/index.php\/produto\/jogos-kheper-jogo-de-dados-de-sexo\/\" \/>\n<meta property=\"og:site_name\" content=\"Lovme\" \/>\n<meta property=\"article:modified_time\" content=\"2026-02-19T20:05:19+00:00\" \/>\n<meta property=\"og:image\" content=\"https:\/\/erki24nd3ub.exactdn.com\/wp-content\/uploads\/dream\/img\/img_161643_2d5956674689c709ee2daea7c36a05e2_1.jpg?strip=all\" \/>\n\t<meta property=\"og:image:width\" content=\"800\" \/>\n\t<meta property=\"og:image:height\" content=\"800\" \/>\n\t<meta property=\"og:image:type\" content=\"image\/jpeg\" \/>\n<meta name=\"twitter:card\" content=\"summary_large_image\" \/>\n<script type=\"application\/ld+json\" class=\"yoast-schema-graph\">{\"@context\":\"https:\\\/\\\/schema.org\",\"@graph\":[{\"@type\":\"WebPage\",\"@id\":\"https:\\\/\\\/lovme.pt\\\/index.php\\\/produto\\\/jogos-kheper-jogo-de-dados-de-sexo\\\/\",\"url\":\"https:\\\/\\\/lovme.pt\\\/index.php\\\/produto\\\/jogos-kheper-jogo-de-dados-de-sexo\\\/\",\"name\":\"JOGOS KHEPER - JOGO DE DADOS DE SEXO - Lovme\",\"isPartOf\":{\"@id\":\"https:\\\/\\\/lovme.pt\\\/#website\"},\"primaryImageOfPage\":{\"@id\":\"https:\\\/\\\/lovme.pt\\\/index.php\\\/produto\\\/jogos-kheper-jogo-de-dados-de-sexo\\\/#primaryimage\"},\"image\":{\"@id\":\"https:\\\/\\\/lovme.pt\\\/index.php\\\/produto\\\/jogos-kheper-jogo-de-dados-de-sexo\\\/#primaryimage\"},\"thumbnailUrl\":\"https:\\\/\\\/erki24nd3ub.exactdn.com\\\/wp-content\\\/uploads\\\/dream\\\/img\\\/img_161643_2d5956674689c709ee2daea7c36a05e2_1.jpg?strip=all\",\"datePublished\":\"2025-09-30T09:47:45+00:00\",\"dateModified\":\"2026-02-19T20:05:19+00:00\",\"breadcrumb\":{\"@id\":\"https:\\\/\\\/lovme.pt\\\/index.php\\\/produto\\\/jogos-kheper-jogo-de-dados-de-sexo\\\/#breadcrumb\"},\"inLanguage\":\"pt-PT\",\"potentialAction\":[{\"@type\":\"ReadAction\",\"target\":[\"https:\\\/\\\/lovme.pt\\\/index.php\\\/produto\\\/jogos-kheper-jogo-de-dados-de-sexo\\\/\"]}]},{\"@type\":\"ImageObject\",\"inLanguage\":\"pt-PT\",\"@id\":\"https:\\\/\\\/lovme.pt\\\/index.php\\\/produto\\\/jogos-kheper-jogo-de-dados-de-sexo\\\/#primaryimage\",\"url\":\"https:\\\/\\\/erki24nd3ub.exactdn.com\\\/wp-content\\\/uploads\\\/dream\\\/img\\\/img_161643_2d5956674689c709ee2daea7c36a05e2_1.jpg?strip=all\",\"contentUrl\":\"https:\\\/\\\/erki24nd3ub.exactdn.com\\\/wp-content\\\/uploads\\\/dream\\\/img\\\/img_161643_2d5956674689c709ee2daea7c36a05e2_1.jpg?strip=all\",\"width\":800,\"height\":800},{\"@type\":\"BreadcrumbList\",\"@id\":\"https:\\\/\\\/lovme.pt\\\/index.php\\\/produto\\\/jogos-kheper-jogo-de-dados-de-sexo\\\/#breadcrumb\",\"itemListElement\":[{\"@type\":\"ListItem\",\"position\":1,\"name\":\"In\u00edcio\",\"item\":\"https:\\\/\\\/lovme.pt\\\/\"},{\"@type\":\"ListItem\",\"position\":2,\"name\":\"Loja\",\"item\":\"https:\\\/\\\/lovme.pt\\\/index.php\\\/loja\\\/\"},{\"@type\":\"ListItem\",\"position\":3,\"name\":\"JOGOS KHEPER &#8211; JOGO DE DADOS DE SEXO\"}]},{\"@type\":\"WebSite\",\"@id\":\"https:\\\/\\\/lovme.pt\\\/#website\",\"url\":\"https:\\\/\\\/lovme.pt\\\/\",\"name\":\"Lovme Loja Er\u00f3tica N\u00ba1 em Portugal\",\"description\":\"A melhor loja er\u00f3tica de Portugal.\",\"alternateName\":\"Loja Er\u00f3tica Lovme\",\"potentialAction\":[{\"@type\":\"SearchAction\",\"target\":{\"@type\":\"EntryPoint\",\"urlTemplate\":\"https:\\\/\\\/lovme.pt\\\/?s={search_term_string}\"},\"query-input\":{\"@type\":\"PropertyValueSpecification\",\"valueRequired\":true,\"valueName\":\"search_term_string\"}}],\"inLanguage\":\"pt-PT\"}]}<\/script>\n<!-- \/ Yoast SEO plugin. -->","yoast_head_json":{"title":"JOGOS KHEPER - JOGO DE DADOS DE SEXO - Lovme","robots":{"index":"index","follow":"follow","max-snippet":"max-snippet:-1","max-image-preview":"max-image-preview:large","max-video-preview":"max-video-preview:-1"},"canonical":"https:\/\/lovme.pt\/index.php\/produto\/jogos-kheper-jogo-de-dados-de-sexo\/","og_locale":"pt_PT","og_type":"article","og_title":"JOGOS KHEPER - JOGO DE DADOS DE SEXO - Lovme","og_description":"EMBALAGEM DISPON\u00cdVEL EM: \/en\/es\/de\/fr\/","og_url":"https:\/\/lovme.pt\/index.php\/produto\/jogos-kheper-jogo-de-dados-de-sexo\/","og_site_name":"Lovme","article_modified_time":"2026-02-19T20:05:19+00:00","og_image":[{"width":800,"height":800,"url":"https:\/\/erki24nd3ub.exactdn.com\/wp-content\/uploads\/dream\/img\/img_161643_2d5956674689c709ee2daea7c36a05e2_1.jpg?strip=all","type":"image\/jpeg"}],"twitter_card":"summary_large_image","schema":{"@context":"https:\/\/schema.org","@graph":[{"@type":"WebPage","@id":"https:\/\/lovme.pt\/index.php\/produto\/jogos-kheper-jogo-de-dados-de-sexo\/","url":"https:\/\/lovme.pt\/index.php\/produto\/jogos-kheper-jogo-de-dados-de-sexo\/","name":"JOGOS KHEPER - JOGO DE DADOS DE SEXO - Lovme","isPartOf":{"@id":"https:\/\/lovme.pt\/#website"},"primaryImageOfPage":{"@id":"https:\/\/lovme.pt\/index.php\/produto\/jogos-kheper-jogo-de-dados-de-sexo\/#primaryimage"},"image":{"@id":"https:\/\/lovme.pt\/index.php\/produto\/jogos-kheper-jogo-de-dados-de-sexo\/#primaryimage"},"thumbnailUrl":"https:\/\/erki24nd3ub.exactdn.com\/wp-content\/uploads\/dream\/img\/img_161643_2d5956674689c709ee2daea7c36a05e2_1.jpg?strip=all","datePublished":"2025-09-30T09:47:45+00:00","dateModified":"2026-02-19T20:05:19+00:00","breadcrumb":{"@id":"https:\/\/lovme.pt\/index.php\/produto\/jogos-kheper-jogo-de-dados-de-sexo\/#breadcrumb"},"inLanguage":"pt-PT","potentialAction":[{"@type":"ReadAction","target":["https:\/\/lovme.pt\/index.php\/produto\/jogos-kheper-jogo-de-dados-de-sexo\/"]}]},{"@type":"ImageObject","inLanguage":"pt-PT","@id":"https:\/\/lovme.pt\/index.php\/produto\/jogos-kheper-jogo-de-dados-de-sexo\/#primaryimage","url":"https:\/\/erki24nd3ub.exactdn.com\/wp-content\/uploads\/dream\/img\/img_161643_2d5956674689c709ee2daea7c36a05e2_1.jpg?strip=all","contentUrl":"https:\/\/erki24nd3ub.exactdn.com\/wp-content\/uploads\/dream\/img\/img_161643_2d5956674689c709ee2daea7c36a05e2_1.jpg?strip=all","width":800,"height":800},{"@type":"BreadcrumbList","@id":"https:\/\/lovme.pt\/index.php\/produto\/jogos-kheper-jogo-de-dados-de-sexo\/#breadcrumb","itemListElement":[{"@type":"ListItem","position":1,"name":"In\u00edcio","item":"https:\/\/lovme.pt\/"},{"@type":"ListItem","position":2,"name":"Loja","item":"https:\/\/lovme.pt\/index.php\/loja\/"},{"@type":"ListItem","position":3,"name":"JOGOS KHEPER &#8211; JOGO DE DADOS DE SEXO"}]},{"@type":"WebSite","@id":"https:\/\/lovme.pt\/#website","url":"https:\/\/lovme.pt\/","name":"Lovme Loja Er\u00f3tica N\u00ba1 em Portugal","description":"A melhor loja er\u00f3tica de Portugal.","alternateName":"Loja Er\u00f3tica Lovme","potentialAction":[{"@type":"SearchAction","target":{"@type":"EntryPoint","urlTemplate":"https:\/\/lovme.pt\/?s={search_term_string}"},"query-input":{"@type":"PropertyValueSpecification","valueRequired":true,"valueName":"search_term_string"}}],"inLanguage":"pt-PT"}]}},"_links":{"self":[{"href":"https:\/\/lovme.pt\/index.php\/wp-json\/wp\/v2\/product\/46179","targetHints":{"allow":["GET"]}}],"collection":[{"href":"https:\/\/lovme.pt\/index.php\/wp-json\/wp\/v2\/product"}],"about":[{"href":"https:\/\/lovme.pt\/index.php\/wp-json\/wp\/v2\/types\/product"}],"wp:featuredmedia":[{"embeddable":true,"href":"https:\/\/lovme.pt\/index.php\/wp-json\/wp\/v2\/media\/57164"}],"wp:attachment":[{"href":"https:\/\/lovme.pt\/index.php\/wp-json\/wp\/v2\/media?parent=46179"}],"wp:term":[{"taxonomy":"product_brand","embeddable":true,"href":"https:\/\/lovme.pt\/index.php\/wp-json\/wp\/v2\/product_brand?post=46179"},{"taxonomy":"product_cat","embeddable":true,"href":"https:\/\/lovme.pt\/index.php\/wp-json\/wp\/v2\/product_cat?post=46179"},{"taxonomy":"product_tag","embeddable":true,"href":"https:\/\/lovme.pt\/index.php\/wp-json\/wp\/v2\/product_tag?post=46179"}],"curies":[{"name":"wp","href":"https:\/\/api.w.org\/{rel}","templated":true}]}}